{"id":4537,"date":"2024-11-18T12:39:44","date_gmt":"2024-11-18T12:39:44","guid":{"rendered":"https:\/\/usa-b2.com\/pasaporte-viajar-estados-unidos\/"},"modified":"2025-10-28T16:40:47","modified_gmt":"2025-10-28T16:40:47","slug":"pasaporte-viajar-estados-unidos","status":"publish","type":"page","link":"https:\/\/usa-b2.com\/es\/pasaporte-viajar-estados-unidos\/","title":{"rendered":"\u00bfQu\u00e9 pasaporte debo utilizar para viajar a Estados Unidos?"},"content":{"rendered":"\n<h1 class=\"wp-block-heading\">\u00bfQu\u00e9 tipos de pasaporte est\u00e1n autorizados a entrar en EE.UU.?<\/h1>\n\n<p>Para viajar a Estados Unidos, se aplican ciertos requisitos espec\u00edficos al tipo de pasaporte. Los siguientes criterios se aplican a los viajeros extranjeros que desean entrar en EEUU:<\/p>\n\n<ul class=\"wp-block-list\">\n<li>El pasaporte del viajero debe ser biom\u00e9trico o electr\u00f3nico.<\/li>\n\n\n\n<li>El pasaporte debe tener una validez m\u00ednima de 6 meses despu\u00e9s de la fecha prevista de salida de Estados Unidos.<\/li>\n<\/ul>\n\n<div style=\"height:10px\" aria-hidden=\"true\" class=\"wp-block-spacer\"><\/div>\n\n<p><strong>Tenlo en cuenta:<\/strong> La validez del pasaporte tambi\u00e9n influye en la validez de la autorizaci\u00f3n de viaje asociada. Si tu pasaporte caduca, el visado obtenido con \u00e9l pierde autom\u00e1ticamente su validez. Tendr\u00e1s que renovar el visado en una <a href=\"https:\/\/usa-b2.com\/es\/embajada-de-los-estados-unidos\/\">embajada<\/a> estadounidense cuando se expida el nuevo pasaporte.  <\/p>\n\n<h2 class=\"wp-block-heading\">\u00bfQu\u00e9 es un pasaporte biom\u00e9trico?<\/h2>\n\n<p>El pasaporte biom\u00e9trico representa un importante paso adelante en la seguridad de los documentos de viaje para Estados Unidos. Este tipo de pasaporte est\u00e1 dotado de un chip electr\u00f3nico que almacena datos biom\u00e9tricos esenciales para el titular. Esta informaci\u00f3n incluye :<\/p>\n\n<ul class=\"wp-block-list\">\n<li>Datos personales como nombre, fecha de nacimiento y direcci\u00f3n.<\/li>\n\n\n\n<li>Datos biom\u00e9tricos como fotos faciales y huellas dactilares.<\/li>\n<\/ul>\n\n<div style=\"height:10px\" aria-hidden=\"true\" class=\"wp-block-spacer\"><\/div>\n\n<p>El objetivo principal del pasaporte biom\u00e9trico es mejorar la seguridad y limitar el riesgo de fraude o falsificaci\u00f3n. El tipo de pasaporte se comprobar\u00e1 durante el <a href=\"https:\/\/usa-b2.com\/es\/procedimiento-solicitud-visado-b2\/\">procedimiento de solicitud de visado<\/a>. <\/p>\n\n<h2 class=\"wp-block-heading\">\u00bfCu\u00e1l es la diferencia entre un pasaporte biom\u00e9trico y un pasaporte electr\u00f3nico?<\/h2>\n\n<p>Un pasaporte electr\u00f3nico es un documento de viaje que contiene un chip electr\u00f3nico para almacenar informaci\u00f3n de identificaci\u00f3n. Todos los pasaportes biom\u00e9tricos son pasaportes electr\u00f3nicos, pero algunos pa\u00edses diferencian entre ambos t\u00e9rminos. Un pasaporte biom\u00e9trico contiene datos espec\u00edficos, como huellas dactilares o esc\u00e1neres faciales, lo que no ocurre sistem\u00e1ticamente con todos los pasaportes electr\u00f3nicos.<\/p>\n\n<h2 class=\"wp-block-heading\">\u00bfC\u00f3mo se reconoce un pasaporte biom\u00e9trico o electr\u00f3nico?<\/h2>\n\n<p>Para identificar si tu pasaporte es biom\u00e9trico o electr\u00f3nico, busca el s\u00edmbolo dorado bajo la palabra \u00abPasaporte\u00bb en la cubierta. Este pictograma, que representa un c\u00edrculo entre dos l\u00edneas gruesas, es una indicaci\u00f3n clara de que el pasaporte tiene un chip electr\u00f3nico integrado. <\/p>\n","protected":false},"excerpt":{"rendered":"<p>\u00bfQu\u00e9 tipos de pasaporte est\u00e1n autorizados a entrar en EE.UU.? Para viajar a Estados Unidos, se aplican ciertos requisitos espec\u00edficos al tipo de pasaporte. Los siguientes criterios se aplican a los viajeros extranjeros que desean entrar en EEUU: Tenlo en cuenta: La validez del pasaporte tambi\u00e9n influye en la validez de la autorizaci\u00f3n de viaje [&hellip;]<\/p>\n","protected":false},"author":1,"featured_media":0,"parent":0,"menu_order":0,"comment_status":"closed","ping_status":"closed","template":"","meta":{"footnotes":""},"class_list":["post-4537","page","type-page","status-publish","hentry"],"yoast_head":"<!-- This site is optimized with the Yoast SEO plugin v27.4 - https:\/\/yoast.com\/product\/yoast-seo-wordpress\/ -->\n<title>\u00bfQu\u00e9 pasaporte debo utilizar para viajar a Estados Unidos? - USA B2<\/title>\n<meta name=\"description\" content=\"Estados Unidos impone ciertas condiciones relativas al tipo de pasaporte de los viajeros que desean entrar en Estados Unidos\" \/>\n<meta name=\"robots\" content=\"index, follow, max-snippet:-1, max-image-preview:large, max-video-preview:-1\" \/>\n<link rel=\"canonical\" href=\"https:\/\/usa-b2.com\/es\/pasaporte-viajar-estados-unidos\/\" \/>\n<meta property=\"og:locale\" content=\"es_ES\" \/>\n<meta property=\"og:type\" content=\"article\" \/>\n<meta property=\"og:title\" content=\"\u00bfQu\u00e9 pasaporte debo utilizar para viajar a Estados Unidos? - USA B2\" \/>\n<meta property=\"og:description\" content=\"Estados Unidos impone ciertas condiciones relativas al tipo de pasaporte de los viajeros que desean entrar en Estados Unidos\" \/>\n<meta property=\"og:url\" content=\"https:\/\/usa-b2.com\/es\/pasaporte-viajar-estados-unidos\/\" \/>\n<meta property=\"og:site_name\" content=\"USA B2\" \/>\n<meta property=\"article:modified_time\" content=\"2025-10-28T16:40:47+00:00\" \/>\n<meta name=\"twitter:card\" content=\"summary_large_image\" \/>\n<meta name=\"twitter:label1\" content=\"Tiempo de lectura\" \/>\n\t<meta name=\"twitter:data1\" content=\"2 minutos\" \/>\n<script type=\"application\/ld+json\" class=\"yoast-schema-graph\">{\"@context\":\"https:\\\/\\\/schema.org\",\"@graph\":[{\"@type\":\"WebPage\",\"@id\":\"https:\\\/\\\/usa-b2.com\\\/es\\\/pasaporte-viajar-estados-unidos\\\/\",\"url\":\"https:\\\/\\\/usa-b2.com\\\/es\\\/pasaporte-viajar-estados-unidos\\\/\",\"name\":\"\u00bfQu\u00e9 pasaporte debo utilizar para viajar a Estados Unidos? - USA B2\",\"isPartOf\":{\"@id\":\"https:\\\/\\\/usa-b2.com\\\/es\\\/#website\"},\"datePublished\":\"2024-11-18T12:39:44+00:00\",\"dateModified\":\"2025-10-28T16:40:47+00:00\",\"description\":\"Estados Unidos impone ciertas condiciones relativas al tipo de pasaporte de los viajeros que desean entrar en Estados Unidos\",\"breadcrumb\":{\"@id\":\"https:\\\/\\\/usa-b2.com\\\/es\\\/pasaporte-viajar-estados-unidos\\\/#breadcrumb\"},\"inLanguage\":\"es\",\"potentialAction\":[{\"@type\":\"ReadAction\",\"target\":[\"https:\\\/\\\/usa-b2.com\\\/es\\\/pasaporte-viajar-estados-unidos\\\/\"]}]},{\"@type\":\"BreadcrumbList\",\"@id\":\"https:\\\/\\\/usa-b2.com\\\/es\\\/pasaporte-viajar-estados-unidos\\\/#breadcrumb\",\"itemListElement\":[{\"@type\":\"ListItem\",\"position\":1,\"name\":\"Accueil\",\"item\":\"https:\\\/\\\/usa-b2.com\\\/es\\\/ee-uu\\\/\"},{\"@type\":\"ListItem\",\"position\":2,\"name\":\"\u00bfQu\u00e9 pasaporte debo utilizar para viajar a Estados Unidos?\"}]},{\"@type\":\"WebSite\",\"@id\":\"https:\\\/\\\/usa-b2.com\\\/es\\\/#website\",\"url\":\"https:\\\/\\\/usa-b2.com\\\/es\\\/\",\"name\":\"USA B2 VISA\",\"description\":\"\",\"potentialAction\":[{\"@type\":\"SearchAction\",\"target\":{\"@type\":\"EntryPoint\",\"urlTemplate\":\"https:\\\/\\\/usa-b2.com\\\/es\\\/?s={search_term_string}\"},\"query-input\":{\"@type\":\"PropertyValueSpecification\",\"valueRequired\":true,\"valueName\":\"search_term_string\"}}],\"inLanguage\":\"es\"}]}<\/script>\n<!-- \/ Yoast SEO plugin. -->","yoast_head_json":{"title":"\u00bfQu\u00e9 pasaporte debo utilizar para viajar a Estados Unidos? - USA B2","description":"Estados Unidos impone ciertas condiciones relativas al tipo de pasaporte de los viajeros que desean entrar en Estados Unidos","robots":{"index":"index","follow":"follow","max-snippet":"max-snippet:-1","max-image-preview":"max-image-preview:large","max-video-preview":"max-video-preview:-1"},"canonical":"https:\/\/usa-b2.com\/es\/pasaporte-viajar-estados-unidos\/","og_locale":"es_ES","og_type":"article","og_title":"\u00bfQu\u00e9 pasaporte debo utilizar para viajar a Estados Unidos? - USA B2","og_description":"Estados Unidos impone ciertas condiciones relativas al tipo de pasaporte de los viajeros que desean entrar en Estados Unidos","og_url":"https:\/\/usa-b2.com\/es\/pasaporte-viajar-estados-unidos\/","og_site_name":"USA B2","article_modified_time":"2025-10-28T16:40:47+00:00","twitter_card":"summary_large_image","twitter_misc":{"Tiempo de lectura":"2 minutos"},"schema":{"@context":"https:\/\/schema.org","@graph":[{"@type":"WebPage","@id":"https:\/\/usa-b2.com\/es\/pasaporte-viajar-estados-unidos\/","url":"https:\/\/usa-b2.com\/es\/pasaporte-viajar-estados-unidos\/","name":"\u00bfQu\u00e9 pasaporte debo utilizar para viajar a Estados Unidos? - USA B2","isPartOf":{"@id":"https:\/\/usa-b2.com\/es\/#website"},"datePublished":"2024-11-18T12:39:44+00:00","dateModified":"2025-10-28T16:40:47+00:00","description":"Estados Unidos impone ciertas condiciones relativas al tipo de pasaporte de los viajeros que desean entrar en Estados Unidos","breadcrumb":{"@id":"https:\/\/usa-b2.com\/es\/pasaporte-viajar-estados-unidos\/#breadcrumb"},"inLanguage":"es","potentialAction":[{"@type":"ReadAction","target":["https:\/\/usa-b2.com\/es\/pasaporte-viajar-estados-unidos\/"]}]},{"@type":"BreadcrumbList","@id":"https:\/\/usa-b2.com\/es\/pasaporte-viajar-estados-unidos\/#breadcrumb","itemListElement":[{"@type":"ListItem","position":1,"name":"Accueil","item":"https:\/\/usa-b2.com\/es\/ee-uu\/"},{"@type":"ListItem","position":2,"name":"\u00bfQu\u00e9 pasaporte debo utilizar para viajar a Estados Unidos?"}]},{"@type":"WebSite","@id":"https:\/\/usa-b2.com\/es\/#website","url":"https:\/\/usa-b2.com\/es\/","name":"USA B2 VISA","description":"","potentialAction":[{"@type":"SearchAction","target":{"@type":"EntryPoint","urlTemplate":"https:\/\/usa-b2.com\/es\/?s={search_term_string}"},"query-input":{"@type":"PropertyValueSpecification","valueRequired":true,"valueName":"search_term_string"}}],"inLanguage":"es"}]}},"_links":{"self":[{"href":"https:\/\/usa-b2.com\/es\/wp-json\/wp\/v2\/pages\/4537","targetHints":{"allow":["GET"]}}],"collection":[{"href":"https:\/\/usa-b2.com\/es\/wp-json\/wp\/v2\/pages"}],"about":[{"href":"https:\/\/usa-b2.com\/es\/wp-json\/wp\/v2\/types\/page"}],"author":[{"embeddable":true,"href":"https:\/\/usa-b2.com\/es\/wp-json\/wp\/v2\/users\/1"}],"replies":[{"embeddable":true,"href":"https:\/\/usa-b2.com\/es\/wp-json\/wp\/v2\/comments?post=4537"}],"version-history":[{"count":2,"href":"https:\/\/usa-b2.com\/es\/wp-json\/wp\/v2\/pages\/4537\/revisions"}],"predecessor-version":[{"id":10685,"href":"https:\/\/usa-b2.com\/es\/wp-json\/wp\/v2\/pages\/4537\/revisions\/10685"}],"wp:attachment":[{"href":"https:\/\/usa-b2.com\/es\/wp-json\/wp\/v2\/media?parent=4537"}],"curies":[{"name":"wp","href":"https:\/\/api.w.org\/{rel}","templated":true}]}}