{"id":424,"date":"2024-02-10T17:15:31","date_gmt":"2024-02-10T17:15:31","guid":{"rendered":"https:\/\/usa-b2.com\/cita-visa-embajada-ee-uu\/"},"modified":"2026-04-17T15:04:32","modified_gmt":"2026-04-17T15:04:32","slug":"cita-visa-embajada-ee-uu","status":"publish","type":"page","link":"https:\/\/usa-b2.com\/es\/cita-visa-embajada-ee-uu\/","title":{"rendered":"Entrevista para el visado en la Embajada de EE.UU."},"content":{"rendered":"\n<h1 class=\"wp-block-heading\">Entrevista en la embajada de EE.UU.<\/h1>\n\n<p>Al <a href=\"https:\/\/usa-b2.com\/es\/formulario-visado-b2-en-linea\/\">solicitar un visado B2<\/a>, el solicitante debe asistir a una entrevista con un funcionario consular estadounidense. El objetivo de esta entrevista es validar la solicitud de visado. Esta entrevista tiene lugar en la embajada o consulado de EE.UU. en el pa\u00eds de origen del solicitante del <a href=\"https:\/\/usa-b2.com\/es\/visado-b2\/\">visado B2<\/a>.  <\/p>\n\n<p><strong>Para una estancia tur\u00edstica inferior a 90 d\u00edas <\/strong>: no necesita pedir cita en la embajada para solicitar un visado B2. Puedes <a href=\"https:\/\/usa-b2.com\/es\/formulario-esta-en-linea\/\">solicitar el ESTA<\/a> r\u00e1pida y f\u00e1cilmente por Internet.<\/p>\n\n<div style=\"height:10px\" aria-hidden=\"true\" class=\"wp-block-spacer\"><\/div>\n\n<h2 class=\"wp-block-heading\" id=\"h-comment-obtenir-un-rendez-vous-a-l-ambassade-des-etats-unis\">\u00bfC\u00f3mo puedo concertar una cita en la embajada de EE.UU.?<\/h2>\n\n<p>Para concertar una cita para el examen de la solicitud de visado, el solicitante debe conectarse al sitio web del <a href=\"https:\/\/www.uscis.gov\/\">USCIS<\/a>. Eligen la fecha y hora de la cita por internet, y la mayor\u00eda de las entrevistas tienen lugar de lunes a viernes de 8.30 a 9.30 horas. <\/p>\n\n<h2 class=\"wp-block-heading\">\u00bfC\u00f3mo me preparo para la entrevista del visado?<\/h2>\n\n<p>Una vez fijada la fecha de la cita por el Centro Nacional de Visados de EE.UU., el solicitante debe prepararse para la entrevista. He aqu\u00ed los pasos esenciales para preparar una entrevista con \u00e9xito y obtener su visado B2: <\/p>\n\n<h3 class=\"wp-block-heading\">Someterse a un reconocimiento m\u00e9dico<\/h3>\n\n<p>Todos los solicitantes de visado deben someterse a un reconocimiento m\u00e9dico realizado por un m\u00e9dico autorizado por una <a href=\"https:\/\/usa-b2.com\/es\/embajada-de-los-estados-unidos\/\">embajada de EE.UU.<\/a> en el pa\u00eds de origen del solicitante. La lista de instrucciones espec\u00edficas de cada pa\u00eds est\u00e1 disponible en la embajada estadounidense. No se aceptar\u00e1 para una solicitud de visado un reconocimiento m\u00e9dico realizado por un m\u00e9dico no acreditado.  <\/p>\n\n<p>Los resultados del reconocimiento m\u00e9dico se env\u00edan directamente a la embajada. En algunos pa\u00edses, los resultados se entregan al candidato en un sobre cerrado que debe entregar sin abrir el d\u00eda de la entrevista. <\/p>\n\n<h3 class=\"wp-block-heading\">Reunir los documentos justificativos que se presentar\u00e1n en la entrevista<\/h3>\n\n<p>Cada solicitud de visado requiere documentos justificativos. Todos los documentos mencionados en la solicitud de visado deben presentarse en original o en copia compulsada. Esta es la parte m\u00e1s administrativa del <a href=\"https:\/\/usa-b2.com\/es\/procedimiento-solicitud-visado-b2\/\">procedimiento de solicitud del visado B2<\/a>.  <\/p>\n\n<p>La solicitud de visado B2 no puede finalizarse si faltan determinados documentos. El solicitante tendr\u00e1 que concertar otra cita con la embajada para presentar los documentos que faltan y obtener el visado. <\/p>\n\n<h2 class=\"wp-block-heading\" id=\"h-comment-se-passe-le-rendez-vous-a-l-ambassade-des-etats-unis\">\u00bfC\u00f3mo funciona la entrevista para el visado?<\/h2>\n\n<p>El solicitante debe llevar a la cita la confirmaci\u00f3n impresa de la solicitud de visado. Debe prever 15 minutos m\u00e1s para pasar por el control de seguridad de la embajada antes de la hora de su cita. Una vez finalizados los controles de seguridad, se registrar\u00e1n las huellas dactilares del candidato y se le permitir\u00e1 el acceso a la sala de reuniones.  <\/p>\n\n<p>La cita en la embajada dura una media de 15 minutos y se desarrolla en ingl\u00e9s. A veces, la entrevista puede realizarse en el idioma local si el funcionario consular lo domina. Estos son los principales puntos que se tratan durante la entrevista para el visado B2:  <\/p>\n\n<ul class=\"wp-block-list\">\n<li>\u00bfPor qu\u00e9 visita Estados Unidos?<\/li>\n\n\n\n<li>\u00bfCu\u00e1l es el itinerario previsto, el alojamiento y las reservas?  <\/li>\n\n\n\n<li>\u00bfC\u00f3mo se financian las vacaciones?<\/li>\n<\/ul>\n\n<p>Para concluir la entrevista, el funcionario consular indicar\u00e1 si se ha concedido el visado. El pasaporte sellado con el visado B2 se enviar\u00e1 por correo al final de la entrevista. <\/p>\n\n<h2 class=\"wp-block-heading\">\u00bfQu\u00e9 documentos debo llevar a la entrevista?<\/h2>\n\n<p>Los solicitantes deben traer todos los documentos originales o certificados necesarios para que la solicitud de visado sea tenida en cuenta. Aqu\u00ed tiene una lista de los documentos m\u00ednimos exigidos: <\/p>\n\n<ul class=\"wp-block-list\">\n<li>Carta de nombramiento<\/li>\n\n\n\n<li><a href=\"https:\/\/usa-b2.com\/es\/pasaporte-viajar-estados-unidos\/\">Pasaporte v\u00e1lido para EE.UU.<\/a> y v\u00e1lido durante al menos 6 meses despu\u00e9s de la fecha prevista de llegada a EE.UU.<\/li>\n\n\n\n<li>2 fotos de pasaporte en color que cumplan los requisitos de las fotos para visados<\/li>\n\n\n\n<li>Los documentos originales o copias compulsadas de los documentos cargados al presentar la solicitud de visado.<\/li>\n\n\n\n<li>El justificante del pago de la <a href=\"https:\/\/usa-b2.com\/es\/tasas-visado-b2\/\">tasa de visado<\/a> se conserva en el expediente del solicitante.<\/li>\n<\/ul>\n\n<div style=\"height:10px\" aria-hidden=\"true\" class=\"wp-block-spacer\"><\/div>\n\n<h2 class=\"wp-block-heading\">\u00bfQu\u00e9 ocurre si el candidato no asiste a la entrevista?<\/h2>\n\n<p>Si el solicitante no acude a la cita programada, se cerrar\u00e1 el expediente y se anular\u00e1 la solicitud de visado. Las tasas abonadas no se reembolsar\u00e1n. <\/p>\n","protected":false},"excerpt":{"rendered":"<p>Entrevista en la embajada de EE.UU. Al solicitar un visado B2, el solicitante debe asistir a una entrevista con un funcionario consular estadounidense. El objetivo de esta entrevista es validar la solicitud de visado. Esta entrevista tiene lugar en la embajada o consulado de EE.UU. en el pa\u00eds de origen del solicitante del visado B2. [&hellip;]<\/p>\n","protected":false},"author":1,"featured_media":0,"parent":0,"menu_order":0,"comment_status":"closed","ping_status":"closed","template":"","meta":{"footnotes":""},"class_list":["post-424","page","type-page","status-publish","hentry"],"yoast_head":"<!-- This site is optimized with the Yoast SEO plugin v27.4 - https:\/\/yoast.com\/product\/yoast-seo-wordpress\/ -->\n<title>Entrevista para el visado en la Embajada de EE.UU. - USA B2<\/title>\n<meta name=\"description\" content=\"El procedimiento para solicitar un visado B2 implica una entrevista entre el solicitante y un funcionario consular de EE.UU. Aqu\u00ed tienes todos los detalles.\" \/>\n<meta name=\"robots\" content=\"index, follow, max-snippet:-1, max-image-preview:large, max-video-preview:-1\" \/>\n<link rel=\"canonical\" href=\"https:\/\/usa-b2.com\/es\/cita-visa-embajada-ee-uu\/\" \/>\n<meta property=\"og:locale\" content=\"es_ES\" \/>\n<meta property=\"og:type\" content=\"article\" \/>\n<meta property=\"og:title\" content=\"Entrevista para el visado en la Embajada de EE.UU. - USA B2\" \/>\n<meta property=\"og:description\" content=\"El procedimiento para solicitar un visado B2 implica una entrevista entre el solicitante y un funcionario consular de EE.UU. Aqu\u00ed tienes todos los detalles.\" \/>\n<meta property=\"og:url\" content=\"https:\/\/usa-b2.com\/es\/cita-visa-embajada-ee-uu\/\" \/>\n<meta property=\"og:site_name\" content=\"USA B2\" \/>\n<meta property=\"article:modified_time\" content=\"2026-04-17T15:04:32+00:00\" \/>\n<meta name=\"twitter:card\" content=\"summary_large_image\" \/>\n<meta name=\"twitter:label1\" content=\"Tiempo de lectura\" \/>\n\t<meta name=\"twitter:data1\" content=\"4 minutos\" \/>\n<script type=\"application\/ld+json\" class=\"yoast-schema-graph\">{\"@context\":\"https:\\\/\\\/schema.org\",\"@graph\":[{\"@type\":\"WebPage\",\"@id\":\"https:\\\/\\\/usa-b2.com\\\/es\\\/cita-visa-embajada-ee-uu\\\/\",\"url\":\"https:\\\/\\\/usa-b2.com\\\/es\\\/cita-visa-embajada-ee-uu\\\/\",\"name\":\"Entrevista para el visado en la Embajada de EE.UU. - USA B2\",\"isPartOf\":{\"@id\":\"https:\\\/\\\/usa-b2.com\\\/es\\\/#website\"},\"datePublished\":\"2024-02-10T17:15:31+00:00\",\"dateModified\":\"2026-04-17T15:04:32+00:00\",\"description\":\"El procedimiento para solicitar un visado B2 implica una entrevista entre el solicitante y un funcionario consular de EE.UU. Aqu\u00ed tienes todos los detalles.\",\"breadcrumb\":{\"@id\":\"https:\\\/\\\/usa-b2.com\\\/es\\\/cita-visa-embajada-ee-uu\\\/#breadcrumb\"},\"inLanguage\":\"es\",\"potentialAction\":[{\"@type\":\"ReadAction\",\"target\":[\"https:\\\/\\\/usa-b2.com\\\/es\\\/cita-visa-embajada-ee-uu\\\/\"]}]},{\"@type\":\"BreadcrumbList\",\"@id\":\"https:\\\/\\\/usa-b2.com\\\/es\\\/cita-visa-embajada-ee-uu\\\/#breadcrumb\",\"itemListElement\":[{\"@type\":\"ListItem\",\"position\":1,\"name\":\"Accueil\",\"item\":\"https:\\\/\\\/usa-b2.com\\\/es\\\/ee-uu\\\/\"},{\"@type\":\"ListItem\",\"position\":2,\"name\":\"Entrevista para el visado en la Embajada de EE.UU.\"}]},{\"@type\":\"WebSite\",\"@id\":\"https:\\\/\\\/usa-b2.com\\\/es\\\/#website\",\"url\":\"https:\\\/\\\/usa-b2.com\\\/es\\\/\",\"name\":\"USA B2 VISA\",\"description\":\"\",\"potentialAction\":[{\"@type\":\"SearchAction\",\"target\":{\"@type\":\"EntryPoint\",\"urlTemplate\":\"https:\\\/\\\/usa-b2.com\\\/es\\\/?s={search_term_string}\"},\"query-input\":{\"@type\":\"PropertyValueSpecification\",\"valueRequired\":true,\"valueName\":\"search_term_string\"}}],\"inLanguage\":\"es\"}]}<\/script>\n<!-- \/ Yoast SEO plugin. -->","yoast_head_json":{"title":"Entrevista para el visado en la Embajada de EE.UU. - USA B2","description":"El procedimiento para solicitar un visado B2 implica una entrevista entre el solicitante y un funcionario consular de EE.UU. Aqu\u00ed tienes todos los detalles.","robots":{"index":"index","follow":"follow","max-snippet":"max-snippet:-1","max-image-preview":"max-image-preview:large","max-video-preview":"max-video-preview:-1"},"canonical":"https:\/\/usa-b2.com\/es\/cita-visa-embajada-ee-uu\/","og_locale":"es_ES","og_type":"article","og_title":"Entrevista para el visado en la Embajada de EE.UU. - USA B2","og_description":"El procedimiento para solicitar un visado B2 implica una entrevista entre el solicitante y un funcionario consular de EE.UU. Aqu\u00ed tienes todos los detalles.","og_url":"https:\/\/usa-b2.com\/es\/cita-visa-embajada-ee-uu\/","og_site_name":"USA B2","article_modified_time":"2026-04-17T15:04:32+00:00","twitter_card":"summary_large_image","twitter_misc":{"Tiempo de lectura":"4 minutos"},"schema":{"@context":"https:\/\/schema.org","@graph":[{"@type":"WebPage","@id":"https:\/\/usa-b2.com\/es\/cita-visa-embajada-ee-uu\/","url":"https:\/\/usa-b2.com\/es\/cita-visa-embajada-ee-uu\/","name":"Entrevista para el visado en la Embajada de EE.UU. - USA B2","isPartOf":{"@id":"https:\/\/usa-b2.com\/es\/#website"},"datePublished":"2024-02-10T17:15:31+00:00","dateModified":"2026-04-17T15:04:32+00:00","description":"El procedimiento para solicitar un visado B2 implica una entrevista entre el solicitante y un funcionario consular de EE.UU. Aqu\u00ed tienes todos los detalles.","breadcrumb":{"@id":"https:\/\/usa-b2.com\/es\/cita-visa-embajada-ee-uu\/#breadcrumb"},"inLanguage":"es","potentialAction":[{"@type":"ReadAction","target":["https:\/\/usa-b2.com\/es\/cita-visa-embajada-ee-uu\/"]}]},{"@type":"BreadcrumbList","@id":"https:\/\/usa-b2.com\/es\/cita-visa-embajada-ee-uu\/#breadcrumb","itemListElement":[{"@type":"ListItem","position":1,"name":"Accueil","item":"https:\/\/usa-b2.com\/es\/ee-uu\/"},{"@type":"ListItem","position":2,"name":"Entrevista para el visado en la Embajada de EE.UU."}]},{"@type":"WebSite","@id":"https:\/\/usa-b2.com\/es\/#website","url":"https:\/\/usa-b2.com\/es\/","name":"USA B2 VISA","description":"","potentialAction":[{"@type":"SearchAction","target":{"@type":"EntryPoint","urlTemplate":"https:\/\/usa-b2.com\/es\/?s={search_term_string}"},"query-input":{"@type":"PropertyValueSpecification","valueRequired":true,"valueName":"search_term_string"}}],"inLanguage":"es"}]}},"_links":{"self":[{"href":"https:\/\/usa-b2.com\/es\/wp-json\/wp\/v2\/pages\/424","targetHints":{"allow":["GET"]}}],"collection":[{"href":"https:\/\/usa-b2.com\/es\/wp-json\/wp\/v2\/pages"}],"about":[{"href":"https:\/\/usa-b2.com\/es\/wp-json\/wp\/v2\/types\/page"}],"author":[{"embeddable":true,"href":"https:\/\/usa-b2.com\/es\/wp-json\/wp\/v2\/users\/1"}],"replies":[{"embeddable":true,"href":"https:\/\/usa-b2.com\/es\/wp-json\/wp\/v2\/comments?post=424"}],"version-history":[{"count":5,"href":"https:\/\/usa-b2.com\/es\/wp-json\/wp\/v2\/pages\/424\/revisions"}],"predecessor-version":[{"id":11431,"href":"https:\/\/usa-b2.com\/es\/wp-json\/wp\/v2\/pages\/424\/revisions\/11431"}],"wp:attachment":[{"href":"https:\/\/usa-b2.com\/es\/wp-json\/wp\/v2\/media?parent=424"}],"curies":[{"name":"wp","href":"https:\/\/api.w.org\/{rel}","templated":true}]}}