{"id":3320,"date":"2024-07-17T10:04:38","date_gmt":"2024-07-17T10:04:38","guid":{"rendered":"https:\/\/usa-b2.com\/que-es-una-esta\/"},"modified":"2025-12-24T15:45:46","modified_gmt":"2025-12-24T15:45:46","slug":"que-es-una-esta","status":"publish","type":"page","link":"https:\/\/usa-b2.com\/es\/que-es-una-esta\/","title":{"rendered":"\u00bfQu\u00e9 es una autorizaci\u00f3n ESTA?"},"content":{"rendered":"\n<h1 class=\"wp-block-heading\">\u00bfQu\u00e9 es el ESTA?<\/h1>\n\n<p>ESTA significa Sistema Electr\u00f3nico de Autorizaci\u00f3n de Viaje. Se trata de un sistema electr\u00f3nico creado por Estados Unidos para preseleccionar a los viajeros antes de que entren en el pa\u00eds. El r\u00e9gimen se introdujo como parte del Programa de Exenci\u00f3n de Visado de Estados Unidos. Este programa permite a los ciudadanos de 41 pa\u00edses viajar a Estados Unidos para estancias de hasta 90 d\u00edas sin necesidad de visado.     <\/p>\n\n<p><strong>Para obtener una autorizaci\u00f3n de viaje en s\u00f3lo unos minutos<\/strong>, basta con rellenar el <a href=\"https:\/\/usa-b2.com\/es\/formulario-esta-en-linea\/\">formulario ESTA en l\u00ednea<\/a>.<\/p>\n\n<div style=\"height:10px\" aria-hidden=\"true\" class=\"wp-block-spacer\"><\/div>\n\n<h2 class=\"wp-block-heading\">C\u00f3mo funciona el ESTA<\/h2>\n\n<p>El ESTA est\u00e1 dise\u00f1ado para simplificar y asegurar los viajes a Estados Unidos. As\u00ed es como funciona: <\/p>\n\n<ol class=\"wp-block-list\">\n<li><strong>Presentar una solicitud en l\u00ednea<\/strong>: Los viajeros deben cumplimentar el <a href=\"https:\/\/usa-b2.com\/es\/formulario-esta-en-linea\/\">formulario ESTA en l\u00ednea<\/a> en el sitio web oficial del ESTA. En el formulario se piden datos personales, detalles del viaje y respuestas a preguntas de seguridad.<\/li>\n\n\n\n<li><strong>Pago de las tasas ESTA<\/strong>: Una vez cumplimentado el formulario, los solicitantes deben pagar una tasa de 40 USD en l\u00ednea mediante tarjeta de cr\u00e9dito para finalizar su solicitud ESTA.<\/li>\n\n\n\n<li><strong>Tramitaci\u00f3n de la solicitud<\/strong>: Las solicitudes ESTA se tramitan muy r\u00e1pidamente. La mayor\u00eda de las solicitudes se procesan en unos minutos, pero es aconsejable presentar la solicitud al menos 72 horas antes de la salida. <\/li>\n\n\n\n<li><strong>Recepci\u00f3n de la autorizaci\u00f3n ESTA<\/strong>: Si se aprueba la solicitud, la <a href=\"https:\/\/usa-b2.com\/es\/periodo-validez-esta\/\">autorizaci\u00f3n ESTA es v\u00e1lida<\/a> durante dos a\u00f1os o hasta que caduque el pasaporte. El certificado <a href=\"https:\/\/usa-b2.com\/es\/imprimir-esta\/\">ESTA puede imprimirse<\/a>, lo que permite estancias m\u00faltiples de hasta 90 d\u00edas.<\/li>\n<\/ol>\n\n<h3 class=\"wp-block-heading\">Pa\u00edses elegibles para el VWP<\/h3>\n\n<p>El ESTA est\u00e1 disponible para los ciudadanos de los pa\u00edses que participan en el <a href=\"https:\/\/usa-b2.com\/es\/programa-de-exencion-de-visado\/\">Programa de Exenci\u00f3n de Visado<\/a>. La lista de 41 pa\u00edses elegibles incluye la mayor parte de Europa, Jap\u00f3n, Corea del Sur, Australia y varios otros pa\u00edses, entre ellos Israel.  <\/p>\n\n<h3 class=\"wp-block-heading\">Requisitos ESTA<\/h3>\n\n<p>Para poder optar al ESTA, los viajeros deben<\/p>\n\n<ul class=\"wp-block-list\">\n<li>Ser ciudadano de un pa\u00eds participante en el Programa de Exenci\u00f3n de Visado;<\/li>\n\n\n\n<li>No tener un <a href=\"https:\/\/usa-b2.com\/es\/visado-b2\/\">visado de turista B2<\/a> v\u00e1lido o un <a href=\"https:\/\/usa-b2.com\/es\/visado-transito-estados-unidos\/\">visado de tr\u00e1nsito<\/a> para EE.UU;<\/li>\n\n\n\n<li>Preveas una estancia de 90 d\u00edas o menos por negocios, turismo o tr\u00e1nsito;<\/li>\n\n\n\n<li>Un <a href=\"https:\/\/usa-b2.com\/es\/pasaporte-viajar-estados-unidos\/\">pasaporte electr\u00f3nico v\u00e1lido<\/a>.<\/li>\n<\/ul>\n\n<h3 class=\"wp-block-heading\">Ventajas del ESTA<\/h3>\n\n<ul class=\"wp-block-list\">\n<li><strong>Rapidez y comodidad<\/strong>: El proceso en l\u00ednea es r\u00e1pido y sencillo, lo que permite obtener una autorizaci\u00f3n de viaje sin tener que acudir a una embajada o consulado.<\/li>\n\n\n\n<li><strong>V\u00e1lida durante 2 a\u00f1os<\/strong>: Una vez aprobada, la <a href=\"https:\/\/usa-b2.com\/es\/periodo-validez-esta\/\">autorizaci\u00f3n ESTA es v\u00e1lida durante dos a\u00f1os<\/a>, lo que permite m\u00faltiples entradas en Estados Unidos sin necesidad de presentar nuevas solicitudes para cada viaje.<\/li>\n\n\n\n<li><strong>Mayor seguridad<\/strong>: el ESTA permite a las autoridades estadounidenses controlar a los viajeros y mejorar la seguridad fronteriza.<\/li>\n<\/ul>\n\n<div style=\"height:10px\" aria-hidden=\"true\" class=\"wp-block-spacer\"><\/div>\n","protected":false},"excerpt":{"rendered":"<p>\u00bfQu\u00e9 es el ESTA? ESTA significa Sistema Electr\u00f3nico de Autorizaci\u00f3n de Viaje. Se trata de un sistema electr\u00f3nico creado por Estados Unidos para preseleccionar a los viajeros antes de que entren en el pa\u00eds. El r\u00e9gimen se introdujo como parte del Programa de Exenci\u00f3n de Visado de Estados Unidos. Este programa permite a los ciudadanos [&hellip;]<\/p>\n","protected":false},"author":1,"featured_media":0,"parent":0,"menu_order":0,"comment_status":"closed","ping_status":"closed","template":"","meta":{"footnotes":""},"class_list":["post-3320","page","type-page","status-publish","hentry"],"yoast_head":"<!-- This site is optimized with the Yoast SEO plugin v27.4 - https:\/\/yoast.com\/product\/yoast-seo-wordpress\/ -->\n<title>\u00bfQu\u00e9 es una autorizaci\u00f3n ESTA? - USA B2<\/title>\n<meta name=\"description\" content=\"Te explicamos detalladamente en qu\u00e9 consiste una autorizaci\u00f3n electr\u00f3nica de viaje ESTA para visitar Estados Unidos\" \/>\n<meta name=\"robots\" content=\"index, follow, max-snippet:-1, max-image-preview:large, max-video-preview:-1\" \/>\n<link rel=\"canonical\" href=\"https:\/\/usa-b2.com\/es\/que-es-una-esta\/\" \/>\n<meta property=\"og:locale\" content=\"es_ES\" \/>\n<meta property=\"og:type\" content=\"article\" \/>\n<meta property=\"og:title\" content=\"\u00bfQu\u00e9 es una autorizaci\u00f3n ESTA? - USA B2\" \/>\n<meta property=\"og:description\" content=\"Te explicamos detalladamente en qu\u00e9 consiste una autorizaci\u00f3n electr\u00f3nica de viaje ESTA para visitar Estados Unidos\" \/>\n<meta property=\"og:url\" content=\"https:\/\/usa-b2.com\/es\/que-es-una-esta\/\" \/>\n<meta property=\"og:site_name\" content=\"USA B2\" \/>\n<meta property=\"article:modified_time\" content=\"2025-12-24T15:45:46+00:00\" \/>\n<meta name=\"twitter:card\" content=\"summary_large_image\" \/>\n<meta name=\"twitter:label1\" content=\"Tiempo de lectura\" \/>\n\t<meta name=\"twitter:data1\" content=\"2 minutos\" \/>\n<script type=\"application\/ld+json\" class=\"yoast-schema-graph\">{\"@context\":\"https:\\\/\\\/schema.org\",\"@graph\":[{\"@type\":\"WebPage\",\"@id\":\"https:\\\/\\\/usa-b2.com\\\/es\\\/que-es-una-esta\\\/\",\"url\":\"https:\\\/\\\/usa-b2.com\\\/es\\\/que-es-una-esta\\\/\",\"name\":\"\u00bfQu\u00e9 es una autorizaci\u00f3n ESTA? - USA B2\",\"isPartOf\":{\"@id\":\"https:\\\/\\\/usa-b2.com\\\/es\\\/#website\"},\"datePublished\":\"2024-07-17T10:04:38+00:00\",\"dateModified\":\"2025-12-24T15:45:46+00:00\",\"description\":\"Te explicamos detalladamente en qu\u00e9 consiste una autorizaci\u00f3n electr\u00f3nica de viaje ESTA para visitar Estados Unidos\",\"breadcrumb\":{\"@id\":\"https:\\\/\\\/usa-b2.com\\\/es\\\/que-es-una-esta\\\/#breadcrumb\"},\"inLanguage\":\"es\",\"potentialAction\":[{\"@type\":\"ReadAction\",\"target\":[\"https:\\\/\\\/usa-b2.com\\\/es\\\/que-es-una-esta\\\/\"]}]},{\"@type\":\"BreadcrumbList\",\"@id\":\"https:\\\/\\\/usa-b2.com\\\/es\\\/que-es-una-esta\\\/#breadcrumb\",\"itemListElement\":[{\"@type\":\"ListItem\",\"position\":1,\"name\":\"Accueil\",\"item\":\"https:\\\/\\\/usa-b2.com\\\/es\\\/ee-uu\\\/\"},{\"@type\":\"ListItem\",\"position\":2,\"name\":\"\u00bfQu\u00e9 es una autorizaci\u00f3n ESTA?\"}]},{\"@type\":\"WebSite\",\"@id\":\"https:\\\/\\\/usa-b2.com\\\/es\\\/#website\",\"url\":\"https:\\\/\\\/usa-b2.com\\\/es\\\/\",\"name\":\"USA B2 VISA\",\"description\":\"\",\"potentialAction\":[{\"@type\":\"SearchAction\",\"target\":{\"@type\":\"EntryPoint\",\"urlTemplate\":\"https:\\\/\\\/usa-b2.com\\\/es\\\/?s={search_term_string}\"},\"query-input\":{\"@type\":\"PropertyValueSpecification\",\"valueRequired\":true,\"valueName\":\"search_term_string\"}}],\"inLanguage\":\"es\"}]}<\/script>\n<!-- \/ Yoast SEO plugin. -->","yoast_head_json":{"title":"\u00bfQu\u00e9 es una autorizaci\u00f3n ESTA? - USA B2","description":"Te explicamos detalladamente en qu\u00e9 consiste una autorizaci\u00f3n electr\u00f3nica de viaje ESTA para visitar Estados Unidos","robots":{"index":"index","follow":"follow","max-snippet":"max-snippet:-1","max-image-preview":"max-image-preview:large","max-video-preview":"max-video-preview:-1"},"canonical":"https:\/\/usa-b2.com\/es\/que-es-una-esta\/","og_locale":"es_ES","og_type":"article","og_title":"\u00bfQu\u00e9 es una autorizaci\u00f3n ESTA? - USA B2","og_description":"Te explicamos detalladamente en qu\u00e9 consiste una autorizaci\u00f3n electr\u00f3nica de viaje ESTA para visitar Estados Unidos","og_url":"https:\/\/usa-b2.com\/es\/que-es-una-esta\/","og_site_name":"USA B2","article_modified_time":"2025-12-24T15:45:46+00:00","twitter_card":"summary_large_image","twitter_misc":{"Tiempo de lectura":"2 minutos"},"schema":{"@context":"https:\/\/schema.org","@graph":[{"@type":"WebPage","@id":"https:\/\/usa-b2.com\/es\/que-es-una-esta\/","url":"https:\/\/usa-b2.com\/es\/que-es-una-esta\/","name":"\u00bfQu\u00e9 es una autorizaci\u00f3n ESTA? - USA B2","isPartOf":{"@id":"https:\/\/usa-b2.com\/es\/#website"},"datePublished":"2024-07-17T10:04:38+00:00","dateModified":"2025-12-24T15:45:46+00:00","description":"Te explicamos detalladamente en qu\u00e9 consiste una autorizaci\u00f3n electr\u00f3nica de viaje ESTA para visitar Estados Unidos","breadcrumb":{"@id":"https:\/\/usa-b2.com\/es\/que-es-una-esta\/#breadcrumb"},"inLanguage":"es","potentialAction":[{"@type":"ReadAction","target":["https:\/\/usa-b2.com\/es\/que-es-una-esta\/"]}]},{"@type":"BreadcrumbList","@id":"https:\/\/usa-b2.com\/es\/que-es-una-esta\/#breadcrumb","itemListElement":[{"@type":"ListItem","position":1,"name":"Accueil","item":"https:\/\/usa-b2.com\/es\/ee-uu\/"},{"@type":"ListItem","position":2,"name":"\u00bfQu\u00e9 es una autorizaci\u00f3n ESTA?"}]},{"@type":"WebSite","@id":"https:\/\/usa-b2.com\/es\/#website","url":"https:\/\/usa-b2.com\/es\/","name":"USA B2 VISA","description":"","potentialAction":[{"@type":"SearchAction","target":{"@type":"EntryPoint","urlTemplate":"https:\/\/usa-b2.com\/es\/?s={search_term_string}"},"query-input":{"@type":"PropertyValueSpecification","valueRequired":true,"valueName":"search_term_string"}}],"inLanguage":"es"}]}},"_links":{"self":[{"href":"https:\/\/usa-b2.com\/es\/wp-json\/wp\/v2\/pages\/3320","targetHints":{"allow":["GET"]}}],"collection":[{"href":"https:\/\/usa-b2.com\/es\/wp-json\/wp\/v2\/pages"}],"about":[{"href":"https:\/\/usa-b2.com\/es\/wp-json\/wp\/v2\/types\/page"}],"author":[{"embeddable":true,"href":"https:\/\/usa-b2.com\/es\/wp-json\/wp\/v2\/users\/1"}],"replies":[{"embeddable":true,"href":"https:\/\/usa-b2.com\/es\/wp-json\/wp\/v2\/comments?post=3320"}],"version-history":[{"count":4,"href":"https:\/\/usa-b2.com\/es\/wp-json\/wp\/v2\/pages\/3320\/revisions"}],"predecessor-version":[{"id":10938,"href":"https:\/\/usa-b2.com\/es\/wp-json\/wp\/v2\/pages\/3320\/revisions\/10938"}],"wp:attachment":[{"href":"https:\/\/usa-b2.com\/es\/wp-json\/wp\/v2\/media?parent=3320"}],"curies":[{"name":"wp","href":"https:\/\/api.w.org\/{rel}","templated":true}]}}