{"id":328,"date":"2024-02-10T17:03:45","date_gmt":"2024-02-10T17:03:45","guid":{"rendered":"https:\/\/usa-b2.com\/avisos-legales\/"},"modified":"2025-02-06T10:22:13","modified_gmt":"2025-02-06T10:22:13","slug":"avisos-legales","status":"publish","type":"page","link":"https:\/\/usa-b2.com\/es\/avisos-legales\/","title":{"rendered":"usa-b2.com aviso legal"},"content":{"rendered":"\n<h1 class=\"wp-block-heading\">Avisos legales del sitio web<\/h1>\n\n<h2 class=\"wp-block-heading\">Editor del sitio web<\/h2>\n\n<p>Somos un sitio de informaci\u00f3n en l\u00ednea sobre viajes tur\u00edsticos por carretera organizados en Estados Unidos. El sitio lo publica <a href=\"https:\/\/alma-consulting.org\">ALMA Consulting<\/a>, empresa registrada en Malta (UE). <\/p>\n\n<p>No estamos vinculados en modo alguno a la administraci\u00f3n estadounidense ni a ninguna otra administraci\u00f3n.  <\/p>\n\n<p>Nuestro sitio web contiene varios hiperv\u00ednculos a sitios web de terceros. No tenemos ning\u00fan enlace ni control sobre estos sitios y no somos responsables de sus pol\u00edticas de privacidad o pr\u00e1cticas comerciales.<\/p>\n\n<p>Para ponerse en contacto con nosotros, utilice nuestro <a href=\"https:\/\/usa-b2.com\/es\/contact\/\">formulario de contacto<\/a>.<\/p>\n\n<h2 class=\"wp-block-heading\">Alojamiento web<\/h2>\n\n<p>Nuestro sitio web est\u00e1 alojado en OVH, una empresa con sede en Roubaix (Francia). OVH es una sociedad inscrita en el registro mercantil de Lille M\u00e9tropole con el n\u00famero B424 761 419.<\/p>\n\n<h2 class=\"wp-block-heading\">Tratamiento de datos personales<\/h2>\n\n<p>No recogemos ning\u00fan dato personal para gestionar el sitio. El \u00fanico registro en l\u00ednea de informaci\u00f3n personal de los visitantes se refiere a unas pocas cookies de navegaci\u00f3n. Los visitantes tienen derecho a acceder, modificar, rectificar y suprimir estos datos. Para ejercer este derecho, p\u00f3ngase en contacto con nosotros a trav\u00e9s de nuestro <a href=\"https:\/\/usa-b2.com\/es\/contact\/\">formulario de contacto<\/a>.   <\/p>\n\n<p>Para m\u00e1s informaci\u00f3n, consulte nuestra <a href=\"https:\/\/usa-b2.com\/es\/politica-de-confidentialidad\/\">pol\u00edtica de privacidad<\/a>.<\/p>\n","protected":false},"excerpt":{"rendered":"<p>Avisos legales del sitio web Editor del sitio web Somos un sitio de informaci\u00f3n en l\u00ednea sobre viajes tur\u00edsticos por carretera organizados en Estados Unidos. El sitio lo publica ALMA Consulting, empresa registrada en Malta (UE). No estamos vinculados en modo alguno a la administraci\u00f3n estadounidense ni a ninguna otra administraci\u00f3n. Nuestro sitio web contiene [&hellip;]<\/p>\n","protected":false},"author":1,"featured_media":0,"parent":0,"menu_order":0,"comment_status":"closed","ping_status":"closed","template":"","meta":{"footnotes":""},"class_list":["post-328","page","type-page","status-publish","hentry"],"yoast_head":"<!-- This site is optimized with the Yoast SEO plugin v27.4 - https:\/\/yoast.com\/product\/yoast-seo-wordpress\/ -->\n<title>usa-b2.com aviso legal - USA B2<\/title>\n<meta name=\"description\" content=\"Informaci\u00f3n legal del sitio web usa-b2.com\" \/>\n<meta name=\"robots\" content=\"index, follow, max-snippet:-1, max-image-preview:large, max-video-preview:-1\" \/>\n<link rel=\"canonical\" href=\"https:\/\/usa-b2.com\/es\/avisos-legales\/\" \/>\n<meta property=\"og:locale\" content=\"es_ES\" \/>\n<meta property=\"og:type\" content=\"article\" \/>\n<meta property=\"og:title\" content=\"usa-b2.com aviso legal - USA B2\" \/>\n<meta property=\"og:description\" content=\"Informaci\u00f3n legal del sitio web usa-b2.com\" \/>\n<meta property=\"og:url\" content=\"https:\/\/usa-b2.com\/es\/avisos-legales\/\" \/>\n<meta property=\"og:site_name\" content=\"USA B2\" \/>\n<meta property=\"article:modified_time\" content=\"2025-02-06T10:22:13+00:00\" \/>\n<meta name=\"twitter:card\" content=\"summary_large_image\" \/>\n<meta name=\"twitter:label1\" content=\"Tiempo de lectura\" \/>\n\t<meta name=\"twitter:data1\" content=\"1 minuto\" \/>\n<script type=\"application\/ld+json\" class=\"yoast-schema-graph\">{\"@context\":\"https:\\\/\\\/schema.org\",\"@graph\":[{\"@type\":\"WebPage\",\"@id\":\"https:\\\/\\\/usa-b2.com\\\/es\\\/avisos-legales\\\/\",\"url\":\"https:\\\/\\\/usa-b2.com\\\/es\\\/avisos-legales\\\/\",\"name\":\"usa-b2.com aviso legal - USA B2\",\"isPartOf\":{\"@id\":\"https:\\\/\\\/usa-b2.com\\\/es\\\/#website\"},\"datePublished\":\"2024-02-10T17:03:45+00:00\",\"dateModified\":\"2025-02-06T10:22:13+00:00\",\"description\":\"Informaci\u00f3n legal del sitio web usa-b2.com\",\"breadcrumb\":{\"@id\":\"https:\\\/\\\/usa-b2.com\\\/es\\\/avisos-legales\\\/#breadcrumb\"},\"inLanguage\":\"es\",\"potentialAction\":[{\"@type\":\"ReadAction\",\"target\":[\"https:\\\/\\\/usa-b2.com\\\/es\\\/avisos-legales\\\/\"]}]},{\"@type\":\"BreadcrumbList\",\"@id\":\"https:\\\/\\\/usa-b2.com\\\/es\\\/avisos-legales\\\/#breadcrumb\",\"itemListElement\":[{\"@type\":\"ListItem\",\"position\":1,\"name\":\"Accueil\",\"item\":\"https:\\\/\\\/usa-b2.com\\\/es\\\/ee-uu\\\/\"},{\"@type\":\"ListItem\",\"position\":2,\"name\":\"usa-b2.com aviso legal\"}]},{\"@type\":\"WebSite\",\"@id\":\"https:\\\/\\\/usa-b2.com\\\/es\\\/#website\",\"url\":\"https:\\\/\\\/usa-b2.com\\\/es\\\/\",\"name\":\"USA B2 VISA\",\"description\":\"\",\"potentialAction\":[{\"@type\":\"SearchAction\",\"target\":{\"@type\":\"EntryPoint\",\"urlTemplate\":\"https:\\\/\\\/usa-b2.com\\\/es\\\/?s={search_term_string}\"},\"query-input\":{\"@type\":\"PropertyValueSpecification\",\"valueRequired\":true,\"valueName\":\"search_term_string\"}}],\"inLanguage\":\"es\"}]}<\/script>\n<!-- \/ Yoast SEO plugin. -->","yoast_head_json":{"title":"usa-b2.com aviso legal - USA B2","description":"Informaci\u00f3n legal del sitio web usa-b2.com","robots":{"index":"index","follow":"follow","max-snippet":"max-snippet:-1","max-image-preview":"max-image-preview:large","max-video-preview":"max-video-preview:-1"},"canonical":"https:\/\/usa-b2.com\/es\/avisos-legales\/","og_locale":"es_ES","og_type":"article","og_title":"usa-b2.com aviso legal - USA B2","og_description":"Informaci\u00f3n legal del sitio web usa-b2.com","og_url":"https:\/\/usa-b2.com\/es\/avisos-legales\/","og_site_name":"USA B2","article_modified_time":"2025-02-06T10:22:13+00:00","twitter_card":"summary_large_image","twitter_misc":{"Tiempo de lectura":"1 minuto"},"schema":{"@context":"https:\/\/schema.org","@graph":[{"@type":"WebPage","@id":"https:\/\/usa-b2.com\/es\/avisos-legales\/","url":"https:\/\/usa-b2.com\/es\/avisos-legales\/","name":"usa-b2.com aviso legal - USA B2","isPartOf":{"@id":"https:\/\/usa-b2.com\/es\/#website"},"datePublished":"2024-02-10T17:03:45+00:00","dateModified":"2025-02-06T10:22:13+00:00","description":"Informaci\u00f3n legal del sitio web usa-b2.com","breadcrumb":{"@id":"https:\/\/usa-b2.com\/es\/avisos-legales\/#breadcrumb"},"inLanguage":"es","potentialAction":[{"@type":"ReadAction","target":["https:\/\/usa-b2.com\/es\/avisos-legales\/"]}]},{"@type":"BreadcrumbList","@id":"https:\/\/usa-b2.com\/es\/avisos-legales\/#breadcrumb","itemListElement":[{"@type":"ListItem","position":1,"name":"Accueil","item":"https:\/\/usa-b2.com\/es\/ee-uu\/"},{"@type":"ListItem","position":2,"name":"usa-b2.com aviso legal"}]},{"@type":"WebSite","@id":"https:\/\/usa-b2.com\/es\/#website","url":"https:\/\/usa-b2.com\/es\/","name":"USA B2 VISA","description":"","potentialAction":[{"@type":"SearchAction","target":{"@type":"EntryPoint","urlTemplate":"https:\/\/usa-b2.com\/es\/?s={search_term_string}"},"query-input":{"@type":"PropertyValueSpecification","valueRequired":true,"valueName":"search_term_string"}}],"inLanguage":"es"}]}},"_links":{"self":[{"href":"https:\/\/usa-b2.com\/es\/wp-json\/wp\/v2\/pages\/328","targetHints":{"allow":["GET"]}}],"collection":[{"href":"https:\/\/usa-b2.com\/es\/wp-json\/wp\/v2\/pages"}],"about":[{"href":"https:\/\/usa-b2.com\/es\/wp-json\/wp\/v2\/types\/page"}],"author":[{"embeddable":true,"href":"https:\/\/usa-b2.com\/es\/wp-json\/wp\/v2\/users\/1"}],"replies":[{"embeddable":true,"href":"https:\/\/usa-b2.com\/es\/wp-json\/wp\/v2\/comments?post=328"}],"version-history":[{"count":0,"href":"https:\/\/usa-b2.com\/es\/wp-json\/wp\/v2\/pages\/328\/revisions"}],"wp:attachment":[{"href":"https:\/\/usa-b2.com\/es\/wp-json\/wp\/v2\/media?parent=328"}],"curies":[{"name":"wp","href":"https:\/\/api.w.org\/{rel}","templated":true}]}}