{"id":300,"date":"2024-02-05T18:28:26","date_gmt":"2024-02-05T18:28:26","guid":{"rendered":"https:\/\/usa-b2.com\/visado-b2\/"},"modified":"2025-11-04T16:14:16","modified_gmt":"2025-11-04T16:14:16","slug":"visado-b2","status":"publish","type":"page","link":"https:\/\/usa-b2.com\/es\/visado-b2\/","title":{"rendered":"El visado B2 estadounidense"},"content":{"rendered":"\n<h1 class=\"wp-block-heading\">El visado B2 americano para visitar Estados Unidos<\/h1>\n\n<p>El visado de visitante B2 es uno de los principales visados estadounidenses solicitados cada a\u00f1o por extranjeros que desean visitar Estados Unidos.<\/p>\n\n<h2 class=\"wp-block-heading\">\u00bfQu\u00e9 es el visado estadounidense B2?<\/h2>\n\n<p>El visado B2 es un visado de turista para Estados Unidos que tambi\u00e9n le permite visitar a familiares y amigos cercanos. El visado B2 tambi\u00e9n le permite permanecer en EE.UU. para recibir tratamiento m\u00e9dico o participar en actividades sociales. No le permite trabajar en Estados Unidos. Los solicitantes deben demostrar que tienen intenci\u00f3n de regresar a su pa\u00eds de origen tras su estancia temporal.   <\/p>\n\n<p><strong>Para una estancia tur\u00edstica inferior a 90 d\u00edas<\/strong>: no necesita <a href=\"https:\/\/usa-b2.com\/es\/formulario-visado-b2-en-linea\/\">solicitar un visado B2<\/a> si su pa\u00eds es miembro del <a href=\"https:\/\/usa-b2.com\/es\/programa-de-exencion-de-visado\/\">Programa de Exenci\u00f3n de Visado<\/a>. Puede solicitar un ESTA en s\u00f3lo unos minutos haciendo clic en el <a href=\"https:\/\/usa-b2.com\/es\/formulario-esta-en-linea\/\">formulario ESTA en l\u00ednea<\/a>.<\/p>\n\n<div style=\"height:10px\" aria-hidden=\"true\" class=\"wp-block-spacer\"><\/div>\n\n<p><strong>Tenlo en cuenta<\/strong>: <a href=\"https:\/\/usa-b2.com\/es\/diferencia-entre-visa-y-esta\/\">El ESTA no es un visado<\/a>. Una autorizaci\u00f3n ESTA no te da los mismos derechos que un <a href=\"https:\/\/usa-b2.com\/es\/visa-b1-b2-ee-uu\/\">visado b1\/b2<\/a>. <\/p>\n\n<h2 class=\"wp-block-heading\">\u00bfCu\u00e1les son los requisitos para obtener un visado B2?<\/h2>\n\n<p>Los principales requisitos para obtener un visado B2 para visitar Estados Unidos son :<\/p>\n\n<ol class=\"wp-block-list\">\n<li>Residencia temporal en Estados Unidos<\/li>\n\n\n\n<li>El objeto de la estancia debe ser admisible para un visado B2<\/li>\n\n\n\n<li>Disponer de los medios econ\u00f3micos necesarios para una estancia en EE.UU.<\/li>\n<\/ol>\n\n<div style=\"height:20px\" aria-hidden=\"true\" class=\"wp-block-spacer\"><\/div>\n\n<h3 class=\"wp-block-heading\">1. Residencia temporal en EE.UU.<\/h3>\n\n<p>Para obtener un visado B2, los solicitantes deben demostrar que tienen intenci\u00f3n de pasar un periodo temporal en Estados Unidos. Deben demostrar que tienen fuertes v\u00ednculos con su pa\u00eds de origen que les animen a regresar a \u00e9l al final de su estancia. <\/p>\n\n<h3 class=\"wp-block-heading\">2. \u00bfCu\u00e1les son los motivos de residencia admisibles?<\/h3>\n\n<p>He aqu\u00ed la lista de motivos por los que un candidato puede solicitar un visado B2:<\/p>\n\n<ul class=\"wp-block-list\">\n<li>Turismo en Estados Unidos<\/li>\n\n\n\n<li>Visitar a amigos y familiares<\/li>\n\n\n\n<li>Participar en actos amistosos o sociales<\/li>\n\n\n\n<li>Obtener tratamiento m\u00e9dico<\/li>\n\n\n\n<li>Participar sin remuneraci\u00f3n en acontecimientos deportivos o musicales<\/li>\n\n\n\n<li>Participar en aprendizajes sin cr\u00e9dito de formaci\u00f3n.<\/li>\n<\/ul>\n\n<div style=\"height:10px\" aria-hidden=\"true\" class=\"wp-block-spacer\"><\/div>\n\n<p>Para cualquier estancia por motivos profesionales o de negocios, los solicitantes deber\u00e1n solicitar un <a href=\"https:\/\/usa-b2.com\/es\/visado-b1-ee-uu\/\">visado de negocios B1<\/a> o cualquier otro visado de no inmigrante que corresponda al objeto de su estancia. Hay un gran n\u00famero de visados estadounidenses diferentes, dependiendo del prop\u00f3sito de su estancia. Existe incluso un <a href=\"https:\/\/usa-b2.com\/es\/visado-transito-estados-unidos\/\">visado para el tr\u00e1nsito por Estados Unidos<\/a>.<\/p>\n\n<h3 class=\"wp-block-heading\">3. Disponer de recursos econ\u00f3micos suficientes para la estancia<\/h3>\n\n<p>Al solicitar un visado B2, los solicitantes deben demostrar que disponen de recursos econ\u00f3micos suficientes para sufragar los gastos de su estancia en Estados Unidos.<\/p>\n\n<h2 class=\"wp-block-heading\">\u00bfQui\u00e9n puede solicitar un visado B2?<\/h2>\n\n<p>Aqu\u00ed tienes informaci\u00f3n m\u00e1s espec\u00edfica para los nacionales de determinados pa\u00edses que pueden optar al visado B2:<\/p>\n\n<ul class=\"wp-block-list\">\n<li><a href=\"https:\/\/usa-b2.com\/es\/visado-b2-para-franceses\/\">Visado B2 para franceses<\/a><\/li>\n\n\n\n<li><a href=\"https:\/\/usa-b2.com\/es\/visado-b2-para-italiano\/\">Visado B2 para italianos<\/a><\/li>\n\n\n\n<li><a href=\"https:\/\/usa-b2.com\/es\/visa-b2-para-alemanes\/\">Visado B2 para alemanes<\/a><\/li>\n\n\n\n<li><a href=\"https:\/\/usa-b2.com\/es\/visado-b2-para-mexicano\/\">Visado B2 para mexicanos<\/a><\/li>\n\n\n\n<li><a href=\"https:\/\/usa-b2.com\/es\/visado-b1-b2-para-brasilenos\/\">Visado B2 para brasile\u00f1os<\/a><\/li>\n\n\n\n<li>Visado B2 para espa\u00f1oles<\/li>\n<\/ul>\n\n<div style=\"height:10px\" aria-hidden=\"true\" class=\"wp-block-spacer\"><\/div>\n\n<h2 class=\"wp-block-heading\">\u00bfC\u00f3mo se solicita un visado B2?<\/h2>\n\n<p>El <a href=\"https:\/\/usa-b2.com\/es\/procedimiento-solicitud-visado-b2\/\">procedimiento de solicitud del visado B2<\/a> se inicia en l\u00ednea. Abarca las siguientes etapas:<\/p>\n\n<ol class=\"wp-block-list\">\n<li>Rellenar el <a href=\"https:\/\/usa-b2.com\/es\/ds-160\/\">formulario de visado B2<\/a> en l\u00ednea<\/li>\n\n\n\n<li>Pague la <a href=\"https:\/\/usa-b2.com\/es\/tasas-visado-b2\/\">tasa del visado B2<\/a> en l\u00ednea para validar su solicitud<\/li>\n\n\n\n<li>Concertar una <a href=\"https:\/\/usa-b2.com\/es\/cita-visa-embajada-ee-uu\/\">entrevista para el visado en la embajada<\/a><\/li>\n\n\n\n<li>Prepare todos los documentos justificativos de su solicitud de visado<\/li>\n\n\n\n<li>Asistir a la entrevista para el visado.<\/li>\n<\/ol>\n\n<div style=\"height:10px\" aria-hidden=\"true\" class=\"wp-block-spacer\"><\/div>\n\n<p>El visado se a\u00f1adir\u00e1 al <a href=\"https:\/\/usa-b2.com\/es\/pasaporte-viajar-estados-unidos\/\">pasaporte utilizado para viajar a EEUU<\/a>.<\/p>\n\n<h2 class=\"wp-block-heading\">\u00bfCu\u00e1nto cuesta un visado B2?<\/h2>\n\n<p>Al solicitar un visado de turista, la <a href=\"https:\/\/usa-b2.com\/es\/tasas-visado-b2\/\">tasa para un visado B2<\/a> en l\u00ednea es de 185 USD. Dependiendo de la nacionalidad del solicitante, puede que haya que pagar tasas adicionales. Cuando un gobierno extranjero impone tasas, Estados Unidos aplica tasas rec\u00edprocas a los ciudadanos de ese pa\u00eds por la solicitud de un visado B2.<\/p>\n\n<p>Una vez abonada la tasa de visado, el solicitante deber\u00e1 conservar el resguardo del pago y adjuntarlo al expediente de documentos justificativos que deber\u00e1 presentar en la <a href=\"https:\/\/usa-b2.com\/es\/cita-visa-embajada-ee-uu\/\">cita para el visado en la embajada<\/a>.<\/p>\n\n<h2 class=\"wp-block-heading\">\u00bfCu\u00e1nto se tarda en obtener un visado B2?<\/h2>\n\n<p>La tramitaci\u00f3n de una solicitud de visado tarda al menos unas semanas. Este periodo depende del n\u00famero de solicitudes que est\u00e9 tramitando la autoridad consular estadounidense en el pa\u00eds de origen del solicitante.   <\/p>\n\n<p>El plazo tambi\u00e9n var\u00eda considerablemente en funci\u00f3n de la receptividad del solicitante a la hora de facilitar informaci\u00f3n adicional y organizar una <a href=\"https:\/\/usa-b2.com\/es\/embajada-de-los-estados-unidos\/\">cita en la embajada estadounidense<\/a>.<\/p>\n\n<h2 class=\"wp-block-heading\">\u00bfCu\u00e1l es la validez del visado B2?<\/h2>\n\n<p>La duraci\u00f3n inicial de un visado B2 es de 6 meses. Para prolongar la duraci\u00f3n del visado, el titular debe solicitar una pr\u00f3rroga de 6 meses m\u00e1s. Esta solicitud de pr\u00f3rroga s\u00f3lo puede hacerse despu\u00e9s de 3 meses y a m\u00e1s tardar 42 d\u00edas antes de que expire el visado.  <\/p>\n\n<h2 class=\"wp-block-heading\">\u00bfC\u00f3mo es un visado B2?<\/h2>\n\n<p>Aqu\u00ed hay una imagen de un esp\u00e9cimen de visado B2 para ver c\u00f3mo es. Esta imagen tambi\u00e9n muestra las dimensiones requeridas para la foto de pasaporte en el visado. <\/p>\n\n<figure class=\"wp-block-image size-full\"><img fetchpriority=\"high\" decoding=\"async\" width=\"760\" height=\"468\" src=\"https:\/\/usa-b2.com\/wp-content\/uploads\/2024\/02\/Visa-b2.webp\" alt=\"Visado de imagen B2\" class=\"wp-image-1072\" srcset=\"https:\/\/usa-b2.com\/wp-content\/uploads\/2024\/02\/Visa-b2.webp 760w, https:\/\/usa-b2.com\/wp-content\/uploads\/2024\/02\/Visa-b2-300x185.webp 300w\" sizes=\"(max-width: 760px) 100vw, 760px\" \/><figcaption class=\"wp-element-caption\">Imagen de un visado B2 para EE.UU.<\/figcaption><\/figure>\n\n<h2 class=\"wp-block-heading\">\u00bfEs posible obtener la tarjeta verde con un visado B2?<\/h2>\n\n<p>Obtener la Tarjeta Verde directamente a partir de un visado B2 suele ser dif\u00edcil. El visado B2 es un visado de visitante temporal. Para cambiar de estatuto y convertirse en residente permanente, debe seguir un procedimiento espec\u00edfico que puede incluir, por ejemplo :  <\/p>\n\n<ul class=\"wp-block-list\">\n<li>Matrimonio con un ciudadano estadounidense ;<\/li>\n\n\n\n<li>Una oferta de empleo cualificado ;<\/li>\n\n\n\n<li>Patrocinio familiar.<\/li>\n<\/ul>\n\n<div style=\"height:10px\" aria-hidden=\"true\" class=\"wp-block-spacer\"><\/div>\n\n<h2 class=\"wp-block-heading\">\u00bfCu\u00e1les son los principales destinos accesibles con un visado B2 en Estados Unidos?<\/h2>\n\n<p>El visado B2 permite a los viajeros extranjeros permanecer en cualquier lugar de Estados Unidos. Para saber m\u00e1s, eche un vistazo a la informaci\u00f3n espec\u00edfica sobre <a href=\"https:\/\/usa-b2.com\/es\/visado-para-nueva-york\/\">visados para Nueva York<\/a>. En la costa noreste de EE UU, muchos viajeros utilizan tambi\u00e9n un <a href=\"https:\/\/usa-b2.com\/es\/visado-para-washington\/\">visado de Washington<\/a> para entrar en el pa\u00eds. Tambi\u00e9n es muy \u00fatil la informaci\u00f3n sobre c\u00f3mo obtener un <a href=\"https:\/\/usa-b2.com\/es\/visado-boston\/\">visado para Boston<\/a> o viajar con <a href=\"https:\/\/usa-b2.com\/es\/visado-chicago\/\">visado a Chicago<\/a>.   <\/p>\n\n<p>Si viajas a la Costa Oeste como turista, necesitar\u00e1s un visado <a href=\"https:\/\/usa-b2.com\/es\/visado-san-francisco\/\">para San Francisco<\/a>. Si viajas m\u00e1s al norte, necesitar\u00e1s un visado <a href=\"https:\/\/usa-b2.com\/es\/visado-los-angeles\/\">para Los \u00c1ngeles<\/a>.  Si est\u00e1 planeando un viaje al desierto de Nevada, consulte nuestra informaci\u00f3n sobre <a href=\"https:\/\/usa-b2.com\/es\/visado-las-vegas\/\">visados para Las Vegas<\/a>.<\/p>\n\n<p>Consigue un <a href=\"https:\/\/usa-b2.com\/es\/visado-miami\/\">visado para Miami<\/a> para descubrir Florida en Estados Unidos.<\/p>\n","protected":false},"excerpt":{"rendered":"<p>El visado B2 americano para visitar Estados Unidos El visado de visitante B2 es uno de los principales visados estadounidenses solicitados cada a\u00f1o por extranjeros que desean visitar Estados Unidos. \u00bfQu\u00e9 es el visado estadounidense B2? El visado B2 es un visado de turista para Estados Unidos que tambi\u00e9n le permite visitar a familiares y [&hellip;]<\/p>\n","protected":false},"author":1,"featured_media":0,"parent":0,"menu_order":0,"comment_status":"closed","ping_status":"closed","template":"","meta":{"footnotes":""},"class_list":["post-300","page","type-page","status-publish","hentry"],"yoast_head":"<!-- This site is optimized with the Yoast SEO plugin v27.4 - https:\/\/yoast.com\/product\/yoast-seo-wordpress\/ -->\n<title>El visado B2 estadounidense - USA B2<\/title>\n<meta name=\"description\" content=\"C\u00f3mo solicitar en l\u00ednea un visado B2 para viajar a Estados Unidos. Te lo explicamos todo\" \/>\n<meta name=\"robots\" content=\"index, follow, max-snippet:-1, max-image-preview:large, max-video-preview:-1\" \/>\n<link rel=\"canonical\" href=\"https:\/\/usa-b2.com\/es\/visado-b2\/\" \/>\n<meta property=\"og:locale\" content=\"es_ES\" \/>\n<meta property=\"og:type\" content=\"article\" \/>\n<meta property=\"og:title\" content=\"El visado B2 estadounidense - USA B2\" \/>\n<meta property=\"og:description\" content=\"C\u00f3mo solicitar en l\u00ednea un visado B2 para viajar a Estados Unidos. Te lo explicamos todo\" \/>\n<meta property=\"og:url\" content=\"https:\/\/usa-b2.com\/es\/visado-b2\/\" \/>\n<meta property=\"og:site_name\" content=\"USA B2\" \/>\n<meta property=\"article:modified_time\" content=\"2025-11-04T16:14:16+00:00\" \/>\n<meta property=\"og:image\" content=\"https:\/\/usa-b2.com\/wp-content\/uploads\/2024\/02\/Visa-b2.webp\" \/>\n\t<meta property=\"og:image:width\" content=\"760\" \/>\n\t<meta property=\"og:image:height\" content=\"468\" \/>\n\t<meta property=\"og:image:type\" content=\"image\/webp\" \/>\n<meta name=\"twitter:card\" content=\"summary_large_image\" \/>\n<meta name=\"twitter:label1\" content=\"Tiempo de lectura\" \/>\n\t<meta name=\"twitter:data1\" content=\"5 minutos\" \/>\n<script type=\"application\/ld+json\" class=\"yoast-schema-graph\">{\"@context\":\"https:\\\/\\\/schema.org\",\"@graph\":[{\"@type\":\"WebPage\",\"@id\":\"https:\\\/\\\/usa-b2.com\\\/es\\\/visado-b2\\\/\",\"url\":\"https:\\\/\\\/usa-b2.com\\\/es\\\/visado-b2\\\/\",\"name\":\"El visado B2 estadounidense - USA B2\",\"isPartOf\":{\"@id\":\"https:\\\/\\\/usa-b2.com\\\/es\\\/#website\"},\"primaryImageOfPage\":{\"@id\":\"https:\\\/\\\/usa-b2.com\\\/es\\\/visado-b2\\\/#primaryimage\"},\"image\":{\"@id\":\"https:\\\/\\\/usa-b2.com\\\/es\\\/visado-b2\\\/#primaryimage\"},\"thumbnailUrl\":\"https:\\\/\\\/usa-b2.com\\\/wp-content\\\/uploads\\\/2024\\\/02\\\/Visa-b2.webp\",\"datePublished\":\"2024-02-05T18:28:26+00:00\",\"dateModified\":\"2025-11-04T16:14:16+00:00\",\"description\":\"C\u00f3mo solicitar en l\u00ednea un visado B2 para viajar a Estados Unidos. Te lo explicamos todo\",\"breadcrumb\":{\"@id\":\"https:\\\/\\\/usa-b2.com\\\/es\\\/visado-b2\\\/#breadcrumb\"},\"inLanguage\":\"es\",\"potentialAction\":[{\"@type\":\"ReadAction\",\"target\":[\"https:\\\/\\\/usa-b2.com\\\/es\\\/visado-b2\\\/\"]}]},{\"@type\":\"ImageObject\",\"inLanguage\":\"es\",\"@id\":\"https:\\\/\\\/usa-b2.com\\\/es\\\/visado-b2\\\/#primaryimage\",\"url\":\"https:\\\/\\\/usa-b2.com\\\/wp-content\\\/uploads\\\/2024\\\/02\\\/Visa-b2.webp\",\"contentUrl\":\"https:\\\/\\\/usa-b2.com\\\/wp-content\\\/uploads\\\/2024\\\/02\\\/Visa-b2.webp\"},{\"@type\":\"BreadcrumbList\",\"@id\":\"https:\\\/\\\/usa-b2.com\\\/es\\\/visado-b2\\\/#breadcrumb\",\"itemListElement\":[{\"@type\":\"ListItem\",\"position\":1,\"name\":\"Accueil\",\"item\":\"https:\\\/\\\/usa-b2.com\\\/es\\\/roadtrips-ee-uu\\\/\"},{\"@type\":\"ListItem\",\"position\":2,\"name\":\"El visado B2 estadounidense\"}]},{\"@type\":\"WebSite\",\"@id\":\"https:\\\/\\\/usa-b2.com\\\/es\\\/#website\",\"url\":\"https:\\\/\\\/usa-b2.com\\\/es\\\/\",\"name\":\"USA B2 VISA\",\"description\":\"\",\"potentialAction\":[{\"@type\":\"SearchAction\",\"target\":{\"@type\":\"EntryPoint\",\"urlTemplate\":\"https:\\\/\\\/usa-b2.com\\\/es\\\/?s={search_term_string}\"},\"query-input\":{\"@type\":\"PropertyValueSpecification\",\"valueRequired\":true,\"valueName\":\"search_term_string\"}}],\"inLanguage\":\"es\"}]}<\/script>\n<!-- \/ Yoast SEO plugin. -->","yoast_head_json":{"title":"El visado B2 estadounidense - USA B2","description":"C\u00f3mo solicitar en l\u00ednea un visado B2 para viajar a Estados Unidos. Te lo explicamos todo","robots":{"index":"index","follow":"follow","max-snippet":"max-snippet:-1","max-image-preview":"max-image-preview:large","max-video-preview":"max-video-preview:-1"},"canonical":"https:\/\/usa-b2.com\/es\/visado-b2\/","og_locale":"es_ES","og_type":"article","og_title":"El visado B2 estadounidense - USA B2","og_description":"C\u00f3mo solicitar en l\u00ednea un visado B2 para viajar a Estados Unidos. Te lo explicamos todo","og_url":"https:\/\/usa-b2.com\/es\/visado-b2\/","og_site_name":"USA B2","article_modified_time":"2025-11-04T16:14:16+00:00","og_image":[{"width":760,"height":468,"url":"https:\/\/usa-b2.com\/wp-content\/uploads\/2024\/02\/Visa-b2.webp","type":"image\/webp"}],"twitter_card":"summary_large_image","twitter_misc":{"Tiempo de lectura":"5 minutos"},"schema":{"@context":"https:\/\/schema.org","@graph":[{"@type":"WebPage","@id":"https:\/\/usa-b2.com\/es\/visado-b2\/","url":"https:\/\/usa-b2.com\/es\/visado-b2\/","name":"El visado B2 estadounidense - USA B2","isPartOf":{"@id":"https:\/\/usa-b2.com\/es\/#website"},"primaryImageOfPage":{"@id":"https:\/\/usa-b2.com\/es\/visado-b2\/#primaryimage"},"image":{"@id":"https:\/\/usa-b2.com\/es\/visado-b2\/#primaryimage"},"thumbnailUrl":"https:\/\/usa-b2.com\/wp-content\/uploads\/2024\/02\/Visa-b2.webp","datePublished":"2024-02-05T18:28:26+00:00","dateModified":"2025-11-04T16:14:16+00:00","description":"C\u00f3mo solicitar en l\u00ednea un visado B2 para viajar a Estados Unidos. Te lo explicamos todo","breadcrumb":{"@id":"https:\/\/usa-b2.com\/es\/visado-b2\/#breadcrumb"},"inLanguage":"es","potentialAction":[{"@type":"ReadAction","target":["https:\/\/usa-b2.com\/es\/visado-b2\/"]}]},{"@type":"ImageObject","inLanguage":"es","@id":"https:\/\/usa-b2.com\/es\/visado-b2\/#primaryimage","url":"https:\/\/usa-b2.com\/wp-content\/uploads\/2024\/02\/Visa-b2.webp","contentUrl":"https:\/\/usa-b2.com\/wp-content\/uploads\/2024\/02\/Visa-b2.webp"},{"@type":"BreadcrumbList","@id":"https:\/\/usa-b2.com\/es\/visado-b2\/#breadcrumb","itemListElement":[{"@type":"ListItem","position":1,"name":"Accueil","item":"https:\/\/usa-b2.com\/es\/roadtrips-ee-uu\/"},{"@type":"ListItem","position":2,"name":"El visado B2 estadounidense"}]},{"@type":"WebSite","@id":"https:\/\/usa-b2.com\/es\/#website","url":"https:\/\/usa-b2.com\/es\/","name":"USA B2 VISA","description":"","potentialAction":[{"@type":"SearchAction","target":{"@type":"EntryPoint","urlTemplate":"https:\/\/usa-b2.com\/es\/?s={search_term_string}"},"query-input":{"@type":"PropertyValueSpecification","valueRequired":true,"valueName":"search_term_string"}}],"inLanguage":"es"}]}},"_links":{"self":[{"href":"https:\/\/usa-b2.com\/es\/wp-json\/wp\/v2\/pages\/300","targetHints":{"allow":["GET"]}}],"collection":[{"href":"https:\/\/usa-b2.com\/es\/wp-json\/wp\/v2\/pages"}],"about":[{"href":"https:\/\/usa-b2.com\/es\/wp-json\/wp\/v2\/types\/page"}],"author":[{"embeddable":true,"href":"https:\/\/usa-b2.com\/es\/wp-json\/wp\/v2\/users\/1"}],"replies":[{"embeddable":true,"href":"https:\/\/usa-b2.com\/es\/wp-json\/wp\/v2\/comments?post=300"}],"version-history":[{"count":5,"href":"https:\/\/usa-b2.com\/es\/wp-json\/wp\/v2\/pages\/300\/revisions"}],"predecessor-version":[{"id":10847,"href":"https:\/\/usa-b2.com\/es\/wp-json\/wp\/v2\/pages\/300\/revisions\/10847"}],"wp:attachment":[{"href":"https:\/\/usa-b2.com\/es\/wp-json\/wp\/v2\/media?parent=300"}],"curies":[{"name":"wp","href":"https:\/\/api.w.org\/{rel}","templated":true}]}}