{"id":2831,"date":"2024-06-25T15:44:50","date_gmt":"2024-06-25T15:44:50","guid":{"rendered":"https:\/\/usa-b2.com\/imprimir-esta\/"},"modified":"2025-10-13T12:52:49","modified_gmt":"2025-10-13T12:52:49","slug":"imprimir-esta","status":"publish","type":"page","link":"https:\/\/usa-b2.com\/es\/imprimir-esta\/","title":{"rendered":"\u00bfEs necesario imprimir un ESTA"},"content":{"rendered":"\n<h1 class=\"wp-block-heading\">Imprime tu ESTA para viajar a EE.UU.<\/h1>\n\n<p>La autorizaci\u00f3n ESTA es un certificado electr\u00f3nico de viaje. Esto significa que s\u00f3lo puede obtenerse en l\u00ednea a trav\u00e9s de la web, y la confirmaci\u00f3n se env\u00eda por correo electr\u00f3nico. Por ello, los viajeros se preguntan si es necesario imprimir su autorizaci\u00f3n ESTA antes de viajar a Estados Unidos.  <\/p>\n\n<p><strong>Para obtener una autorizaci\u00f3n de viaje en s\u00f3lo unos minutos <\/strong>, basta con hacer clic en el <a href=\"https:\/\/usa-b2.com\/es\/formulario-esta-en-linea\/\">formulario ESTA en l\u00ednea<\/a>.<\/p>\n\n<div style=\"height:10px\" aria-hidden=\"true\" class=\"wp-block-spacer\"><\/div>\n\n<h2 class=\"wp-block-heading\">\u00bfTengo que imprimir mi ESTA en papel?<\/h2>\n\n<p><strong>No es necesario tener la autorizaci\u00f3n ESTA en papel<\/strong> cuando llegues a Estados Unidos. Los agentes de protecci\u00f3n de fronteras comprueban el estado de la autorizaci\u00f3n ESTA en el sistema inform\u00e1tico. Aun as\u00ed, a veces es tranquilizador imprimir una copia del certificado ESTA aprobado y llevarla contigo cuando viajes.  <\/p>\n\n<p>Un <a href=\"https:\/\/usa-b2.com\/fr\/difference-entre-visa-et-esta\/\">ESTA no es un visado para EEUU<\/a>. En el caso del <a href=\"https:\/\/usa-b2.com\/es\/visado-b2\/\">visado B2<\/a>, el viajero recibe un visado impreso que debe adherir a su <a href=\"https:\/\/usa-b2.com\/fr\/passeport-pour-voyager-aux-usa\/\">pasaporte para poder viajar a Estados Unidos<\/a>. Para m\u00e1s informaci\u00f3n, consulta nuestra p\u00e1gina en la que explicamos <a href=\"https:\/\/usa-b2.com\/fr\/c-est-quoi-une-esta\/\">qu\u00e9 es el ESTA<\/a>.<\/p>\n\n<h2 class=\"wp-block-heading\">\u00bfC\u00f3mo imprimo mi ESTA?<\/h2>\n\n<p>Una vez que la solicitud ha sido aprobada por el sitio web oficial del ESTA, se puede imprimir desde el correo electr\u00f3nico de confirmaci\u00f3n recibido.\nEl viajero tambi\u00e9n recibe un recibo electr\u00f3nico del pago del ESTA. <\/p>\n\n<p><\/p>\n","protected":false},"excerpt":{"rendered":"<p>Imprime tu ESTA para viajar a EE.UU. La autorizaci\u00f3n ESTA es un certificado electr\u00f3nico de viaje. Esto significa que s\u00f3lo puede obtenerse en l\u00ednea a trav\u00e9s de la web, y la confirmaci\u00f3n se env\u00eda por correo electr\u00f3nico. Por ello, los viajeros se preguntan si es necesario imprimir su autorizaci\u00f3n ESTA antes de viajar a Estados [&hellip;]<\/p>\n","protected":false},"author":1,"featured_media":0,"parent":0,"menu_order":0,"comment_status":"closed","ping_status":"closed","template":"","meta":{"footnotes":""},"class_list":["post-2831","page","type-page","status-publish","hentry"],"yoast_head":"<!-- This site is optimized with the Yoast SEO plugin v27.4 - https:\/\/yoast.com\/product\/yoast-seo-wordpress\/ -->\n<title>\u00bfEs necesario imprimir un ESTA - USA B2<\/title>\n<meta name=\"description\" content=\"\u00bfNecesito imprimir mi documento de viaje electr\u00f3nico ESTA para viajar a Estados Unidos?\" \/>\n<meta name=\"robots\" content=\"index, follow, max-snippet:-1, max-image-preview:large, max-video-preview:-1\" \/>\n<link rel=\"canonical\" href=\"https:\/\/usa-b2.com\/es\/imprimir-esta\/\" \/>\n<meta property=\"og:locale\" content=\"es_ES\" \/>\n<meta property=\"og:type\" content=\"article\" \/>\n<meta property=\"og:title\" content=\"\u00bfEs necesario imprimir un ESTA - USA B2\" \/>\n<meta property=\"og:description\" content=\"\u00bfNecesito imprimir mi documento de viaje electr\u00f3nico ESTA para viajar a Estados Unidos?\" \/>\n<meta property=\"og:url\" content=\"https:\/\/usa-b2.com\/es\/imprimir-esta\/\" \/>\n<meta property=\"og:site_name\" content=\"USA B2\" \/>\n<meta property=\"article:modified_time\" content=\"2025-10-13T12:52:49+00:00\" \/>\n<meta name=\"twitter:card\" content=\"summary_large_image\" \/>\n<meta name=\"twitter:label1\" content=\"Tiempo de lectura\" \/>\n\t<meta name=\"twitter:data1\" content=\"1 minuto\" \/>\n<script type=\"application\/ld+json\" class=\"yoast-schema-graph\">{\"@context\":\"https:\\\/\\\/schema.org\",\"@graph\":[{\"@type\":\"WebPage\",\"@id\":\"https:\\\/\\\/usa-b2.com\\\/es\\\/imprimir-esta\\\/\",\"url\":\"https:\\\/\\\/usa-b2.com\\\/es\\\/imprimir-esta\\\/\",\"name\":\"\u00bfEs necesario imprimir un ESTA - USA B2\",\"isPartOf\":{\"@id\":\"https:\\\/\\\/usa-b2.com\\\/es\\\/#website\"},\"datePublished\":\"2024-06-25T15:44:50+00:00\",\"dateModified\":\"2025-10-13T12:52:49+00:00\",\"description\":\"\u00bfNecesito imprimir mi documento de viaje electr\u00f3nico ESTA para viajar a Estados Unidos?\",\"breadcrumb\":{\"@id\":\"https:\\\/\\\/usa-b2.com\\\/es\\\/imprimir-esta\\\/#breadcrumb\"},\"inLanguage\":\"es\",\"potentialAction\":[{\"@type\":\"ReadAction\",\"target\":[\"https:\\\/\\\/usa-b2.com\\\/es\\\/imprimir-esta\\\/\"]}]},{\"@type\":\"BreadcrumbList\",\"@id\":\"https:\\\/\\\/usa-b2.com\\\/es\\\/imprimir-esta\\\/#breadcrumb\",\"itemListElement\":[{\"@type\":\"ListItem\",\"position\":1,\"name\":\"Accueil\",\"item\":\"https:\\\/\\\/usa-b2.com\\\/es\\\/ee-uu\\\/\"},{\"@type\":\"ListItem\",\"position\":2,\"name\":\"\u00bfEs necesario imprimir un ESTA\"}]},{\"@type\":\"WebSite\",\"@id\":\"https:\\\/\\\/usa-b2.com\\\/es\\\/#website\",\"url\":\"https:\\\/\\\/usa-b2.com\\\/es\\\/\",\"name\":\"USA B2 VISA\",\"description\":\"\",\"potentialAction\":[{\"@type\":\"SearchAction\",\"target\":{\"@type\":\"EntryPoint\",\"urlTemplate\":\"https:\\\/\\\/usa-b2.com\\\/es\\\/?s={search_term_string}\"},\"query-input\":{\"@type\":\"PropertyValueSpecification\",\"valueRequired\":true,\"valueName\":\"search_term_string\"}}],\"inLanguage\":\"es\"}]}<\/script>\n<!-- \/ Yoast SEO plugin. -->","yoast_head_json":{"title":"\u00bfEs necesario imprimir un ESTA - USA B2","description":"\u00bfNecesito imprimir mi documento de viaje electr\u00f3nico ESTA para viajar a Estados Unidos?","robots":{"index":"index","follow":"follow","max-snippet":"max-snippet:-1","max-image-preview":"max-image-preview:large","max-video-preview":"max-video-preview:-1"},"canonical":"https:\/\/usa-b2.com\/es\/imprimir-esta\/","og_locale":"es_ES","og_type":"article","og_title":"\u00bfEs necesario imprimir un ESTA - USA B2","og_description":"\u00bfNecesito imprimir mi documento de viaje electr\u00f3nico ESTA para viajar a Estados Unidos?","og_url":"https:\/\/usa-b2.com\/es\/imprimir-esta\/","og_site_name":"USA B2","article_modified_time":"2025-10-13T12:52:49+00:00","twitter_card":"summary_large_image","twitter_misc":{"Tiempo de lectura":"1 minuto"},"schema":{"@context":"https:\/\/schema.org","@graph":[{"@type":"WebPage","@id":"https:\/\/usa-b2.com\/es\/imprimir-esta\/","url":"https:\/\/usa-b2.com\/es\/imprimir-esta\/","name":"\u00bfEs necesario imprimir un ESTA - USA B2","isPartOf":{"@id":"https:\/\/usa-b2.com\/es\/#website"},"datePublished":"2024-06-25T15:44:50+00:00","dateModified":"2025-10-13T12:52:49+00:00","description":"\u00bfNecesito imprimir mi documento de viaje electr\u00f3nico ESTA para viajar a Estados Unidos?","breadcrumb":{"@id":"https:\/\/usa-b2.com\/es\/imprimir-esta\/#breadcrumb"},"inLanguage":"es","potentialAction":[{"@type":"ReadAction","target":["https:\/\/usa-b2.com\/es\/imprimir-esta\/"]}]},{"@type":"BreadcrumbList","@id":"https:\/\/usa-b2.com\/es\/imprimir-esta\/#breadcrumb","itemListElement":[{"@type":"ListItem","position":1,"name":"Accueil","item":"https:\/\/usa-b2.com\/es\/ee-uu\/"},{"@type":"ListItem","position":2,"name":"\u00bfEs necesario imprimir un ESTA"}]},{"@type":"WebSite","@id":"https:\/\/usa-b2.com\/es\/#website","url":"https:\/\/usa-b2.com\/es\/","name":"USA B2 VISA","description":"","potentialAction":[{"@type":"SearchAction","target":{"@type":"EntryPoint","urlTemplate":"https:\/\/usa-b2.com\/es\/?s={search_term_string}"},"query-input":{"@type":"PropertyValueSpecification","valueRequired":true,"valueName":"search_term_string"}}],"inLanguage":"es"}]}},"_links":{"self":[{"href":"https:\/\/usa-b2.com\/es\/wp-json\/wp\/v2\/pages\/2831","targetHints":{"allow":["GET"]}}],"collection":[{"href":"https:\/\/usa-b2.com\/es\/wp-json\/wp\/v2\/pages"}],"about":[{"href":"https:\/\/usa-b2.com\/es\/wp-json\/wp\/v2\/types\/page"}],"author":[{"embeddable":true,"href":"https:\/\/usa-b2.com\/es\/wp-json\/wp\/v2\/users\/1"}],"replies":[{"embeddable":true,"href":"https:\/\/usa-b2.com\/es\/wp-json\/wp\/v2\/comments?post=2831"}],"version-history":[{"count":2,"href":"https:\/\/usa-b2.com\/es\/wp-json\/wp\/v2\/pages\/2831\/revisions"}],"predecessor-version":[{"id":10010,"href":"https:\/\/usa-b2.com\/es\/wp-json\/wp\/v2\/pages\/2831\/revisions\/10010"}],"wp:attachment":[{"href":"https:\/\/usa-b2.com\/es\/wp-json\/wp\/v2\/media?parent=2831"}],"curies":[{"name":"wp","href":"https:\/\/api.w.org\/{rel}","templated":true}]}}