{"id":2753,"date":"2024-06-25T10:10:23","date_gmt":"2024-06-25T10:10:23","guid":{"rendered":"https:\/\/usa-b2.com\/periodo-validez-esta\/"},"modified":"2025-10-13T13:39:18","modified_gmt":"2025-10-13T13:39:18","slug":"periodo-validez-esta","status":"publish","type":"page","link":"https:\/\/usa-b2.com\/es\/periodo-validez-esta\/","title":{"rendered":"El ESTA tiene un periodo de validez limitado"},"content":{"rendered":"\n<h1 class=\"wp-block-heading\">\u00bfDurante cu\u00e1nto tiempo es v\u00e1lida una autorizaci\u00f3n ESTA?<\/h1>\n\n<p>Una autorizaci\u00f3n de viaje ESTA tiene una fecha de validez limitada. Para renovar tu autorizaci\u00f3n ESTA para Estados Unidos, s\u00f3lo tienes que rellenar el <a href=\"https:\/\/usa-b2.com\/es\/formulario-esta-en-linea\/\">formulario ESTA en l\u00ednea<\/a>. <\/p>\n\n<div style=\"height:10px\" aria-hidden=\"true\" class=\"wp-block-spacer\"><\/div>\n\n<h2 class=\"wp-block-heading\">\u00bfDurante cu\u00e1nto tiempo es v\u00e1lido un ESTA?<\/h2>\n\n<p>Las autorizaciones ESTA tienen una validez inicial de 2 a\u00f1os. Durante este periodo, los viajeros pueden realizar varias visitas a Estados Unidos sin presentar una nueva solicitud. Cada estancia no debe superar los 90 d\u00edas en Estados Unidos.  <\/p>\n\n<h2 class=\"wp-block-heading\">\u00bfCu\u00e1ndo se reduce el periodo de validez?<\/h2>\n\n<p>El periodo de validez del ESTA puede reducirse en determinadas situaciones. \u00c9stas son las tres razones principales para la cancelaci\u00f3n anticipada del ESTA: <\/p>\n\n<ol class=\"wp-block-list\">\n<li><strong>Cuando algunos de los datos personales facilitados para obtener el ESTA ya no son v\u00e1lidos<\/strong>. Si el titular del ESTA cambia de nombre, sexo o nacionalidad, el ESTA deja de ser v\u00e1lido y debe presentarse una nueva solicitud ESTA con los datos personales actualizados. <\/li>\n\n\n\n<li><strong>Cuando el pasaporte utilizado para obtener el ESTA haya caducado<\/strong>. El ESTA est\u00e1 vinculado al pasaporte utilizado para la solicitud inicial. Si este pasaporte caduca, el ESTA autom\u00e1ticamente deja de ser v\u00e1lido. El viajero debe presentar una nueva solicitud ESTA con el nuevo <a href=\"https:\/\/usa-b2.com\/fr\/passeport-pour-voyager-aux-usa\/\">pasaporte v\u00e1lido para EEUU<\/a>.   <\/li>\n\n\n\n<li><strong>Cuando las respuestas a las preguntas de seguridad de la solicitud ESTA ya no son v\u00e1lidas<\/strong>. Si las respuestas a las preguntas personales del formulario ESTA ya no son v\u00e1lidas, el ESTA ya no es v\u00e1lido. Tienes que volver a solicitar la autorizaci\u00f3n de viaje en el sitio web oficial del ESTA actualizando las respuestas a las preguntas sobre salud y seguridad del formulario ESTA.  <\/li>\n<\/ol>\n\n<div style=\"height:10px\" aria-hidden=\"true\" class=\"wp-block-spacer\"><\/div>\n\n<h2 class=\"wp-block-heading\">Expiraci\u00f3n de una autorizaci\u00f3n ESTA durante una estancia en EE.UU.<\/h2>\n\n<p>Cuando una autorizaci\u00f3n ESTA caduca durante una estancia en Estados Unidos, el gobierno estadounidense autoriza al viajero a completar su estancia en Estados Unidos dentro del plazo de 90 d\u00edas. Salir de Estados Unidos despu\u00e9s de que el ESTA haya caducado no suele ser un problema.<\/p>\n\n<p>Sin embargo, si tienes previsto permanecer en EE.UU. m\u00e1s de 90 d\u00edas, deber\u00e1s obtener un <a href=\"https:\/\/usa-b2.com\/es\/visado-b2\/\">visado de turista B2<\/a>. Superar el periodo de estancia autorizado de 90 d\u00edas es extremadamente impopular entre las autoridades estadounidenses.<\/p>\n","protected":false},"excerpt":{"rendered":"<p>\u00bfDurante cu\u00e1nto tiempo es v\u00e1lida una autorizaci\u00f3n ESTA? Una autorizaci\u00f3n de viaje ESTA tiene una fecha de validez limitada. Para renovar tu autorizaci\u00f3n ESTA para Estados Unidos, s\u00f3lo tienes que rellenar el formulario ESTA en l\u00ednea. \u00bfDurante cu\u00e1nto tiempo es v\u00e1lido un ESTA? Las autorizaciones ESTA tienen una validez inicial de 2 a\u00f1os. Durante este [&hellip;]<\/p>\n","protected":false},"author":1,"featured_media":0,"parent":0,"menu_order":0,"comment_status":"closed","ping_status":"closed","template":"","meta":{"footnotes":""},"class_list":["post-2753","page","type-page","status-publish","hentry"],"yoast_head":"<!-- This site is optimized with the Yoast SEO plugin v27.4 - https:\/\/yoast.com\/product\/yoast-seo-wordpress\/ -->\n<title>El ESTA tiene un periodo de validez limitado - USA B2<\/title>\n<meta name=\"description\" content=\"Las autorizaciones ESTA son v\u00e1lidas durante un periodo de tiempo limitado, por lo que es importante comprobar su validez antes de viajar.\" \/>\n<meta name=\"robots\" content=\"index, follow, max-snippet:-1, max-image-preview:large, max-video-preview:-1\" \/>\n<link rel=\"canonical\" href=\"https:\/\/usa-b2.com\/es\/periodo-validez-esta\/\" \/>\n<meta property=\"og:locale\" content=\"es_ES\" \/>\n<meta property=\"og:type\" content=\"article\" \/>\n<meta property=\"og:title\" content=\"El ESTA tiene un periodo de validez limitado - USA B2\" \/>\n<meta property=\"og:description\" content=\"Las autorizaciones ESTA son v\u00e1lidas durante un periodo de tiempo limitado, por lo que es importante comprobar su validez antes de viajar.\" \/>\n<meta property=\"og:url\" content=\"https:\/\/usa-b2.com\/es\/periodo-validez-esta\/\" \/>\n<meta property=\"og:site_name\" content=\"USA B2\" \/>\n<meta property=\"article:modified_time\" content=\"2025-10-13T13:39:18+00:00\" \/>\n<meta name=\"twitter:card\" content=\"summary_large_image\" \/>\n<meta name=\"twitter:label1\" content=\"Tiempo de lectura\" \/>\n\t<meta name=\"twitter:data1\" content=\"2 minutos\" \/>\n<script type=\"application\/ld+json\" class=\"yoast-schema-graph\">{\"@context\":\"https:\\\/\\\/schema.org\",\"@graph\":[{\"@type\":\"WebPage\",\"@id\":\"https:\\\/\\\/usa-b2.com\\\/es\\\/periodo-validez-esta\\\/\",\"url\":\"https:\\\/\\\/usa-b2.com\\\/es\\\/periodo-validez-esta\\\/\",\"name\":\"El ESTA tiene un periodo de validez limitado - USA B2\",\"isPartOf\":{\"@id\":\"https:\\\/\\\/usa-b2.com\\\/es\\\/#website\"},\"datePublished\":\"2024-06-25T10:10:23+00:00\",\"dateModified\":\"2025-10-13T13:39:18+00:00\",\"description\":\"Las autorizaciones ESTA son v\u00e1lidas durante un periodo de tiempo limitado, por lo que es importante comprobar su validez antes de viajar.\",\"breadcrumb\":{\"@id\":\"https:\\\/\\\/usa-b2.com\\\/es\\\/periodo-validez-esta\\\/#breadcrumb\"},\"inLanguage\":\"es\",\"potentialAction\":[{\"@type\":\"ReadAction\",\"target\":[\"https:\\\/\\\/usa-b2.com\\\/es\\\/periodo-validez-esta\\\/\"]}]},{\"@type\":\"BreadcrumbList\",\"@id\":\"https:\\\/\\\/usa-b2.com\\\/es\\\/periodo-validez-esta\\\/#breadcrumb\",\"itemListElement\":[{\"@type\":\"ListItem\",\"position\":1,\"name\":\"Accueil\",\"item\":\"https:\\\/\\\/usa-b2.com\\\/es\\\/ee-uu\\\/\"},{\"@type\":\"ListItem\",\"position\":2,\"name\":\"El ESTA tiene un periodo de validez limitado\"}]},{\"@type\":\"WebSite\",\"@id\":\"https:\\\/\\\/usa-b2.com\\\/es\\\/#website\",\"url\":\"https:\\\/\\\/usa-b2.com\\\/es\\\/\",\"name\":\"USA B2 VISA\",\"description\":\"\",\"potentialAction\":[{\"@type\":\"SearchAction\",\"target\":{\"@type\":\"EntryPoint\",\"urlTemplate\":\"https:\\\/\\\/usa-b2.com\\\/es\\\/?s={search_term_string}\"},\"query-input\":{\"@type\":\"PropertyValueSpecification\",\"valueRequired\":true,\"valueName\":\"search_term_string\"}}],\"inLanguage\":\"es\"}]}<\/script>\n<!-- \/ Yoast SEO plugin. -->","yoast_head_json":{"title":"El ESTA tiene un periodo de validez limitado - USA B2","description":"Las autorizaciones ESTA son v\u00e1lidas durante un periodo de tiempo limitado, por lo que es importante comprobar su validez antes de viajar.","robots":{"index":"index","follow":"follow","max-snippet":"max-snippet:-1","max-image-preview":"max-image-preview:large","max-video-preview":"max-video-preview:-1"},"canonical":"https:\/\/usa-b2.com\/es\/periodo-validez-esta\/","og_locale":"es_ES","og_type":"article","og_title":"El ESTA tiene un periodo de validez limitado - USA B2","og_description":"Las autorizaciones ESTA son v\u00e1lidas durante un periodo de tiempo limitado, por lo que es importante comprobar su validez antes de viajar.","og_url":"https:\/\/usa-b2.com\/es\/periodo-validez-esta\/","og_site_name":"USA B2","article_modified_time":"2025-10-13T13:39:18+00:00","twitter_card":"summary_large_image","twitter_misc":{"Tiempo de lectura":"2 minutos"},"schema":{"@context":"https:\/\/schema.org","@graph":[{"@type":"WebPage","@id":"https:\/\/usa-b2.com\/es\/periodo-validez-esta\/","url":"https:\/\/usa-b2.com\/es\/periodo-validez-esta\/","name":"El ESTA tiene un periodo de validez limitado - USA B2","isPartOf":{"@id":"https:\/\/usa-b2.com\/es\/#website"},"datePublished":"2024-06-25T10:10:23+00:00","dateModified":"2025-10-13T13:39:18+00:00","description":"Las autorizaciones ESTA son v\u00e1lidas durante un periodo de tiempo limitado, por lo que es importante comprobar su validez antes de viajar.","breadcrumb":{"@id":"https:\/\/usa-b2.com\/es\/periodo-validez-esta\/#breadcrumb"},"inLanguage":"es","potentialAction":[{"@type":"ReadAction","target":["https:\/\/usa-b2.com\/es\/periodo-validez-esta\/"]}]},{"@type":"BreadcrumbList","@id":"https:\/\/usa-b2.com\/es\/periodo-validez-esta\/#breadcrumb","itemListElement":[{"@type":"ListItem","position":1,"name":"Accueil","item":"https:\/\/usa-b2.com\/es\/ee-uu\/"},{"@type":"ListItem","position":2,"name":"El ESTA tiene un periodo de validez limitado"}]},{"@type":"WebSite","@id":"https:\/\/usa-b2.com\/es\/#website","url":"https:\/\/usa-b2.com\/es\/","name":"USA B2 VISA","description":"","potentialAction":[{"@type":"SearchAction","target":{"@type":"EntryPoint","urlTemplate":"https:\/\/usa-b2.com\/es\/?s={search_term_string}"},"query-input":{"@type":"PropertyValueSpecification","valueRequired":true,"valueName":"search_term_string"}}],"inLanguage":"es"}]}},"_links":{"self":[{"href":"https:\/\/usa-b2.com\/es\/wp-json\/wp\/v2\/pages\/2753","targetHints":{"allow":["GET"]}}],"collection":[{"href":"https:\/\/usa-b2.com\/es\/wp-json\/wp\/v2\/pages"}],"about":[{"href":"https:\/\/usa-b2.com\/es\/wp-json\/wp\/v2\/types\/page"}],"author":[{"embeddable":true,"href":"https:\/\/usa-b2.com\/es\/wp-json\/wp\/v2\/users\/1"}],"replies":[{"embeddable":true,"href":"https:\/\/usa-b2.com\/es\/wp-json\/wp\/v2\/comments?post=2753"}],"version-history":[{"count":2,"href":"https:\/\/usa-b2.com\/es\/wp-json\/wp\/v2\/pages\/2753\/revisions"}],"predecessor-version":[{"id":10116,"href":"https:\/\/usa-b2.com\/es\/wp-json\/wp\/v2\/pages\/2753\/revisions\/10116"}],"wp:attachment":[{"href":"https:\/\/usa-b2.com\/es\/wp-json\/wp\/v2\/media?parent=2753"}],"curies":[{"name":"wp","href":"https:\/\/api.w.org\/{rel}","templated":true}]}}