{"id":265,"date":"2024-02-10T17:12:20","date_gmt":"2024-02-10T17:12:20","guid":{"rendered":"https:\/\/usa-b2.com\/visa-waiver-program\/"},"modified":"2025-06-09T18:40:27","modified_gmt":"2025-06-09T18:40:27","slug":"programa-de-exencion-de-visado","status":"publish","type":"page","link":"https:\/\/usa-b2.com\/es\/programa-de-exencion-de-visado\/","title":{"rendered":"Programa de exenci\u00f3n de visado de EE.UU."},"content":{"rendered":"\n<h1 class=\"wp-block-heading\">El Programa Americano de Exenci\u00f3n de Visado<\/h1>\n\n<h2 class=\"wp-block-heading\">\u00bfQu\u00e9 es el Programa de Exenci\u00f3n de Visado?<\/h2>\n\n<p>El Programa de Exenci\u00f3n de Visado (VWP) permite a los nacionales de determinados pa\u00edses viajar a Estados Unidos por turismo o negocios durante un m\u00e1ximo de 90 d\u00edas sin necesidad de visado. Para beneficiarse de esta exenci\u00f3n de visado, los nacionales de los pa\u00edses socios deben obtener una autorizaci\u00f3n electr\u00f3nica de viaje <a href=\"https:\/\/usa-b2.com\/es\/formulario-esta-en-linea\/\">ESTA en l\u00ednea <\/a>. <\/p>\n\n<h2 class=\"wp-block-heading\">Lista de pa\u00edses miembros del VWP<\/h2>\n\n<p>Israel es el \u00faltimo pa\u00eds admitido en el VWP en octubre de 2023. Con este, ya son 41 los pa\u00edses que se benefician del programa estadounidense de exenci\u00f3n de visados para sus nacionales. <\/p>\n\n<figure class=\"wp-block-table\"><table><tbody><tr><td><a href=\"https:\/\/usa-b2.com\/es\/visa-b2-para-alemanes\/\">Alemania<\/a><\/td><td>Espa\u00f1a<\/td><td>Liechtenstein<\/td><td>Reino Unido<\/td><\/tr><tr><td>Andorra<\/td><td>Finlandia<\/td><td>Lituania<\/td><td>San Marino<\/td><\/tr><tr><td>Australia<\/td><td><a href=\"https:\/\/usa-b2.com\/es\/visado-b2-para-franceses\/\">Francia<\/a><\/td><td>Luxemburgo<\/td><td>Singapur<\/td><\/tr><tr><td>Austria<\/td><td>Grecia<\/td><td>Malta<\/td><td>Eslovaquia<\/td><\/tr><tr><td>B\u00e9lgica<\/td><td>Hungr\u00eda<\/td><td>M\u00f3naco<\/td><td>Eslovenia<\/td><\/tr><tr><td>Brun\u00e9i<\/td><td>Irlanda<\/td><td>Noruega<\/td><td>Suecia<\/td><\/tr><tr><td>Chile<\/td><td>Islandia<\/td><td>Nueva Zelanda<\/td><td>suizo<\/td><\/tr><tr><td>Croacia<\/td><td>Israel<\/td><td>Pa\u00edses Bajos<\/td><td>Taiw\u00e1n<\/td><\/tr><tr><td>Corea del Sur<\/td><td><a href=\"https:\/\/usa-b2.com\/es\/visado-b2-para-italiano\/\">Italia<\/a><\/td><td>Polonia<\/td><td><\/td><\/tr><tr><td>Dinamarca<\/td><td>Jap\u00f3n<\/td><td>Portugal<\/td><td><\/td><\/tr><tr><td>Estonia<\/td><td>letonia<\/td><td>Rep\u00fablica Checa<\/td><td><\/td><\/tr><\/tbody><\/table><figcaption class=\"wp-element-caption\">Lista de pa\u00edses del Programa de Exenci\u00f3n de Visado de EE.UU.<\/figcaption><\/figure>\n\n<h2 class=\"wp-block-heading\" id=\"h-gt-comment-un-pays-adhere-t-il-au-programme-de-dispense-de-visa\">\u00bfC\u00f3mo se solicita el programa de exenci\u00f3n de visado?<\/h2>\n\n<p>Los pa\u00edses que deseen adherirse al Programa de Exenci\u00f3n de Visado de Estados Unidos deben cumplir determinadas condiciones de gesti\u00f3n de fronteras. Las principales condiciones establecidas por el Departamento de Estado estadounidense son : <\/p>\n\n<ul class=\"wp-block-list\">\n<li>Expedici\u00f3n de pasaportes electr\u00f3nicos a sus ciudadanos<\/li>\n\n\n\n<li>Participaci\u00f3n en el intercambio de datos de seguridad con Estados Unidos<\/li>\n\n\n\n<li>Mantener constantemente informado a Estados Unidos de los pasaportes robados o perdidos<\/li>\n\n\n\n<li>Tener un \u00edndice de denegaci\u00f3n de pasaportes de visitante de tipo B inferior al 3% para sus nacionales.<\/li>\n\n\n\n<li>Combatir activamente el terrorismo en los controles fronterizos.<\/li>\n<\/ul>\n\n<div style=\"height:10px\" aria-hidden=\"true\" class=\"wp-block-spacer\"><\/div>\n\n<h2 class=\"wp-block-heading\">Qu\u00e9 hacer si su pa\u00eds no es miembro del VWP<\/h2>\n\n<p>Si su pa\u00eds de origen no es miembro del VWP, no podr\u00e1 solicitar una autorizaci\u00f3n electr\u00f3nica de viaje ESTA.\nPara entrar en Estados Unidos, debe solicitar un <a href=\"https:\/\/usa-b2.com\/es\/formulario-visado-b2-en-linea\/\">visado B2 por internet<\/a>. <\/p>\n","protected":false},"excerpt":{"rendered":"<p>El Programa Americano de Exenci\u00f3n de Visado \u00bfQu\u00e9 es el Programa de Exenci\u00f3n de Visado? El Programa de Exenci\u00f3n de Visado (VWP) permite a los nacionales de determinados pa\u00edses viajar a Estados Unidos por turismo o negocios durante un m\u00e1ximo de 90 d\u00edas sin necesidad de visado. Para beneficiarse de esta exenci\u00f3n de visado, los [&hellip;]<\/p>\n","protected":false},"author":1,"featured_media":0,"parent":0,"menu_order":0,"comment_status":"closed","ping_status":"closed","template":"","meta":{"footnotes":""},"class_list":["post-265","page","type-page","status-publish","hentry"],"yoast_head":"<!-- This site is optimized with the Yoast SEO plugin v27.4 - https:\/\/yoast.com\/product\/yoast-seo-wordpress\/ -->\n<title>Programa de exenci\u00f3n de visado de EE.UU. - USA B2<\/title>\n<meta name=\"description\" content=\"Inf\u00f3rmate sobre el Programa de Exenci\u00f3n de Visado de EE.UU., que permite a los extranjeros viajar a EE.UU. sin visado.\" \/>\n<meta name=\"robots\" content=\"index, follow, max-snippet:-1, max-image-preview:large, max-video-preview:-1\" \/>\n<link rel=\"canonical\" href=\"https:\/\/usa-b2.com\/es\/programa-de-exencion-de-visado\/\" \/>\n<meta property=\"og:locale\" content=\"es_ES\" \/>\n<meta property=\"og:type\" content=\"article\" \/>\n<meta property=\"og:title\" content=\"Programa de exenci\u00f3n de visado de EE.UU. - USA B2\" \/>\n<meta property=\"og:description\" content=\"Inf\u00f3rmate sobre el Programa de Exenci\u00f3n de Visado de EE.UU., que permite a los extranjeros viajar a EE.UU. sin visado.\" \/>\n<meta property=\"og:url\" content=\"https:\/\/usa-b2.com\/es\/programa-de-exencion-de-visado\/\" \/>\n<meta property=\"og:site_name\" content=\"USA B2\" \/>\n<meta property=\"article:modified_time\" content=\"2025-06-09T18:40:27+00:00\" \/>\n<meta name=\"twitter:card\" content=\"summary_large_image\" \/>\n<meta name=\"twitter:label1\" content=\"Tiempo de lectura\" \/>\n\t<meta name=\"twitter:data1\" content=\"2 minutos\" \/>\n<script type=\"application\/ld+json\" class=\"yoast-schema-graph\">{\"@context\":\"https:\\\/\\\/schema.org\",\"@graph\":[{\"@type\":\"WebPage\",\"@id\":\"https:\\\/\\\/usa-b2.com\\\/es\\\/programa-de-exencion-de-visado\\\/\",\"url\":\"https:\\\/\\\/usa-b2.com\\\/es\\\/programa-de-exencion-de-visado\\\/\",\"name\":\"Programa de exenci\u00f3n de visado de EE.UU. - USA B2\",\"isPartOf\":{\"@id\":\"https:\\\/\\\/usa-b2.com\\\/es\\\/#website\"},\"datePublished\":\"2024-02-10T17:12:20+00:00\",\"dateModified\":\"2025-06-09T18:40:27+00:00\",\"description\":\"Inf\u00f3rmate sobre el Programa de Exenci\u00f3n de Visado de EE.UU., que permite a los extranjeros viajar a EE.UU. sin visado.\",\"breadcrumb\":{\"@id\":\"https:\\\/\\\/usa-b2.com\\\/es\\\/programa-de-exencion-de-visado\\\/#breadcrumb\"},\"inLanguage\":\"es\",\"potentialAction\":[{\"@type\":\"ReadAction\",\"target\":[\"https:\\\/\\\/usa-b2.com\\\/es\\\/programa-de-exencion-de-visado\\\/\"]}]},{\"@type\":\"BreadcrumbList\",\"@id\":\"https:\\\/\\\/usa-b2.com\\\/es\\\/programa-de-exencion-de-visado\\\/#breadcrumb\",\"itemListElement\":[{\"@type\":\"ListItem\",\"position\":1,\"name\":\"Accueil\",\"item\":\"https:\\\/\\\/usa-b2.com\\\/es\\\/ee-uu\\\/\"},{\"@type\":\"ListItem\",\"position\":2,\"name\":\"Programa de exenci\u00f3n de visado de EE.UU.\"}]},{\"@type\":\"WebSite\",\"@id\":\"https:\\\/\\\/usa-b2.com\\\/es\\\/#website\",\"url\":\"https:\\\/\\\/usa-b2.com\\\/es\\\/\",\"name\":\"USA B2 VISA\",\"description\":\"\",\"potentialAction\":[{\"@type\":\"SearchAction\",\"target\":{\"@type\":\"EntryPoint\",\"urlTemplate\":\"https:\\\/\\\/usa-b2.com\\\/es\\\/?s={search_term_string}\"},\"query-input\":{\"@type\":\"PropertyValueSpecification\",\"valueRequired\":true,\"valueName\":\"search_term_string\"}}],\"inLanguage\":\"es\"}]}<\/script>\n<!-- \/ Yoast SEO plugin. -->","yoast_head_json":{"title":"Programa de exenci\u00f3n de visado de EE.UU. - USA B2","description":"Inf\u00f3rmate sobre el Programa de Exenci\u00f3n de Visado de EE.UU., que permite a los extranjeros viajar a EE.UU. sin visado.","robots":{"index":"index","follow":"follow","max-snippet":"max-snippet:-1","max-image-preview":"max-image-preview:large","max-video-preview":"max-video-preview:-1"},"canonical":"https:\/\/usa-b2.com\/es\/programa-de-exencion-de-visado\/","og_locale":"es_ES","og_type":"article","og_title":"Programa de exenci\u00f3n de visado de EE.UU. - USA B2","og_description":"Inf\u00f3rmate sobre el Programa de Exenci\u00f3n de Visado de EE.UU., que permite a los extranjeros viajar a EE.UU. sin visado.","og_url":"https:\/\/usa-b2.com\/es\/programa-de-exencion-de-visado\/","og_site_name":"USA B2","article_modified_time":"2025-06-09T18:40:27+00:00","twitter_card":"summary_large_image","twitter_misc":{"Tiempo de lectura":"2 minutos"},"schema":{"@context":"https:\/\/schema.org","@graph":[{"@type":"WebPage","@id":"https:\/\/usa-b2.com\/es\/programa-de-exencion-de-visado\/","url":"https:\/\/usa-b2.com\/es\/programa-de-exencion-de-visado\/","name":"Programa de exenci\u00f3n de visado de EE.UU. - USA B2","isPartOf":{"@id":"https:\/\/usa-b2.com\/es\/#website"},"datePublished":"2024-02-10T17:12:20+00:00","dateModified":"2025-06-09T18:40:27+00:00","description":"Inf\u00f3rmate sobre el Programa de Exenci\u00f3n de Visado de EE.UU., que permite a los extranjeros viajar a EE.UU. sin visado.","breadcrumb":{"@id":"https:\/\/usa-b2.com\/es\/programa-de-exencion-de-visado\/#breadcrumb"},"inLanguage":"es","potentialAction":[{"@type":"ReadAction","target":["https:\/\/usa-b2.com\/es\/programa-de-exencion-de-visado\/"]}]},{"@type":"BreadcrumbList","@id":"https:\/\/usa-b2.com\/es\/programa-de-exencion-de-visado\/#breadcrumb","itemListElement":[{"@type":"ListItem","position":1,"name":"Accueil","item":"https:\/\/usa-b2.com\/es\/ee-uu\/"},{"@type":"ListItem","position":2,"name":"Programa de exenci\u00f3n de visado de EE.UU."}]},{"@type":"WebSite","@id":"https:\/\/usa-b2.com\/es\/#website","url":"https:\/\/usa-b2.com\/es\/","name":"USA B2 VISA","description":"","potentialAction":[{"@type":"SearchAction","target":{"@type":"EntryPoint","urlTemplate":"https:\/\/usa-b2.com\/es\/?s={search_term_string}"},"query-input":{"@type":"PropertyValueSpecification","valueRequired":true,"valueName":"search_term_string"}}],"inLanguage":"es"}]}},"_links":{"self":[{"href":"https:\/\/usa-b2.com\/es\/wp-json\/wp\/v2\/pages\/265","targetHints":{"allow":["GET"]}}],"collection":[{"href":"https:\/\/usa-b2.com\/es\/wp-json\/wp\/v2\/pages"}],"about":[{"href":"https:\/\/usa-b2.com\/es\/wp-json\/wp\/v2\/types\/page"}],"author":[{"embeddable":true,"href":"https:\/\/usa-b2.com\/es\/wp-json\/wp\/v2\/users\/1"}],"replies":[{"embeddable":true,"href":"https:\/\/usa-b2.com\/es\/wp-json\/wp\/v2\/comments?post=265"}],"version-history":[{"count":2,"href":"https:\/\/usa-b2.com\/es\/wp-json\/wp\/v2\/pages\/265\/revisions"}],"predecessor-version":[{"id":9461,"href":"https:\/\/usa-b2.com\/es\/wp-json\/wp\/v2\/pages\/265\/revisions\/9461"}],"wp:attachment":[{"href":"https:\/\/usa-b2.com\/es\/wp-json\/wp\/v2\/media?parent=265"}],"curies":[{"name":"wp","href":"https:\/\/api.w.org\/{rel}","templated":true}]}}