{"id":240,"date":"2024-02-10T17:02:13","date_gmt":"2024-02-10T17:02:13","guid":{"rendered":"https:\/\/usa-b2.com\/formulario-visado-b2-en-linea\/"},"modified":"2026-02-25T15:35:28","modified_gmt":"2026-02-25T15:35:28","slug":"formulario-visado-b2-en-linea","status":"publish","type":"page","link":"https:\/\/usa-b2.com\/es\/formulario-visado-b2-en-linea\/","title":{"rendered":"Formulario de visado B2 en l\u00ednea"},"content":{"rendered":"\t\t<div data-elementor-type=\"wp-page\" data-elementor-id=\"240\" class=\"elementor elementor-240 elementor-65\" data-elementor-post-type=\"page\">\n\t\t\t\t<div class=\"elementor-element elementor-element-3aaff0cb e-flex e-con-boxed e-con e-parent\" data-id=\"3aaff0cb\" data-element_type=\"container\" data-e-type=\"container\">\n\t\t\t\t\t<div class=\"e-con-inner\">\n\t\t\t\t<div class=\"elementor-element elementor-element-13dd7548 elementor-widget elementor-widget-text-editor\" data-id=\"13dd7548\" data-element_type=\"widget\" data-e-type=\"widget\" data-widget_type=\"text-editor.default\">\n\t\t\t\t<div class=\"elementor-widget-container\">\n\t\t\t\t\t\t\t\t\t<h1>Formulario en l\u00ednea para obtener un visado B2<\/h1>\t\t\t\t\t\t\t\t<\/div>\n\t\t\t\t<\/div>\n\t\t\t\t\t<\/div>\n\t\t\t\t<\/div>\n\t\t<div class=\"elementor-element elementor-element-ab55e48 e-flex e-con-boxed e-con e-parent\" data-id=\"ab55e48\" data-element_type=\"container\" data-e-type=\"container\">\n\t\t\t\t\t<div class=\"e-con-inner\">\n\t\t\t\t<div class=\"elementor-element elementor-element-313046a elementor-widget elementor-widget-text-editor\" data-id=\"313046a\" data-element_type=\"widget\" data-e-type=\"widget\" data-widget_type=\"text-editor.default\">\n\t\t\t\t<div class=\"elementor-widget-container\">\n\t\t\t\t\t\t\t\t\t<p>S\u00f3lo puede solicitar un visado B2 por internet. Los solicitantes deben cumplimentar el formulario DS-160 y pagar la tasa de visado en l\u00ednea.   <\/p>\t\t\t\t\t\t\t\t<\/div>\n\t\t\t\t<\/div>\n\t\t\t\t\t<\/div>\n\t\t\t\t<\/div>\n\t\t<div class=\"elementor-element elementor-element-1c6e5a1 e-flex e-con-boxed e-con e-parent\" data-id=\"1c6e5a1\" data-element_type=\"container\" data-e-type=\"container\">\n\t\t\t\t\t<div class=\"e-con-inner\">\n\t\t\t\t<div class=\"elementor-element elementor-element-3bc75779 elementor-widget elementor-widget-button\" data-id=\"3bc75779\" data-element_type=\"widget\" data-e-type=\"widget\" data-widget_type=\"button.default\">\n\t\t\t\t<div class=\"elementor-widget-container\">\n\t\t\t\t\t\t\t\t\t<div class=\"elementor-button-wrapper\">\n\t\t\t\t\t<a class=\"elementor-button elementor-button-link elementor-size-sm\" href=\"https:\/\/usa-b2.com\/fr\/recommends\/us-b2\/\">\n\t\t\t\t\t\t<span class=\"elementor-button-content-wrapper\">\n\t\t\t\t\t\t\t\t\t<span class=\"elementor-button-text\">Completa el formulario online<\/span>\n\t\t\t\t\t<\/span>\n\t\t\t\t\t<\/a>\n\t\t\t\t<\/div>\n\t\t\t\t\t\t\t\t<\/div>\n\t\t\t\t<\/div>\n\t\t\t\t\t<\/div>\n\t\t\t\t<\/div>\n\t\t<div class=\"elementor-element elementor-element-c883d67 e-flex e-con-boxed e-con e-parent\" data-id=\"c883d67\" data-element_type=\"container\" data-e-type=\"container\">\n\t\t\t\t\t<div class=\"e-con-inner\">\n\t\t\t\t<div class=\"elementor-element elementor-element-259ccca elementor-widget elementor-widget-text-editor\" data-id=\"259ccca\" data-element_type=\"widget\" data-e-type=\"widget\" data-widget_type=\"text-editor.default\">\n\t\t\t\t<div class=\"elementor-widget-container\">\n\t\t\t\t\t\t\t\t\t<p><span style=\"color: #000000;\"><b>Para una estancia inferior a 90 d\u00edas en Estados Unidos<\/b><\/span>: No necesita obtener un visado B2 ni acudir a la embajada estadounidense. Todo lo que tienes que hacer es solicitar una autorizaci\u00f3n electr\u00f3nica de viaje cumplimentando el <a href=\"https:\/\/usa-b2.com\/es\/formulario-esta-en-linea\/\">formulario ESTA en l\u00ednea<\/a>. <\/p>\t\t\t\t\t\t\t\t<\/div>\n\t\t\t\t<\/div>\n\t\t\t\t\t<\/div>\n\t\t\t\t<\/div>\n\t\t<div class=\"elementor-element elementor-element-acb5d05 e-flex e-con-boxed e-con e-parent\" data-id=\"acb5d05\" data-element_type=\"container\" data-e-type=\"container\">\n\t\t\t\t\t<div class=\"e-con-inner\">\n\t\t\t\t<div class=\"elementor-element elementor-element-57baf36 elementor-widget elementor-widget-spacer\" data-id=\"57baf36\" data-element_type=\"widget\" data-e-type=\"widget\" data-widget_type=\"spacer.default\">\n\t\t\t\t<div class=\"elementor-widget-container\">\n\t\t\t\t\t\t\t<div class=\"elementor-spacer\">\n\t\t\t<div class=\"elementor-spacer-inner\"><\/div>\n\t\t<\/div>\n\t\t\t\t\t\t<\/div>\n\t\t\t\t<\/div>\n\t\t\t\t\t<\/div>\n\t\t\t\t<\/div>\n\t\t<div class=\"elementor-element elementor-element-4594086 e-flex e-con-boxed e-con e-parent\" data-id=\"4594086\" data-element_type=\"container\" data-e-type=\"container\">\n\t\t\t\t\t<div class=\"e-con-inner\">\n\t\t\t\t<div class=\"elementor-element elementor-element-0561204 elementor-widget elementor-widget-text-editor\" data-id=\"0561204\" data-element_type=\"widget\" data-e-type=\"widget\" data-widget_type=\"text-editor.default\">\n\t\t\t\t<div class=\"elementor-widget-container\">\n\t\t\t\t\t\t\t\t\t<h2>\u00bfCu\u00e1nto tarda en tramitarse un visado B2?<\/h2>\n<p>El tiempo de tramitaci\u00f3n de una solicitud de visado B2 es de varias semanas como m\u00ednimo y puede llegar a varios meses. Este plazo depende principalmente del volumen de solicitudes que deba tramitar la embajada o consulado estadounidense en el pa\u00eds del solicitante. Hay otras razones por las que los plazos de tramitaci\u00f3n pueden ser m\u00e1s largos, como :  <\/p>\n<ul>\n<li>Si el expediente del candidato no est\u00e1 completo o el candidato se retrasa en proporcionar informaci\u00f3n adicional ;<\/li>\n<li>Si el solicitante se retrasa en concertar una <a href=\"https:\/\/usa-b2.com\/es\/cita-visa-embajada-ee-uu\/\">cita para su entrevista de visado<\/a> con la embajada o consulado estadounidense.<\/li>\n<\/ul>\t\t\t\t\t\t\t\t<\/div>\n\t\t\t\t<\/div>\n\t\t\t\t\t<\/div>\n\t\t\t\t<\/div>\n\t\t<div class=\"elementor-element elementor-element-3f8b40a e-flex e-con-boxed e-con e-parent\" data-id=\"3f8b40a\" data-element_type=\"container\" data-e-type=\"container\">\n\t\t\t\t\t<div class=\"e-con-inner\">\n\t\t\t\t<div class=\"elementor-element elementor-element-dfcba0d elementor-widget elementor-widget-spacer\" data-id=\"dfcba0d\" data-element_type=\"widget\" data-e-type=\"widget\" data-widget_type=\"spacer.default\">\n\t\t\t\t<div class=\"elementor-widget-container\">\n\t\t\t\t\t\t\t<div class=\"elementor-spacer\">\n\t\t\t<div class=\"elementor-spacer-inner\"><\/div>\n\t\t<\/div>\n\t\t\t\t\t\t<\/div>\n\t\t\t\t<\/div>\n\t\t\t\t\t<\/div>\n\t\t\t\t<\/div>\n\t\t<div class=\"elementor-element elementor-element-a38079a e-flex e-con-boxed e-con e-parent\" data-id=\"a38079a\" data-element_type=\"container\" data-e-type=\"container\">\n\t\t\t\t\t<div class=\"e-con-inner\">\n\t\t\t\t<div class=\"elementor-element elementor-element-c854383 elementor-widget elementor-widget-text-editor\" data-id=\"c854383\" data-element_type=\"widget\" data-e-type=\"widget\" data-widget_type=\"text-editor.default\">\n\t\t\t\t<div class=\"elementor-widget-container\">\n\t\t\t\t\t\t\t\t\t<h2>Prepare su entrevista en la Embajada de Estados Unidos<\/h2>\n<p>Para finalizar el proceso de obtenci\u00f3n del visado B2, los solicitantes deben asistir a una entrevista con un funcionario de visados de la embajada. El candidato debe prepararse para esta entrevista. Se les pedir\u00e1 que expliquen por qu\u00e9 desean viajar a Estados Unidos. En la cita se comprobar\u00e1n todos los justificantes.   <\/p>\t\t\t\t\t\t\t\t<\/div>\n\t\t\t\t<\/div>\n\t\t\t\t<div class=\"elementor-element elementor-element-80d967c elementor-widget elementor-widget-heading\" data-id=\"80d967c\" data-element_type=\"widget\" data-e-type=\"widget\" data-widget_type=\"heading.default\">\n\t\t\t\t<div class=\"elementor-widget-container\">\n\t\t\t\t\t<h2 class=\"elementor-heading-title elementor-size-default\">M\u00e1s informaci\u00f3n sobre los pa\u00edses que pueden optar al visado B2<\/h2>\t\t\t\t<\/div>\n\t\t\t\t<\/div>\n\t\t\t\t<div class=\"elementor-element elementor-element-b41e668 elementor-widget elementor-widget-text-editor\" data-id=\"b41e668\" data-element_type=\"widget\" data-e-type=\"widget\" data-widget_type=\"text-editor.default\">\n\t\t\t\t<div class=\"elementor-widget-container\">\n\t\t\t\t\t\t\t\t\t<p>Aqu\u00ed tienes informaci\u00f3n m\u00e1s espec\u00edfica para los nacionales de determinados pa\u00edses que pueden optar al visado B2:<\/p><ul><li><a href=\"https:\/\/usa-b2.com\/es\/visado-b2-para-franceses\/\">Visado B2 para franceses<\/a><\/li><li><a href=\"https:\/\/usa-b2.com\/es\/visado-b2-para-italiano\/\">Visado B2 para italianos<\/a><\/li><li><a href=\"https:\/\/usa-b2.com\/es\/visa-b2-para-alemanes\/\">Visado B2 para alemanes<\/a><\/li><li><a href=\"https:\/\/usa-b2.com\/es\/visado-b2-para-mexicano\/\">Visado B2 para mexicanos<\/a><\/li><li><a href=\"https:\/\/usa-b2.com\/es\/visado-b1-b2-para-brasilenos\/\">Visado B2 para brasile\u00f1os<\/a><\/li><li>Visado B2 para espa\u00f1oles<\/li><\/ul>\t\t\t\t\t\t\t\t<\/div>\n\t\t\t\t<\/div>\n\t\t\t\t\t<\/div>\n\t\t\t\t<\/div>\n\t\t\t\t<\/div>\n\t\t","protected":false},"excerpt":{"rendered":"<p>Formulario en l\u00ednea para obtener un visado B2 S\u00f3lo puede solicitar un visado B2 por internet. Los solicitantes deben cumplimentar el formulario DS-160 y pagar la tasa de visado en l\u00ednea. Completa el formulario online Para una estancia inferior a 90 d\u00edas en Estados Unidos: No necesita obtener un visado B2 ni acudir a la [&hellip;]<\/p>\n","protected":false},"author":1,"featured_media":0,"parent":0,"menu_order":0,"comment_status":"closed","ping_status":"closed","template":"","meta":{"footnotes":""},"class_list":["post-240","page","type-page","status-publish","hentry"],"yoast_head":"<!-- This site is optimized with the Yoast SEO plugin v27.0 - https:\/\/yoast.com\/product\/yoast-seo-wordpress\/ -->\n<title>Formulario de visado B2 en l\u00ednea - USA B2<\/title>\n<meta name=\"description\" content=\"Rellena el formulario web en unos minutos para obtener un visado B2 para viajar a Estados Unidos\" \/>\n<meta name=\"robots\" content=\"index, follow, max-snippet:-1, max-image-preview:large, max-video-preview:-1\" \/>\n<link rel=\"canonical\" href=\"https:\/\/usa-b2.com\/es\/formulario-visado-b2-en-linea\/\" \/>\n<meta property=\"og:locale\" content=\"es_ES\" \/>\n<meta property=\"og:type\" content=\"article\" \/>\n<meta property=\"og:title\" content=\"Formulario de visado B2 en l\u00ednea - USA B2\" \/>\n<meta property=\"og:description\" content=\"Rellena el formulario web en unos minutos para obtener un visado B2 para viajar a Estados Unidos\" \/>\n<meta property=\"og:url\" content=\"https:\/\/usa-b2.com\/es\/formulario-visado-b2-en-linea\/\" \/>\n<meta property=\"og:site_name\" content=\"USA B2\" \/>\n<meta property=\"article:modified_time\" content=\"2026-02-25T15:35:28+00:00\" \/>\n<meta name=\"twitter:card\" content=\"summary_large_image\" \/>\n<meta name=\"twitter:label1\" content=\"Tiempo de lectura\" \/>\n\t<meta name=\"twitter:data1\" content=\"2 minutos\" \/>\n<script type=\"application\/ld+json\" class=\"yoast-schema-graph\">{\"@context\":\"https:\/\/schema.org\",\"@graph\":[{\"@type\":\"WebPage\",\"@id\":\"https:\/\/usa-b2.com\/es\/formulario-visado-b2-en-linea\/\",\"url\":\"https:\/\/usa-b2.com\/es\/formulario-visado-b2-en-linea\/\",\"name\":\"Formulario de visado B2 en l\u00ednea - USA B2\",\"isPartOf\":{\"@id\":\"https:\/\/usa-b2.com\/es\/#website\"},\"datePublished\":\"2024-02-10T17:02:13+00:00\",\"dateModified\":\"2026-02-25T15:35:28+00:00\",\"description\":\"Rellena el formulario web en unos minutos para obtener un visado B2 para viajar a Estados Unidos\",\"breadcrumb\":{\"@id\":\"https:\/\/usa-b2.com\/es\/formulario-visado-b2-en-linea\/#breadcrumb\"},\"inLanguage\":\"es\",\"potentialAction\":[{\"@type\":\"ReadAction\",\"target\":[\"https:\/\/usa-b2.com\/es\/formulario-visado-b2-en-linea\/\"]}]},{\"@type\":\"BreadcrumbList\",\"@id\":\"https:\/\/usa-b2.com\/es\/formulario-visado-b2-en-linea\/#breadcrumb\",\"itemListElement\":[{\"@type\":\"ListItem\",\"position\":1,\"name\":\"Accueil\",\"item\":\"https:\/\/usa-b2.com\/es\/roadtrips-ee-uu\/\"},{\"@type\":\"ListItem\",\"position\":2,\"name\":\"Formulario de visado B2 en l\u00ednea\"}]},{\"@type\":\"WebSite\",\"@id\":\"https:\/\/usa-b2.com\/es\/#website\",\"url\":\"https:\/\/usa-b2.com\/es\/\",\"name\":\"USA B2 VISA\",\"description\":\"\",\"potentialAction\":[{\"@type\":\"SearchAction\",\"target\":{\"@type\":\"EntryPoint\",\"urlTemplate\":\"https:\/\/usa-b2.com\/es\/?s={search_term_string}\"},\"query-input\":{\"@type\":\"PropertyValueSpecification\",\"valueRequired\":true,\"valueName\":\"search_term_string\"}}],\"inLanguage\":\"es\"}]}<\/script>\n<!-- \/ Yoast SEO plugin. -->","yoast_head_json":{"title":"Formulario de visado B2 en l\u00ednea - USA B2","description":"Rellena el formulario web en unos minutos para obtener un visado B2 para viajar a Estados Unidos","robots":{"index":"index","follow":"follow","max-snippet":"max-snippet:-1","max-image-preview":"max-image-preview:large","max-video-preview":"max-video-preview:-1"},"canonical":"https:\/\/usa-b2.com\/es\/formulario-visado-b2-en-linea\/","og_locale":"es_ES","og_type":"article","og_title":"Formulario de visado B2 en l\u00ednea - USA B2","og_description":"Rellena el formulario web en unos minutos para obtener un visado B2 para viajar a Estados Unidos","og_url":"https:\/\/usa-b2.com\/es\/formulario-visado-b2-en-linea\/","og_site_name":"USA B2","article_modified_time":"2026-02-25T15:35:28+00:00","twitter_card":"summary_large_image","twitter_misc":{"Tiempo de lectura":"2 minutos"},"schema":{"@context":"https:\/\/schema.org","@graph":[{"@type":"WebPage","@id":"https:\/\/usa-b2.com\/es\/formulario-visado-b2-en-linea\/","url":"https:\/\/usa-b2.com\/es\/formulario-visado-b2-en-linea\/","name":"Formulario de visado B2 en l\u00ednea - USA B2","isPartOf":{"@id":"https:\/\/usa-b2.com\/es\/#website"},"datePublished":"2024-02-10T17:02:13+00:00","dateModified":"2026-02-25T15:35:28+00:00","description":"Rellena el formulario web en unos minutos para obtener un visado B2 para viajar a Estados Unidos","breadcrumb":{"@id":"https:\/\/usa-b2.com\/es\/formulario-visado-b2-en-linea\/#breadcrumb"},"inLanguage":"es","potentialAction":[{"@type":"ReadAction","target":["https:\/\/usa-b2.com\/es\/formulario-visado-b2-en-linea\/"]}]},{"@type":"BreadcrumbList","@id":"https:\/\/usa-b2.com\/es\/formulario-visado-b2-en-linea\/#breadcrumb","itemListElement":[{"@type":"ListItem","position":1,"name":"Accueil","item":"https:\/\/usa-b2.com\/es\/roadtrips-ee-uu\/"},{"@type":"ListItem","position":2,"name":"Formulario de visado B2 en l\u00ednea"}]},{"@type":"WebSite","@id":"https:\/\/usa-b2.com\/es\/#website","url":"https:\/\/usa-b2.com\/es\/","name":"USA B2 VISA","description":"","potentialAction":[{"@type":"SearchAction","target":{"@type":"EntryPoint","urlTemplate":"https:\/\/usa-b2.com\/es\/?s={search_term_string}"},"query-input":{"@type":"PropertyValueSpecification","valueRequired":true,"valueName":"search_term_string"}}],"inLanguage":"es"}]}},"_links":{"self":[{"href":"https:\/\/usa-b2.com\/es\/wp-json\/wp\/v2\/pages\/240","targetHints":{"allow":["GET"]}}],"collection":[{"href":"https:\/\/usa-b2.com\/es\/wp-json\/wp\/v2\/pages"}],"about":[{"href":"https:\/\/usa-b2.com\/es\/wp-json\/wp\/v2\/types\/page"}],"author":[{"embeddable":true,"href":"https:\/\/usa-b2.com\/es\/wp-json\/wp\/v2\/users\/1"}],"replies":[{"embeddable":true,"href":"https:\/\/usa-b2.com\/es\/wp-json\/wp\/v2\/comments?post=240"}],"version-history":[{"count":3,"href":"https:\/\/usa-b2.com\/es\/wp-json\/wp\/v2\/pages\/240\/revisions"}],"predecessor-version":[{"id":11096,"href":"https:\/\/usa-b2.com\/es\/wp-json\/wp\/v2\/pages\/240\/revisions\/11096"}],"wp:attachment":[{"href":"https:\/\/usa-b2.com\/es\/wp-json\/wp\/v2\/media?parent=240"}],"curies":[{"name":"wp","href":"https:\/\/api.w.org\/{rel}","templated":true}]}}