{"id":210,"date":"2024-02-10T16:58:41","date_gmt":"2024-02-10T16:58:41","guid":{"rendered":"https:\/\/usa-b2.com\/formulario-esta-online\/"},"modified":"2026-04-17T08:31:22","modified_gmt":"2026-04-17T08:31:22","slug":"formulario-esta-en-linea","status":"publish","type":"page","link":"https:\/\/usa-b2.com\/es\/formulario-esta-en-linea\/","title":{"rendered":"Rellenar el formulario ESTA en l\u00ednea"},"content":{"rendered":"\t\t<div data-elementor-type=\"wp-page\" data-elementor-id=\"210\" class=\"elementor elementor-210 elementor-61\" data-elementor-post-type=\"page\">\n\t\t\t\t<div class=\"elementor-element elementor-element-56419ff8 e-flex e-con-boxed e-con e-parent\" data-id=\"56419ff8\" data-element_type=\"container\" data-e-type=\"container\">\n\t\t\t\t\t<div class=\"e-con-inner\">\n\t\t\t\t<div class=\"elementor-element elementor-element-2867cae2 elementor-widget elementor-widget-text-editor\" data-id=\"2867cae2\" data-element_type=\"widget\" data-e-type=\"widget\" data-widget_type=\"text-editor.default\">\n\t\t\t\t<div class=\"elementor-widget-container\">\n\t\t\t\t\t\t\t\t\t<h1>Formulario en l\u00ednea para obtener un ESTA<\/h1>\n<p>Los tr\u00e1mites de entrada en Estados Unidos para una estancia inferior a 90 d\u00edas pueden realizarse directamente en l\u00ednea. No necesita concertar una cita en la embajada o consulado estadounidense para obtener la autorizaci\u00f3n de viaje ESTA. <\/p>\t\t\t\t\t\t\t\t<\/div>\n\t\t\t\t<\/div>\n\t\t\t\t\t<\/div>\n\t\t\t\t<\/div>\n\t\t<div class=\"elementor-element elementor-element-2b6b869 e-flex e-con-boxed e-con e-parent\" data-id=\"2b6b869\" data-element_type=\"container\" data-e-type=\"container\">\n\t\t\t\t\t<div class=\"e-con-inner\">\n\t\t\t\t<div class=\"elementor-element elementor-element-ce061ad elementor-widget elementor-widget-button\" data-id=\"ce061ad\" data-element_type=\"widget\" data-e-type=\"widget\" data-widget_type=\"button.default\">\n\t\t\t\t<div class=\"elementor-widget-container\">\n\t\t\t\t\t\t\t\t\t<div class=\"elementor-button-wrapper\">\n\t\t\t\t\t<a class=\"elementor-button elementor-button-link elementor-size-sm\" href=\"https:\/\/usa-b2.com\/fr\/recommends\/fr-esta\/\">\n\t\t\t\t\t\t<span class=\"elementor-button-content-wrapper\">\n\t\t\t\t\t\t\t\t\t<span class=\"elementor-button-text\">Completa el formulario online<\/span>\n\t\t\t\t\t<\/span>\n\t\t\t\t\t<\/a>\n\t\t\t\t<\/div>\n\t\t\t\t\t\t\t\t<\/div>\n\t\t\t\t<\/div>\n\t\t\t\t\t<\/div>\n\t\t\t\t<\/div>\n\t\t<div class=\"elementor-element elementor-element-b8872fc e-flex e-con-boxed e-con e-parent\" data-id=\"b8872fc\" data-element_type=\"container\" data-e-type=\"container\">\n\t\t\t\t\t<div class=\"e-con-inner\">\n\t\t\t\t<div class=\"elementor-element elementor-element-30e6387 elementor-widget elementor-widget-spacer\" data-id=\"30e6387\" data-element_type=\"widget\" data-e-type=\"widget\" data-widget_type=\"spacer.default\">\n\t\t\t\t<div class=\"elementor-widget-container\">\n\t\t\t\t\t\t\t<div class=\"elementor-spacer\">\n\t\t\t<div class=\"elementor-spacer-inner\"><\/div>\n\t\t<\/div>\n\t\t\t\t\t\t<\/div>\n\t\t\t\t<\/div>\n\t\t\t\t\t<\/div>\n\t\t\t\t<\/div>\n\t\t<div class=\"elementor-element elementor-element-9542cde e-flex e-con-boxed e-con e-parent\" data-id=\"9542cde\" data-element_type=\"container\" data-e-type=\"container\">\n\t\t\t\t\t<div class=\"e-con-inner\">\n\t\t\t\t<div class=\"elementor-element elementor-element-ff08436 elementor-widget elementor-widget-text-editor\" data-id=\"ff08436\" data-element_type=\"widget\" data-e-type=\"widget\" data-widget_type=\"text-editor.default\">\n\t\t\t\t<div class=\"elementor-widget-container\">\n\t\t\t\t\t\t\t\t\t<p>El formulario en l\u00ednea puede cumplimentarse en unos minutos si el solicitante est\u00e1 en posesi\u00f3n de sus documentos de viaje.<\/p><p>El ESTA forma parte del <a href=\"https:\/\/usa-b2.com\/es\/programa-de-exencion-de-visado\/\">Programa de Exenci\u00f3n de Visado<\/a>. Este programa estadounidense de exenci\u00f3n de visado permite a los nacionales de los pa\u00edses miembros viajar a Estados Unidos sin visado por motivos de turismo, negocios o tr\u00e1nsito. <\/p>\t\t\t\t\t\t\t\t<\/div>\n\t\t\t\t<\/div>\n\t\t\t\t\t<\/div>\n\t\t\t\t<\/div>\n\t\t<div class=\"elementor-element elementor-element-47b375d e-flex e-con-boxed e-con e-parent\" data-id=\"47b375d\" data-element_type=\"container\" data-e-type=\"container\">\n\t\t\t\t\t<div class=\"e-con-inner\">\n\t\t\t\t<div class=\"elementor-element elementor-element-6e123f9 elementor-widget elementor-widget-text-editor\" data-id=\"6e123f9\" data-element_type=\"widget\" data-e-type=\"widget\" data-widget_type=\"text-editor.default\">\n\t\t\t\t<div class=\"elementor-widget-container\">\n\t\t\t\t\t\t\t\t\t<h2>\u00bfCu\u00e1nto tiempo se tarda en tramitar una solicitud ESTA?<\/h2><p>Una vez que se ha pagado el ESTA en l\u00ednea, la solicitud ESTA se valida y pasa a la fase de tramitaci\u00f3n. La tramitaci\u00f3n est\u00e1 informatizada y s\u00f3lo lleva unos minutos.  Esto significa que los solicitantes pueden recibir en pocos minutos un correo electr\u00f3nico confirmando que su autorizaci\u00f3n ESTA ha sido aprobada.<\/p><p>A veces la respuesta no llega al candidato en unos minutos. En algunos casos, es necesario un tratamiento humano para validar la solicitud. El sitio web oficial del ESTA se compromete a dar una respuesta en un plazo de 72 horas. Para m\u00e1s informaci\u00f3n, consulta nuestra p\u00e1gina en la que explicamos <a href=\"https:\/\/usa-b2.com\/es\/que-es-una-esta\/\">qu\u00e9 es el ESTA<\/a>.   <\/p>\t\t\t\t\t\t\t\t<\/div>\n\t\t\t\t<\/div>\n\t\t\t\t\t<\/div>\n\t\t\t\t<\/div>\n\t\t<div class=\"elementor-element elementor-element-dad46bc e-flex e-con-boxed e-con e-parent\" data-id=\"dad46bc\" data-element_type=\"container\" data-e-type=\"container\">\n\t\t\t\t\t<div class=\"e-con-inner\">\n\t\t\t\t<div class=\"elementor-element elementor-element-6d0d0c4 elementor-widget elementor-widget-text-editor\" data-id=\"6d0d0c4\" data-element_type=\"widget\" data-e-type=\"widget\" data-widget_type=\"text-editor.default\">\n\t\t\t\t<div class=\"elementor-widget-container\">\n\t\t\t\t\t\t\t\t\t<h2>\u00bfDurante cu\u00e1nto tiempo es v\u00e1lida una autorizaci\u00f3n ESTA?<\/h2><p>El <a href=\"https:\/\/usa-b2.com\/es\/periodo-validez-esta\/\">ESTA es v\u00e1lido<\/a> durante un periodo de tiempo limitado. El periodo inicial de validez suele ser de 2 a\u00f1os. En determinadas condiciones, el periodo de validez se reduce: por ejemplo, si el <a href=\"https:\/\/usa-b2.com\/es\/pasaporte-viajar-estados-unidos\/\">pasaporte para EE.UU.<\/a> utilizado para obtener el ESTA ya no es v\u00e1lido, entonces el propio ESTA ya no es v\u00e1lido.  <\/p>\t\t\t\t\t\t\t\t<\/div>\n\t\t\t\t<\/div>\n\t\t\t\t\t<\/div>\n\t\t\t\t<\/div>\n\t\t<div class=\"elementor-element elementor-element-ee7de17 e-flex e-con-boxed e-con e-parent\" data-id=\"ee7de17\" data-element_type=\"container\" data-e-type=\"container\">\n\t\t\t\t\t<div class=\"e-con-inner\">\n\t\t\t\t<div class=\"elementor-element elementor-element-b0556fc elementor-widget elementor-widget-text-editor\" data-id=\"b0556fc\" data-element_type=\"widget\" data-e-type=\"widget\" data-widget_type=\"text-editor.default\">\n\t\t\t\t<div class=\"elementor-widget-container\">\n\t\t\t\t\t\t\t\t\t<h2>\u00bfDebo imprimir mi autorizaci\u00f3n ESTA?<\/h2><p>El proceso de solicitud del ESTA es 100% online. La respuesta a la solicitud ESTA se env\u00eda al solicitante \u00fanicamente por correo electr\u00f3nico. Sin embargo, no es necesario que hayas <a href=\"https:\/\/usa-b2.com\/es\/imprimir-esta\/\">impreso tu ESTA<\/a> antes de ir al aeropuerto.  <\/p><p>El sistema inform\u00e1tico que valid\u00f3 la autorizaci\u00f3n de viaje es consultado por los funcionarios de aduanas estadounidenses cuando el viajero llega a la frontera estadounidense.<\/p>\t\t\t\t\t\t\t\t<\/div>\n\t\t\t\t<\/div>\n\t\t\t\t\t<\/div>\n\t\t\t\t<\/div>\n\t\t\t\t<\/div>\n\t\t","protected":false},"excerpt":{"rendered":"<p>Formulario en l\u00ednea para obtener un ESTA Los tr\u00e1mites de entrada en Estados Unidos para una estancia inferior a 90 d\u00edas pueden realizarse directamente en l\u00ednea. No necesita concertar una cita en la embajada o consulado estadounidense para obtener la autorizaci\u00f3n de viaje ESTA. Completa el formulario online El formulario en l\u00ednea puede cumplimentarse en [&hellip;]<\/p>\n","protected":false},"author":1,"featured_media":0,"parent":0,"menu_order":0,"comment_status":"closed","ping_status":"closed","template":"","meta":{"footnotes":""},"class_list":["post-210","page","type-page","status-publish","hentry"],"yoast_head":"<!-- This site is optimized with the Yoast SEO plugin v27.4 - https:\/\/yoast.com\/product\/yoast-seo-wordpress\/ -->\n<title>Rellenar el formulario ESTA en l\u00ednea - USA B2<\/title>\n<meta name=\"description\" content=\"Rellene el formulario ESTA en l\u00ednea para obtener en unos minutos un certificado de viaje a Estados Unidos\" \/>\n<meta name=\"robots\" content=\"index, follow, max-snippet:-1, max-image-preview:large, max-video-preview:-1\" \/>\n<link rel=\"canonical\" href=\"https:\/\/usa-b2.com\/es\/formulario-esta-en-linea\/\" \/>\n<meta property=\"og:locale\" content=\"es_ES\" \/>\n<meta property=\"og:type\" content=\"article\" \/>\n<meta property=\"og:title\" content=\"Rellenar el formulario ESTA en l\u00ednea - USA B2\" \/>\n<meta property=\"og:description\" content=\"Rellene el formulario ESTA en l\u00ednea para obtener en unos minutos un certificado de viaje a Estados Unidos\" \/>\n<meta property=\"og:url\" content=\"https:\/\/usa-b2.com\/es\/formulario-esta-en-linea\/\" \/>\n<meta property=\"og:site_name\" content=\"USA B2\" \/>\n<meta property=\"article:modified_time\" content=\"2026-04-17T08:31:22+00:00\" \/>\n<meta name=\"twitter:card\" content=\"summary_large_image\" \/>\n<meta name=\"twitter:label1\" content=\"Tiempo de lectura\" \/>\n\t<meta name=\"twitter:data1\" content=\"2 minutos\" \/>\n<script type=\"application\/ld+json\" class=\"yoast-schema-graph\">{\"@context\":\"https:\\\/\\\/schema.org\",\"@graph\":[{\"@type\":\"WebPage\",\"@id\":\"https:\\\/\\\/usa-b2.com\\\/es\\\/formulario-esta-en-linea\\\/\",\"url\":\"https:\\\/\\\/usa-b2.com\\\/es\\\/formulario-esta-en-linea\\\/\",\"name\":\"Rellenar el formulario ESTA en l\u00ednea - USA B2\",\"isPartOf\":{\"@id\":\"https:\\\/\\\/usa-b2.com\\\/es\\\/#website\"},\"datePublished\":\"2024-02-10T16:58:41+00:00\",\"dateModified\":\"2026-04-17T08:31:22+00:00\",\"description\":\"Rellene el formulario ESTA en l\u00ednea para obtener en unos minutos un certificado de viaje a Estados Unidos\",\"breadcrumb\":{\"@id\":\"https:\\\/\\\/usa-b2.com\\\/es\\\/formulario-esta-en-linea\\\/#breadcrumb\"},\"inLanguage\":\"es\",\"potentialAction\":[{\"@type\":\"ReadAction\",\"target\":[\"https:\\\/\\\/usa-b2.com\\\/es\\\/formulario-esta-en-linea\\\/\"]}]},{\"@type\":\"BreadcrumbList\",\"@id\":\"https:\\\/\\\/usa-b2.com\\\/es\\\/formulario-esta-en-linea\\\/#breadcrumb\",\"itemListElement\":[{\"@type\":\"ListItem\",\"position\":1,\"name\":\"Accueil\",\"item\":\"https:\\\/\\\/usa-b2.com\\\/es\\\/ee-uu\\\/\"},{\"@type\":\"ListItem\",\"position\":2,\"name\":\"Rellenar el formulario ESTA en l\u00ednea\"}]},{\"@type\":\"WebSite\",\"@id\":\"https:\\\/\\\/usa-b2.com\\\/es\\\/#website\",\"url\":\"https:\\\/\\\/usa-b2.com\\\/es\\\/\",\"name\":\"USA B2 VISA\",\"description\":\"\",\"potentialAction\":[{\"@type\":\"SearchAction\",\"target\":{\"@type\":\"EntryPoint\",\"urlTemplate\":\"https:\\\/\\\/usa-b2.com\\\/es\\\/?s={search_term_string}\"},\"query-input\":{\"@type\":\"PropertyValueSpecification\",\"valueRequired\":true,\"valueName\":\"search_term_string\"}}],\"inLanguage\":\"es\"}]}<\/script>\n<!-- \/ Yoast SEO plugin. -->","yoast_head_json":{"title":"Rellenar el formulario ESTA en l\u00ednea - USA B2","description":"Rellene el formulario ESTA en l\u00ednea para obtener en unos minutos un certificado de viaje a Estados Unidos","robots":{"index":"index","follow":"follow","max-snippet":"max-snippet:-1","max-image-preview":"max-image-preview:large","max-video-preview":"max-video-preview:-1"},"canonical":"https:\/\/usa-b2.com\/es\/formulario-esta-en-linea\/","og_locale":"es_ES","og_type":"article","og_title":"Rellenar el formulario ESTA en l\u00ednea - USA B2","og_description":"Rellene el formulario ESTA en l\u00ednea para obtener en unos minutos un certificado de viaje a Estados Unidos","og_url":"https:\/\/usa-b2.com\/es\/formulario-esta-en-linea\/","og_site_name":"USA B2","article_modified_time":"2026-04-17T08:31:22+00:00","twitter_card":"summary_large_image","twitter_misc":{"Tiempo de lectura":"2 minutos"},"schema":{"@context":"https:\/\/schema.org","@graph":[{"@type":"WebPage","@id":"https:\/\/usa-b2.com\/es\/formulario-esta-en-linea\/","url":"https:\/\/usa-b2.com\/es\/formulario-esta-en-linea\/","name":"Rellenar el formulario ESTA en l\u00ednea - USA B2","isPartOf":{"@id":"https:\/\/usa-b2.com\/es\/#website"},"datePublished":"2024-02-10T16:58:41+00:00","dateModified":"2026-04-17T08:31:22+00:00","description":"Rellene el formulario ESTA en l\u00ednea para obtener en unos minutos un certificado de viaje a Estados Unidos","breadcrumb":{"@id":"https:\/\/usa-b2.com\/es\/formulario-esta-en-linea\/#breadcrumb"},"inLanguage":"es","potentialAction":[{"@type":"ReadAction","target":["https:\/\/usa-b2.com\/es\/formulario-esta-en-linea\/"]}]},{"@type":"BreadcrumbList","@id":"https:\/\/usa-b2.com\/es\/formulario-esta-en-linea\/#breadcrumb","itemListElement":[{"@type":"ListItem","position":1,"name":"Accueil","item":"https:\/\/usa-b2.com\/es\/ee-uu\/"},{"@type":"ListItem","position":2,"name":"Rellenar el formulario ESTA en l\u00ednea"}]},{"@type":"WebSite","@id":"https:\/\/usa-b2.com\/es\/#website","url":"https:\/\/usa-b2.com\/es\/","name":"USA B2 VISA","description":"","potentialAction":[{"@type":"SearchAction","target":{"@type":"EntryPoint","urlTemplate":"https:\/\/usa-b2.com\/es\/?s={search_term_string}"},"query-input":{"@type":"PropertyValueSpecification","valueRequired":true,"valueName":"search_term_string"}}],"inLanguage":"es"}]}},"_links":{"self":[{"href":"https:\/\/usa-b2.com\/es\/wp-json\/wp\/v2\/pages\/210","targetHints":{"allow":["GET"]}}],"collection":[{"href":"https:\/\/usa-b2.com\/es\/wp-json\/wp\/v2\/pages"}],"about":[{"href":"https:\/\/usa-b2.com\/es\/wp-json\/wp\/v2\/types\/page"}],"author":[{"embeddable":true,"href":"https:\/\/usa-b2.com\/es\/wp-json\/wp\/v2\/users\/1"}],"replies":[{"embeddable":true,"href":"https:\/\/usa-b2.com\/es\/wp-json\/wp\/v2\/comments?post=210"}],"version-history":[{"count":3,"href":"https:\/\/usa-b2.com\/es\/wp-json\/wp\/v2\/pages\/210\/revisions"}],"predecessor-version":[{"id":11347,"href":"https:\/\/usa-b2.com\/es\/wp-json\/wp\/v2\/pages\/210\/revisions\/11347"}],"wp:attachment":[{"href":"https:\/\/usa-b2.com\/es\/wp-json\/wp\/v2\/media?parent=210"}],"curies":[{"name":"wp","href":"https:\/\/api.w.org\/{rel}","templated":true}]}}