{"id":1451,"date":"2024-02-27T10:25:43","date_gmt":"2024-02-27T10:25:43","guid":{"rendered":"https:\/\/usa-b2.com\/procedimiento-solicitud-visado-b2\/"},"modified":"2025-02-06T10:08:39","modified_gmt":"2025-02-06T10:08:39","slug":"procedimiento-solicitud-visado-b2","status":"publish","type":"page","link":"https:\/\/usa-b2.com\/es\/procedimiento-solicitud-visado-b2\/","title":{"rendered":"Procedimiento de solicitud de visado B2"},"content":{"rendered":"\n<h1 class=\"wp-block-heading\">Pasos para solicitar un visado B2<\/h1>\n\n<p>El proceso de solicitud del visado B2 implica una serie de pasos que se completan en l\u00ednea. El procedimiento finaliza con una entrevista en la embajada o consulado estadounidense en el pa\u00eds de residencia del solicitante. <\/p>\n\n<h2 class=\"wp-block-heading\" id=\"h-demande-de-visa-touristique-usa\">\u00bfC\u00f3mo se solicita un visado B2?<\/h2>\n\n<p>Para <a href=\"https:\/\/usa-b2.com\/es\/formulario-visado-b2-en-linea\/\">solicitar un visado de turista B2<\/a> para Estados Unidos, los solicitantes deben completar los siguientes pasos:<\/p>\n\n<ol class=\"wp-block-list\">\n<li>Rellena el <a href=\"https:\/\/usa-b2.com\/es\/ds-160\/\">formulario DS-160<\/a> en l\u00ednea ;<\/li>\n\n\n\n<li>Pagar la tasa de visado para validar la solicitud;<\/li>\n\n\n\n<li>Pide cita para el visado en una <a href=\"https:\/\/usa-b2.com\/es\/embajada-de-los-estados-unidos\/\">embajada estadounidense<\/a>;<\/li>\n\n\n\n<li>Prepare la entrevista y re\u00fana los documentos justificativos;<\/li>\n\n\n\n<li>Participe en una entrevista con un funcionario consular para finalizar su solicitud de visado.<\/li>\n<\/ol>\n\n<p>Si el solicitante de visado es ciudadano de un pa\u00eds miembro del <a href=\"https:\/\/usa-b2.com\/es\/programa-de-exencion-de-visado\/\">Programa de Exenci\u00f3n de Visado<\/a>, no es necesario obtener un visado para una estancia inferior a 90 d\u00edas en Estados Unidos. <strong>Pueden simplemente obtener un certificado ESTA<\/strong> haciendo clic en el <a href=\"https:\/\/usa-b2.com\/es\/formulario-esta-en-linea\/\">formulario ESTA en l\u00ednea<\/a>.<\/p>\n\n<div style=\"height:10px\" aria-hidden=\"true\" class=\"wp-block-spacer\"><\/div>\n\n<h3 class=\"wp-block-heading\" id=\"h-soumettre-le-formulaire-ds-160\">Cumplimentar el formulario de solicitud de visado DS-160<\/h3>\n\n<p>El procedimiento de solicitud de visado comienza en l\u00ednea. Los solicitantes deben cumplimentar el <a href=\"https:\/\/usa-b2.com\/es\/ds-160\/\">formulario DS-160<\/a> para iniciar su solicitud en la p\u00e1gina web del Departamento de Estado de EE.UU. Al inicio del proceso en l\u00ednea, los solicitantes reciben un n\u00famero de expediente que deben conservar. El n\u00famero de archivo tiene este aspecto:   <\/p>\n\n<figure class=\"wp-block-image size-full\"><img fetchpriority=\"high\" decoding=\"async\" width=\"562\" height=\"274\" src=\"https:\/\/usa-b2.com\/wp-content\/uploads\/2024\/02\/ID-b2-visa-application.webp\" alt=\"\" class=\"wp-image-1426\" srcset=\"https:\/\/usa-b2.com\/wp-content\/uploads\/2024\/02\/ID-b2-visa-application.webp 562w, https:\/\/usa-b2.com\/wp-content\/uploads\/2024\/02\/ID-b2-visa-application-300x146.webp 300w\" sizes=\"(max-width: 562px) 100vw, 562px\" \/><figcaption class=\"wp-element-caption\">Identificar una solicitud de visado en l\u00ednea<\/figcaption><\/figure>\n\n<p>A continuaci\u00f3n, los solicitantes deber\u00e1n cumplimentar el formulario en l\u00ednea. Est\u00e1 dividido en varias secciones que cubren la siguiente informaci\u00f3n: <\/p>\n\n<ul class=\"wp-block-list\">\n<li>Datos personales del candidato<\/li>\n\n\n\n<li>Informaci\u00f3n sobre el viaje previsto<\/li>\n\n\n\n<li>Presentaci\u00f3n de otros viajeros<\/li>\n\n\n\n<li>Descripci\u00f3n de viajes anteriores a EE.UU.<\/li>\n\n\n\n<li>Direcci\u00f3n y tel\u00e9fono personales<\/li>\n\n\n\n<li>Informaci\u00f3n sobre <a href=\"https:\/\/usa-b2.com\/es\/pasaporte-viajar-estados-unidos\/\">pasaportes para EE.UU.<\/a><\/li>\n\n\n\n<li>Contactos en Estados Unidos<\/li>\n\n\n\n<li>Situaci\u00f3n familiar<\/li>\n\n\n\n<li>Empleo, educaci\u00f3n y formaci\u00f3n<\/li>\n\n\n\n<li>Seguridad y medio ambiente<\/li>\n<\/ul>\n\n<p>Una vez cumplimentado el formulario, el solicitante puede presentar su solicitud. La p\u00e1gina de confirmaci\u00f3n mostrar\u00e1 el c\u00f3digo personal asignado al solicitante para adjuntar los justificantes. <\/p>\n\n<h3 class=\"wp-block-heading\">Pagar la tasa de visado para validar la solicitud de visado<\/h3>\n\n<p>La <a href=\"https:\/\/usa-b2.com\/es\/tasas-visado-b2\/\">tasa del visado B2<\/a> es de 185 USD. El importe se increment\u00f3 en 2023. Para validar la solicitud de visado en l\u00ednea, los solicitantes deben pagar las tasas inmediatamente despu\u00e9s de registrar su solicitud de visado.<\/p>\n\n<p>Las tasas de visado pueden pagarse de distintas formas:<\/p>\n\n<ul class=\"wp-block-list\">\n<li>Pago en l\u00ednea con tarjeta de cr\u00e9dito<\/li>\n\n\n\n<li>Pago de tasas por transferencia bancaria<\/li>\n\n\n\n<li>Pago mediante resguardo de ingreso en efectivo en un banco acreditado en EE.UU.<\/li>\n<\/ul>\n\n<p>El importe se expresa en d\u00f3lares, pero el banco del candidato lo convertir\u00e1 autom\u00e1ticamente a su moneda local. El justificante de pago debe conservarse y adjuntarse a los documentos que se presentar\u00e1n en la <a href=\"https:\/\/usa-b2.com\/es\/cita-visa-embajada-ee-uu\/\">cita para el visado en la embajada<\/a>. <\/p>\n\n<h3 class=\"wp-block-heading\">Concertar una entrevista con un funcionario consular estadounidense<\/h3>\n\n<p>Una vez abonada la tasa de visado, el solicitante debe concertar una cita con la embajada o consulado de EE.UU. en su pa\u00eds de residencia. Los solicitantes deben someterse a una entrevista con un funcionario consular en la embajada o consulado estadounidense in situ.   <\/p>\n\n<p>Las citas pueden concertarse en l\u00ednea a trav\u00e9s del sitio web del <a href=\"https:\/\/www.uscis.gov\/\">USCIS<\/a>. Los candidatos eligen entre las fechas y horas disponibles publicadas en l\u00ednea. En general, las embajadas se organizan de modo que las entrevistas tengan lugar por la ma\u00f1ana de lunes a viernes.<\/p>\n\n<p>Esta entrevista es la \u00faltima etapa en la obtenci\u00f3n de un visado, y a continuaci\u00f3n le explicaremos c\u00f3mo funciona con m\u00e1s detalle. Una vez concertada la <a href=\"https:\/\/usa-b2.com\/es\/cita-visa-embajada-ee-uu\/\">entrevista para el visado en la embajada<\/a>, el solicitante debe preparar los documentos que presentar\u00e1 el d\u00eda de la cita. <\/p>\n\n<h3 class=\"wp-block-heading\">Preparaci\u00f3n de la reuni\u00f3n de solicitud de visado<\/h3>\n\n<p>Los solicitantes deben prepararse para la cita que finalizar\u00e1 su solicitud de visado. Esta preparaci\u00f3n implica dos tareas principales: <\/p>\n\n<ul class=\"wp-block-list\">\n<li>Realizar un reconocimiento m\u00e9dico;<\/li>\n\n\n\n<li>Re\u00fana los documentos justificativos de su solicitud de visado.<\/li>\n<\/ul>\n\n<p>El expediente de documentos justificativos que debe prepararse para la cita incluye todos los documentos originales que justifican la solicitud de visado. Estos documentos deben presentarse en la entrevista. <\/p>\n\n<p><strong>Esta es la lista de documentos necesarios para solicitar un visado B2<\/strong><\/p>\n\n<ul class=\"wp-block-list\">\n<li>Justificante de pago de las <a href=\"https:\/\/usa-b2.com\/es\/tasas-visado-b2\/\">tasas de visado<\/a>;<\/li>\n\n\n\n<li>El c\u00f3digo de identificaci\u00f3n personal obtenido al iniciar el formulario DS-160;<\/li>\n\n\n\n<li>Confirmaci\u00f3n impresa de su cita<\/li>\n\n\n\n<li>Una foto que cumpla los requisitos para un visado B2;<\/li>\n\n\n\n<li>Una carta personal en la que describa el motivo de su estancia en EE.UU. ;<\/li>\n\n\n\n<li>Prueba de financiaci\u00f3n de la estancia en Estados Unidos ;<\/li>\n\n\n\n<li>Documentos que ilustren los v\u00ednculos del solicitante con su pa\u00eds de origen y que demuestren que regresar\u00e1 a su pa\u00eds al t\u00e9rmino de su estancia;<\/li>\n\n\n\n<li>Antecedentes penales limpios o un certificado de las autoridades en el que conste que no tiene condenas.<\/li>\n<\/ul>\n\n<div style=\"height:10px\" aria-hidden=\"true\" class=\"wp-block-spacer\"><\/div>\n\n<h3 class=\"wp-block-heading\">Asistir a la entrevista en la Embajada de EE.UU.<\/h3>\n\n<p>Los solicitantes deben llegar a la embajada con 15 minutos extra para permitir los controles de seguridad antes de la hora de la cita. Una vez pasados los controles de seguridad, se les toman las huellas dactilares y se les conduce a la sala de espera para su cita. <\/p>\n\n<p>La entrevista dura unos 15 minutos y suele hacerse en ingl\u00e9s. El intercambio puede realizarse en el idioma local si el funcionario de la embajada lo habla con fluidez. Durante la entrevista se repasan los siguientes temas:  <\/p>\n\n<ul class=\"wp-block-list\">\n<li>\u00bfPor qu\u00e9 visita Estados Unidos?<\/li>\n\n\n\n<li>\u00bfCu\u00e1l ser\u00e1 el itinerario y el alojamiento?<\/li>\n\n\n\n<li>\u00bfC\u00f3mo se financiar\u00e1n las vacaciones?<\/li>\n<\/ul>\n\n<p>Al final de la entrevista, el funcionario consular indicar\u00e1 si se ha concedido el visado. El pasaporte sellado con el <a href=\"https:\/\/usa-b2.com\/es\/\">visado B2<\/a> se enviar\u00e1 por correo poco despu\u00e9s. <\/p>\n\n<p><\/p>\n","protected":false},"excerpt":{"rendered":"<p>Pasos para solicitar un visado B2 El proceso de solicitud del visado B2 implica una serie de pasos que se completan en l\u00ednea. El procedimiento finaliza con una entrevista en la embajada o consulado estadounidense en el pa\u00eds de residencia del solicitante. \u00bfC\u00f3mo se solicita un visado B2? Para solicitar un visado de turista B2 [&hellip;]<\/p>\n","protected":false},"author":1,"featured_media":0,"parent":0,"menu_order":0,"comment_status":"closed","ping_status":"closed","template":"","meta":{"footnotes":""},"class_list":["post-1451","page","type-page","status-publish","hentry"],"yoast_head":"<!-- This site is optimized with the Yoast SEO plugin v27.4 - https:\/\/yoast.com\/product\/yoast-seo-wordpress\/ -->\n<title>Procedimiento de solicitud de visado B2 - USA B2<\/title>\n<meta name=\"description\" content=\"C\u00f3mo solicitar un visado B2 por Internet. El procedimiento es detallado y consta de varias etapas.\" \/>\n<meta name=\"robots\" content=\"index, follow, max-snippet:-1, max-image-preview:large, max-video-preview:-1\" \/>\n<link rel=\"canonical\" href=\"https:\/\/usa-b2.com\/es\/procedimiento-solicitud-visado-b2\/\" \/>\n<meta property=\"og:locale\" content=\"es_ES\" \/>\n<meta property=\"og:type\" content=\"article\" \/>\n<meta property=\"og:title\" content=\"Procedimiento de solicitud de visado B2 - USA B2\" \/>\n<meta property=\"og:description\" content=\"C\u00f3mo solicitar un visado B2 por Internet. El procedimiento es detallado y consta de varias etapas.\" \/>\n<meta property=\"og:url\" content=\"https:\/\/usa-b2.com\/es\/procedimiento-solicitud-visado-b2\/\" \/>\n<meta property=\"og:site_name\" content=\"USA B2\" \/>\n<meta property=\"article:modified_time\" content=\"2025-02-06T10:08:39+00:00\" \/>\n<meta property=\"og:image\" content=\"https:\/\/usa-b2.com\/wp-content\/uploads\/2024\/02\/ID-b2-visa-application.webp\" \/>\n\t<meta property=\"og:image:width\" content=\"562\" \/>\n\t<meta property=\"og:image:height\" content=\"274\" \/>\n\t<meta property=\"og:image:type\" content=\"image\/webp\" \/>\n<meta name=\"twitter:card\" content=\"summary_large_image\" \/>\n<meta name=\"twitter:label1\" content=\"Tiempo de lectura\" \/>\n\t<meta name=\"twitter:data1\" content=\"5 minutos\" \/>\n<script type=\"application\/ld+json\" class=\"yoast-schema-graph\">{\"@context\":\"https:\\\/\\\/schema.org\",\"@graph\":[{\"@type\":\"WebPage\",\"@id\":\"https:\\\/\\\/usa-b2.com\\\/es\\\/procedimiento-solicitud-visado-b2\\\/\",\"url\":\"https:\\\/\\\/usa-b2.com\\\/es\\\/procedimiento-solicitud-visado-b2\\\/\",\"name\":\"Procedimiento de solicitud de visado B2 - USA B2\",\"isPartOf\":{\"@id\":\"https:\\\/\\\/usa-b2.com\\\/es\\\/#website\"},\"primaryImageOfPage\":{\"@id\":\"https:\\\/\\\/usa-b2.com\\\/es\\\/procedimiento-solicitud-visado-b2\\\/#primaryimage\"},\"image\":{\"@id\":\"https:\\\/\\\/usa-b2.com\\\/es\\\/procedimiento-solicitud-visado-b2\\\/#primaryimage\"},\"thumbnailUrl\":\"https:\\\/\\\/usa-b2.com\\\/wp-content\\\/uploads\\\/2024\\\/02\\\/ID-b2-visa-application.webp\",\"datePublished\":\"2024-02-27T10:25:43+00:00\",\"dateModified\":\"2025-02-06T10:08:39+00:00\",\"description\":\"C\u00f3mo solicitar un visado B2 por Internet. El procedimiento es detallado y consta de varias etapas.\",\"breadcrumb\":{\"@id\":\"https:\\\/\\\/usa-b2.com\\\/es\\\/procedimiento-solicitud-visado-b2\\\/#breadcrumb\"},\"inLanguage\":\"es\",\"potentialAction\":[{\"@type\":\"ReadAction\",\"target\":[\"https:\\\/\\\/usa-b2.com\\\/es\\\/procedimiento-solicitud-visado-b2\\\/\"]}]},{\"@type\":\"ImageObject\",\"inLanguage\":\"es\",\"@id\":\"https:\\\/\\\/usa-b2.com\\\/es\\\/procedimiento-solicitud-visado-b2\\\/#primaryimage\",\"url\":\"https:\\\/\\\/usa-b2.com\\\/wp-content\\\/uploads\\\/2024\\\/02\\\/ID-b2-visa-application.webp\",\"contentUrl\":\"https:\\\/\\\/usa-b2.com\\\/wp-content\\\/uploads\\\/2024\\\/02\\\/ID-b2-visa-application.webp\"},{\"@type\":\"BreadcrumbList\",\"@id\":\"https:\\\/\\\/usa-b2.com\\\/es\\\/procedimiento-solicitud-visado-b2\\\/#breadcrumb\",\"itemListElement\":[{\"@type\":\"ListItem\",\"position\":1,\"name\":\"Accueil\",\"item\":\"https:\\\/\\\/usa-b2.com\\\/es\\\/ee-uu\\\/\"},{\"@type\":\"ListItem\",\"position\":2,\"name\":\"Procedimiento de solicitud de visado B2\"}]},{\"@type\":\"WebSite\",\"@id\":\"https:\\\/\\\/usa-b2.com\\\/es\\\/#website\",\"url\":\"https:\\\/\\\/usa-b2.com\\\/es\\\/\",\"name\":\"USA B2 VISA\",\"description\":\"\",\"potentialAction\":[{\"@type\":\"SearchAction\",\"target\":{\"@type\":\"EntryPoint\",\"urlTemplate\":\"https:\\\/\\\/usa-b2.com\\\/es\\\/?s={search_term_string}\"},\"query-input\":{\"@type\":\"PropertyValueSpecification\",\"valueRequired\":true,\"valueName\":\"search_term_string\"}}],\"inLanguage\":\"es\"}]}<\/script>\n<!-- \/ Yoast SEO plugin. -->","yoast_head_json":{"title":"Procedimiento de solicitud de visado B2 - USA B2","description":"C\u00f3mo solicitar un visado B2 por Internet. El procedimiento es detallado y consta de varias etapas.","robots":{"index":"index","follow":"follow","max-snippet":"max-snippet:-1","max-image-preview":"max-image-preview:large","max-video-preview":"max-video-preview:-1"},"canonical":"https:\/\/usa-b2.com\/es\/procedimiento-solicitud-visado-b2\/","og_locale":"es_ES","og_type":"article","og_title":"Procedimiento de solicitud de visado B2 - USA B2","og_description":"C\u00f3mo solicitar un visado B2 por Internet. El procedimiento es detallado y consta de varias etapas.","og_url":"https:\/\/usa-b2.com\/es\/procedimiento-solicitud-visado-b2\/","og_site_name":"USA B2","article_modified_time":"2025-02-06T10:08:39+00:00","og_image":[{"width":562,"height":274,"url":"https:\/\/usa-b2.com\/wp-content\/uploads\/2024\/02\/ID-b2-visa-application.webp","type":"image\/webp"}],"twitter_card":"summary_large_image","twitter_misc":{"Tiempo de lectura":"5 minutos"},"schema":{"@context":"https:\/\/schema.org","@graph":[{"@type":"WebPage","@id":"https:\/\/usa-b2.com\/es\/procedimiento-solicitud-visado-b2\/","url":"https:\/\/usa-b2.com\/es\/procedimiento-solicitud-visado-b2\/","name":"Procedimiento de solicitud de visado B2 - USA B2","isPartOf":{"@id":"https:\/\/usa-b2.com\/es\/#website"},"primaryImageOfPage":{"@id":"https:\/\/usa-b2.com\/es\/procedimiento-solicitud-visado-b2\/#primaryimage"},"image":{"@id":"https:\/\/usa-b2.com\/es\/procedimiento-solicitud-visado-b2\/#primaryimage"},"thumbnailUrl":"https:\/\/usa-b2.com\/wp-content\/uploads\/2024\/02\/ID-b2-visa-application.webp","datePublished":"2024-02-27T10:25:43+00:00","dateModified":"2025-02-06T10:08:39+00:00","description":"C\u00f3mo solicitar un visado B2 por Internet. El procedimiento es detallado y consta de varias etapas.","breadcrumb":{"@id":"https:\/\/usa-b2.com\/es\/procedimiento-solicitud-visado-b2\/#breadcrumb"},"inLanguage":"es","potentialAction":[{"@type":"ReadAction","target":["https:\/\/usa-b2.com\/es\/procedimiento-solicitud-visado-b2\/"]}]},{"@type":"ImageObject","inLanguage":"es","@id":"https:\/\/usa-b2.com\/es\/procedimiento-solicitud-visado-b2\/#primaryimage","url":"https:\/\/usa-b2.com\/wp-content\/uploads\/2024\/02\/ID-b2-visa-application.webp","contentUrl":"https:\/\/usa-b2.com\/wp-content\/uploads\/2024\/02\/ID-b2-visa-application.webp"},{"@type":"BreadcrumbList","@id":"https:\/\/usa-b2.com\/es\/procedimiento-solicitud-visado-b2\/#breadcrumb","itemListElement":[{"@type":"ListItem","position":1,"name":"Accueil","item":"https:\/\/usa-b2.com\/es\/ee-uu\/"},{"@type":"ListItem","position":2,"name":"Procedimiento de solicitud de visado B2"}]},{"@type":"WebSite","@id":"https:\/\/usa-b2.com\/es\/#website","url":"https:\/\/usa-b2.com\/es\/","name":"USA B2 VISA","description":"","potentialAction":[{"@type":"SearchAction","target":{"@type":"EntryPoint","urlTemplate":"https:\/\/usa-b2.com\/es\/?s={search_term_string}"},"query-input":{"@type":"PropertyValueSpecification","valueRequired":true,"valueName":"search_term_string"}}],"inLanguage":"es"}]}},"_links":{"self":[{"href":"https:\/\/usa-b2.com\/es\/wp-json\/wp\/v2\/pages\/1451","targetHints":{"allow":["GET"]}}],"collection":[{"href":"https:\/\/usa-b2.com\/es\/wp-json\/wp\/v2\/pages"}],"about":[{"href":"https:\/\/usa-b2.com\/es\/wp-json\/wp\/v2\/types\/page"}],"author":[{"embeddable":true,"href":"https:\/\/usa-b2.com\/es\/wp-json\/wp\/v2\/users\/1"}],"replies":[{"embeddable":true,"href":"https:\/\/usa-b2.com\/es\/wp-json\/wp\/v2\/comments?post=1451"}],"version-history":[{"count":0,"href":"https:\/\/usa-b2.com\/es\/wp-json\/wp\/v2\/pages\/1451\/revisions"}],"wp:attachment":[{"href":"https:\/\/usa-b2.com\/es\/wp-json\/wp\/v2\/media?parent=1451"}],"curies":[{"name":"wp","href":"https:\/\/api.w.org\/{rel}","templated":true}]}}