{"id":1305,"date":"2024-02-27T10:27:31","date_gmt":"2024-02-27T10:27:31","guid":{"rendered":"https:\/\/usa-b2.com\/visado-transito-ee-uu\/"},"modified":"2025-11-04T16:14:16","modified_gmt":"2025-11-04T16:14:16","slug":"visado-transito-estados-unidos","status":"publish","type":"page","link":"https:\/\/usa-b2.com\/es\/visado-transito-estados-unidos\/","title":{"rendered":"Visado de tr\u00e1nsito para Estados Unidos"},"content":{"rendered":"\n<h1 class=\"wp-block-heading\">Obtener un visado de tr\u00e1nsito por EE.UU.<\/h1>\n\n<p>Para hacer escala en Estados Unidos, los viajeros extranjeros deben tener autorizaci\u00f3n para transitar por territorio estadounidense. El visado de tr\u00e1nsito permite a los viajeros transitar por Estados Unidos de camino a un destino final.<\/p>\n\n<p><strong>Para una escala en Estados Unidos<\/strong>: No es necesario solicitar un visado de tr\u00e1nsito. Puede solicitar simplemente la autorizaci\u00f3n de viaje ESTA haciendo clic en el <a href=\"https:\/\/usa-b2.com\/es\/formulario-esta-en-linea\/\">formulario ESTA en l\u00ednea<\/a>. <\/p>\n\n<div style=\"height:10px\" aria-hidden=\"true\" class=\"wp-block-spacer\"><\/div>\n\n<h2 class=\"wp-block-heading\">\u00bfQu\u00e9 es un visado de tr\u00e1nsito?<\/h2>\n\n<p>Un visado de tr\u00e1nsito estadounidense es una autorizaci\u00f3n para entrar en Estados Unidos. Le permite hacer escala en Estados Unidos. El titular del visado debe continuar su viaje y salir de Estados Unidos seg\u00fan lo previsto.<\/p>\n\n<h2 class=\"wp-block-heading\">\u00bfQui\u00e9n puede solicitar un visado de tr\u00e1nsito?<\/h2>\n\n<p>Todos los viajeros extranjeros que hagan escala en Estados Unidos pueden solicitar un visado de tr\u00e1nsito estadounidense. Su destino final no debe estar en Estados Unidos, de lo contrario tendr\u00e1 que solicitar un <a href=\"https:\/\/usa-b2.com\/es\/visado-visitante-ee-uu\/\">visado de visitante B1\/B2<\/a> o cualquier otro tipo de visado estadounidense.   <\/p>\n\n<p>Hay otros casos espec\u00edficos, como :  <\/p>\n\n<ul class=\"wp-block-list\">\n<li>Los ciudadanos extranjeros o los funcionarios de la ONU tambi\u00e9n pueden obtener un visado de tr\u00e1nsito para las operaciones de la ONU en Nueva York ;<\/li>\n\n\n\n<li>Los funcionarios de gobiernos extranjeros que viajen por asuntos gubernamentales pueden obtener un visado de tr\u00e1nsito para hacer escala en Estados Unidos.<\/li>\n<\/ul>\n\n<h2 class=\"wp-block-heading\">\u00bfCu\u00e1les son los diferentes visados de tr\u00e1nsito?<\/h2>\n\n<p>Los visados de tr\u00e1nsito se dividen en tres categor\u00edas principales, adaptadas a distintas situaciones de viaje:<\/p>\n\n<ol class=\"wp-block-list\">\n<li><strong>El visado C1: para viajeros tradicionales en tr\u00e1nsito<\/strong><br \/>Este tipo de visado est\u00e1 destinado a los viajeros que hacen una escala temporal en un pa\u00eds antes de continuar su viaje hacia un destino final. Por ejemplo, si viajas a otro pa\u00eds con un vuelo de conexi\u00f3n que requiere que entres en el pa\u00eds, el visado C1 te permite permanecer legalmente en la zona de tr\u00e1nsito o viajar all\u00ed brevemente. Suelen utilizar este visado los turistas o profesionales que viajan al extranjero.<\/li>\n\n\n\n<li><strong>El visado C2: para viajeros en tr\u00e1nsito a la sede de la ONU<\/strong><br \/>El visado C2 est\u00e1 destinado exclusivamente a las personas que viajan a la sede de las Naciones Unidas en Nueva York para misiones oficiales o actos relacionados con la ONU. Se aplica estrictamente al tr\u00e1nsito y, en general, limita los viajes al per\u00edmetro espec\u00edfico de la ONU. Este visado responde a las necesidades de los delegados, empleados o representantes que asisten a conferencias o reuniones internacionales.<\/li>\n\n\n\n<li><strong>El visado C3: para miembros de gobiernos extranjeros<\/strong><br \/>Este visado est\u00e1 destinado a los miembros de gobiernos extranjeros, sus familiares o acompa\u00f1antes, que viajen por un pa\u00eds en misi\u00f3n oficial. Refleja su estatus diplom\u00e1tico y les permite pasar brevemente por un pa\u00eds respetando los protocolos internacionales.<\/li>\n<\/ol>\n\n<p>En funci\u00f3n del perfil del viajero, es esencial elegir la categor\u00eda de visado adecuada.<\/p>\n\n<h2 class=\"wp-block-heading\">\u00bfC\u00f3mo obtener un visado de tr\u00e1nsito?<\/h2>\n\n<p>Para obtener un visado de tr\u00e1nsito para Estados Unidos, tienes que seguir una serie de pasos:<\/p>\n\n<ul class=\"wp-block-list\">\n<li>Determina qu\u00e9 tipo de visado se necesita, un visado C1, C2 o C3 seg\u00fan la situaci\u00f3n;<\/li>\n\n\n\n<li>Cumplimenta el <a href=\"https:\/\/usa-b2.com\/es\/ds-160\/\">formulario DS-160<\/a> en l\u00ednea, proporcionando informaci\u00f3n precisa y completa.<\/li>\n\n\n\n<li>Una vez enviado el formulario, paga la <a href=\"https:\/\/usa-b2.com\/fr\/frais-visa-b2-usa\/\">tasa de solicitud de visado<\/a> no reembolsable.<\/li>\n\n\n\n<li>A continuaci\u00f3n, programa una <a href=\"https:\/\/usa-b2.com\/es\/cita-visa-embajada-ee-uu\/\">entrevista en la embajada estadounidense<\/a> de tu pa\u00eds de residencia. En esta entrevista, tendr\u00e1s que presentar documentos justificativos, incluidos : \n<ul class=\"wp-block-list\">\n<li><a href=\"https:\/\/usa-b2.com\/es\/pasaporte-viajar-estados-unidos\/\">Pasaporte v\u00e1lido para viajar a EE.UU.<\/a><\/li>\n\n\n\n<li>La foto que cumple los requisitos<\/li>\n\n\n\n<li>Confirmaci\u00f3n del <a href=\"https:\/\/usa-b2.com\/es\/ds-160\/\">formulario DS-160<\/a><\/li>\n\n\n\n<li>Prueba del itinerario de viaje, por ejemplo, billetes de avi\u00f3n<\/li>\n\n\n\n<li>Cualquier documento que acredite la condici\u00f3n de funcionario con un visado C2 o C3.<\/li>\n<\/ul>\n<\/li>\n<\/ul>\n\n<div style=\"height:10px\" aria-hidden=\"true\" class=\"wp-block-spacer\"><\/div>\n\n<p>Es importante demostrar que el tr\u00e1nsito por EEUU no ser\u00e1 una oportunidad para permanecer en el pa\u00eds. Una vez aprobado, el visado se estampar\u00e1 en el pasaporte para el tr\u00e1nsito legal por Estados Unidos.<\/p>\n","protected":false},"excerpt":{"rendered":"<p>Obtener un visado de tr\u00e1nsito por EE.UU. Para hacer escala en Estados Unidos, los viajeros extranjeros deben tener autorizaci\u00f3n para transitar por territorio estadounidense. El visado de tr\u00e1nsito permite a los viajeros transitar por Estados Unidos de camino a un destino final. Para una escala en Estados Unidos: No es necesario solicitar un visado de [&hellip;]<\/p>\n","protected":false},"author":1,"featured_media":0,"parent":0,"menu_order":0,"comment_status":"closed","ping_status":"closed","template":"","meta":{"footnotes":""},"class_list":["post-1305","page","type-page","status-publish","hentry"],"yoast_head":"<!-- This site is optimized with the Yoast SEO plugin v27.4 - https:\/\/yoast.com\/product\/yoast-seo-wordpress\/ -->\n<title>Visado de tr\u00e1nsito para Estados Unidos - USA B2<\/title>\n<meta name=\"description\" content=\"Para hacer escala en Estados Unidos, necesita un visado v\u00e1lido o una autorizaci\u00f3n ESTA.\" \/>\n<meta name=\"robots\" content=\"index, follow, max-snippet:-1, max-image-preview:large, max-video-preview:-1\" \/>\n<link rel=\"canonical\" href=\"https:\/\/usa-b2.com\/es\/visado-transito-estados-unidos\/\" \/>\n<meta property=\"og:locale\" content=\"es_ES\" \/>\n<meta property=\"og:type\" content=\"article\" \/>\n<meta property=\"og:title\" content=\"Visado de tr\u00e1nsito para Estados Unidos - USA B2\" \/>\n<meta property=\"og:description\" content=\"Para hacer escala en Estados Unidos, necesita un visado v\u00e1lido o una autorizaci\u00f3n ESTA.\" \/>\n<meta property=\"og:url\" content=\"https:\/\/usa-b2.com\/es\/visado-transito-estados-unidos\/\" \/>\n<meta property=\"og:site_name\" content=\"USA B2\" \/>\n<meta property=\"article:modified_time\" content=\"2025-11-04T16:14:16+00:00\" \/>\n<meta name=\"twitter:card\" content=\"summary_large_image\" \/>\n<meta name=\"twitter:label1\" content=\"Tiempo de lectura\" \/>\n\t<meta name=\"twitter:data1\" content=\"3 minutos\" \/>\n<script type=\"application\/ld+json\" class=\"yoast-schema-graph\">{\"@context\":\"https:\\\/\\\/schema.org\",\"@graph\":[{\"@type\":\"WebPage\",\"@id\":\"https:\\\/\\\/usa-b2.com\\\/es\\\/visado-transito-estados-unidos\\\/\",\"url\":\"https:\\\/\\\/usa-b2.com\\\/es\\\/visado-transito-estados-unidos\\\/\",\"name\":\"Visado de tr\u00e1nsito para Estados Unidos - USA B2\",\"isPartOf\":{\"@id\":\"https:\\\/\\\/usa-b2.com\\\/es\\\/#website\"},\"datePublished\":\"2024-02-27T10:27:31+00:00\",\"dateModified\":\"2025-11-04T16:14:16+00:00\",\"description\":\"Para hacer escala en Estados Unidos, necesita un visado v\u00e1lido o una autorizaci\u00f3n ESTA.\",\"breadcrumb\":{\"@id\":\"https:\\\/\\\/usa-b2.com\\\/es\\\/visado-transito-estados-unidos\\\/#breadcrumb\"},\"inLanguage\":\"es\",\"potentialAction\":[{\"@type\":\"ReadAction\",\"target\":[\"https:\\\/\\\/usa-b2.com\\\/es\\\/visado-transito-estados-unidos\\\/\"]}]},{\"@type\":\"BreadcrumbList\",\"@id\":\"https:\\\/\\\/usa-b2.com\\\/es\\\/visado-transito-estados-unidos\\\/#breadcrumb\",\"itemListElement\":[{\"@type\":\"ListItem\",\"position\":1,\"name\":\"Accueil\",\"item\":\"https:\\\/\\\/usa-b2.com\\\/es\\\/ee-uu\\\/\"},{\"@type\":\"ListItem\",\"position\":2,\"name\":\"Visado de tr\u00e1nsito para Estados Unidos\"}]},{\"@type\":\"WebSite\",\"@id\":\"https:\\\/\\\/usa-b2.com\\\/es\\\/#website\",\"url\":\"https:\\\/\\\/usa-b2.com\\\/es\\\/\",\"name\":\"USA B2 VISA\",\"description\":\"\",\"potentialAction\":[{\"@type\":\"SearchAction\",\"target\":{\"@type\":\"EntryPoint\",\"urlTemplate\":\"https:\\\/\\\/usa-b2.com\\\/es\\\/?s={search_term_string}\"},\"query-input\":{\"@type\":\"PropertyValueSpecification\",\"valueRequired\":true,\"valueName\":\"search_term_string\"}}],\"inLanguage\":\"es\"}]}<\/script>\n<!-- \/ Yoast SEO plugin. -->","yoast_head_json":{"title":"Visado de tr\u00e1nsito para Estados Unidos - USA B2","description":"Para hacer escala en Estados Unidos, necesita un visado v\u00e1lido o una autorizaci\u00f3n ESTA.","robots":{"index":"index","follow":"follow","max-snippet":"max-snippet:-1","max-image-preview":"max-image-preview:large","max-video-preview":"max-video-preview:-1"},"canonical":"https:\/\/usa-b2.com\/es\/visado-transito-estados-unidos\/","og_locale":"es_ES","og_type":"article","og_title":"Visado de tr\u00e1nsito para Estados Unidos - USA B2","og_description":"Para hacer escala en Estados Unidos, necesita un visado v\u00e1lido o una autorizaci\u00f3n ESTA.","og_url":"https:\/\/usa-b2.com\/es\/visado-transito-estados-unidos\/","og_site_name":"USA B2","article_modified_time":"2025-11-04T16:14:16+00:00","twitter_card":"summary_large_image","twitter_misc":{"Tiempo de lectura":"3 minutos"},"schema":{"@context":"https:\/\/schema.org","@graph":[{"@type":"WebPage","@id":"https:\/\/usa-b2.com\/es\/visado-transito-estados-unidos\/","url":"https:\/\/usa-b2.com\/es\/visado-transito-estados-unidos\/","name":"Visado de tr\u00e1nsito para Estados Unidos - USA B2","isPartOf":{"@id":"https:\/\/usa-b2.com\/es\/#website"},"datePublished":"2024-02-27T10:27:31+00:00","dateModified":"2025-11-04T16:14:16+00:00","description":"Para hacer escala en Estados Unidos, necesita un visado v\u00e1lido o una autorizaci\u00f3n ESTA.","breadcrumb":{"@id":"https:\/\/usa-b2.com\/es\/visado-transito-estados-unidos\/#breadcrumb"},"inLanguage":"es","potentialAction":[{"@type":"ReadAction","target":["https:\/\/usa-b2.com\/es\/visado-transito-estados-unidos\/"]}]},{"@type":"BreadcrumbList","@id":"https:\/\/usa-b2.com\/es\/visado-transito-estados-unidos\/#breadcrumb","itemListElement":[{"@type":"ListItem","position":1,"name":"Accueil","item":"https:\/\/usa-b2.com\/es\/ee-uu\/"},{"@type":"ListItem","position":2,"name":"Visado de tr\u00e1nsito para Estados Unidos"}]},{"@type":"WebSite","@id":"https:\/\/usa-b2.com\/es\/#website","url":"https:\/\/usa-b2.com\/es\/","name":"USA B2 VISA","description":"","potentialAction":[{"@type":"SearchAction","target":{"@type":"EntryPoint","urlTemplate":"https:\/\/usa-b2.com\/es\/?s={search_term_string}"},"query-input":{"@type":"PropertyValueSpecification","valueRequired":true,"valueName":"search_term_string"}}],"inLanguage":"es"}]}},"_links":{"self":[{"href":"https:\/\/usa-b2.com\/es\/wp-json\/wp\/v2\/pages\/1305","targetHints":{"allow":["GET"]}}],"collection":[{"href":"https:\/\/usa-b2.com\/es\/wp-json\/wp\/v2\/pages"}],"about":[{"href":"https:\/\/usa-b2.com\/es\/wp-json\/wp\/v2\/types\/page"}],"author":[{"embeddable":true,"href":"https:\/\/usa-b2.com\/es\/wp-json\/wp\/v2\/users\/1"}],"replies":[{"embeddable":true,"href":"https:\/\/usa-b2.com\/es\/wp-json\/wp\/v2\/comments?post=1305"}],"version-history":[{"count":3,"href":"https:\/\/usa-b2.com\/es\/wp-json\/wp\/v2\/pages\/1305\/revisions"}],"predecessor-version":[{"id":10846,"href":"https:\/\/usa-b2.com\/es\/wp-json\/wp\/v2\/pages\/1305\/revisions\/10846"}],"wp:attachment":[{"href":"https:\/\/usa-b2.com\/es\/wp-json\/wp\/v2\/media?parent=1305"}],"curies":[{"name":"wp","href":"https:\/\/api.w.org\/{rel}","templated":true}]}}