{"id":1265,"date":"2024-02-10T17:19:29","date_gmt":"2024-02-10T17:19:29","guid":{"rendered":"https:\/\/usa-b2.com\/visado-chicago\/"},"modified":"2025-11-04T16:14:17","modified_gmt":"2025-11-04T16:14:17","slug":"visado-chicago","status":"publish","type":"page","link":"https:\/\/usa-b2.com\/es\/visado-chicago\/","title":{"rendered":"Entrar en EE.UU. con visado para Chicago"},"content":{"rendered":"\n<h1 class=\"wp-block-heading\" id=\"h-visa-chicago-pour-les-usa\">Visado de Chicago para viajar a Estados Unidos<\/h1>\n\n<p>Los viajeros extranjeros que tengan previsto llegar a Chicago para viajar a Estados Unidos deben estar en posesi\u00f3n de una autorizaci\u00f3n de viaje v\u00e1lida. Existen varios tipos de autorizaci\u00f3n de viaje, en funci\u00f3n de la finalidad y la duraci\u00f3n de su estancia en Estados Unidos. <\/p>\n\n<h2 class=\"wp-block-heading\" id=\"h-faut-il-un-visa-pour-chicago\">\u00bfNecesito visado para Chicago?<\/h2>\n\n<p>Chicago es una gran ciudad estadounidense a orillas del lago Michigan. Es un importante destino tur\u00edstico del norte de Estados Unidos. Los viajeros extranjeros deben estar en posesi\u00f3n de un <a href=\"https:\/\/usa-b2.com\/es\/visado-b2\/\">visado B2<\/a> para una estancia tur\u00edstica superior a 3 meses.  <\/p>\n\n<p><strong>Para estancias inferiores a 90 d\u00edas<\/strong>: No es necesario obtener un visado b2 para Chicago. Basta con obtener una autorizaci\u00f3n de viaje haciendo clic en el <a href=\"https:\/\/usa-b2.com\/es\/formulario-esta-en-linea\/\">formulario ESTA en l\u00ednea<\/a>. <\/p>\n\n<div style=\"height:10px\" aria-hidden=\"true\" class=\"wp-block-spacer\"><\/div>\n\n<h2 class=\"wp-block-heading\">\u00bfQu\u00e9 es un visado de turista para Chicago?<\/h2>\n\n<p>El visado de turista B2 para Chicago permite a los viajeros aterrizar en Chicago para una estancia en EE.UU. Con un visado B2, los viajeros pueden hacer turismo o visitar a familiares que vivan en Estados Unidos. El visado es v\u00e1lido durante un periodo inicial de 6 meses.  <\/p>\n\n<h2 class=\"wp-block-heading\">\u00bfNecesito visado para hacer escala en Chicago?<\/h2>\n\n<p>Para hacer escala en Chicago, los viajeros deben estar en posesi\u00f3n de una autorizaci\u00f3n de viaje v\u00e1lida.\nExisten varias autorizaciones de viaje posibles.   <\/p>\n\n<p>Si el viajero es nacional de un pa\u00eds miembro del <a href=\"https:\/\/usa-b2.com\/es\/programa-de-exencion-de-visado\/\">Programa de Exenci\u00f3n de Visado<\/a>, no es necesario obtener un <a href=\"https:\/\/usa-b2.com\/es\/visado-transito-estados-unidos\/\">visado de tr\u00e1nsito<\/a>. Los viajeros pueden transitar por Chicago con autorizaci\u00f3n ESTA.<\/p>\n\n<p>Si no es ciudadano de un pa\u00eds exento de visado, deber\u00e1 <a href=\"https:\/\/usa-b2.com\/es\/formulario-visado-b2-en-linea\/\">solicitar un visado B2<\/a> antes de planificar un viaje con escala en Chicago.<\/p>\n\n<h2 class=\"wp-block-heading\" id=\"h-quel-est-le-prix-du-visa-pour-chicago\">\u00bfCu\u00e1nto cuesta obtener un visado para Chicago?<\/h2>\n\n<p>La <a href=\"https:\/\/usa-b2.com\/fr\/frais-visa-b2-usa\/\">tasa por un visado B2<\/a> para Chicago ser\u00e1 de 185 USD a partir de 2023. Las tasas deben abonarse al solicitar el visado para validar la solicitud en l\u00ednea. El recibo del pago de la tasa debe adjuntarse a los documentos justificativos como parte del <a href=\"https:\/\/usa-b2.com\/es\/procedimiento-solicitud-visado-b2\/\">procedimiento de solicitud del visado B2<\/a>.<\/p>\n\n<h2 class=\"wp-block-heading\" id=\"h-comment-obtenir-un-visa-pour-chicago\">\u00bfC\u00f3mo puedo obtener un visado para Chicago?<\/h2>\n\n<p>Para obtener un visado B2 para viajar a Chicago, debe completar el <a href=\"https:\/\/usa-b2.com\/es\/procedimiento-solicitud-visado-b2\/\">proceso de solicitud de visado<\/a> en l\u00ednea <a href=\"https:\/\/www.uscis.gov\/\">del USCIS<\/a>. La decisi\u00f3n final sobre la expedici\u00f3n del visado se tomar\u00e1 tras una <a href=\"https:\/\/usa-b2.com\/es\/cita-visa-embajada-ee-uu\/\">entrevista en la Embajada de Estados Unidos<\/a>.<\/p>\n\n<h2 class=\"wp-block-heading\" id=\"h-faut-il-un-visa-esta-pour-chicago\">\u00bfQui\u00e9n puede solicitar un ESTA para Chicago?<\/h2>\n\n<p>Los ciudadanos de pa\u00edses miembros del Programa de Exenci\u00f3n de Visado de EE.UU. pueden <a href=\"https:\/\/usa-b2.com\/es\/formulario-esta-en-linea\/\">solicitar un ESTA<\/a> para Chicago en l\u00ednea. El tiempo necesario para obtener la autorizaci\u00f3n ESTA es mucho m\u00e1s corto que para obtener un visado B2 en una <a href=\"https:\/\/usa-b2.com\/es\/embajada-de-los-estados-unidos\/\">embajada estadounidense<\/a>. <\/p>\n\n<p>La autorizaci\u00f3n ESTA para Chicago tiene una validez de 2 a\u00f1os. Puede caducar antes si el <a href=\"https:\/\/usa-b2.com\/es\/pasaporte-viajar-estados-unidos\/\">pasaporte utilizado para viajar a EE.UU<\/a>. caduca antes de 2 a\u00f1os. La autorizaci\u00f3n est\u00e1 vinculada al pasaporte utilizado para obtenerla.  <\/p>\n\n<p>Un ESTA le permite permanecer en Estados Unidos un m\u00e1ximo de 90 d\u00edas consecutivos.\nLas estancias de 90 d\u00edas pueden ser m\u00faltiples durante los 2 a\u00f1os de <a href=\"https:\/\/usa-b2.com\/es\/periodo-validez-esta\/\">validez del ESTA<\/a>. <\/p>\n","protected":false},"excerpt":{"rendered":"<p>Visado de Chicago para viajar a Estados Unidos Los viajeros extranjeros que tengan previsto llegar a Chicago para viajar a Estados Unidos deben estar en posesi\u00f3n de una autorizaci\u00f3n de viaje v\u00e1lida. Existen varios tipos de autorizaci\u00f3n de viaje, en funci\u00f3n de la finalidad y la duraci\u00f3n de su estancia en Estados Unidos. \u00bfNecesito visado [&hellip;]<\/p>\n","protected":false},"author":1,"featured_media":0,"parent":0,"menu_order":0,"comment_status":"closed","ping_status":"closed","template":"","meta":{"footnotes":""},"class_list":["post-1265","page","type-page","status-publish","hentry"],"yoast_head":"<!-- This site is optimized with the Yoast SEO plugin v27.0 - https:\/\/yoast.com\/product\/yoast-seo-wordpress\/ -->\n<title>Entrar en EE.UU. con visado para Chicago - USA B2<\/title>\n<meta name=\"description\" content=\"C\u00f3mo obtener un visado estadounidense para viajar a Estados Unidos al aterrizar en Chicago para una visita tur\u00edstica.\" \/>\n<meta name=\"robots\" content=\"index, follow, max-snippet:-1, max-image-preview:large, max-video-preview:-1\" \/>\n<link rel=\"canonical\" href=\"https:\/\/usa-b2.com\/es\/visado-chicago\/\" \/>\n<meta property=\"og:locale\" content=\"es_ES\" \/>\n<meta property=\"og:type\" content=\"article\" \/>\n<meta property=\"og:title\" content=\"Entrar en EE.UU. con visado para Chicago - USA B2\" \/>\n<meta property=\"og:description\" content=\"C\u00f3mo obtener un visado estadounidense para viajar a Estados Unidos al aterrizar en Chicago para una visita tur\u00edstica.\" \/>\n<meta property=\"og:url\" content=\"https:\/\/usa-b2.com\/es\/visado-chicago\/\" \/>\n<meta property=\"og:site_name\" content=\"USA B2\" \/>\n<meta property=\"article:modified_time\" content=\"2025-11-04T16:14:17+00:00\" \/>\n<meta name=\"twitter:card\" content=\"summary_large_image\" \/>\n<meta name=\"twitter:label1\" content=\"Tiempo de lectura\" \/>\n\t<meta name=\"twitter:data1\" content=\"3 minutos\" \/>\n<script type=\"application\/ld+json\" class=\"yoast-schema-graph\">{\"@context\":\"https:\/\/schema.org\",\"@graph\":[{\"@type\":\"WebPage\",\"@id\":\"https:\/\/usa-b2.com\/es\/visado-chicago\/\",\"url\":\"https:\/\/usa-b2.com\/es\/visado-chicago\/\",\"name\":\"Entrar en EE.UU. con visado para Chicago - USA B2\",\"isPartOf\":{\"@id\":\"https:\/\/usa-b2.com\/es\/#website\"},\"datePublished\":\"2024-02-10T17:19:29+00:00\",\"dateModified\":\"2025-11-04T16:14:17+00:00\",\"description\":\"C\u00f3mo obtener un visado estadounidense para viajar a Estados Unidos al aterrizar en Chicago para una visita tur\u00edstica.\",\"breadcrumb\":{\"@id\":\"https:\/\/usa-b2.com\/es\/visado-chicago\/#breadcrumb\"},\"inLanguage\":\"es\",\"potentialAction\":[{\"@type\":\"ReadAction\",\"target\":[\"https:\/\/usa-b2.com\/es\/visado-chicago\/\"]}]},{\"@type\":\"BreadcrumbList\",\"@id\":\"https:\/\/usa-b2.com\/es\/visado-chicago\/#breadcrumb\",\"itemListElement\":[{\"@type\":\"ListItem\",\"position\":1,\"name\":\"Accueil\",\"item\":\"https:\/\/usa-b2.com\/es\/roadtrips-ee-uu\/\"},{\"@type\":\"ListItem\",\"position\":2,\"name\":\"Entrar en EE.UU. con visado para Chicago\"}]},{\"@type\":\"WebSite\",\"@id\":\"https:\/\/usa-b2.com\/es\/#website\",\"url\":\"https:\/\/usa-b2.com\/es\/\",\"name\":\"USA B2 VISA\",\"description\":\"\",\"potentialAction\":[{\"@type\":\"SearchAction\",\"target\":{\"@type\":\"EntryPoint\",\"urlTemplate\":\"https:\/\/usa-b2.com\/es\/?s={search_term_string}\"},\"query-input\":{\"@type\":\"PropertyValueSpecification\",\"valueRequired\":true,\"valueName\":\"search_term_string\"}}],\"inLanguage\":\"es\"}]}<\/script>\n<!-- \/ Yoast SEO plugin. -->","yoast_head_json":{"title":"Entrar en EE.UU. con visado para Chicago - USA B2","description":"C\u00f3mo obtener un visado estadounidense para viajar a Estados Unidos al aterrizar en Chicago para una visita tur\u00edstica.","robots":{"index":"index","follow":"follow","max-snippet":"max-snippet:-1","max-image-preview":"max-image-preview:large","max-video-preview":"max-video-preview:-1"},"canonical":"https:\/\/usa-b2.com\/es\/visado-chicago\/","og_locale":"es_ES","og_type":"article","og_title":"Entrar en EE.UU. con visado para Chicago - USA B2","og_description":"C\u00f3mo obtener un visado estadounidense para viajar a Estados Unidos al aterrizar en Chicago para una visita tur\u00edstica.","og_url":"https:\/\/usa-b2.com\/es\/visado-chicago\/","og_site_name":"USA B2","article_modified_time":"2025-11-04T16:14:17+00:00","twitter_card":"summary_large_image","twitter_misc":{"Tiempo de lectura":"3 minutos"},"schema":{"@context":"https:\/\/schema.org","@graph":[{"@type":"WebPage","@id":"https:\/\/usa-b2.com\/es\/visado-chicago\/","url":"https:\/\/usa-b2.com\/es\/visado-chicago\/","name":"Entrar en EE.UU. con visado para Chicago - USA B2","isPartOf":{"@id":"https:\/\/usa-b2.com\/es\/#website"},"datePublished":"2024-02-10T17:19:29+00:00","dateModified":"2025-11-04T16:14:17+00:00","description":"C\u00f3mo obtener un visado estadounidense para viajar a Estados Unidos al aterrizar en Chicago para una visita tur\u00edstica.","breadcrumb":{"@id":"https:\/\/usa-b2.com\/es\/visado-chicago\/#breadcrumb"},"inLanguage":"es","potentialAction":[{"@type":"ReadAction","target":["https:\/\/usa-b2.com\/es\/visado-chicago\/"]}]},{"@type":"BreadcrumbList","@id":"https:\/\/usa-b2.com\/es\/visado-chicago\/#breadcrumb","itemListElement":[{"@type":"ListItem","position":1,"name":"Accueil","item":"https:\/\/usa-b2.com\/es\/roadtrips-ee-uu\/"},{"@type":"ListItem","position":2,"name":"Entrar en EE.UU. con visado para Chicago"}]},{"@type":"WebSite","@id":"https:\/\/usa-b2.com\/es\/#website","url":"https:\/\/usa-b2.com\/es\/","name":"USA B2 VISA","description":"","potentialAction":[{"@type":"SearchAction","target":{"@type":"EntryPoint","urlTemplate":"https:\/\/usa-b2.com\/es\/?s={search_term_string}"},"query-input":{"@type":"PropertyValueSpecification","valueRequired":true,"valueName":"search_term_string"}}],"inLanguage":"es"}]}},"_links":{"self":[{"href":"https:\/\/usa-b2.com\/es\/wp-json\/wp\/v2\/pages\/1265","targetHints":{"allow":["GET"]}}],"collection":[{"href":"https:\/\/usa-b2.com\/es\/wp-json\/wp\/v2\/pages"}],"about":[{"href":"https:\/\/usa-b2.com\/es\/wp-json\/wp\/v2\/types\/page"}],"author":[{"embeddable":true,"href":"https:\/\/usa-b2.com\/es\/wp-json\/wp\/v2\/users\/1"}],"replies":[{"embeddable":true,"href":"https:\/\/usa-b2.com\/es\/wp-json\/wp\/v2\/comments?post=1265"}],"version-history":[{"count":3,"href":"https:\/\/usa-b2.com\/es\/wp-json\/wp\/v2\/pages\/1265\/revisions"}],"predecessor-version":[{"id":10851,"href":"https:\/\/usa-b2.com\/es\/wp-json\/wp\/v2\/pages\/1265\/revisions\/10851"}],"wp:attachment":[{"href":"https:\/\/usa-b2.com\/es\/wp-json\/wp\/v2\/media?parent=1265"}],"curies":[{"name":"wp","href":"https:\/\/api.w.org\/{rel}","templated":true}]}}