{"id":1112,"date":"2024-02-10T17:14:25","date_gmt":"2024-02-10T17:14:25","guid":{"rendered":"https:\/\/usa-b2.com\/tasas-visado-b2\/"},"modified":"2025-10-14T10:18:00","modified_gmt":"2025-10-14T10:18:00","slug":"tasas-visado-b2","status":"publish","type":"page","link":"https:\/\/usa-b2.com\/es\/tasas-visado-b2\/","title":{"rendered":"Tasas del visado estadounidense B2"},"content":{"rendered":"\n<h1 class=\"wp-block-heading\">\u00bfCu\u00e1nto cuesta un visado B2?<\/h1>\n\n<p>Al solicitar un visado B2, los solicitantes deben pagar una tasa administrativa para validar su solicitud. El pago de la tasa es obligatorio y tiene lugar antes de que se tramite la solicitud de visado. <\/p>\n\n<p><strong>Para una estad\u00eda de menos de 90 d\u00edas en los Estados Unidos<\/strong> : No es necesario solicitar una visa. Puede solicitar una autorizaci\u00f3n electr\u00f3nica de viaje en unos minutos haciendo clic en el <a href=\"https:\/\/usa-b2.com\/es\/formulario-esta-en-linea\/\">formulario ESTA en l\u00ednea<\/a>.<\/p>\n\n<div style=\"height:10px\" aria-hidden=\"true\" class=\"wp-block-spacer\"><\/div>\n\n<h2 class=\"wp-block-heading\" id=\"h-qui-est-concerne-par-ces-frais\">\u00bfQui\u00e9n paga los costes?<\/h2>\n\n<p>Las tasas para solicitar un visado para Estados Unidos se aplican a todos los ciudadanos extranjeros que deseen visitar Estados Unidos, independientemente de su edad. Esta tasa no es reembolsable y se abona antes de tramitar la solicitud de visado. <\/p>\n\n<h2 class=\"wp-block-heading\">\u00bfCu\u00e1ndo tengo que pagar la tasa de visado?<\/h2>\n\n<p>El pago de la tasa de visado se exige una vez que el solicitante ha cumplimentado el impreso de solicitud de visado <a href=\"https:\/\/usa-b2.com\/es\/ds-160\/\">DS 160<\/a>. El pago de la tasa valida la solicitud de visado e inicia su tramitaci\u00f3n administrativa. <\/p>\n\n<h2 class=\"wp-block-heading\" id=\"h-montant-des-frais-pour-une-demande-de-visa-usa\">\u00bfA cu\u00e1nto ascienden las tasas?<\/h2>\n\n<p>La tasa de validaci\u00f3n de una solicitud de <a href=\"https:\/\/usa-b2.com\/es\/visado-b2\/\">visado B2<\/a> es de 185 USD. Este importe lo fija el Departamento de Estado estadounidense y se actualiza peri\u00f3dicamente. En <a href=\"https:\/\/travel.state.gov\/content\/travel\/en\/us-visas\/visa-information-resources\/fees\/fees-visa-services.html\">esta p\u00e1gina<\/a> encontrar\u00e1s informaci\u00f3n m\u00e1s detallada.<\/p>\n\n<h2 class=\"wp-block-heading\" id=\"h-comment-payer-les-frais-de-visa\">\u00bfC\u00f3mo pago mi visado?<\/h2>\n\n<h3 class=\"wp-block-heading\" id=\"h-paiement-des-frais-par-virement-bancaire\">Pago de tasas con tarjeta de cr\u00e9dito<\/h3>\n\n<p>Los solicitantes pueden pagar la tasa de visado directamente en l\u00ednea con tarjeta de cr\u00e9dito. El importe se expresa en d\u00f3lares, pero el banco lo convertir\u00e1 autom\u00e1ticamente a la moneda local. <\/p>\n\n<h3 class=\"wp-block-heading\" id=\"h-paiement-des-frais-par-virement-bancaire\">Pago de tasas por transferencia bancaria<\/h3>\n\n<p>Los solicitantes tambi\u00e9n pueden pagar la tasa de visado por transferencia bancaria. Las tarifas se cotizan en d\u00f3lares y en otras monedas locales. El tipo de cambio utilizado lo fija el Departamento de Estado estadounidense.  <\/p>\n\n<h3 class=\"wp-block-heading\" id=\"h-paiement-en-cash-avec-un-bordereau-de-depot\">Pago mediante resguardo de ingreso<\/h3>\n\n<p>Los solicitantes tambi\u00e9n pueden pagar la tasa de visado en efectivo. Debe hacer un dep\u00f3sito monetario en un banco acreditado por EE.UU. A cambio, recibir\u00e1n un resguardo de dep\u00f3sito como prueba del pago de las tasas.  <\/p>\n\n<h2 class=\"wp-block-heading\" id=\"h-limitations-liees-au-paiement-des-frais-de-visa\">Reembolso de las tasas abonadas en caso de denegaci\u00f3n de visado<\/h2>\n\n<p>No es posible el reembolso de las tasas de visado pagadas, independientemente del resultado de la solicitud.<\/p>\n\n<p>El pago de la tasa tampoco es transferible a otro solicitante para otra solicitud de visado B2. No puede utilizarse ni transferirse para otra solicitud de visado.<\/p>\n\n<p>Si no utiliza el recibo durante 1 a\u00f1o, se pierden las tasas abonadas. Ya no podr\u00e1 utilizar el recibo para justificar el pago de la tasa y no podr\u00e1 obtener una <a href=\"https:\/\/usa-b2.com\/es\/cita-visa-embajada-ee-uu\/\">cita para el visado en la embajada<\/a> con este recibo inv\u00e1lido. Se anular\u00e1 el pago inicial no utilizado. El pago de esta tasa no es reembolsable por ning\u00fan motivo.<\/p>\n\n<h2 class=\"wp-block-heading\">Periodo de validez del pago de la tasa de visado<\/h2>\n\n<p>El candidato recibe un recibo numerado al abonar la tasa. Este certificado de pago tiene una validez de 1 a\u00f1o. Por lo tanto, los solicitantes deben concertar una cita en la embajada estadounidense para su entrevista dentro del periodo de validez de 1 a\u00f1o del pago.  <\/p>\n","protected":false},"excerpt":{"rendered":"<p>\u00bfCu\u00e1nto cuesta un visado B2? Al solicitar un visado B2, los solicitantes deben pagar una tasa administrativa para validar su solicitud. El pago de la tasa es obligatorio y tiene lugar antes de que se tramite la solicitud de visado. Para una estad\u00eda de menos de 90 d\u00edas en los Estados Unidos : No es [&hellip;]<\/p>\n","protected":false},"author":1,"featured_media":0,"parent":0,"menu_order":0,"comment_status":"closed","ping_status":"closed","template":"","meta":{"footnotes":""},"class_list":["post-1112","page","type-page","status-publish","hentry"],"yoast_head":"<!-- This site is optimized with the Yoast SEO plugin v27.4 - https:\/\/yoast.com\/product\/yoast-seo-wordpress\/ -->\n<title>Tasas del visado estadounidense B2 - USA B2<\/title>\n<meta name=\"description\" content=\"\u00bfCu\u00e1nto tengo que pagar online por un visado de turista B2 para EE.UU.?\" \/>\n<meta name=\"robots\" content=\"index, follow, max-snippet:-1, max-image-preview:large, max-video-preview:-1\" \/>\n<link rel=\"canonical\" href=\"https:\/\/usa-b2.com\/es\/tasas-visado-b2\/\" \/>\n<meta property=\"og:locale\" content=\"es_ES\" \/>\n<meta property=\"og:type\" content=\"article\" \/>\n<meta property=\"og:title\" content=\"Tasas del visado estadounidense B2 - USA B2\" \/>\n<meta property=\"og:description\" content=\"\u00bfCu\u00e1nto tengo que pagar online por un visado de turista B2 para EE.UU.?\" \/>\n<meta property=\"og:url\" content=\"https:\/\/usa-b2.com\/es\/tasas-visado-b2\/\" \/>\n<meta property=\"og:site_name\" content=\"USA B2\" \/>\n<meta property=\"article:modified_time\" content=\"2025-10-14T10:18:00+00:00\" \/>\n<meta name=\"twitter:card\" content=\"summary_large_image\" \/>\n<meta name=\"twitter:label1\" content=\"Tiempo de lectura\" \/>\n\t<meta name=\"twitter:data1\" content=\"3 minutos\" \/>\n<script type=\"application\/ld+json\" class=\"yoast-schema-graph\">{\"@context\":\"https:\\\/\\\/schema.org\",\"@graph\":[{\"@type\":\"WebPage\",\"@id\":\"https:\\\/\\\/usa-b2.com\\\/es\\\/tasas-visado-b2\\\/\",\"url\":\"https:\\\/\\\/usa-b2.com\\\/es\\\/tasas-visado-b2\\\/\",\"name\":\"Tasas del visado estadounidense B2 - USA B2\",\"isPartOf\":{\"@id\":\"https:\\\/\\\/usa-b2.com\\\/es\\\/#website\"},\"datePublished\":\"2024-02-10T17:14:25+00:00\",\"dateModified\":\"2025-10-14T10:18:00+00:00\",\"description\":\"\u00bfCu\u00e1nto tengo que pagar online por un visado de turista B2 para EE.UU.?\",\"breadcrumb\":{\"@id\":\"https:\\\/\\\/usa-b2.com\\\/es\\\/tasas-visado-b2\\\/#breadcrumb\"},\"inLanguage\":\"es\",\"potentialAction\":[{\"@type\":\"ReadAction\",\"target\":[\"https:\\\/\\\/usa-b2.com\\\/es\\\/tasas-visado-b2\\\/\"]}]},{\"@type\":\"BreadcrumbList\",\"@id\":\"https:\\\/\\\/usa-b2.com\\\/es\\\/tasas-visado-b2\\\/#breadcrumb\",\"itemListElement\":[{\"@type\":\"ListItem\",\"position\":1,\"name\":\"Accueil\",\"item\":\"https:\\\/\\\/usa-b2.com\\\/es\\\/ee-uu\\\/\"},{\"@type\":\"ListItem\",\"position\":2,\"name\":\"Tasas del visado estadounidense B2\"}]},{\"@type\":\"WebSite\",\"@id\":\"https:\\\/\\\/usa-b2.com\\\/es\\\/#website\",\"url\":\"https:\\\/\\\/usa-b2.com\\\/es\\\/\",\"name\":\"USA B2 VISA\",\"description\":\"\",\"potentialAction\":[{\"@type\":\"SearchAction\",\"target\":{\"@type\":\"EntryPoint\",\"urlTemplate\":\"https:\\\/\\\/usa-b2.com\\\/es\\\/?s={search_term_string}\"},\"query-input\":{\"@type\":\"PropertyValueSpecification\",\"valueRequired\":true,\"valueName\":\"search_term_string\"}}],\"inLanguage\":\"es\"}]}<\/script>\n<!-- \/ Yoast SEO plugin. -->","yoast_head_json":{"title":"Tasas del visado estadounidense B2 - USA B2","description":"\u00bfCu\u00e1nto tengo que pagar online por un visado de turista B2 para EE.UU.?","robots":{"index":"index","follow":"follow","max-snippet":"max-snippet:-1","max-image-preview":"max-image-preview:large","max-video-preview":"max-video-preview:-1"},"canonical":"https:\/\/usa-b2.com\/es\/tasas-visado-b2\/","og_locale":"es_ES","og_type":"article","og_title":"Tasas del visado estadounidense B2 - USA B2","og_description":"\u00bfCu\u00e1nto tengo que pagar online por un visado de turista B2 para EE.UU.?","og_url":"https:\/\/usa-b2.com\/es\/tasas-visado-b2\/","og_site_name":"USA B2","article_modified_time":"2025-10-14T10:18:00+00:00","twitter_card":"summary_large_image","twitter_misc":{"Tiempo de lectura":"3 minutos"},"schema":{"@context":"https:\/\/schema.org","@graph":[{"@type":"WebPage","@id":"https:\/\/usa-b2.com\/es\/tasas-visado-b2\/","url":"https:\/\/usa-b2.com\/es\/tasas-visado-b2\/","name":"Tasas del visado estadounidense B2 - USA B2","isPartOf":{"@id":"https:\/\/usa-b2.com\/es\/#website"},"datePublished":"2024-02-10T17:14:25+00:00","dateModified":"2025-10-14T10:18:00+00:00","description":"\u00bfCu\u00e1nto tengo que pagar online por un visado de turista B2 para EE.UU.?","breadcrumb":{"@id":"https:\/\/usa-b2.com\/es\/tasas-visado-b2\/#breadcrumb"},"inLanguage":"es","potentialAction":[{"@type":"ReadAction","target":["https:\/\/usa-b2.com\/es\/tasas-visado-b2\/"]}]},{"@type":"BreadcrumbList","@id":"https:\/\/usa-b2.com\/es\/tasas-visado-b2\/#breadcrumb","itemListElement":[{"@type":"ListItem","position":1,"name":"Accueil","item":"https:\/\/usa-b2.com\/es\/ee-uu\/"},{"@type":"ListItem","position":2,"name":"Tasas del visado estadounidense B2"}]},{"@type":"WebSite","@id":"https:\/\/usa-b2.com\/es\/#website","url":"https:\/\/usa-b2.com\/es\/","name":"USA B2 VISA","description":"","potentialAction":[{"@type":"SearchAction","target":{"@type":"EntryPoint","urlTemplate":"https:\/\/usa-b2.com\/es\/?s={search_term_string}"},"query-input":{"@type":"PropertyValueSpecification","valueRequired":true,"valueName":"search_term_string"}}],"inLanguage":"es"}]}},"_links":{"self":[{"href":"https:\/\/usa-b2.com\/es\/wp-json\/wp\/v2\/pages\/1112","targetHints":{"allow":["GET"]}}],"collection":[{"href":"https:\/\/usa-b2.com\/es\/wp-json\/wp\/v2\/pages"}],"about":[{"href":"https:\/\/usa-b2.com\/es\/wp-json\/wp\/v2\/types\/page"}],"author":[{"embeddable":true,"href":"https:\/\/usa-b2.com\/es\/wp-json\/wp\/v2\/users\/1"}],"replies":[{"embeddable":true,"href":"https:\/\/usa-b2.com\/es\/wp-json\/wp\/v2\/comments?post=1112"}],"version-history":[{"count":2,"href":"https:\/\/usa-b2.com\/es\/wp-json\/wp\/v2\/pages\/1112\/revisions"}],"predecessor-version":[{"id":10223,"href":"https:\/\/usa-b2.com\/es\/wp-json\/wp\/v2\/pages\/1112\/revisions\/10223"}],"wp:attachment":[{"href":"https:\/\/usa-b2.com\/es\/wp-json\/wp\/v2\/media?parent=1112"}],"curies":[{"name":"wp","href":"https:\/\/api.w.org\/{rel}","templated":true}]}}