{"id":1024,"date":"2024-02-19T17:16:58","date_gmt":"2024-02-19T17:16:58","guid":{"rendered":"https:\/\/usa-b2.com\/politica-de-confidentialidad\/"},"modified":"2025-02-06T10:08:34","modified_gmt":"2025-02-06T10:08:34","slug":"politica-de-confidentialidad","status":"publish","type":"page","link":"https:\/\/usa-b2.com\/es\/politica-de-confidentialidad\/","title":{"rendered":"Pol\u00edtica de privacidad"},"content":{"rendered":"\n<h1 class=\"wp-block-heading\">Nuestra pol\u00edtica de privacidad<\/h1>\n\n<p>usa-b2.com es un sitio web de informaci\u00f3n sobre posibles viajes por carretera en Estados Unidos. El sitio no ofrece ning\u00fan servicio en l\u00ednea. El \u00fanico formulario del sitio es <a href=\"https:\/\/usa-b2.com\/es\/contact\/\">el formulario de contacto<\/a>.<\/p>\n\n<h2 class=\"wp-block-heading\">La recopilaci\u00f3n de informaci\u00f3n en el sitio<\/h2>\n\n<p>Esta es la lista de informaci\u00f3n personal que puede recopilarse en nuestro sitio:<\/p>\n\n<ul class=\"wp-block-list\">\n<li>Informaci\u00f3n sobre su ordenador, incluida su direcci\u00f3n IP, ubicaci\u00f3n, navegador y sistema operativo;<\/li>\n\n\n\n<li>Informaci\u00f3n de contacto cuando env\u00eda un correo electr\u00f3nico a nuestro equipo de asistencia, como su nombre, apellidos y direcci\u00f3n de correo electr\u00f3nico. La informaci\u00f3n contenida en los correos electr\u00f3nicos que nos env\u00ede.<\/li>\n<\/ul>\n\n<h2 class=\"wp-block-heading\">Uso de los datos recogidos<\/h2>\n\n<p>No proporcionamos su informaci\u00f3n personal a terceros. No utilizamos los datos recogidos con fines comerciales o de marketing directo.<\/p>\n\n<h2 class=\"wp-block-heading\">Duraci\u00f3n de la conservaci\u00f3n de los datos<\/h2>\n\n<p>Los datos recogidos se eliminan regularmente, lo que significa que no conservamos ning\u00fan contenido de correo electr\u00f3nico que nos haya sido enviado durante m\u00e1s de un mes. No hacemos ning\u00fan uso comercial de los datos de navegaci\u00f3n.<\/p>\n\n<h2 class=\"wp-block-heading\">Sus derechos sobre los datos personales<\/h2>\n\n<p>Tiene derecho a pedirnos que le comuniquemos cualquier informaci\u00f3n personal que tengamos sobre usted; esto puede hacerse presentando una prueba de su identidad (fotocopia compulsada del pasaporte + factura que muestre su domicilio).<\/p>\n\n<h2 class=\"wp-block-heading\">Actualizaci\u00f3n de esta pol\u00edtica de privacidad<\/h2>\n\n<p>Esta pol\u00edtica se actualiza peri\u00f3dicamente. Es necesario comprobar esta p\u00e1gina cuando se utiliza el sitio para conocer los cambios en la pol\u00edtica de privacidad.<\/p>\n\n<h2 class=\"wp-block-heading\">Enlaces contextuales a sitios web de terceros<\/h2>\n\n<p>Nuestro sitio web contiene hiperv\u00ednculos a sitios web de terceros. No tenemos ning\u00fan control sobre estos sitios, y no somos responsables de sus pol\u00edticas de privacidad o de sus pr\u00e1cticas comerciales o de marketing.<\/p>\n\n<p><\/p>\n","protected":false},"excerpt":{"rendered":"<p>Nuestra pol\u00edtica de privacidad usa-b2.com es un sitio web de informaci\u00f3n sobre posibles viajes por carretera en Estados Unidos. El sitio no ofrece ning\u00fan servicio en l\u00ednea. El \u00fanico formulario del sitio es el formulario de contacto. La recopilaci\u00f3n de informaci\u00f3n en el sitio Esta es la lista de informaci\u00f3n personal que puede recopilarse en [&hellip;]<\/p>\n","protected":false},"author":1,"featured_media":0,"parent":0,"menu_order":0,"comment_status":"closed","ping_status":"closed","template":"","meta":{"footnotes":""},"class_list":["post-1024","page","type-page","status-publish","hentry"],"yoast_head":"<!-- This site is optimized with the Yoast SEO plugin v27.4 - https:\/\/yoast.com\/product\/yoast-seo-wordpress\/ -->\n<title>Pol\u00edtica de privacidad - USA B2<\/title>\n<meta name=\"description\" content=\"Pol\u00edtica de privacidad del sitio web usa-b2.com\" \/>\n<meta name=\"robots\" content=\"noindex, nofollow\" \/>\n<meta property=\"og:locale\" content=\"es_ES\" \/>\n<meta property=\"og:type\" content=\"article\" \/>\n<meta property=\"og:title\" content=\"Pol\u00edtica de privacidad - USA B2\" \/>\n<meta property=\"og:description\" content=\"Pol\u00edtica de privacidad del sitio web usa-b2.com\" \/>\n<meta property=\"og:url\" content=\"https:\/\/usa-b2.com\/es\/politica-de-confidentialidad\/\" \/>\n<meta property=\"og:site_name\" content=\"USA B2\" \/>\n<meta property=\"article:modified_time\" content=\"2025-02-06T10:08:34+00:00\" \/>\n<meta name=\"twitter:card\" content=\"summary_large_image\" \/>\n<meta name=\"twitter:label1\" content=\"Tiempo de lectura\" \/>\n\t<meta name=\"twitter:data1\" content=\"2 minutos\" \/>\n<script type=\"application\/ld+json\" class=\"yoast-schema-graph\">{\"@context\":\"https:\\\/\\\/schema.org\",\"@graph\":[{\"@type\":\"WebPage\",\"@id\":\"https:\\\/\\\/usa-b2.com\\\/es\\\/politica-de-confidentialidad\\\/\",\"url\":\"https:\\\/\\\/usa-b2.com\\\/es\\\/politica-de-confidentialidad\\\/\",\"name\":\"Pol\u00edtica de privacidad - USA B2\",\"isPartOf\":{\"@id\":\"https:\\\/\\\/usa-b2.com\\\/es\\\/#website\"},\"datePublished\":\"2024-02-19T17:16:58+00:00\",\"dateModified\":\"2025-02-06T10:08:34+00:00\",\"description\":\"Pol\u00edtica de privacidad del sitio web usa-b2.com\",\"breadcrumb\":{\"@id\":\"https:\\\/\\\/usa-b2.com\\\/es\\\/politica-de-confidentialidad\\\/#breadcrumb\"},\"inLanguage\":\"es\",\"potentialAction\":[{\"@type\":\"ReadAction\",\"target\":[\"https:\\\/\\\/usa-b2.com\\\/es\\\/politica-de-confidentialidad\\\/\"]}]},{\"@type\":\"BreadcrumbList\",\"@id\":\"https:\\\/\\\/usa-b2.com\\\/es\\\/politica-de-confidentialidad\\\/#breadcrumb\",\"itemListElement\":[{\"@type\":\"ListItem\",\"position\":1,\"name\":\"Accueil\",\"item\":\"https:\\\/\\\/usa-b2.com\\\/es\\\/ee-uu\\\/\"},{\"@type\":\"ListItem\",\"position\":2,\"name\":\"Pol\u00edtica de privacidad\"}]},{\"@type\":\"WebSite\",\"@id\":\"https:\\\/\\\/usa-b2.com\\\/es\\\/#website\",\"url\":\"https:\\\/\\\/usa-b2.com\\\/es\\\/\",\"name\":\"USA B2 VISA\",\"description\":\"\",\"potentialAction\":[{\"@type\":\"SearchAction\",\"target\":{\"@type\":\"EntryPoint\",\"urlTemplate\":\"https:\\\/\\\/usa-b2.com\\\/es\\\/?s={search_term_string}\"},\"query-input\":{\"@type\":\"PropertyValueSpecification\",\"valueRequired\":true,\"valueName\":\"search_term_string\"}}],\"inLanguage\":\"es\"}]}<\/script>\n<!-- \/ Yoast SEO plugin. -->","yoast_head_json":{"title":"Pol\u00edtica de privacidad - USA B2","description":"Pol\u00edtica de privacidad del sitio web usa-b2.com","robots":{"index":"noindex","follow":"nofollow"},"og_locale":"es_ES","og_type":"article","og_title":"Pol\u00edtica de privacidad - USA B2","og_description":"Pol\u00edtica de privacidad del sitio web usa-b2.com","og_url":"https:\/\/usa-b2.com\/es\/politica-de-confidentialidad\/","og_site_name":"USA B2","article_modified_time":"2025-02-06T10:08:34+00:00","twitter_card":"summary_large_image","twitter_misc":{"Tiempo de lectura":"2 minutos"},"schema":{"@context":"https:\/\/schema.org","@graph":[{"@type":"WebPage","@id":"https:\/\/usa-b2.com\/es\/politica-de-confidentialidad\/","url":"https:\/\/usa-b2.com\/es\/politica-de-confidentialidad\/","name":"Pol\u00edtica de privacidad - USA B2","isPartOf":{"@id":"https:\/\/usa-b2.com\/es\/#website"},"datePublished":"2024-02-19T17:16:58+00:00","dateModified":"2025-02-06T10:08:34+00:00","description":"Pol\u00edtica de privacidad del sitio web usa-b2.com","breadcrumb":{"@id":"https:\/\/usa-b2.com\/es\/politica-de-confidentialidad\/#breadcrumb"},"inLanguage":"es","potentialAction":[{"@type":"ReadAction","target":["https:\/\/usa-b2.com\/es\/politica-de-confidentialidad\/"]}]},{"@type":"BreadcrumbList","@id":"https:\/\/usa-b2.com\/es\/politica-de-confidentialidad\/#breadcrumb","itemListElement":[{"@type":"ListItem","position":1,"name":"Accueil","item":"https:\/\/usa-b2.com\/es\/ee-uu\/"},{"@type":"ListItem","position":2,"name":"Pol\u00edtica de privacidad"}]},{"@type":"WebSite","@id":"https:\/\/usa-b2.com\/es\/#website","url":"https:\/\/usa-b2.com\/es\/","name":"USA B2 VISA","description":"","potentialAction":[{"@type":"SearchAction","target":{"@type":"EntryPoint","urlTemplate":"https:\/\/usa-b2.com\/es\/?s={search_term_string}"},"query-input":{"@type":"PropertyValueSpecification","valueRequired":true,"valueName":"search_term_string"}}],"inLanguage":"es"}]}},"_links":{"self":[{"href":"https:\/\/usa-b2.com\/es\/wp-json\/wp\/v2\/pages\/1024","targetHints":{"allow":["GET"]}}],"collection":[{"href":"https:\/\/usa-b2.com\/es\/wp-json\/wp\/v2\/pages"}],"about":[{"href":"https:\/\/usa-b2.com\/es\/wp-json\/wp\/v2\/types\/page"}],"author":[{"embeddable":true,"href":"https:\/\/usa-b2.com\/es\/wp-json\/wp\/v2\/users\/1"}],"replies":[{"embeddable":true,"href":"https:\/\/usa-b2.com\/es\/wp-json\/wp\/v2\/comments?post=1024"}],"version-history":[{"count":0,"href":"https:\/\/usa-b2.com\/es\/wp-json\/wp\/v2\/pages\/1024\/revisions"}],"wp:attachment":[{"href":"https:\/\/usa-b2.com\/es\/wp-json\/wp\/v2\/media?parent=1024"}],"curies":[{"name":"wp","href":"https:\/\/api.w.org\/{rel}","templated":true}]}}