{"id":9704,"date":"2025-08-28T16:20:16","date_gmt":"2025-08-28T16:20:16","guid":{"rendered":"https:\/\/usa-b2.com\/visum-b1-b2-fur-brasilianische\/"},"modified":"2025-09-13T07:29:47","modified_gmt":"2025-09-13T07:29:47","slug":"visum-b1-b2-fur-brasilianische","status":"publish","type":"page","link":"https:\/\/usa-b2.com\/de\/visum-b1-b2-fur-brasilianische\/","title":{"rendered":"B1\/B2-Visum f\u00fcr brasilianische Reisende"},"content":{"rendered":"\n<h1 class=\"wp-block-heading\">B1\/B2-Visum f\u00fcr Brasilianer f\u00fcr Reisen in die USA<\/h1>\n\n<p>Das B1\/B2-Visum f\u00fcr Brasilianer ist eines der am h\u00e4ufigsten beantragten Visa f\u00fcr Reisende, die als Touristen, Gesch\u00e4ftsleute oder Familienangeh\u00f6rige in die USA einreisen m\u00f6chten. Im Gegensatz zu den B\u00fcrgern <a href=\"https:\/\/usa-b2.com\/de\/programm-befreiung-visumpflicht\/\">bestimmter L\u00e4nder, die im Rahmen des ESTA-Programms von der Visumpflicht befreit<\/a> sind, m\u00fcssen brasilianische Staatsb\u00fcrger dieses Verfahren zwingend durchlaufen. <\/p>\n\n<h2 class=\"wp-block-heading\">Was ist ein B1\/B2-Visum?<\/h2>\n\n<p>Das <a href=\"https:\/\/usa-b2.com\/de\/us-visum-b1-b2\/\">B1\/B2-Visum<\/a> ist das am h\u00e4ufigsten ausgestellte Dokument f\u00fcr brasilianische Staatsb\u00fcrger, die in die USA reisen m\u00f6chten. Es kombiniert in einer einzigen Genehmigung zwei verschiedene Zwecke:   <\/p>\n\n<ul class=\"wp-block-list\">\n<li>Das <a href=\"https:\/\/usa-b2.com\/de\/b1-visum-usa\/\">B1-Visum<\/a> ist f\u00fcr Gesch\u00e4ftsreisen bestimmt. Es erlaubt Ihnen, an einer Konferenz teilzunehmen, sich mit Gesch\u00e4ftspartnern zu treffen oder einen Vertrag auszuhandeln. <\/li>\n\n\n\n<li>Das <a href=\"https:\/\/usa-b2.com\/de\/b2-visum\/\">B2-Visum<\/a> ist f\u00fcr Tourismus, Urlaub oder Familienbesuche bestimmt. F\u00fcr viele Brasilianer ist dieses Visum das Tor zu den USA, sei es, um das Land zu erkunden, einen Berufswunsch zu entwickeln oder einfach Verwandte zu besuchen. <\/li>\n<\/ul>\n\n<div style=\"height:10px\" aria-hidden=\"true\" class=\"wp-block-spacer\"><\/div>\n\n<h2 class=\"wp-block-heading\">Schritte zur Beantragung eines B1\/B2-Visums in Brasilien<\/h2>\n\n<p>Hier sind die wichtigsten Schritte f\u00fcr die Beantragung eines B1\/B2-Visums in Brasilien :<\/p>\n\n<ol class=\"wp-block-list\">\n<li>F\u00fcllen Sie das <a href=\"https:\/\/usa-b2.com\/de\/ds-160\/\">Formular DS-160<\/a> online aus.<\/li>\n\n\n\n<li>Zahlung der <a href=\"https:\/\/usa-b2.com\/de\/gebuhren-b2-visum\/\">Visageb\u00fchren<\/a> (ca. 185 USD im Jahr 2025).<\/li>\n\n\n\n<li>Erstellen Sie ein Profil auf der <a href=\"https:\/\/www.state.gov\/\">offiziellen Website des US-Au\u00dfenministeriums<\/a>.<\/li>\n\n\n\n<li>Vereinbaren Sie einen Termin beim <a href=\"https:\/\/ais.usvisa-info.com\/pt-br\/niv\/information\/asc\">CASV<\/a> (Centro de Atendimento ao Solicitante de Visto).<\/li>\n\n\n\n<li>Teilnahme an einem <a href=\"https:\/\/usa-b2.com\/de\/visumstermin-us-botschaft\/\">Interview in der US-Botschaft<\/a> (S\u00e3o Paulo, Rio de Janeiro, Bras\u00edlia, Recife). Bei dieser Gelegenheit beurteilt der Konsularbeamte, ob der Bewerber Garantien f\u00fcr eine R\u00fcckkehr nach Brasilien bietet, wie z.B. eine feste Arbeitsstelle, starke famili\u00e4re Bindungen oder Beweise f\u00fcr finanzielle Solvenz. <\/li>\n\n\n\n<li>Erhalt des Visums und Einkleben <a href=\"https:\/\/usa-b2.com\/de\/reisepass-fur-die-usa\/\">in den Reisepass, um in die USA zu reisen<\/a>.<\/li>\n<\/ol>\n\n<div style=\"height:10px\" aria-hidden=\"true\" class=\"wp-block-spacer\"><\/div>\n\n<h2 class=\"wp-block-heading\">Dokumente, die f\u00fcr die Beantragung eines B1\/B2-Visums erforderlich sind<\/h2>\n\n<ul class=\"wp-block-list\">\n<li>G\u00fcltiger brasilianischer Reisepass.<\/li>\n\n\n\n<li>DS-160 Best\u00e4tigungsseite.<\/li>\n\n\n\n<li>Best\u00e4tigung des Termins.<\/li>\n\n\n\n<li>Foto entspricht den US-Anforderungen.<\/li>\n\n\n\n<li>Finanzielle Nachweise (Bankausz\u00fcge, Gehaltsabrechnungen).<\/li>\n\n\n\n<li>Nachweis starker Bindungen an Brasilien (Arbeitsvertrag, Immobilien, Familie).<\/li>\n<\/ul>\n\n<div style=\"height:10px\" aria-hidden=\"true\" class=\"wp-block-spacer\"><\/div>\n\n<h2 class=\"wp-block-heading\">G\u00fcltigkeit und Dauer des B1\/B2-Visums f\u00fcr Brasilianer<\/h2>\n\n<p>Einmal erteilt, ist das <a href=\"https:\/\/usa-b2.com\/de\/us-visum-b1-b2\/\">B1\/B2-Visum<\/a> in der Regel zehn Jahre lang g\u00fcltig, was es zu einem sehr praktischen Dokument f\u00fcr Vielreisende macht. Jede Einreise in die USA berechtigt zu einem Aufenthalt von bis zu sechs Monaten, aber die genaue Dauer wird vom Einwanderungsbeamten bei der Ankunft festgelegt. Es ist daher wichtig, dass Sie sich auf Ihre Reise vorbereiten und den Grund und die voraussichtliche Dauer Ihres Aufenthalts klar darlegen k\u00f6nnen.  <\/p>\n\n<h2 class=\"wp-block-heading\">FAQ &#8211; B1\/B2-Visum f\u00fcr Brasilianer<\/h2>\n\n<div class=\"schema-faq wp-block-yoast-faq-block\"><div class=\"schema-faq-section\" id=\"faq-question-1757684919058\"><strong class=\"schema-faq-question\">Kann ich mit einem B1\/B2-Visum arbeiten?<\/strong> <p class=\"schema-faq-answer\">Nein, dieses Visum ist nur f\u00fcr Tourismus und unbezahlte Gesch\u00e4fte g\u00fcltig.<\/p> <\/div> <div class=\"schema-faq-section\" id=\"faq-question-1757684934633\"><strong class=\"schema-faq-question\">Muss ich beim Vorstellungsgespr\u00e4ch Englisch sprechen?<\/strong> <p class=\"schema-faq-answer\">Nein, die Interviews werden auf Portugiesisch gef\u00fchrt.<\/p> <\/div> <div class=\"schema-faq-section\" id=\"faq-question-1757684946100\"><strong class=\"schema-faq-question\">Wie lange dauert es, ein Visum zu erhalten?<\/strong> <p class=\"schema-faq-answer\">Die durchschnittliche Frist betr\u00e4gt zwischen 2 und 6 Wochen, abh\u00e4ngig von der Verf\u00fcgbarkeit von Terminen.<\/p> <\/div> <\/div>\n","protected":false},"excerpt":{"rendered":"<p>B1\/B2-Visum f\u00fcr Brasilianer f\u00fcr Reisen in die USA Das B1\/B2-Visum f\u00fcr Brasilianer ist eines der am h\u00e4ufigsten beantragten Visa f\u00fcr Reisende, die als Touristen, Gesch\u00e4ftsleute oder Familienangeh\u00f6rige in die USA einreisen m\u00f6chten. Im Gegensatz zu den B\u00fcrgern bestimmter L\u00e4nder, die im Rahmen des ESTA-Programms von der Visumpflicht befreit sind, m\u00fcssen brasilianische Staatsb\u00fcrger dieses Verfahren zwingend [&hellip;]<\/p>\n","protected":false},"author":1,"featured_media":0,"parent":0,"menu_order":0,"comment_status":"closed","ping_status":"closed","template":"","meta":{"footnotes":""},"class_list":["post-9704","page","type-page","status-publish","hentry"],"yoast_head":"<!-- This site is optimized with the Yoast SEO plugin v27.4 - https:\/\/yoast.com\/product\/yoast-seo-wordpress\/ -->\n<title>B1\/B2-Visum f\u00fcr brasilianische Reisende - USA B2<\/title>\n<meta name=\"description\" content=\"Alles \u00fcber das B1\/B2-Visum f\u00fcr brasilianische Reisende: Verfahren, Bewerbungsgespr\u00e4ch, Dokumente und praktische Tipps.\" \/>\n<meta name=\"robots\" content=\"index, follow, max-snippet:-1, max-image-preview:large, max-video-preview:-1\" \/>\n<link rel=\"canonical\" href=\"https:\/\/usa-b2.com\/de\/visum-b1-b2-fur-brasilianische\/\" \/>\n<meta property=\"og:locale\" content=\"de_DE\" \/>\n<meta property=\"og:type\" content=\"article\" \/>\n<meta property=\"og:title\" content=\"B1\/B2-Visum f\u00fcr brasilianische Reisende - USA B2\" \/>\n<meta property=\"og:description\" content=\"Alles \u00fcber das B1\/B2-Visum f\u00fcr brasilianische Reisende: Verfahren, Bewerbungsgespr\u00e4ch, Dokumente und praktische Tipps.\" \/>\n<meta property=\"og:url\" content=\"https:\/\/usa-b2.com\/de\/visum-b1-b2-fur-brasilianische\/\" \/>\n<meta property=\"og:site_name\" content=\"USA B2\" \/>\n<meta property=\"article:modified_time\" content=\"2025-09-13T07:29:47+00:00\" \/>\n<meta name=\"twitter:card\" content=\"summary_large_image\" \/>\n<meta name=\"twitter:label1\" content=\"Gesch\u00e4tzte Lesezeit\" \/>\n\t<meta name=\"twitter:data1\" content=\"2\u00a0Minuten\" \/>\n<script type=\"application\/ld+json\" class=\"yoast-schema-graph\">{\"@context\":\"https:\\\/\\\/schema.org\",\"@graph\":[{\"@type\":[\"WebPage\",\"FAQPage\"],\"@id\":\"https:\\\/\\\/usa-b2.com\\\/de\\\/visum-b1-b2-fur-brasilianische\\\/\",\"url\":\"https:\\\/\\\/usa-b2.com\\\/de\\\/visum-b1-b2-fur-brasilianische\\\/\",\"name\":\"B1\\\/B2-Visum f\u00fcr brasilianische Reisende - USA B2\",\"isPartOf\":{\"@id\":\"https:\\\/\\\/usa-b2.com\\\/de\\\/#website\"},\"datePublished\":\"2025-08-28T16:20:16+00:00\",\"dateModified\":\"2025-09-13T07:29:47+00:00\",\"description\":\"Alles \u00fcber das B1\\\/B2-Visum f\u00fcr brasilianische Reisende: Verfahren, Bewerbungsgespr\u00e4ch, Dokumente und praktische Tipps.\",\"breadcrumb\":{\"@id\":\"https:\\\/\\\/usa-b2.com\\\/de\\\/visum-b1-b2-fur-brasilianische\\\/#breadcrumb\"},\"mainEntity\":[{\"@id\":\"https:\\\/\\\/usa-b2.com\\\/de\\\/visum-b1-b2-fur-brasilianische\\\/#faq-question-1757684919058\"},{\"@id\":\"https:\\\/\\\/usa-b2.com\\\/de\\\/visum-b1-b2-fur-brasilianische\\\/#faq-question-1757684934633\"},{\"@id\":\"https:\\\/\\\/usa-b2.com\\\/de\\\/visum-b1-b2-fur-brasilianische\\\/#faq-question-1757684946100\"}],\"inLanguage\":\"de\",\"potentialAction\":[{\"@type\":\"ReadAction\",\"target\":[\"https:\\\/\\\/usa-b2.com\\\/de\\\/visum-b1-b2-fur-brasilianische\\\/\"]}]},{\"@type\":\"BreadcrumbList\",\"@id\":\"https:\\\/\\\/usa-b2.com\\\/de\\\/visum-b1-b2-fur-brasilianische\\\/#breadcrumb\",\"itemListElement\":[{\"@type\":\"ListItem\",\"position\":1,\"name\":\"Accueil\",\"item\":\"https:\\\/\\\/usa-b2.com\\\/de\\\/usa\\\/\"},{\"@type\":\"ListItem\",\"position\":2,\"name\":\"B1\\\/B2-Visum f\u00fcr brasilianische Reisende\"}]},{\"@type\":\"WebSite\",\"@id\":\"https:\\\/\\\/usa-b2.com\\\/de\\\/#website\",\"url\":\"https:\\\/\\\/usa-b2.com\\\/de\\\/\",\"name\":\"USA B2 VISA\",\"description\":\"\",\"potentialAction\":[{\"@type\":\"SearchAction\",\"target\":{\"@type\":\"EntryPoint\",\"urlTemplate\":\"https:\\\/\\\/usa-b2.com\\\/de\\\/?s={search_term_string}\"},\"query-input\":{\"@type\":\"PropertyValueSpecification\",\"valueRequired\":true,\"valueName\":\"search_term_string\"}}],\"inLanguage\":\"de\"},{\"@type\":\"Question\",\"@id\":\"https:\\\/\\\/usa-b2.com\\\/de\\\/visum-b1-b2-fur-brasilianische\\\/#faq-question-1757684919058\",\"position\":1,\"url\":\"https:\\\/\\\/usa-b2.com\\\/de\\\/visum-b1-b2-fur-brasilianische\\\/#faq-question-1757684919058\",\"name\":\"Kann ich mit einem B1\\\/B2-Visum arbeiten?\",\"answerCount\":1,\"acceptedAnswer\":{\"@type\":\"Answer\",\"text\":\"Nein, dieses Visum ist nur f\u00fcr Tourismus und unbezahlte Gesch\u00e4fte g\u00fcltig.\",\"inLanguage\":\"de\"},\"inLanguage\":\"de\"},{\"@type\":\"Question\",\"@id\":\"https:\\\/\\\/usa-b2.com\\\/de\\\/visum-b1-b2-fur-brasilianische\\\/#faq-question-1757684934633\",\"position\":2,\"url\":\"https:\\\/\\\/usa-b2.com\\\/de\\\/visum-b1-b2-fur-brasilianische\\\/#faq-question-1757684934633\",\"name\":\"Muss ich beim Vorstellungsgespr\u00e4ch Englisch sprechen?\",\"answerCount\":1,\"acceptedAnswer\":{\"@type\":\"Answer\",\"text\":\"Nein, die Interviews werden auf Portugiesisch gef\u00fchrt.\",\"inLanguage\":\"de\"},\"inLanguage\":\"de\"},{\"@type\":\"Question\",\"@id\":\"https:\\\/\\\/usa-b2.com\\\/de\\\/visum-b1-b2-fur-brasilianische\\\/#faq-question-1757684946100\",\"position\":3,\"url\":\"https:\\\/\\\/usa-b2.com\\\/de\\\/visum-b1-b2-fur-brasilianische\\\/#faq-question-1757684946100\",\"name\":\"Wie lange dauert es, ein Visum zu erhalten?\",\"answerCount\":1,\"acceptedAnswer\":{\"@type\":\"Answer\",\"text\":\"Die durchschnittliche Frist betr\u00e4gt zwischen 2 und 6 Wochen, abh\u00e4ngig von der Verf\u00fcgbarkeit von Terminen.\",\"inLanguage\":\"de\"},\"inLanguage\":\"de\"}]}<\/script>\n<!-- \/ Yoast SEO plugin. -->","yoast_head_json":{"title":"B1\/B2-Visum f\u00fcr brasilianische Reisende - USA B2","description":"Alles \u00fcber das B1\/B2-Visum f\u00fcr brasilianische Reisende: Verfahren, Bewerbungsgespr\u00e4ch, Dokumente und praktische Tipps.","robots":{"index":"index","follow":"follow","max-snippet":"max-snippet:-1","max-image-preview":"max-image-preview:large","max-video-preview":"max-video-preview:-1"},"canonical":"https:\/\/usa-b2.com\/de\/visum-b1-b2-fur-brasilianische\/","og_locale":"de_DE","og_type":"article","og_title":"B1\/B2-Visum f\u00fcr brasilianische Reisende - USA B2","og_description":"Alles \u00fcber das B1\/B2-Visum f\u00fcr brasilianische Reisende: Verfahren, Bewerbungsgespr\u00e4ch, Dokumente und praktische Tipps.","og_url":"https:\/\/usa-b2.com\/de\/visum-b1-b2-fur-brasilianische\/","og_site_name":"USA B2","article_modified_time":"2025-09-13T07:29:47+00:00","twitter_card":"summary_large_image","twitter_misc":{"Gesch\u00e4tzte Lesezeit":"2\u00a0Minuten"},"schema":{"@context":"https:\/\/schema.org","@graph":[{"@type":["WebPage","FAQPage"],"@id":"https:\/\/usa-b2.com\/de\/visum-b1-b2-fur-brasilianische\/","url":"https:\/\/usa-b2.com\/de\/visum-b1-b2-fur-brasilianische\/","name":"B1\/B2-Visum f\u00fcr brasilianische Reisende - USA B2","isPartOf":{"@id":"https:\/\/usa-b2.com\/de\/#website"},"datePublished":"2025-08-28T16:20:16+00:00","dateModified":"2025-09-13T07:29:47+00:00","description":"Alles \u00fcber das B1\/B2-Visum f\u00fcr brasilianische Reisende: Verfahren, Bewerbungsgespr\u00e4ch, Dokumente und praktische Tipps.","breadcrumb":{"@id":"https:\/\/usa-b2.com\/de\/visum-b1-b2-fur-brasilianische\/#breadcrumb"},"mainEntity":[{"@id":"https:\/\/usa-b2.com\/de\/visum-b1-b2-fur-brasilianische\/#faq-question-1757684919058"},{"@id":"https:\/\/usa-b2.com\/de\/visum-b1-b2-fur-brasilianische\/#faq-question-1757684934633"},{"@id":"https:\/\/usa-b2.com\/de\/visum-b1-b2-fur-brasilianische\/#faq-question-1757684946100"}],"inLanguage":"de","potentialAction":[{"@type":"ReadAction","target":["https:\/\/usa-b2.com\/de\/visum-b1-b2-fur-brasilianische\/"]}]},{"@type":"BreadcrumbList","@id":"https:\/\/usa-b2.com\/de\/visum-b1-b2-fur-brasilianische\/#breadcrumb","itemListElement":[{"@type":"ListItem","position":1,"name":"Accueil","item":"https:\/\/usa-b2.com\/de\/usa\/"},{"@type":"ListItem","position":2,"name":"B1\/B2-Visum f\u00fcr brasilianische Reisende"}]},{"@type":"WebSite","@id":"https:\/\/usa-b2.com\/de\/#website","url":"https:\/\/usa-b2.com\/de\/","name":"USA B2 VISA","description":"","potentialAction":[{"@type":"SearchAction","target":{"@type":"EntryPoint","urlTemplate":"https:\/\/usa-b2.com\/de\/?s={search_term_string}"},"query-input":{"@type":"PropertyValueSpecification","valueRequired":true,"valueName":"search_term_string"}}],"inLanguage":"de"},{"@type":"Question","@id":"https:\/\/usa-b2.com\/de\/visum-b1-b2-fur-brasilianische\/#faq-question-1757684919058","position":1,"url":"https:\/\/usa-b2.com\/de\/visum-b1-b2-fur-brasilianische\/#faq-question-1757684919058","name":"Kann ich mit einem B1\/B2-Visum arbeiten?","answerCount":1,"acceptedAnswer":{"@type":"Answer","text":"Nein, dieses Visum ist nur f\u00fcr Tourismus und unbezahlte Gesch\u00e4fte g\u00fcltig.","inLanguage":"de"},"inLanguage":"de"},{"@type":"Question","@id":"https:\/\/usa-b2.com\/de\/visum-b1-b2-fur-brasilianische\/#faq-question-1757684934633","position":2,"url":"https:\/\/usa-b2.com\/de\/visum-b1-b2-fur-brasilianische\/#faq-question-1757684934633","name":"Muss ich beim Vorstellungsgespr\u00e4ch Englisch sprechen?","answerCount":1,"acceptedAnswer":{"@type":"Answer","text":"Nein, die Interviews werden auf Portugiesisch gef\u00fchrt.","inLanguage":"de"},"inLanguage":"de"},{"@type":"Question","@id":"https:\/\/usa-b2.com\/de\/visum-b1-b2-fur-brasilianische\/#faq-question-1757684946100","position":3,"url":"https:\/\/usa-b2.com\/de\/visum-b1-b2-fur-brasilianische\/#faq-question-1757684946100","name":"Wie lange dauert es, ein Visum zu erhalten?","answerCount":1,"acceptedAnswer":{"@type":"Answer","text":"Die durchschnittliche Frist betr\u00e4gt zwischen 2 und 6 Wochen, abh\u00e4ngig von der Verf\u00fcgbarkeit von Terminen.","inLanguage":"de"},"inLanguage":"de"}]}},"_links":{"self":[{"href":"https:\/\/usa-b2.com\/de\/wp-json\/wp\/v2\/pages\/9704","targetHints":{"allow":["GET"]}}],"collection":[{"href":"https:\/\/usa-b2.com\/de\/wp-json\/wp\/v2\/pages"}],"about":[{"href":"https:\/\/usa-b2.com\/de\/wp-json\/wp\/v2\/types\/page"}],"author":[{"embeddable":true,"href":"https:\/\/usa-b2.com\/de\/wp-json\/wp\/v2\/users\/1"}],"replies":[{"embeddable":true,"href":"https:\/\/usa-b2.com\/de\/wp-json\/wp\/v2\/comments?post=9704"}],"version-history":[{"count":1,"href":"https:\/\/usa-b2.com\/de\/wp-json\/wp\/v2\/pages\/9704\/revisions"}],"predecessor-version":[{"id":9705,"href":"https:\/\/usa-b2.com\/de\/wp-json\/wp\/v2\/pages\/9704\/revisions\/9705"}],"wp:attachment":[{"href":"https:\/\/usa-b2.com\/de\/wp-json\/wp\/v2\/media?parent=9704"}],"curies":[{"name":"wp","href":"https:\/\/api.w.org\/{rel}","templated":true}]}}