{"id":9634,"date":"2025-08-16T10:09:01","date_gmt":"2025-08-16T10:09:01","guid":{"rendered":"https:\/\/usa-b2.com\/visum-b2-fur-mexikaner\/"},"modified":"2025-10-28T20:33:13","modified_gmt":"2025-10-28T20:33:13","slug":"visum-b2-fur-mexikaner","status":"publish","type":"page","link":"https:\/\/usa-b2.com\/de\/visum-b2-fur-mexikaner\/","title":{"rendered":"Erhalt des B2-Visums f\u00fcr einen Mexikaner"},"content":{"rendered":"\n<h1 class=\"wp-block-heading\">Wie man ein B2-Visum von Mexiko aus erh\u00e4lt<\/h1>\n\n<h2 class=\"wp-block-heading\">Was ist das amerikanische B2-Visum?<\/h2>\n\n<p>Das <strong>B2-Visum<\/strong> ist ein <a href=\"https:\/\/usa-b2.com\/de\/besucher-visum-vereinigte-staaten\/\">Besuchervisum<\/a> f\u00fcr Personen, die in die USA einreisen m\u00f6chten, um :<\/p>\n\n<ul class=\"wp-block-list\">\n<li>Tourismus (Urlaub, Entdeckung amerikanischer St\u00e4dte, Nationalparks usw.).<\/li>\n\n\n\n<li>Besuch von Familie oder Freunden<\/li>\n\n\n\n<li>Medizinische Versorgung erhalten<\/li>\n\n\n\n<li>Teilnahme an sozialen oder kulturellen Veranstaltungen (Konzerte, Konferenzen, Hochzeiten&#8230;)<\/li>\n<\/ul>\n\n<p>\u26a0\ufe0f Achtung: Das B2-Visum <strong>berechtigt nicht zur Arbeit oder zum Studium<\/strong> in den USA.<\/p>\n\n<h2 class=\"wp-block-heading\">W\u00e4hlbarkeitsvoraussetzungen f\u00fcr mexikanische Staatsb\u00fcrger<\/h2>\n\n<p>Um ein B2-Visum zu erhalten, muss der mexikanische Antragsteller Folgendes nachweisen:<\/p>\n\n<ol class=\"wp-block-list\">\n<li>Die Absicht, nach der Reise nach Mexiko zur\u00fcckzukehren.<\/li>\n\n\n\n<li>Besitz eines g\u00fcltigen mexikanischen Reisepasses, dessen G\u00fcltigkeitsdauer mindestens sechs Monate \u00fcber das Datum der geplanten Ausreise aus den USA hinausreicht.<\/li>\n\n\n\n<li>Ein Plan f\u00fcr einen vor\u00fcbergehenden Aufenthalt, der durch eine Reiseroute, eine Einladung oder eine Reservierung begr\u00fcndet ist.<\/li>\n\n\n\n<li>Starke Bindungen in Mexiko, wie z.B. eine Arbeitsstelle, ein Unternehmen, Immobilien oder Familienbande.<\/li>\n\n\n\n<li>Ausreichende finanzielle Mittel, die beweisen, dass Sie in der Lage sind, die mit dem Aufenthalt verbundenen Kosten zu tragen.<\/li>\n<\/ol>\n\n<div style=\"height:10px\" aria-hidden=\"true\" class=\"wp-block-spacer\"><\/div>\n\n<h2 class=\"wp-block-heading\">Das Antragsverfahren Schritt f\u00fcr Schritt<\/h2>\n\n<ol class=\"wp-block-list\">\n<li>F\u00fcllen Sie das <a href=\"https:\/\/usa-b2.com\/de\/ds-160\/\">Formular DS-160<\/a> auf der offiziellen Website des US-Au\u00dfenministeriums aus. Das Formular wird online ausgef\u00fcllt. Sie m\u00fcssen ein aktuelles Foto im erforderlichen Format hochladen. <\/li>\n\n\n\n<li>Bezahlen Sie die <a href=\"https:\/\/usa-b2.com\/fr\/frais-visa-b2-usa\/\">Visageb\u00fchren<\/a>. Die Geb\u00fchr f\u00fcr das B2-Visum betr\u00e4gt <strong>185 USD<\/strong> und kann nicht zur\u00fcckerstattet werden. Die Zahlung erfolgt online oder in einem autorisierten Zentrum.  <\/li>\n\n\n\n<li>Planen Sie einen <a href=\"https:\/\/usa-b2.com\/de\/visumstermin-us-botschaft\/\">Termin auf der Website der US-Botschaft<\/a> in Mexiko. Sie m\u00fcssen <strong>das CAS (Centro de Atenci\u00f3n a Solicitantes)<\/strong> aufsuchen, um Fingerabdr\u00fccke und Fotos zu machen. Danach k\u00f6nnen Sie einen Termin bei der Botschaft oder dem Konsulat (Mexico City, Monterrey, Guadalajara, Tijuana usw.) vereinbaren.  <\/li>\n\n\n\n<li>Nehmen Sie an der konsularischen Befragung teil. Sie m\u00fcssen Ihren <strong>Reisepass<\/strong>, die <strong>DS-160-Best\u00e4tigung<\/strong>, den <strong>Zahlungsbeleg<\/strong> und alle Dokumente, die Ihre Verbindung zu Mexiko belegen, mitbringen. Der Konsularbeamte wird Ihnen Fragen zu Ihrem Einkommen, Ihrer Besch\u00e4ftigung, Ihrer Familie und Ihren Reisepl\u00e4nen stellen.  <\/li>\n\n\n\n<li>Holen Sie Ihr Visum ab. Wenn es akzeptiert wird, wird Ihr <strong>B2-Visum<\/strong> in Ihren Reisepass eingeklebt. <\/li>\n<\/ol>\n\n<div style=\"height:10px\" aria-hidden=\"true\" class=\"wp-block-spacer\"><\/div>\n\n<h2 class=\"wp-block-heading\">Tipps zur Maximierung Ihrer Chancen auf einen Studienplatz<\/h2>\n\n<ul class=\"wp-block-list\">\n<li><strong>Seien Sie<\/strong> w\u00e4hrend des Gespr\u00e4chs <strong>ehrlich und klar<\/strong>.<\/li>\n\n\n\n<li>Bereiten Sie <strong>Beweise f\u00fcr die R\u00fcckkehr nach Mexiko<\/strong> vor (Arbeitsvertrag, Schulanmeldung, Eigentumsurkunde).<\/li>\n\n\n\n<li>Vermeiden Sie es, den Eindruck zu erwecken, dass Sie sich illegal in den USA aufhalten m\u00f6chten.<\/li>\n\n\n\n<li>Legen Sie einen <strong>realistischen Reiseplan<\/strong> vor (Tickets, Reservierungen, Familieneinladungen, falls zutreffend).<\/li>\n<\/ul>\n\n<p><\/p>\n","protected":false},"excerpt":{"rendered":"<p>Wie man ein B2-Visum von Mexiko aus erh\u00e4lt Was ist das amerikanische B2-Visum? Das B2-Visum ist ein Besuchervisum f\u00fcr Personen, die in die USA einreisen m\u00f6chten, um : \u26a0\ufe0f Achtung: Das B2-Visum berechtigt nicht zur Arbeit oder zum Studium in den USA. W\u00e4hlbarkeitsvoraussetzungen f\u00fcr mexikanische Staatsb\u00fcrger Um ein B2-Visum zu erhalten, muss der mexikanische Antragsteller [&hellip;]<\/p>\n","protected":false},"author":1,"featured_media":0,"parent":0,"menu_order":0,"comment_status":"closed","ping_status":"closed","template":"","meta":{"footnotes":""},"class_list":["post-9634","page","type-page","status-publish","hentry"],"yoast_head":"<!-- This site is optimized with the Yoast SEO plugin v27.0 - https:\/\/yoast.com\/product\/yoast-seo-wordpress\/ -->\n<title>Erhalt des B2-Visums f\u00fcr einen Mexikaner - USA B2<\/title>\n<meta name=\"description\" content=\"Gesetzliches Verfahren und Bedingungen f\u00fcr den Erhalt eines amerikanischen B2-Visums als mexikanischer Staatsb\u00fcrger: Berechtigung, Verfahren, Kosten und Fristen.\" \/>\n<meta name=\"robots\" content=\"index, follow, max-snippet:-1, max-image-preview:large, max-video-preview:-1\" \/>\n<link rel=\"canonical\" href=\"https:\/\/usa-b2.com\/de\/visum-b2-fur-mexikaner\/\" \/>\n<meta property=\"og:locale\" content=\"de_DE\" \/>\n<meta property=\"og:type\" content=\"article\" \/>\n<meta property=\"og:title\" content=\"Erhalt des B2-Visums f\u00fcr einen Mexikaner - USA B2\" \/>\n<meta property=\"og:description\" content=\"Gesetzliches Verfahren und Bedingungen f\u00fcr den Erhalt eines amerikanischen B2-Visums als mexikanischer Staatsb\u00fcrger: Berechtigung, Verfahren, Kosten und Fristen.\" \/>\n<meta property=\"og:url\" content=\"https:\/\/usa-b2.com\/de\/visum-b2-fur-mexikaner\/\" \/>\n<meta property=\"og:site_name\" content=\"USA B2\" \/>\n<meta property=\"article:modified_time\" content=\"2025-10-28T20:33:13+00:00\" \/>\n<meta name=\"twitter:card\" content=\"summary_large_image\" \/>\n<meta name=\"twitter:label1\" content=\"Gesch\u00e4tzte Lesezeit\" \/>\n\t<meta name=\"twitter:data1\" content=\"2\u00a0Minuten\" \/>\n<script type=\"application\/ld+json\" class=\"yoast-schema-graph\">{\"@context\":\"https:\/\/schema.org\",\"@graph\":[{\"@type\":\"WebPage\",\"@id\":\"https:\/\/usa-b2.com\/de\/visum-b2-fur-mexikaner\/\",\"url\":\"https:\/\/usa-b2.com\/de\/visum-b2-fur-mexikaner\/\",\"name\":\"Erhalt des B2-Visums f\u00fcr einen Mexikaner - USA B2\",\"isPartOf\":{\"@id\":\"https:\/\/usa-b2.com\/de\/#website\"},\"datePublished\":\"2025-08-16T10:09:01+00:00\",\"dateModified\":\"2025-10-28T20:33:13+00:00\",\"description\":\"Gesetzliches Verfahren und Bedingungen f\u00fcr den Erhalt eines amerikanischen B2-Visums als mexikanischer Staatsb\u00fcrger: Berechtigung, Verfahren, Kosten und Fristen.\",\"breadcrumb\":{\"@id\":\"https:\/\/usa-b2.com\/de\/visum-b2-fur-mexikaner\/#breadcrumb\"},\"inLanguage\":\"de\",\"potentialAction\":[{\"@type\":\"ReadAction\",\"target\":[\"https:\/\/usa-b2.com\/de\/visum-b2-fur-mexikaner\/\"]}]},{\"@type\":\"BreadcrumbList\",\"@id\":\"https:\/\/usa-b2.com\/de\/visum-b2-fur-mexikaner\/#breadcrumb\",\"itemListElement\":[{\"@type\":\"ListItem\",\"position\":1,\"name\":\"Accueil\",\"item\":\"https:\/\/usa-b2.com\/de\/usa-roadtrips\/\"},{\"@type\":\"ListItem\",\"position\":2,\"name\":\"Erhalt des B2-Visums f\u00fcr einen Mexikaner\"}]},{\"@type\":\"WebSite\",\"@id\":\"https:\/\/usa-b2.com\/de\/#website\",\"url\":\"https:\/\/usa-b2.com\/de\/\",\"name\":\"USA B2 VISA\",\"description\":\"\",\"potentialAction\":[{\"@type\":\"SearchAction\",\"target\":{\"@type\":\"EntryPoint\",\"urlTemplate\":\"https:\/\/usa-b2.com\/de\/?s={search_term_string}\"},\"query-input\":{\"@type\":\"PropertyValueSpecification\",\"valueRequired\":true,\"valueName\":\"search_term_string\"}}],\"inLanguage\":\"de\"}]}<\/script>\n<!-- \/ Yoast SEO plugin. -->","yoast_head_json":{"title":"Erhalt des B2-Visums f\u00fcr einen Mexikaner - USA B2","description":"Gesetzliches Verfahren und Bedingungen f\u00fcr den Erhalt eines amerikanischen B2-Visums als mexikanischer Staatsb\u00fcrger: Berechtigung, Verfahren, Kosten und Fristen.","robots":{"index":"index","follow":"follow","max-snippet":"max-snippet:-1","max-image-preview":"max-image-preview:large","max-video-preview":"max-video-preview:-1"},"canonical":"https:\/\/usa-b2.com\/de\/visum-b2-fur-mexikaner\/","og_locale":"de_DE","og_type":"article","og_title":"Erhalt des B2-Visums f\u00fcr einen Mexikaner - USA B2","og_description":"Gesetzliches Verfahren und Bedingungen f\u00fcr den Erhalt eines amerikanischen B2-Visums als mexikanischer Staatsb\u00fcrger: Berechtigung, Verfahren, Kosten und Fristen.","og_url":"https:\/\/usa-b2.com\/de\/visum-b2-fur-mexikaner\/","og_site_name":"USA B2","article_modified_time":"2025-10-28T20:33:13+00:00","twitter_card":"summary_large_image","twitter_misc":{"Gesch\u00e4tzte Lesezeit":"2\u00a0Minuten"},"schema":{"@context":"https:\/\/schema.org","@graph":[{"@type":"WebPage","@id":"https:\/\/usa-b2.com\/de\/visum-b2-fur-mexikaner\/","url":"https:\/\/usa-b2.com\/de\/visum-b2-fur-mexikaner\/","name":"Erhalt des B2-Visums f\u00fcr einen Mexikaner - USA B2","isPartOf":{"@id":"https:\/\/usa-b2.com\/de\/#website"},"datePublished":"2025-08-16T10:09:01+00:00","dateModified":"2025-10-28T20:33:13+00:00","description":"Gesetzliches Verfahren und Bedingungen f\u00fcr den Erhalt eines amerikanischen B2-Visums als mexikanischer Staatsb\u00fcrger: Berechtigung, Verfahren, Kosten und Fristen.","breadcrumb":{"@id":"https:\/\/usa-b2.com\/de\/visum-b2-fur-mexikaner\/#breadcrumb"},"inLanguage":"de","potentialAction":[{"@type":"ReadAction","target":["https:\/\/usa-b2.com\/de\/visum-b2-fur-mexikaner\/"]}]},{"@type":"BreadcrumbList","@id":"https:\/\/usa-b2.com\/de\/visum-b2-fur-mexikaner\/#breadcrumb","itemListElement":[{"@type":"ListItem","position":1,"name":"Accueil","item":"https:\/\/usa-b2.com\/de\/usa-roadtrips\/"},{"@type":"ListItem","position":2,"name":"Erhalt des B2-Visums f\u00fcr einen Mexikaner"}]},{"@type":"WebSite","@id":"https:\/\/usa-b2.com\/de\/#website","url":"https:\/\/usa-b2.com\/de\/","name":"USA B2 VISA","description":"","potentialAction":[{"@type":"SearchAction","target":{"@type":"EntryPoint","urlTemplate":"https:\/\/usa-b2.com\/de\/?s={search_term_string}"},"query-input":{"@type":"PropertyValueSpecification","valueRequired":true,"valueName":"search_term_string"}}],"inLanguage":"de"}]}},"_links":{"self":[{"href":"https:\/\/usa-b2.com\/de\/wp-json\/wp\/v2\/pages\/9634","targetHints":{"allow":["GET"]}}],"collection":[{"href":"https:\/\/usa-b2.com\/de\/wp-json\/wp\/v2\/pages"}],"about":[{"href":"https:\/\/usa-b2.com\/de\/wp-json\/wp\/v2\/types\/page"}],"author":[{"embeddable":true,"href":"https:\/\/usa-b2.com\/de\/wp-json\/wp\/v2\/users\/1"}],"replies":[{"embeddable":true,"href":"https:\/\/usa-b2.com\/de\/wp-json\/wp\/v2\/comments?post=9634"}],"version-history":[{"count":2,"href":"https:\/\/usa-b2.com\/de\/wp-json\/wp\/v2\/pages\/9634\/revisions"}],"predecessor-version":[{"id":10729,"href":"https:\/\/usa-b2.com\/de\/wp-json\/wp\/v2\/pages\/9634\/revisions\/10729"}],"wp:attachment":[{"href":"https:\/\/usa-b2.com\/de\/wp-json\/wp\/v2\/media?parent=9634"}],"curies":[{"name":"wp","href":"https:\/\/api.w.org\/{rel}","templated":true}]}}