{"id":9337,"date":"2025-06-06T07:37:34","date_gmt":"2025-06-06T07:37:34","guid":{"rendered":"https:\/\/usa-b2.com\/b2-visum-fur-deutsche\/"},"modified":"2025-10-28T20:23:59","modified_gmt":"2025-10-28T20:23:59","slug":"b2-visum-fur-deutsche","status":"publish","type":"page","link":"https:\/\/usa-b2.com\/de\/b2-visum-fur-deutsche\/","title":{"rendered":"Erhalt eines B2-Visums f\u00fcr einen Deutschen"},"content":{"rendered":"\n<h1 class=\"wp-block-heading\">Die Beantragung eines amerikanischen B2-Visums durch einen Deutschen<\/h1>\n\n<p>Sind Sie <strong>deutscher Staatsb\u00fcrger<\/strong> und planen Sie einen touristischen Aufenthalt in den USA? Wenn Sie l\u00e4nger als 90 Tage bleiben oder ESTA nicht nutzen k\u00f6nnen, ist das <strong>B2 USA Visum f\u00fcr Deutsche<\/strong> die ideale L\u00f6sung. <\/p>\n\n<h3 class=\"wp-block-heading\">Was ist das B2-Visum?<\/h3>\n\n<p>Das <strong>B2-Visum<\/strong> ist ein nicht einwanderndes <a href=\"https:\/\/usa-b2.com\/de\/besucher-visum-vereinigte-staaten\/\">Besuchervisum<\/a> f\u00fcr die USA, das f\u00fcr vor\u00fcbergehende Aufenthalte f\u00fcr :<\/p>\n\n<ul class=\"wp-block-list\">\n<li><strong>Tourismus<\/strong> oder Urlaub<\/li>\n\n\n\n<li><strong>Familien- oder Freundschaftsbesuch<\/strong><\/li>\n\n\n\n<li><strong>Medizinische Versorgung in den USA<\/strong><\/li>\n<\/ul>\n\n<div style=\"height:10px\" aria-hidden=\"true\" class=\"wp-block-spacer\"><\/div>\n\n<h3 class=\"wp-block-heading\">Braucht man als deutscher Staatsb\u00fcrger ein B2-Visum?<\/h3>\n\n<p>Nein, <strong>nicht zwingend<\/strong>.<br\/>Deutsche k\u00f6nnen das <a href=\"https:\/\/usa-b2.com\/de\/esta-online-formular\/\">ESTA-Formular<\/a> f\u00fcr Aufenthalte von <strong>weniger als 90 Tagen<\/strong> online ausf\u00fcllen. Deutschland ist Mitglied des <a href=\"https:\/\/usa-b2.com\/de\/programm-befreiung-visumpflicht\/\">Visa Waiver Program<\/a>. <\/p>\n\n<p>In den folgenden F\u00e4llen ist das <strong>amerikanische B2-Visum<\/strong> f\u00fcr einen Deutschen jedoch empfehlenswert oder sogar erforderlich:<\/p>\n\n<ul class=\"wp-block-list\">\n<li>Sie haben in der Vergangenheit <strong>die zul\u00e4ssige Aufenthaltsdauer \u00fcberschritten.<\/strong> <\/li>\n\n\n\n<li>Sie wurden <strong>bei der ESTA-Pr\u00fcfung abgelehnt<\/strong>.<\/li>\n\n\n\n<li>Sie m\u00f6chten <strong>l\u00e4nger als 90 Tage bleiben<\/strong><\/li>\n\n\n\n<li>Sie sind vorbestraft oder befinden sich in einer besonderen Situation.<\/li>\n<\/ul>\n\n<div style=\"height:10px\" aria-hidden=\"true\" class=\"wp-block-spacer\"><\/div>\n\n<h3 class=\"wp-block-heading\">Schritte zur Beantragung eines B2-Visums aus Deutschland<\/h3>\n\n<ol class=\"wp-block-list\">\n<li>F\u00fcllen Sie das <a href=\"https:\/\/usa-b2.com\/de\/ds-160\/\">Formular DS-160<\/a> aus<\/li>\n\n\n\n<li>Bezahlen Sie die <a href=\"https:\/\/usa-b2.com\/fr\/frais-visa-b2-usa\/\">Geb\u00fchren f\u00fcr das B2-Visum<\/a><\/li>\n\n\n\n<li>Einen <a href=\"https:\/\/usa-b2.com\/de\/visumstermin-us-botschaft\/\">Termin bei der Botschaft<\/a> in Deutschland vereinbaren<\/li>\n\n\n\n<li>Legen Sie Ihre Dokumente (Pass, Belege, Nachweis der R\u00fcckkehr) vor.<\/li>\n\n\n\n<li>Das konsularische Interview absolvieren<\/li>\n<\/ol>\n\n<div style=\"height:10px\" aria-hidden=\"true\" class=\"wp-block-spacer\"><\/div>\n\n<h3 class=\"wp-block-heading\">Wo findet das Vorstellungsgespr\u00e4ch in Deutschland statt?<\/h3>\n\n<ul class=\"wp-block-list\">\n<li><a href=\"https:\/\/usa-b2.com\/de\/usa-botschaft\/\">Botschaft der Vereinigten Staaten<\/a> in Berlin<\/li>\n\n\n\n<li>Konsulat in Frankfurt oder M\u00fcnchen<\/li>\n<\/ul>\n\n<h3 class=\"wp-block-heading\">Dauer und G\u00fcltigkeit<\/h3>\n\n<ul class=\"wp-block-list\">\n<li>Das B2-Visum kann <strong>bis zu 10 Jahre g\u00fcltig<\/strong> sein.<\/li>\n\n\n\n<li>Jeder Eintrag berechtigt zu einem Aufenthalt von <strong>bis zu 6 Monaten.<\/strong><\/li>\n<\/ul>\n\n<h2 class=\"wp-block-heading\">FAQ<\/h2>\n\n<div class=\"schema-faq wp-block-yoast-faq-block\"><div class=\"schema-faq-section\" id=\"faq-question-1749195650019\"><strong class=\"schema-faq-question\"><strong>Ersetzt das B2-Visum das ESTA?<\/strong><\/strong> <p class=\"schema-faq-answer\">Nein Dies ist eine umfassendere Alternative, die im Falle einer <strong>Ablehnung oder eines l\u00e4ngeren Aufenthalts<\/strong> n\u00fctzlich ist. <\/p> <\/div> <div class=\"schema-faq-section\" id=\"faq-question-1749195662823\"><strong class=\"schema-faq-question\"><strong>Kann ich mit meiner Familie reisen?<\/strong><\/strong> <p class=\"schema-faq-answer\">Ja, jedes Mitglied muss seinen eigenen Antrag stellen.<\/p> <\/div> <\/div>\n","protected":false},"excerpt":{"rendered":"<p>Die Beantragung eines amerikanischen B2-Visums durch einen Deutschen Sind Sie deutscher Staatsb\u00fcrger und planen Sie einen touristischen Aufenthalt in den USA? Wenn Sie l\u00e4nger als 90 Tage bleiben oder ESTA nicht nutzen k\u00f6nnen, ist das B2 USA Visum f\u00fcr Deutsche die ideale L\u00f6sung. Was ist das B2-Visum? Das B2-Visum ist ein nicht einwanderndes Besuchervisum f\u00fcr [&hellip;]<\/p>\n","protected":false},"author":1,"featured_media":0,"parent":0,"menu_order":0,"comment_status":"closed","ping_status":"closed","template":"","meta":{"footnotes":""},"class_list":["post-9337","page","type-page","status-publish","hentry"],"yoast_head":"<!-- This site is optimized with the Yoast SEO plugin v27.4 - https:\/\/yoast.com\/product\/yoast-seo-wordpress\/ -->\n<title>Erhalt eines B2-Visums f\u00fcr einen Deutschen - USA B2<\/title>\n<meta name=\"description\" content=\"Deutsche Staatsb\u00fcrger k\u00f6nnen ein B2-Visum f\u00fcr die Vereinigten Staaten f\u00fcr einen touristischen Aufenthalt von mehr als 90 Tagen beantragen.\" \/>\n<meta name=\"robots\" content=\"index, follow, max-snippet:-1, max-image-preview:large, max-video-preview:-1\" \/>\n<link rel=\"canonical\" href=\"https:\/\/usa-b2.com\/de\/b2-visum-fur-deutsche\/\" \/>\n<meta property=\"og:locale\" content=\"de_DE\" \/>\n<meta property=\"og:type\" content=\"article\" \/>\n<meta property=\"og:title\" content=\"Erhalt eines B2-Visums f\u00fcr einen Deutschen - USA B2\" \/>\n<meta property=\"og:description\" content=\"Deutsche Staatsb\u00fcrger k\u00f6nnen ein B2-Visum f\u00fcr die Vereinigten Staaten f\u00fcr einen touristischen Aufenthalt von mehr als 90 Tagen beantragen.\" \/>\n<meta property=\"og:url\" content=\"https:\/\/usa-b2.com\/de\/b2-visum-fur-deutsche\/\" \/>\n<meta property=\"og:site_name\" content=\"USA B2\" \/>\n<meta property=\"article:modified_time\" content=\"2025-10-28T20:23:59+00:00\" \/>\n<meta name=\"twitter:card\" content=\"summary_large_image\" \/>\n<meta name=\"twitter:label1\" content=\"Gesch\u00e4tzte Lesezeit\" \/>\n\t<meta name=\"twitter:data1\" content=\"2\u00a0Minuten\" \/>\n<script type=\"application\/ld+json\" class=\"yoast-schema-graph\">{\"@context\":\"https:\\\/\\\/schema.org\",\"@graph\":[{\"@type\":[\"WebPage\",\"FAQPage\"],\"@id\":\"https:\\\/\\\/usa-b2.com\\\/de\\\/b2-visum-fur-deutsche\\\/\",\"url\":\"https:\\\/\\\/usa-b2.com\\\/de\\\/b2-visum-fur-deutsche\\\/\",\"name\":\"Erhalt eines B2-Visums f\u00fcr einen Deutschen - USA B2\",\"isPartOf\":{\"@id\":\"https:\\\/\\\/usa-b2.com\\\/de\\\/#website\"},\"datePublished\":\"2025-06-06T07:37:34+00:00\",\"dateModified\":\"2025-10-28T20:23:59+00:00\",\"description\":\"Deutsche Staatsb\u00fcrger k\u00f6nnen ein B2-Visum f\u00fcr die Vereinigten Staaten f\u00fcr einen touristischen Aufenthalt von mehr als 90 Tagen beantragen.\",\"breadcrumb\":{\"@id\":\"https:\\\/\\\/usa-b2.com\\\/de\\\/b2-visum-fur-deutsche\\\/#breadcrumb\"},\"mainEntity\":[{\"@id\":\"https:\\\/\\\/usa-b2.com\\\/de\\\/b2-visum-fur-deutsche\\\/#faq-question-1749195650019\"},{\"@id\":\"https:\\\/\\\/usa-b2.com\\\/de\\\/b2-visum-fur-deutsche\\\/#faq-question-1749195662823\"}],\"inLanguage\":\"de\",\"potentialAction\":[{\"@type\":\"ReadAction\",\"target\":[\"https:\\\/\\\/usa-b2.com\\\/de\\\/b2-visum-fur-deutsche\\\/\"]}]},{\"@type\":\"BreadcrumbList\",\"@id\":\"https:\\\/\\\/usa-b2.com\\\/de\\\/b2-visum-fur-deutsche\\\/#breadcrumb\",\"itemListElement\":[{\"@type\":\"ListItem\",\"position\":1,\"name\":\"Accueil\",\"item\":\"https:\\\/\\\/usa-b2.com\\\/de\\\/usa\\\/\"},{\"@type\":\"ListItem\",\"position\":2,\"name\":\"Erhalt eines B2-Visums f\u00fcr einen Deutschen\"}]},{\"@type\":\"WebSite\",\"@id\":\"https:\\\/\\\/usa-b2.com\\\/de\\\/#website\",\"url\":\"https:\\\/\\\/usa-b2.com\\\/de\\\/\",\"name\":\"USA B2 VISA\",\"description\":\"\",\"potentialAction\":[{\"@type\":\"SearchAction\",\"target\":{\"@type\":\"EntryPoint\",\"urlTemplate\":\"https:\\\/\\\/usa-b2.com\\\/de\\\/?s={search_term_string}\"},\"query-input\":{\"@type\":\"PropertyValueSpecification\",\"valueRequired\":true,\"valueName\":\"search_term_string\"}}],\"inLanguage\":\"de\"},{\"@type\":\"Question\",\"@id\":\"https:\\\/\\\/usa-b2.com\\\/de\\\/b2-visum-fur-deutsche\\\/#faq-question-1749195650019\",\"position\":1,\"url\":\"https:\\\/\\\/usa-b2.com\\\/de\\\/b2-visum-fur-deutsche\\\/#faq-question-1749195650019\",\"name\":\"Ersetzt das B2-Visum das ESTA?\",\"answerCount\":1,\"acceptedAnswer\":{\"@type\":\"Answer\",\"text\":\"Nein Dies ist eine umfassendere Alternative, die im Falle einer <strong>Ablehnung oder eines l\u00e4ngeren Aufenthalts<\\\/strong> n\u00fctzlich ist. \",\"inLanguage\":\"de\"},\"inLanguage\":\"de\"},{\"@type\":\"Question\",\"@id\":\"https:\\\/\\\/usa-b2.com\\\/de\\\/b2-visum-fur-deutsche\\\/#faq-question-1749195662823\",\"position\":2,\"url\":\"https:\\\/\\\/usa-b2.com\\\/de\\\/b2-visum-fur-deutsche\\\/#faq-question-1749195662823\",\"name\":\"Kann ich mit meiner Familie reisen?\",\"answerCount\":1,\"acceptedAnswer\":{\"@type\":\"Answer\",\"text\":\"Ja, jedes Mitglied muss seinen eigenen Antrag stellen.\",\"inLanguage\":\"de\"},\"inLanguage\":\"de\"}]}<\/script>\n<!-- \/ Yoast SEO plugin. -->","yoast_head_json":{"title":"Erhalt eines B2-Visums f\u00fcr einen Deutschen - USA B2","description":"Deutsche Staatsb\u00fcrger k\u00f6nnen ein B2-Visum f\u00fcr die Vereinigten Staaten f\u00fcr einen touristischen Aufenthalt von mehr als 90 Tagen beantragen.","robots":{"index":"index","follow":"follow","max-snippet":"max-snippet:-1","max-image-preview":"max-image-preview:large","max-video-preview":"max-video-preview:-1"},"canonical":"https:\/\/usa-b2.com\/de\/b2-visum-fur-deutsche\/","og_locale":"de_DE","og_type":"article","og_title":"Erhalt eines B2-Visums f\u00fcr einen Deutschen - USA B2","og_description":"Deutsche Staatsb\u00fcrger k\u00f6nnen ein B2-Visum f\u00fcr die Vereinigten Staaten f\u00fcr einen touristischen Aufenthalt von mehr als 90 Tagen beantragen.","og_url":"https:\/\/usa-b2.com\/de\/b2-visum-fur-deutsche\/","og_site_name":"USA B2","article_modified_time":"2025-10-28T20:23:59+00:00","twitter_card":"summary_large_image","twitter_misc":{"Gesch\u00e4tzte Lesezeit":"2\u00a0Minuten"},"schema":{"@context":"https:\/\/schema.org","@graph":[{"@type":["WebPage","FAQPage"],"@id":"https:\/\/usa-b2.com\/de\/b2-visum-fur-deutsche\/","url":"https:\/\/usa-b2.com\/de\/b2-visum-fur-deutsche\/","name":"Erhalt eines B2-Visums f\u00fcr einen Deutschen - USA B2","isPartOf":{"@id":"https:\/\/usa-b2.com\/de\/#website"},"datePublished":"2025-06-06T07:37:34+00:00","dateModified":"2025-10-28T20:23:59+00:00","description":"Deutsche Staatsb\u00fcrger k\u00f6nnen ein B2-Visum f\u00fcr die Vereinigten Staaten f\u00fcr einen touristischen Aufenthalt von mehr als 90 Tagen beantragen.","breadcrumb":{"@id":"https:\/\/usa-b2.com\/de\/b2-visum-fur-deutsche\/#breadcrumb"},"mainEntity":[{"@id":"https:\/\/usa-b2.com\/de\/b2-visum-fur-deutsche\/#faq-question-1749195650019"},{"@id":"https:\/\/usa-b2.com\/de\/b2-visum-fur-deutsche\/#faq-question-1749195662823"}],"inLanguage":"de","potentialAction":[{"@type":"ReadAction","target":["https:\/\/usa-b2.com\/de\/b2-visum-fur-deutsche\/"]}]},{"@type":"BreadcrumbList","@id":"https:\/\/usa-b2.com\/de\/b2-visum-fur-deutsche\/#breadcrumb","itemListElement":[{"@type":"ListItem","position":1,"name":"Accueil","item":"https:\/\/usa-b2.com\/de\/usa\/"},{"@type":"ListItem","position":2,"name":"Erhalt eines B2-Visums f\u00fcr einen Deutschen"}]},{"@type":"WebSite","@id":"https:\/\/usa-b2.com\/de\/#website","url":"https:\/\/usa-b2.com\/de\/","name":"USA B2 VISA","description":"","potentialAction":[{"@type":"SearchAction","target":{"@type":"EntryPoint","urlTemplate":"https:\/\/usa-b2.com\/de\/?s={search_term_string}"},"query-input":{"@type":"PropertyValueSpecification","valueRequired":true,"valueName":"search_term_string"}}],"inLanguage":"de"},{"@type":"Question","@id":"https:\/\/usa-b2.com\/de\/b2-visum-fur-deutsche\/#faq-question-1749195650019","position":1,"url":"https:\/\/usa-b2.com\/de\/b2-visum-fur-deutsche\/#faq-question-1749195650019","name":"Ersetzt das B2-Visum das ESTA?","answerCount":1,"acceptedAnswer":{"@type":"Answer","text":"Nein Dies ist eine umfassendere Alternative, die im Falle einer <strong>Ablehnung oder eines l\u00e4ngeren Aufenthalts<\/strong> n\u00fctzlich ist. ","inLanguage":"de"},"inLanguage":"de"},{"@type":"Question","@id":"https:\/\/usa-b2.com\/de\/b2-visum-fur-deutsche\/#faq-question-1749195662823","position":2,"url":"https:\/\/usa-b2.com\/de\/b2-visum-fur-deutsche\/#faq-question-1749195662823","name":"Kann ich mit meiner Familie reisen?","answerCount":1,"acceptedAnswer":{"@type":"Answer","text":"Ja, jedes Mitglied muss seinen eigenen Antrag stellen.","inLanguage":"de"},"inLanguage":"de"}]}},"_links":{"self":[{"href":"https:\/\/usa-b2.com\/de\/wp-json\/wp\/v2\/pages\/9337","targetHints":{"allow":["GET"]}}],"collection":[{"href":"https:\/\/usa-b2.com\/de\/wp-json\/wp\/v2\/pages"}],"about":[{"href":"https:\/\/usa-b2.com\/de\/wp-json\/wp\/v2\/types\/page"}],"author":[{"embeddable":true,"href":"https:\/\/usa-b2.com\/de\/wp-json\/wp\/v2\/users\/1"}],"replies":[{"embeddable":true,"href":"https:\/\/usa-b2.com\/de\/wp-json\/wp\/v2\/comments?post=9337"}],"version-history":[{"count":5,"href":"https:\/\/usa-b2.com\/de\/wp-json\/wp\/v2\/pages\/9337\/revisions"}],"predecessor-version":[{"id":10706,"href":"https:\/\/usa-b2.com\/de\/wp-json\/wp\/v2\/pages\/9337\/revisions\/10706"}],"wp:attachment":[{"href":"https:\/\/usa-b2.com\/de\/wp-json\/wp\/v2\/media?parent=9337"}],"curies":[{"name":"wp","href":"https:\/\/api.w.org\/{rel}","templated":true}]}}