{"id":9041,"date":"2025-05-14T12:29:33","date_gmt":"2025-05-14T12:29:33","guid":{"rendered":"https:\/\/usa-b2.com\/visum-b2-fur-franzosen\/"},"modified":"2025-10-28T20:32:13","modified_gmt":"2025-10-28T20:32:13","slug":"visum-b2-fur-franzosen","status":"publish","type":"page","link":"https:\/\/usa-b2.com\/de\/visum-b2-fur-franzosen\/","title":{"rendered":"B2-Visum f\u00fcr Franzosen, die in die USA reisen"},"content":{"rendered":"\n<h1 class=\"wp-block-heading\">Das B2-Visum f\u00fcr einen Franzosen, der in die Vereinigten Staaten reisen m\u00f6chte.<\/h1>\n\n<p>Sie sind franz\u00f6sischer Staatsb\u00fcrger und m\u00f6chten in die USA reisen, um Touristen zu besuchen, einen Verwandten zu besuchen oder einen Arzt aufzusuchen: Das B2-Visum ist das richtige <a href=\"https:\/\/usa-b2.com\/de\/besucher-visum-vereinigte-staaten\/\">US-Besuchervisum<\/a> f\u00fcr Sie. In diesem umfassenden Leitfaden erfahren Sie, wie Sie <strong>als Franzose ein B2-Visum f\u00fcr die USA<\/strong> beantragen k\u00f6nnen, welche Bedingungen und Fristen gelten und welche Dokumente Sie ben\u00f6tigen. <\/p>\n\n<h2 class=\"wp-block-heading\">Das B2-Visum: Was ist das?<\/h2>\n\n<p>Das <strong>amerikanische B2-Visum<\/strong> ist ein Nichteinwanderungsvisum f\u00fcr Personen, die sich vor\u00fcbergehend in den Vereinigten Staaten aufhalten m\u00f6chten, um : Tourismus, Urlaub, medizinische Versorgung oder Besuch von Verwandten.<\/p>\n\n<h2 class=\"wp-block-heading\">Ben\u00f6tigen Franzosen ein B2-Visum?<\/h2>\n\n<p>Wenn Sie <strong>franz\u00f6sischer Staatsb\u00fcrger<\/strong> sind und f\u00fcr weniger als 90 Tage in die USA reisen, k\u00f6nnen Sie im Prinzip eine <a href=\"https:\/\/usa-b2.com\/de\/was-ist-esta\/\">elektronische Reisegenehmigung ESTA<\/a> verwenden.<\/p>\n\n<p>Wenn Ihnen jedoch bereits ein ESTA-Antrag verweigert wurde, Sie l\u00e4nger reisen oder ein Risikoprofil haben, ist es besser, ein <a href=\"https:\/\/usa-b2.com\/de\/verfahren-beantragung-b2-visum\/\">B2-Visum f\u00fcr die USA zu beantragen<\/a>.<\/p>\n\n<h2 class=\"wp-block-heading\">Wie kann ich ein B2-Visum von Frankreich aus beantragen?<\/h2>\n\n<h3 class=\"wp-block-heading\">1. F\u00fcllen Sie das Formular DS-160 online aus.<\/h3>\n\n<p>Das <a href=\"https:\/\/usa-b2.com\/de\/ds-160\/\">Formular DS-160<\/a> ist f\u00fcr den Antrag auf ein Touristenvisum erforderlich.<\/p>\n\n<h3 class=\"wp-block-heading\">2. Bezahlen Sie die Antragsgeb\u00fchr<\/h3>\n\n<p>Die <a href=\"https:\/\/usa-b2.com\/fr\/frais-visa-b2-usa\/\">Kosten f\u00fcr das B2-Visum<\/a> betragen <strong>185 USD<\/strong> und sind online zu bezahlen.<\/p>\n\n<h3 class=\"wp-block-heading\">3. Vereinbaren Sie einen Termin bei der US-Botschaft in Paris.<\/h3>\n\n<p>Alle Antragsteller m\u00fcssen sich einem <a href=\"https:\/\/usa-b2.com\/de\/visumstermin-us-botschaft\/\">Interview in der US-Botschaft<\/a> unterziehen.<\/p>\n\n<h3 class=\"wp-block-heading\">4. Bereiten Sie die notwendigen Dokumente vor<\/h3>\n\n<ul class=\"wp-block-list\">\n<li><a href=\"https:\/\/usa-b2.com\/de\/reisepass-fur-die-usa\/\">G\u00fcltiger Reisepass f\u00fcr die USA<\/a><\/li>\n\n\n\n<li>Passbild<\/li>\n\n\n\n<li>Finanzielle Belege<\/li>\n\n\n\n<li>Beweise f\u00fcr Ihre Verbundenheit mit Frankreich (Arbeit, Familie, Wohnung&#8230;)<\/li>\n<\/ul>\n\n<h3 class=\"wp-block-heading\">5. Zum Gespr\u00e4ch gehen und auf die Entscheidung warten<\/h3>\n\n<p>Nach dem Gespr\u00e4ch wird das Visum in der Regel innerhalb von <strong>7 bis 15 Arbeitstagen<\/strong> ausgestellt.<\/p>\n\n<h2 class=\"wp-block-heading\">Wo wird das Interview in Frankreich durchgef\u00fchrt?<\/h2>\n\n<p><strong>Botschaft der Vereinigten Staaten in Paris<\/strong><br\/>2, avenue Gabriel, 75008 Paris<br\/>Offizielle Website: <a>de.usembassy.gov<\/a><\/p>\n\n<h2 class=\"wp-block-heading\">FAQ &#8211; B2-Visum f\u00fcr Franzosen<\/h2>\n\n<div class=\"schema-faq wp-block-yoast-faq-block\"><div class=\"schema-faq-section\" id=\"faq-question-1747226397065\"><strong class=\"schema-faq-question\">Wie lange ist ein B2-Visum g\u00fcltig?<\/strong> <p class=\"schema-faq-answer\">Das Visum kann <strong>bis zu 10 Jahre<\/strong> g\u00fcltig sein, aber jeder Aufenthalt ist <strong>auf maximal 6 Monate beschr\u00e4nkt<\/strong>.<\/p> <\/div> <div class=\"schema-faq-section\" id=\"faq-question-1747226417090\"><strong class=\"schema-faq-question\">Kann ich mein B2-Visum in den USA verl\u00e4ngern?<\/strong> <p class=\"schema-faq-answer\">Ja, ein <strong>Antrag auf Verl\u00e4ngerung<\/strong> ist aus den USA m\u00f6glich, muss aber begr\u00fcndet werden.<\/p> <\/div> <div class=\"schema-faq-section\" id=\"faq-question-1747226429344\"><strong class=\"schema-faq-question\">Ist es sicherer, ein B2-Visum anstelle von ESTA zu beantragen?<\/strong> <p class=\"schema-faq-answer\">Ja, vor allem, wenn Sie bereits Ablehnungen erhalten haben oder wenn Sie <strong>das Risiko einer Zur\u00fcckweisung vermeiden<\/strong> m\u00f6chten.<\/p> <\/div> <\/div>\n\n<p><\/p>\n","protected":false},"excerpt":{"rendered":"<p>Das B2-Visum f\u00fcr einen Franzosen, der in die Vereinigten Staaten reisen m\u00f6chte. Sie sind franz\u00f6sischer Staatsb\u00fcrger und m\u00f6chten in die USA reisen, um Touristen zu besuchen, einen Verwandten zu besuchen oder einen Arzt aufzusuchen: Das B2-Visum ist das richtige US-Besuchervisum f\u00fcr Sie. In diesem umfassenden Leitfaden erfahren Sie, wie Sie als Franzose ein B2-Visum f\u00fcr [&hellip;]<\/p>\n","protected":false},"author":1,"featured_media":0,"parent":0,"menu_order":0,"comment_status":"closed","ping_status":"closed","template":"","meta":{"footnotes":""},"class_list":["post-9041","page","type-page","status-publish","hentry"],"yoast_head":"<!-- This site is optimized with the Yoast SEO plugin v27.0 - https:\/\/yoast.com\/product\/yoast-seo-wordpress\/ -->\n<title>B2-Visum f\u00fcr Franzosen, die in die USA reisen - USA B2<\/title>\n<meta name=\"description\" content=\"Wenn Sie franz\u00f6sischer Staatsb\u00fcrger sind, k\u00f6nnen Sie ein B2-Visum f\u00fcr einen geplanten Aufenthalt in den Vereinigten Staaten erhalten.\" \/>\n<meta name=\"robots\" content=\"index, follow, max-snippet:-1, max-image-preview:large, max-video-preview:-1\" \/>\n<link rel=\"canonical\" href=\"https:\/\/usa-b2.com\/de\/visum-b2-fur-franzosen\/\" \/>\n<meta property=\"og:locale\" content=\"de_DE\" \/>\n<meta property=\"og:type\" content=\"article\" \/>\n<meta property=\"og:title\" content=\"B2-Visum f\u00fcr Franzosen, die in die USA reisen - USA B2\" \/>\n<meta property=\"og:description\" content=\"Wenn Sie franz\u00f6sischer Staatsb\u00fcrger sind, k\u00f6nnen Sie ein B2-Visum f\u00fcr einen geplanten Aufenthalt in den Vereinigten Staaten erhalten.\" \/>\n<meta property=\"og:url\" content=\"https:\/\/usa-b2.com\/de\/visum-b2-fur-franzosen\/\" \/>\n<meta property=\"og:site_name\" content=\"USA B2\" \/>\n<meta property=\"article:modified_time\" content=\"2025-10-28T20:32:13+00:00\" \/>\n<meta name=\"twitter:card\" content=\"summary_large_image\" \/>\n<meta name=\"twitter:label1\" content=\"Gesch\u00e4tzte Lesezeit\" \/>\n\t<meta name=\"twitter:data1\" content=\"2\u00a0Minuten\" \/>\n<script type=\"application\/ld+json\" class=\"yoast-schema-graph\">{\"@context\":\"https:\/\/schema.org\",\"@graph\":[{\"@type\":[\"WebPage\",\"FAQPage\"],\"@id\":\"https:\/\/usa-b2.com\/de\/visum-b2-fur-franzosen\/\",\"url\":\"https:\/\/usa-b2.com\/de\/visum-b2-fur-franzosen\/\",\"name\":\"B2-Visum f\u00fcr Franzosen, die in die USA reisen - USA B2\",\"isPartOf\":{\"@id\":\"https:\/\/usa-b2.com\/de\/#website\"},\"datePublished\":\"2025-05-14T12:29:33+00:00\",\"dateModified\":\"2025-10-28T20:32:13+00:00\",\"description\":\"Wenn Sie franz\u00f6sischer Staatsb\u00fcrger sind, k\u00f6nnen Sie ein B2-Visum f\u00fcr einen geplanten Aufenthalt in den Vereinigten Staaten erhalten.\",\"breadcrumb\":{\"@id\":\"https:\/\/usa-b2.com\/de\/visum-b2-fur-franzosen\/#breadcrumb\"},\"mainEntity\":[{\"@id\":\"https:\/\/usa-b2.com\/de\/visum-b2-fur-franzosen\/#faq-question-1747226397065\"},{\"@id\":\"https:\/\/usa-b2.com\/de\/visum-b2-fur-franzosen\/#faq-question-1747226417090\"},{\"@id\":\"https:\/\/usa-b2.com\/de\/visum-b2-fur-franzosen\/#faq-question-1747226429344\"}],\"inLanguage\":\"de\",\"potentialAction\":[{\"@type\":\"ReadAction\",\"target\":[\"https:\/\/usa-b2.com\/de\/visum-b2-fur-franzosen\/\"]}]},{\"@type\":\"BreadcrumbList\",\"@id\":\"https:\/\/usa-b2.com\/de\/visum-b2-fur-franzosen\/#breadcrumb\",\"itemListElement\":[{\"@type\":\"ListItem\",\"position\":1,\"name\":\"Accueil\",\"item\":\"https:\/\/usa-b2.com\/de\/usa-roadtrips\/\"},{\"@type\":\"ListItem\",\"position\":2,\"name\":\"B2-Visum f\u00fcr Franzosen, die in die USA reisen\"}]},{\"@type\":\"WebSite\",\"@id\":\"https:\/\/usa-b2.com\/de\/#website\",\"url\":\"https:\/\/usa-b2.com\/de\/\",\"name\":\"USA B2 VISA\",\"description\":\"\",\"potentialAction\":[{\"@type\":\"SearchAction\",\"target\":{\"@type\":\"EntryPoint\",\"urlTemplate\":\"https:\/\/usa-b2.com\/de\/?s={search_term_string}\"},\"query-input\":{\"@type\":\"PropertyValueSpecification\",\"valueRequired\":true,\"valueName\":\"search_term_string\"}}],\"inLanguage\":\"de\"},{\"@type\":\"Question\",\"@id\":\"https:\/\/usa-b2.com\/de\/visum-b2-fur-franzosen\/#faq-question-1747226397065\",\"position\":1,\"url\":\"https:\/\/usa-b2.com\/de\/visum-b2-fur-franzosen\/#faq-question-1747226397065\",\"name\":\"Wie lange ist ein B2-Visum g\u00fcltig?\",\"answerCount\":1,\"acceptedAnswer\":{\"@type\":\"Answer\",\"text\":\"Das Visum kann <strong>bis zu 10 Jahre<\/strong> g\u00fcltig sein, aber jeder Aufenthalt ist <strong>auf maximal 6 Monate beschr\u00e4nkt<\/strong>.\",\"inLanguage\":\"de\"},\"inLanguage\":\"de\"},{\"@type\":\"Question\",\"@id\":\"https:\/\/usa-b2.com\/de\/visum-b2-fur-franzosen\/#faq-question-1747226417090\",\"position\":2,\"url\":\"https:\/\/usa-b2.com\/de\/visum-b2-fur-franzosen\/#faq-question-1747226417090\",\"name\":\"Kann ich mein B2-Visum in den USA verl\u00e4ngern?\",\"answerCount\":1,\"acceptedAnswer\":{\"@type\":\"Answer\",\"text\":\"Ja, ein <strong>Antrag auf Verl\u00e4ngerung<\/strong> ist aus den USA m\u00f6glich, muss aber begr\u00fcndet werden.\",\"inLanguage\":\"de\"},\"inLanguage\":\"de\"},{\"@type\":\"Question\",\"@id\":\"https:\/\/usa-b2.com\/de\/visum-b2-fur-franzosen\/#faq-question-1747226429344\",\"position\":3,\"url\":\"https:\/\/usa-b2.com\/de\/visum-b2-fur-franzosen\/#faq-question-1747226429344\",\"name\":\"Ist es sicherer, ein B2-Visum anstelle von ESTA zu beantragen?\",\"answerCount\":1,\"acceptedAnswer\":{\"@type\":\"Answer\",\"text\":\"Ja, vor allem, wenn Sie bereits Ablehnungen erhalten haben oder wenn Sie <strong>das Risiko einer Zur\u00fcckweisung vermeiden<\/strong> m\u00f6chten.\",\"inLanguage\":\"de\"},\"inLanguage\":\"de\"}]}<\/script>\n<!-- \/ Yoast SEO plugin. -->","yoast_head_json":{"title":"B2-Visum f\u00fcr Franzosen, die in die USA reisen - USA B2","description":"Wenn Sie franz\u00f6sischer Staatsb\u00fcrger sind, k\u00f6nnen Sie ein B2-Visum f\u00fcr einen geplanten Aufenthalt in den Vereinigten Staaten erhalten.","robots":{"index":"index","follow":"follow","max-snippet":"max-snippet:-1","max-image-preview":"max-image-preview:large","max-video-preview":"max-video-preview:-1"},"canonical":"https:\/\/usa-b2.com\/de\/visum-b2-fur-franzosen\/","og_locale":"de_DE","og_type":"article","og_title":"B2-Visum f\u00fcr Franzosen, die in die USA reisen - USA B2","og_description":"Wenn Sie franz\u00f6sischer Staatsb\u00fcrger sind, k\u00f6nnen Sie ein B2-Visum f\u00fcr einen geplanten Aufenthalt in den Vereinigten Staaten erhalten.","og_url":"https:\/\/usa-b2.com\/de\/visum-b2-fur-franzosen\/","og_site_name":"USA B2","article_modified_time":"2025-10-28T20:32:13+00:00","twitter_card":"summary_large_image","twitter_misc":{"Gesch\u00e4tzte Lesezeit":"2\u00a0Minuten"},"schema":{"@context":"https:\/\/schema.org","@graph":[{"@type":["WebPage","FAQPage"],"@id":"https:\/\/usa-b2.com\/de\/visum-b2-fur-franzosen\/","url":"https:\/\/usa-b2.com\/de\/visum-b2-fur-franzosen\/","name":"B2-Visum f\u00fcr Franzosen, die in die USA reisen - USA B2","isPartOf":{"@id":"https:\/\/usa-b2.com\/de\/#website"},"datePublished":"2025-05-14T12:29:33+00:00","dateModified":"2025-10-28T20:32:13+00:00","description":"Wenn Sie franz\u00f6sischer Staatsb\u00fcrger sind, k\u00f6nnen Sie ein B2-Visum f\u00fcr einen geplanten Aufenthalt in den Vereinigten Staaten erhalten.","breadcrumb":{"@id":"https:\/\/usa-b2.com\/de\/visum-b2-fur-franzosen\/#breadcrumb"},"mainEntity":[{"@id":"https:\/\/usa-b2.com\/de\/visum-b2-fur-franzosen\/#faq-question-1747226397065"},{"@id":"https:\/\/usa-b2.com\/de\/visum-b2-fur-franzosen\/#faq-question-1747226417090"},{"@id":"https:\/\/usa-b2.com\/de\/visum-b2-fur-franzosen\/#faq-question-1747226429344"}],"inLanguage":"de","potentialAction":[{"@type":"ReadAction","target":["https:\/\/usa-b2.com\/de\/visum-b2-fur-franzosen\/"]}]},{"@type":"BreadcrumbList","@id":"https:\/\/usa-b2.com\/de\/visum-b2-fur-franzosen\/#breadcrumb","itemListElement":[{"@type":"ListItem","position":1,"name":"Accueil","item":"https:\/\/usa-b2.com\/de\/usa-roadtrips\/"},{"@type":"ListItem","position":2,"name":"B2-Visum f\u00fcr Franzosen, die in die USA reisen"}]},{"@type":"WebSite","@id":"https:\/\/usa-b2.com\/de\/#website","url":"https:\/\/usa-b2.com\/de\/","name":"USA B2 VISA","description":"","potentialAction":[{"@type":"SearchAction","target":{"@type":"EntryPoint","urlTemplate":"https:\/\/usa-b2.com\/de\/?s={search_term_string}"},"query-input":{"@type":"PropertyValueSpecification","valueRequired":true,"valueName":"search_term_string"}}],"inLanguage":"de"},{"@type":"Question","@id":"https:\/\/usa-b2.com\/de\/visum-b2-fur-franzosen\/#faq-question-1747226397065","position":1,"url":"https:\/\/usa-b2.com\/de\/visum-b2-fur-franzosen\/#faq-question-1747226397065","name":"Wie lange ist ein B2-Visum g\u00fcltig?","answerCount":1,"acceptedAnswer":{"@type":"Answer","text":"Das Visum kann <strong>bis zu 10 Jahre<\/strong> g\u00fcltig sein, aber jeder Aufenthalt ist <strong>auf maximal 6 Monate beschr\u00e4nkt<\/strong>.","inLanguage":"de"},"inLanguage":"de"},{"@type":"Question","@id":"https:\/\/usa-b2.com\/de\/visum-b2-fur-franzosen\/#faq-question-1747226417090","position":2,"url":"https:\/\/usa-b2.com\/de\/visum-b2-fur-franzosen\/#faq-question-1747226417090","name":"Kann ich mein B2-Visum in den USA verl\u00e4ngern?","answerCount":1,"acceptedAnswer":{"@type":"Answer","text":"Ja, ein <strong>Antrag auf Verl\u00e4ngerung<\/strong> ist aus den USA m\u00f6glich, muss aber begr\u00fcndet werden.","inLanguage":"de"},"inLanguage":"de"},{"@type":"Question","@id":"https:\/\/usa-b2.com\/de\/visum-b2-fur-franzosen\/#faq-question-1747226429344","position":3,"url":"https:\/\/usa-b2.com\/de\/visum-b2-fur-franzosen\/#faq-question-1747226429344","name":"Ist es sicherer, ein B2-Visum anstelle von ESTA zu beantragen?","answerCount":1,"acceptedAnswer":{"@type":"Answer","text":"Ja, vor allem, wenn Sie bereits Ablehnungen erhalten haben oder wenn Sie <strong>das Risiko einer Zur\u00fcckweisung vermeiden<\/strong> m\u00f6chten.","inLanguage":"de"},"inLanguage":"de"}]}},"_links":{"self":[{"href":"https:\/\/usa-b2.com\/de\/wp-json\/wp\/v2\/pages\/9041","targetHints":{"allow":["GET"]}}],"collection":[{"href":"https:\/\/usa-b2.com\/de\/wp-json\/wp\/v2\/pages"}],"about":[{"href":"https:\/\/usa-b2.com\/de\/wp-json\/wp\/v2\/types\/page"}],"author":[{"embeddable":true,"href":"https:\/\/usa-b2.com\/de\/wp-json\/wp\/v2\/users\/1"}],"replies":[{"embeddable":true,"href":"https:\/\/usa-b2.com\/de\/wp-json\/wp\/v2\/comments?post=9041"}],"version-history":[{"count":4,"href":"https:\/\/usa-b2.com\/de\/wp-json\/wp\/v2\/pages\/9041\/revisions"}],"predecessor-version":[{"id":10728,"href":"https:\/\/usa-b2.com\/de\/wp-json\/wp\/v2\/pages\/9041\/revisions\/10728"}],"wp:attachment":[{"href":"https:\/\/usa-b2.com\/de\/wp-json\/wp\/v2\/media?parent=9041"}],"curies":[{"name":"wp","href":"https:\/\/api.w.org\/{rel}","templated":true}]}}