{"id":8630,"date":"2025-03-18T12:34:07","date_gmt":"2025-03-18T12:34:07","guid":{"rendered":"https:\/\/usa-b2.com\/badlands-et-black-hills-dakota-du-sud\/"},"modified":"2025-04-10T18:34:22","modified_gmt":"2025-04-10T18:34:22","slug":"badlands-et-black-hills-dakota-du-sud","status":"publish","type":"page","link":"https:\/\/usa-b2.com\/de\/badlands-et-black-hills-dakota-du-sud\/","title":{"rendered":"Badlands und Black Hills (South Dakota): Leitfaden f\u00fcr einen unvergesslichen Roadtrip"},"content":{"rendered":"\n<h1 class=\"wp-block-heading\">Reisen in den Badlands und Black Hills: Ein umfassender Reisef\u00fchrer<\/h1>\n\n<p><br\/>Die <a href=\"https:\/\/www.blackhillsbadlands.com\/\">Badlands und die Black Hills<\/a> in <a href=\"https:\/\/www.sd.gov\/cs\">South Dakota<\/a> bieten spektakul\u00e4re Landschaften und die M\u00f6glichkeit, in die amerikanische Wildnis einzutauchen. Dieser <a href=\"https:\/\/usa-b2.com\/de\/\">Roadtrip durch die USA<\/a> kombiniert atemberaubende Panoramen, ikonische Haltestellen, Nationalparks und einzigartige Erlebnisse. Ob Sie zu zweit oder mit der Familie unterwegs sind, dieser Reisef\u00fchrer beschreibt die perfekte Route, die besten \u00dcbernachtungsm\u00f6glichkeiten und die besten Spots, um Ihre Reise festzuhalten.  <\/p>\n\n<figure class=\"wp-block-image size-large\"><img fetchpriority=\"high\" decoding=\"async\" width=\"1024\" height=\"576\" src=\"https:\/\/usa-b2.com\/wp-content\/uploads\/2025\/03\/Badlands-National-Park-South-Dakota-1024x576.jpg\" alt=\"\" class=\"wp-image-8393\" srcset=\"https:\/\/usa-b2.com\/wp-content\/uploads\/2025\/03\/Badlands-National-Park-South-Dakota-1024x576.jpg 1024w, https:\/\/usa-b2.com\/wp-content\/uploads\/2025\/03\/Badlands-National-Park-South-Dakota-300x169.jpg 300w, https:\/\/usa-b2.com\/wp-content\/uploads\/2025\/03\/Badlands-National-Park-South-Dakota-768x432.jpg 768w, https:\/\/usa-b2.com\/wp-content\/uploads\/2025\/03\/Badlands-National-Park-South-Dakota-1536x864.jpg 1536w, https:\/\/usa-b2.com\/wp-content\/uploads\/2025\/03\/Badlands-National-Park-South-Dakota.jpg 1600w\" sizes=\"(max-width: 1024px) 100vw, 1024px\" \/><\/figure>\n\n<h2 class=\"wp-block-heading\">Nationalparks und symboltr\u00e4chtige Landschaften der Badlands und Black Hills<\/h2>\n\n<h3 class=\"wp-block-heading\">Der Badlands-Nationalpark: ein geologisches Wunder<\/h3>\n\n<p>Der <a href=\"https:\/\/national-parks.org\/united-states\/badlands\">Badlands Nationalpark<\/a> ist ein Muss in South Dakota. Seine farbig geschichteten Felsformationen und die weiten Pr\u00e4rien mit B\u00fcffeln und Mufflons bieten ein beeindruckendes Naturschauspiel. Auf Panoramastra\u00dfen wie der <a href=\"https:\/\/www.nps.gov\/thingstodo\/badl-loop-road.htm\">Badlands Loop Road<\/a> k\u00f6nnen Sie diese Landschaft von mehreren spektakul\u00e4ren Aussichtspunkten aus bewundern, darunter Panorama Point und Big Badlands Overlook. Wanderfreunde werden Wanderwege wie den Notch Trail und den Castle Trail sch\u00e4tzen, die ideal sind, um das Innere der Felsformationen zu erkunden.   <\/p>\n\n<h3 class=\"wp-block-heading\">Black Hills: zwischen Bergen und dichten W\u00e4ldern<\/h3>\n\n<p>Die Black Hills im Westen von South Dakota stehen mit ihren Kiefernw\u00e4ldern und steilen Erhebungen im Kontrast zu den Badlands. Die Region ist ber\u00fchmt f\u00fcr <a href=\"https:\/\/www.mtrushmorenationalmemorial.com\/\">Mount Rushmore<\/a>, wo die monumentalen Skulpturen der amerikanischen Pr\u00e4sidenten stehen, und den <a href=\"https:\/\/gfp.sd.gov\/parks\/detail\/custer-state-park\/\">Custer State Park<\/a>, der f\u00fcr seine reiche Tierwelt und den legend\u00e4ren <a href=\"https:\/\/www.custerresorts.com\/activities\/scenic-drives\/needles-highway\">Needles Highway<\/a> bekannt ist, eine kurvenreiche Stra\u00dfe, die von spektakul\u00e4ren Felsformationen umgeben ist. <\/p>\n\n<h2 class=\"wp-block-heading\">Wo schlafen Sie: St\u00e4dte, Hotels und immersive Unterk\u00fcnfte<\/h2>\n\n<h3 class=\"wp-block-heading\">St\u00e4dtereisen in die n\u00e4chstgelegenen St\u00e4dte: Rapid City und Wall<\/h3>\n\n<p>Die Stadt <a href=\"https:\/\/www.rcgov.org\/\">Rapid City<\/a> ist der ideale Ausgangspunkt f\u00fcr die Erkundung der Black Hills. Sie bietet eine gro\u00dfe Auswahl an Unterk\u00fcnften, von preiswerten Hotels bis hin zu luxuri\u00f6sen Resorts wie dem <a href=\"https:\/\/www.alexjohnson.com\/\">Hotel Alex Johnson<\/a>. F\u00fcr einen Aufenthalt n\u00e4her an den Badlands bietet die kleine Stadt <a href=\"https:\/\/www.wall-badlands.com\/\">Wall<\/a>, die f\u00fcr ihren ikonischen <a href=\"https:\/\/www.walldrug.com\/\">Wall Drug<\/a> bekannt ist, mehrere erschwingliche Motels und einen schnellen Zugang zum Nationalpark.  <\/p>\n\n<h3 class=\"wp-block-heading\">Einzigartige Erlebnisse: Campingpl\u00e4tze und Lodges<\/h3>\n\n<p>F\u00fcr Naturliebhaber gibt es mehrere M\u00f6glichkeiten, in die Natur einzutauchen:<\/p>\n\n<ul class=\"wp-block-list\">\n<li><a href=\"https:\/\/sagecreekcampground.com\/\">Sage Creek Campground<\/a> im Badlands Park, ein kostenloser rustikaler Campingplatz, um die B\u00fcffel bei Sonnenaufgang zu beobachten.<\/li>\n\n\n\n<li><a href=\"https:\/\/www.custerresorts.com\/plan-your-trip\/sylvan-lake-lodge\">Sylvan Lake Lodge<\/a>, eine Unterkunft inmitten der Black Hills, die eine bezaubernde Umgebung mit direktem Zugang zu Wanderwegen bietet.<\/li>\n<\/ul>\n\n<h2 class=\"wp-block-heading\">Detaillierter Reiseplan f\u00fcr einen erfolgreichen Road Trip<\/h2>\n\n<figure class=\"wp-block-table\"><table><tbody><tr><td><strong>Tag<\/strong><\/td><td><strong>Ort<\/strong><\/td><td><strong>Hauptt\u00e4tigkeiten<\/strong><\/td><\/tr><tr><td>1<\/td><td>Rapid City<\/td><td>Besuch des Stadtzentrums und der \u00f6rtlichen Museen<\/td><\/tr><tr><td>2<\/td><td>Badlands National Park<\/td><td>Wanderungen und Sonnenuntergang auf dem Pinnacles Overlook<\/td><\/tr><tr><td>3<\/td><td>Custer State Park<\/td><td>B\u00fcffelbeobachtung und Panoramastra\u00dfe Needles Highway<\/td><\/tr><tr><td>4<\/td><td>Mount Rushmore &amp; Crazy Horse<\/td><td>Entdeckung der monumentalen Skulpturen<\/td><\/tr><tr><td>5<\/td><td>Spearfish Canyon &amp; Deadwood<\/td><td>Waldspazierg\u00e4nge und Eintauchen in die Geschichte des Wilden Westens<\/td><\/tr><\/tbody><\/table><\/figure>\n\n<h3 class=\"wp-block-heading\">Mythische Stra\u00dfen, die Sie nicht verpassen sollten<\/h3>\n\n<p>Die Stra\u00dfen spielen eine wichtige Rolle bei der Erfahrung eines Roadtrips. Die Badlands Loop Road (Highway 240) schl\u00e4ngelt sich durch die Felsformationen der Badlands. In den Black Hills bieten der Needles Highway (Highway 87) und die Iron Mountain Road spektakul\u00e4re Ausblicke auf die Berge und die in den Fels gehauenen Tunnel.  <\/p>\n\n<h3 class=\"wp-block-heading\">Wie viel Zeit sollten Sie f\u00fcr die Reise einplanen?<\/h3>\n\n<p>Ein Aufenthalt von 5 bis 7 Tagen ist ideal, um die Region ohne Eile zu erkunden. Sie sollten mindestens 2 Tage in den Badlands, 3 Tage in den Black Hills und einen Tag f\u00fcr die Erkundung der Umgebung, wie Spearfish Canyon oder die historische Stadt Deadwood, einplanen. <\/p>\n\n<h2 class=\"wp-block-heading\">Die besten Fotospots auf Instagram<\/h2>\n\n<h3 class=\"wp-block-heading\">Unumg\u00e4ngliche Aussichtspunkte<\/h3>\n\n<p>Um die Gro\u00dfartigkeit der Landschaft einzufangen, sollten Sie folgende Spots w\u00e4hlen:<\/p>\n\n<ul class=\"wp-block-list\">\n<li><strong>Panorama Point (Badlands National Park)<\/strong>: Sonnenaufgang \u00fcber den Felsformationen.<\/li>\n\n\n\n<li><strong>Sylvan Lake (Black Hills)<\/strong>: Ein malerischer See, der von Klippen umgeben ist.<\/li>\n\n\n\n<li><a href=\"https:\/\/www.needleseyetunnel.org\/\">Needles Eye Tunnel<\/a>: Ein in den Fels gehauener Tunnel, der sich perfekt f\u00fcr originelle Aufnahmen eignet.<\/li>\n<\/ul>\n\n<h3 class=\"wp-block-heading\">Ungew\u00f6hnliche Orte f\u00fcr einzigartige Fotos<\/h3>\n\n<p>Einige Gebiete bieten au\u00dfergew\u00f6hnliche Perspektiven:<\/p>\n\n<ul class=\"wp-block-list\">\n<li><strong>Wall Drug Dinosaur<\/strong>: Eine riesige kitschige Dinosaurierskulptur am Stra\u00dfenrand.<\/li>\n\n\n\n<li><a href=\"https:\/\/www.chapel-in-the-hills.org\/\">Chapel in the Hills<\/a> (Rapid City): Eine Nachbildung einer skandinavischen Kirche aus Holz.<\/li>\n<\/ul>\n\n<h2 class=\"wp-block-heading\">Aktivit\u00e4ten f\u00fcr Paare und Familien<\/h2>\n\n<h3 class=\"wp-block-heading\">Romantische Aktivit\u00e4ten f\u00fcr Paare<\/h3>\n\n<p>Die Badlands und Black Hills sind eine perfekte Kulisse f\u00fcr einen romantischen Ausflug. Ein Abendessen auf einer Terrasse in Deadwood mit anschlie\u00dfendem Abendspaziergang bietet eine einzigartige Atmosph\u00e4re. Ein Sonnenuntergang am Pinnacles Overlook oder eine Bootsfahrt auf dem Pactola Lake sind unvergessliche Erlebnisse.  <\/p>\n\n<h3 class=\"wp-block-heading\">Familienaktivit\u00e4ten: Abenteuer und Entdeckungen<\/h3>\n\n<p>Wenn Sie mit Ihrer Familie in diese Region reisen, k\u00f6nnen Sie Natur und Lernen miteinander verbinden. Kinder werden begeistert sein: <\/p>\n\n<ul class=\"wp-block-list\">\n<li><a href=\"https:\/\/www.reptilegardens.com\/\">Reptile Gardens<\/a> in Rapid City, ein einzigartiger Tierpark.<\/li>\n\n\n\n<li><a href=\"https:\/\/mammothsite.org\/\">Die Mammoth Site<\/a> in Hot Springs, wo sie pr\u00e4historische Fossilien sehen k\u00f6nnen.<\/li>\n\n\n\n<li><a href=\"https:\/\/bearcountryusa.com\/\">Bear Country USA<\/a>, ein Reservat, in dem man B\u00e4ren in Halbfreiheit beobachten kann.<\/li>\n<\/ul>\n\n<p><br\/>Die Badlands und Black Hills in South Dakota sind ein Traumziel f\u00fcr einen unvergesslichen Roadtrip. Mit spektakul\u00e4ren Panoramen, legend\u00e4ren Stra\u00dfen und authentischen Unterk\u00fcnften bietet die Region ein v\u00f6lliges Eintauchen in die amerikanische Wildnis. Ob als Paar f\u00fcr einen romantischen Ausflug oder mit der Familie f\u00fcr ein Bildungsabenteuer, dieses symboltr\u00e4chtige Land wird Sie auf jeder Etappe Ihrer Reise begeistern.  <\/p>\n","protected":false},"excerpt":{"rendered":"<p>Reisen in den Badlands und Black Hills: Ein umfassender Reisef\u00fchrer Die Badlands und die Black Hills in South Dakota bieten spektakul\u00e4re Landschaften und die M\u00f6glichkeit, in die amerikanische Wildnis einzutauchen. Dieser Roadtrip durch die USA kombiniert atemberaubende Panoramen, ikonische Haltestellen, Nationalparks und einzigartige Erlebnisse. Ob Sie zu zweit oder mit der Familie unterwegs sind, dieser [&hellip;]<\/p>\n","protected":false},"author":1,"featured_media":0,"parent":0,"menu_order":0,"comment_status":"closed","ping_status":"closed","template":"","meta":{"footnotes":""},"class_list":["post-8630","page","type-page","status-publish","hentry"],"yoast_head":"<!-- This site is optimized with the Yoast SEO plugin v27.4 - https:\/\/yoast.com\/product\/yoast-seo-wordpress\/ -->\n<title>Badlands und Black Hills (South Dakota): Leitfaden f\u00fcr einen unvergesslichen Roadtrip - USA B2<\/title>\n<meta name=\"description\" content=\"Entdecken Sie die Badlands und Black Hills in South Dakota: Route, Landschaften, Fotospots und Aktivit\u00e4ten f\u00fcr einen unvergesslichen Roadtrip.\" \/>\n<meta name=\"robots\" content=\"index, follow, max-snippet:-1, max-image-preview:large, max-video-preview:-1\" \/>\n<link rel=\"canonical\" href=\"https:\/\/usa-b2.com\/de\/badlands-et-black-hills-dakota-du-sud\/\" \/>\n<meta property=\"og:locale\" content=\"de_DE\" \/>\n<meta property=\"og:type\" content=\"article\" \/>\n<meta property=\"og:title\" content=\"Badlands und Black Hills (South Dakota): Leitfaden f\u00fcr einen unvergesslichen Roadtrip - USA B2\" \/>\n<meta property=\"og:description\" content=\"Entdecken Sie die Badlands und Black Hills in South Dakota: Route, Landschaften, Fotospots und Aktivit\u00e4ten f\u00fcr einen unvergesslichen Roadtrip.\" \/>\n<meta property=\"og:url\" content=\"https:\/\/usa-b2.com\/de\/badlands-et-black-hills-dakota-du-sud\/\" \/>\n<meta property=\"og:site_name\" content=\"USA B2\" \/>\n<meta property=\"article:modified_time\" content=\"2025-04-10T18:34:22+00:00\" \/>\n<meta property=\"og:image\" content=\"https:\/\/usa-b2.com\/wp-content\/uploads\/2025\/03\/Badlands-National-Park-South-Dakota.jpg\" \/>\n\t<meta property=\"og:image:width\" content=\"1600\" \/>\n\t<meta property=\"og:image:height\" content=\"900\" \/>\n\t<meta property=\"og:image:type\" content=\"image\/jpeg\" \/>\n<meta name=\"twitter:card\" content=\"summary_large_image\" \/>\n<meta name=\"twitter:label1\" content=\"Gesch\u00e4tzte Lesezeit\" \/>\n\t<meta name=\"twitter:data1\" content=\"4\u00a0Minuten\" \/>\n<script type=\"application\/ld+json\" class=\"yoast-schema-graph\">{\"@context\":\"https:\\\/\\\/schema.org\",\"@graph\":[{\"@type\":\"WebPage\",\"@id\":\"https:\\\/\\\/usa-b2.com\\\/de\\\/badlands-et-black-hills-dakota-du-sud\\\/\",\"url\":\"https:\\\/\\\/usa-b2.com\\\/de\\\/badlands-et-black-hills-dakota-du-sud\\\/\",\"name\":\"Badlands und Black Hills (South Dakota): Leitfaden f\u00fcr einen unvergesslichen Roadtrip - USA B2\",\"isPartOf\":{\"@id\":\"https:\\\/\\\/usa-b2.com\\\/de\\\/#website\"},\"primaryImageOfPage\":{\"@id\":\"https:\\\/\\\/usa-b2.com\\\/de\\\/badlands-et-black-hills-dakota-du-sud\\\/#primaryimage\"},\"image\":{\"@id\":\"https:\\\/\\\/usa-b2.com\\\/de\\\/badlands-et-black-hills-dakota-du-sud\\\/#primaryimage\"},\"thumbnailUrl\":\"https:\\\/\\\/usa-b2.com\\\/wp-content\\\/uploads\\\/2025\\\/03\\\/Badlands-National-Park-South-Dakota-1024x576.jpg\",\"datePublished\":\"2025-03-18T12:34:07+00:00\",\"dateModified\":\"2025-04-10T18:34:22+00:00\",\"description\":\"Entdecken Sie die Badlands und Black Hills in South Dakota: Route, Landschaften, Fotospots und Aktivit\u00e4ten f\u00fcr einen unvergesslichen Roadtrip.\",\"breadcrumb\":{\"@id\":\"https:\\\/\\\/usa-b2.com\\\/de\\\/badlands-et-black-hills-dakota-du-sud\\\/#breadcrumb\"},\"inLanguage\":\"de\",\"potentialAction\":[{\"@type\":\"ReadAction\",\"target\":[\"https:\\\/\\\/usa-b2.com\\\/de\\\/badlands-et-black-hills-dakota-du-sud\\\/\"]}]},{\"@type\":\"ImageObject\",\"inLanguage\":\"de\",\"@id\":\"https:\\\/\\\/usa-b2.com\\\/de\\\/badlands-et-black-hills-dakota-du-sud\\\/#primaryimage\",\"url\":\"https:\\\/\\\/usa-b2.com\\\/wp-content\\\/uploads\\\/2025\\\/03\\\/Badlands-National-Park-South-Dakota-1024x576.jpg\",\"contentUrl\":\"https:\\\/\\\/usa-b2.com\\\/wp-content\\\/uploads\\\/2025\\\/03\\\/Badlands-National-Park-South-Dakota-1024x576.jpg\"},{\"@type\":\"BreadcrumbList\",\"@id\":\"https:\\\/\\\/usa-b2.com\\\/de\\\/badlands-et-black-hills-dakota-du-sud\\\/#breadcrumb\",\"itemListElement\":[{\"@type\":\"ListItem\",\"position\":1,\"name\":\"Accueil\",\"item\":\"https:\\\/\\\/usa-b2.com\\\/de\\\/usa\\\/\"},{\"@type\":\"ListItem\",\"position\":2,\"name\":\"Badlands und Black Hills (South Dakota): Leitfaden f\u00fcr einen unvergesslichen Roadtrip\"}]},{\"@type\":\"WebSite\",\"@id\":\"https:\\\/\\\/usa-b2.com\\\/de\\\/#website\",\"url\":\"https:\\\/\\\/usa-b2.com\\\/de\\\/\",\"name\":\"USA B2 VISA\",\"description\":\"\",\"potentialAction\":[{\"@type\":\"SearchAction\",\"target\":{\"@type\":\"EntryPoint\",\"urlTemplate\":\"https:\\\/\\\/usa-b2.com\\\/de\\\/?s={search_term_string}\"},\"query-input\":{\"@type\":\"PropertyValueSpecification\",\"valueRequired\":true,\"valueName\":\"search_term_string\"}}],\"inLanguage\":\"de\"}]}<\/script>\n<!-- \/ Yoast SEO plugin. -->","yoast_head_json":{"title":"Badlands und Black Hills (South Dakota): Leitfaden f\u00fcr einen unvergesslichen Roadtrip - USA B2","description":"Entdecken Sie die Badlands und Black Hills in South Dakota: Route, Landschaften, Fotospots und Aktivit\u00e4ten f\u00fcr einen unvergesslichen Roadtrip.","robots":{"index":"index","follow":"follow","max-snippet":"max-snippet:-1","max-image-preview":"max-image-preview:large","max-video-preview":"max-video-preview:-1"},"canonical":"https:\/\/usa-b2.com\/de\/badlands-et-black-hills-dakota-du-sud\/","og_locale":"de_DE","og_type":"article","og_title":"Badlands und Black Hills (South Dakota): Leitfaden f\u00fcr einen unvergesslichen Roadtrip - USA B2","og_description":"Entdecken Sie die Badlands und Black Hills in South Dakota: Route, Landschaften, Fotospots und Aktivit\u00e4ten f\u00fcr einen unvergesslichen Roadtrip.","og_url":"https:\/\/usa-b2.com\/de\/badlands-et-black-hills-dakota-du-sud\/","og_site_name":"USA B2","article_modified_time":"2025-04-10T18:34:22+00:00","og_image":[{"width":1600,"height":900,"url":"https:\/\/usa-b2.com\/wp-content\/uploads\/2025\/03\/Badlands-National-Park-South-Dakota.jpg","type":"image\/jpeg"}],"twitter_card":"summary_large_image","twitter_misc":{"Gesch\u00e4tzte Lesezeit":"4\u00a0Minuten"},"schema":{"@context":"https:\/\/schema.org","@graph":[{"@type":"WebPage","@id":"https:\/\/usa-b2.com\/de\/badlands-et-black-hills-dakota-du-sud\/","url":"https:\/\/usa-b2.com\/de\/badlands-et-black-hills-dakota-du-sud\/","name":"Badlands und Black Hills (South Dakota): Leitfaden f\u00fcr einen unvergesslichen Roadtrip - USA B2","isPartOf":{"@id":"https:\/\/usa-b2.com\/de\/#website"},"primaryImageOfPage":{"@id":"https:\/\/usa-b2.com\/de\/badlands-et-black-hills-dakota-du-sud\/#primaryimage"},"image":{"@id":"https:\/\/usa-b2.com\/de\/badlands-et-black-hills-dakota-du-sud\/#primaryimage"},"thumbnailUrl":"https:\/\/usa-b2.com\/wp-content\/uploads\/2025\/03\/Badlands-National-Park-South-Dakota-1024x576.jpg","datePublished":"2025-03-18T12:34:07+00:00","dateModified":"2025-04-10T18:34:22+00:00","description":"Entdecken Sie die Badlands und Black Hills in South Dakota: Route, Landschaften, Fotospots und Aktivit\u00e4ten f\u00fcr einen unvergesslichen Roadtrip.","breadcrumb":{"@id":"https:\/\/usa-b2.com\/de\/badlands-et-black-hills-dakota-du-sud\/#breadcrumb"},"inLanguage":"de","potentialAction":[{"@type":"ReadAction","target":["https:\/\/usa-b2.com\/de\/badlands-et-black-hills-dakota-du-sud\/"]}]},{"@type":"ImageObject","inLanguage":"de","@id":"https:\/\/usa-b2.com\/de\/badlands-et-black-hills-dakota-du-sud\/#primaryimage","url":"https:\/\/usa-b2.com\/wp-content\/uploads\/2025\/03\/Badlands-National-Park-South-Dakota-1024x576.jpg","contentUrl":"https:\/\/usa-b2.com\/wp-content\/uploads\/2025\/03\/Badlands-National-Park-South-Dakota-1024x576.jpg"},{"@type":"BreadcrumbList","@id":"https:\/\/usa-b2.com\/de\/badlands-et-black-hills-dakota-du-sud\/#breadcrumb","itemListElement":[{"@type":"ListItem","position":1,"name":"Accueil","item":"https:\/\/usa-b2.com\/de\/usa\/"},{"@type":"ListItem","position":2,"name":"Badlands und Black Hills (South Dakota): Leitfaden f\u00fcr einen unvergesslichen Roadtrip"}]},{"@type":"WebSite","@id":"https:\/\/usa-b2.com\/de\/#website","url":"https:\/\/usa-b2.com\/de\/","name":"USA B2 VISA","description":"","potentialAction":[{"@type":"SearchAction","target":{"@type":"EntryPoint","urlTemplate":"https:\/\/usa-b2.com\/de\/?s={search_term_string}"},"query-input":{"@type":"PropertyValueSpecification","valueRequired":true,"valueName":"search_term_string"}}],"inLanguage":"de"}]}},"_links":{"self":[{"href":"https:\/\/usa-b2.com\/de\/wp-json\/wp\/v2\/pages\/8630","targetHints":{"allow":["GET"]}}],"collection":[{"href":"https:\/\/usa-b2.com\/de\/wp-json\/wp\/v2\/pages"}],"about":[{"href":"https:\/\/usa-b2.com\/de\/wp-json\/wp\/v2\/types\/page"}],"author":[{"embeddable":true,"href":"https:\/\/usa-b2.com\/de\/wp-json\/wp\/v2\/users\/1"}],"replies":[{"embeddable":true,"href":"https:\/\/usa-b2.com\/de\/wp-json\/wp\/v2\/comments?post=8630"}],"version-history":[{"count":0,"href":"https:\/\/usa-b2.com\/de\/wp-json\/wp\/v2\/pages\/8630\/revisions"}],"wp:attachment":[{"href":"https:\/\/usa-b2.com\/de\/wp-json\/wp\/v2\/media?parent=8630"}],"curies":[{"name":"wp","href":"https:\/\/api.w.org\/{rel}","templated":true}]}}