{"id":8550,"date":"2025-04-10T16:14:56","date_gmt":"2025-04-10T16:14:56","guid":{"rendered":"https:\/\/usa-b2.com\/us-visum-b1-b2\/"},"modified":"2025-10-28T20:30:53","modified_gmt":"2025-10-28T20:30:53","slug":"us-visum-b1-b2","status":"publish","type":"page","link":"https:\/\/usa-b2.com\/de\/us-visum-b1-b2\/","title":{"rendered":"B1\/B2-Visum f\u00fcr Reisen in die USA"},"content":{"rendered":"\n<h1 class=\"wp-block-heading\">Das b1b2-Visum f\u00fcr Reisen in die USA<\/h1>\n\n<p>Das <strong>B1\/B2 USA-Visum<\/strong> ist das am h\u00e4ufigsten verwendete <a href=\"https:\/\/usa-b2.com\/de\/besucher-visum-vereinigte-staaten\/\">US-Besuchervisum<\/a>. Egal, ob Sie aus gesch\u00e4ftlichen oder touristischen Gr\u00fcnden reisen, dieses Visum ist die ideale L\u00f6sung f\u00fcr einen <strong>vor\u00fcbergehenden Aufenthalt<\/strong> in den USA. In diesem Leitfaden finden Sie alles, was Sie \u00fcber das <strong>B1\/B2-Visum<\/strong> wissen m\u00fcssen, seine Bedingungen, seinen Nutzen und wie Sie es beantragen k\u00f6nnen.  <\/p>\n\n<h2 class=\"wp-block-heading\">Was ist ein B1\/B2-Visum?<\/h2>\n\n<p>Das <strong>B1\/B2-Visum<\/strong> ist ein <strong>Non-Immigrant-Visum<\/strong>, das von den US-Beh\u00f6rden f\u00fcr Personen ausgestellt wird, die vor\u00fcbergehend in die USA einreisen m\u00f6chten.<\/p>\n\n<ul class=\"wp-block-list\">\n<li>Das <a href=\"https:\/\/usa-b2.com\/de\/b1-visum-usa\/\">B1-Visum<\/a> gilt f\u00fcr <strong>Gesch\u00e4ftsreisen<\/strong> (Sitzungen, Konferenzen, Vertr\u00e4ge&#8230;).<\/li>\n\n\n\n<li>Das <a href=\"https:\/\/usa-b2.com\/de\/b2-visum\/\">B2-Visum<\/a> ist f\u00fcr <strong>Tourismus, Familienbesuche oder medizinische Versorgung<\/strong> bestimmt.<\/li>\n\n\n\n<li>Sie werden oft zu einem <strong>B1\/B2 USA-Visum<\/strong> kombiniert, so dass Sie mit demselben Dokument f\u00fcr beide Zwecke reisen k\u00f6nnen.<\/li>\n<\/ul>\n\n<div style=\"height:20px\" aria-hidden=\"true\" class=\"wp-block-spacer\"><\/div>\n\n<h2 class=\"wp-block-heading\">Wer kann ein B1\/B2-Visum f\u00fcr die USA beantragen?<\/h2>\n\n<p>Jeder, der nicht f\u00fcr das <a href=\"https:\/\/usa-b2.com\/de\/was-ist-esta\/\">ESTA-Programm<\/a> <strong>in<\/strong> Frage kommt oder <strong>l\u00e4nger als 90 Tage in den USA<\/strong> bleiben m\u00f6chte, kann ein <strong>US B1 B2 Visum<\/strong> beantragen. Es ist besonders n\u00fctzlich f\u00fcr : <\/p>\n\n<ul class=\"wp-block-list\">\n<li>B\u00fcrger von L\u00e4ndern, die nicht am <a href=\"https:\/\/usa-b2.com\/de\/programm-befreiung-visumpflicht\/\">Programm f\u00fcr visumfreies<\/a> Reisen teilnehmen<\/li>\n\n\n\n<li>Personen, die mehr Flexibilit\u00e4t in Bezug auf die Dauer oder den Grund ihres Aufenthalts ben\u00f6tigen<\/li>\n\n\n\n<li>Reisende, deren ESTA-Genehmigung bereits abgelehnt wurde<\/li>\n<\/ul>\n\n<div style=\"height:20px\" aria-hidden=\"true\" class=\"wp-block-spacer\"><\/div>\n\n<h2 class=\"wp-block-heading\">G\u00fcltigkeitsdauer und Bedingungen des B1 B2-Visums<\/h2>\n\n<p>Das <strong>Visum B1\/B2 USA<\/strong> kann zwischen <strong>1 und 10 Jahren<\/strong> g\u00fcltig sein, abh\u00e4ngig von Ihrem Wohnsitzland und den Entscheidungen des US-Konsulats. Es berechtigt zu : <\/p>\n\n<ul class=\"wp-block-list\">\n<li><strong>Befristete Aufenthalte<\/strong> von bis zu 6 Monaten pro Eintrag<\/li>\n\n\n\n<li><strong>Mehrere Einreisen<\/strong> in die USA w\u00e4hrend der gesamten G\u00fcltigkeitsdauer<\/li>\n\n\n\n<li>Keine Erlaubnis f\u00fcr bezahlte Arbeit oder Studium<\/li>\n<\/ul>\n\n<p>\ud83d\udd17 Siehe auch: <a href=\"https:\/\/usa-b2.com\/de\/unterschied-zwischen-visum-und-esta\/\">Unterschied zwischen ESTA und Visum<\/a><br\/>\ud83d\udd17 Siehe auch: <a href=\"https:\/\/usa-b2.com\/de\/reisepass-fur-die-usa\/\">G\u00fcltiger Reisepass f\u00fcr Reisen in die USA<\/a><\/p>\n\n<h2 class=\"wp-block-heading\">Wie bekomme ich ein B1 B2 United States Visum?<\/h2>\n\n<h3 class=\"wp-block-heading\">1. F\u00fcllen Sie das Formular DS-160 aus.<\/h3>\n\n<p>Das <a href=\"https:\/\/usa-b2.com\/de\/ds-160\/\">offizielle DS-160 Formular<\/a> f\u00fcr den Antrag auf ein <strong>US-Nicht-Einwanderungsvisum<\/strong>.<\/p>\n\n<h3 class=\"wp-block-heading\">2. Bezahlen Sie die Antragsgeb\u00fchr<\/h3>\n\n<p>Der <a href=\"https:\/\/usa-b2.com\/fr\/frais-visa-b2-usa\/\">Preis f\u00fcr ein Visum<\/a> h\u00e4ngt von der Art des US-Visums ab. Im Allgemeinen kostet das <strong>B1\/B2-Visum<\/strong> ca. <strong>185 USD<\/strong> Verwaltungsgeb\u00fchr, die bei der <a href=\"https:\/\/usa-b2.com\/de\/verfahren-beantragung-b2-visum\/\">Beantragung des Visums<\/a> zu zahlen ist. <\/p>\n\n<h3 class=\"wp-block-heading\">3. Vereinbaren Sie einen Termin bei der Botschaft der Vereinigten Staaten.<\/h3>\n\n<p>Das Interview ist f\u00fcr die meisten Antragsteller <strong>obligatorisch<\/strong>. Sie m\u00fcssen die Gr\u00fcnde f\u00fcr Ihre Reise darlegen. Lesen Sie unseren Artikel \u00fcber das <a href=\"https:\/\/usa-b2.com\/de\/visumstermin-us-botschaft\/\">Treffen mit der US-Botschaft<\/a>, um sich auf diesen wichtigen Schritt vorzubereiten.  <\/p>\n\n<h3 class=\"wp-block-heading\">4. Bereiten Sie die notwendigen Dokumente vor<\/h3>\n\n<ul class=\"wp-block-list\">\n<li><a href=\"https:\/\/usa-b2.com\/de\/reisepass-fur-die-usa\/\">G\u00fcltiger Reisepass f\u00fcr die USA<\/a><\/li>\n\n\n\n<li>\u00dcbereinstimmendes Passfoto<\/li>\n\n\n\n<li>Nachweis von Geldmitteln, Reiseplan, Einladungsschreiben (falls zutreffend)<\/li>\n<\/ul>\n\n<h3 class=\"wp-block-heading\">5. Warten Sie auf die Entscheidung<\/h3>\n\n<p>Die <strong>Fristen f\u00fcr den Erhalt<\/strong> sind unterschiedlich. Im Durchschnitt m\u00fcssen Sie mit <strong>1 bis 4 Wochen<\/strong> rechnen. <br\/><\/p>\n\n<h2 class=\"wp-block-heading\">Illustration des Verfahrens zur Beantragung eines b1\/b2-Visums<\/h2>\n\n<figure class=\"wp-block-image size-large\"><img fetchpriority=\"high\" decoding=\"async\" width=\"683\" height=\"1024\" src=\"https:\/\/usa-b2.com\/wp-content\/uploads\/2025\/04\/us-visa-b1b2-683x1024.png\" alt=\"Wie man ein B1 B2 Visum erh&#xE4;lt\" class=\"wp-image-8440\" srcset=\"https:\/\/usa-b2.com\/wp-content\/uploads\/2025\/04\/us-visa-b1b2-683x1024.png 683w, https:\/\/usa-b2.com\/wp-content\/uploads\/2025\/04\/us-visa-b1b2-200x300.png 200w, https:\/\/usa-b2.com\/wp-content\/uploads\/2025\/04\/us-visa-b1b2-768x1152.png 768w, https:\/\/usa-b2.com\/wp-content\/uploads\/2025\/04\/us-visa-b1b2.png 1024w\" sizes=\"(max-width: 683px) 100vw, 683px\" \/><figcaption class=\"wp-element-caption\">Wie man ein B1\/B2-Visum erh\u00e4lt<\/figcaption><\/figure>\n\n<h2 class=\"wp-block-heading\">H\u00e4ufig gestellte Fragen zum B1\/B2-Visum USA<\/h2>\n\n<h3 class=\"wp-block-heading\">Kann man mit einem B1\/B2-Visum arbeiten?<\/h3>\n\n<p>Nein Das <strong>Visum B1 B2 USA<\/strong> ist ausschlie\u00dflich f\u00fcr <strong>zeitlich begrenzte Besuche<\/strong> ohne bezahlte Arbeit oder Studium vorgesehen. <\/p>\n\n<h3 class=\"wp-block-heading\">Kann ein B1- und B2-US-Visum verl\u00e4ngert werden?<\/h3>\n\n<p>Ja, aber es ist <strong>kompliziert<\/strong>. Eine Verl\u00e4ngerung muss <strong>mindestens 45 Tage vor Ablauf der G\u00fcltigkeitsdauer<\/strong> beantragt werden. <\/p>\n\n<h3 class=\"wp-block-heading\">Ist dies das gleiche wie ESTA?<\/h3>\n\n<p>Nein Das<strong>ESTA<\/strong> ist auf bestimmte L\u00e4nder beschr\u00e4nkt und gilt f\u00fcr <strong>maximal 90 Tage<\/strong>. Das <strong>B1\/B2-Visum f\u00fcr die USA<\/strong> ist flexibler, erfordert aber mehr Formalit\u00e4ten. <\/p>\n\n<h2 class=\"wp-block-heading\">Warum sollte ich das B1 B2 Visum f\u00fcr die USA w\u00e4hlen?<\/h2>\n\n<p>Das <strong>B1\/B2 USA Visum<\/strong> ist ideal, wenn Sie :<\/p>\n\n<ul class=\"wp-block-list\">\n<li><strong>Besuch von Verwandten, Tourismus, Arztbesuch<\/strong><\/li>\n\n\n\n<li><strong>Teilnahme an Konferenzen oder Gesch\u00e4ftstreffen<\/strong><\/li>\n\n\n\n<li><strong>Regelm\u00e4\u00dfige<\/strong> Reisen <strong>in die USA<\/strong> mit einem mehrj\u00e4hrig g\u00fcltigen Visum<\/li>\n\n\n\n<li>Eine <strong>Alternative zu ESTA<\/strong> haben<\/li>\n<\/ul>\n\n<h2 class=\"wp-block-heading\">Zusammenfassung<\/h2>\n\n<figure class=\"wp-block-table\"><table class=\"has-fixed-layout\"><thead><tr><th>Element<\/th><th>Detail<\/th><\/tr><\/thead><tbody><tr><td>Art des Visums<\/td><td><strong>B1\/B2 Visa<\/strong> (Gesch\u00e4fts- und <strong>Touristenvisa<\/strong> )<\/td><\/tr><tr><td>Dauer des Aufenthalts<\/td><td>Bis zu 6 Monate pro Eintrag<\/td><\/tr><tr><td>G\u00fcltigkeitsdauer<\/td><td>Bis zu 10 Jahren<\/td><\/tr><tr><td>Anzahl der Eintr\u00e4ge<\/td><td>Mehrere<\/td><\/tr><tr><td>K\u00f6nnen Sie arbeiten?<\/td><td>\u274c Nein<\/td><\/tr><tr><td>K\u00f6nnen wir lernen?<\/td><td>\u274c Nein (au\u00dfer in besonderen F\u00e4llen)<\/td><\/tr><\/tbody><\/table><\/figure>\n","protected":false},"excerpt":{"rendered":"<p>Das b1b2-Visum f\u00fcr Reisen in die USA Das B1\/B2 USA-Visum ist das am h\u00e4ufigsten verwendete US-Besuchervisum. Egal, ob Sie aus gesch\u00e4ftlichen oder touristischen Gr\u00fcnden reisen, dieses Visum ist die ideale L\u00f6sung f\u00fcr einen vor\u00fcbergehenden Aufenthalt in den USA. In diesem Leitfaden finden Sie alles, was Sie \u00fcber das B1\/B2-Visum wissen m\u00fcssen, seine Bedingungen, seinen Nutzen [&hellip;]<\/p>\n","protected":false},"author":1,"featured_media":0,"parent":0,"menu_order":0,"comment_status":"closed","ping_status":"closed","template":"","meta":{"footnotes":""},"class_list":["post-8550","page","type-page","status-publish","hentry"],"yoast_head":"<!-- This site is optimized with the Yoast SEO plugin v27.4 - https:\/\/yoast.com\/product\/yoast-seo-wordpress\/ -->\n<title>B1\/B2-Visum f\u00fcr Reisen in die USA - USA B2<\/title>\n<meta name=\"description\" content=\"Das b1\/B2-Visum f\u00fcr die USA erlaubt Reisenden, einen touristischen oder gesch\u00e4ftlichen Aufenthalt von mehr als 90 Tagen zu absolvieren.\" \/>\n<meta name=\"robots\" content=\"index, follow, max-snippet:-1, max-image-preview:large, max-video-preview:-1\" \/>\n<link rel=\"canonical\" href=\"https:\/\/usa-b2.com\/de\/us-visum-b1-b2\/\" \/>\n<meta property=\"og:locale\" content=\"de_DE\" \/>\n<meta property=\"og:type\" content=\"article\" \/>\n<meta property=\"og:title\" content=\"B1\/B2-Visum f\u00fcr Reisen in die USA - USA B2\" \/>\n<meta property=\"og:description\" content=\"Das b1\/B2-Visum f\u00fcr die USA erlaubt Reisenden, einen touristischen oder gesch\u00e4ftlichen Aufenthalt von mehr als 90 Tagen zu absolvieren.\" \/>\n<meta property=\"og:url\" content=\"https:\/\/usa-b2.com\/de\/us-visum-b1-b2\/\" \/>\n<meta property=\"og:site_name\" content=\"USA B2\" \/>\n<meta property=\"article:modified_time\" content=\"2025-10-28T20:30:53+00:00\" \/>\n<meta property=\"og:image\" content=\"https:\/\/usa-b2.com\/wp-content\/uploads\/2025\/04\/us-visa-b1b2.png\" \/>\n\t<meta property=\"og:image:width\" content=\"1024\" \/>\n\t<meta property=\"og:image:height\" content=\"1536\" \/>\n\t<meta property=\"og:image:type\" content=\"image\/png\" \/>\n<meta name=\"twitter:card\" content=\"summary_large_image\" \/>\n<meta name=\"twitter:label1\" content=\"Gesch\u00e4tzte Lesezeit\" \/>\n\t<meta name=\"twitter:data1\" content=\"3\u00a0Minuten\" \/>\n<script type=\"application\/ld+json\" class=\"yoast-schema-graph\">{\"@context\":\"https:\\\/\\\/schema.org\",\"@graph\":[{\"@type\":\"WebPage\",\"@id\":\"https:\\\/\\\/usa-b2.com\\\/de\\\/us-visum-b1-b2\\\/\",\"url\":\"https:\\\/\\\/usa-b2.com\\\/de\\\/us-visum-b1-b2\\\/\",\"name\":\"B1\\\/B2-Visum f\u00fcr Reisen in die USA - USA B2\",\"isPartOf\":{\"@id\":\"https:\\\/\\\/usa-b2.com\\\/de\\\/#website\"},\"primaryImageOfPage\":{\"@id\":\"https:\\\/\\\/usa-b2.com\\\/de\\\/us-visum-b1-b2\\\/#primaryimage\"},\"image\":{\"@id\":\"https:\\\/\\\/usa-b2.com\\\/de\\\/us-visum-b1-b2\\\/#primaryimage\"},\"thumbnailUrl\":\"https:\\\/\\\/usa-b2.com\\\/wp-content\\\/uploads\\\/2025\\\/04\\\/us-visa-b1b2-683x1024.png\",\"datePublished\":\"2025-04-10T16:14:56+00:00\",\"dateModified\":\"2025-10-28T20:30:53+00:00\",\"description\":\"Das b1\\\/B2-Visum f\u00fcr die USA erlaubt Reisenden, einen touristischen oder gesch\u00e4ftlichen Aufenthalt von mehr als 90 Tagen zu absolvieren.\",\"breadcrumb\":{\"@id\":\"https:\\\/\\\/usa-b2.com\\\/de\\\/us-visum-b1-b2\\\/#breadcrumb\"},\"inLanguage\":\"de\",\"potentialAction\":[{\"@type\":\"ReadAction\",\"target\":[\"https:\\\/\\\/usa-b2.com\\\/de\\\/us-visum-b1-b2\\\/\"]}]},{\"@type\":\"ImageObject\",\"inLanguage\":\"de\",\"@id\":\"https:\\\/\\\/usa-b2.com\\\/de\\\/us-visum-b1-b2\\\/#primaryimage\",\"url\":\"https:\\\/\\\/usa-b2.com\\\/wp-content\\\/uploads\\\/2025\\\/04\\\/us-visa-b1b2-683x1024.png\",\"contentUrl\":\"https:\\\/\\\/usa-b2.com\\\/wp-content\\\/uploads\\\/2025\\\/04\\\/us-visa-b1b2-683x1024.png\"},{\"@type\":\"BreadcrumbList\",\"@id\":\"https:\\\/\\\/usa-b2.com\\\/de\\\/us-visum-b1-b2\\\/#breadcrumb\",\"itemListElement\":[{\"@type\":\"ListItem\",\"position\":1,\"name\":\"Accueil\",\"item\":\"https:\\\/\\\/usa-b2.com\\\/de\\\/usa\\\/\"},{\"@type\":\"ListItem\",\"position\":2,\"name\":\"B1\\\/B2-Visum f\u00fcr Reisen in die USA\"}]},{\"@type\":\"WebSite\",\"@id\":\"https:\\\/\\\/usa-b2.com\\\/de\\\/#website\",\"url\":\"https:\\\/\\\/usa-b2.com\\\/de\\\/\",\"name\":\"USA B2 VISA\",\"description\":\"\",\"potentialAction\":[{\"@type\":\"SearchAction\",\"target\":{\"@type\":\"EntryPoint\",\"urlTemplate\":\"https:\\\/\\\/usa-b2.com\\\/de\\\/?s={search_term_string}\"},\"query-input\":{\"@type\":\"PropertyValueSpecification\",\"valueRequired\":true,\"valueName\":\"search_term_string\"}}],\"inLanguage\":\"de\"}]}<\/script>\n<!-- \/ Yoast SEO plugin. -->","yoast_head_json":{"title":"B1\/B2-Visum f\u00fcr Reisen in die USA - USA B2","description":"Das b1\/B2-Visum f\u00fcr die USA erlaubt Reisenden, einen touristischen oder gesch\u00e4ftlichen Aufenthalt von mehr als 90 Tagen zu absolvieren.","robots":{"index":"index","follow":"follow","max-snippet":"max-snippet:-1","max-image-preview":"max-image-preview:large","max-video-preview":"max-video-preview:-1"},"canonical":"https:\/\/usa-b2.com\/de\/us-visum-b1-b2\/","og_locale":"de_DE","og_type":"article","og_title":"B1\/B2-Visum f\u00fcr Reisen in die USA - USA B2","og_description":"Das b1\/B2-Visum f\u00fcr die USA erlaubt Reisenden, einen touristischen oder gesch\u00e4ftlichen Aufenthalt von mehr als 90 Tagen zu absolvieren.","og_url":"https:\/\/usa-b2.com\/de\/us-visum-b1-b2\/","og_site_name":"USA B2","article_modified_time":"2025-10-28T20:30:53+00:00","og_image":[{"width":1024,"height":1536,"url":"https:\/\/usa-b2.com\/wp-content\/uploads\/2025\/04\/us-visa-b1b2.png","type":"image\/png"}],"twitter_card":"summary_large_image","twitter_misc":{"Gesch\u00e4tzte Lesezeit":"3\u00a0Minuten"},"schema":{"@context":"https:\/\/schema.org","@graph":[{"@type":"WebPage","@id":"https:\/\/usa-b2.com\/de\/us-visum-b1-b2\/","url":"https:\/\/usa-b2.com\/de\/us-visum-b1-b2\/","name":"B1\/B2-Visum f\u00fcr Reisen in die USA - USA B2","isPartOf":{"@id":"https:\/\/usa-b2.com\/de\/#website"},"primaryImageOfPage":{"@id":"https:\/\/usa-b2.com\/de\/us-visum-b1-b2\/#primaryimage"},"image":{"@id":"https:\/\/usa-b2.com\/de\/us-visum-b1-b2\/#primaryimage"},"thumbnailUrl":"https:\/\/usa-b2.com\/wp-content\/uploads\/2025\/04\/us-visa-b1b2-683x1024.png","datePublished":"2025-04-10T16:14:56+00:00","dateModified":"2025-10-28T20:30:53+00:00","description":"Das b1\/B2-Visum f\u00fcr die USA erlaubt Reisenden, einen touristischen oder gesch\u00e4ftlichen Aufenthalt von mehr als 90 Tagen zu absolvieren.","breadcrumb":{"@id":"https:\/\/usa-b2.com\/de\/us-visum-b1-b2\/#breadcrumb"},"inLanguage":"de","potentialAction":[{"@type":"ReadAction","target":["https:\/\/usa-b2.com\/de\/us-visum-b1-b2\/"]}]},{"@type":"ImageObject","inLanguage":"de","@id":"https:\/\/usa-b2.com\/de\/us-visum-b1-b2\/#primaryimage","url":"https:\/\/usa-b2.com\/wp-content\/uploads\/2025\/04\/us-visa-b1b2-683x1024.png","contentUrl":"https:\/\/usa-b2.com\/wp-content\/uploads\/2025\/04\/us-visa-b1b2-683x1024.png"},{"@type":"BreadcrumbList","@id":"https:\/\/usa-b2.com\/de\/us-visum-b1-b2\/#breadcrumb","itemListElement":[{"@type":"ListItem","position":1,"name":"Accueil","item":"https:\/\/usa-b2.com\/de\/usa\/"},{"@type":"ListItem","position":2,"name":"B1\/B2-Visum f\u00fcr Reisen in die USA"}]},{"@type":"WebSite","@id":"https:\/\/usa-b2.com\/de\/#website","url":"https:\/\/usa-b2.com\/de\/","name":"USA B2 VISA","description":"","potentialAction":[{"@type":"SearchAction","target":{"@type":"EntryPoint","urlTemplate":"https:\/\/usa-b2.com\/de\/?s={search_term_string}"},"query-input":{"@type":"PropertyValueSpecification","valueRequired":true,"valueName":"search_term_string"}}],"inLanguage":"de"}]}},"_links":{"self":[{"href":"https:\/\/usa-b2.com\/de\/wp-json\/wp\/v2\/pages\/8550","targetHints":{"allow":["GET"]}}],"collection":[{"href":"https:\/\/usa-b2.com\/de\/wp-json\/wp\/v2\/pages"}],"about":[{"href":"https:\/\/usa-b2.com\/de\/wp-json\/wp\/v2\/types\/page"}],"author":[{"embeddable":true,"href":"https:\/\/usa-b2.com\/de\/wp-json\/wp\/v2\/users\/1"}],"replies":[{"embeddable":true,"href":"https:\/\/usa-b2.com\/de\/wp-json\/wp\/v2\/comments?post=8550"}],"version-history":[{"count":4,"href":"https:\/\/usa-b2.com\/de\/wp-json\/wp\/v2\/pages\/8550\/revisions"}],"predecessor-version":[{"id":10726,"href":"https:\/\/usa-b2.com\/de\/wp-json\/wp\/v2\/pages\/8550\/revisions\/10726"}],"wp:attachment":[{"href":"https:\/\/usa-b2.com\/de\/wp-json\/wp\/v2\/media?parent=8550"}],"curies":[{"name":"wp","href":"https:\/\/api.w.org\/{rel}","templated":true}]}}