{"id":8502,"date":"2025-03-18T12:31:27","date_gmt":"2025-03-18T12:31:27","guid":{"rendered":"https:\/\/usa-b2.com\/route-66-the-mother-road\/"},"modified":"2025-10-16T08:51:59","modified_gmt":"2025-10-16T08:51:59","slug":"route-66-the-mother-road","status":"publish","type":"page","link":"https:\/\/usa-b2.com\/de\/route-66-the-mother-road\/","title":{"rendered":"Route 66 (The Mother Road) : Der legend\u00e4re Road Trip durch die USA"},"content":{"rendered":"\n<h1 class=\"wp-block-heading\">Route 66 Road Trip: Was gibt es zu sehen und wo sollte man anhalten?<\/h1>\n\n<p>Die <a href=\"https:\/\/www.theroute-66.com\/\">Route 66<\/a>, auch bekannt als &#8222;The Mother Road&#8220;, ist eine der symboltr\u00e4chtigsten Stra\u00dfen der Vereinigten Staaten. Sie durchquert acht Staaten von <a href=\"https:\/\/www.chicago.gov\/city\/en.html\">Chicago<\/a> bis <a href=\"https:\/\/lacity.gov\/\">Los Angeles<\/a> und ist die ultimative Reise durch das tiefste Amerika. Mit ihren abwechslungsreichen Landschaften, Vintage-Motels und historischen St\u00e4tten zieht sie jedes Jahr Tausende von Reisenden an, die auf der Suche nach Abenteuern sind. Hier ist ein detaillierter Leitfaden f\u00fcr die Planung Ihres Roadtrips auf dieser legend\u00e4ren Stra\u00dfe.   <\/p>\n\n<figure class=\"wp-block-image size-large\"><img fetchpriority=\"high\" decoding=\"async\" width=\"1024\" height=\"576\" src=\"https:\/\/usa-b2.com\/wp-content\/uploads\/2025\/03\/Roadtrip-Route-66-1024x576.jpg\" alt=\"\" class=\"wp-image-8354\" srcset=\"https:\/\/usa-b2.com\/wp-content\/uploads\/2025\/03\/Roadtrip-Route-66-1024x576.jpg 1024w, https:\/\/usa-b2.com\/wp-content\/uploads\/2025\/03\/Roadtrip-Route-66-300x169.jpg 300w, https:\/\/usa-b2.com\/wp-content\/uploads\/2025\/03\/Roadtrip-Route-66-768x432.jpg 768w, https:\/\/usa-b2.com\/wp-content\/uploads\/2025\/03\/Roadtrip-Route-66-1536x864.jpg 1536w, https:\/\/usa-b2.com\/wp-content\/uploads\/2025\/03\/Roadtrip-Route-66-2048x1152.jpg 2048w\" sizes=\"(max-width: 1024px) 100vw, 1024px\" \/><\/figure>\n\n<h2 class=\"wp-block-heading\">Unverzichtbare Landschaften und Naturgebiete<\/h2>\n\n<h3 class=\"wp-block-heading\">Nationalparks und Naturgebiete<\/h3>\n\n<p>Die Route 66 f\u00fchrt durch mehrere Nationalparks und spektakul\u00e4re Landschaften, die einen Besuch wert sind. Ein Muss ist der <a href=\"https:\/\/www.grandcanyon.org\/experience-grand-canyon\">Grand Canyon Nationalpark<\/a> in <a href=\"https:\/\/az.gov\/\">Arizona<\/a>. Er ist von Williams aus zug\u00e4nglich und bietet atemberaubende Panoramen und zahlreiche Wanderwege f\u00fcr alle Schwierigkeitsgrade. Ein weiterer wichtiger Ort ist der <g id=\"gid_2\">Petrified Forest National Park<\/g>, wo Sie versteinerte Baumst\u00e4mme bewundern k\u00f6nnen, die Millionen von Jahren alt sind. In <a href=\"https:\/\/www.ca.gov\/\">Kalifornien<\/a> k\u00f6nnen Sie im <a href=\"https:\/\/www.mojavepreserve.org\/\">Mojave National Preserve<\/a> die Weite der W\u00fcste mit ihren D\u00fcnen und W\u00e4ldern aus Joshua Trees erleben.    <\/p>\n\n<h3 class=\"wp-block-heading\">Rastst\u00e4tten und emblematische Orte<\/h3>\n\n<p>Die ikonischen Haltestellen der Route 66 sind ideal, um die Vintage-Atmosph\u00e4re der Stra\u00dfe zu erleben. Die <a href=\"https:\/\/www.visitamarillo.com\/listing\/cadillac-ranch\/625\/\">Cadillac Ranch<\/a> in <a href=\"https:\/\/www.texas.gov\/\">Texas<\/a> ist eine einzigartige Kunstinstallation, bei der Autos in den Boden gerammt und mit Graffiti bespr\u00fcht werden. In <a href=\"https:\/\/oklahoma.gov\/\">Oklahoma<\/a> ist der <a href=\"https:\/\/www.travelok.com\/listings\/view.profile\/id.653\">Blue Whale of Catoosa<\/a> ein ungew\u00f6hnlicher und farbenfroher Spot. In Los Angeles markiert der <a href=\"https:\/\/www.santamonicapier.org\/\">Santa Monica Pier<\/a> mit seinem legend\u00e4ren Schild &#8222;End of the Trail&#8220; das Ende der Stra\u00dfe.  <\/p>\n\n<h2 class=\"wp-block-heading\">Detaillierter Reiseplan der Route 66<\/h2>\n\n<h3 class=\"wp-block-heading\">Von Chicago nach Oklahoma City<\/h3>\n\n<p>Die Reise beginnt in <a href=\"https:\/\/www.chicago.gov\/city\/en.html\">Chicago<\/a>, wo das Schild &#8222;Begin Route 66&#8220; den Start markiert. Auf dem Weg nach S\u00fcdwesten bietet ein Halt in <a href=\"https:\/\/explorestlouis.com\/\">Saint-Louis<\/a> die M\u00f6glichkeit, den<a href=\"https:\/\/www.gatewayarch.com\/\">Gateway Arch<\/a>, das Wahrzeichen der Stadt, zu bewundern. <a href=\"https:\/\/www.springfieldmo.gov\/\">Springfield<\/a>, Illinois, bietet einen Einblick in das Leben von<a href=\"https:\/\/www.abrahamlincoln.org\/index.html\">Abraham Lincoln<\/a>. <a href=\"https:\/\/www.cityoftulsa.org\/\">Tulsa<\/a> und <a href=\"https:\/\/www.okc.gov\/\">Oklahoma City<\/a> sind weitere Orte, die Sie unbedingt besuchen sollten, da sie reich an Geschichte und Kultur sind.  <\/p>\n\n<h3 class=\"wp-block-heading\">Von Oklahoma City nach Los Angeles<\/h3>\n\n<p>Nach Oklahoma City geht es nach Amarillo in Texas, bekannt f\u00fcr die Cadillac Ranch. <a href=\"https:\/\/www.nm.gov\/\">New Mexico<\/a> bietet \u00dcberraschungen wie <a href=\"https:\/\/www.cabq.gov\/\">Albuquerque<\/a>, eine Stadt mit hispanischem Charme. In Arizona ist <a href=\"https:\/\/www.flagstaff.az.gov\/\">Flagstaff<\/a> ein guter Ausgangspunkt f\u00fcr die Erkundung des Grand Canyon. Die Reise endet schlie\u00dflich in Los Angeles, wo der Santa Monica Pier das Ende der Route 66 markiert.   <\/p>\n\n<h2 class=\"wp-block-heading\">Wo kann man entlang der Route 66 \u00fcbernachten?<\/h2>\n\n<h3 class=\"wp-block-heading\">Historische Hotels<\/h3>\n\n<p>Die Route 66 ist reich an legend\u00e4ren Unterk\u00fcnften. Das <a href=\"https:\/\/sleepinawigwam.com\/\">Wigwam Motel<\/a> in Arizona bietet die M\u00f6glichkeit, in traditionellen Tipis zu \u00fcbernachten. Das <a href=\"https:\/\/blueswallowmotel.com\/\">Blue Swallow Motel<\/a> in New Mexico ist eine Institution mit seinen Retro-Neonlichtern und seiner Vintage-Atmosph\u00e4re. Im <a href=\"https:\/\/elranchohotelgallup.com\/\">El Rancho Hotel<\/a>, ebenfalls in New Mexico, k\u00f6nnen Sie in die goldene \u00c4ra des Films eintauchen.   <\/p>\n\n<h3 class=\"wp-block-heading\">Die besten St\u00e4dte f\u00fcr eine Nacht<\/h3>\n\n<p>Einige St\u00e4dte sind ideal, um eine Pause einzulegen. Flagstaff, Arizona, bietet die M\u00f6glichkeit, den Grand Canyon zu besuchen und gleichzeitig die Atmosph\u00e4re der Berge zu genie\u00dfen. <g id=\"gid_0\">Santa Fe<\/g> in New Mexico besticht durch seine Kunstgalerien und Adobe-Architektur. <a href=\"https:\/\/www.barstowca.org\/\">Barstow<\/a> in Kalifornien ist ein Zwischenstopp auf dem Weg nach Los Angeles.  <\/p>\n\n<h2 class=\"wp-block-heading\">Instagrammable Photo Spots<\/h2>\n\n<figure class=\"wp-block-table\"><table class=\"has-fixed-layout\"><tbody><tr><td><strong>Fotospot<\/strong><\/td><td><strong>Lokalisierung<\/strong><\/td><td><strong>Interesse<\/strong><\/td><\/tr><tr><td>Route 66 Sign<\/td><td>Chicago, IL<\/td><td>Das ikonische Anfangsschild<\/td><\/tr><tr><td>Cadillac Ranch<\/td><td>Amarillo, TX<\/td><td>Eine der am h\u00e4ufigsten fotografierten Kunstinstallationen<\/td><\/tr><tr><td><a href=\"https:\/\/standinonthecorner.org\/\">Standin&#8216; on the Corner<\/a><\/td><td>Winslow, AZ<\/td><td>Bekannt geworden durch das Lied der Eagles.<\/td><\/tr><tr><td><a href=\"https:\/\/thebottletreeranch.com\/\">Elmer&#8217;s Bottle Tree Ranch<\/a><\/td><td>Oro Grande, CA<\/td><td>Ein surrealer und einzigartiger Ort<\/td><\/tr><tr><td>Santa Monica Pier<\/td><td>Los Angeles, CA<\/td><td>Der Endpunkt der Reise<\/td><\/tr><\/tbody><\/table><\/figure>\n\n<h2 class=\"wp-block-heading\">Vorherige Verwaltungsformalit\u00e4ten<\/h2>\n\n<p>Bevor Sie sich auf die legend\u00e4re Route 66 begeben, sollten Sie alle Reiseformalit\u00e4ten im Voraus erledigen:<\/p>\n\n<ul class=\"wp-block-list\">\n<li>Vergewissern Sie sich, dass Ihr <a href=\"https:\/\/usa-b2.com\/de\/reisepass-fur-die-usa\/\">Reisepass f\u00fcr Reisen in die USA<\/a> g\u00fcltig ist.<\/li>\n\n\n\n<li>\u00dcberpr\u00fcfen Sie, ob Sie f\u00fcr eine <a href=\"https:\/\/usa-b2.com\/de\/was-ist-esta\/\">ESTA-Reisegenehmigung<\/a> im Rahmen des <a href=\"https:\/\/usa-b2.com\/de\/programm-befreiung-visumpflicht\/\">Programms f\u00fcr visumfreies Reisen ( Visa Waiver Progra<\/a>m) in Frage kommen. Wenn dies nicht der Fall ist, m\u00fcssen Sie ein <a href=\"https:\/\/usa-b2.com\/de\/b2-visum\/\">B2-Touristenvisum<\/a> beantragen, was mehrere Wochen dauern kann. <\/li>\n<\/ul>\n\n<p>Es wird daher dringend empfohlen, sich fr\u00fchzeitig um die Reise zu k\u00fcmmern, um Unannehmlichkeiten zu vermeiden. Eine gr\u00fcndliche Vorbereitung garantiert Ihnen eine entspannte Abreise und den vollen Genuss dieses legend\u00e4ren Abenteuers auf der &#8222;Mother Road&#8220;, zwischen symboltr\u00e4chtigen St\u00e4dten, Vintage-Motels und grandiosen Landschaften.   <\/p>\n\n<h2 class=\"wp-block-heading\">Aktivit\u00e4ten f\u00fcr Paare und Familien<\/h2>\n\n<h3 class=\"wp-block-heading\">Paar<\/h3>\n\n<p>Eine Reise zu zweit auf der Route 66 bietet einzigartige Erlebnisse. In Santa Fe sind die Restaurants mit mexikanischem und spanischem Einfluss perfekt f\u00fcr ein romantisches Abendessen. Der Grand Canyon mit seinen atemberaubenden Sonnenunterg\u00e4ngen ist ein Erlebnis f\u00fcr zwei. Und schlie\u00dflich bietet eine Nacht unter dem Sternenhimmel in der Mojave-W\u00fcste eine magische und intime Atmosph\u00e4re.   <\/p>\n\n<h3 class=\"wp-block-heading\">Familie<\/h3>\n\n<p>Eine Reise mit Kindern auf der Route 66 kann ebenso unvergesslich sein. In Oklahoma City bietet das Route 66 Museum interaktive Ausstellungen, die Ihnen die Geschichte der Stra\u00dfe n\u00e4her bringen. Der Blue Whale in Catoosa mit seiner spielerischen Struktur ist ein idealer Halt f\u00fcr eine lustige Pause. Die zahlreichen Naturparks bieten Wanderm\u00f6glichkeiten f\u00fcr jedermann.   <\/p>\n\n<p>Die Route 66 ist der <a href=\"https:\/\/usa-b2.com\/de\/\">beliebteste Roadtrip in den Vereinigten Staaten<\/a>. Es ist ein unvergessliches Abenteuer mit gro\u00dfartigen Landschaften, historischen Orten und Retro-Atmosph\u00e4re. Ob Sie als Paar, mit der Familie oder mit Freunden reisen, dieser legend\u00e4re Roadtrip wird Sie in das Herz des amerikanischen Traums f\u00fchren. Planen Sie Ihre Route, buchen Sie Ihre Unterk\u00fcnfte und machen Sie sich auf den Weg, um die Mother Road zu entdecken!   <\/p>\n","protected":false},"excerpt":{"rendered":"<p>Route 66 Road Trip: Was gibt es zu sehen und wo sollte man anhalten? Die Route 66, auch bekannt als &#8222;The Mother Road&#8220;, ist eine der symboltr\u00e4chtigsten Stra\u00dfen der Vereinigten Staaten. Sie durchquert acht Staaten von Chicago bis Los Angeles und ist die ultimative Reise durch das tiefste Amerika. Mit ihren abwechslungsreichen Landschaften, Vintage-Motels und [&hellip;]<\/p>\n","protected":false},"author":1,"featured_media":0,"parent":0,"menu_order":0,"comment_status":"closed","ping_status":"closed","template":"","meta":{"footnotes":""},"class_list":["post-8502","page","type-page","status-publish","hentry"],"yoast_head":"<!-- This site is optimized with the Yoast SEO plugin v27.4 - https:\/\/yoast.com\/product\/yoast-seo-wordpress\/ -->\n<title>Route 66 (The Mother Road) : Der legend\u00e4re Road Trip durch die USA - USA B2<\/title>\n<meta name=\"description\" content=\"Fahren Sie die legend\u00e4re Route 66 entlang: Route, Landschaften, Hotels, Fotospots und Aktivit\u00e4ten f\u00fcr einen unvergesslichen Roadtrip!\" \/>\n<meta name=\"robots\" content=\"index, follow, max-snippet:-1, max-image-preview:large, max-video-preview:-1\" \/>\n<link rel=\"canonical\" href=\"https:\/\/usa-b2.com\/de\/route-66-the-mother-road\/\" \/>\n<meta property=\"og:locale\" content=\"de_DE\" \/>\n<meta property=\"og:type\" content=\"article\" \/>\n<meta property=\"og:title\" content=\"Route 66 (The Mother Road) : Der legend\u00e4re Road Trip durch die USA - USA B2\" \/>\n<meta property=\"og:description\" content=\"Fahren Sie die legend\u00e4re Route 66 entlang: Route, Landschaften, Hotels, Fotospots und Aktivit\u00e4ten f\u00fcr einen unvergesslichen Roadtrip!\" \/>\n<meta property=\"og:url\" content=\"https:\/\/usa-b2.com\/de\/route-66-the-mother-road\/\" \/>\n<meta property=\"og:site_name\" content=\"USA B2\" \/>\n<meta property=\"article:modified_time\" content=\"2025-10-16T08:51:59+00:00\" \/>\n<meta property=\"og:image\" content=\"https:\/\/usa-b2.com\/wp-content\/uploads\/2025\/03\/Roadtrip-Route-66-scaled.jpg\" \/>\n\t<meta property=\"og:image:width\" content=\"2560\" \/>\n\t<meta property=\"og:image:height\" content=\"1440\" \/>\n\t<meta property=\"og:image:type\" content=\"image\/jpeg\" \/>\n<meta name=\"twitter:card\" content=\"summary_large_image\" \/>\n<meta name=\"twitter:label1\" content=\"Gesch\u00e4tzte Lesezeit\" \/>\n\t<meta name=\"twitter:data1\" content=\"4\u00a0Minuten\" \/>\n<script type=\"application\/ld+json\" class=\"yoast-schema-graph\">{\"@context\":\"https:\\\/\\\/schema.org\",\"@graph\":[{\"@type\":\"WebPage\",\"@id\":\"https:\\\/\\\/usa-b2.com\\\/de\\\/route-66-the-mother-road\\\/\",\"url\":\"https:\\\/\\\/usa-b2.com\\\/de\\\/route-66-the-mother-road\\\/\",\"name\":\"Route 66 (The Mother Road) : Der legend\u00e4re Road Trip durch die USA - USA B2\",\"isPartOf\":{\"@id\":\"https:\\\/\\\/usa-b2.com\\\/de\\\/#website\"},\"primaryImageOfPage\":{\"@id\":\"https:\\\/\\\/usa-b2.com\\\/de\\\/route-66-the-mother-road\\\/#primaryimage\"},\"image\":{\"@id\":\"https:\\\/\\\/usa-b2.com\\\/de\\\/route-66-the-mother-road\\\/#primaryimage\"},\"thumbnailUrl\":\"https:\\\/\\\/usa-b2.com\\\/wp-content\\\/uploads\\\/2025\\\/03\\\/Roadtrip-Route-66-1024x576.jpg\",\"datePublished\":\"2025-03-18T12:31:27+00:00\",\"dateModified\":\"2025-10-16T08:51:59+00:00\",\"description\":\"Fahren Sie die legend\u00e4re Route 66 entlang: Route, Landschaften, Hotels, Fotospots und Aktivit\u00e4ten f\u00fcr einen unvergesslichen Roadtrip!\",\"breadcrumb\":{\"@id\":\"https:\\\/\\\/usa-b2.com\\\/de\\\/route-66-the-mother-road\\\/#breadcrumb\"},\"inLanguage\":\"de\",\"potentialAction\":[{\"@type\":\"ReadAction\",\"target\":[\"https:\\\/\\\/usa-b2.com\\\/de\\\/route-66-the-mother-road\\\/\"]}]},{\"@type\":\"ImageObject\",\"inLanguage\":\"de\",\"@id\":\"https:\\\/\\\/usa-b2.com\\\/de\\\/route-66-the-mother-road\\\/#primaryimage\",\"url\":\"https:\\\/\\\/usa-b2.com\\\/wp-content\\\/uploads\\\/2025\\\/03\\\/Roadtrip-Route-66-1024x576.jpg\",\"contentUrl\":\"https:\\\/\\\/usa-b2.com\\\/wp-content\\\/uploads\\\/2025\\\/03\\\/Roadtrip-Route-66-1024x576.jpg\"},{\"@type\":\"BreadcrumbList\",\"@id\":\"https:\\\/\\\/usa-b2.com\\\/de\\\/route-66-the-mother-road\\\/#breadcrumb\",\"itemListElement\":[{\"@type\":\"ListItem\",\"position\":1,\"name\":\"Accueil\",\"item\":\"https:\\\/\\\/usa-b2.com\\\/de\\\/usa\\\/\"},{\"@type\":\"ListItem\",\"position\":2,\"name\":\"Route 66 (The Mother Road) : Der legend\u00e4re Road Trip durch die USA\"}]},{\"@type\":\"WebSite\",\"@id\":\"https:\\\/\\\/usa-b2.com\\\/de\\\/#website\",\"url\":\"https:\\\/\\\/usa-b2.com\\\/de\\\/\",\"name\":\"USA B2 VISA\",\"description\":\"\",\"potentialAction\":[{\"@type\":\"SearchAction\",\"target\":{\"@type\":\"EntryPoint\",\"urlTemplate\":\"https:\\\/\\\/usa-b2.com\\\/de\\\/?s={search_term_string}\"},\"query-input\":{\"@type\":\"PropertyValueSpecification\",\"valueRequired\":true,\"valueName\":\"search_term_string\"}}],\"inLanguage\":\"de\"}]}<\/script>\n<!-- \/ Yoast SEO plugin. -->","yoast_head_json":{"title":"Route 66 (The Mother Road) : Der legend\u00e4re Road Trip durch die USA - USA B2","description":"Fahren Sie die legend\u00e4re Route 66 entlang: Route, Landschaften, Hotels, Fotospots und Aktivit\u00e4ten f\u00fcr einen unvergesslichen Roadtrip!","robots":{"index":"index","follow":"follow","max-snippet":"max-snippet:-1","max-image-preview":"max-image-preview:large","max-video-preview":"max-video-preview:-1"},"canonical":"https:\/\/usa-b2.com\/de\/route-66-the-mother-road\/","og_locale":"de_DE","og_type":"article","og_title":"Route 66 (The Mother Road) : Der legend\u00e4re Road Trip durch die USA - USA B2","og_description":"Fahren Sie die legend\u00e4re Route 66 entlang: Route, Landschaften, Hotels, Fotospots und Aktivit\u00e4ten f\u00fcr einen unvergesslichen Roadtrip!","og_url":"https:\/\/usa-b2.com\/de\/route-66-the-mother-road\/","og_site_name":"USA B2","article_modified_time":"2025-10-16T08:51:59+00:00","og_image":[{"width":2560,"height":1440,"url":"https:\/\/usa-b2.com\/wp-content\/uploads\/2025\/03\/Roadtrip-Route-66-scaled.jpg","type":"image\/jpeg"}],"twitter_card":"summary_large_image","twitter_misc":{"Gesch\u00e4tzte Lesezeit":"4\u00a0Minuten"},"schema":{"@context":"https:\/\/schema.org","@graph":[{"@type":"WebPage","@id":"https:\/\/usa-b2.com\/de\/route-66-the-mother-road\/","url":"https:\/\/usa-b2.com\/de\/route-66-the-mother-road\/","name":"Route 66 (The Mother Road) : Der legend\u00e4re Road Trip durch die USA - USA B2","isPartOf":{"@id":"https:\/\/usa-b2.com\/de\/#website"},"primaryImageOfPage":{"@id":"https:\/\/usa-b2.com\/de\/route-66-the-mother-road\/#primaryimage"},"image":{"@id":"https:\/\/usa-b2.com\/de\/route-66-the-mother-road\/#primaryimage"},"thumbnailUrl":"https:\/\/usa-b2.com\/wp-content\/uploads\/2025\/03\/Roadtrip-Route-66-1024x576.jpg","datePublished":"2025-03-18T12:31:27+00:00","dateModified":"2025-10-16T08:51:59+00:00","description":"Fahren Sie die legend\u00e4re Route 66 entlang: Route, Landschaften, Hotels, Fotospots und Aktivit\u00e4ten f\u00fcr einen unvergesslichen Roadtrip!","breadcrumb":{"@id":"https:\/\/usa-b2.com\/de\/route-66-the-mother-road\/#breadcrumb"},"inLanguage":"de","potentialAction":[{"@type":"ReadAction","target":["https:\/\/usa-b2.com\/de\/route-66-the-mother-road\/"]}]},{"@type":"ImageObject","inLanguage":"de","@id":"https:\/\/usa-b2.com\/de\/route-66-the-mother-road\/#primaryimage","url":"https:\/\/usa-b2.com\/wp-content\/uploads\/2025\/03\/Roadtrip-Route-66-1024x576.jpg","contentUrl":"https:\/\/usa-b2.com\/wp-content\/uploads\/2025\/03\/Roadtrip-Route-66-1024x576.jpg"},{"@type":"BreadcrumbList","@id":"https:\/\/usa-b2.com\/de\/route-66-the-mother-road\/#breadcrumb","itemListElement":[{"@type":"ListItem","position":1,"name":"Accueil","item":"https:\/\/usa-b2.com\/de\/usa\/"},{"@type":"ListItem","position":2,"name":"Route 66 (The Mother Road) : Der legend\u00e4re Road Trip durch die USA"}]},{"@type":"WebSite","@id":"https:\/\/usa-b2.com\/de\/#website","url":"https:\/\/usa-b2.com\/de\/","name":"USA B2 VISA","description":"","potentialAction":[{"@type":"SearchAction","target":{"@type":"EntryPoint","urlTemplate":"https:\/\/usa-b2.com\/de\/?s={search_term_string}"},"query-input":{"@type":"PropertyValueSpecification","valueRequired":true,"valueName":"search_term_string"}}],"inLanguage":"de"}]}},"_links":{"self":[{"href":"https:\/\/usa-b2.com\/de\/wp-json\/wp\/v2\/pages\/8502","targetHints":{"allow":["GET"]}}],"collection":[{"href":"https:\/\/usa-b2.com\/de\/wp-json\/wp\/v2\/pages"}],"about":[{"href":"https:\/\/usa-b2.com\/de\/wp-json\/wp\/v2\/types\/page"}],"author":[{"embeddable":true,"href":"https:\/\/usa-b2.com\/de\/wp-json\/wp\/v2\/users\/1"}],"replies":[{"embeddable":true,"href":"https:\/\/usa-b2.com\/de\/wp-json\/wp\/v2\/comments?post=8502"}],"version-history":[{"count":4,"href":"https:\/\/usa-b2.com\/de\/wp-json\/wp\/v2\/pages\/8502\/revisions"}],"predecessor-version":[{"id":10618,"href":"https:\/\/usa-b2.com\/de\/wp-json\/wp\/v2\/pages\/8502\/revisions\/10618"}],"wp:attachment":[{"href":"https:\/\/usa-b2.com\/de\/wp-json\/wp\/v2\/media?parent=8502"}],"curies":[{"name":"wp","href":"https:\/\/api.w.org\/{rel}","templated":true}]}}