{"id":8472,"date":"2025-03-18T12:35:33","date_gmt":"2025-03-18T12:35:33","guid":{"rendered":"https:\/\/usa-b2.com\/ozarks-scenic-byway-missouri\/"},"modified":"2025-04-10T17:33:09","modified_gmt":"2025-04-10T17:33:09","slug":"ozarks-scenic-byway-missouri","status":"publish","type":"page","link":"https:\/\/usa-b2.com\/de\/ozarks-scenic-byway-missouri\/","title":{"rendered":"Ozarks Scenic Byway (Missouri) : Die ultimative Route f\u00fcr ein Abenteuer im Herzen der Ozarks."},"content":{"rendered":"\n<h1 class=\"wp-block-heading\">Ozarks Scenic Byway Road Trip: ein umfassender Reisef\u00fchrer<\/h1>\n\n<p>Der<a href=\"https:\/\/www.ozarkrun.org\/\">Ozarks Scenic Byway<\/a> ist eine Panoramastra\u00dfe im Herzen von <a href=\"https:\/\/www.mo.gov\/\">Missouri<\/a>, die durch atemberaubende Landschaften zwischen Bergen, W\u00e4ldern und kristallklaren Fl\u00fcssen f\u00fchrt. Bekannt f\u00fcr seine Nationalparks, spektakul\u00e4ren Aussichtspunkte und sehenswerten Rastpl\u00e4tze, ist dieser <a href=\"https:\/\/usa-b2.com\/de\/\">amerikanische Roadtrip<\/a> ideal f\u00fcr einen Ausflug in die Natur. Ob Sie als Paar oder mit der Familie reisen, diese Route bietet Ihnen unvergessliche Entdeckungen. In diesem Artikel erfahren Sie alles, was Sie f\u00fcr die Planung Ihrer Reise auf dem Ozarks Scenic Byway wissen m\u00fcssen: die wichtigsten Sehensw\u00fcrdigkeiten, die besten Fotospots, Unterk\u00fcnfte und Aktivit\u00e4ten f\u00fcr alle.   <\/p>\n\n<figure class=\"wp-block-image size-full\"><img fetchpriority=\"high\" decoding=\"async\" width=\"900\" height=\"506\" src=\"https:\/\/usa-b2.com\/wp-content\/uploads\/2025\/03\/Ozarks-Scenic-Byway-Missouri-USA.jpg\" alt=\"\" class=\"wp-image-8415\" srcset=\"https:\/\/usa-b2.com\/wp-content\/uploads\/2025\/03\/Ozarks-Scenic-Byway-Missouri-USA.jpg 900w, https:\/\/usa-b2.com\/wp-content\/uploads\/2025\/03\/Ozarks-Scenic-Byway-Missouri-USA-300x169.jpg 300w, https:\/\/usa-b2.com\/wp-content\/uploads\/2025\/03\/Ozarks-Scenic-Byway-Missouri-USA-768x432.jpg 768w\" sizes=\"(max-width: 900px) 100vw, 900px\" \/><\/figure>\n\n<h2 class=\"wp-block-heading\">Ein Muss auf dem Ozarks Scenic Byway: Nationalparks und bemerkenswerte Landschaften<\/h2>\n\n<h3 class=\"wp-block-heading\">Nationalparks, die es zu entdecken gilt<\/h3>\n\n<p>Der <a href=\"https:\/\/www.fs.usda.gov\/mtnf\">Mark Twain National Forest<\/a> ist eine wichtige Station auf dem Ozarks Scenic Byway. Mit \u00fcber 6.000 km\u00b2 unber\u00fchrter Natur bietet dieser Nationalpark eine Vielzahl von Wanderwegen, Seen und Fl\u00fcssen f\u00fcr Aktivit\u00e4ten im Freien. Naturliebhaber werden vor allem den Glade Top Trail sch\u00e4tzen, einen Panoramaweg mit spektakul\u00e4ren Ausblicken auf die H\u00fcgel der Ozarks.  <\/p>\n\n<ol class=\"wp-block-list\">\n<li><\/li>\n<\/ol>\n\n<p>Eine weitere Sehensw\u00fcrdigkeit ist der <a href=\"https:\/\/mostateparks.com\/park\/ha-ha-tonka-state-park\">Ha Ha Tonka State Park<\/a>, der f\u00fcr seine historischen Burgruinen und beeindruckenden Felsformationen bekannt ist. Die Wanderwege f\u00fchren zu atemberaubenden Panoramen \u00fcber den Lake of the Ozarks. <\/p>\n\n<h3 class=\"wp-block-heading\">Unverzichtbare Aussichtspunkte und Haltestellen<\/h3>\n\n<p>Die <a href=\"https:\/\/www.fs.usda.gov\/recarea\/mtnf\/recarea\/?recid=21752\">Devil&#8217;s Backbone Wilderness<\/a> ist einer der beeindruckendsten Aussichtspunkte auf dem Golfplatz. Dieses Naturschutzgebiet ist ideal f\u00fcr die Beobachtung von Wildtieren wie Hirschen und Wei\u00dfkopfseeadlern. <\/p>\n\n<p>Auf halber Strecke halten Sie an der Big Spring, einer der gr\u00f6\u00dften nat\u00fcrlichen Quellen der USA, wo t\u00e4glich mehr als 300 Millionen Gallonen Wasser sprudeln. Dieser Ort ist perfekt f\u00fcr eine Picknickpause in der Natur. <\/p>\n\n<h2 class=\"wp-block-heading\">Wo kann man auf dem Ozarks Scenic Byway \u00fcbernachten? Beste St\u00e4dte und Unterk\u00fcnfte <\/h2>\n\n<h3 class=\"wp-block-heading\">St\u00e4dte, in denen man einen Zwischenstopp einlegen kann<\/h3>\n\n<p>Mehrere St\u00e4dte liegen entlang des Ozarks Scenic Byway und bieten verschiedene \u00dcbernachtungsm\u00f6glichkeiten. Branson ist einer der beliebtesten Haltepunkte mit vielen Hotels, Gasth\u00e4usern und Chalets am See. Es ist auch ein lebhafter Ort mit Musikveranstaltungen und Touristenattraktionen.  <\/p>\n\n<ol start=\"2\" class=\"wp-block-list\">\n<li><\/li>\n<\/ol>\n\n<p>Eine weitere Option ist Eminence, eine charmante kleine Stadt in der N\u00e4he des <a href=\"https:\/\/www.current-river.com\/\">Current River<\/a>, perfekt f\u00fcr Naturliebhaber und Ruhesuchende. Hier gibt es viele authentische Holzlodges und Bed &amp; Breakfasts. <\/p>\n\n<h3 class=\"wp-block-heading\">Die besten Unterk\u00fcnfte f\u00fcr einen erfolgreichen Aufenthalt<\/h3>\n\n<p>Hier ist eine Tabelle mit den besten Unterkunftsarten f\u00fcr Ihren Reisestil :<\/p>\n\n<figure class=\"wp-block-table\"><table class=\"has-fixed-layout\"><tbody><tr><td><strong>Art der Unterkunft<\/strong><\/td><td><strong>Standort<\/strong><\/td><td><strong>Ideal f\u00fcr<\/strong><\/td><td><strong>Durchschnittspreis\/Nacht<\/strong><\/td><\/tr><tr><td>Charmantes Hotel<\/td><td><a href=\"https:\/\/bransonmo.gov\/\">Branson<\/a><\/td><td>Komfort und Dienstleistungen<\/td><td>120 $<\/td><\/tr><tr><td>Lodge im Wald<\/td><td><a href=\"https:\/\/www.eminencecottagescamp.com\/accommodations\/cottages-cabins-lodge.html\">Eminenz<\/a><\/td><td>Eintauchen in die Natur<\/td><td>80 $<\/td><\/tr><tr><td>Campingplatz<\/td><td>Mark Twain National Forest<\/td><td>Abenteurer<\/td><td>30 $<\/td><\/tr><tr><td>Airbnb am See<\/td><td><a href=\"https:\/\/funlake.com\/\">Lake of the Ozarks<\/a><\/td><td>Paar- oder Familienaufenthalte<\/td><td>150 $<\/td><\/tr><\/tbody><\/table><\/figure>\n\n<h2 class=\"wp-block-heading\">Detaillierte Wegbeschreibung f\u00fcr den Ozarks Scenic Byway<\/h2>\n\n<h3 class=\"wp-block-heading\">Der Ausgangspunkt und der erste Abschnitt<\/h3>\n\n<p>Die Route beginnt in der Regel in Springfield, wo Sie leicht einen Wagen mieten k\u00f6nnen, um die Strecke zur\u00fcckzulegen. Fahren Sie auf dem Highway 65 South nach Branson, einer Stadt, die den Beginn der charakteristischen h\u00fcgeligen Landschaft der Ozarks markiert. <\/p>\n\n<ol start=\"3\" class=\"wp-block-list\">\n<li><\/li>\n<\/ol>\n\n<p>Fahren Sie weiter auf dem Highway 160, der sich durch dichte W\u00e4lder schl\u00e4ngelt und an gewundenen Fl\u00fcssen entlang f\u00fchrt. Machen Sie eine Pause am <a href=\"https:\/\/www.bullshoals.com\/\">Bull Shoals Lake<\/a>, einem idealen Ort, um den Sonnenaufgang \u00fcber dem ruhigen Wasser zu bewundern. <\/p>\n\n<h3 class=\"wp-block-heading\">Die \u00dcberquerung der Ozarks und das Ende der Strecke<\/h3>\n\n<p>Weiter in Richtung Osten f\u00fchrt die Route durch den <a href=\"https:\/\/www.mostateparks.com\/park\/current-river-state-park\">Current River State Park<\/a>, der ein Muss f\u00fcr eine Wanderung oder ein erfrischendes Bad ist. Beenden Sie Ihre Reise in Van Buren, einer malerischen Stadt am Rande des Big Spring State Park. <\/p>\n\n<h2 class=\"wp-block-heading\">Instagrammable Foto-Spots, die Sie nicht verpassen sollten<\/h2>\n\n<h3 class=\"wp-block-heading\">Die fotogensten Landschaften<\/h3>\n\n<p>Der Scenic Overlook auf dem Glade Top Trail ist einer der beliebtesten Orte f\u00fcr Fotografen. Mit einem freien Blick \u00fcber die bewaldeten T\u00e4ler der Ozarks ist dies der perfekte Ort, um einen unvergesslichen Sonnenuntergang einzufangen. <\/p>\n\n<p>Die Ruinen des Schlosses von Ha Ha Tonka sind ein weiteres Muss.<\/p>\n\n<h3 class=\"wp-block-heading\">Die besten Orte f\u00fcr Fotos am Wasser<\/h3>\n\n<p>Der Lake of the Ozarks ist eine perfekte Kulisse f\u00fcr Aufnahmen am Wasser, insbesondere von der Bridal Cave aus, einer malerischen H\u00f6hle, die von nat\u00fcrlichen und k\u00fcnstlichen Lichtern beleuchtet wird.<\/p>\n\n<h2 class=\"wp-block-heading\">Was kann man als Paar auf dem Ozarks Scenic Byway unternehmen?<\/h2>\n\n<h3 class=\"wp-block-heading\">Romantische Erlebnisse<\/h3>\n\n<p>Eine Dinner-Kreuzfahrt auf dem Lake of the Ozarks ist die perfekte Option f\u00fcr einen romantischen Moment. Mehrere Reedereien bieten Kreuzfahrten mit Gourmetmahlzeiten und Sonnenuntergang im Hintergrund an. <\/p>\n\n<h3 class=\"wp-block-heading\">Aktivit\u00e4ten, um sich zu zweit zu entspannen<\/h3>\n\n<p>Die hei\u00dfen Quellen von Big Spring sind ein idealer Ort, um sich nach einem anstrengenden Tag auf der Stra\u00dfe zu entspannen. Genie\u00dfen Sie einen Moment des Wohlbefindens in diesem nat\u00fcrlich warmen Wasser. <\/p>\n\n<h2 class=\"wp-block-heading\">Was kann man mit der Familie auf dem Ozarks Scenic Byway unternehmen?<\/h2>\n\n<h3 class=\"wp-block-heading\">Aktivit\u00e4ten f\u00fcr Gro\u00df und Klein<\/h3>\n\n<p><a href=\"https:\/\/www.silverdollarcity.com\/\">Silver Dollar City<\/a>, ein Vergn\u00fcgungspark in Branson, ist ein perfekter Zwischenstopp f\u00fcr Familien. Er bietet Achterbahnen, interaktive Shows und Kunsthandwerk. <\/p>\n\n<h3 class=\"wp-block-heading\">Bildungs- und Naturerlebnisse<\/h3>\n\n<p>Das <a href=\"https:\/\/www.monatsci.org\/\">Missouri Institute of Natural Science<\/a> in <a href=\"https:\/\/www.springfieldmo.gov\/\">Springfield<\/a> ist ein faszinierendes Museum mit Fossilien, Edelsteinen und interaktiven Ausstellungen \u00fcber die Naturgeschichte der Region.<br\/><\/p>\n\n<p>Der Ozarks Scenic Byway ist das perfekte Ziel f\u00fcr ein eindringliches Abenteuer in Missouri, egal ob Sie zu zweit oder mit der Familie reisen. Mit seinen unber\u00fchrten Nationalparks, charmanten Unterk\u00fcnften, spektakul\u00e4ren Fotospots und einer Vielzahl von Aktivit\u00e4ten f\u00fcr alle verspricht dieser Weg ein unvergessliches Erlebnis. Planen Sie Ihre Route, buchen Sie Ihre Unterkunft und entdecken Sie die wundersch\u00f6ne Landschaft der Ozarks!  <\/p>\n","protected":false},"excerpt":{"rendered":"<p>Ozarks Scenic Byway Road Trip: ein umfassender Reisef\u00fchrer DerOzarks Scenic Byway ist eine Panoramastra\u00dfe im Herzen von Missouri, die durch atemberaubende Landschaften zwischen Bergen, W\u00e4ldern und kristallklaren Fl\u00fcssen f\u00fchrt. Bekannt f\u00fcr seine Nationalparks, spektakul\u00e4ren Aussichtspunkte und sehenswerten Rastpl\u00e4tze, ist dieser amerikanische Roadtrip ideal f\u00fcr einen Ausflug in die Natur. Ob Sie als Paar oder mit [&hellip;]<\/p>\n","protected":false},"author":1,"featured_media":0,"parent":0,"menu_order":0,"comment_status":"closed","ping_status":"closed","template":"","meta":{"footnotes":""},"class_list":["post-8472","page","type-page","status-publish","hentry"],"yoast_head":"<!-- This site is optimized with the Yoast SEO plugin v27.4 - https:\/\/yoast.com\/product\/yoast-seo-wordpress\/ -->\n<title>Ozarks Scenic Byway (Missouri) : Die ultimative Route f\u00fcr ein Abenteuer im Herzen der Ozarks. - USA B2<\/title>\n<meta name=\"description\" content=\"Entdecken Sie den Ozarks Scenic Byway in Missouri: Route, Nationalparks, Unterk\u00fcnfte, Fotospots und Aktivit\u00e4ten f\u00fcr einen erfolgreichen Roadtrip!\" \/>\n<meta name=\"robots\" content=\"index, follow, max-snippet:-1, max-image-preview:large, max-video-preview:-1\" \/>\n<link rel=\"canonical\" href=\"https:\/\/usa-b2.com\/de\/ozarks-scenic-byway-missouri\/\" \/>\n<meta property=\"og:locale\" content=\"de_DE\" \/>\n<meta property=\"og:type\" content=\"article\" \/>\n<meta property=\"og:title\" content=\"Ozarks Scenic Byway (Missouri) : Die ultimative Route f\u00fcr ein Abenteuer im Herzen der Ozarks. - USA B2\" \/>\n<meta property=\"og:description\" content=\"Entdecken Sie den Ozarks Scenic Byway in Missouri: Route, Nationalparks, Unterk\u00fcnfte, Fotospots und Aktivit\u00e4ten f\u00fcr einen erfolgreichen Roadtrip!\" \/>\n<meta property=\"og:url\" content=\"https:\/\/usa-b2.com\/de\/ozarks-scenic-byway-missouri\/\" \/>\n<meta property=\"og:site_name\" content=\"USA B2\" \/>\n<meta property=\"article:modified_time\" content=\"2025-04-10T17:33:09+00:00\" \/>\n<meta property=\"og:image\" content=\"https:\/\/usa-b2.com\/wp-content\/uploads\/2025\/03\/Ozarks-Scenic-Byway-Missouri-USA.jpg\" \/>\n\t<meta property=\"og:image:width\" content=\"900\" \/>\n\t<meta property=\"og:image:height\" content=\"506\" \/>\n\t<meta property=\"og:image:type\" content=\"image\/jpeg\" \/>\n<meta name=\"twitter:card\" content=\"summary_large_image\" \/>\n<meta name=\"twitter:label1\" content=\"Gesch\u00e4tzte Lesezeit\" \/>\n\t<meta name=\"twitter:data1\" content=\"5\u00a0Minuten\" \/>\n<script type=\"application\/ld+json\" class=\"yoast-schema-graph\">{\"@context\":\"https:\\\/\\\/schema.org\",\"@graph\":[{\"@type\":\"WebPage\",\"@id\":\"https:\\\/\\\/usa-b2.com\\\/de\\\/ozarks-scenic-byway-missouri\\\/\",\"url\":\"https:\\\/\\\/usa-b2.com\\\/de\\\/ozarks-scenic-byway-missouri\\\/\",\"name\":\"Ozarks Scenic Byway (Missouri) : Die ultimative Route f\u00fcr ein Abenteuer im Herzen der Ozarks. - USA B2\",\"isPartOf\":{\"@id\":\"https:\\\/\\\/usa-b2.com\\\/de\\\/#website\"},\"primaryImageOfPage\":{\"@id\":\"https:\\\/\\\/usa-b2.com\\\/de\\\/ozarks-scenic-byway-missouri\\\/#primaryimage\"},\"image\":{\"@id\":\"https:\\\/\\\/usa-b2.com\\\/de\\\/ozarks-scenic-byway-missouri\\\/#primaryimage\"},\"thumbnailUrl\":\"https:\\\/\\\/usa-b2.com\\\/wp-content\\\/uploads\\\/2025\\\/03\\\/Ozarks-Scenic-Byway-Missouri-USA.jpg\",\"datePublished\":\"2025-03-18T12:35:33+00:00\",\"dateModified\":\"2025-04-10T17:33:09+00:00\",\"description\":\"Entdecken Sie den Ozarks Scenic Byway in Missouri: Route, Nationalparks, Unterk\u00fcnfte, Fotospots und Aktivit\u00e4ten f\u00fcr einen erfolgreichen Roadtrip!\",\"breadcrumb\":{\"@id\":\"https:\\\/\\\/usa-b2.com\\\/de\\\/ozarks-scenic-byway-missouri\\\/#breadcrumb\"},\"inLanguage\":\"de\",\"potentialAction\":[{\"@type\":\"ReadAction\",\"target\":[\"https:\\\/\\\/usa-b2.com\\\/de\\\/ozarks-scenic-byway-missouri\\\/\"]}]},{\"@type\":\"ImageObject\",\"inLanguage\":\"de\",\"@id\":\"https:\\\/\\\/usa-b2.com\\\/de\\\/ozarks-scenic-byway-missouri\\\/#primaryimage\",\"url\":\"https:\\\/\\\/usa-b2.com\\\/wp-content\\\/uploads\\\/2025\\\/03\\\/Ozarks-Scenic-Byway-Missouri-USA.jpg\",\"contentUrl\":\"https:\\\/\\\/usa-b2.com\\\/wp-content\\\/uploads\\\/2025\\\/03\\\/Ozarks-Scenic-Byway-Missouri-USA.jpg\"},{\"@type\":\"BreadcrumbList\",\"@id\":\"https:\\\/\\\/usa-b2.com\\\/de\\\/ozarks-scenic-byway-missouri\\\/#breadcrumb\",\"itemListElement\":[{\"@type\":\"ListItem\",\"position\":1,\"name\":\"Accueil\",\"item\":\"https:\\\/\\\/usa-b2.com\\\/de\\\/usa\\\/\"},{\"@type\":\"ListItem\",\"position\":2,\"name\":\"Ozarks Scenic Byway (Missouri) : Die ultimative Route f\u00fcr ein Abenteuer im Herzen der Ozarks.\"}]},{\"@type\":\"WebSite\",\"@id\":\"https:\\\/\\\/usa-b2.com\\\/de\\\/#website\",\"url\":\"https:\\\/\\\/usa-b2.com\\\/de\\\/\",\"name\":\"USA B2 VISA\",\"description\":\"\",\"potentialAction\":[{\"@type\":\"SearchAction\",\"target\":{\"@type\":\"EntryPoint\",\"urlTemplate\":\"https:\\\/\\\/usa-b2.com\\\/de\\\/?s={search_term_string}\"},\"query-input\":{\"@type\":\"PropertyValueSpecification\",\"valueRequired\":true,\"valueName\":\"search_term_string\"}}],\"inLanguage\":\"de\"}]}<\/script>\n<!-- \/ Yoast SEO plugin. -->","yoast_head_json":{"title":"Ozarks Scenic Byway (Missouri) : Die ultimative Route f\u00fcr ein Abenteuer im Herzen der Ozarks. - USA B2","description":"Entdecken Sie den Ozarks Scenic Byway in Missouri: Route, Nationalparks, Unterk\u00fcnfte, Fotospots und Aktivit\u00e4ten f\u00fcr einen erfolgreichen Roadtrip!","robots":{"index":"index","follow":"follow","max-snippet":"max-snippet:-1","max-image-preview":"max-image-preview:large","max-video-preview":"max-video-preview:-1"},"canonical":"https:\/\/usa-b2.com\/de\/ozarks-scenic-byway-missouri\/","og_locale":"de_DE","og_type":"article","og_title":"Ozarks Scenic Byway (Missouri) : Die ultimative Route f\u00fcr ein Abenteuer im Herzen der Ozarks. - USA B2","og_description":"Entdecken Sie den Ozarks Scenic Byway in Missouri: Route, Nationalparks, Unterk\u00fcnfte, Fotospots und Aktivit\u00e4ten f\u00fcr einen erfolgreichen Roadtrip!","og_url":"https:\/\/usa-b2.com\/de\/ozarks-scenic-byway-missouri\/","og_site_name":"USA B2","article_modified_time":"2025-04-10T17:33:09+00:00","og_image":[{"width":900,"height":506,"url":"https:\/\/usa-b2.com\/wp-content\/uploads\/2025\/03\/Ozarks-Scenic-Byway-Missouri-USA.jpg","type":"image\/jpeg"}],"twitter_card":"summary_large_image","twitter_misc":{"Gesch\u00e4tzte Lesezeit":"5\u00a0Minuten"},"schema":{"@context":"https:\/\/schema.org","@graph":[{"@type":"WebPage","@id":"https:\/\/usa-b2.com\/de\/ozarks-scenic-byway-missouri\/","url":"https:\/\/usa-b2.com\/de\/ozarks-scenic-byway-missouri\/","name":"Ozarks Scenic Byway (Missouri) : Die ultimative Route f\u00fcr ein Abenteuer im Herzen der Ozarks. - USA B2","isPartOf":{"@id":"https:\/\/usa-b2.com\/de\/#website"},"primaryImageOfPage":{"@id":"https:\/\/usa-b2.com\/de\/ozarks-scenic-byway-missouri\/#primaryimage"},"image":{"@id":"https:\/\/usa-b2.com\/de\/ozarks-scenic-byway-missouri\/#primaryimage"},"thumbnailUrl":"https:\/\/usa-b2.com\/wp-content\/uploads\/2025\/03\/Ozarks-Scenic-Byway-Missouri-USA.jpg","datePublished":"2025-03-18T12:35:33+00:00","dateModified":"2025-04-10T17:33:09+00:00","description":"Entdecken Sie den Ozarks Scenic Byway in Missouri: Route, Nationalparks, Unterk\u00fcnfte, Fotospots und Aktivit\u00e4ten f\u00fcr einen erfolgreichen Roadtrip!","breadcrumb":{"@id":"https:\/\/usa-b2.com\/de\/ozarks-scenic-byway-missouri\/#breadcrumb"},"inLanguage":"de","potentialAction":[{"@type":"ReadAction","target":["https:\/\/usa-b2.com\/de\/ozarks-scenic-byway-missouri\/"]}]},{"@type":"ImageObject","inLanguage":"de","@id":"https:\/\/usa-b2.com\/de\/ozarks-scenic-byway-missouri\/#primaryimage","url":"https:\/\/usa-b2.com\/wp-content\/uploads\/2025\/03\/Ozarks-Scenic-Byway-Missouri-USA.jpg","contentUrl":"https:\/\/usa-b2.com\/wp-content\/uploads\/2025\/03\/Ozarks-Scenic-Byway-Missouri-USA.jpg"},{"@type":"BreadcrumbList","@id":"https:\/\/usa-b2.com\/de\/ozarks-scenic-byway-missouri\/#breadcrumb","itemListElement":[{"@type":"ListItem","position":1,"name":"Accueil","item":"https:\/\/usa-b2.com\/de\/usa\/"},{"@type":"ListItem","position":2,"name":"Ozarks Scenic Byway (Missouri) : Die ultimative Route f\u00fcr ein Abenteuer im Herzen der Ozarks."}]},{"@type":"WebSite","@id":"https:\/\/usa-b2.com\/de\/#website","url":"https:\/\/usa-b2.com\/de\/","name":"USA B2 VISA","description":"","potentialAction":[{"@type":"SearchAction","target":{"@type":"EntryPoint","urlTemplate":"https:\/\/usa-b2.com\/de\/?s={search_term_string}"},"query-input":{"@type":"PropertyValueSpecification","valueRequired":true,"valueName":"search_term_string"}}],"inLanguage":"de"}]}},"_links":{"self":[{"href":"https:\/\/usa-b2.com\/de\/wp-json\/wp\/v2\/pages\/8472","targetHints":{"allow":["GET"]}}],"collection":[{"href":"https:\/\/usa-b2.com\/de\/wp-json\/wp\/v2\/pages"}],"about":[{"href":"https:\/\/usa-b2.com\/de\/wp-json\/wp\/v2\/types\/page"}],"author":[{"embeddable":true,"href":"https:\/\/usa-b2.com\/de\/wp-json\/wp\/v2\/users\/1"}],"replies":[{"embeddable":true,"href":"https:\/\/usa-b2.com\/de\/wp-json\/wp\/v2\/comments?post=8472"}],"version-history":[{"count":0,"href":"https:\/\/usa-b2.com\/de\/wp-json\/wp\/v2\/pages\/8472\/revisions"}],"wp:attachment":[{"href":"https:\/\/usa-b2.com\/de\/wp-json\/wp\/v2\/media?parent=8472"}],"curies":[{"name":"wp","href":"https:\/\/api.w.org\/{rel}","templated":true}]}}