{"id":8215,"date":"2025-03-17T13:14:29","date_gmt":"2025-03-17T13:14:29","guid":{"rendered":"https:\/\/usa-b2.com\/suedwest-roadtrip-vereinigte-staaten\/"},"modified":"2025-11-04T10:46:40","modified_gmt":"2025-11-04T10:46:40","slug":"suedwest-roadtrip-vereinigte-staaten","status":"publish","type":"page","link":"https:\/\/usa-b2.com\/de\/suedwest-roadtrip-vereinigte-staaten\/","title":{"rendered":"Road Trip durch den S\u00fcdwesten der USA"},"content":{"rendered":"\n<h1 class=\"wp-block-heading\">S\u00fcdwesten der USA mit dem Auto: Ein Leitfaden f\u00fcr den perfekten Roadtrip<\/h1>\n\n<h2 class=\"wp-block-heading\">Grand Circle Road Trip Reiseplan  <\/h2>\n\n<figure class=\"wp-block-image size-large\"><img fetchpriority=\"high\" decoding=\"async\" width=\"1024\" height=\"576\" src=\"https:\/\/usa-b2.com\/wp-content\/uploads\/2025\/03\/Grand-circle-road-trip-1024x576.jpg\" alt=\"\" class=\"wp-image-8187\" srcset=\"https:\/\/usa-b2.com\/wp-content\/uploads\/2025\/03\/Grand-circle-road-trip-1024x576.jpg 1024w, https:\/\/usa-b2.com\/wp-content\/uploads\/2025\/03\/Grand-circle-road-trip-300x169.jpg 300w, https:\/\/usa-b2.com\/wp-content\/uploads\/2025\/03\/Grand-circle-road-trip-768x432.jpg 768w, https:\/\/usa-b2.com\/wp-content\/uploads\/2025\/03\/Grand-circle-road-trip.jpg 1280w\" sizes=\"(max-width: 1024px) 100vw, 1024px\" \/><\/figure>\n\n<h3 class=\"wp-block-heading\">Start und erster Halt: Las Vegas<\/h3>\n\n<p><a href=\"https:\/\/www.lasvegasnevada.gov\/\">Las Vegas<\/a> ist der ideale Ausgangspunkt f\u00fcr einen Roadtrip durch den S\u00fcdwesten der USA. Der internationale Flughafen bedient viele Fl\u00fcge und bietet eine gro\u00dfe Auswahl an Autovermietungen. Bevor Sie sich auf den Weg machen, lohnt es sich, einen Abend auf dem Strip zu verbringen und die legend\u00e4ren Hotelkasinos wie das <a href=\"https:\/\/bellagio.mgmresorts.com\/en.html\">Bellagio<\/a> mit seiner ber\u00fchmten Font\u00e4nen-Show oder die <a href=\"https:\/\/vegasexperience.com\/\">Fremont Street Experience<\/a> zu erkunden, um in die Atmosph\u00e4re von Vegas einzutauchen.<\/p>\n\n<p>Am n\u00e4chsten Tag geht es \u00fcber die <a href=\"https:\/\/usa-b2.com\/de\/route-66-the-mother-road\/\">Route 66<\/a> zum <a href=\"https:\/\/www.grandcanyon.org\/experience-grand-canyon\">Grand Canyon<\/a>, vorbei an Seligman, einer symboltr\u00e4chtigen Stadt f\u00fcr eine Vintage-Pause und einen typischen Burger.<\/p>\n\n<h3 class=\"wp-block-heading\">Grand Canyon &amp; Monument Valley (Tag 2-4)<\/h3>\n\n<p>Der Grand Canyon ist eines der meistbesuchten Naturgebiete der Welt. F\u00fcr ein optimales Erlebnis sollten Sie den South Rim bevorzugen, der unglaubliche Panoramen \u00fcber den Canyon bietet. Zu den besten Spots geh\u00f6ren :  <\/p>\n\n<ul class=\"wp-block-list\">\n<li><strong>Mather Point<\/strong>: Perfekt f\u00fcr einen grandiosen Sonnenaufgang.<\/li>\n\n\n\n<li><strong>Desert View Watchtower<\/strong>: Ein Aussichtsturm, der einen Panoramablick bietet.<\/li>\n<\/ul>\n\n<p>Nach der Erkundung des Canyons geht es weiter zum <a href=\"https:\/\/horseshoebend.co\/\">Horseshoe Bend<\/a>, einer spektakul\u00e4ren Schleife des Colorado River. Im <a href=\"https:\/\/navajonationparks.org\/navajo-tribal-parks\/monument-valley\/\">Monument Valley<\/a> k\u00f6nnen Sie die Kulisse legend\u00e4rer Westernfilme erleben, wenn Sie eine <a href=\"https:\/\/www.navajo-nsn.gov\/\">Navajo-gef\u00fchrte<\/a> Tour im Gel\u00e4ndewagen unternehmen.<\/p>\n\n<h3 class=\"wp-block-heading\">Antelope Canyon &amp; Bryce Canyon (Tag 5-7)<\/h3>\n\n<p>Der<a href=\"https:\/\/www.antelopecanyontickets.com\/\">Antelope Canyon<\/a> ist ein vom Wasser geformter Canyon, der f\u00fcr seine magischen Lichtspiele ber\u00fchmt ist. Dieser Ort, der nur mit einem F\u00fchrer zug\u00e4nglich ist, ist ein Muss f\u00fcr jeden Fotografen. <\/p>\n\n<p>Dann geht es weiter zum <a href=\"https:\/\/www.nps.gov\/brca\/index.htm\">Bryce Canyon<\/a>, wo die Hoodoos (Feenkamine) eine Kulisse wie aus einer anderen Welt bilden. Auf dem <a href=\"https:\/\/navajonationparks.org\/navajo-tribal-parks\/monument-valley\/\">Navajo Loop Trail<\/a> k\u00f6nnen Sie die Felsformationen aus dem Inneren des Canyons erkunden.<\/p>\n\n<h3 class=\"wp-block-heading\">Zion National Park und R\u00fcckfahrt nach Las Vegas (Tage 8-10)<\/h3>\n\n<p>Der <a href=\"https:\/\/zionnationalpark.com\/\">Zion Nationalpark<\/a> ist ein Paradies f\u00fcr Wanderer. Einer der beliebtesten Wanderwege, <a href=\"https:\/\/www.angelslandingdtla.com\/\">Angels Landing<\/a>, bietet einen atemberaubenden Panoramablick. Eine etwas leichtere Wanderung ist The Narrows, bei der Sie durch einen Fluss in einem Canyon wandern k\u00f6nnen.<\/p>\n\n<p>Schlie\u00dflich kehren Sie nach Las Vegas zur\u00fcck, wo Sie eine letzte lebhafte Nacht vor dem Ende des Roadtrips verbringen.<\/p>\n\n<h2 class=\"wp-block-heading\">Nationalparks und ikonische Landschaften zum Entdecken<\/h2>\n\n<h3 class=\"wp-block-heading\">Unverzichtbare Parks<\/h3>\n\n<p>Die Nationalparks des Grand Circle geh\u00f6ren zu den sch\u00f6nsten in den Vereinigten Staaten. Der Grand Canyon beeindruckt durch seine Weite, w\u00e4hrend der Bryce Canyon mit seinen Felsformationen eine m\u00e4rchenhafte Kulisse bietet. Im <a href=\"https:\/\/www.recreation.gov\/timed-entry\/10088426\">Arches Nationalpark<\/a> k\u00f6nnen die Besucher \u00fcber 2.000 nat\u00fcrliche B\u00f6gen bewundern, darunter <a href=\"https:\/\/delicatearchfilm.com\/\">Delicate Arch<\/a>, das Wahrzeichen Utahs.  <\/p>\n\n<p>Zion ist eine perfekte Mischung aus schwindelerregenden Klippen und sich schl\u00e4ngelnden Fl\u00fcssen. Ein weiteres, weniger bekanntes Juwel ist Canyonlands, das Mondlandschaften und absolute Ruhe bietet. <\/p>\n\n<h3 class=\"wp-block-heading\">Unverzichtbare Rastst\u00e4tten<\/h3>\n\n<p>W\u00e4hrend des gesamten Roadtrips gibt es mehrere Sehensw\u00fcrdigkeiten, die eine Pause wert sind:<\/p>\n\n<ul class=\"wp-block-list\">\n<li>Horseshoe Bend : Ein 270\u00b0 Aussichtspunkt \u00fcber den Colorado River.<\/li>\n\n\n\n<li>Versteinerter Wald: Eine einzigartige Kulisse mit versteinerten B\u00e4umen, die 200 Millionen Jahre alt sind.<\/li>\n\n\n\n<li>Goosenecks State Park: Ein spektakul\u00e4rer Canyon, der durch den San Juan River geformt wurde.<\/li>\n<\/ul>\n\n<h2 class=\"wp-block-heading\">Wo schlafen Sie? Empfohlene Hotels und St\u00e4dte <\/h2>\n\n<h3 class=\"wp-block-heading\">St\u00e4dte, in denen man einen Zwischenstopp einlegen kann<\/h3>\n\n<p>Die Wahl der St\u00e4dte, in denen Sie Halt machen, beeinflusst den Komfort Ihres Roadtrips. Las Vegas ist perfekt f\u00fcr eine einfache Ankunft und Abreise. Page ist ein idealer Zwischenstopp, um Horseshoe Bend und den Antelope Canyon zu besuchen. Moab mit seiner touristischen Infrastruktur ist perfekt f\u00fcr die Erkundung von Arches und Canyonlands. Zion und Bryce Canyon bieten Unterk\u00fcnfte, in denen Sie in die Natur eintauchen k\u00f6nnen.    <\/p>\n\n<h3 class=\"wp-block-heading\">Beste Hotels und Optionen<\/h3>\n\n<p>Hier sind einige Empfehlungen f\u00fcr Ihr Budget:<\/p>\n\n<figure class=\"wp-block-table\"><table class=\"has-fixed-layout\"><tbody><tr><td><strong>Ort<\/strong><\/td><td><strong>Empfohlenes Hotel<\/strong><\/td><td><strong>Budget<\/strong><\/td><\/tr><tr><td>Las Vegas<\/td><td><a href=\"https:\/\/www.venetianlasvegas.com\/\">The Venetian<\/a><\/td><td>$$$<\/td><\/tr><tr><td>Grand Canyon<\/td><td><a href=\"https:\/\/www.visitgrandcanyon.com\/yavapai-lodge\">Yavapai Lodge<\/a><\/td><td>$$<\/td><\/tr><tr><td>Bryce Canyon<\/td><td><a href=\"https:\/\/www.bestwestern.com\/en_US\/book\/hotel-rooms.45040.html\">Best Western Ruby&#8217;s Inn<\/a><\/td><td>$$<\/td><\/tr><tr><td>Moab<\/td><td><a href=\"https:\/\/www.hilton.com\/en\/hotels\/cnycuqq-hoodoo-moab\/\">Hoodoo Moab by Hilton<\/a><\/td><td>$$$<\/td><\/tr><tr><td>Zion<\/td><td><a href=\"https:\/\/www.zionlodge.com\/\">Zion Lodge<\/a><\/td><td>$$$<\/td><\/tr><\/tbody><\/table><\/figure>\n\n<h2 class=\"wp-block-heading\">Vorherige Verwaltungsformalit\u00e4ten<\/h2>\n\n<p>Bevor Sie den S\u00fcdwesten der USA mit dem Auto bereisen k\u00f6nnen, m\u00fcssen Sie die Reiseformalit\u00e4ten im Voraus erledigen. Es ist notwendig zu \u00fcberpr\u00fcfen, dass : <\/p>\n\n<ul class=\"wp-block-list\">\n<li>Sein <a href=\"https:\/\/usa-b2.com\/de\/reisepass-fur-die-usa\/\">Reisepass f\u00fcr Reisen in die USA<\/a> ist g\u00fcltig.<\/li>\n\n\n\n<li>Sie sind berechtigt, eine <a href=\"https:\/\/usa-b2.com\/de\/was-ist-esta\/\">ESTA-Reisegenehmigung<\/a> im Rahmen des <a href=\"https:\/\/usa-b2.com\/de\/programm-befreiung-visumpflicht\/\">Programms f\u00fcr visumfreies Reisen ( Visa Waiver Progra<\/a>m) zu erhalten. Wenn nicht, m\u00fcssen Sie ein <a href=\"https:\/\/usa-b2.com\/de\/b2-visum\/\">B2-Touristenvisum<\/a> beantragen. <\/li>\n<\/ul>\n\n<div style=\"height:10px\" aria-hidden=\"true\" class=\"wp-block-spacer\"><\/div>\n\n<h2 class=\"wp-block-heading\">  Die instagrammabelsten Fotospots<\/h2>\n\n<h3 class=\"wp-block-heading\">Ikonische Naturlandschaften<\/h3>\n\n<p>Einige Orte im Grand Circle sind wahre fotografische Juwelen. Horseshoe Bend ist wahrscheinlich der bekannteste Spot mit seinem Blick \u00fcber den Colorado River. Der Antelope Canyon bietet mit seinen von Wind und Wasser geformten Formationen ein magisches Lichtspiel, das sich perfekt f\u00fcr Instagram eignet.  <\/p>\n\n<h3 class=\"wp-block-heading\">Magische Sonnenunterg\u00e4nge<\/h3>\n\n<p>Der Sonnenuntergang verwandelt die Landschaft und schafft spektakul\u00e4re Aufnahmen. Zu den besten Orten geh\u00f6ren : <\/p>\n\n<ul class=\"wp-block-list\">\n<li><strong>Der Grand Canyon (Yavapai Point)<\/strong>: Unglaubliche Farben auf den Klippen.<\/li>\n\n\n\n<li><strong>Monument Valley<\/strong>: Der Schatten der ber\u00fchmten roten H\u00fcgel erstreckt sich so weit das Auge reicht.<\/li>\n<\/ul>\n\n<h2 class=\"wp-block-heading\">Aktivit\u00e4ten f\u00fcr Paare<\/h2>\n\n<h3 class=\"wp-block-heading\">Romantische Erlebnisse<\/h3>\n\n<p>Wenn Sie als Paar reisen, k\u00f6nnen Sie magische Momente in unglaublichen Landschaften erleben. Ein Ausritt durch das Monument Valley bei Sonnenuntergang ist ein unvergessliches Erlebnis. F\u00fcr diejenigen, die den Nervenkitzel lieben, bietet ein Hubschrauberflug \u00fcber den Grand Canyon die M\u00f6glichkeit, die Schluchten aus einem einzigartigen Blickwinkel zu sehen.  <\/p>\n\n<h3 class=\"wp-block-heading\">Schlafen in der Natur<\/h3>\n\n<p>Eine \u00dcbernachtung in der Natur verleiht der Reise eine romantische Note. In Zion ist ein Campingplatz unter einem unber\u00fchrten Sternenhimmel eine ideale Option. F\u00fcr eine etwas b\u00f6hmischere Erfahrung bietet die \u00dcbernachtung in einem Airstream in Joshua Tree eine friedliche und intime Atmosph\u00e4re.  <\/p>\n\n<h2 class=\"wp-block-heading\">Aktivit\u00e4ten f\u00fcr einen Road Trip mit der Familie<\/h2>\n\n<h3 class=\"wp-block-heading\">Spielerische Erlebnisse<\/h3>\n\n<p>Um die Reise f\u00fcr die Kinder spannend zu gestalten, sind verschiedene Aktivit\u00e4ten ideal. In <a href=\"https:\/\/moabcity.org\/\">Moab<\/a> gibt es ein Dinosauriermuseum, in dem pr\u00e4historische Fossilien und Fu\u00dfabdr\u00fccke ausgestellt sind. Im Bryce Canyon ist der Navajo Loop Trail f\u00fcr Familien geeignet und bietet ein einzigartiges Naturschauspiel.  <\/p>\n\n<h3 class=\"wp-block-heading\">Wo man mit der Familie essen kann<\/h3>\n\n<p>Essenspausen sind auf einem Roadtrip unerl\u00e4sslich. Einige ideale Adressen f\u00fcr Familien : <\/p>\n\n<ul class=\"wp-block-list\">\n<li><a href=\"https:\/\/www.thunderbirdutah.com\/\">Thunderbird Restaurant (Utah)<\/a>: Ein authentisches amerikanisches Abendessen mit hausgemachten Kuchen.<\/li>\n\n\n\n<li><a href=\"https:\/\/www.bigtexan.com\/\">Big Texan Steak Ranch<\/a> (Route 66): Eine Westernatmosph\u00e4re mit einem kinderfreundlichen Men\u00fc.<\/li>\n<\/ul>\n\n<p>Der Grand Circle Road Trip ist ein legend\u00e4res Abenteuer und einer der besten <a href=\"https:\/\/usa-b2.com\/de\/\">Roadtrips in den USA<\/a>. Ob Sie als Paar oder mit der Familie unterwegs sind, jeder Tag bringt neue Entdeckungen mit sich. Planen Sie Ihre Route gut, w\u00e4hlen Sie Ihre Hotels sorgf\u00e4ltig aus und halten Sie die Augen offen: Diese Reise wird f\u00fcr immer unvergesslich bleiben!  <\/p>\n","protected":false},"excerpt":{"rendered":"<p>S\u00fcdwesten der USA mit dem Auto: Ein Leitfaden f\u00fcr den perfekten Roadtrip Grand Circle Road Trip Reiseplan Start und erster Halt: Las Vegas Las Vegas ist der ideale Ausgangspunkt f\u00fcr einen Roadtrip durch den S\u00fcdwesten der USA. Der internationale Flughafen bedient viele Fl\u00fcge und bietet eine gro\u00dfe Auswahl an Autovermietungen. Bevor Sie sich auf den [&hellip;]<\/p>\n","protected":false},"author":1,"featured_media":0,"parent":0,"menu_order":0,"comment_status":"closed","ping_status":"closed","template":"","meta":{"footnotes":""},"class_list":["post-8215","page","type-page","status-publish","hentry"],"yoast_head":"<!-- This site is optimized with the Yoast SEO plugin v27.0 - https:\/\/yoast.com\/product\/yoast-seo-wordpress\/ -->\n<title>Road Trip durch den S\u00fcdwesten der USA - USA B2<\/title>\n<meta name=\"description\" content=\"Entdecken Sie den Grand Circle Road Trip: Route, Nationalparks, Hotel und Fotospots f\u00fcr eine Reise durch den S\u00fcdwesten der USA!\" \/>\n<meta name=\"robots\" content=\"index, follow, max-snippet:-1, max-image-preview:large, max-video-preview:-1\" \/>\n<link rel=\"canonical\" href=\"https:\/\/usa-b2.com\/de\/suedwest-roadtrip-vereinigte-staaten\/\" \/>\n<meta property=\"og:locale\" content=\"de_DE\" \/>\n<meta property=\"og:type\" content=\"article\" \/>\n<meta property=\"og:title\" content=\"Road Trip durch den S\u00fcdwesten der USA - USA B2\" \/>\n<meta property=\"og:description\" content=\"Entdecken Sie den Grand Circle Road Trip: Route, Nationalparks, Hotel und Fotospots f\u00fcr eine Reise durch den S\u00fcdwesten der USA!\" \/>\n<meta property=\"og:url\" content=\"https:\/\/usa-b2.com\/de\/suedwest-roadtrip-vereinigte-staaten\/\" \/>\n<meta property=\"og:site_name\" content=\"USA B2\" \/>\n<meta property=\"article:modified_time\" content=\"2025-11-04T10:46:40+00:00\" \/>\n<meta property=\"og:image\" content=\"https:\/\/usa-b2.com\/wp-content\/uploads\/2025\/03\/Grand-circle-road-trip.jpg\" \/>\n\t<meta property=\"og:image:width\" content=\"1280\" \/>\n\t<meta property=\"og:image:height\" content=\"720\" \/>\n\t<meta property=\"og:image:type\" content=\"image\/jpeg\" \/>\n<meta name=\"twitter:card\" content=\"summary_large_image\" \/>\n<meta name=\"twitter:label1\" content=\"Gesch\u00e4tzte Lesezeit\" \/>\n\t<meta name=\"twitter:data1\" content=\"5\u00a0Minuten\" \/>\n<script type=\"application\/ld+json\" class=\"yoast-schema-graph\">{\"@context\":\"https:\/\/schema.org\",\"@graph\":[{\"@type\":\"WebPage\",\"@id\":\"https:\/\/usa-b2.com\/de\/suedwest-roadtrip-vereinigte-staaten\/\",\"url\":\"https:\/\/usa-b2.com\/de\/suedwest-roadtrip-vereinigte-staaten\/\",\"name\":\"Road Trip durch den S\u00fcdwesten der USA - USA B2\",\"isPartOf\":{\"@id\":\"https:\/\/usa-b2.com\/de\/#website\"},\"primaryImageOfPage\":{\"@id\":\"https:\/\/usa-b2.com\/de\/suedwest-roadtrip-vereinigte-staaten\/#primaryimage\"},\"image\":{\"@id\":\"https:\/\/usa-b2.com\/de\/suedwest-roadtrip-vereinigte-staaten\/#primaryimage\"},\"thumbnailUrl\":\"https:\/\/usa-b2.com\/wp-content\/uploads\/2025\/03\/Grand-circle-road-trip-1024x576.jpg\",\"datePublished\":\"2025-03-17T13:14:29+00:00\",\"dateModified\":\"2025-11-04T10:46:40+00:00\",\"description\":\"Entdecken Sie den Grand Circle Road Trip: Route, Nationalparks, Hotel und Fotospots f\u00fcr eine Reise durch den S\u00fcdwesten der USA!\",\"breadcrumb\":{\"@id\":\"https:\/\/usa-b2.com\/de\/suedwest-roadtrip-vereinigte-staaten\/#breadcrumb\"},\"inLanguage\":\"de\",\"potentialAction\":[{\"@type\":\"ReadAction\",\"target\":[\"https:\/\/usa-b2.com\/de\/suedwest-roadtrip-vereinigte-staaten\/\"]}]},{\"@type\":\"ImageObject\",\"inLanguage\":\"de\",\"@id\":\"https:\/\/usa-b2.com\/de\/suedwest-roadtrip-vereinigte-staaten\/#primaryimage\",\"url\":\"https:\/\/usa-b2.com\/wp-content\/uploads\/2025\/03\/Grand-circle-road-trip-1024x576.jpg\",\"contentUrl\":\"https:\/\/usa-b2.com\/wp-content\/uploads\/2025\/03\/Grand-circle-road-trip-1024x576.jpg\"},{\"@type\":\"BreadcrumbList\",\"@id\":\"https:\/\/usa-b2.com\/de\/suedwest-roadtrip-vereinigte-staaten\/#breadcrumb\",\"itemListElement\":[{\"@type\":\"ListItem\",\"position\":1,\"name\":\"Accueil\",\"item\":\"https:\/\/usa-b2.com\/de\/usa-roadtrips\/\"},{\"@type\":\"ListItem\",\"position\":2,\"name\":\"Road Trip durch den S\u00fcdwesten der USA\"}]},{\"@type\":\"WebSite\",\"@id\":\"https:\/\/usa-b2.com\/de\/#website\",\"url\":\"https:\/\/usa-b2.com\/de\/\",\"name\":\"USA B2 VISA\",\"description\":\"\",\"potentialAction\":[{\"@type\":\"SearchAction\",\"target\":{\"@type\":\"EntryPoint\",\"urlTemplate\":\"https:\/\/usa-b2.com\/de\/?s={search_term_string}\"},\"query-input\":{\"@type\":\"PropertyValueSpecification\",\"valueRequired\":true,\"valueName\":\"search_term_string\"}}],\"inLanguage\":\"de\"}]}<\/script>\n<!-- \/ Yoast SEO plugin. -->","yoast_head_json":{"title":"Road Trip durch den S\u00fcdwesten der USA - USA B2","description":"Entdecken Sie den Grand Circle Road Trip: Route, Nationalparks, Hotel und Fotospots f\u00fcr eine Reise durch den S\u00fcdwesten der USA!","robots":{"index":"index","follow":"follow","max-snippet":"max-snippet:-1","max-image-preview":"max-image-preview:large","max-video-preview":"max-video-preview:-1"},"canonical":"https:\/\/usa-b2.com\/de\/suedwest-roadtrip-vereinigte-staaten\/","og_locale":"de_DE","og_type":"article","og_title":"Road Trip durch den S\u00fcdwesten der USA - USA B2","og_description":"Entdecken Sie den Grand Circle Road Trip: Route, Nationalparks, Hotel und Fotospots f\u00fcr eine Reise durch den S\u00fcdwesten der USA!","og_url":"https:\/\/usa-b2.com\/de\/suedwest-roadtrip-vereinigte-staaten\/","og_site_name":"USA B2","article_modified_time":"2025-11-04T10:46:40+00:00","og_image":[{"width":1280,"height":720,"url":"https:\/\/usa-b2.com\/wp-content\/uploads\/2025\/03\/Grand-circle-road-trip.jpg","type":"image\/jpeg"}],"twitter_card":"summary_large_image","twitter_misc":{"Gesch\u00e4tzte Lesezeit":"5\u00a0Minuten"},"schema":{"@context":"https:\/\/schema.org","@graph":[{"@type":"WebPage","@id":"https:\/\/usa-b2.com\/de\/suedwest-roadtrip-vereinigte-staaten\/","url":"https:\/\/usa-b2.com\/de\/suedwest-roadtrip-vereinigte-staaten\/","name":"Road Trip durch den S\u00fcdwesten der USA - USA B2","isPartOf":{"@id":"https:\/\/usa-b2.com\/de\/#website"},"primaryImageOfPage":{"@id":"https:\/\/usa-b2.com\/de\/suedwest-roadtrip-vereinigte-staaten\/#primaryimage"},"image":{"@id":"https:\/\/usa-b2.com\/de\/suedwest-roadtrip-vereinigte-staaten\/#primaryimage"},"thumbnailUrl":"https:\/\/usa-b2.com\/wp-content\/uploads\/2025\/03\/Grand-circle-road-trip-1024x576.jpg","datePublished":"2025-03-17T13:14:29+00:00","dateModified":"2025-11-04T10:46:40+00:00","description":"Entdecken Sie den Grand Circle Road Trip: Route, Nationalparks, Hotel und Fotospots f\u00fcr eine Reise durch den S\u00fcdwesten der USA!","breadcrumb":{"@id":"https:\/\/usa-b2.com\/de\/suedwest-roadtrip-vereinigte-staaten\/#breadcrumb"},"inLanguage":"de","potentialAction":[{"@type":"ReadAction","target":["https:\/\/usa-b2.com\/de\/suedwest-roadtrip-vereinigte-staaten\/"]}]},{"@type":"ImageObject","inLanguage":"de","@id":"https:\/\/usa-b2.com\/de\/suedwest-roadtrip-vereinigte-staaten\/#primaryimage","url":"https:\/\/usa-b2.com\/wp-content\/uploads\/2025\/03\/Grand-circle-road-trip-1024x576.jpg","contentUrl":"https:\/\/usa-b2.com\/wp-content\/uploads\/2025\/03\/Grand-circle-road-trip-1024x576.jpg"},{"@type":"BreadcrumbList","@id":"https:\/\/usa-b2.com\/de\/suedwest-roadtrip-vereinigte-staaten\/#breadcrumb","itemListElement":[{"@type":"ListItem","position":1,"name":"Accueil","item":"https:\/\/usa-b2.com\/de\/usa-roadtrips\/"},{"@type":"ListItem","position":2,"name":"Road Trip durch den S\u00fcdwesten der USA"}]},{"@type":"WebSite","@id":"https:\/\/usa-b2.com\/de\/#website","url":"https:\/\/usa-b2.com\/de\/","name":"USA B2 VISA","description":"","potentialAction":[{"@type":"SearchAction","target":{"@type":"EntryPoint","urlTemplate":"https:\/\/usa-b2.com\/de\/?s={search_term_string}"},"query-input":{"@type":"PropertyValueSpecification","valueRequired":true,"valueName":"search_term_string"}}],"inLanguage":"de"}]}},"_links":{"self":[{"href":"https:\/\/usa-b2.com\/de\/wp-json\/wp\/v2\/pages\/8215","targetHints":{"allow":["GET"]}}],"collection":[{"href":"https:\/\/usa-b2.com\/de\/wp-json\/wp\/v2\/pages"}],"about":[{"href":"https:\/\/usa-b2.com\/de\/wp-json\/wp\/v2\/types\/page"}],"author":[{"embeddable":true,"href":"https:\/\/usa-b2.com\/de\/wp-json\/wp\/v2\/users\/1"}],"replies":[{"embeddable":true,"href":"https:\/\/usa-b2.com\/de\/wp-json\/wp\/v2\/comments?post=8215"}],"version-history":[{"count":2,"href":"https:\/\/usa-b2.com\/de\/wp-json\/wp\/v2\/pages\/8215\/revisions"}],"predecessor-version":[{"id":10802,"href":"https:\/\/usa-b2.com\/de\/wp-json\/wp\/v2\/pages\/8215\/revisions\/10802"}],"wp:attachment":[{"href":"https:\/\/usa-b2.com\/de\/wp-json\/wp\/v2\/media?parent=8215"}],"curies":[{"name":"wp","href":"https:\/\/api.w.org\/{rel}","templated":true}]}}