{"id":7864,"date":"2025-03-17T13:11:22","date_gmt":"2025-03-17T13:11:22","guid":{"rendered":"https:\/\/usa-b2.com\/deep-south-music-tour\/"},"modified":"2025-06-05T10:08:00","modified_gmt":"2025-06-05T10:08:00","slug":"deep-south-music-tour","status":"publish","type":"page","link":"https:\/\/usa-b2.com\/de\/deep-south-music-tour\/","title":{"rendered":"Roadtrip durch den tiefen S\u00fcden: Reiseroute, wichtige Zwischenstopps und unverzichtbare Erlebnisse"},"content":{"rendered":"\n<h1 class=\"wp-block-heading\">Deep South mit dem Auto: Ein Leitfaden f\u00fcr den perfekten Roadtrip<\/h1>\n\n<p>Der <a href=\"https:\/\/www.deep-south-usa.com\/alabama\/fly-drives\/music-tour\">Deep South<\/a> der USA ist eine Region voller Geschichte, Kultur und Musik. Auf diesem Roadtrip tauchen Sie in die Wurzeln von Blues, Jazz und Country ein und fahren durch mythische Landschaften und symboltr\u00e4chtige St\u00e4dte wie <a href=\"https:\/\/www.nashville.com\/\">Nashville<\/a>, <a href=\"https:\/\/www.memphistravel.com\/\">Memphis<\/a> und <a href=\"https:\/\/www.neworleans.com\/\">New Orleans<\/a>. Mit Konzerten, historischen St\u00e4tten und gastronomischen Stopps bietet diese Route ein einzigartiges Erlebnis f\u00fcr Musikliebhaber und Abenteurer.  <\/p>\n\n<figure class=\"wp-block-image size-large\"><img fetchpriority=\"high\" decoding=\"async\" width=\"1024\" height=\"576\" src=\"https:\/\/usa-b2.com\/wp-content\/uploads\/2025\/03\/Deep-South-Music-2-1024x576.png\" alt=\"\" class=\"wp-image-8063\" srcset=\"https:\/\/usa-b2.com\/wp-content\/uploads\/2025\/03\/Deep-South-Music-2-1024x576.png 1024w, https:\/\/usa-b2.com\/wp-content\/uploads\/2025\/03\/Deep-South-Music-2-300x169.png 300w, https:\/\/usa-b2.com\/wp-content\/uploads\/2025\/03\/Deep-South-Music-2-768x432.png 768w, https:\/\/usa-b2.com\/wp-content\/uploads\/2025\/03\/Deep-South-Music-2.png 1367w\" sizes=\"(max-width: 1024px) 100vw, 1024px\" \/><\/figure>\n\n<h2 class=\"wp-block-heading\">Reiseroute: Von Nashville nach New Orleans<\/h2>\n\n<h3 class=\"wp-block-heading\">1.1. Abfahrt von Nashville, Tennessee<\/h3>\n\n<p>Nashville gilt als die Hauptstadt der Country-Musik und ist der ideale Ausgangspunkt. Besuchen Sie die <a href=\"https:\/\/www.countrymusichalloffame.org\/\">Country Music Hall of Fame<\/a>, besuchen Sie ein Konzert in der <a href=\"https:\/\/www.opry.com\/\">Grand Ole Opry<\/a> und schlendern Sie \u00fcber den <a href=\"https:\/\/www.broadway.com\/\">Broadway<\/a>, wo K\u00fcnstler in ikonischen Bars live spielen. <\/p>\n\n<h3 class=\"wp-block-heading\">1.2. Memphis, Tennessee: Das Land des Blues und von Elvis<\/h3>\n\n<p>Nach drei Stunden Fahrt machen Sie einen Halt in <a href=\"https:\/\/www.graceland.com\/\">Graceland<\/a>, dem ehemaligen Wohnsitz von<a href=\"https:\/\/en.wikipedia.org\/wiki\/Elvis_Presley\">Elvis Presley<\/a>. <a href=\"https:\/\/bealestreet.com\/\">Die Beale Street<\/a> mit ihren legend\u00e4ren Clubs ist ein Muss f\u00fcr Bluesliebhaber. Das <a href=\"https:\/\/www.civilrightsmuseum.org\/visit\/?source=adwords&amp;campaign=&amp;medium=cpc&amp;keyword=national%20civil%20rights%20museum&amp;target=kwd-329492642321&amp;loc=9222727&amp;device=c&amp;gad_source=1&amp;gclid=Cj0KCQjwkN--BhDkARIsAD_mnIovXJ9uKCG2eyQDXN0RhNo1qqhfKbEZfUeXq_qc6AysXcXBrKIjyKAaAt8yEALw_wcB\">National Civil Rights Museum<\/a>, das im ehemaligen Lorraine Motel untergebracht ist, ist ein Muss. <\/p>\n\n<h3 class=\"wp-block-heading\">1.3. Clarksdale, Mississippi: Die Wurzeln des Delta Blues<\/h3>\n\n<p><a href=\"https:\/\/www.cityofclarksdale.org\/\">Clarksdale<\/a> ist eine kleine Stadt in <a href=\"https:\/\/www.ms.gov\/\">Mississippi<\/a> und die Wiege des Delta Blues. Das <a href=\"https:\/\/www.deltabluesmuseum.org\/\">Delta Blues Museum<\/a> und <a href=\"https:\/\/www.clarksdale.com\/crossroads.php\">Crossroads<\/a>, wo Robert Johnson seine Seele dem Teufel verkauft haben soll, sind Pflichtstationen. <\/p>\n\n<h3 class=\"wp-block-heading\">1.4. New Orleans, Louisiana: Jazz auf seinem H\u00f6hepunkt<\/h3>\n\n<p>Der Roadtrip endet in dieser pulsierenden Stadt. Machen Sie einen Spaziergang durch das <a href=\"https:\/\/www.neworleans.com\/plan\/neighborhoods\/french-quarter\/\">French Quarter<\/a>, entdecken Sie die Jazzclubs in der <a href=\"https:\/\/www.frenchquarter.com\/frenchmen-street\/\">Frenchmen Street<\/a> und genie\u00dfen Sie die Beignets im <a href=\"https:\/\/shop.cafedumonde.com\/\">Caf\u00e9 du Monde<\/a>. <\/p>\n\n<h2 class=\"wp-block-heading\">Landschaften und Nationalparks: Unvergessliche Szenenstra\u00dfen<\/h2>\n\n<h3 class=\"wp-block-heading\">Great Smoky Mountains: Eine spektakul\u00e4re nat\u00fcrliche Passage<\/h3>\n\n<p>Noch bevor Sie in Nashville ankommen, sollten Sie einen Abstecher zu den <a href=\"https:\/\/friendsofthesmokies.org\/?gad_source=1&amp;gclid=Cj0KCQjwkN--BhDkARIsAD_mnIrzh_s0i4f90vUCfk37IDHlKDA73wyXZI0Lgky0I4paZsPiGmDajhsaAkbJEALw_wcB\">Great Smoky Mountains<\/a> machen, einem Nationalpark mit nebelverhangenen Panoramen und bewaldeten Pfaden, die sich perfekt f\u00fcr einen ersten Ausflug in die Natur eignen.<\/p>\n\n<h3 class=\"wp-block-heading\">Natchez Trace Parkway: Eine historische Stra\u00dfe<\/h3>\n\n<p>Der <a href=\"https:\/\/www.scenictrace.com\/\">Natchez Trace Parkway<\/a> ist eine 700 km lange Stra\u00dfe, die durch <a href=\"https:\/\/www.tn.gov\/\">Tennessee<\/a>, Mississippi und<a href=\"https:\/\/www.alabama.gov\/\">Alabama<\/a> f\u00fchrt. Mit seinen historischen Haltestellen und Aussichtspunkten ist er ideal f\u00fcr Fotografen und Geschichtsliebhaber. <\/p>\n\n<h3 class=\"wp-block-heading\">Bayous von Louisiana: Eintauchen in eine andere Welt<\/h3>\n\n<p>Bevor Sie in New Orleans ankommen, erkunden Sie die Bayous in <a href=\"https:\/\/www.louisiana.gov\/\">Louisiana<\/a> mit dem Boot, um Alligatoren und die lokale Tierwelt zu beobachten.<\/p>\n\n<h2 class=\"wp-block-heading\">Wo schlafen Sie? Authentische Hotels und Unterk\u00fcnfte <\/h2>\n\n<h3 class=\"wp-block-heading\">Nashville: Zwischen Moderne und Tradition<\/h3>\n\n<p>Das <a href=\"https:\/\/www.huttonhotel.com\/\">Hutton Hotel<\/a> und das<a href=\"https:\/\/www.omnihotels.com\/hotels\/nashville?utm_source=gmblisting&amp;utm_medium=organic\">Omni Nashville Hotel<\/a> bieten einen gehobenen Komfort. F\u00fcr eine authentische Erfahrung entscheiden Sie sich f\u00fcr ein Airbnb in East Nashville. <\/p>\n\n<h3 class=\"wp-block-heading\">Memphis: Der Charme des S\u00fcdens<\/h3>\n\n<p>Das <a href=\"https:\/\/www.peabodymemphis.com\/?utm_source=local-directories&amp;utm_medium=organic&amp;utm_campaign=travelclick-localconnect-featured\">Peabody Hotel<\/a>, das f\u00fcr seine Entenparade bekannt ist, ist eine ikonische Wahl. F\u00fcr eine erschwinglichere Option ist das <a href=\"https:\/\/www.marriott.com\/en-us\/hotels\/memox-moxy-memphis-downtown\/overview\/?scid=f2ae0541-1279-4f24-b197-a979c79310b0\">Moxy Memphis Downtown<\/a> ideal. <\/p>\n\n<h3 class=\"wp-block-heading\">New Orleans: Eintauchen in die Jazz-Atmosph\u00e4re<\/h3>\n\n<p>Das <a href=\"https:\/\/www.sonesta.com\/royal-sonesta\/la\/new-orleans\/royal-sonesta-new-orleans\">Royal Sonesta Hotel<\/a> in der <a href=\"https:\/\/www.neworleans.com\/plan\/streets\/bourbon-street\/\">Bourbon Street<\/a> befindet sich im Herzen des Geschehens, w\u00e4hrend das <a href=\"https:\/\/hotelmonteleone.com\/\">Hotel Monteleone<\/a> einen Hauch von historischem Luxus bietet.<\/p>\n\n<h2 class=\"wp-block-heading\">Instagrammable Photo Spots<\/h2>\n\n<figure class=\"wp-block-table\"><table class=\"has-fixed-layout\"><tbody><tr><td><strong>Ort<\/strong><\/td><td><strong>Stadt<\/strong><\/td><td><strong>Besonderheit<\/strong><\/td><\/tr><tr><td><a href=\"https:\/\/www.trolleytours.com\/nashville\/broadway\">Broadway Street<\/a><\/td><td>Nashville<\/td><td>Neons und Live-Konzerte<\/td><\/tr><tr><td><a href=\"https:\/\/www.memphistravel.com\/beale-street\">Beale Street<\/a><\/td><td>Memphis<\/td><td>Ikonische Blues-Atmosph\u00e4re<\/td><\/tr><tr><td><a href=\"https:\/\/www.coastalridgefarm.com\/\">Sunflower Fields<\/a><\/td><td>Mississippi<\/td><td>Bunte Landschaften<\/td><\/tr><tr><td>French Quarter<\/td><td>New Orleans<\/td><td>Historische Architektur und Street Art<\/td><\/tr><\/tbody><\/table><\/figure>\n\n<h2 class=\"wp-block-heading\">Aktivit\u00e4ten nach Ihrem Reisetyp<\/h2>\n\n<h3 class=\"wp-block-heading\">Partnerschaft: Romantik und Musik<\/h3>\n\n<p>Es gibt nichts Sch\u00f6neres als eine Dinner-Kreuzfahrt auf dem Mississippi mit Live-Jazz in New Orleans. In Nashville bietet ein Abend im <a href=\"https:\/\/bluebirdcafe.com\/\">Bluebird Cafe<\/a> eine intime Atmosph\u00e4re, die perfekt f\u00fcr ein verliebtes Duo ist. <\/p>\n\n<h3 class=\"wp-block-heading\">Familie: Ein Abenteuer f\u00fcr alle<\/h3>\n\n<p>Kinder werden das <a href=\"https:\/\/www.memphisrocknsoul.org\/\">Rock &amp; Soul Museum<\/a> in Memphis und eine Fahrt mit dem Schaufelraddampfer auf dem Mississippi lieben. In Tennessee ist der <a href=\"https:\/\/www.dollywood.com\/\">Dollywood Theme Park<\/a> ein einzigartiges Erlebnis, das Country-Musik und Attraktionen miteinander verbindet. <\/p>\n\n<p>Der Deep South ist einer der <a href=\"https:\/\/usa-b2.com\/\">besten Roadtrips in den USA<\/a>. Mit Konzerten, historischen St\u00e4tten, wundersch\u00f6nen Landschaften und symboltr\u00e4chtigen Hotels bietet jede Etappe eine F\u00fclle von \u00dcberraschungen und Entdeckungen. Ob Sie als Paar oder mit der Familie reisen, diese unvergessliche Reise wird Ihnen unvergessliche Erinnerungen und Melodien ins Herz brennen.  <\/p>\n","protected":false},"excerpt":{"rendered":"<p>Deep South mit dem Auto: Ein Leitfaden f\u00fcr den perfekten Roadtrip Der Deep South der USA ist eine Region voller Geschichte, Kultur und Musik. Auf diesem Roadtrip tauchen Sie in die Wurzeln von Blues, Jazz und Country ein und fahren durch mythische Landschaften und symboltr\u00e4chtige St\u00e4dte wie Nashville, Memphis und New Orleans. Mit Konzerten, historischen [&hellip;]<\/p>\n","protected":false},"author":1,"featured_media":0,"parent":0,"menu_order":0,"comment_status":"closed","ping_status":"closed","template":"","meta":{"footnotes":""},"class_list":["post-7864","page","type-page","status-publish","hentry"],"yoast_head":"<!-- This site is optimized with the Yoast SEO plugin v27.0 - https:\/\/yoast.com\/product\/yoast-seo-wordpress\/ -->\n<title>Roadtrip durch den tiefen S\u00fcden: Reiseroute, wichtige Zwischenstopps und unverzichtbare Erlebnisse - USA B2<\/title>\n<meta name=\"description\" content=\"Deep South Roadtrip: Reiseroute, Stopps, Unterk\u00fcnfte und Aktivit\u00e4ten von Nashville nach New Orleans!\" \/>\n<meta name=\"robots\" content=\"index, follow, max-snippet:-1, max-image-preview:large, max-video-preview:-1\" \/>\n<link rel=\"canonical\" href=\"https:\/\/usa-b2.com\/de\/deep-south-music-tour\/\" \/>\n<meta property=\"og:locale\" content=\"de_DE\" \/>\n<meta property=\"og:type\" content=\"article\" \/>\n<meta property=\"og:title\" content=\"Roadtrip durch den tiefen S\u00fcden: Reiseroute, wichtige Zwischenstopps und unverzichtbare Erlebnisse - USA B2\" \/>\n<meta property=\"og:description\" content=\"Deep South Roadtrip: Reiseroute, Stopps, Unterk\u00fcnfte und Aktivit\u00e4ten von Nashville nach New Orleans!\" \/>\n<meta property=\"og:url\" content=\"https:\/\/usa-b2.com\/de\/deep-south-music-tour\/\" \/>\n<meta property=\"og:site_name\" content=\"USA B2\" \/>\n<meta property=\"article:modified_time\" content=\"2025-06-05T10:08:00+00:00\" \/>\n<meta property=\"og:image\" content=\"https:\/\/usa-b2.com\/wp-content\/uploads\/2025\/03\/Deep-South-Music-2-1024x576.png\" \/>\n\t<meta property=\"og:image:width\" content=\"1024\" \/>\n\t<meta property=\"og:image:height\" content=\"576\" \/>\n\t<meta property=\"og:image:type\" content=\"image\/png\" \/>\n<meta name=\"twitter:card\" content=\"summary_large_image\" \/>\n<meta name=\"twitter:label1\" content=\"Gesch\u00e4tzte Lesezeit\" \/>\n\t<meta name=\"twitter:data1\" content=\"3\u00a0Minuten\" \/>\n<script type=\"application\/ld+json\" class=\"yoast-schema-graph\">{\"@context\":\"https:\/\/schema.org\",\"@graph\":[{\"@type\":\"WebPage\",\"@id\":\"https:\/\/usa-b2.com\/de\/deep-south-music-tour\/\",\"url\":\"https:\/\/usa-b2.com\/de\/deep-south-music-tour\/\",\"name\":\"Roadtrip durch den tiefen S\u00fcden: Reiseroute, wichtige Zwischenstopps und unverzichtbare Erlebnisse - USA B2\",\"isPartOf\":{\"@id\":\"https:\/\/usa-b2.com\/de\/#website\"},\"primaryImageOfPage\":{\"@id\":\"https:\/\/usa-b2.com\/de\/deep-south-music-tour\/#primaryimage\"},\"image\":{\"@id\":\"https:\/\/usa-b2.com\/de\/deep-south-music-tour\/#primaryimage\"},\"thumbnailUrl\":\"https:\/\/usa-b2.com\/wp-content\/uploads\/2025\/03\/Deep-South-Music-2-1024x576.png\",\"datePublished\":\"2025-03-17T13:11:22+00:00\",\"dateModified\":\"2025-06-05T10:08:00+00:00\",\"description\":\"Deep South Roadtrip: Reiseroute, Stopps, Unterk\u00fcnfte und Aktivit\u00e4ten von Nashville nach New Orleans!\",\"breadcrumb\":{\"@id\":\"https:\/\/usa-b2.com\/de\/deep-south-music-tour\/#breadcrumb\"},\"inLanguage\":\"de\",\"potentialAction\":[{\"@type\":\"ReadAction\",\"target\":[\"https:\/\/usa-b2.com\/de\/deep-south-music-tour\/\"]}]},{\"@type\":\"ImageObject\",\"inLanguage\":\"de\",\"@id\":\"https:\/\/usa-b2.com\/de\/deep-south-music-tour\/#primaryimage\",\"url\":\"https:\/\/usa-b2.com\/wp-content\/uploads\/2025\/03\/Deep-South-Music-2-1024x576.png\",\"contentUrl\":\"https:\/\/usa-b2.com\/wp-content\/uploads\/2025\/03\/Deep-South-Music-2-1024x576.png\"},{\"@type\":\"BreadcrumbList\",\"@id\":\"https:\/\/usa-b2.com\/de\/deep-south-music-tour\/#breadcrumb\",\"itemListElement\":[{\"@type\":\"ListItem\",\"position\":1,\"name\":\"Accueil\",\"item\":\"https:\/\/usa-b2.com\/de\/usa-roadtrips\/\"},{\"@type\":\"ListItem\",\"position\":2,\"name\":\"Roadtrip durch den tiefen S\u00fcden: Reiseroute, wichtige Zwischenstopps und unverzichtbare Erlebnisse\"}]},{\"@type\":\"WebSite\",\"@id\":\"https:\/\/usa-b2.com\/de\/#website\",\"url\":\"https:\/\/usa-b2.com\/de\/\",\"name\":\"USA B2 VISA\",\"description\":\"\",\"potentialAction\":[{\"@type\":\"SearchAction\",\"target\":{\"@type\":\"EntryPoint\",\"urlTemplate\":\"https:\/\/usa-b2.com\/de\/?s={search_term_string}\"},\"query-input\":{\"@type\":\"PropertyValueSpecification\",\"valueRequired\":true,\"valueName\":\"search_term_string\"}}],\"inLanguage\":\"de\"}]}<\/script>\n<!-- \/ Yoast SEO plugin. -->","yoast_head_json":{"title":"Roadtrip durch den tiefen S\u00fcden: Reiseroute, wichtige Zwischenstopps und unverzichtbare Erlebnisse - USA B2","description":"Deep South Roadtrip: Reiseroute, Stopps, Unterk\u00fcnfte und Aktivit\u00e4ten von Nashville nach New Orleans!","robots":{"index":"index","follow":"follow","max-snippet":"max-snippet:-1","max-image-preview":"max-image-preview:large","max-video-preview":"max-video-preview:-1"},"canonical":"https:\/\/usa-b2.com\/de\/deep-south-music-tour\/","og_locale":"de_DE","og_type":"article","og_title":"Roadtrip durch den tiefen S\u00fcden: Reiseroute, wichtige Zwischenstopps und unverzichtbare Erlebnisse - USA B2","og_description":"Deep South Roadtrip: Reiseroute, Stopps, Unterk\u00fcnfte und Aktivit\u00e4ten von Nashville nach New Orleans!","og_url":"https:\/\/usa-b2.com\/de\/deep-south-music-tour\/","og_site_name":"USA B2","article_modified_time":"2025-06-05T10:08:00+00:00","og_image":[{"width":1024,"height":576,"url":"https:\/\/usa-b2.com\/wp-content\/uploads\/2025\/03\/Deep-South-Music-2-1024x576.png","type":"image\/png"}],"twitter_card":"summary_large_image","twitter_misc":{"Gesch\u00e4tzte Lesezeit":"3\u00a0Minuten"},"schema":{"@context":"https:\/\/schema.org","@graph":[{"@type":"WebPage","@id":"https:\/\/usa-b2.com\/de\/deep-south-music-tour\/","url":"https:\/\/usa-b2.com\/de\/deep-south-music-tour\/","name":"Roadtrip durch den tiefen S\u00fcden: Reiseroute, wichtige Zwischenstopps und unverzichtbare Erlebnisse - USA B2","isPartOf":{"@id":"https:\/\/usa-b2.com\/de\/#website"},"primaryImageOfPage":{"@id":"https:\/\/usa-b2.com\/de\/deep-south-music-tour\/#primaryimage"},"image":{"@id":"https:\/\/usa-b2.com\/de\/deep-south-music-tour\/#primaryimage"},"thumbnailUrl":"https:\/\/usa-b2.com\/wp-content\/uploads\/2025\/03\/Deep-South-Music-2-1024x576.png","datePublished":"2025-03-17T13:11:22+00:00","dateModified":"2025-06-05T10:08:00+00:00","description":"Deep South Roadtrip: Reiseroute, Stopps, Unterk\u00fcnfte und Aktivit\u00e4ten von Nashville nach New Orleans!","breadcrumb":{"@id":"https:\/\/usa-b2.com\/de\/deep-south-music-tour\/#breadcrumb"},"inLanguage":"de","potentialAction":[{"@type":"ReadAction","target":["https:\/\/usa-b2.com\/de\/deep-south-music-tour\/"]}]},{"@type":"ImageObject","inLanguage":"de","@id":"https:\/\/usa-b2.com\/de\/deep-south-music-tour\/#primaryimage","url":"https:\/\/usa-b2.com\/wp-content\/uploads\/2025\/03\/Deep-South-Music-2-1024x576.png","contentUrl":"https:\/\/usa-b2.com\/wp-content\/uploads\/2025\/03\/Deep-South-Music-2-1024x576.png"},{"@type":"BreadcrumbList","@id":"https:\/\/usa-b2.com\/de\/deep-south-music-tour\/#breadcrumb","itemListElement":[{"@type":"ListItem","position":1,"name":"Accueil","item":"https:\/\/usa-b2.com\/de\/usa-roadtrips\/"},{"@type":"ListItem","position":2,"name":"Roadtrip durch den tiefen S\u00fcden: Reiseroute, wichtige Zwischenstopps und unverzichtbare Erlebnisse"}]},{"@type":"WebSite","@id":"https:\/\/usa-b2.com\/de\/#website","url":"https:\/\/usa-b2.com\/de\/","name":"USA B2 VISA","description":"","potentialAction":[{"@type":"SearchAction","target":{"@type":"EntryPoint","urlTemplate":"https:\/\/usa-b2.com\/de\/?s={search_term_string}"},"query-input":{"@type":"PropertyValueSpecification","valueRequired":true,"valueName":"search_term_string"}}],"inLanguage":"de"}]}},"_links":{"self":[{"href":"https:\/\/usa-b2.com\/de\/wp-json\/wp\/v2\/pages\/7864","targetHints":{"allow":["GET"]}}],"collection":[{"href":"https:\/\/usa-b2.com\/de\/wp-json\/wp\/v2\/pages"}],"about":[{"href":"https:\/\/usa-b2.com\/de\/wp-json\/wp\/v2\/types\/page"}],"author":[{"embeddable":true,"href":"https:\/\/usa-b2.com\/de\/wp-json\/wp\/v2\/users\/1"}],"replies":[{"embeddable":true,"href":"https:\/\/usa-b2.com\/de\/wp-json\/wp\/v2\/comments?post=7864"}],"version-history":[{"count":0,"href":"https:\/\/usa-b2.com\/de\/wp-json\/wp\/v2\/pages\/7864\/revisions"}],"wp:attachment":[{"href":"https:\/\/usa-b2.com\/de\/wp-json\/wp\/v2\/media?parent=7864"}],"curies":[{"name":"wp","href":"https:\/\/api.w.org\/{rel}","templated":true}]}}