{"id":7817,"date":"2025-03-17T11:01:36","date_gmt":"2025-03-17T11:01:36","guid":{"rendered":"https:\/\/usa-b2.com\/florida-keys\/"},"modified":"2025-06-05T09:36:02","modified_gmt":"2025-06-05T09:36:02","slug":"florida-keys","status":"publish","type":"page","link":"https:\/\/usa-b2.com\/de\/florida-keys\/","title":{"rendered":"Roadtrip durch die Keys: Reiseplan, Tipps und Top-Tipps in Florida"},"content":{"rendered":"\n<h1 class=\"wp-block-heading\">Reisef\u00fchrer f\u00fcr einen Roadtrip durch die Keys in den USA<\/h1>\n\n<p>Die <a href=\"https:\/\/fla-keys.com\/\">Florida Keys<\/a> sind ein paradiesischer Archipel, der sich \u00fcber 180 km zwischen Key Largo und Key West erstreckt. Die Fahrt \u00fcber den <a href=\"https:\/\/en.wikipedia.org\/wiki\/Overseas_Highway\">Overseas Highway (US-1)<\/a> auf dieser legend\u00e4ren Stra\u00dfe bietet unvergessliche Landschaften, strategische Stopps und das Eintauchen in eine einzigartige tropische Atmosph\u00e4re. Ob Sie zu zweit, mit der Familie oder mit Freunden reisen, in diesem Reisef\u00fchrer finden Sie alles, was Sie \u00fcber diesen <a href=\"https:\/\/usa-b2.com\/de\/\">amerikanischen Roadtrip<\/a> wissen m\u00fcssen: Route, Aktivit\u00e4ten, Unterk\u00fcnfte und Top-Spots.  <\/p>\n\n<figure class=\"wp-block-image size-large\"><img fetchpriority=\"high\" decoding=\"async\" width=\"1024\" height=\"576\" src=\"https:\/\/usa-b2.com\/wp-content\/uploads\/2025\/03\/Keys-Florida-1-1024x576.png\" alt=\"\" class=\"wp-image-8114\" srcset=\"https:\/\/usa-b2.com\/wp-content\/uploads\/2025\/03\/Keys-Florida-1-1024x576.png 1024w, https:\/\/usa-b2.com\/wp-content\/uploads\/2025\/03\/Keys-Florida-1-300x169.png 300w, https:\/\/usa-b2.com\/wp-content\/uploads\/2025\/03\/Keys-Florida-1-768x432.png 768w, https:\/\/usa-b2.com\/wp-content\/uploads\/2025\/03\/Keys-Florida-1.png 1099w\" sizes=\"(max-width: 1024px) 100vw, 1024px\" \/><\/figure>\n\n<h2 class=\"wp-block-heading\">Ideale Route um die Keys zu durchqueren<\/h2>\n\n<p>Die klassische Route beginnt in <a href=\"https:\/\/www.miami.gov\/Home\">Miami<\/a> und folgt der <a href=\"https:\/\/en.wikivoyage.org\/wiki\/U.S._Highway_1\">US-1 South<\/a> bis nach <a href=\"https:\/\/www.cityofkeywest-fl.gov\/\">Key West<\/a>. Hier sind die wichtigsten Etappen der Route : <\/p>\n\n<ul class=\"wp-block-list\">\n<li><a href=\"https:\/\/www.homesteadfl.gov\/\">Homestead<\/a>: Tor zu den <a href=\"https:\/\/www.nps.gov\/ever\/index.htm\">Everglades<\/a>, ideal f\u00fcr einen Ausflug mit dem Tragfl\u00fcgelboot.<\/li>\n\n\n\n<li><a href=\"https:\/\/www.office-tourisme-usa.com\/etat\/floride\/key-largo\/\">Key Largo<\/a>: Ideal zum Tauchen im <a href=\"https:\/\/pennekamppark.com\/\">John Pennekamp Coral Reef State Park<\/a>.<\/li>\n\n\n\n<li><a href=\"https:\/\/www.islamorada.fl.us\/\">Islamorada<\/a>: Welthauptstadt der Hochseefischerei, perfekt f\u00fcr den Genuss von frischem Fisch.<\/li>\n\n\n\n<li><a href=\"https:\/\/www.ci.marathon.fl.us\/\">Marathon<\/a>: Ikonische Passage mit der Seven Mile Bridge und <a href=\"https:\/\/www.visitflorida.com\/travel-ideas\/articles\/sombrero-beach-in-marathon-florida-key-west\/\">Sombrero Beach<\/a>.<\/li>\n\n\n\n<li><strong><a href=\"https:\/\/www.floridastateparks.org\/BahiaHonda\">Bahia Honda State Park<\/a><\/strong> Einer der sch\u00f6nsten Str\u00e4nde der Keys.<\/li>\n\n\n\n<li><strong>Key West<\/strong>: Endziel, bekannt f\u00fcr die Sunset Celebration am <a href=\"https:\/\/www.mallorysquare.com\/\">Mallory Square<\/a>.<\/li>\n<\/ul>\n\n<h2 class=\"wp-block-heading\">Unverzichtbare Landschaften und nat\u00fcrliche Sehensw\u00fcrdigkeiten<\/h2>\n\n<p>Die <strong>Keys <\/strong>bieten eine Vielfalt an Landschaften zwischen Str\u00e4nden, Nationalparks und Korallenriffen.<\/p>\n\n<p>Der <a href=\"https:\/\/www.nps.gov\/drto\/index.htm\">Dry Tortugas<\/a> Nationalpark, der von Key West aus mit dem Boot erreichbar ist, beherbergt <a href=\"https:\/\/www.futura-sciences.com\/planete\/photos\/amerique-splendeur-parcs-nationaux-americains-1023\/amerique-fort-jefferson-parc-national-sec-tortugas-7010\/\">Fort Jefferson<\/a> und kristallklares Wasser, das zum Schnorcheln einl\u00e4dt.<\/p>\n\n<p>Andere unvergessliche Aussichtspunkte sind die <a href=\"https:\/\/www.tripadvisor.com\/Attraction_Review-g34347-d519772-Reviews-Seven_Mile_Bridge-Marathon_Florida_Keys_Florida.html\">Seven Mile Bridge<\/a>, eine der l\u00e4ngsten Br\u00fccken der Welt, der <strong>Sombrero Beach<\/strong> in Marathon und die flachen Gew\u00e4sser von <a href=\"https:\/\/fla-keys.com\/keysvoices\/experience-big-pine-the-lower-keys\/\">Big Pine Key<\/a>, wo man die endemischen Hirsche der Region sehen kann.<\/p>\n\n<h2 class=\"wp-block-heading\">Wo kann man auf den Keys \u00fcbernachten?<\/h2>\n\n<p>Die richtige Unterkunft zu finden, ist eine wesentliche Voraussetzung, um die Reise in vollen Z\u00fcgen genie\u00dfen zu k\u00f6nnen.<\/p>\n\n<p>Die Optionen sind vielf\u00e4ltig, je nach Ihrem Budget und Ihren Vorlieben:<\/p>\n\n<figure class=\"wp-block-table\"><table class=\"has-fixed-layout\"><tbody><tr><td><strong>Stadt<\/strong><\/td><td><strong>Unterkunft<\/strong><\/td><td><strong>Durchschnittspreis\/Nacht<\/strong><\/td><\/tr><tr><td>Key Largo<\/td><td><a href=\"https:\/\/www.marriott.com\/en-us\/hotels\/mthak-playa-largo-resort-and-spa-autograph-collection\/overview\/?scid=f2ae0541-1279-4f24-b197-a979c79310b0\">Playa Largo Resort &amp; Spa<\/a><\/td><td>180$<\/td><\/tr><tr><td>Marathon<\/td><td><a href=\"https:\/\/www.hawkscay.com\/?NCK=8666906422&amp;utm_source=google&amp;utm_medium=listing&amp;utm_campaign=hawks+cay+resort\">Hawks Cay Resort<\/a><\/td><td>250$<\/td><\/tr><tr><td>Key West<\/td><td><a href=\"https:\/\/www.themarkerkeywest.com\/?NCK=gl-marker\">The Marker Waterfront Resort<\/a><\/td><td>300$<\/td><\/tr><\/tbody><\/table><\/figure>\n\n<h2 class=\"wp-block-heading\">Instagrammable Photo Spots<\/h2>\n\n<p>Die Keys bieten viele ikonische Orte, die sich perfekt f\u00fcr Ihre Fotos eignen.<\/p>\n\n<p>Der <a href=\"https:\/\/cityofkeywest-fl.gov\/Facilities\/Facility\/Details\/Southernmost-Point-44\">Southernmost Point in Key West<\/a> ist ein Muss, ebenso wie die <a href=\"https:\/\/7milebridge.website\/\">Seven Mile Bridge<\/a> bei Sonnenuntergang. Wenn Sie eine tropische Umgebung suchen, besuchen Sie den <a href=\"https:\/\/www.floridastateparks.org\/BahiaHonda\">Bahia Honda State Park<\/a>, der f\u00fcr sein t\u00fcrkisfarbenes Wasser bekannt ist. <\/p>\n\n<p>Die versunkene Statue <a href=\"https:\/\/www.atlasobscura.com\/places\/christ-of-the-abyss-florida\">Christ of the Abyss<\/a> in Key Largo ist ein einzigartiger Tauchgang, und die <a href=\"https:\/\/www.sunsetcelebration.org\/\">Sunset Celebration<\/a> am <a href=\"https:\/\/www.mallorysquare.com\/\">Mallory Square in Key West<\/a> garantiert spektakul\u00e4re Aufnahmen.<\/p>\n\n<h2 class=\"wp-block-heading\">Aktivit\u00e4ten f\u00fcr Paare und Familien<\/h2>\n\n<h3 class=\"wp-block-heading\">Paar<\/h3>\n\n<p>Eine Reise auf die Keys ist ein romantischer Ausflug par excellence. Ein Abendessen am Meer, z.B. im <a href=\"https:\/\/www.moradabaykeys.com\/dining\/pierres-restaurant\/\">Pierre&#8217;s Restaurant<\/a> in Islamorada, bietet den perfekten Rahmen. Ein Segelbootausflug bei Sonnenuntergang in Key West ist unvergesslich, ebenso wie ein Schnorcheltag am <a href=\"https:\/\/floridakeys.noaa.gov\/zones\/spas\/loeekey.html\">Looe Key Reef<\/a>.  <\/p>\n\n<h3 class=\"wp-block-heading\">Familie<\/h3>\n\n<p>Die Keys sind auch ein perfektes Reiseziel f\u00fcr Familien. Die Kinder werden begeistert sein von : <\/p>\n\n<ul class=\"wp-block-list\">\n<li>Schwimmen mit Delfinen im <a href=\"https:\/\/dolphins.org\/\">Dolphin Research Center<\/a> in Marathon.<\/li>\n\n\n\n<li>Erkunden Sie die interaktiven Aquarien in Key West.<\/li>\n\n\n\n<li>Kajakfahren durch die Mangroven von <a href=\"https:\/\/www.expedia.fr\/Big-Pine-Key.dx7195\">Big Pine Key<\/a>.<\/li>\n<\/ul>\n\n<p>Eine Reise durch die Florida Keys ist eine einzigartige Erfahrung, die erhabene Landschaften, vielf\u00e4ltige Aktivit\u00e4ten und hochwertige Unterk\u00fcnfte miteinander verbindet. Ob Sie nun ein Taucher, ein Roadtrip-Liebhaber oder ein Romantiker sind, diese Reise wird Ihnen unvergessliche Erinnerungen bescheren. Planen Sie Ihre Reiseroute, buchen Sie Ihre Hotels und genie\u00dfen Sie ein au\u00dfergew\u00f6hnliches Abenteuer auf einer der legend\u00e4rsten Stra\u00dfen der USA!  <\/p>\n\n<p><\/p>\n","protected":false},"excerpt":{"rendered":"<p>Reisef\u00fchrer f\u00fcr einen Roadtrip durch die Keys in den USA Die Florida Keys sind ein paradiesischer Archipel, der sich \u00fcber 180 km zwischen Key Largo und Key West erstreckt. Die Fahrt \u00fcber den Overseas Highway (US-1) auf dieser legend\u00e4ren Stra\u00dfe bietet unvergessliche Landschaften, strategische Stopps und das Eintauchen in eine einzigartige tropische Atmosph\u00e4re. Ob Sie [&hellip;]<\/p>\n","protected":false},"author":1,"featured_media":0,"parent":0,"menu_order":0,"comment_status":"closed","ping_status":"closed","template":"","meta":{"footnotes":""},"class_list":["post-7817","page","type-page","status-publish","hentry"],"yoast_head":"<!-- This site is optimized with the Yoast SEO plugin v27.4 - https:\/\/yoast.com\/product\/yoast-seo-wordpress\/ -->\n<title>Roadtrip durch die Keys: Reiseplan, Tipps und Top-Tipps in Florida - USA B2<\/title>\n<meta name=\"description\" content=\"Entdecken Sie den Reisef\u00fchrer f\u00fcr einen Roadtrip durch die Florida Keys: Route, Landschaften, Hotels, Aktivit\u00e4ten und Instagrammable Photo Spots.\" \/>\n<meta name=\"robots\" content=\"index, follow, max-snippet:-1, max-image-preview:large, max-video-preview:-1\" \/>\n<link rel=\"canonical\" href=\"https:\/\/usa-b2.com\/de\/florida-keys\/\" \/>\n<meta property=\"og:locale\" content=\"de_DE\" \/>\n<meta property=\"og:type\" content=\"article\" \/>\n<meta property=\"og:title\" content=\"Roadtrip durch die Keys: Reiseplan, Tipps und Top-Tipps in Florida - USA B2\" \/>\n<meta property=\"og:description\" content=\"Entdecken Sie den Reisef\u00fchrer f\u00fcr einen Roadtrip durch die Florida Keys: Route, Landschaften, Hotels, Aktivit\u00e4ten und Instagrammable Photo Spots.\" \/>\n<meta property=\"og:url\" content=\"https:\/\/usa-b2.com\/de\/florida-keys\/\" \/>\n<meta property=\"og:site_name\" content=\"USA B2\" \/>\n<meta property=\"article:modified_time\" content=\"2025-06-05T09:36:02+00:00\" \/>\n<meta property=\"og:image\" content=\"https:\/\/usa-b2.com\/wp-content\/uploads\/2025\/03\/Keys-Florida-1.png\" \/>\n\t<meta property=\"og:image:width\" content=\"1099\" \/>\n\t<meta property=\"og:image:height\" content=\"618\" \/>\n\t<meta property=\"og:image:type\" content=\"image\/png\" \/>\n<meta name=\"twitter:card\" content=\"summary_large_image\" \/>\n<meta name=\"twitter:label1\" content=\"Gesch\u00e4tzte Lesezeit\" \/>\n\t<meta name=\"twitter:data1\" content=\"3\u00a0Minuten\" \/>\n<script type=\"application\/ld+json\" class=\"yoast-schema-graph\">{\"@context\":\"https:\\\/\\\/schema.org\",\"@graph\":[{\"@type\":\"WebPage\",\"@id\":\"https:\\\/\\\/usa-b2.com\\\/de\\\/florida-keys\\\/\",\"url\":\"https:\\\/\\\/usa-b2.com\\\/de\\\/florida-keys\\\/\",\"name\":\"Roadtrip durch die Keys: Reiseplan, Tipps und Top-Tipps in Florida - USA B2\",\"isPartOf\":{\"@id\":\"https:\\\/\\\/usa-b2.com\\\/de\\\/#website\"},\"primaryImageOfPage\":{\"@id\":\"https:\\\/\\\/usa-b2.com\\\/de\\\/florida-keys\\\/#primaryimage\"},\"image\":{\"@id\":\"https:\\\/\\\/usa-b2.com\\\/de\\\/florida-keys\\\/#primaryimage\"},\"thumbnailUrl\":\"https:\\\/\\\/usa-b2.com\\\/wp-content\\\/uploads\\\/2025\\\/03\\\/Keys-Florida-1-1024x576.png\",\"datePublished\":\"2025-03-17T11:01:36+00:00\",\"dateModified\":\"2025-06-05T09:36:02+00:00\",\"description\":\"Entdecken Sie den Reisef\u00fchrer f\u00fcr einen Roadtrip durch die Florida Keys: Route, Landschaften, Hotels, Aktivit\u00e4ten und Instagrammable Photo Spots.\",\"breadcrumb\":{\"@id\":\"https:\\\/\\\/usa-b2.com\\\/de\\\/florida-keys\\\/#breadcrumb\"},\"inLanguage\":\"de\",\"potentialAction\":[{\"@type\":\"ReadAction\",\"target\":[\"https:\\\/\\\/usa-b2.com\\\/de\\\/florida-keys\\\/\"]}]},{\"@type\":\"ImageObject\",\"inLanguage\":\"de\",\"@id\":\"https:\\\/\\\/usa-b2.com\\\/de\\\/florida-keys\\\/#primaryimage\",\"url\":\"https:\\\/\\\/usa-b2.com\\\/wp-content\\\/uploads\\\/2025\\\/03\\\/Keys-Florida-1-1024x576.png\",\"contentUrl\":\"https:\\\/\\\/usa-b2.com\\\/wp-content\\\/uploads\\\/2025\\\/03\\\/Keys-Florida-1-1024x576.png\"},{\"@type\":\"BreadcrumbList\",\"@id\":\"https:\\\/\\\/usa-b2.com\\\/de\\\/florida-keys\\\/#breadcrumb\",\"itemListElement\":[{\"@type\":\"ListItem\",\"position\":1,\"name\":\"Accueil\",\"item\":\"https:\\\/\\\/usa-b2.com\\\/de\\\/usa\\\/\"},{\"@type\":\"ListItem\",\"position\":2,\"name\":\"Roadtrip durch die Keys: Reiseplan, Tipps und Top-Tipps in Florida\"}]},{\"@type\":\"WebSite\",\"@id\":\"https:\\\/\\\/usa-b2.com\\\/de\\\/#website\",\"url\":\"https:\\\/\\\/usa-b2.com\\\/de\\\/\",\"name\":\"USA B2 VISA\",\"description\":\"\",\"potentialAction\":[{\"@type\":\"SearchAction\",\"target\":{\"@type\":\"EntryPoint\",\"urlTemplate\":\"https:\\\/\\\/usa-b2.com\\\/de\\\/?s={search_term_string}\"},\"query-input\":{\"@type\":\"PropertyValueSpecification\",\"valueRequired\":true,\"valueName\":\"search_term_string\"}}],\"inLanguage\":\"de\"}]}<\/script>\n<!-- \/ Yoast SEO plugin. -->","yoast_head_json":{"title":"Roadtrip durch die Keys: Reiseplan, Tipps und Top-Tipps in Florida - USA B2","description":"Entdecken Sie den Reisef\u00fchrer f\u00fcr einen Roadtrip durch die Florida Keys: Route, Landschaften, Hotels, Aktivit\u00e4ten und Instagrammable Photo Spots.","robots":{"index":"index","follow":"follow","max-snippet":"max-snippet:-1","max-image-preview":"max-image-preview:large","max-video-preview":"max-video-preview:-1"},"canonical":"https:\/\/usa-b2.com\/de\/florida-keys\/","og_locale":"de_DE","og_type":"article","og_title":"Roadtrip durch die Keys: Reiseplan, Tipps und Top-Tipps in Florida - USA B2","og_description":"Entdecken Sie den Reisef\u00fchrer f\u00fcr einen Roadtrip durch die Florida Keys: Route, Landschaften, Hotels, Aktivit\u00e4ten und Instagrammable Photo Spots.","og_url":"https:\/\/usa-b2.com\/de\/florida-keys\/","og_site_name":"USA B2","article_modified_time":"2025-06-05T09:36:02+00:00","og_image":[{"width":1099,"height":618,"url":"https:\/\/usa-b2.com\/wp-content\/uploads\/2025\/03\/Keys-Florida-1.png","type":"image\/png"}],"twitter_card":"summary_large_image","twitter_misc":{"Gesch\u00e4tzte Lesezeit":"3\u00a0Minuten"},"schema":{"@context":"https:\/\/schema.org","@graph":[{"@type":"WebPage","@id":"https:\/\/usa-b2.com\/de\/florida-keys\/","url":"https:\/\/usa-b2.com\/de\/florida-keys\/","name":"Roadtrip durch die Keys: Reiseplan, Tipps und Top-Tipps in Florida - USA B2","isPartOf":{"@id":"https:\/\/usa-b2.com\/de\/#website"},"primaryImageOfPage":{"@id":"https:\/\/usa-b2.com\/de\/florida-keys\/#primaryimage"},"image":{"@id":"https:\/\/usa-b2.com\/de\/florida-keys\/#primaryimage"},"thumbnailUrl":"https:\/\/usa-b2.com\/wp-content\/uploads\/2025\/03\/Keys-Florida-1-1024x576.png","datePublished":"2025-03-17T11:01:36+00:00","dateModified":"2025-06-05T09:36:02+00:00","description":"Entdecken Sie den Reisef\u00fchrer f\u00fcr einen Roadtrip durch die Florida Keys: Route, Landschaften, Hotels, Aktivit\u00e4ten und Instagrammable Photo Spots.","breadcrumb":{"@id":"https:\/\/usa-b2.com\/de\/florida-keys\/#breadcrumb"},"inLanguage":"de","potentialAction":[{"@type":"ReadAction","target":["https:\/\/usa-b2.com\/de\/florida-keys\/"]}]},{"@type":"ImageObject","inLanguage":"de","@id":"https:\/\/usa-b2.com\/de\/florida-keys\/#primaryimage","url":"https:\/\/usa-b2.com\/wp-content\/uploads\/2025\/03\/Keys-Florida-1-1024x576.png","contentUrl":"https:\/\/usa-b2.com\/wp-content\/uploads\/2025\/03\/Keys-Florida-1-1024x576.png"},{"@type":"BreadcrumbList","@id":"https:\/\/usa-b2.com\/de\/florida-keys\/#breadcrumb","itemListElement":[{"@type":"ListItem","position":1,"name":"Accueil","item":"https:\/\/usa-b2.com\/de\/usa\/"},{"@type":"ListItem","position":2,"name":"Roadtrip durch die Keys: Reiseplan, Tipps und Top-Tipps in Florida"}]},{"@type":"WebSite","@id":"https:\/\/usa-b2.com\/de\/#website","url":"https:\/\/usa-b2.com\/de\/","name":"USA B2 VISA","description":"","potentialAction":[{"@type":"SearchAction","target":{"@type":"EntryPoint","urlTemplate":"https:\/\/usa-b2.com\/de\/?s={search_term_string}"},"query-input":{"@type":"PropertyValueSpecification","valueRequired":true,"valueName":"search_term_string"}}],"inLanguage":"de"}]}},"_links":{"self":[{"href":"https:\/\/usa-b2.com\/de\/wp-json\/wp\/v2\/pages\/7817","targetHints":{"allow":["GET"]}}],"collection":[{"href":"https:\/\/usa-b2.com\/de\/wp-json\/wp\/v2\/pages"}],"about":[{"href":"https:\/\/usa-b2.com\/de\/wp-json\/wp\/v2\/types\/page"}],"author":[{"embeddable":true,"href":"https:\/\/usa-b2.com\/de\/wp-json\/wp\/v2\/users\/1"}],"replies":[{"embeddable":true,"href":"https:\/\/usa-b2.com\/de\/wp-json\/wp\/v2\/comments?post=7817"}],"version-history":[{"count":0,"href":"https:\/\/usa-b2.com\/de\/wp-json\/wp\/v2\/pages\/7817\/revisions"}],"wp:attachment":[{"href":"https:\/\/usa-b2.com\/de\/wp-json\/wp\/v2\/media?parent=7817"}],"curies":[{"name":"wp","href":"https:\/\/api.w.org\/{rel}","templated":true}]}}