{"id":7066,"date":"2025-01-09T15:37:29","date_gmt":"2025-01-09T15:37:29","guid":{"rendered":"https:\/\/usa-b2.com\/usa-roadtrips\/"},"modified":"2026-04-17T06:48:47","modified_gmt":"2026-04-17T06:48:47","slug":"usa","status":"publish","type":"page","link":"https:\/\/usa-b2.com\/de\/","title":{"rendered":"Formalit\u00e4ten und Visa f\u00fcr Reisen in die USA"},"content":{"rendered":"\t\t<div data-elementor-type=\"wp-page\" data-elementor-id=\"7066\" class=\"elementor elementor-7066 elementor-5862\" data-elementor-post-type=\"page\">\n\t\t\t\t<div class=\"elementor-element elementor-element-25f0184b e-flex e-con-boxed e-con e-parent\" data-id=\"25f0184b\" data-element_type=\"container\" data-e-type=\"container\">\n\t\t\t\t\t<div class=\"e-con-inner\">\n\t\t\t\t<div class=\"elementor-element elementor-element-da8eda0 elementor-widget elementor-widget-heading\" data-id=\"da8eda0\" data-element_type=\"widget\" data-e-type=\"widget\" data-widget_type=\"heading.default\">\n\t\t\t\t<div class=\"elementor-widget-container\">\n\t\t\t\t\t<h1 class=\"elementor-heading-title elementor-size-default\">Einreise in die USA: Formalit\u00e4ten, Visa und Reisegenehmigungen<\/h1>\t\t\t\t<\/div>\n\t\t\t\t<\/div>\n\t\t\t\t<div class=\"elementor-element elementor-element-3057987b elementor-widget elementor-widget-text-editor\" data-id=\"3057987b\" data-element_type=\"widget\" data-e-type=\"widget\" data-widget_type=\"text-editor.default\">\n\t\t\t\t<div class=\"elementor-widget-container\">\n\t\t\t\t\t\t\t\t\t<p>Die Einreise in die Vereinigten Staaten unterliegt strengen Regeln, die von den US-Bundesbeh\u00f6rden festgelegt wurden. Je nach Ihrer Staatsangeh\u00f6rigkeit, der Dauer und dem Grund Ihres Aufenthalts m\u00fcssen Sie entweder eine elektronische Reisegenehmigung oder ein Visum beantragen, das von den US-Konsularbeh\u00f6rden ausgestellt wird. <\/p>\n<p>Ob Sie Tourist, Gesch\u00e4ftsreisender, Student oder Transitreisender sind, die Anforderungen f\u00fcr die Einreise nach Europa k\u00f6nnen je nach Ihrer Nationalit\u00e4t, der Dauer Ihres Aufenthalts und dem Zielland variieren. Hier finden Sie alle Informationen, die Sie ben\u00f6tigen, um zu verstehen, was Sie vor Ihrer Abreise tun m\u00fcssen. <\/p>\t\t\t\t\t\t\t\t<\/div>\n\t\t\t\t<\/div>\n\t\t\t\t\t<\/div>\n\t\t\t\t<\/div>\n\t\t<div class=\"elementor-element elementor-element-0783ab2 e-flex e-con-boxed e-con e-parent\" data-id=\"0783ab2\" data-element_type=\"container\" data-e-type=\"container\">\n\t\t\t\t\t<div class=\"e-con-inner\">\n\t\t\t\t<div class=\"elementor-element elementor-element-655d6cf elementor-widget elementor-widget-heading\" data-id=\"655d6cf\" data-element_type=\"widget\" data-e-type=\"widget\" data-widget_type=\"heading.default\">\n\t\t\t\t<div class=\"elementor-widget-container\">\n\t\t\t\t\t<h1 class=\"elementor-heading-title elementor-size-default\">Wichtigste Einreiseformalit\u00e4ten f\u00fcr die USA<\/h1>\t\t\t\t<\/div>\n\t\t\t\t<\/div>\n\t\t\t\t<div class=\"elementor-element elementor-element-bc72304 elementor-widget elementor-widget-text-editor\" data-id=\"bc72304\" data-element_type=\"widget\" data-e-type=\"widget\" data-widget_type=\"text-editor.default\">\n\t\t\t\t<div class=\"elementor-widget-container\">\n\t\t\t\t\t\t\t\t\t<p>Die Anforderungen in Bezug auf pers\u00f6nliche Dokumente oder Verpflichtungen k\u00f6nnen Folgendes umfassen:<\/p>\n<ul>\n<li>Einen <a href=\"https:\/\/usa-b2.com\/de\/reisepass-fur-die-usa\/\">g\u00fcltigen biometrischen Reisepass<\/a><\/li>\n<li>Eine <a href=\"https:\/\/usa-b2.com\/de\/was-ist-esta\/\">ESTA-Genehmigung<\/a> oder ein g\u00fcltiges Visum<\/li>\n<li>Ein R\u00fcckflug- oder Weiterflugticket<\/li>\n<li>Belege f\u00fcr den Aufenthalt (Unterkunft, finanzielle Mittel)<\/li>\n<li>Einhaltung der geltenden Gesundheits- und Sicherheitsbedingungen<\/li>\n<\/ul>\n<p> <\/p>\n<p>Die Nichteinhaltung dieser Anforderungen kann dazu f\u00fchren, dass Ihnen die Einschiffung oder die Einreise in die USA verweigert wird.<\/p>\t\t\t\t\t\t\t\t<\/div>\n\t\t\t\t<\/div>\n\t\t\t\t\t<\/div>\n\t\t\t\t<\/div>\n\t\t<div class=\"elementor-element elementor-element-3b41ded e-flex e-con-boxed e-con e-parent\" data-id=\"3b41ded\" data-element_type=\"container\" data-e-type=\"container\">\n\t\t\t\t\t<div class=\"e-con-inner\">\n\t\t\t\t<div class=\"elementor-element elementor-element-5eed267 elementor-widget elementor-widget-heading\" data-id=\"5eed267\" data-element_type=\"widget\" data-e-type=\"widget\" data-widget_type=\"heading.default\">\n\t\t\t\t<div class=\"elementor-widget-container\">\n\t\t\t\t\t<h1 class=\"elementor-heading-title elementor-size-default\">Gesetzlicher Rahmen und Einreisekontrollen<\/h1>\t\t\t\t<\/div>\n\t\t\t\t<\/div>\n\t\t\t\t<div class=\"elementor-element elementor-element-f65c260 elementor-widget elementor-widget-text-editor\" data-id=\"f65c260\" data-element_type=\"widget\" data-e-type=\"widget\" data-widget_type=\"text-editor.default\">\n\t\t\t\t<div class=\"elementor-widget-container\">\n\t\t\t\t\t\t\t\t\t<p>Die US-Beh\u00f6rden, insbesondere das <a href=\"https:\/\/www.dhs.gov\/\">Department of Homeland Security<\/a> (DHS) und die <a href=\"https:\/\/www.cbp.gov\/\">Customs and Border Protection<\/a> (CBP), haben einen Ermessensspielraum bei der Grenzkontrolle.<\/p>\n<p>Selbst wenn Sie im Besitz eines g\u00fcltigen <a href=\"https:\/\/usa-b2.com\/de\/b2-visum\/\">B2-Visums<\/a> oder einer ESTA-Genehmigung sind, ist die Einreise in das Land nie garantiert.<\/p>\t\t\t\t\t\t\t\t<\/div>\n\t\t\t\t<\/div>\n\t\t\t\t\t<\/div>\n\t\t\t\t<\/div>\n\t\t<div class=\"elementor-element elementor-element-16607a42 e-flex e-con-boxed e-con e-parent\" data-id=\"16607a42\" data-element_type=\"container\" data-e-type=\"container\">\n\t\t\t\t\t<div class=\"e-con-inner\">\n\t\t\t\t<div class=\"elementor-element elementor-element-5a4c4ba9 elementor-widget elementor-widget-heading\" data-id=\"5a4c4ba9\" data-element_type=\"widget\" data-e-type=\"widget\" data-widget_type=\"heading.default\">\n\t\t\t\t<div class=\"elementor-widget-container\">\n\t\t\t\t\t<h2 class=\"elementor-heading-title elementor-size-default\">Identifizieren Sie die f\u00fcr Ihre Situation geeignete Formalit\u00e4t<\/h2>\t\t\t\t<\/div>\n\t\t\t\t<\/div>\n\t\t\t\t<div class=\"elementor-element elementor-element-44123fad elementor-widget elementor-widget-text-editor\" data-id=\"44123fad\" data-element_type=\"widget\" data-e-type=\"widget\" data-widget_type=\"text-editor.default\">\n\t\t\t\t<div class=\"elementor-widget-container\">\n\t\t\t\t\t\t\t\t\t<p>Bevor Sie etwas unternehmen, ist es wichtig zu wissen, welche Einreiseregelung f\u00fcr den Reisenden gilt:<\/p>\t\t\t\t\t\t\t\t<\/div>\n\t\t\t\t<\/div>\n\t\t\t\t\t<\/div>\n\t\t\t\t<\/div>\n\t\t\t\t<section class=\"elementor-section elementor-inner-section elementor-element elementor-element-4134e1d elementor-section-boxed elementor-section-height-default elementor-section-height-default\" data-id=\"4134e1d\" data-element_type=\"section\" data-e-type=\"section\">\n\t\t\t\t\t\t<div class=\"elementor-container elementor-column-gap-narrow\">\n\t\t\t\t\t<div class=\"elementor-column elementor-col-33 elementor-inner-column elementor-element elementor-element-24af75f4\" data-id=\"24af75f4\" data-element_type=\"column\" data-e-type=\"column\" data-settings=\"{&quot;background_background&quot;:&quot;classic&quot;}\">\n\t\t\t<div class=\"elementor-widget-wrap elementor-element-populated\">\n\t\t\t\t\t\t<div class=\"elementor-element elementor-element-fb508c6 elementor-widget elementor-widget-heading\" data-id=\"fb508c6\" data-element_type=\"widget\" data-e-type=\"widget\" data-widget_type=\"heading.default\">\n\t\t\t\t<div class=\"elementor-widget-container\">\n\t\t\t\t\t<h3 class=\"elementor-heading-title elementor-size-default\">Kurze touristische Reise<\/h3>\t\t\t\t<\/div>\n\t\t\t\t<\/div>\n\t\t\t\t<div class=\"elementor-element elementor-element-d1b2990 elementor-widget elementor-widget-text-editor\" data-id=\"d1b2990\" data-element_type=\"widget\" data-e-type=\"widget\" data-widget_type=\"text-editor.default\">\n\t\t\t\t<div class=\"elementor-widget-container\">\n\t\t\t\t\t\t\t\t\t<p>Ein Visum ist nicht erforderlich. F\u00fcllen Sie einfach das <a href=\"https:\/\/usa-b2.com\/de\/esta-online-formular\/\">ESTA-Formular online<\/a> aus.<\/p>\t\t\t\t\t\t\t\t<\/div>\n\t\t\t\t<\/div>\n\t\t\t\t\t<\/div>\n\t\t<\/div>\n\t\t\t\t<div class=\"elementor-column elementor-col-33 elementor-inner-column elementor-element elementor-element-ecde766\" data-id=\"ecde766\" data-element_type=\"column\" data-e-type=\"column\" data-settings=\"{&quot;background_background&quot;:&quot;classic&quot;}\">\n\t\t\t<div class=\"elementor-widget-wrap elementor-element-populated\">\n\t\t\t\t\t\t<div class=\"elementor-element elementor-element-99a3cf6 elementor-widget elementor-widget-heading\" data-id=\"99a3cf6\" data-element_type=\"widget\" data-e-type=\"widget\" data-widget_type=\"heading.default\">\n\t\t\t\t<div class=\"elementor-widget-container\">\n\t\t\t\t\t<h3 class=\"elementor-heading-title elementor-size-default\">L\u00e4ngerer touristischer Aufenthalt<\/h3>\t\t\t\t<\/div>\n\t\t\t\t<\/div>\n\t\t\t\t<div class=\"elementor-element elementor-element-bc73e2d elementor-widget elementor-widget-text-editor\" data-id=\"bc73e2d\" data-element_type=\"widget\" data-e-type=\"widget\" data-widget_type=\"text-editor.default\">\n\t\t\t\t<div class=\"elementor-widget-container\">\n\t\t\t\t\t\t\t\t\t<p>Bei einem Aufenthalt von mehr als 90 Tagen m\u00fcssen Sie das <a href=\"https:\/\/usa-b2.com\/de\/b2-visumformular-online\/\">B2-Visum-Formular<\/a> ausf\u00fcllen.<\/p>\t\t\t\t\t\t\t\t<\/div>\n\t\t\t\t<\/div>\n\t\t\t\t\t<\/div>\n\t\t<\/div>\n\t\t\t\t<div class=\"elementor-column elementor-col-33 elementor-inner-column elementor-element elementor-element-d523a50\" data-id=\"d523a50\" data-element_type=\"column\" data-e-type=\"column\" data-settings=\"{&quot;background_background&quot;:&quot;classic&quot;}\">\n\t\t\t<div class=\"elementor-widget-wrap elementor-element-populated\">\n\t\t\t\t\t\t<div class=\"elementor-element elementor-element-1b87837 elementor-widget elementor-widget-heading\" data-id=\"1b87837\" data-element_type=\"widget\" data-e-type=\"widget\" data-widget_type=\"heading.default\">\n\t\t\t\t<div class=\"elementor-widget-container\">\n\t\t\t\t\t<h3 class=\"elementor-heading-title elementor-size-default\">Gesch\u00e4ftsreisen<\/h3>\t\t\t\t<\/div>\n\t\t\t\t<\/div>\n\t\t\t\t<div class=\"elementor-element elementor-element-ce3d72b elementor-widget elementor-widget-text-editor\" data-id=\"ce3d72b\" data-element_type=\"widget\" data-e-type=\"widget\" data-widget_type=\"text-editor.default\">\n\t\t\t\t<div class=\"elementor-widget-container\">\n\t\t\t\t\t\t\t\t\t<p>Sie m\u00fcssen ein <a href=\"https:\/\/usa-b2.com\/de\/transit-visum-usa\/\">Transitvisum<\/a> beantragen oder eines der speziellen US-Visa w\u00e4hlen.  <\/p>\t\t\t\t\t\t\t\t<\/div>\n\t\t\t\t<\/div>\n\t\t\t\t\t<\/div>\n\t\t<\/div>\n\t\t\t\t\t<\/div>\n\t\t<\/section>\n\t\t<div class=\"elementor-element elementor-element-bcc78b1 e-flex e-con-boxed e-con e-parent\" data-id=\"bcc78b1\" data-element_type=\"container\" data-e-type=\"container\">\n\t\t\t\t\t<div class=\"e-con-inner\">\n\t\t\t\t<div class=\"elementor-element elementor-element-d12a41e elementor-widget elementor-widget-spacer\" data-id=\"d12a41e\" data-element_type=\"widget\" data-e-type=\"widget\" data-widget_type=\"spacer.default\">\n\t\t\t\t<div class=\"elementor-widget-container\">\n\t\t\t\t\t\t\t<div class=\"elementor-spacer\">\n\t\t\t<div class=\"elementor-spacer-inner\"><\/div>\n\t\t<\/div>\n\t\t\t\t\t\t<\/div>\n\t\t\t\t<\/div>\n\t\t\t\t<div class=\"elementor-element elementor-element-9771599 elementor-widget elementor-widget-heading\" data-id=\"9771599\" data-element_type=\"widget\" data-e-type=\"widget\" data-widget_type=\"heading.default\">\n\t\t\t\t<div class=\"elementor-widget-container\">\n\t\t\t\t\t<h2 class=\"elementor-heading-title elementor-size-default\">Vorbereitung auf den Aufenthalt in den USA<\/h2>\t\t\t\t<\/div>\n\t\t\t\t<\/div>\n\t\t\t\t<div class=\"elementor-element elementor-element-81e2890 elementor-widget elementor-widget-image\" data-id=\"81e2890\" data-element_type=\"widget\" data-e-type=\"widget\" data-widget_type=\"image.default\">\n\t\t\t\t<div class=\"elementor-widget-container\">\n\t\t\t\t\t\t\t\t\t\t\t\t<figure class=\"wp-caption\">\n\t\t\t\t\t\t\t\t\t\t<img fetchpriority=\"high\" decoding=\"async\" width=\"768\" height=\"615\" src=\"https:\/\/usa-b2.com\/wp-content\/uploads\/2026\/04\/usa-travel-768x615.png\" class=\"attachment-medium_large size-medium_large wp-image-11226\" alt=\"Reise in die USA\" srcset=\"https:\/\/usa-b2.com\/wp-content\/uploads\/2026\/04\/usa-travel-768x615.png 768w, https:\/\/usa-b2.com\/wp-content\/uploads\/2026\/04\/usa-travel-300x240.png 300w, https:\/\/usa-b2.com\/wp-content\/uploads\/2026\/04\/usa-travel-1024x819.png 1024w, https:\/\/usa-b2.com\/wp-content\/uploads\/2026\/04\/usa-travel.png 1402w\" sizes=\"(max-width: 768px) 100vw, 768px\" \/>\t\t\t\t\t\t\t\t\t\t\t<figcaption class=\"widget-image-caption wp-caption-text\">Vorbereitung auf eine Reise in die USA<\/figcaption>\n\t\t\t\t\t\t\t\t\t\t<\/figure>\n\t\t\t\t\t\t\t\t\t<\/div>\n\t\t\t\t<\/div>\n\t\t\t\t\t<\/div>\n\t\t\t\t<\/div>\n\t\t<div class=\"elementor-element elementor-element-aa03b27 e-flex e-con-boxed e-con e-parent\" data-id=\"aa03b27\" data-element_type=\"container\" data-e-type=\"container\">\n\t\t\t\t\t<div class=\"e-con-inner\">\n\t\t\t\t<div class=\"elementor-element elementor-element-9420c73 elementor-widget elementor-widget-spacer\" data-id=\"9420c73\" data-element_type=\"widget\" data-e-type=\"widget\" data-widget_type=\"spacer.default\">\n\t\t\t\t<div class=\"elementor-widget-container\">\n\t\t\t\t\t\t\t<div class=\"elementor-spacer\">\n\t\t\t<div class=\"elementor-spacer-inner\"><\/div>\n\t\t<\/div>\n\t\t\t\t\t\t<\/div>\n\t\t\t\t<\/div>\n\t\t\t\t\t<\/div>\n\t\t\t\t<\/div>\n\t\t<div class=\"elementor-element elementor-element-5908cfe e-flex e-con-boxed e-con e-parent\" data-id=\"5908cfe\" data-element_type=\"container\" data-e-type=\"container\">\n\t\t\t\t\t<div class=\"e-con-inner\">\n\t\t<div class=\"elementor-element elementor-element-defe722 e-con-full e-flex e-con e-child\" data-id=\"defe722\" data-element_type=\"container\" data-e-type=\"container\">\n\t\t\t\t<div class=\"elementor-element elementor-element-0a47d46 elementor-widget elementor-widget-heading\" data-id=\"0a47d46\" data-element_type=\"widget\" data-e-type=\"widget\" data-widget_type=\"heading.default\">\n\t\t\t\t<div class=\"elementor-widget-container\">\n\t\t\t\t\t<h2 class=\"elementor-heading-title elementor-size-default\">Die besten Road Trips durch die USA<\/h2>\t\t\t\t<\/div>\n\t\t\t\t<\/div>\n\t\t\t\t<div class=\"elementor-element elementor-element-151d6e2 elementor-widget elementor-widget-heading\" data-id=\"151d6e2\" data-element_type=\"widget\" data-e-type=\"widget\" data-widget_type=\"heading.default\">\n\t\t\t\t<div class=\"elementor-widget-container\">\n\t\t\t\t\t<h5 class=\"elementor-heading-title elementor-size-default\">Hier finden Sie eine Liste der besten Roadtrips in den USA. Diese Routen beinhalten wundersch\u00f6ne Landschaften, kulturelle Attraktionen und Stops, die Sie sich nicht entgehen lassen sollten. <\/h5>\t\t\t\t<\/div>\n\t\t\t\t<\/div>\n\t\t\t\t<\/div>\n\t\t\t\t\t<\/div>\n\t\t\t\t<\/div>\n\t\t<div class=\"elementor-element elementor-element-42d81b6 e-flex e-con-boxed e-con e-parent\" data-id=\"42d81b6\" data-element_type=\"container\" data-e-type=\"container\">\n\t\t\t\t\t<div class=\"e-con-inner\">\n\t\t\t\t<div class=\"elementor-element elementor-element-895c792 elementor-widget elementor-widget-html\" data-id=\"895c792\" data-element_type=\"widget\" data-e-type=\"widget\" data-widget_type=\"html.default\">\n\t\t\t\t<div class=\"elementor-widget-container\">\n\t\t\t\t\t<table>\n  <thead>\n    <tr>\n      <th>Name des Road Trips<\/th>\n      <th>Entfernung<\/th>\n      <th>Dauer<\/th>\n    <\/tr>\n  <\/thead>\n  <tbody>\n    <tr>\n      <td><a href=\"https:\/\/usa-b2.com\/de\/pacific-coast-highway\/\">Pacific Coast Highway<\/a><\/td>\n      <td>~1.050 km (650 Meilen)<\/td>\n      <td>7-10 Tage<\/td>\n    <\/tr>\n    <tr>\n      <td><a href=\"https:\/\/usa-b2.com\/de\/grosse-parks-im-westen-und-in-den-vereinigten-staaten\/\">Gro\u00dfe Parks im Westen<\/a><\/td>\n      <td>~1.100 km (680 Meilen)<\/td>\n      <td>7-9 Tage<\/td>\n    <\/tr>\n    <tr>\n      <td><a href=\"https:\/\/usa-b2.com\/de\/yosemite-sierra-nevada-usa\/\">Yosemite &amp; Sierra Nevada<\/a><\/td>\n      <td>~500 km (310 Meilen)<\/td>\n      <td>4-5 Tage<\/td>\n    <\/tr>\n    <tr>\n      <td><a href=\"https:\/\/usa-b2.com\/de\/wuste-nevada-usa\/\">Nevada und Kalifornien<\/a><\/td>\n      <td>~1.200 km (750 Meilen)<\/td>\n      <td>6-8 Tage<\/td>\n    <\/tr>\n    <tr>\n      <td><a href=\"https:\/\/usa-b2.com\/de\/blue-ridge-parkway-vereinigte-staaten\/\">Blue Ridge Parkway<\/a><\/td>\n      <td>~755 km (469 Meilen)<\/td>\n      <td>5-7 Tage<\/td>\n    <\/tr>\n    <tr>\n      <td><a href=\"https:\/\/usa-b2.com\/de\/herbstlaub-tour-durch-neuengland\/\">New England Fall Foliage Tour<\/a><\/td>\n      <td>~800 km (500 Meilen)<\/td>\n      <td>7-9 Tage<\/td>\n    <\/tr>\n    <tr>\n      <td><a href=\"https:\/\/usa-b2.com\/de\/roadtrip-von-boston-nach-washington\/\">Von Boston nach Washington D.C.<\/a><\/td>\n      <td>~725 km (450 Meilen)<\/td>\n      <td>7 Tage<\/td>\n    <\/tr>\n    <tr>\n      <td><a href=\"https:\/\/usa-b2.com\/de\/straende-florida-atlantikkueste\/\">Die Str\u00e4nde von Florida<\/a><\/td>\n      <td>~600 km (370 Meilen)<\/td>\n      <td>5 Tage<\/td>\n    <\/tr>\n    <tr>\n      <td><a href=\"https:\/\/usa-b2.com\/de\/route-66-the-mother-road\/\">Route 66 (Mother Road)<\/a><\/td>\n      <td>~3.940 km (2.448 Meilen)<\/td>\n      <td>2-3 Wochen<\/td>\n    <\/tr>\n    <tr>\n      <td><a href=\"https:\/\/usa-b2.com\/de\/great-lakes-circle-tour\/\">Great Lakes Circle Tour<\/a><\/td>\n      <td>~2.000 km (1.240 Meilen)<\/td>\n      <td>10-14 Tage<\/td>\n    <\/tr>\n    <tr>\n      <td><a href=\"https:\/\/usa-b2.com\/de\/badlands-et-black-hills-dakota-du-sud\/\">Badlands und Black Hills<\/a><\/td>\n      <td>~1.000 km (620 Meilen)<\/td>\n      <td>7 Tage<\/td>\n    <\/tr>\n    <tr>\n      <td><a href=\"https:\/\/usa-b2.com\/de\/ozarks-scenic-byway-missouri\/\">Ozarks Scenic Byway<\/a><\/td>\n      <td>~500 km (310 Meilen)<\/td>\n      <td>4-5 Tage<\/td>\n    <\/tr>\n    <tr>\n      <td><a href=\"https:\/\/usa-b2.com\/de\/texas-hill-country\/\">Texas Hill Country<\/a><\/td>\n      <td>~450 km (280 Meilen)<\/td>\n      <td>4-5 Tage<\/td>\n    <\/tr>\n    <tr>\n      <td><a href=\"https:\/\/usa-b2.com\/de\/florida-keys\/\">Florida Keys<\/a><\/td>\n      <td>~260 km (160 Meilen)<\/td>\n      <td>3-4 Tage<\/td>\n    <\/tr>\n    <tr>\n      <td><a href=\"https:\/\/usa-b2.com\/de\/suedwest-roadtrip-vereinigte-staaten\/\">Gro\u00dfer Kreis<\/a><\/td>\n      <td>~2.000 km (1.250 Meilen)<\/td>\n      <td>10-14 Tage<\/td>\n    <\/tr>\n    <tr>\n      <td><a href=\"https:\/\/usa-b2.com\/de\/deep-south-music-tour\/\">Deep South Music Tour<\/a><\/td>\n      <td>~1.300 km (800 Meilen)<\/td>\n      <td>10 Tage<\/td>\n    <\/tr>\n  <\/tbody>\n<\/table>\t\t\t\t<\/div>\n\t\t\t\t<\/div>\n\t\t\t\t\t<\/div>\n\t\t\t\t<\/div>\n\t\t\t\t<\/div>\n\t\t","protected":false},"excerpt":{"rendered":"<p>Einreise in die USA: Formalit\u00e4ten, Visa und Reisegenehmigungen Die Einreise in die Vereinigten Staaten unterliegt strengen Regeln, die von den US-Bundesbeh\u00f6rden festgelegt wurden. Je nach Ihrer Staatsangeh\u00f6rigkeit, der Dauer und dem Grund Ihres Aufenthalts m\u00fcssen Sie entweder eine elektronische Reisegenehmigung oder ein Visum beantragen, das von den US-Konsularbeh\u00f6rden ausgestellt wird. Ob Sie Tourist, Gesch\u00e4ftsreisender, Student [&hellip;]<\/p>\n","protected":false},"author":1,"featured_media":0,"parent":0,"menu_order":0,"comment_status":"closed","ping_status":"closed","template":"","meta":{"footnotes":""},"class_list":["post-7066","page","type-page","status-publish","hentry"],"yoast_head":"<!-- This site is optimized with the Yoast SEO plugin v27.4 - https:\/\/yoast.com\/product\/yoast-seo-wordpress\/ -->\n<title>Formalit\u00e4ten und Visa f\u00fcr Reisen in die USA - USA B2<\/title>\n<meta name=\"description\" content=\"Gute Vorbereitung auf die Einreise in die USA: Formalit\u00e4ten, Visa und Reisegenehmigungen f\u00fcr die USA\" \/>\n<meta name=\"robots\" content=\"index, follow, max-snippet:-1, max-image-preview:large, max-video-preview:-1\" \/>\n<link rel=\"canonical\" href=\"https:\/\/usa-b2.com\/de\/\" \/>\n<meta property=\"og:locale\" content=\"de_DE\" \/>\n<meta property=\"og:type\" content=\"article\" \/>\n<meta property=\"og:title\" content=\"Formalit\u00e4ten und Visa f\u00fcr Reisen in die USA - USA B2\" \/>\n<meta property=\"og:description\" content=\"Gute Vorbereitung auf die Einreise in die USA: Formalit\u00e4ten, Visa und Reisegenehmigungen f\u00fcr die USA\" \/>\n<meta property=\"og:url\" content=\"https:\/\/usa-b2.com\/de\/\" \/>\n<meta property=\"og:site_name\" content=\"USA B2\" \/>\n<meta property=\"article:modified_time\" content=\"2026-04-17T06:48:47+00:00\" \/>\n<meta property=\"og:image\" content=\"https:\/\/usa-b2.com\/wp-content\/uploads\/2026\/04\/usa-travel-1024x819.png\" \/>\n\t<meta property=\"og:image:width\" content=\"1024\" \/>\n\t<meta property=\"og:image:height\" content=\"819\" \/>\n\t<meta property=\"og:image:type\" content=\"image\/png\" \/>\n<meta name=\"twitter:card\" content=\"summary_large_image\" \/>\n<meta name=\"twitter:label1\" content=\"Gesch\u00e4tzte Lesezeit\" \/>\n\t<meta name=\"twitter:data1\" content=\"2\u00a0Minuten\" \/>\n<script type=\"application\/ld+json\" class=\"yoast-schema-graph\">{\"@context\":\"https:\\\/\\\/schema.org\",\"@graph\":[{\"@type\":\"WebPage\",\"@id\":\"https:\\\/\\\/usa-b2.com\\\/de\\\/\",\"url\":\"https:\\\/\\\/usa-b2.com\\\/de\\\/\",\"name\":\"Formalit\u00e4ten und Visa f\u00fcr Reisen in die USA - USA B2\",\"isPartOf\":{\"@id\":\"https:\\\/\\\/usa-b2.com\\\/de\\\/#website\"},\"primaryImageOfPage\":{\"@id\":\"https:\\\/\\\/usa-b2.com\\\/de\\\/#primaryimage\"},\"image\":{\"@id\":\"https:\\\/\\\/usa-b2.com\\\/de\\\/#primaryimage\"},\"thumbnailUrl\":\"https:\\\/\\\/usa-b2.com\\\/wp-content\\\/uploads\\\/2026\\\/04\\\/usa-travel-768x615.png\",\"datePublished\":\"2025-01-09T15:37:29+00:00\",\"dateModified\":\"2026-04-17T06:48:47+00:00\",\"description\":\"Gute Vorbereitung auf die Einreise in die USA: Formalit\u00e4ten, Visa und Reisegenehmigungen f\u00fcr die USA\",\"breadcrumb\":{\"@id\":\"https:\\\/\\\/usa-b2.com\\\/de\\\/#breadcrumb\"},\"inLanguage\":\"de\",\"potentialAction\":[{\"@type\":\"ReadAction\",\"target\":[\"https:\\\/\\\/usa-b2.com\\\/de\\\/\"]}]},{\"@type\":\"ImageObject\",\"inLanguage\":\"de\",\"@id\":\"https:\\\/\\\/usa-b2.com\\\/de\\\/#primaryimage\",\"url\":\"https:\\\/\\\/usa-b2.com\\\/wp-content\\\/uploads\\\/2026\\\/04\\\/usa-travel-768x615.png\",\"contentUrl\":\"https:\\\/\\\/usa-b2.com\\\/wp-content\\\/uploads\\\/2026\\\/04\\\/usa-travel-768x615.png\"},{\"@type\":\"BreadcrumbList\",\"@id\":\"https:\\\/\\\/usa-b2.com\\\/de\\\/#breadcrumb\",\"itemListElement\":[{\"@type\":\"ListItem\",\"position\":1,\"name\":\"Accueil\",\"item\":\"https:\\\/\\\/usa-b2.com\\\/de\\\/usa\\\/\"},{\"@type\":\"ListItem\",\"position\":2,\"name\":\"Formalit\u00e4ten und Visa f\u00fcr Reisen in die USA\"}]},{\"@type\":\"WebSite\",\"@id\":\"https:\\\/\\\/usa-b2.com\\\/de\\\/#website\",\"url\":\"https:\\\/\\\/usa-b2.com\\\/de\\\/\",\"name\":\"USA B2 VISA\",\"description\":\"\",\"potentialAction\":[{\"@type\":\"SearchAction\",\"target\":{\"@type\":\"EntryPoint\",\"urlTemplate\":\"https:\\\/\\\/usa-b2.com\\\/de\\\/?s={search_term_string}\"},\"query-input\":{\"@type\":\"PropertyValueSpecification\",\"valueRequired\":true,\"valueName\":\"search_term_string\"}}],\"inLanguage\":\"de\"}]}<\/script>\n<!-- \/ Yoast SEO plugin. -->","yoast_head_json":{"title":"Formalit\u00e4ten und Visa f\u00fcr Reisen in die USA - USA B2","description":"Gute Vorbereitung auf die Einreise in die USA: Formalit\u00e4ten, Visa und Reisegenehmigungen f\u00fcr die USA","robots":{"index":"index","follow":"follow","max-snippet":"max-snippet:-1","max-image-preview":"max-image-preview:large","max-video-preview":"max-video-preview:-1"},"canonical":"https:\/\/usa-b2.com\/de\/","og_locale":"de_DE","og_type":"article","og_title":"Formalit\u00e4ten und Visa f\u00fcr Reisen in die USA - USA B2","og_description":"Gute Vorbereitung auf die Einreise in die USA: Formalit\u00e4ten, Visa und Reisegenehmigungen f\u00fcr die USA","og_url":"https:\/\/usa-b2.com\/de\/","og_site_name":"USA B2","article_modified_time":"2026-04-17T06:48:47+00:00","og_image":[{"width":1024,"height":819,"url":"https:\/\/usa-b2.com\/wp-content\/uploads\/2026\/04\/usa-travel-1024x819.png","type":"image\/png"}],"twitter_card":"summary_large_image","twitter_misc":{"Gesch\u00e4tzte Lesezeit":"2\u00a0Minuten"},"schema":{"@context":"https:\/\/schema.org","@graph":[{"@type":"WebPage","@id":"https:\/\/usa-b2.com\/de\/","url":"https:\/\/usa-b2.com\/de\/","name":"Formalit\u00e4ten und Visa f\u00fcr Reisen in die USA - USA B2","isPartOf":{"@id":"https:\/\/usa-b2.com\/de\/#website"},"primaryImageOfPage":{"@id":"https:\/\/usa-b2.com\/de\/#primaryimage"},"image":{"@id":"https:\/\/usa-b2.com\/de\/#primaryimage"},"thumbnailUrl":"https:\/\/usa-b2.com\/wp-content\/uploads\/2026\/04\/usa-travel-768x615.png","datePublished":"2025-01-09T15:37:29+00:00","dateModified":"2026-04-17T06:48:47+00:00","description":"Gute Vorbereitung auf die Einreise in die USA: Formalit\u00e4ten, Visa und Reisegenehmigungen f\u00fcr die USA","breadcrumb":{"@id":"https:\/\/usa-b2.com\/de\/#breadcrumb"},"inLanguage":"de","potentialAction":[{"@type":"ReadAction","target":["https:\/\/usa-b2.com\/de\/"]}]},{"@type":"ImageObject","inLanguage":"de","@id":"https:\/\/usa-b2.com\/de\/#primaryimage","url":"https:\/\/usa-b2.com\/wp-content\/uploads\/2026\/04\/usa-travel-768x615.png","contentUrl":"https:\/\/usa-b2.com\/wp-content\/uploads\/2026\/04\/usa-travel-768x615.png"},{"@type":"BreadcrumbList","@id":"https:\/\/usa-b2.com\/de\/#breadcrumb","itemListElement":[{"@type":"ListItem","position":1,"name":"Accueil","item":"https:\/\/usa-b2.com\/de\/usa\/"},{"@type":"ListItem","position":2,"name":"Formalit\u00e4ten und Visa f\u00fcr Reisen in die USA"}]},{"@type":"WebSite","@id":"https:\/\/usa-b2.com\/de\/#website","url":"https:\/\/usa-b2.com\/de\/","name":"USA B2 VISA","description":"","potentialAction":[{"@type":"SearchAction","target":{"@type":"EntryPoint","urlTemplate":"https:\/\/usa-b2.com\/de\/?s={search_term_string}"},"query-input":{"@type":"PropertyValueSpecification","valueRequired":true,"valueName":"search_term_string"}}],"inLanguage":"de"}]}},"_links":{"self":[{"href":"https:\/\/usa-b2.com\/de\/wp-json\/wp\/v2\/pages\/7066","targetHints":{"allow":["GET"]}}],"collection":[{"href":"https:\/\/usa-b2.com\/de\/wp-json\/wp\/v2\/pages"}],"about":[{"href":"https:\/\/usa-b2.com\/de\/wp-json\/wp\/v2\/types\/page"}],"author":[{"embeddable":true,"href":"https:\/\/usa-b2.com\/de\/wp-json\/wp\/v2\/users\/1"}],"replies":[{"embeddable":true,"href":"https:\/\/usa-b2.com\/de\/wp-json\/wp\/v2\/comments?post=7066"}],"version-history":[{"count":5,"href":"https:\/\/usa-b2.com\/de\/wp-json\/wp\/v2\/pages\/7066\/revisions"}],"predecessor-version":[{"id":11285,"href":"https:\/\/usa-b2.com\/de\/wp-json\/wp\/v2\/pages\/7066\/revisions\/11285"}],"wp:attachment":[{"href":"https:\/\/usa-b2.com\/de\/wp-json\/wp\/v2\/media?parent=7066"}],"curies":[{"name":"wp","href":"https:\/\/api.w.org\/{rel}","templated":true}]}}