{"id":6281,"date":"2025-01-15T12:24:32","date_gmt":"2025-01-15T12:24:32","guid":{"rendered":"https:\/\/usa-b2.com\/straende-florida-atlantikkueste\/"},"modified":"2025-01-16T15:37:42","modified_gmt":"2025-01-16T15:37:42","slug":"straende-florida-atlantikkueste","status":"publish","type":"page","link":"https:\/\/usa-b2.com\/de\/straende-florida-atlantikkueste\/","title":{"rendered":"Die Str\u00e4nde von Florida an der Atlantikk\u00fcste durchstreifen"},"content":{"rendered":"\n<h1 class=\"wp-block-heading\">Was sind die besten Str\u00e4nde an der Atlantikk\u00fcste von Florida?<\/h1>\n\n<p>Die Atlantikk\u00fcste von Florida ist ein Traumziel f\u00fcr alle, die Sonne, Sand und Wellen lieben. Mit ihren ikonischen Str\u00e4nden, charmanten K\u00fcstenst\u00e4dten und zahlreichen Wassersportaktivit\u00e4ten bietet diese Region ein abwechslungsreiches Erlebnis f\u00fcr alle Arten von Reisenden. Ob Sie nun auf der Suche nach Entspannung, Abenteuer oder Familienzeit sind, dieser Reisef\u00fchrer wird Ihnen helfen, den perfekten Urlaub an den Str\u00e4nden Floridas zu planen.  <\/p>\n\n<figure class=\"wp-block-image size-full\"><img fetchpriority=\"high\" decoding=\"async\" width=\"858\" height=\"483\" src=\"https:\/\/usa-b2.com\/wp-content\/uploads\/2025\/01\/Floride-Beaches-Atlantic-Coast-USA-edited.png\" alt=\"\" class=\"wp-image-6948\" srcset=\"https:\/\/usa-b2.com\/wp-content\/uploads\/2025\/01\/Floride-Beaches-Atlantic-Coast-USA-edited.png 858w, https:\/\/usa-b2.com\/wp-content\/uploads\/2025\/01\/Floride-Beaches-Atlantic-Coast-USA-edited-300x169.png 300w, https:\/\/usa-b2.com\/wp-content\/uploads\/2025\/01\/Floride-Beaches-Atlantic-Coast-USA-edited-768x432.png 768w\" sizes=\"(max-width: 858px) 100vw, 858px\" \/><\/figure>\n\n<h2 class=\"wp-block-heading\">Entdecken Sie die emblematischen Str\u00e4nde der Atlantikk\u00fcste<\/h2>\n\n<h3 class=\"wp-block-heading\">Unumg\u00e4ngliche Str\u00e4nde<\/h3>\n\n<ul class=\"wp-block-list\">\n<li><strong><a href=\"https:\/\/www.miamibeachfl.gov\/\">Miami Beach<\/a> <\/strong>Miami Beach: Ber\u00fchmt f\u00fcr seinen wei\u00dfen Sand, das t\u00fcrkisfarbene Wasser und die festliche Atmosph\u00e4re, ist es ein beliebtes Ziel f\u00fcr Liebhaber des Nachtlebens.<\/li>\n\n\n\n<li><strong><a href=\"https:\/\/www.daytonabeach.com\/\">Daytona Beach<\/a><\/strong> Daytona Beach: Bekannt f\u00fcr seine breiten Str\u00e4nde, an denen man Auto fahren kann, bietet es auch eine reiche Sportszene und Familienattraktionen.<\/li>\n\n\n\n<li><strong><a href=\"https:\/\/www.cityofcocoabeach.com\/\">Cocoa Beach<\/a><\/strong> Dieser Strand ist ein beliebter Ort f\u00fcr Surfer und der Ausgangspunkt f\u00fcr den Besuch des Kennedy Space Centers.<\/li>\n\n\n\n<li><strong><a href=\"https:\/\/www.staugbch.com\/\">St. Augustine Beach <\/a><\/strong>  Perfekt f\u00fcr diejenigen, die eine Mischung aus Strand und Geschichte suchen, in der N\u00e4he der \u00e4ltesten Stadt der USA.<\/li>\n<\/ul>\n\n<h3 class=\"wp-block-heading\">Die abwechslungsreiche Landschaft und die einzigartige Atmosph\u00e4re jedes Strandes<\/h3>\n\n<p>Jeder Strand an der Atlantikk\u00fcste hat seine eigene Pers\u00f6nlichkeit. Die Str\u00e4nde von Palm Beach bestechen durch ihren Luxus und die majest\u00e4tischen Palmen, w\u00e4hrend die Str\u00e4nde von Vero Beach eine ruhigere Atmosph\u00e4re und unber\u00fchrte Landschaften bieten. Naturliebhaber werden die gesch\u00fctzten Gebiete wie Canaveral National Seashore lieben, wo man Schildkr\u00f6ten und seltene V\u00f6gel beobachten kann.  <\/p>\n\n<h2 class=\"wp-block-heading\">Wo schlafen wir: Unterk\u00fcnfte und strategische St\u00e4dte<\/h2>\n\n<h3 class=\"wp-block-heading\">Die besten K\u00fcstenst\u00e4dte zum Wohnen<\/h3>\n\n<ul class=\"wp-block-list\">\n<li><strong><a href=\"https:\/\/www.miamiandbeaches.com\/\">Miami<\/a><\/strong> Miami: Ideal f\u00fcr diejenigen, die Strand, Kultur und Nachtleben kombinieren m\u00f6chten.<\/li>\n\n\n\n<li><strong><a href=\"https:\/\/www.visitlauderdale.com\/\">Fort Lauderdale<\/a><\/strong> Die Stadt wird auch als &#8222;Venedig Amerikas&#8220; bezeichnet und ist ideal f\u00fcr Familien und Segler.<\/li>\n\n\n\n<li><strong>St. Augustine <\/strong>  F\u00fcr ein Erlebnis, das Geschichte und Str\u00e4nde miteinander verbindet, mit charmanten Unterk\u00fcnften.<\/li>\n\n\n\n<li><strong>Cocoa Beach<\/strong>: Eine ausgezeichnete Wahl f\u00fcr Wassersportler und Surfer.<\/li>\n<\/ul>\n\n<h3 class=\"wp-block-heading\">Arten von Unterk\u00fcnften<\/h3>\n\n<ul class=\"wp-block-list\">\n<li><strong>Luxushotels<\/strong>: Optionen wie <a href=\"https:\/\/www.thebreakers.com\/\">The Breakers<\/a> in Palm Beach bieten eine pr\u00e4chtige Umgebung f\u00fcr einen unvergesslichen Aufenthalt.<\/li>\n\n\n\n<li><strong>Ferienunterk\u00fcnfte<\/strong>: Ideal f\u00fcr Familien oder Gruppen, mit Villen oder Wohnungen am Meer.<\/li>\n\n\n\n<li><strong>Campingpl\u00e4tze<\/strong>: F\u00fcr ein noch intensiveres Erlebnis bieten Campingpl\u00e4tze wie der <a href=\"https:\/\/www.floridastateparks.org\/Sebastian-Inlet\">Sebastian Inlet State Park<\/a> die M\u00f6glichkeit, ganz nah an der Natur zu wohnen.<\/li>\n<\/ul>\n\n<h2 class=\"wp-block-heading\">Empfohlene Route: Erkunden Sie die Atlantikk\u00fcste von Florida in 7 Tagen<\/h2>\n\n<figure class=\"wp-block-table\"><table class=\"has-fixed-layout\"><tbody><tr><td class=\"has-text-align-center\" data-align=\"center\"><strong>Tag<\/strong><\/td><td class=\"has-text-align-center\" data-align=\"center\"><strong>Schritt<\/strong><\/td><td class=\"has-text-align-center\" data-align=\"center\"><strong>Hauptt\u00e4tigkeiten<\/strong><\/td><td class=\"has-text-align-center\" data-align=\"center\"><strong>Vorgeschlagene Unterkunft<\/strong><\/td><\/tr><tr><td class=\"has-text-align-center\" data-align=\"center\">1<\/td><td class=\"has-text-align-center\" data-align=\"center\">Miami Beach<\/td><td class=\"has-text-align-center\" data-align=\"center\">Entspannung in South Beach, Besuch des Art Deco District<\/td><td class=\"has-text-align-center\" data-align=\"center\">Miami Beach<\/td><\/tr><tr><td class=\"has-text-align-center\" data-align=\"center\">2<\/td><td class=\"has-text-align-center\" data-align=\"center\">Fort Lauderdale<\/td><td class=\"has-text-align-center\" data-align=\"center\">Grachtenfahrt, Strand und Shopping<\/td><td class=\"has-text-align-center\" data-align=\"center\">Fort Lauderdale<\/td><\/tr><tr><td class=\"has-text-align-center\" data-align=\"center\">3<\/td><td class=\"has-text-align-center\" data-align=\"center\">Palm Beach<\/td><td class=\"has-text-align-center\" data-align=\"center\">Entdeckung der luxuri\u00f6sen Str\u00e4nde und der Worth Avenue<\/td><td class=\"has-text-align-center\" data-align=\"center\">Palm Beach<\/td><\/tr><tr><td class=\"has-text-align-center\" data-align=\"center\">4<\/td><td class=\"has-text-align-center\" data-align=\"center\">Cocoa Beach<\/td><td class=\"has-text-align-center\" data-align=\"center\">Surfen, Besuch des Kennedy Space Center<\/td><td class=\"has-text-align-center\" data-align=\"center\">Cocoa Beach<\/td><\/tr><tr><td class=\"has-text-align-center\" data-align=\"center\">5<\/td><td class=\"has-text-align-center\" data-align=\"center\">Daytona Beach<\/td><td class=\"has-text-align-center\" data-align=\"center\">Fahren am Strand, Spaziergang auf dem Boardwalk<\/td><td class=\"has-text-align-center\" data-align=\"center\">Daytona Beach<\/td><\/tr><tr><td class=\"has-text-align-center\" data-align=\"center\">6<\/td><td class=\"has-text-align-center\" data-align=\"center\">St. Augustine <\/td><td class=\"has-text-align-center\" data-align=\"center\">Historische Erkundung und Entspannung am Strand<\/td><td class=\"has-text-align-center\" data-align=\"center\">St. Augustine <\/td><\/tr><tr><td class=\"has-text-align-center\" data-align=\"center\">7<\/td><td class=\"has-text-align-center\" data-align=\"center\">Canaveral National Seashore<\/td><td class=\"has-text-align-center\" data-align=\"center\">Tierbeobachtung, Wandern<\/td><td class=\"has-text-align-center\" data-align=\"center\">Cocoa Beach<\/td><\/tr><\/tbody><\/table><\/figure>\n\n<p>Diese Route bietet Ihnen die M\u00f6glichkeit, verschiedene Str\u00e4nde zu entdecken und gleichzeitig die kulturelle und nat\u00fcrliche Vielfalt der Region zu genie\u00dfen.<\/p>\n\n<h2 class=\"wp-block-heading\">Instagrammable Photo Spots<\/h2>\n\n<h3 class=\"wp-block-heading\">Die perfekten Orte f\u00fcr Ihre Aufnahmen<\/h3>\n\n<ul class=\"wp-block-list\">\n<li><strong>South Beach (Miami) <\/strong>: Fesseln Sie Ihre Abonnenten mit bunten Rettungsschwimmerh\u00fctten und einem Sonnenuntergang \u00fcber dem Ozean.<\/li>\n\n\n\n<li><strong>St. Augustine Lighthouse <\/strong>  Der historische Leuchtturm bietet einen einzigartigen Panoramablick.<\/li>\n\n\n\n<li><strong>Sebastian Inlet State Park<\/strong>: Ein wilder Ort, um ruhige Momente am Wasser festzuhalten.<\/li>\n\n\n\n<li><strong>Daytona Beach Boardwalk <\/strong>: Vibrierende Lichter und eine Retro-Atmosph\u00e4re, die perfekt f\u00fcr originelle Fotos ist.<\/li>\n<\/ul>\n\n<h3 class=\"wp-block-heading\">Tipps zum Festhalten Ihrer Momente<\/h3>\n\n<p>F\u00fcr gute Aufnahmen sollten Sie die goldenen Stunden bei Sonnenaufgang und Sonnenuntergang nutzen. Variieren Sie die Blickwinkel, indem Sie sowohl die Str\u00e4nde als auch die umliegenden Sehensw\u00fcrdigkeiten aufnehmen, um eine vollst\u00e4ndige visuelle Geschichte zu erz\u00e4hlen. <\/p>\n\n<h2 class=\"wp-block-heading\">Aktivit\u00e4ten nach Ihrem Reisetyp<\/h2>\n\n<h3 class=\"wp-block-heading\">F\u00fcr Paare: Romantische Momente<\/h3>\n\n<ul class=\"wp-block-list\">\n<li><strong>Strandspazierg\u00e4nge bei Sonnenuntergang<\/strong>: Die Str\u00e4nde von Fort Lauderdale und <a href=\"https:\/\/www.covb.org\/\">Vero Beach<\/a> bieten den perfekten Rahmen f\u00fcr Momente zu zweit.<\/li>\n\n\n\n<li><strong>Abendessen am Meer<\/strong>: Restaurants wie das Latitudes in Key Biscayne bieten eine feine K\u00fcche mit Blick auf den Ozean.<\/li>\n\n\n\n<li><strong>Spa und Entspannung<\/strong>: Die Luxushotels in Palm Beach bieten ideale Wellness-Erlebnisse, um sich zu entspannen.<\/li>\n<\/ul>\n\n<h3 class=\"wp-block-heading\">Familie: kinderfreundliche Abenteuer<\/h3>\n\n<ul class=\"wp-block-list\">\n<li><strong>Interaktive Erkundung im Kennedy Space Center<\/strong>: Ein Muss, um die Neugier der jungen Astronauten zu wecken.<\/li>\n\n\n\n<li><strong>Wassersport <\/strong>: Mieten Sie Paddleboards oder machen Sie einen Bootsausflug in Fort Lauderdale.<\/li>\n\n\n\n<li><strong>Parks und Reservate<\/strong>: Der Jonathan Dickinson State Park bietet barrierefreie Wanderwege und Picknickbereiche, die ideal f\u00fcr Familien sind.<\/li>\n<\/ul>\n\n<p>Die Atlantikk\u00fcste Floridas ist ein abwechslungsreiches und bezauberndes Reiseziel, in dem jeder etwas f\u00fcr sich finden kann. Zwischen lebhaften Str\u00e4nden, historischen St\u00e4dten und Naturschutzgebieten bietet diese Reise eine perfekte Kombination aus Entspannung, Abenteuer und kulturellen Entdeckungen. Ob Sie zu zweit oder mit der Familie reisen, stellen Sie Ihre Reiseroute zusammen und entdecken Sie die sonnigen Sch\u00e4tze Floridas.  <\/p>\n","protected":false},"excerpt":{"rendered":"<p>Was sind die besten Str\u00e4nde an der Atlantikk\u00fcste von Florida? Die Atlantikk\u00fcste von Florida ist ein Traumziel f\u00fcr alle, die Sonne, Sand und Wellen lieben. Mit ihren ikonischen Str\u00e4nden, charmanten K\u00fcstenst\u00e4dten und zahlreichen Wassersportaktivit\u00e4ten bietet diese Region ein abwechslungsreiches Erlebnis f\u00fcr alle Arten von Reisenden. Ob Sie nun auf der Suche nach Entspannung, Abenteuer oder [&hellip;]<\/p>\n","protected":false},"author":1,"featured_media":0,"parent":0,"menu_order":0,"comment_status":"closed","ping_status":"closed","template":"","meta":{"footnotes":""},"class_list":["post-6281","page","type-page","status-publish","hentry"],"yoast_head":"<!-- This site is optimized with the Yoast SEO plugin v27.0 - https:\/\/yoast.com\/product\/yoast-seo-wordpress\/ -->\n<title>Die Str\u00e4nde von Florida an der Atlantikk\u00fcste durchstreifen - USA B2<\/title>\n<meta name=\"description\" content=\"Entdecken Sie die unumg\u00e4nglichen Str\u00e4nde der Atlantikk\u00fcste Floridas: Miami Beach, Cocoa Beach, Daytona und andere.\" \/>\n<meta name=\"robots\" content=\"index, follow, max-snippet:-1, max-image-preview:large, max-video-preview:-1\" \/>\n<link rel=\"canonical\" href=\"https:\/\/usa-b2.com\/de\/straende-florida-atlantikkueste\/\" \/>\n<meta property=\"og:locale\" content=\"de_DE\" \/>\n<meta property=\"og:type\" content=\"article\" \/>\n<meta property=\"og:title\" content=\"Die Str\u00e4nde von Florida an der Atlantikk\u00fcste durchstreifen - USA B2\" \/>\n<meta property=\"og:description\" content=\"Entdecken Sie die unumg\u00e4nglichen Str\u00e4nde der Atlantikk\u00fcste Floridas: Miami Beach, Cocoa Beach, Daytona und andere.\" \/>\n<meta property=\"og:url\" content=\"https:\/\/usa-b2.com\/de\/straende-florida-atlantikkueste\/\" \/>\n<meta property=\"og:site_name\" content=\"USA B2\" \/>\n<meta property=\"article:modified_time\" content=\"2025-01-16T15:37:42+00:00\" \/>\n<meta property=\"og:image\" content=\"https:\/\/usa-b2.com\/wp-content\/uploads\/2025\/01\/Floride-Beaches-Atlantic-Coast-USA-edited.png\" \/>\n\t<meta property=\"og:image:width\" content=\"858\" \/>\n\t<meta property=\"og:image:height\" content=\"483\" \/>\n\t<meta property=\"og:image:type\" content=\"image\/png\" \/>\n<meta name=\"twitter:card\" content=\"summary_large_image\" \/>\n<meta name=\"twitter:label1\" content=\"Gesch\u00e4tzte Lesezeit\" \/>\n\t<meta name=\"twitter:data1\" content=\"4\u00a0Minuten\" \/>\n<script type=\"application\/ld+json\" class=\"yoast-schema-graph\">{\"@context\":\"https:\/\/schema.org\",\"@graph\":[{\"@type\":\"WebPage\",\"@id\":\"https:\/\/usa-b2.com\/de\/straende-florida-atlantikkueste\/\",\"url\":\"https:\/\/usa-b2.com\/de\/straende-florida-atlantikkueste\/\",\"name\":\"Die Str\u00e4nde von Florida an der Atlantikk\u00fcste durchstreifen - USA B2\",\"isPartOf\":{\"@id\":\"https:\/\/usa-b2.com\/de\/#website\"},\"primaryImageOfPage\":{\"@id\":\"https:\/\/usa-b2.com\/de\/straende-florida-atlantikkueste\/#primaryimage\"},\"image\":{\"@id\":\"https:\/\/usa-b2.com\/de\/straende-florida-atlantikkueste\/#primaryimage\"},\"thumbnailUrl\":\"https:\/\/usa-b2.com\/wp-content\/uploads\/2025\/01\/Floride-Beaches-Atlantic-Coast-USA-edited.png\",\"datePublished\":\"2025-01-15T12:24:32+00:00\",\"dateModified\":\"2025-01-16T15:37:42+00:00\",\"description\":\"Entdecken Sie die unumg\u00e4nglichen Str\u00e4nde der Atlantikk\u00fcste Floridas: Miami Beach, Cocoa Beach, Daytona und andere.\",\"breadcrumb\":{\"@id\":\"https:\/\/usa-b2.com\/de\/straende-florida-atlantikkueste\/#breadcrumb\"},\"inLanguage\":\"de\",\"potentialAction\":[{\"@type\":\"ReadAction\",\"target\":[\"https:\/\/usa-b2.com\/de\/straende-florida-atlantikkueste\/\"]}]},{\"@type\":\"ImageObject\",\"inLanguage\":\"de\",\"@id\":\"https:\/\/usa-b2.com\/de\/straende-florida-atlantikkueste\/#primaryimage\",\"url\":\"https:\/\/usa-b2.com\/wp-content\/uploads\/2025\/01\/Floride-Beaches-Atlantic-Coast-USA-edited.png\",\"contentUrl\":\"https:\/\/usa-b2.com\/wp-content\/uploads\/2025\/01\/Floride-Beaches-Atlantic-Coast-USA-edited.png\"},{\"@type\":\"BreadcrumbList\",\"@id\":\"https:\/\/usa-b2.com\/de\/straende-florida-atlantikkueste\/#breadcrumb\",\"itemListElement\":[{\"@type\":\"ListItem\",\"position\":1,\"name\":\"Accueil\",\"item\":\"https:\/\/usa-b2.com\/de\/usa-roadtrips\/\"},{\"@type\":\"ListItem\",\"position\":2,\"name\":\"Die Str\u00e4nde von Florida an der Atlantikk\u00fcste durchstreifen\"}]},{\"@type\":\"WebSite\",\"@id\":\"https:\/\/usa-b2.com\/de\/#website\",\"url\":\"https:\/\/usa-b2.com\/de\/\",\"name\":\"USA B2 VISA\",\"description\":\"\",\"potentialAction\":[{\"@type\":\"SearchAction\",\"target\":{\"@type\":\"EntryPoint\",\"urlTemplate\":\"https:\/\/usa-b2.com\/de\/?s={search_term_string}\"},\"query-input\":{\"@type\":\"PropertyValueSpecification\",\"valueRequired\":true,\"valueName\":\"search_term_string\"}}],\"inLanguage\":\"de\"}]}<\/script>\n<!-- \/ Yoast SEO plugin. -->","yoast_head_json":{"title":"Die Str\u00e4nde von Florida an der Atlantikk\u00fcste durchstreifen - USA B2","description":"Entdecken Sie die unumg\u00e4nglichen Str\u00e4nde der Atlantikk\u00fcste Floridas: Miami Beach, Cocoa Beach, Daytona und andere.","robots":{"index":"index","follow":"follow","max-snippet":"max-snippet:-1","max-image-preview":"max-image-preview:large","max-video-preview":"max-video-preview:-1"},"canonical":"https:\/\/usa-b2.com\/de\/straende-florida-atlantikkueste\/","og_locale":"de_DE","og_type":"article","og_title":"Die Str\u00e4nde von Florida an der Atlantikk\u00fcste durchstreifen - USA B2","og_description":"Entdecken Sie die unumg\u00e4nglichen Str\u00e4nde der Atlantikk\u00fcste Floridas: Miami Beach, Cocoa Beach, Daytona und andere.","og_url":"https:\/\/usa-b2.com\/de\/straende-florida-atlantikkueste\/","og_site_name":"USA B2","article_modified_time":"2025-01-16T15:37:42+00:00","og_image":[{"width":858,"height":483,"url":"https:\/\/usa-b2.com\/wp-content\/uploads\/2025\/01\/Floride-Beaches-Atlantic-Coast-USA-edited.png","type":"image\/png"}],"twitter_card":"summary_large_image","twitter_misc":{"Gesch\u00e4tzte Lesezeit":"4\u00a0Minuten"},"schema":{"@context":"https:\/\/schema.org","@graph":[{"@type":"WebPage","@id":"https:\/\/usa-b2.com\/de\/straende-florida-atlantikkueste\/","url":"https:\/\/usa-b2.com\/de\/straende-florida-atlantikkueste\/","name":"Die Str\u00e4nde von Florida an der Atlantikk\u00fcste durchstreifen - USA B2","isPartOf":{"@id":"https:\/\/usa-b2.com\/de\/#website"},"primaryImageOfPage":{"@id":"https:\/\/usa-b2.com\/de\/straende-florida-atlantikkueste\/#primaryimage"},"image":{"@id":"https:\/\/usa-b2.com\/de\/straende-florida-atlantikkueste\/#primaryimage"},"thumbnailUrl":"https:\/\/usa-b2.com\/wp-content\/uploads\/2025\/01\/Floride-Beaches-Atlantic-Coast-USA-edited.png","datePublished":"2025-01-15T12:24:32+00:00","dateModified":"2025-01-16T15:37:42+00:00","description":"Entdecken Sie die unumg\u00e4nglichen Str\u00e4nde der Atlantikk\u00fcste Floridas: Miami Beach, Cocoa Beach, Daytona und andere.","breadcrumb":{"@id":"https:\/\/usa-b2.com\/de\/straende-florida-atlantikkueste\/#breadcrumb"},"inLanguage":"de","potentialAction":[{"@type":"ReadAction","target":["https:\/\/usa-b2.com\/de\/straende-florida-atlantikkueste\/"]}]},{"@type":"ImageObject","inLanguage":"de","@id":"https:\/\/usa-b2.com\/de\/straende-florida-atlantikkueste\/#primaryimage","url":"https:\/\/usa-b2.com\/wp-content\/uploads\/2025\/01\/Floride-Beaches-Atlantic-Coast-USA-edited.png","contentUrl":"https:\/\/usa-b2.com\/wp-content\/uploads\/2025\/01\/Floride-Beaches-Atlantic-Coast-USA-edited.png"},{"@type":"BreadcrumbList","@id":"https:\/\/usa-b2.com\/de\/straende-florida-atlantikkueste\/#breadcrumb","itemListElement":[{"@type":"ListItem","position":1,"name":"Accueil","item":"https:\/\/usa-b2.com\/de\/usa-roadtrips\/"},{"@type":"ListItem","position":2,"name":"Die Str\u00e4nde von Florida an der Atlantikk\u00fcste durchstreifen"}]},{"@type":"WebSite","@id":"https:\/\/usa-b2.com\/de\/#website","url":"https:\/\/usa-b2.com\/de\/","name":"USA B2 VISA","description":"","potentialAction":[{"@type":"SearchAction","target":{"@type":"EntryPoint","urlTemplate":"https:\/\/usa-b2.com\/de\/?s={search_term_string}"},"query-input":{"@type":"PropertyValueSpecification","valueRequired":true,"valueName":"search_term_string"}}],"inLanguage":"de"}]}},"_links":{"self":[{"href":"https:\/\/usa-b2.com\/de\/wp-json\/wp\/v2\/pages\/6281","targetHints":{"allow":["GET"]}}],"collection":[{"href":"https:\/\/usa-b2.com\/de\/wp-json\/wp\/v2\/pages"}],"about":[{"href":"https:\/\/usa-b2.com\/de\/wp-json\/wp\/v2\/types\/page"}],"author":[{"embeddable":true,"href":"https:\/\/usa-b2.com\/de\/wp-json\/wp\/v2\/users\/1"}],"replies":[{"embeddable":true,"href":"https:\/\/usa-b2.com\/de\/wp-json\/wp\/v2\/comments?post=6281"}],"version-history":[{"count":0,"href":"https:\/\/usa-b2.com\/de\/wp-json\/wp\/v2\/pages\/6281\/revisions"}],"wp:attachment":[{"href":"https:\/\/usa-b2.com\/de\/wp-json\/wp\/v2\/media?parent=6281"}],"curies":[{"name":"wp","href":"https:\/\/api.w.org\/{rel}","templated":true}]}}