{"id":6259,"date":"2025-01-15T12:08:05","date_gmt":"2025-01-15T12:08:05","guid":{"rendered":"https:\/\/usa-b2.com\/roadtrip-von-boston-nach-washington\/"},"modified":"2025-01-16T15:38:33","modified_gmt":"2025-01-16T15:38:33","slug":"roadtrip-von-boston-nach-washington","status":"publish","type":"page","link":"https:\/\/usa-b2.com\/de\/roadtrip-von-boston-nach-washington\/","title":{"rendered":"Ein Roadtrip von Boston nach Washington"},"content":{"rendered":"\n<h1 class=\"wp-block-heading\">Wie organisiert man einen Road Trip von Boston nach Washington?<\/h1>\n\n<p>Ein Roadtrip von Boston nach Washington ist ein ideales Abenteuer, um die historischen, kulturellen und nat\u00fcrlichen Sch\u00e4tze der Ostk\u00fcste der USA zu entdecken. Diese Route f\u00fchrt Sie durch ber\u00fchmte St\u00e4dte wie New York und Philadelphia sowie durch malerische Orte und Nationalparks und kombiniert eine pulsierende Stadt mit ruhigen Momenten. In diesem Reisef\u00fchrer finden Sie die besten Etappen, Unterk\u00fcnfte, Aktivit\u00e4ten und Tipps, um diese Reise zu einem unvergesslichen Erlebnis zu machen.  <\/p>\n\n<figure class=\"wp-block-image size-full\"><img fetchpriority=\"high\" decoding=\"async\" width=\"789\" height=\"444\" src=\"https:\/\/usa-b2.com\/wp-content\/uploads\/2025\/01\/Atlantic-City-USA-edited.png\" alt=\"\" class=\"wp-image-6902\" srcset=\"https:\/\/usa-b2.com\/wp-content\/uploads\/2025\/01\/Atlantic-City-USA-edited.png 789w, https:\/\/usa-b2.com\/wp-content\/uploads\/2025\/01\/Atlantic-City-USA-edited-300x169.png 300w, https:\/\/usa-b2.com\/wp-content\/uploads\/2025\/01\/Atlantic-City-USA-edited-768x432.png 768w\" sizes=\"(max-width: 789px) 100vw, 789px\" \/><\/figure>\n\n<h2 class=\"wp-block-heading\">Entdecken Sie die &#8222;Must-Sees&#8220;: St\u00e4dte und Sehensw\u00fcrdigkeiten mit Symbolcharakter<\/h2>\n\n<h3 class=\"wp-block-heading\">Die wichtigsten St\u00e4dte, die es zu erkunden gilt<\/h3>\n\n<ul class=\"wp-block-list\">\n<li><strong><a href=\"https:\/\/www.boston.gov\/\">Boston<\/a> <\/strong>Boston ist die Wiege der amerikanischen Geschichte und bietet viele Sehensw\u00fcrdigkeiten wie den Freedom Trail, die Faneuil Hall und Harvard.<\/li>\n\n\n\n<li><strong><a href=\"https:\/\/www.nyc.gov\/\">New York City<\/a><\/strong> Die Stadt, die niemals schl\u00e4ft, ist reich an ber\u00fchmten Sehensw\u00fcrdigkeiten, darunter die Freiheitsstatue, der Times Square und der Central Park.<\/li>\n\n\n\n<li><strong><a href=\"https:\/\/www.phila.gov\/fr\/\">Philadelphia<\/a><\/strong> Die Independence Hall und die Liberty Bell, Symbole der amerikanischen Unabh\u00e4ngigkeit, sollten Sie sich nicht entgehen lassen.<\/li>\n\n\n\n<li><strong><a href=\"https:\/\/washington.org\/fr\/\">Washington<\/a>, D.C<\/strong>. Die Hauptstadt ist reich an kostenlosen Museen und symboltr\u00e4chtigen Denkm\u00e4lern, wie dem Lincoln Memorial und dem Wei\u00dfen Haus.<\/li>\n<\/ul>\n\n<h3 class=\"wp-block-heading\">Nat\u00fcrliche und malerische Etappen<\/h3>\n\n<p>Die Reise beschr\u00e4nkt sich nicht auf die gro\u00dfen St\u00e4dte. Halten Sie unterwegs an, um die vielf\u00e4ltigen Landschaften zu erkunden: <\/p>\n\n<ul class=\"wp-block-list\">\n<li><strong><a href=\"https:\/\/www.capecodchamber.org\/\">Cape Cod<\/a> (Massachusetts)<\/strong>: Bekannt f\u00fcr seine Str\u00e4nde und charmanten K\u00fcstend\u00f6rfer.<\/li>\n\n\n\n<li><strong><a href=\"https:\/\/dwgpa.gov\/\">Delaware Water Gap<\/a> (Pennsylvania und New Jersey<\/strong>): Ein spektakul\u00e4res Tal f\u00fcr Wanderungen und Panoramablicke.<\/li>\n\n\n\n<li><strong><a href=\"https:\/\/en.wikipedia.org\/wiki\/Chesapeake_Bay\">Chesapeake Bay<\/a> (Maryland)<\/strong>: Perfekt f\u00fcr eine Naturpause zwischen Philadelphia und Washington.<\/li>\n<\/ul>\n\n<h2 class=\"wp-block-heading\">Wo schlafen wir: Unterk\u00fcnfte und strategische St\u00e4dte<\/h2>\n\n<h3 class=\"wp-block-heading\">Die besten Schritte zum Wohnen<\/h3>\n\n<ul class=\"wp-block-list\">\n<li><strong>Boston<\/strong>: Wohnen Sie in der N\u00e4he von Back Bay oder Beacon Hill, um die Hauptattraktionen zu erleben.<\/li>\n\n\n\n<li><strong>New York<\/strong>: W\u00e4hlen Sie Manhattan wegen der guten Erreichbarkeit oder Brooklyn f\u00fcr eine entspanntere Atmosph\u00e4re.<\/li>\n\n\n\n<li><strong>Philadelphia<\/strong>: Das Viertel Center City ist ideal f\u00fcr die Erkundung der historischen St\u00e4tten.<\/li>\n\n\n\n<li><strong>Washington, D.C<\/strong>. Logan Circle und Dupont Circle bieten komfortable Hotels und einen einfachen Zugang zu den Sehensw\u00fcrdigkeiten.<\/li>\n<\/ul>\n\n<h3 class=\"wp-block-heading\">Arten von Unterk\u00fcnften<\/h3>\n\n<ul class=\"wp-block-list\">\n<li><strong>Charmante Hotels<\/strong>: Historische Gasth\u00e4user wie das <a href=\"https:\/\/www.omnihotels.com\/hotels\/boston-parker-house?utm_source=gmblisting&amp;utm_medium=organic\">Omni Parker House<\/a> in Boston lassen Sie in die lokale Geschichte eintauchen.<\/li>\n\n\n\n<li><strong>Wohnungen und Airbnb <\/strong>: Perfekt f\u00fcr l\u00e4ngere Aufenthalte in New York oder Washington.<\/li>\n\n\n\n<li><strong>Campingpl\u00e4tze<\/strong>: Wenn Sie ein Naturerlebnis suchen, sind Campingpl\u00e4tze wie die um die Chesapeake Bay ideal.<\/li>\n<\/ul>\n\n<h2 class=\"wp-block-heading\">Empfohlene Route : Boston &#8211; Washington in 7 Tagen<\/h2>\n\n<figure class=\"wp-block-table\"><table class=\"has-fixed-layout\"><tbody><tr><td class=\"has-text-align-center\" data-align=\"center\"><strong>Tag<\/strong><\/td><td class=\"has-text-align-center\" data-align=\"center\"><strong>Schritt<\/strong><\/td><td class=\"has-text-align-center\" data-align=\"center\"><strong>Hauptt\u00e4tigkeiten<\/strong><\/td><td class=\"has-text-align-center\" data-align=\"center\"><strong>Vorgeschlagene Unterkunft<\/strong><\/td><\/tr><tr><td class=\"has-text-align-center\" data-align=\"center\">1<\/td><td class=\"has-text-align-center\" data-align=\"center\">Boston<\/td><td class=\"has-text-align-center\" data-align=\"center\">Freedom Trail, Quincy Market<\/td><td class=\"has-text-align-center\" data-align=\"center\">Boston<\/td><\/tr><tr><td class=\"has-text-align-center\" data-align=\"center\">2<\/td><td class=\"has-text-align-center\" data-align=\"center\">Cape Cod<\/td><td class=\"has-text-align-center\" data-align=\"center\">Str\u00e4nde, Bootsfahrt<\/td><td class=\"has-text-align-center\" data-align=\"center\">Cape Cod<\/td><\/tr><tr><td class=\"has-text-align-center\" data-align=\"center\">3<\/td><td class=\"has-text-align-center\" data-align=\"center\">New York City<\/td><td class=\"has-text-align-center\" data-align=\"center\">Times Square, Central Park, Freiheitsstatue<\/td><td class=\"has-text-align-center\" data-align=\"center\">New York<\/td><\/tr><tr><td class=\"has-text-align-center\" data-align=\"center\">4<\/td><td class=\"has-text-align-center\" data-align=\"center\">New York City nach Philadelphia<\/td><td class=\"has-text-align-center\" data-align=\"center\">Kunstmuseum, Liberty Bell<\/td><td class=\"has-text-align-center\" data-align=\"center\">Philadelphia<\/td><\/tr><tr><td class=\"has-text-align-center\" data-align=\"center\">5<\/td><td class=\"has-text-align-center\" data-align=\"center\">Delaware Water Gap<\/td><td class=\"has-text-align-center\" data-align=\"center\">Wandern und Entspannung<\/td><td class=\"has-text-align-center\" data-align=\"center\">Philadelphia<\/td><\/tr><tr><td class=\"has-text-align-center\" data-align=\"center\">6<\/td><td class=\"has-text-align-center\" data-align=\"center\">Annapolis und Chesapeake Bay<\/td><td class=\"has-text-align-center\" data-align=\"center\">Verkostung von Meeresfr\u00fcchten, Spaziergang am Meer<\/td><td class=\"has-text-align-center\" data-align=\"center\">Washington<\/td><\/tr><tr><td class=\"has-text-align-center\" data-align=\"center\">7<\/td><td class=\"has-text-align-center\" data-align=\"center\">Washington, D.C.<\/td><td class=\"has-text-align-center\" data-align=\"center\">National Mall, Smithsonian Museums<\/td><td class=\"has-text-align-center\" data-align=\"center\">Washington<\/td><\/tr><\/tbody><\/table><\/figure>\n\n<p>Diese Route bietet ein Gleichgewicht zwischen Stadtbesichtigungen und Pausen in der Natur, um die Wunder der Ostk\u00fcste zu genie\u00dfen.<\/p>\n\n<h2 class=\"wp-block-heading\">Instagrammable Photo Spots<\/h2>\n\n<h3 class=\"wp-block-heading\">Die perfekten Orte f\u00fcr Ihre Aufnahmen<\/h3>\n\n<ul class=\"wp-block-list\">\n<li><strong><a href=\"https:\/\/fr.tripadvisor.be\/Attraction_Review-g60745-d481783-Reviews-Acorn_Street-Boston_Massachusetts.html\">Acorn Street<\/a> (Boston)<\/strong>: Eine historische Kopfsteinpflasterstra\u00dfe, perfekt um das Wesen der kolonialen Architektur einzufangen.<\/li>\n\n\n\n<li><strong><a href=\"https:\/\/www.rockefellercenter.com\/fr-fr\/attractions\/plateforme-observation-top-of-the-rock\/\">Top of the Rock<\/a> (New York)<\/strong>: Ein atemberaubender Blick auf Manhattan, einschlie\u00dflich des Empire State Building und des Central Parks.<\/li>\n\n\n\n<li><strong><a href=\"https:\/\/www.phillymagicgardens.org\/?gad_source=1&amp;gclid=Cj0KCQiA-aK8BhCDARIsAL_-H9nv8NAvzyI3HmO-V8arQsCZdAMMgPhCI4cgA5vykHh3x5QcLa8DZcYaAmjkEALw_wcB\">Philadelphia&#8217;s Magic Gardens<\/a><\/strong> Ein einzigartiger Kunstort f\u00fcr farbenfrohe und kreative Fotos.<\/li>\n\n\n\n<li><strong>Tidal Basin (Washington, D.C.) <\/strong>: Die Spiegelung der Denkm\u00e4ler auf dem Wasser, besonders sch\u00f6n bei Sonnenaufgang.<\/li>\n<\/ul>\n\n<h3 class=\"wp-block-heading\">Tipps zum Festhalten Ihres Roadtrips<\/h3>\n\n<p>F\u00fcr erfolgreiche Fotos sollten Sie die goldenen Morgen- und Abendstunden bevorzugen. Erkunden Sie auch weniger frequentierte Orte wie Stadtparks oder Uferpromenaden, um originelle Aufnahmen zu machen. <\/p>\n\n<h2 class=\"wp-block-heading\">Aktivit\u00e4ten nach Ihrem Reisetyp<\/h2>\n\n<h3 class=\"wp-block-heading\">F\u00fcr Paare: Romantische Momente<\/h3>\n\n<ul class=\"wp-block-list\">\n<li><strong>Bootsfahrt auf dem Charles River (Boston)<\/strong>: Genie\u00dfen Sie einen romantischen Blick \u00fcber die D\u00e4cher der Stadt.<\/li>\n\n\n\n<li><strong>Picknick im <a href=\"https:\/\/www.centralparknyc.org\/\">Central Park<\/a> (New York<\/strong>): Entspannen Sie sich in einer gr\u00fcnen Umgebung mit Blick auf die Wolkenkratzer.<\/li>\n\n\n\n<li><strong>Gourmet-Dinner in <a href=\"https:\/\/www.georgetowndc.com\/\">Georgetown<\/a> (Washington)<\/strong>: Dieser Bezirk bietet intime Restaurants und eine gem\u00fctliche Atmosph\u00e4re.<\/li>\n<\/ul>\n\n<h3 class=\"wp-block-heading\">Familie: kinderfreundliche Abenteuer<\/h3>\n\n<ul class=\"wp-block-list\">\n<li><strong>Interaktive Tour durch das <a href=\"https:\/\/www.mos.org\/\">Museum of Science<\/a> (Boston)<\/strong>: Ideal zum Lernen und Spa\u00df haben.<\/li>\n\n\n\n<li><strong>Spaziergang auf der <a href=\"https:\/\/www.thehighline.org\/\">High Line<\/a> (New York)<\/strong>: Eine alte Eisenbahnstrecke, die in einen H\u00e4ngepark umgewandelt wurde, mit einzigartigen Aussichtspunkten auf die Stadt.<\/li>\n\n\n\n<li><strong>Erkundung im <a href=\"https:\/\/airandspace.si.edu\/\">Smithsonian National Air and Space Museum<\/a> (Washington, D.C.)<\/strong>: Ein Muss f\u00fcr kleine Flugbegeisterte.<\/li>\n<\/ul>\n\n<p>Dieser Roadtrip von Boston nach Washington ist ein echtes Eintauchen in die Geschichte, die Kultur und die vielf\u00e4ltigen Landschaften der Ostk\u00fcste. Ob Sie als Paar oder mit der Familie reisen, diese Route bietet eine unvergleichliche F\u00fclle an Erfahrungen und Entdeckungen. Planen Sie Ihre Reiseroute, buchen Sie Ihre Unterk\u00fcnfte und entdecken Sie die Sch\u00e4tze des amerikanischen Ostens!  <\/p>\n","protected":false},"excerpt":{"rendered":"<p>Wie organisiert man einen Road Trip von Boston nach Washington? Ein Roadtrip von Boston nach Washington ist ein ideales Abenteuer, um die historischen, kulturellen und nat\u00fcrlichen Sch\u00e4tze der Ostk\u00fcste der USA zu entdecken. Diese Route f\u00fchrt Sie durch ber\u00fchmte St\u00e4dte wie New York und Philadelphia sowie durch malerische Orte und Nationalparks und kombiniert eine pulsierende [&hellip;]<\/p>\n","protected":false},"author":1,"featured_media":0,"parent":0,"menu_order":0,"comment_status":"closed","ping_status":"closed","template":"","meta":{"footnotes":""},"class_list":["post-6259","page","type-page","status-publish","hentry"],"yoast_head":"<!-- This site is optimized with the Yoast SEO plugin v27.4 - https:\/\/yoast.com\/product\/yoast-seo-wordpress\/ -->\n<title>Ein Roadtrip von Boston nach Washington - USA B2<\/title>\n<meta name=\"description\" content=\"Entdecken Sie die wichtigsten Etappen eines Roadtrips von Boston nach Washington: Routen, Unterk\u00fcnfte, Aktivit\u00e4ten und Fotospots.\" \/>\n<meta name=\"robots\" content=\"index, follow, max-snippet:-1, max-image-preview:large, max-video-preview:-1\" \/>\n<link rel=\"canonical\" href=\"https:\/\/usa-b2.com\/de\/roadtrip-von-boston-nach-washington\/\" \/>\n<meta property=\"og:locale\" content=\"de_DE\" \/>\n<meta property=\"og:type\" content=\"article\" \/>\n<meta property=\"og:title\" content=\"Ein Roadtrip von Boston nach Washington - USA B2\" \/>\n<meta property=\"og:description\" content=\"Entdecken Sie die wichtigsten Etappen eines Roadtrips von Boston nach Washington: Routen, Unterk\u00fcnfte, Aktivit\u00e4ten und Fotospots.\" \/>\n<meta property=\"og:url\" content=\"https:\/\/usa-b2.com\/de\/roadtrip-von-boston-nach-washington\/\" \/>\n<meta property=\"og:site_name\" content=\"USA B2\" \/>\n<meta property=\"article:modified_time\" content=\"2025-01-16T15:38:33+00:00\" \/>\n<meta property=\"og:image\" content=\"https:\/\/usa-b2.com\/wp-content\/uploads\/2025\/01\/Atlantic-City-USA-edited.png\" \/>\n\t<meta property=\"og:image:width\" content=\"789\" \/>\n\t<meta property=\"og:image:height\" content=\"444\" \/>\n\t<meta property=\"og:image:type\" content=\"image\/png\" \/>\n<meta name=\"twitter:card\" content=\"summary_large_image\" \/>\n<meta name=\"twitter:label1\" content=\"Gesch\u00e4tzte Lesezeit\" \/>\n\t<meta name=\"twitter:data1\" content=\"4\u00a0Minuten\" \/>\n<script type=\"application\/ld+json\" class=\"yoast-schema-graph\">{\"@context\":\"https:\\\/\\\/schema.org\",\"@graph\":[{\"@type\":\"WebPage\",\"@id\":\"https:\\\/\\\/usa-b2.com\\\/de\\\/roadtrip-von-boston-nach-washington\\\/\",\"url\":\"https:\\\/\\\/usa-b2.com\\\/de\\\/roadtrip-von-boston-nach-washington\\\/\",\"name\":\"Ein Roadtrip von Boston nach Washington - USA B2\",\"isPartOf\":{\"@id\":\"https:\\\/\\\/usa-b2.com\\\/de\\\/#website\"},\"primaryImageOfPage\":{\"@id\":\"https:\\\/\\\/usa-b2.com\\\/de\\\/roadtrip-von-boston-nach-washington\\\/#primaryimage\"},\"image\":{\"@id\":\"https:\\\/\\\/usa-b2.com\\\/de\\\/roadtrip-von-boston-nach-washington\\\/#primaryimage\"},\"thumbnailUrl\":\"https:\\\/\\\/usa-b2.com\\\/wp-content\\\/uploads\\\/2025\\\/01\\\/Atlantic-City-USA-edited.png\",\"datePublished\":\"2025-01-15T12:08:05+00:00\",\"dateModified\":\"2025-01-16T15:38:33+00:00\",\"description\":\"Entdecken Sie die wichtigsten Etappen eines Roadtrips von Boston nach Washington: Routen, Unterk\u00fcnfte, Aktivit\u00e4ten und Fotospots.\",\"breadcrumb\":{\"@id\":\"https:\\\/\\\/usa-b2.com\\\/de\\\/roadtrip-von-boston-nach-washington\\\/#breadcrumb\"},\"inLanguage\":\"de\",\"potentialAction\":[{\"@type\":\"ReadAction\",\"target\":[\"https:\\\/\\\/usa-b2.com\\\/de\\\/roadtrip-von-boston-nach-washington\\\/\"]}]},{\"@type\":\"ImageObject\",\"inLanguage\":\"de\",\"@id\":\"https:\\\/\\\/usa-b2.com\\\/de\\\/roadtrip-von-boston-nach-washington\\\/#primaryimage\",\"url\":\"https:\\\/\\\/usa-b2.com\\\/wp-content\\\/uploads\\\/2025\\\/01\\\/Atlantic-City-USA-edited.png\",\"contentUrl\":\"https:\\\/\\\/usa-b2.com\\\/wp-content\\\/uploads\\\/2025\\\/01\\\/Atlantic-City-USA-edited.png\"},{\"@type\":\"BreadcrumbList\",\"@id\":\"https:\\\/\\\/usa-b2.com\\\/de\\\/roadtrip-von-boston-nach-washington\\\/#breadcrumb\",\"itemListElement\":[{\"@type\":\"ListItem\",\"position\":1,\"name\":\"Accueil\",\"item\":\"https:\\\/\\\/usa-b2.com\\\/de\\\/usa\\\/\"},{\"@type\":\"ListItem\",\"position\":2,\"name\":\"Ein Roadtrip von Boston nach Washington\"}]},{\"@type\":\"WebSite\",\"@id\":\"https:\\\/\\\/usa-b2.com\\\/de\\\/#website\",\"url\":\"https:\\\/\\\/usa-b2.com\\\/de\\\/\",\"name\":\"USA B2 VISA\",\"description\":\"\",\"potentialAction\":[{\"@type\":\"SearchAction\",\"target\":{\"@type\":\"EntryPoint\",\"urlTemplate\":\"https:\\\/\\\/usa-b2.com\\\/de\\\/?s={search_term_string}\"},\"query-input\":{\"@type\":\"PropertyValueSpecification\",\"valueRequired\":true,\"valueName\":\"search_term_string\"}}],\"inLanguage\":\"de\"}]}<\/script>\n<!-- \/ Yoast SEO plugin. -->","yoast_head_json":{"title":"Ein Roadtrip von Boston nach Washington - USA B2","description":"Entdecken Sie die wichtigsten Etappen eines Roadtrips von Boston nach Washington: Routen, Unterk\u00fcnfte, Aktivit\u00e4ten und Fotospots.","robots":{"index":"index","follow":"follow","max-snippet":"max-snippet:-1","max-image-preview":"max-image-preview:large","max-video-preview":"max-video-preview:-1"},"canonical":"https:\/\/usa-b2.com\/de\/roadtrip-von-boston-nach-washington\/","og_locale":"de_DE","og_type":"article","og_title":"Ein Roadtrip von Boston nach Washington - USA B2","og_description":"Entdecken Sie die wichtigsten Etappen eines Roadtrips von Boston nach Washington: Routen, Unterk\u00fcnfte, Aktivit\u00e4ten und Fotospots.","og_url":"https:\/\/usa-b2.com\/de\/roadtrip-von-boston-nach-washington\/","og_site_name":"USA B2","article_modified_time":"2025-01-16T15:38:33+00:00","og_image":[{"width":789,"height":444,"url":"https:\/\/usa-b2.com\/wp-content\/uploads\/2025\/01\/Atlantic-City-USA-edited.png","type":"image\/png"}],"twitter_card":"summary_large_image","twitter_misc":{"Gesch\u00e4tzte Lesezeit":"4\u00a0Minuten"},"schema":{"@context":"https:\/\/schema.org","@graph":[{"@type":"WebPage","@id":"https:\/\/usa-b2.com\/de\/roadtrip-von-boston-nach-washington\/","url":"https:\/\/usa-b2.com\/de\/roadtrip-von-boston-nach-washington\/","name":"Ein Roadtrip von Boston nach Washington - USA B2","isPartOf":{"@id":"https:\/\/usa-b2.com\/de\/#website"},"primaryImageOfPage":{"@id":"https:\/\/usa-b2.com\/de\/roadtrip-von-boston-nach-washington\/#primaryimage"},"image":{"@id":"https:\/\/usa-b2.com\/de\/roadtrip-von-boston-nach-washington\/#primaryimage"},"thumbnailUrl":"https:\/\/usa-b2.com\/wp-content\/uploads\/2025\/01\/Atlantic-City-USA-edited.png","datePublished":"2025-01-15T12:08:05+00:00","dateModified":"2025-01-16T15:38:33+00:00","description":"Entdecken Sie die wichtigsten Etappen eines Roadtrips von Boston nach Washington: Routen, Unterk\u00fcnfte, Aktivit\u00e4ten und Fotospots.","breadcrumb":{"@id":"https:\/\/usa-b2.com\/de\/roadtrip-von-boston-nach-washington\/#breadcrumb"},"inLanguage":"de","potentialAction":[{"@type":"ReadAction","target":["https:\/\/usa-b2.com\/de\/roadtrip-von-boston-nach-washington\/"]}]},{"@type":"ImageObject","inLanguage":"de","@id":"https:\/\/usa-b2.com\/de\/roadtrip-von-boston-nach-washington\/#primaryimage","url":"https:\/\/usa-b2.com\/wp-content\/uploads\/2025\/01\/Atlantic-City-USA-edited.png","contentUrl":"https:\/\/usa-b2.com\/wp-content\/uploads\/2025\/01\/Atlantic-City-USA-edited.png"},{"@type":"BreadcrumbList","@id":"https:\/\/usa-b2.com\/de\/roadtrip-von-boston-nach-washington\/#breadcrumb","itemListElement":[{"@type":"ListItem","position":1,"name":"Accueil","item":"https:\/\/usa-b2.com\/de\/usa\/"},{"@type":"ListItem","position":2,"name":"Ein Roadtrip von Boston nach Washington"}]},{"@type":"WebSite","@id":"https:\/\/usa-b2.com\/de\/#website","url":"https:\/\/usa-b2.com\/de\/","name":"USA B2 VISA","description":"","potentialAction":[{"@type":"SearchAction","target":{"@type":"EntryPoint","urlTemplate":"https:\/\/usa-b2.com\/de\/?s={search_term_string}"},"query-input":{"@type":"PropertyValueSpecification","valueRequired":true,"valueName":"search_term_string"}}],"inLanguage":"de"}]}},"_links":{"self":[{"href":"https:\/\/usa-b2.com\/de\/wp-json\/wp\/v2\/pages\/6259","targetHints":{"allow":["GET"]}}],"collection":[{"href":"https:\/\/usa-b2.com\/de\/wp-json\/wp\/v2\/pages"}],"about":[{"href":"https:\/\/usa-b2.com\/de\/wp-json\/wp\/v2\/types\/page"}],"author":[{"embeddable":true,"href":"https:\/\/usa-b2.com\/de\/wp-json\/wp\/v2\/users\/1"}],"replies":[{"embeddable":true,"href":"https:\/\/usa-b2.com\/de\/wp-json\/wp\/v2\/comments?post=6259"}],"version-history":[{"count":0,"href":"https:\/\/usa-b2.com\/de\/wp-json\/wp\/v2\/pages\/6259\/revisions"}],"wp:attachment":[{"href":"https:\/\/usa-b2.com\/de\/wp-json\/wp\/v2\/media?parent=6259"}],"curies":[{"name":"wp","href":"https:\/\/api.w.org\/{rel}","templated":true}]}}