{"id":6240,"date":"2025-01-15T11:55:39","date_gmt":"2025-01-15T11:55:39","guid":{"rendered":"https:\/\/usa-b2.com\/herbstlaub-tour-durch-neuengland\/"},"modified":"2025-01-21T10:36:45","modified_gmt":"2025-01-21T10:36:45","slug":"herbstlaub-tour-durch-neuengland","status":"publish","type":"page","link":"https:\/\/usa-b2.com\/de\/herbstlaub-tour-durch-neuengland\/","title":{"rendered":"Entdecken Sie die New England Fall Foliage Tour in den USA"},"content":{"rendered":"\n<h1 class=\"wp-block-heading\">Wie kann man die New England Fall Foliage Tour in den USA besuchen?<\/h1>\n\n<p>Die New England Fall Foliage Tour ist ein Muss f\u00fcr alle, die die Natur und spektakul\u00e4re Landschaften lieben. Jeden Herbst f\u00e4rben sich die W\u00e4lder Neuenglands in flammende Farben und ziehen Besucher aus aller Welt an. Von malerischen Kleinst\u00e4dten bis hin zu Panoramastra\u00dfen bietet diese Reise ein einzigartiges Eintauchen in die warme Atmosph\u00e4re des Herbstes. Dieser detaillierte Reisef\u00fchrer bietet Ihnen Reiserouten, \u00dcbernachtungstipps, Fotospots und Aktivit\u00e4ten, damit Sie das Beste aus Ihrem Aufenthalt machen k\u00f6nnen.   <\/p>\n\n<figure class=\"wp-block-image size-full\"><img fetchpriority=\"high\" decoding=\"async\" width=\"706\" height=\"397\" src=\"https:\/\/usa-b2.com\/wp-content\/uploads\/2025\/01\/New-England-Fall-Foliage-Tour-USA-edited.png\" alt=\"\" class=\"wp-image-6845\" srcset=\"https:\/\/usa-b2.com\/wp-content\/uploads\/2025\/01\/New-England-Fall-Foliage-Tour-USA-edited.png 706w, https:\/\/usa-b2.com\/wp-content\/uploads\/2025\/01\/New-England-Fall-Foliage-Tour-USA-edited-300x169.png 300w\" sizes=\"(max-width: 706px) 100vw, 706px\" \/><\/figure>\n\n<h2 class=\"wp-block-heading\">Erkunden Sie die Farben des Herbstes: Wahrzeichen und Landschaften<\/h2>\n\n<h3 class=\"wp-block-heading\">Unumg\u00e4ngliche Orte, um das Laub zu bewundern<\/h3>\n\n<ul class=\"wp-block-list\">\n<li><strong><a href=\"https:\/\/kancamagushighway.com\/\">Kancamagus Highway<\/a> (New Hampshire) <\/strong>: Eine der ber\u00fchmtesten Stra\u00dfen, um die Herbstfarben zu beobachten, mit Aussichtspunkten wie Sabbaday Falls und Sugar Hill Overlook.<\/li>\n\n\n\n<li><strong><a href=\"https:\/\/greenmountainbywayvt.com\/\">Green Mountain Byway<\/a> (Vermont) <\/strong>: Eine reizvolle Route durch die malerischen D\u00f6rfer Stowe und Waterbury.<\/li>\n\n\n\n<li><strong><a href=\"https:\/\/www.mohawktrail.com\/\">Mohawk Trail <\/a>(Massachusetts) :<\/strong> Dieser historische Wanderweg bietet spektakul\u00e4re Landschaften und Haltepunkte wie den Hairpin Turn.<\/li>\n<\/ul>\n\n<h3 class=\"wp-block-heading\">Emblematische Landschaften, die es zu erkunden gilt<\/h3>\n\n<p>Die New England Fall Foliage Tour ist reich an abwechslungsreichen Landschaften, von den sanften H\u00fcgeln Vermonts bis zu den spiegelnden Seen von Maine. Nationalparks und Naturschutzgebiete, wie der Acadia National Park, bieten atemberaubende Ausblicke auf das Laubwerk und den Atlantischen Ozean. Vergessen Sie nicht, St\u00e4dte wie <a href=\"https:\/\/www.woodstock.com\/\">Woodstock<\/a> (Vermont) und <a href=\"https:\/\/www.ci.camden.nj.us\/\">Camden<\/a> (Maine) zu besuchen, wo der herbstliche Charme seinen H\u00f6hepunkt erreicht.  <\/p>\n\n<h2 class=\"wp-block-heading\">Wo schlafen wir: Unterk\u00fcnfte und strategische St\u00e4dte<\/h2>\n\n<h3 class=\"wp-block-heading\">Die wichtigsten Etappenst\u00e4dte<\/h3>\n\n<ul class=\"wp-block-list\">\n<li><strong><a href=\"https:\/\/www.stowe.com\/\">Stowe<\/a> (Vermont)<\/strong>: Diese Bergstadt ist ein zentraler Punkt f\u00fcr die Erkundung der Green Mountains. Sie bietet traditionelle Gasth\u00f6fe und komfortable Hotels. <\/li>\n\n\n\n<li><strong><a href=\"https:\/\/northconwaynh.com\/\">North Conway<\/a> (New Hampshire)<\/strong>: Perfekt, um den Kancamagus Highway zu erkunden und eine gem\u00fctliche Atmosph\u00e4re zu genie\u00dfen.<\/li>\n\n\n\n<li><strong><a href=\"https:\/\/www.visitbarharbor.com\/\">Bar Harbor<\/a> (Maine)<\/strong>: Ideal f\u00fcr diejenigen, die das Herbstlaub mit den K\u00fcstenlandschaften des Acadia Nationalparks kombinieren m\u00f6chten.<\/li>\n<\/ul>\n\n<h3 class=\"wp-block-heading\">Empfohlene Unterk\u00fcnfte<\/h3>\n\n<ul class=\"wp-block-list\">\n<li><strong>Traditionelle Bed &amp; Breakfasts<\/strong>: Diese typischen Unterk\u00fcnfte, wie das <a href=\"https:\/\/www.rabbithill.com\/winter\/\">Rabbit Hill<\/a> Inn in Vermont, bieten eine authentische Erfahrung.<\/li>\n\n\n\n<li><strong>Hotels und Lodges<\/strong>: Optionen wie das <a href=\"https:\/\/www.whitemountainhotel.com\/\">White Mountain Hotel<\/a> in North Conway kombinieren Komfort mit atemberaubender Aussicht.<\/li>\n\n\n\n<li><strong>Camping <\/strong>: Freiluftliebhaber k\u00f6nnen sich f\u00fcr einen der eingerichteten Campingpl\u00e4tze entscheiden, wie z.B. im <a href=\"https:\/\/www.nhstateparks.org\/find-parks-trails\/franconia-notch-state-park\">Franconia Notch State Park<\/a>.<\/li>\n<\/ul>\n\n<h2 class=\"wp-block-heading\">Empfohlene Route von 7 Tagen<\/h2>\n\n<figure class=\"wp-block-table\"><table class=\"has-fixed-layout\"><tbody><tr><td class=\"has-text-align-center\" data-align=\"center\"><strong>Tag<\/strong><\/td><td class=\"has-text-align-center\" data-align=\"center\"><strong>Region<\/strong><\/td><td class=\"has-text-align-center\" data-align=\"center\"><strong>Hauptt\u00e4tigkeiten<\/strong><\/td><td class=\"has-text-align-center\" data-align=\"center\"><strong>Vorgeschlagene Unterkunft<\/strong><\/td><\/tr><tr><td class=\"has-text-align-center\" data-align=\"center\">1<\/td><td class=\"has-text-align-center\" data-align=\"center\">Boston nach Stowe<\/td><td class=\"has-text-align-center\" data-align=\"center\">Fahrt nach Vermont, Halt in Woodstock<\/td><td class=\"has-text-align-center\" data-align=\"center\">Stowe<\/td><\/tr><tr><td class=\"has-text-align-center\" data-align=\"center\">2<\/td><td class=\"has-text-align-center\" data-align=\"center\">Green Mountain Byway<\/td><td class=\"has-text-align-center\" data-align=\"center\">Wanderung, Besuch von Waterbury<\/td><td class=\"has-text-align-center\" data-align=\"center\">Stowe<\/td><\/tr><tr><td class=\"has-text-align-center\" data-align=\"center\">3<\/td><td class=\"has-text-align-center\" data-align=\"center\">Kancamagus Highway<\/td><td class=\"has-text-align-center\" data-align=\"center\">Aussichtspunkte, Sabbaday Falls<\/td><td class=\"has-text-align-center\" data-align=\"center\">North Conway<\/td><\/tr><tr><td class=\"has-text-align-center\" data-align=\"center\">4<\/td><td class=\"has-text-align-center\" data-align=\"center\">White Mountains<\/td><td class=\"has-text-align-center\" data-align=\"center\">Wanderungen, Mount Washington Auto Road<\/td><td class=\"has-text-align-center\" data-align=\"center\">North Conway<\/td><\/tr><tr><td class=\"has-text-align-center\" data-align=\"center\">5<\/td><td class=\"has-text-align-center\" data-align=\"center\">Mohawk Trail<\/td><td class=\"has-text-align-center\" data-align=\"center\">Hairpin Turn, Berkshire Mountains<\/td><td class=\"has-text-align-center\" data-align=\"center\">Lenox<\/td><\/tr><tr><td class=\"has-text-align-center\" data-align=\"center\">6<\/td><td class=\"has-text-align-center\" data-align=\"center\">Acadia National Park<\/td><td class=\"has-text-align-center\" data-align=\"center\">Cadillac Mountain, Sand Beach<\/td><td class=\"has-text-align-center\" data-align=\"center\">Bar Harbor<\/td><\/tr><tr><td class=\"has-text-align-center\" data-align=\"center\">7<\/td><td class=\"has-text-align-center\" data-align=\"center\">Camden und R\u00fcckfahrt nach Boston<\/td><td class=\"has-text-align-center\" data-align=\"center\">K\u00fcstendorf, Spaziergang in den H\u00fcgeln<\/td><td class=\"has-text-align-center\" data-align=\"center\">&#8211;<\/td><\/tr><\/tbody><\/table><\/figure>\n\n<p>Diese Route kombiniert Panoramastra\u00dfen, kulturelle Stopps und Naturerlebnisse zu einem umfassenden Erlebnis.<\/p>\n\n<h2 class=\"wp-block-heading\">Instagrammable Photo Spots<\/h2>\n\n<h3 class=\"wp-block-heading\">Orte, die Sie unbedingt einfangen m\u00fcssen<\/h3>\n\n<ul class=\"wp-block-list\">\n<li><strong><a href=\"https:\/\/www.nps.gov\/acad\/planyourvisit\/cadillac-mountain.htm\">Cadillac Mountain<\/a> (Acadia National Park)<\/strong>: Der h\u00f6chste Punkt der Ostk\u00fcste, mit einer spektakul\u00e4ren Aussicht auf den Sonnenaufgang.<\/li>\n\n\n\n<li><strong><a href=\"https:\/\/www.sleepyhollowtrees.com\/\">Sleepy Hollow Farm<\/a> (Woodstock, Vermont)<\/strong>: Ein emblematischer Bauernhof, der von leuchtendem Laub umgeben ist.<\/li>\n\n\n\n<li><strong>Flume Gorge (New Hampshire)<\/strong>: Ein beeindruckendes Naturgebiet, perfekt f\u00fcr Fotos, die in die Farben des Herbstes eintauchen.<\/li>\n<\/ul>\n\n<h3 class=\"wp-block-heading\">Tipps f\u00fcr erfolgreiche Aufnahmen<\/h3>\n\n<p>Bevorzugen Sie die goldenen Stunden am fr\u00fchen Morgen oder am Ende des Tages, um die lebhaftesten Farben einzufangen. Denken Sie daran, Elemente wie gewundene Stra\u00dfen oder \u00fcberdachte Br\u00fccken einzubeziehen, um Ihren Bildern Tiefe zu verleihen. <\/p>\n\n<h2 class=\"wp-block-heading\">Aktivit\u00e4ten nach Ihrem Reisetyp<\/h2>\n\n<h3 class=\"wp-block-heading\">F\u00fcr Paare<\/h3>\n\n<ul class=\"wp-block-list\">\n<li><strong>Kutschenfahrten<\/strong>: Genie\u00dfen Sie eine ruhige Fahrt durch die farbenfrohen W\u00e4lder, wie in <a href=\"https:\/\/www.woodstock.com\/\">Woodstock<\/a>, Vermont.<\/li>\n\n\n\n<li><strong>Abendessen mit Aussicht<\/strong>: Restaurants wie das Cliff House in Bar Harbor bieten Gourmet-Mahlzeiten in einer bezaubernden Umgebung.<\/li>\n\n\n\n<li><strong>Sternenbeobachtung<\/strong>: Abseits der st\u00e4dtischen Lichter sind Orte wie Franconia Notch ideal, um die Milchstra\u00dfe zu bewundern.<\/li>\n<\/ul>\n\n<h3 class=\"wp-block-heading\">Familie: kinderfreundliche Abenteuer<\/h3>\n\n<ul class=\"wp-block-list\">\n<li><strong>Barrierefreie Wanderungen<\/strong>: Wanderwege wie die um den Echo Lake (New Hampshire) sind ideal f\u00fcr Kinder.<\/li>\n\n\n\n<li><strong>Picknick in der Natur<\/strong>: Machen Sie eine Pause auf den angelegten Fl\u00e4chen des <a href=\"https:\/\/www.fs.usda.gov\/gmfl\">Green Mountain National Forest<\/a>.<\/li>\n\n\n\n<li><strong>Apfelernte <\/strong>: Mehrere Obstg\u00e4rten in Vermont bieten Familienaktivit\u00e4ten wie Apfelernte und Apfelweinverkostung an.<\/li>\n<\/ul>\n\n<p><br\/>Die New England Fall Foliage Tour ist eine Einladung, in die leuchtenden Farben des Herbstes einzutauchen, malerische D\u00f6rfer zu entdecken und unvergessliche Momente in der Natur zu erleben. Ob Sie nun auf der Suche nach Romantik, Abenteuer oder Gelassenheit sind, diese Reise verspricht Ihnen spektakul\u00e4re Landschaften und ein vollst\u00e4ndiges Eintauchen in das Wesen Neuenglands. Planen Sie Ihre Reiseroute und lassen Sie sich von der Magie des Herbstes verzaubern!  <\/p>\n","protected":false},"excerpt":{"rendered":"<p>Wie kann man die New England Fall Foliage Tour in den USA besuchen? Die New England Fall Foliage Tour ist ein Muss f\u00fcr alle, die die Natur und spektakul\u00e4re Landschaften lieben. Jeden Herbst f\u00e4rben sich die W\u00e4lder Neuenglands in flammende Farben und ziehen Besucher aus aller Welt an. Von malerischen Kleinst\u00e4dten bis hin zu Panoramastra\u00dfen [&hellip;]<\/p>\n","protected":false},"author":1,"featured_media":0,"parent":0,"menu_order":0,"comment_status":"closed","ping_status":"closed","template":"","meta":{"footnotes":""},"class_list":["post-6240","page","type-page","status-publish","hentry"],"yoast_head":"<!-- This site is optimized with the Yoast SEO plugin v27.4 - https:\/\/yoast.com\/product\/yoast-seo-wordpress\/ -->\n<title>Entdecken Sie die New England Fall Foliage Tour in den USA - USA B2<\/title>\n<meta name=\"description\" content=\"Entdecken Sie die New England Fall Foliage Tour in den USA: Sehensw\u00fcrdigkeiten, Landschaften, Unterk\u00fcnfte und Reiserouten.\" \/>\n<meta name=\"robots\" content=\"index, follow, max-snippet:-1, max-image-preview:large, max-video-preview:-1\" \/>\n<link rel=\"canonical\" href=\"https:\/\/usa-b2.com\/de\/herbstlaub-tour-durch-neuengland\/\" \/>\n<meta property=\"og:locale\" content=\"de_DE\" \/>\n<meta property=\"og:type\" content=\"article\" \/>\n<meta property=\"og:title\" content=\"Entdecken Sie die New England Fall Foliage Tour in den USA - USA B2\" \/>\n<meta property=\"og:description\" content=\"Entdecken Sie die New England Fall Foliage Tour in den USA: Sehensw\u00fcrdigkeiten, Landschaften, Unterk\u00fcnfte und Reiserouten.\" \/>\n<meta property=\"og:url\" content=\"https:\/\/usa-b2.com\/de\/herbstlaub-tour-durch-neuengland\/\" \/>\n<meta property=\"og:site_name\" content=\"USA B2\" \/>\n<meta property=\"article:modified_time\" content=\"2025-01-21T10:36:45+00:00\" \/>\n<meta property=\"og:image\" content=\"https:\/\/usa-b2.com\/wp-content\/uploads\/2025\/01\/New-England-Fall-Foliage-Tour-USA-edited.png\" \/>\n\t<meta property=\"og:image:width\" content=\"706\" \/>\n\t<meta property=\"og:image:height\" content=\"397\" \/>\n\t<meta property=\"og:image:type\" content=\"image\/png\" \/>\n<meta name=\"twitter:card\" content=\"summary_large_image\" \/>\n<meta name=\"twitter:label1\" content=\"Gesch\u00e4tzte Lesezeit\" \/>\n\t<meta name=\"twitter:data1\" content=\"4\u00a0Minuten\" \/>\n<script type=\"application\/ld+json\" class=\"yoast-schema-graph\">{\"@context\":\"https:\\\/\\\/schema.org\",\"@graph\":[{\"@type\":\"WebPage\",\"@id\":\"https:\\\/\\\/usa-b2.com\\\/de\\\/herbstlaub-tour-durch-neuengland\\\/\",\"url\":\"https:\\\/\\\/usa-b2.com\\\/de\\\/herbstlaub-tour-durch-neuengland\\\/\",\"name\":\"Entdecken Sie die New England Fall Foliage Tour in den USA - USA B2\",\"isPartOf\":{\"@id\":\"https:\\\/\\\/usa-b2.com\\\/de\\\/#website\"},\"primaryImageOfPage\":{\"@id\":\"https:\\\/\\\/usa-b2.com\\\/de\\\/herbstlaub-tour-durch-neuengland\\\/#primaryimage\"},\"image\":{\"@id\":\"https:\\\/\\\/usa-b2.com\\\/de\\\/herbstlaub-tour-durch-neuengland\\\/#primaryimage\"},\"thumbnailUrl\":\"https:\\\/\\\/usa-b2.com\\\/wp-content\\\/uploads\\\/2025\\\/01\\\/New-England-Fall-Foliage-Tour-USA-edited.png\",\"datePublished\":\"2025-01-15T11:55:39+00:00\",\"dateModified\":\"2025-01-21T10:36:45+00:00\",\"description\":\"Entdecken Sie die New England Fall Foliage Tour in den USA: Sehensw\u00fcrdigkeiten, Landschaften, Unterk\u00fcnfte und Reiserouten.\",\"breadcrumb\":{\"@id\":\"https:\\\/\\\/usa-b2.com\\\/de\\\/herbstlaub-tour-durch-neuengland\\\/#breadcrumb\"},\"inLanguage\":\"de\",\"potentialAction\":[{\"@type\":\"ReadAction\",\"target\":[\"https:\\\/\\\/usa-b2.com\\\/de\\\/herbstlaub-tour-durch-neuengland\\\/\"]}]},{\"@type\":\"ImageObject\",\"inLanguage\":\"de\",\"@id\":\"https:\\\/\\\/usa-b2.com\\\/de\\\/herbstlaub-tour-durch-neuengland\\\/#primaryimage\",\"url\":\"https:\\\/\\\/usa-b2.com\\\/wp-content\\\/uploads\\\/2025\\\/01\\\/New-England-Fall-Foliage-Tour-USA-edited.png\",\"contentUrl\":\"https:\\\/\\\/usa-b2.com\\\/wp-content\\\/uploads\\\/2025\\\/01\\\/New-England-Fall-Foliage-Tour-USA-edited.png\"},{\"@type\":\"BreadcrumbList\",\"@id\":\"https:\\\/\\\/usa-b2.com\\\/de\\\/herbstlaub-tour-durch-neuengland\\\/#breadcrumb\",\"itemListElement\":[{\"@type\":\"ListItem\",\"position\":1,\"name\":\"Accueil\",\"item\":\"https:\\\/\\\/usa-b2.com\\\/de\\\/usa\\\/\"},{\"@type\":\"ListItem\",\"position\":2,\"name\":\"Entdecken Sie die New England Fall Foliage Tour in den USA\"}]},{\"@type\":\"WebSite\",\"@id\":\"https:\\\/\\\/usa-b2.com\\\/de\\\/#website\",\"url\":\"https:\\\/\\\/usa-b2.com\\\/de\\\/\",\"name\":\"USA B2 VISA\",\"description\":\"\",\"potentialAction\":[{\"@type\":\"SearchAction\",\"target\":{\"@type\":\"EntryPoint\",\"urlTemplate\":\"https:\\\/\\\/usa-b2.com\\\/de\\\/?s={search_term_string}\"},\"query-input\":{\"@type\":\"PropertyValueSpecification\",\"valueRequired\":true,\"valueName\":\"search_term_string\"}}],\"inLanguage\":\"de\"}]}<\/script>\n<!-- \/ Yoast SEO plugin. -->","yoast_head_json":{"title":"Entdecken Sie die New England Fall Foliage Tour in den USA - USA B2","description":"Entdecken Sie die New England Fall Foliage Tour in den USA: Sehensw\u00fcrdigkeiten, Landschaften, Unterk\u00fcnfte und Reiserouten.","robots":{"index":"index","follow":"follow","max-snippet":"max-snippet:-1","max-image-preview":"max-image-preview:large","max-video-preview":"max-video-preview:-1"},"canonical":"https:\/\/usa-b2.com\/de\/herbstlaub-tour-durch-neuengland\/","og_locale":"de_DE","og_type":"article","og_title":"Entdecken Sie die New England Fall Foliage Tour in den USA - USA B2","og_description":"Entdecken Sie die New England Fall Foliage Tour in den USA: Sehensw\u00fcrdigkeiten, Landschaften, Unterk\u00fcnfte und Reiserouten.","og_url":"https:\/\/usa-b2.com\/de\/herbstlaub-tour-durch-neuengland\/","og_site_name":"USA B2","article_modified_time":"2025-01-21T10:36:45+00:00","og_image":[{"width":706,"height":397,"url":"https:\/\/usa-b2.com\/wp-content\/uploads\/2025\/01\/New-England-Fall-Foliage-Tour-USA-edited.png","type":"image\/png"}],"twitter_card":"summary_large_image","twitter_misc":{"Gesch\u00e4tzte Lesezeit":"4\u00a0Minuten"},"schema":{"@context":"https:\/\/schema.org","@graph":[{"@type":"WebPage","@id":"https:\/\/usa-b2.com\/de\/herbstlaub-tour-durch-neuengland\/","url":"https:\/\/usa-b2.com\/de\/herbstlaub-tour-durch-neuengland\/","name":"Entdecken Sie die New England Fall Foliage Tour in den USA - USA B2","isPartOf":{"@id":"https:\/\/usa-b2.com\/de\/#website"},"primaryImageOfPage":{"@id":"https:\/\/usa-b2.com\/de\/herbstlaub-tour-durch-neuengland\/#primaryimage"},"image":{"@id":"https:\/\/usa-b2.com\/de\/herbstlaub-tour-durch-neuengland\/#primaryimage"},"thumbnailUrl":"https:\/\/usa-b2.com\/wp-content\/uploads\/2025\/01\/New-England-Fall-Foliage-Tour-USA-edited.png","datePublished":"2025-01-15T11:55:39+00:00","dateModified":"2025-01-21T10:36:45+00:00","description":"Entdecken Sie die New England Fall Foliage Tour in den USA: Sehensw\u00fcrdigkeiten, Landschaften, Unterk\u00fcnfte und Reiserouten.","breadcrumb":{"@id":"https:\/\/usa-b2.com\/de\/herbstlaub-tour-durch-neuengland\/#breadcrumb"},"inLanguage":"de","potentialAction":[{"@type":"ReadAction","target":["https:\/\/usa-b2.com\/de\/herbstlaub-tour-durch-neuengland\/"]}]},{"@type":"ImageObject","inLanguage":"de","@id":"https:\/\/usa-b2.com\/de\/herbstlaub-tour-durch-neuengland\/#primaryimage","url":"https:\/\/usa-b2.com\/wp-content\/uploads\/2025\/01\/New-England-Fall-Foliage-Tour-USA-edited.png","contentUrl":"https:\/\/usa-b2.com\/wp-content\/uploads\/2025\/01\/New-England-Fall-Foliage-Tour-USA-edited.png"},{"@type":"BreadcrumbList","@id":"https:\/\/usa-b2.com\/de\/herbstlaub-tour-durch-neuengland\/#breadcrumb","itemListElement":[{"@type":"ListItem","position":1,"name":"Accueil","item":"https:\/\/usa-b2.com\/de\/usa\/"},{"@type":"ListItem","position":2,"name":"Entdecken Sie die New England Fall Foliage Tour in den USA"}]},{"@type":"WebSite","@id":"https:\/\/usa-b2.com\/de\/#website","url":"https:\/\/usa-b2.com\/de\/","name":"USA B2 VISA","description":"","potentialAction":[{"@type":"SearchAction","target":{"@type":"EntryPoint","urlTemplate":"https:\/\/usa-b2.com\/de\/?s={search_term_string}"},"query-input":{"@type":"PropertyValueSpecification","valueRequired":true,"valueName":"search_term_string"}}],"inLanguage":"de"}]}},"_links":{"self":[{"href":"https:\/\/usa-b2.com\/de\/wp-json\/wp\/v2\/pages\/6240","targetHints":{"allow":["GET"]}}],"collection":[{"href":"https:\/\/usa-b2.com\/de\/wp-json\/wp\/v2\/pages"}],"about":[{"href":"https:\/\/usa-b2.com\/de\/wp-json\/wp\/v2\/types\/page"}],"author":[{"embeddable":true,"href":"https:\/\/usa-b2.com\/de\/wp-json\/wp\/v2\/users\/1"}],"replies":[{"embeddable":true,"href":"https:\/\/usa-b2.com\/de\/wp-json\/wp\/v2\/comments?post=6240"}],"version-history":[{"count":0,"href":"https:\/\/usa-b2.com\/de\/wp-json\/wp\/v2\/pages\/6240\/revisions"}],"wp:attachment":[{"href":"https:\/\/usa-b2.com\/de\/wp-json\/wp\/v2\/media?parent=6240"}],"curies":[{"name":"wp","href":"https:\/\/api.w.org\/{rel}","templated":true}]}}