{"id":6201,"date":"2025-01-15T09:10:05","date_gmt":"2025-01-15T09:10:05","guid":{"rendered":"https:\/\/usa-b2.com\/grosse-parks-im-westen-und-in-den-vereinigten-staaten\/"},"modified":"2025-01-21T12:38:35","modified_gmt":"2025-01-21T12:38:35","slug":"grosse-parks-im-westen-und-in-den-vereinigten-staaten","status":"publish","type":"page","link":"https:\/\/usa-b2.com\/de\/grosse-parks-im-westen-und-in-den-vereinigten-staaten\/","title":{"rendered":"Die Gro\u00dfen Parks des Westens in den Vereinigten Staaten durchwandern"},"content":{"rendered":"\n<h1 class=\"wp-block-heading\">Wie organisiert man einen Roadtrip zu den Great Western Parks?<\/h1>\n\n<p>Die Mighty Five, die f\u00fcnf ikonischen Nationalparks in<a href=\"https:\/\/www.office-tourisme-usa.com\/etat\/utah\/\">Utah<\/a>, verk\u00f6rpern die wilde Sch\u00f6nheit des amerikanischen Westens. Sie ziehen jedes Jahr Millionen von Besuchern an, die auf der Suche nach gro\u00dfartigen Ausblicken und unvergesslichen Abenteuern sind. Dieser umfassende Reisef\u00fchrer hilft Ihnen bei der Planung Ihrer Reise, von Routen und Fotospots bis hin zu Unterk\u00fcnften und Aktivit\u00e4ten, die f\u00fcr jeden geeignet sind. Entdecken Sie die Geheimnisse der Mighty Five und bereiten Sie sich auf eine unvergessliche Reise in die Landschaft Utahs vor.   <\/p>\n\n<figure class=\"wp-block-gallery has-nested-images columns-default is-cropped wp-block-gallery-1 is-layout-flex wp-block-gallery-is-layout-flex\">\n<figure class=\"wp-block-image size-large\"><img fetchpriority=\"high\" decoding=\"async\" width=\"789\" height=\"444\" data-id=\"6696\" src=\"https:\/\/usa-b2.com\/wp-content\/uploads\/2025\/01\/National-Parks-Road-Trip-Utah-edited-1.png\" alt=\"\" class=\"wp-image-6696\" srcset=\"https:\/\/usa-b2.com\/wp-content\/uploads\/2025\/01\/National-Parks-Road-Trip-Utah-edited-1.png 789w, https:\/\/usa-b2.com\/wp-content\/uploads\/2025\/01\/National-Parks-Road-Trip-Utah-edited-1-300x169.png 300w, https:\/\/usa-b2.com\/wp-content\/uploads\/2025\/01\/National-Parks-Road-Trip-Utah-edited-1-768x432.png 768w\" sizes=\"(max-width: 789px) 100vw, 789px\" \/><\/figure>\n<\/figure>\n\n<h2 class=\"wp-block-heading\">Entdecken Sie die Mighty Five: Nationalparks und ihre einzigartigen Landschaften<\/h2>\n\n<h3 class=\"wp-block-heading\">Nationalparks, die Sie nicht verpassen sollten<\/h3>\n\n<h4 class=\"wp-block-heading\">Zion National Park: majest\u00e4tische Klippen und symboltr\u00e4chtige Wanderwege<\/h4>\n\n<p><a href=\"https:\/\/www.nps.gov\/zion\/index.htm\">Zion<\/a> ist bekannt f\u00fcr seine imposanten roten Klippen und spektakul\u00e4ren Wanderungen wie Angel&#8217;s Landing, ein schwindelerregender Pfad mit Panoramablick. Wasserliebhaber sollten sich The Narrows nicht entgehen lassen, wo die Wanderung durch einen Fluss, der von engen Schluchten umgeben ist, ein unvergessliches Erlebnis ist. <\/p>\n\n<h4 class=\"wp-block-heading\">Bryce Canyon: ein nat\u00fcrliches Amphitheater von Hoodoos<\/h4>\n\n<p>Der <a href=\"https:\/\/www.nps.gov\/brca\/index.htm\">Bryce Canyon<\/a> zeichnet sich durch seine einzigartigen Felsformationen, die Hoodoos genannt werden, aus. Aussichtspunkte wie der Sunrise Point oder der Inspiration Point bieten atemberaubende Panoramen, besonders in der Morgen- oder Abendd\u00e4mmerung. <\/p>\n\n<h4 class=\"wp-block-heading\">Arches und Canyonlands: die geologischen Wunder von Utah<\/h4>\n\n<p>In Arches gibt es mehr als 2.000 nat\u00fcrliche B\u00f6gen, darunter der ber\u00fchmte Delicate Arch. Nur wenige Kilometer entfernt liegt Canyonlands mit seinen endlosen Canyons und dem Mesa Arch, der bei Sonnenaufgang ein Muss ist. <\/p>\n\n<h3 class=\"wp-block-heading\">Landschaften und symbolische Haltepunkte<\/h3>\n\n<h4 class=\"wp-block-heading\">Natursch\u00f6nheiten, die es zu erkunden gilt<\/h4>\n\n<p>Jeder Park birgt einzigartige Sch\u00e4tze. Am Capitol Reef ist der Waterpocket Fold eine faszinierende geologische Formation, w\u00e4hrend der Fruita Historic District den Besucher in die Geschichte der Region eintauchen l\u00e4sst. Der Bryce Canyon ist ber\u00fchmt f\u00fcr seine bizarr geformten Hoodoos wie Thor&#8217;s Hammer.  <\/p>\n\n<h4 class=\"wp-block-heading\">Die besten Panoramastra\u00dfen<\/h4>\n\n<p>Stra\u00dfen wie der Scenic Byway 12 zwischen Bryce und Capitol Reef bieten atemberaubende Ausblicke auf die Berge und W\u00fcsten. Nehmen Sie sich die Zeit, an den Aussichtspunkten anzuhalten und die Landschaft zu bewundern. <\/p>\n\n<h2 class=\"wp-block-heading\">Wo schlafen wir: Unterk\u00fcnfte und strategische St\u00e4dte<\/h2>\n\n<h3 class=\"wp-block-heading\">Unumg\u00e4ngliche Etappenst\u00e4dte<\/h3>\n\n<h4 class=\"wp-block-heading\">Springdale: vor den Toren von Zion<\/h4>\n\n<p><a href=\"https:\/\/www.springdaletown.com\/\">Springdale<\/a> ist der ideale Ausgangspunkt f\u00fcr die Erkundung des Zions. Es bietet eine gro\u00dfe Auswahl an Unterk\u00fcnften, von komfortablen Lodges bis zu Luxushotels, und Restaurants, die jeden Geschmack treffen. Die strategische Lage macht es einfach, den Park mit einem bequemen Shuttle-Bus zu erreichen.  <\/p>\n\n<h4 class=\"wp-block-heading\">Moab: am Kreuzungspunkt zweier Parks<\/h4>\n\n<p><a href=\"https:\/\/www.discovermoab.com\/\">Moab<\/a> ist dynamisch und gastfreundlich und eignet sich perfekt, um Arches und Canyonlands zu entdecken. Die Unterkunftsm\u00f6glichkeiten umfassen gut ausgestattete Campingpl\u00e4tze, familienfreundliche Hotels und freundliche Gasth\u00e4user f\u00fcr Alleinreisende. <\/p>\n\n<h3 class=\"wp-block-heading\">\u00dcbernachten in den Parks: Eintauchen garantiert<\/h3>\n\n<h4 class=\"wp-block-heading\">Lodges f\u00fcr ein einzigartiges Erlebnis<\/h4>\n\n<p>In mehreren Parks, wie Zion und Bryce, gibt es Lodges mit direktem Blick auf die Naturlandschaft. Eine fr\u00fchzeitige Buchung dieser Unterk\u00fcnfte ist wichtig, um einen Aufenthalt inmitten der Natur zu gew\u00e4hrleisten. <\/p>\n\n<h4 class=\"wp-block-heading\">Camping: Schlafen unter den Sternen<\/h4>\n\n<p>Camping ist eine beliebte Option f\u00fcr Abenteurer. In jedem Park gibt es eingerichtete Pl\u00e4tze, die die wichtigsten Annehmlichkeiten und die N\u00e4he zu den Wanderwegen bieten. Der Bryce Canyon ist besonders beliebt f\u00fcr seinen au\u00dfergew\u00f6hnlichen Nachthimmel.  <\/p>\n\n<h2 class=\"wp-block-heading\">Empfohlene Route: Erkunden Sie die Mighty Five in 7 Tagen<\/h2>\n\n<figure class=\"wp-block-table\"><table class=\"has-fixed-layout\"><tbody><tr><td><strong>Tag<\/strong><\/td><td><strong>Park<\/strong><\/td><td><strong>Hauptt\u00e4tigkeiten<\/strong><\/td><td><strong>Vorgeschlagene Unterkunft<\/strong><\/td><\/tr><tr><td>1<\/td><td>Zion<\/td><td>Angel&#8217;s Landing, The Narrows<\/td><td>Springdale<\/td><\/tr><tr><td>2<\/td><td>Bryce Canyon<\/td><td>Sunrise Point, Fairyland Loop<\/td><td>Tropic<\/td><\/tr><tr><td>3<\/td><td>Capitol Reef<\/td><td>Fruita Overlook, Hickman Bridge<\/td><td>Torrey<\/td><\/tr><tr><td>4-5<\/td><td>B\u00f6gen<\/td><td>Delicate Arch, Devils Garden<\/td><td>Moab<\/td><\/tr><tr><td>6-7<\/td><td>Canyonlands<\/td><td>Island in the Sky, Mesa Arch<\/td><td>Moab<\/td><\/tr><\/tbody><\/table><\/figure>\n\n<p><br\/>Diese Route maximiert die Zeit, die in jedem Park verbracht wird, w\u00e4hrend sie gleichzeitig eine bequeme Reise zwischen den Standorten erm\u00f6glicht.<\/p>\n\n<h2 class=\"wp-block-heading\">Instagrammable Photo Spots<\/h2>\n\n<h3 class=\"wp-block-heading\">Die perfekte Landschaft f\u00fcr Ihre Aufnahmen<\/h3>\n\n<h4 class=\"wp-block-heading\">Mesa Arch: spektakul\u00e4rer Sonnenaufgang<\/h4>\n\n<p>Der Mesa Arch in Canyonlands ist ein Favorit unter den Fotografen. Das Morgenlicht beleuchtet den Bogen und schafft eine magische Szene, die einen Besuch wert ist. <\/p>\n\n<h4 class=\"wp-block-heading\">Delicate Arch: eine Ikone in Utah<\/h4>\n\n<p>Dieses Juwel im Arches Nationalpark zieht Besucher an, die auf der Suche nach unvergesslichen Fotos sind. Eine 3 Meilen lange Wanderung f\u00fchrt Sie zu diesem ikonischen Ort, der besonders bei Sonnenuntergang sch\u00f6n ist. <\/p>\n\n<h4 class=\"wp-block-heading\">Bryce Amphitheater: ein Naturgem\u00e4lde unter freiem Himmel<\/h4>\n\n<p>Das Bryce Amphitheater bietet atemberaubende Panoramen. Die wechselnden Farben der Hoodoos in der Morgen- oder Abendd\u00e4mmerung sind ideal f\u00fcr Instagrammable Fotos. <\/p>\n\n<h2 class=\"wp-block-heading\">Aktivit\u00e4ten nach Ihrem Reisetyp<\/h2>\n\n<h3 class=\"wp-block-heading\">F\u00fcr Paare: Romantische Momente<\/h3>\n\n<h4 class=\"wp-block-heading\">Wanderungen und Picknicks bei Sonnenuntergang<\/h4>\n\n<p>Wanderwege wie Sunset Point im Bryce Canyon bieten eine idyllische Kulisse f\u00fcr Paare. Planen Sie ein Picknick mit Blick auf die Hoodoos f\u00fcr einen Moment der Zweisamkeit. <\/p>\n\n<h4 class=\"wp-block-heading\">Sternenbeobachtung<\/h4>\n\n<p>Der Bryce Canyon ist f\u00fcr seinen Sternenhimmel ber\u00fchmt. Eine gemeinsame Nacht mit astronomischen Beobachtungen schafft unvergessliche Erinnerungen. <\/p>\n\n<h3 class=\"wp-block-heading\">Familie: kinderfreundliche Abenteuer<\/h3>\n\n<h4 class=\"wp-block-heading\">Bildungsaktivit\u00e4ten: Junior Ranger Program<\/h4>\n\n<p>Alle Parks bieten Kinderprogramme an, die Lernen und Spa\u00df miteinander verbinden. Kleine Abenteurer k\u00f6nnen nach Abschluss von Aufgaben Abzeichen erwerben. <\/p>\n\n<h4 class=\"wp-block-heading\">Leichte und zug\u00e4ngliche Wanderungen<\/h4>\n\n<p>Wanderwege wie der Riverside Walk in Zion oder der Sand Dune Arch Trail in Arches sind ideal f\u00fcr Familien und bieten herrliche Ausblicke ohne gro\u00dfe k\u00f6rperliche Anstrengung.<\/p>\n\n<p><br\/>Eine Reise durch die Mighty Five ist eine unvergleichliche Erfahrung, die Abenteuer, Entdeckungen und Entspannung miteinander verbindet. Egal, ob Sie zu zweit oder mit der Familie unterwegs sind, diese Nationalparks werden Ihnen unvergessliche Erinnerungen bescheren. Planen Sie Ihre Reiseroute, buchen Sie Ihre Unterk\u00fcnfte und tauchen Sie ein in die raue Sch\u00f6nheit Utahs.  <\/p>\n\n<p><\/p>\n","protected":false},"excerpt":{"rendered":"<p>Wie organisiert man einen Roadtrip zu den Great Western Parks? Die Mighty Five, die f\u00fcnf ikonischen Nationalparks inUtah, verk\u00f6rpern die wilde Sch\u00f6nheit des amerikanischen Westens. Sie ziehen jedes Jahr Millionen von Besuchern an, die auf der Suche nach gro\u00dfartigen Ausblicken und unvergesslichen Abenteuern sind. Dieser umfassende Reisef\u00fchrer hilft Ihnen bei der Planung Ihrer Reise, von [&hellip;]<\/p>\n","protected":false},"author":1,"featured_media":0,"parent":0,"menu_order":0,"comment_status":"closed","ping_status":"closed","template":"","meta":{"footnotes":""},"class_list":["post-6201","page","type-page","status-publish","hentry"],"yoast_head":"<!-- This site is optimized with the Yoast SEO plugin v27.4 - https:\/\/yoast.com\/product\/yoast-seo-wordpress\/ -->\n<title>Die Gro\u00dfen Parks des Westens in den Vereinigten Staaten durchwandern - USA B2<\/title>\n<meta name=\"description\" content=\"Erfahren Sie, wie Sie Ihre Reise in die Mighty Five von Utah planen k\u00f6nnen. Routen, Unterk\u00fcnfte, Aktivit\u00e4ten und Fotospots.\" \/>\n<meta name=\"robots\" content=\"index, follow, max-snippet:-1, max-image-preview:large, max-video-preview:-1\" \/>\n<link rel=\"canonical\" href=\"https:\/\/usa-b2.com\/de\/grosse-parks-im-westen-und-in-den-vereinigten-staaten\/\" \/>\n<meta property=\"og:locale\" content=\"de_DE\" \/>\n<meta property=\"og:type\" content=\"article\" \/>\n<meta property=\"og:title\" content=\"Die Gro\u00dfen Parks des Westens in den Vereinigten Staaten durchwandern - USA B2\" \/>\n<meta property=\"og:description\" content=\"Erfahren Sie, wie Sie Ihre Reise in die Mighty Five von Utah planen k\u00f6nnen. Routen, Unterk\u00fcnfte, Aktivit\u00e4ten und Fotospots.\" \/>\n<meta property=\"og:url\" content=\"https:\/\/usa-b2.com\/de\/grosse-parks-im-westen-und-in-den-vereinigten-staaten\/\" \/>\n<meta property=\"og:site_name\" content=\"USA B2\" \/>\n<meta property=\"article:modified_time\" content=\"2025-01-21T12:38:35+00:00\" \/>\n<meta property=\"og:image\" content=\"https:\/\/usa-b2.com\/wp-content\/uploads\/2025\/01\/National-Parks-Road-Trip-Utah-edited-1.png\" \/>\n\t<meta property=\"og:image:width\" content=\"789\" \/>\n\t<meta property=\"og:image:height\" content=\"444\" \/>\n\t<meta property=\"og:image:type\" content=\"image\/png\" \/>\n<meta name=\"twitter:card\" content=\"summary_large_image\" \/>\n<meta name=\"twitter:label1\" content=\"Gesch\u00e4tzte Lesezeit\" \/>\n\t<meta name=\"twitter:data1\" content=\"5\u00a0Minuten\" \/>\n<script type=\"application\/ld+json\" class=\"yoast-schema-graph\">{\"@context\":\"https:\\\/\\\/schema.org\",\"@graph\":[{\"@type\":\"WebPage\",\"@id\":\"https:\\\/\\\/usa-b2.com\\\/de\\\/grosse-parks-im-westen-und-in-den-vereinigten-staaten\\\/\",\"url\":\"https:\\\/\\\/usa-b2.com\\\/de\\\/grosse-parks-im-westen-und-in-den-vereinigten-staaten\\\/\",\"name\":\"Die Gro\u00dfen Parks des Westens in den Vereinigten Staaten durchwandern - USA B2\",\"isPartOf\":{\"@id\":\"https:\\\/\\\/usa-b2.com\\\/de\\\/#website\"},\"primaryImageOfPage\":{\"@id\":\"https:\\\/\\\/usa-b2.com\\\/de\\\/grosse-parks-im-westen-und-in-den-vereinigten-staaten\\\/#primaryimage\"},\"image\":{\"@id\":\"https:\\\/\\\/usa-b2.com\\\/de\\\/grosse-parks-im-westen-und-in-den-vereinigten-staaten\\\/#primaryimage\"},\"thumbnailUrl\":\"https:\\\/\\\/usa-b2.com\\\/wp-content\\\/uploads\\\/2025\\\/01\\\/National-Parks-Road-Trip-Utah-edited-1.png\",\"datePublished\":\"2025-01-15T09:10:05+00:00\",\"dateModified\":\"2025-01-21T12:38:35+00:00\",\"description\":\"Erfahren Sie, wie Sie Ihre Reise in die Mighty Five von Utah planen k\u00f6nnen. Routen, Unterk\u00fcnfte, Aktivit\u00e4ten und Fotospots.\",\"breadcrumb\":{\"@id\":\"https:\\\/\\\/usa-b2.com\\\/de\\\/grosse-parks-im-westen-und-in-den-vereinigten-staaten\\\/#breadcrumb\"},\"inLanguage\":\"de\",\"potentialAction\":[{\"@type\":\"ReadAction\",\"target\":[\"https:\\\/\\\/usa-b2.com\\\/de\\\/grosse-parks-im-westen-und-in-den-vereinigten-staaten\\\/\"]}]},{\"@type\":\"ImageObject\",\"inLanguage\":\"de\",\"@id\":\"https:\\\/\\\/usa-b2.com\\\/de\\\/grosse-parks-im-westen-und-in-den-vereinigten-staaten\\\/#primaryimage\",\"url\":\"https:\\\/\\\/usa-b2.com\\\/wp-content\\\/uploads\\\/2025\\\/01\\\/National-Parks-Road-Trip-Utah-edited-1.png\",\"contentUrl\":\"https:\\\/\\\/usa-b2.com\\\/wp-content\\\/uploads\\\/2025\\\/01\\\/National-Parks-Road-Trip-Utah-edited-1.png\"},{\"@type\":\"BreadcrumbList\",\"@id\":\"https:\\\/\\\/usa-b2.com\\\/de\\\/grosse-parks-im-westen-und-in-den-vereinigten-staaten\\\/#breadcrumb\",\"itemListElement\":[{\"@type\":\"ListItem\",\"position\":1,\"name\":\"Accueil\",\"item\":\"https:\\\/\\\/usa-b2.com\\\/de\\\/usa\\\/\"},{\"@type\":\"ListItem\",\"position\":2,\"name\":\"Die Gro\u00dfen Parks des Westens in den Vereinigten Staaten durchwandern\"}]},{\"@type\":\"WebSite\",\"@id\":\"https:\\\/\\\/usa-b2.com\\\/de\\\/#website\",\"url\":\"https:\\\/\\\/usa-b2.com\\\/de\\\/\",\"name\":\"USA B2 VISA\",\"description\":\"\",\"potentialAction\":[{\"@type\":\"SearchAction\",\"target\":{\"@type\":\"EntryPoint\",\"urlTemplate\":\"https:\\\/\\\/usa-b2.com\\\/de\\\/?s={search_term_string}\"},\"query-input\":{\"@type\":\"PropertyValueSpecification\",\"valueRequired\":true,\"valueName\":\"search_term_string\"}}],\"inLanguage\":\"de\"}]}<\/script>\n<!-- \/ Yoast SEO plugin. -->","yoast_head_json":{"title":"Die Gro\u00dfen Parks des Westens in den Vereinigten Staaten durchwandern - USA B2","description":"Erfahren Sie, wie Sie Ihre Reise in die Mighty Five von Utah planen k\u00f6nnen. Routen, Unterk\u00fcnfte, Aktivit\u00e4ten und Fotospots.","robots":{"index":"index","follow":"follow","max-snippet":"max-snippet:-1","max-image-preview":"max-image-preview:large","max-video-preview":"max-video-preview:-1"},"canonical":"https:\/\/usa-b2.com\/de\/grosse-parks-im-westen-und-in-den-vereinigten-staaten\/","og_locale":"de_DE","og_type":"article","og_title":"Die Gro\u00dfen Parks des Westens in den Vereinigten Staaten durchwandern - USA B2","og_description":"Erfahren Sie, wie Sie Ihre Reise in die Mighty Five von Utah planen k\u00f6nnen. Routen, Unterk\u00fcnfte, Aktivit\u00e4ten und Fotospots.","og_url":"https:\/\/usa-b2.com\/de\/grosse-parks-im-westen-und-in-den-vereinigten-staaten\/","og_site_name":"USA B2","article_modified_time":"2025-01-21T12:38:35+00:00","og_image":[{"width":789,"height":444,"url":"https:\/\/usa-b2.com\/wp-content\/uploads\/2025\/01\/National-Parks-Road-Trip-Utah-edited-1.png","type":"image\/png"}],"twitter_card":"summary_large_image","twitter_misc":{"Gesch\u00e4tzte Lesezeit":"5\u00a0Minuten"},"schema":{"@context":"https:\/\/schema.org","@graph":[{"@type":"WebPage","@id":"https:\/\/usa-b2.com\/de\/grosse-parks-im-westen-und-in-den-vereinigten-staaten\/","url":"https:\/\/usa-b2.com\/de\/grosse-parks-im-westen-und-in-den-vereinigten-staaten\/","name":"Die Gro\u00dfen Parks des Westens in den Vereinigten Staaten durchwandern - USA B2","isPartOf":{"@id":"https:\/\/usa-b2.com\/de\/#website"},"primaryImageOfPage":{"@id":"https:\/\/usa-b2.com\/de\/grosse-parks-im-westen-und-in-den-vereinigten-staaten\/#primaryimage"},"image":{"@id":"https:\/\/usa-b2.com\/de\/grosse-parks-im-westen-und-in-den-vereinigten-staaten\/#primaryimage"},"thumbnailUrl":"https:\/\/usa-b2.com\/wp-content\/uploads\/2025\/01\/National-Parks-Road-Trip-Utah-edited-1.png","datePublished":"2025-01-15T09:10:05+00:00","dateModified":"2025-01-21T12:38:35+00:00","description":"Erfahren Sie, wie Sie Ihre Reise in die Mighty Five von Utah planen k\u00f6nnen. Routen, Unterk\u00fcnfte, Aktivit\u00e4ten und Fotospots.","breadcrumb":{"@id":"https:\/\/usa-b2.com\/de\/grosse-parks-im-westen-und-in-den-vereinigten-staaten\/#breadcrumb"},"inLanguage":"de","potentialAction":[{"@type":"ReadAction","target":["https:\/\/usa-b2.com\/de\/grosse-parks-im-westen-und-in-den-vereinigten-staaten\/"]}]},{"@type":"ImageObject","inLanguage":"de","@id":"https:\/\/usa-b2.com\/de\/grosse-parks-im-westen-und-in-den-vereinigten-staaten\/#primaryimage","url":"https:\/\/usa-b2.com\/wp-content\/uploads\/2025\/01\/National-Parks-Road-Trip-Utah-edited-1.png","contentUrl":"https:\/\/usa-b2.com\/wp-content\/uploads\/2025\/01\/National-Parks-Road-Trip-Utah-edited-1.png"},{"@type":"BreadcrumbList","@id":"https:\/\/usa-b2.com\/de\/grosse-parks-im-westen-und-in-den-vereinigten-staaten\/#breadcrumb","itemListElement":[{"@type":"ListItem","position":1,"name":"Accueil","item":"https:\/\/usa-b2.com\/de\/usa\/"},{"@type":"ListItem","position":2,"name":"Die Gro\u00dfen Parks des Westens in den Vereinigten Staaten durchwandern"}]},{"@type":"WebSite","@id":"https:\/\/usa-b2.com\/de\/#website","url":"https:\/\/usa-b2.com\/de\/","name":"USA B2 VISA","description":"","potentialAction":[{"@type":"SearchAction","target":{"@type":"EntryPoint","urlTemplate":"https:\/\/usa-b2.com\/de\/?s={search_term_string}"},"query-input":{"@type":"PropertyValueSpecification","valueRequired":true,"valueName":"search_term_string"}}],"inLanguage":"de"}]}},"_links":{"self":[{"href":"https:\/\/usa-b2.com\/de\/wp-json\/wp\/v2\/pages\/6201","targetHints":{"allow":["GET"]}}],"collection":[{"href":"https:\/\/usa-b2.com\/de\/wp-json\/wp\/v2\/pages"}],"about":[{"href":"https:\/\/usa-b2.com\/de\/wp-json\/wp\/v2\/types\/page"}],"author":[{"embeddable":true,"href":"https:\/\/usa-b2.com\/de\/wp-json\/wp\/v2\/users\/1"}],"replies":[{"embeddable":true,"href":"https:\/\/usa-b2.com\/de\/wp-json\/wp\/v2\/comments?post=6201"}],"version-history":[{"count":0,"href":"https:\/\/usa-b2.com\/de\/wp-json\/wp\/v2\/pages\/6201\/revisions"}],"wp:attachment":[{"href":"https:\/\/usa-b2.com\/de\/wp-json\/wp\/v2\/media?parent=6201"}],"curies":[{"name":"wp","href":"https:\/\/api.w.org\/{rel}","templated":true}]}}