{"id":6162,"date":"2025-01-15T09:17:49","date_gmt":"2025-01-15T09:17:49","guid":{"rendered":"https:\/\/usa-b2.com\/yosemite-sierra-nevada-usa\/"},"modified":"2025-12-28T15:01:35","modified_gmt":"2025-12-28T15:01:35","slug":"yosemite-sierra-nevada-usa","status":"publish","type":"page","link":"https:\/\/usa-b2.com\/de\/yosemite-sierra-nevada-usa\/","title":{"rendered":"Entdecken Sie den Yosemite Park inmitten der Sierra Nevada in den USA."},"content":{"rendered":"\n<h1 class=\"wp-block-heading\">Wie organisiert man einen Roadtrip durch den Yosemite Park in der Sierra Nevada?<\/h1>\n\n<p><a href=\"https:\/\/www.yosemite.com\/\">Yosemite<\/a> und die <a href=\"https:\/\/sierranevadageotourism.org\/\">Sierra Nevada<\/a> sind die Naturjuwelen Kaliforniens und ziehen jedes Jahr Millionen von Besuchern an. Der Yosemite Nationalpark ist mit seiner ikonischen Landschaft, den majest\u00e4tischen Wasserf\u00e4llen und den imposanten Bergen ein Muss f\u00fcr Naturliebhaber. Die Sierra Nevada beherbergt Sch\u00e4tze wie den <a href=\"https:\/\/visitlaketahoe.com\/fr\/\">Lake Tahoe<\/a>, die Riesenmammutb\u00e4ume und charmante St\u00e4dte. In diesem Reisef\u00fchrer finden Sie alles, was Sie f\u00fcr die Planung Ihrer Reise wissen m\u00fcssen: Reiserouten, Unterk\u00fcnfte, Fotospots und Aktivit\u00e4ten f\u00fcr alle Arten von Reisenden.<\/p>\n\n<figure class=\"wp-block-image size-full\"><img fetchpriority=\"high\" decoding=\"async\" width=\"719\" height=\"404\" src=\"https:\/\/usa-b2.com\/wp-content\/uploads\/2025\/01\/Sierra-Nevada-National-Park-California-USA-edited-1.png\" alt=\"\" class=\"wp-image-6678\" srcset=\"https:\/\/usa-b2.com\/wp-content\/uploads\/2025\/01\/Sierra-Nevada-National-Park-California-USA-edited-1.png 719w, https:\/\/usa-b2.com\/wp-content\/uploads\/2025\/01\/Sierra-Nevada-National-Park-California-USA-edited-1-300x169.png 300w\" sizes=\"(max-width: 719px) 100vw, 719px\" \/><\/figure>\n\n<h2 class=\"wp-block-heading\">Entdecken Sie Yosemite und die Sierra Nevada: Markante Orte und spektakul\u00e4re Landschaften<\/h2>\n\n<h3 class=\"wp-block-heading\">Ein Muss im Yosemite Nationalpark<\/h3>\n\n<h4 class=\"wp-block-heading\">Symboltr\u00e4chtige Orte: Half Dome, El Capitan und die Wasserf\u00e4lle<\/h4>\n\n<p>Yosemite ist ber\u00fchmt f\u00fcr seine beeindruckenden Felsformationen wie <strong>Half Dome<\/strong> und <strong>El Capitan<\/strong>, ein beliebtes Klettergebiet. Die <strong>Yosemite Falls<\/strong> geh\u00f6ren zu den h\u00f6chsten Wasserf\u00e4llen Nordamerikas und bieten vor allem im Fr\u00fchling ein gro\u00dfartiges Schauspiel.<\/p>\n\n<h4 class=\"wp-block-heading\">Die Riesenmammutb\u00e4ume von Mariposa Grove<\/h4>\n\n<p>Im S\u00fcden des Parks, im <strong>Mariposa Grove<\/strong>, stehen \u00fcber 500 Riesenmammutb\u00e4ume, darunter der ber\u00fchmte <strong><strong>Grizzly Giant<\/strong><\/strong>. Ein Spaziergang durch diese tausendj\u00e4hrigen B\u00e4ume ist ein unvergessliches Erlebnis.<\/p>\n\n<h4 class=\"wp-block-heading\">Das Yosemite-Tal: ein Paradies f\u00fcr Wanderer<\/h4>\n\n<p>Das Tal ist das Herz des Parks und bietet zug\u00e4ngliche Wanderwege wie den <strong>Mist Trail<\/strong>, der zu den wundersch\u00f6nen Vernal und Nevada Falls f\u00fchrt.<\/p>\n\n<h3 class=\"wp-block-heading\">Die Sierra Nevada: verborgene Sch\u00e4tze und abwechslungsreiche Landschaften<\/h3>\n\n<h4 class=\"wp-block-heading\">Lake Tahoe: kristallklares Wasser und Berge<\/h4>\n\n<p>Der <strong>Lake Tahoe<\/strong> liegt zwischen Kalifornien und Nevada und ist f\u00fcr sein t\u00fcrkisfarbenes Wasser ber\u00fchmt. Im Sommer k\u00f6nnen Sie hier paddeln oder wandern, w\u00e4hrend im Winter Skifahren angesagt ist.<\/p>\n\n<h4 class=\"wp-block-heading\">Mammoth Lakes: Paradies f\u00fcr Abenteuerlustige<\/h4>\n\n<p>Diese Region ist ideal f\u00fcr Aktivit\u00e4ten im Freien, mit malerischen Seen, nat\u00fcrlichen hei\u00dfen Quellen und weltber\u00fchmten Skipisten.<\/p>\n\n<h4 class=\"wp-block-heading\">Tioga Route: Die Panoramapassage<\/h4>\n\n<p>Die Tioga Road f\u00fchrt durch die Berge und bietet spektakul\u00e4re Ausblicke auf die Gipfel und die Alpenwiesen. Halten Sie bei Tuolumne Meadows an, um einen Moment der Ruhe abseits der Menschenmassen zu genie\u00dfen.<\/p>\n\n<h2 class=\"wp-block-heading\">Wo schlafen wir: Unterk\u00fcnfte und strategische St\u00e4dte<\/h2>\n\n<h3 class=\"wp-block-heading\">Unumg\u00e4ngliche Etappenst\u00e4dte<\/h3>\n\n<h4 class=\"wp-block-heading\">Yosemite Village: im Herzen des Parks<\/h4>\n\n<p>Ein Aufenthalt im Yosemite Village bringt Sie nur wenige Minuten von den wichtigsten Sehensw\u00fcrdigkeiten entfernt. Die Optionen umfassen Hotels wie die <strong><a href=\"https:\/\/www.travelyosemite.com\/lodging\/yosemite-valley-lodge\/\">Yosemite Valley Lodge<\/a><\/strong> und Campingpl\u00e4tze f\u00fcr Abenteurer.<\/p>\n\n<h4 class=\"wp-block-heading\">Oakhurst und Mariposa: praktische Alternativen<\/h4>\n\n<p>Diese beiden St\u00e4dte am s\u00fcdlichen Eingang des Parks bieten verschiedene Unterkunftsm\u00f6glichkeiten, von preiswerten Motels bis hin zu luxuri\u00f6sen H\u00fctten.<\/p>\n\n<h3 class=\"wp-block-heading\">\u00dcbernachten in der Sierra Nevada<\/h3>\n\n<h4 class=\"wp-block-heading\">Der Komfort der Lodges in Mammoth Lakes<\/h4>\n\n<p>Die Lodges und Hotels in <a href=\"https:\/\/www.visitmammoth.com\/\">Mammoth Lakes<\/a> sind ideal, um die Gegend zu erkunden, sei es f\u00fcr Sommerwanderungen oder Wintersport.<\/p>\n\n<h4 class=\"wp-block-heading\">Campingpl\u00e4tze und Chalets in der N\u00e4he des Lake Tahoe<\/h4>\n\n<p>F\u00fcr ein intensives Erlebnis w\u00e4hlen Sie einen Campingplatz oder ein Chalet in der N\u00e4he des Lake Tahoe. In diesen Unterk\u00fcnften k\u00f6nnen Sie die Wassersportaktivit\u00e4ten und die umliegenden Landschaften in vollen Z\u00fcgen genie\u00dfen.<\/p>\n\n<h2 class=\"wp-block-heading\">Empfohlene Route : Entdecken Sie Yosemite und die Sierra Nevada in 7 Tagen<\/h2>\n\n<figure class=\"wp-block-table\"><table class=\"has-fixed-layout\"><tbody><tr><td class=\"has-text-align-center\" data-align=\"center\"><strong>Tag<\/strong><\/td><td class=\"has-text-align-center\" data-align=\"center\"><strong>Destination<\/strong><\/td><td class=\"has-text-align-center\" data-align=\"center\"><strong>Hauptt\u00e4tigkeiten<\/strong><\/td><td class=\"has-text-align-center\" data-align=\"center\"><strong>Vorgeschlagene Unterkunft<\/strong><\/td><\/tr><tr><td class=\"has-text-align-center\" data-align=\"center\">1<\/td><td class=\"has-text-align-center\" data-align=\"center\">Yosemite-Tal<\/td><td class=\"has-text-align-center\" data-align=\"center\">Yosemite Falls, Half Dome<\/td><td class=\"has-text-align-center\" data-align=\"center\">Yosemite Village<\/td><\/tr><tr><td class=\"has-text-align-center\" data-align=\"center\">2<\/td><td class=\"has-text-align-center\" data-align=\"center\">Glacier Point<\/td><td class=\"has-text-align-center\" data-align=\"center\">Wandern und Panoramablick<\/td><td class=\"has-text-align-center\" data-align=\"center\">Yosemite Village<\/td><\/tr><tr><td class=\"has-text-align-center\" data-align=\"center\">3<\/td><td class=\"has-text-align-center\" data-align=\"center\">Mariposa Grove<\/td><td class=\"has-text-align-center\" data-align=\"center\">Riesenmammutb\u00e4ume, Naturwanderung<\/td><td class=\"has-text-align-center\" data-align=\"center\">Oakhurst<\/td><\/tr><tr><td class=\"has-text-align-center\" data-align=\"center\">4<\/td><td class=\"has-text-align-center\" data-align=\"center\">Tioga Road<\/td><td class=\"has-text-align-center\" data-align=\"center\">Tuolumne Meadows, Olmsted Point<\/td><td class=\"has-text-align-center\" data-align=\"center\">Mammoth Lakes<\/td><\/tr><tr><td class=\"has-text-align-center\" data-align=\"center\">5<\/td><td class=\"has-text-align-center\" data-align=\"center\">Mammoth Lakes<\/td><td class=\"has-text-align-center\" data-align=\"center\">Hei\u00dfe Quellen, Wanderung Convict Lake<\/td><td class=\"has-text-align-center\" data-align=\"center\">Mammoth Lakes<\/td><\/tr><tr><td class=\"has-text-align-center\" data-align=\"center\">6<\/td><td class=\"has-text-align-center\" data-align=\"center\">Tahoe-See<\/td><td class=\"has-text-align-center\" data-align=\"center\">Wassersport, Wandern Eagle Falls<\/td><td class=\"has-text-align-center\" data-align=\"center\">South Lake Tahoe<\/td><\/tr><tr><td class=\"has-text-align-center\" data-align=\"center\">7<\/td><td class=\"has-text-align-center\" data-align=\"center\">Sierra Nevada<\/td><td class=\"has-text-align-center\" data-align=\"center\">Panoramastra\u00dfen, Entspannung am South Lake<\/td><td class=\"has-text-align-center\" data-align=\"center\">Lake Tahoe<\/td><\/tr><\/tbody><\/table><\/figure>\n\n<p>Diese Route erm\u00f6glicht es Ihnen, die wichtigsten Sehensw\u00fcrdigkeiten zu entdecken und gleichzeitig die abwechslungsreiche Landschaft der Region zu genie\u00dfen.<\/p>\n\n<h2 class=\"wp-block-heading\">Vorherige Verwaltungsformalit\u00e4ten<\/h2>\n\n<p>Um Yosemite und die Sierra Nevada zu entdecken, m\u00fcssen Sie die Reiseformalit\u00e4ten im Voraus erledigen:<\/p>\n\n<ul class=\"wp-block-list\">\n<li>\u00dcberpr\u00fcfen Sie, ob Ihr <a href=\"https:\/\/usa-b2.com\/de\/reisepass-fur-die-usa\/\">Reisepass f\u00fcr die USA<\/a> g\u00fcltig ist.<\/li>\n\n\n\n<li>Stellen Sie sicher, dass Sie f\u00fcr eine <a href=\"https:\/\/usa-b2.com\/de\/was-ist-esta\/\">ESTA-Reisegenehmigung<\/a> im Rahmen des <a href=\"https:\/\/usa-b2.com\/de\/programm-befreiung-visumpflicht\/\">Programms f\u00fcr visumfreies Reisen ( Visa Waiver Program<\/a>) in Frage kommen. Wenn dies nicht m\u00f6glich ist, m\u00fcssen Sie ein <a href=\"https:\/\/usa-b2.com\/de\/b2-visum\/\">B2-Touristenvisum<\/a> beantragen. <\/li>\n<\/ul>\n\n<p>Es ist daher ratsam, sich im Voraus zu organisieren, um Probleme bei der Ankunft in den USA zu vermeiden.<\/p>\n\n<h2 class=\"wp-block-heading\">Instagrammable Photo Spots<\/h2>\n\n<h3 class=\"wp-block-heading\">Die perfekte Landschaft f\u00fcr Ihre Aufnahmen<\/h3>\n\n<h4 class=\"wp-block-heading\">Glacier Point: ein unvergleichlicher Blick auf Yosemite<\/h4>\n\n<p>Der Glacier Point bietet eine spektakul\u00e4re Aussicht auf den Half Dome und das Yosemite Tal. Dieser Ort ist bei Sonnenuntergang besonders fotogen.<\/p>\n\n<h4 class=\"wp-block-heading\">Emerald Bay: das Juwel am Lake Tahoe<\/h4>\n\n<p><strong>Emerald Bay<\/strong> liegt am S\u00fcdufer des Lake Tahoe und ist ein idyllischer Ort, um Fotos vom t\u00fcrkisfarbenen Wasser und von Fannette Island zu machen.<\/p>\n\n<h4 class=\"wp-block-heading\">Mammoth Lakes: Seen und Berge<\/h4>\n\n<p>Orte wie <strong><a href=\"https:\/\/convictlake.com\/\">Convict Lake<\/a><\/strong> oder <strong><a href=\"https:\/\/www.fs.usda.gov\/recarea\/inyo\/recarea\/?recid=20414\">Hot Creek Geological Site<\/a><\/strong> eignen sich hervorragend f\u00fcr spektakul\u00e4re Naturaufnahmen vor dem Hintergrund der Berge.<\/p>\n\n<h2 class=\"wp-block-heading\">Aktivit\u00e4ten nach Ihrem Reisetyp<\/h2>\n\n<h3 class=\"wp-block-heading\">F\u00fcr Paare: Romantische Momente<\/h3>\n\n<h4 class=\"wp-block-heading\">Wanderungen bei Sonnenaufgang oder Sonnenuntergang<\/h4>\n\n<p>Wanderwege wie der <strong>Sentinel Dome<\/strong> oder <strong>der Eagle Falls Trail<\/strong> am Lake Tahoe bieten besondere Momente, um die Landschaft in einem weichen und romantischen Licht zu bewundern.<\/p>\n\n<h4 class=\"wp-block-heading\">Picknick an den Seen<\/h4>\n\n<p>Packen Sie ein Picknick ein und setzen Sie sich an den<strong> Spiegelsee <\/strong>in Yosemite oder an einen abgelegenen Strand am Lake Tahoe f\u00fcr einen romantischen Moment zu zweit.<\/p>\n\n<h3 class=\"wp-block-heading\">Familie: kinderfreundliche Abenteuer<\/h3>\n\n<h4 class=\"wp-block-heading\">Interaktive Aktivit\u00e4ten: Junior Ranger Program<\/h4>\n\n<p>Yosemite bietet ein Bildungsprogramm f\u00fcr Kinder. Sie lernen spielerisch, die Natur zu respektieren und erhalten ein offizielles Abzeichen.<\/p>\n\n<h4 class=\"wp-block-heading\">Zug\u00e4ngliche Erkundungen<\/h4>\n\n<p>Der <strong>Yosemite Valley Loop Trail<\/strong> ist ideal f\u00fcr einen Familienausflug, ebenso wie die Familienstr\u00e4nde am Lake Tahoe, die ideal f\u00fcr sicheres Schwimmen und Spielen sind.<\/p>\n\n<p>Yosemite und die Sierra Nevada kombinieren atemberaubende Naturlandschaften mit einer Vielzahl von Aktivit\u00e4ten, die f\u00fcr jeden Reisetyp geeignet sind. Ob Sie nun auf der Suche nach Abenteuer, Entspannung oder Familienzeit sind, diese symboltr\u00e4chtige Region Kaliforniens wird Ihnen unvergessliche Erinnerungen bescheren. Planen Sie jetzt Ihre Reise, um diese Wunder zu erkunden!<\/p>\n","protected":false},"excerpt":{"rendered":"<p>Wie organisiert man einen Roadtrip durch den Yosemite Park in der Sierra Nevada? Yosemite und die Sierra Nevada sind die Naturjuwelen Kaliforniens und ziehen jedes Jahr Millionen von Besuchern an. Der Yosemite Nationalpark ist mit seiner ikonischen Landschaft, den majest\u00e4tischen Wasserf\u00e4llen und den imposanten Bergen ein Muss f\u00fcr Naturliebhaber. Die Sierra Nevada beherbergt Sch\u00e4tze wie [&hellip;]<\/p>\n","protected":false},"author":1,"featured_media":0,"parent":0,"menu_order":0,"comment_status":"closed","ping_status":"closed","template":"","meta":{"footnotes":""},"class_list":["post-6162","page","type-page","status-publish","hentry"],"yoast_head":"<!-- This site is optimized with the Yoast SEO plugin v27.4 - https:\/\/yoast.com\/product\/yoast-seo-wordpress\/ -->\n<title>Entdecken Sie den Yosemite Park inmitten der Sierra Nevada in den USA. - USA B2<\/title>\n<meta name=\"description\" content=\"Entdecken Sie, was Sie in Yosemite und der Sierra Nevada nicht verpassen d\u00fcrfen: Reiserouten, Unterk\u00fcnfte, Fotospots und Aktivit\u00e4ten.\" \/>\n<meta name=\"robots\" content=\"index, follow, max-snippet:-1, max-image-preview:large, max-video-preview:-1\" \/>\n<link rel=\"canonical\" href=\"https:\/\/usa-b2.com\/de\/yosemite-sierra-nevada-usa\/\" \/>\n<meta property=\"og:locale\" content=\"de_DE\" \/>\n<meta property=\"og:type\" content=\"article\" \/>\n<meta property=\"og:title\" content=\"Entdecken Sie den Yosemite Park inmitten der Sierra Nevada in den USA. - USA B2\" \/>\n<meta property=\"og:description\" content=\"Entdecken Sie, was Sie in Yosemite und der Sierra Nevada nicht verpassen d\u00fcrfen: Reiserouten, Unterk\u00fcnfte, Fotospots und Aktivit\u00e4ten.\" \/>\n<meta property=\"og:url\" content=\"https:\/\/usa-b2.com\/de\/yosemite-sierra-nevada-usa\/\" \/>\n<meta property=\"og:site_name\" content=\"USA B2\" \/>\n<meta property=\"article:modified_time\" content=\"2025-12-28T15:01:35+00:00\" \/>\n<meta property=\"og:image\" content=\"https:\/\/usa-b2.com\/wp-content\/uploads\/2025\/01\/Sierra-Nevada-National-Park-California-USA-edited-1.png\" \/>\n\t<meta property=\"og:image:width\" content=\"719\" \/>\n\t<meta property=\"og:image:height\" content=\"404\" \/>\n\t<meta property=\"og:image:type\" content=\"image\/png\" \/>\n<meta name=\"twitter:card\" content=\"summary_large_image\" \/>\n<meta name=\"twitter:label1\" content=\"Gesch\u00e4tzte Lesezeit\" \/>\n\t<meta name=\"twitter:data1\" content=\"5\u00a0Minuten\" \/>\n<script type=\"application\/ld+json\" class=\"yoast-schema-graph\">{\"@context\":\"https:\\\/\\\/schema.org\",\"@graph\":[{\"@type\":\"WebPage\",\"@id\":\"https:\\\/\\\/usa-b2.com\\\/de\\\/yosemite-sierra-nevada-usa\\\/\",\"url\":\"https:\\\/\\\/usa-b2.com\\\/de\\\/yosemite-sierra-nevada-usa\\\/\",\"name\":\"Entdecken Sie den Yosemite Park inmitten der Sierra Nevada in den USA. - USA B2\",\"isPartOf\":{\"@id\":\"https:\\\/\\\/usa-b2.com\\\/de\\\/#website\"},\"primaryImageOfPage\":{\"@id\":\"https:\\\/\\\/usa-b2.com\\\/de\\\/yosemite-sierra-nevada-usa\\\/#primaryimage\"},\"image\":{\"@id\":\"https:\\\/\\\/usa-b2.com\\\/de\\\/yosemite-sierra-nevada-usa\\\/#primaryimage\"},\"thumbnailUrl\":\"https:\\\/\\\/usa-b2.com\\\/wp-content\\\/uploads\\\/2025\\\/01\\\/Sierra-Nevada-National-Park-California-USA-edited-1.png\",\"datePublished\":\"2025-01-15T09:17:49+00:00\",\"dateModified\":\"2025-12-28T15:01:35+00:00\",\"description\":\"Entdecken Sie, was Sie in Yosemite und der Sierra Nevada nicht verpassen d\u00fcrfen: Reiserouten, Unterk\u00fcnfte, Fotospots und Aktivit\u00e4ten.\",\"breadcrumb\":{\"@id\":\"https:\\\/\\\/usa-b2.com\\\/de\\\/yosemite-sierra-nevada-usa\\\/#breadcrumb\"},\"inLanguage\":\"de\",\"potentialAction\":[{\"@type\":\"ReadAction\",\"target\":[\"https:\\\/\\\/usa-b2.com\\\/de\\\/yosemite-sierra-nevada-usa\\\/\"]}]},{\"@type\":\"ImageObject\",\"inLanguage\":\"de\",\"@id\":\"https:\\\/\\\/usa-b2.com\\\/de\\\/yosemite-sierra-nevada-usa\\\/#primaryimage\",\"url\":\"https:\\\/\\\/usa-b2.com\\\/wp-content\\\/uploads\\\/2025\\\/01\\\/Sierra-Nevada-National-Park-California-USA-edited-1.png\",\"contentUrl\":\"https:\\\/\\\/usa-b2.com\\\/wp-content\\\/uploads\\\/2025\\\/01\\\/Sierra-Nevada-National-Park-California-USA-edited-1.png\"},{\"@type\":\"BreadcrumbList\",\"@id\":\"https:\\\/\\\/usa-b2.com\\\/de\\\/yosemite-sierra-nevada-usa\\\/#breadcrumb\",\"itemListElement\":[{\"@type\":\"ListItem\",\"position\":1,\"name\":\"Accueil\",\"item\":\"https:\\\/\\\/usa-b2.com\\\/de\\\/usa\\\/\"},{\"@type\":\"ListItem\",\"position\":2,\"name\":\"Entdecken Sie den Yosemite Park inmitten der Sierra Nevada in den USA.\"}]},{\"@type\":\"WebSite\",\"@id\":\"https:\\\/\\\/usa-b2.com\\\/de\\\/#website\",\"url\":\"https:\\\/\\\/usa-b2.com\\\/de\\\/\",\"name\":\"USA B2 VISA\",\"description\":\"\",\"potentialAction\":[{\"@type\":\"SearchAction\",\"target\":{\"@type\":\"EntryPoint\",\"urlTemplate\":\"https:\\\/\\\/usa-b2.com\\\/de\\\/?s={search_term_string}\"},\"query-input\":{\"@type\":\"PropertyValueSpecification\",\"valueRequired\":true,\"valueName\":\"search_term_string\"}}],\"inLanguage\":\"de\"}]}<\/script>\n<!-- \/ Yoast SEO plugin. -->","yoast_head_json":{"title":"Entdecken Sie den Yosemite Park inmitten der Sierra Nevada in den USA. - USA B2","description":"Entdecken Sie, was Sie in Yosemite und der Sierra Nevada nicht verpassen d\u00fcrfen: Reiserouten, Unterk\u00fcnfte, Fotospots und Aktivit\u00e4ten.","robots":{"index":"index","follow":"follow","max-snippet":"max-snippet:-1","max-image-preview":"max-image-preview:large","max-video-preview":"max-video-preview:-1"},"canonical":"https:\/\/usa-b2.com\/de\/yosemite-sierra-nevada-usa\/","og_locale":"de_DE","og_type":"article","og_title":"Entdecken Sie den Yosemite Park inmitten der Sierra Nevada in den USA. - USA B2","og_description":"Entdecken Sie, was Sie in Yosemite und der Sierra Nevada nicht verpassen d\u00fcrfen: Reiserouten, Unterk\u00fcnfte, Fotospots und Aktivit\u00e4ten.","og_url":"https:\/\/usa-b2.com\/de\/yosemite-sierra-nevada-usa\/","og_site_name":"USA B2","article_modified_time":"2025-12-28T15:01:35+00:00","og_image":[{"width":719,"height":404,"url":"https:\/\/usa-b2.com\/wp-content\/uploads\/2025\/01\/Sierra-Nevada-National-Park-California-USA-edited-1.png","type":"image\/png"}],"twitter_card":"summary_large_image","twitter_misc":{"Gesch\u00e4tzte Lesezeit":"5\u00a0Minuten"},"schema":{"@context":"https:\/\/schema.org","@graph":[{"@type":"WebPage","@id":"https:\/\/usa-b2.com\/de\/yosemite-sierra-nevada-usa\/","url":"https:\/\/usa-b2.com\/de\/yosemite-sierra-nevada-usa\/","name":"Entdecken Sie den Yosemite Park inmitten der Sierra Nevada in den USA. - USA B2","isPartOf":{"@id":"https:\/\/usa-b2.com\/de\/#website"},"primaryImageOfPage":{"@id":"https:\/\/usa-b2.com\/de\/yosemite-sierra-nevada-usa\/#primaryimage"},"image":{"@id":"https:\/\/usa-b2.com\/de\/yosemite-sierra-nevada-usa\/#primaryimage"},"thumbnailUrl":"https:\/\/usa-b2.com\/wp-content\/uploads\/2025\/01\/Sierra-Nevada-National-Park-California-USA-edited-1.png","datePublished":"2025-01-15T09:17:49+00:00","dateModified":"2025-12-28T15:01:35+00:00","description":"Entdecken Sie, was Sie in Yosemite und der Sierra Nevada nicht verpassen d\u00fcrfen: Reiserouten, Unterk\u00fcnfte, Fotospots und Aktivit\u00e4ten.","breadcrumb":{"@id":"https:\/\/usa-b2.com\/de\/yosemite-sierra-nevada-usa\/#breadcrumb"},"inLanguage":"de","potentialAction":[{"@type":"ReadAction","target":["https:\/\/usa-b2.com\/de\/yosemite-sierra-nevada-usa\/"]}]},{"@type":"ImageObject","inLanguage":"de","@id":"https:\/\/usa-b2.com\/de\/yosemite-sierra-nevada-usa\/#primaryimage","url":"https:\/\/usa-b2.com\/wp-content\/uploads\/2025\/01\/Sierra-Nevada-National-Park-California-USA-edited-1.png","contentUrl":"https:\/\/usa-b2.com\/wp-content\/uploads\/2025\/01\/Sierra-Nevada-National-Park-California-USA-edited-1.png"},{"@type":"BreadcrumbList","@id":"https:\/\/usa-b2.com\/de\/yosemite-sierra-nevada-usa\/#breadcrumb","itemListElement":[{"@type":"ListItem","position":1,"name":"Accueil","item":"https:\/\/usa-b2.com\/de\/usa\/"},{"@type":"ListItem","position":2,"name":"Entdecken Sie den Yosemite Park inmitten der Sierra Nevada in den USA."}]},{"@type":"WebSite","@id":"https:\/\/usa-b2.com\/de\/#website","url":"https:\/\/usa-b2.com\/de\/","name":"USA B2 VISA","description":"","potentialAction":[{"@type":"SearchAction","target":{"@type":"EntryPoint","urlTemplate":"https:\/\/usa-b2.com\/de\/?s={search_term_string}"},"query-input":{"@type":"PropertyValueSpecification","valueRequired":true,"valueName":"search_term_string"}}],"inLanguage":"de"}]}},"_links":{"self":[{"href":"https:\/\/usa-b2.com\/de\/wp-json\/wp\/v2\/pages\/6162","targetHints":{"allow":["GET"]}}],"collection":[{"href":"https:\/\/usa-b2.com\/de\/wp-json\/wp\/v2\/pages"}],"about":[{"href":"https:\/\/usa-b2.com\/de\/wp-json\/wp\/v2\/types\/page"}],"author":[{"embeddable":true,"href":"https:\/\/usa-b2.com\/de\/wp-json\/wp\/v2\/users\/1"}],"replies":[{"embeddable":true,"href":"https:\/\/usa-b2.com\/de\/wp-json\/wp\/v2\/comments?post=6162"}],"version-history":[{"count":2,"href":"https:\/\/usa-b2.com\/de\/wp-json\/wp\/v2\/pages\/6162\/revisions"}],"predecessor-version":[{"id":10954,"href":"https:\/\/usa-b2.com\/de\/wp-json\/wp\/v2\/pages\/6162\/revisions\/10954"}],"wp:attachment":[{"href":"https:\/\/usa-b2.com\/de\/wp-json\/wp\/v2\/media?parent=6162"}],"curies":[{"name":"wp","href":"https:\/\/api.w.org\/{rel}","templated":true}]}}