{"id":6144,"date":"2025-01-15T09:01:21","date_gmt":"2025-01-15T09:01:21","guid":{"rendered":"https:\/\/usa-b2.com\/pacific-coast-highway\/"},"modified":"2025-10-16T09:49:11","modified_gmt":"2025-10-16T09:49:11","slug":"pacific-coast-highway","status":"publish","type":"page","link":"https:\/\/usa-b2.com\/de\/pacific-coast-highway\/","title":{"rendered":"Fahren Sie den Pacific Coast Highway in Vereinigte Staaten von Amerika"},"content":{"rendered":"\n<h1 class=\"wp-block-heading\">Wie organisieren Sie Ihren Roadtrip auf dem Pacific Coast Highway?<\/h1>\n\n<p>Der <a href=\"https:\/\/www.visittheusa.com\/trip\/pacific-coast-highway-road-trip\">Pacific Coast Highway<\/a> (PCH), offiziell bekannt als California State Route 1, ist viel mehr als nur eine Stra\u00dfe. Dieses Asphaltband entlang der kalifornischen K\u00fcste bietet ein vollst\u00e4ndiges Eintauchen in atemberaubende Landschaften, malerische St\u00e4dte und unvergessliche Erlebnisse hinter jeder Kurve. Ob Sie nun auf der Suche nach Abenteuern oder einer ruhigen Reise sind, dieser detaillierte Reisef\u00fchrer hilft Ihnen bei der Planung eines unvergesslichen Ausflugs.  <\/p>\n\n<figure class=\"wp-block-image size-full\"><img fetchpriority=\"high\" decoding=\"async\" width=\"831\" height=\"467\" src=\"https:\/\/usa-b2.com\/wp-content\/uploads\/2025\/01\/Pacific-Coast-Highway-usa-edited.png\" alt=\"\" class=\"wp-image-6503\" srcset=\"https:\/\/usa-b2.com\/wp-content\/uploads\/2025\/01\/Pacific-Coast-Highway-usa-edited.png 831w, https:\/\/usa-b2.com\/wp-content\/uploads\/2025\/01\/Pacific-Coast-Highway-usa-edited-300x169.png 300w, https:\/\/usa-b2.com\/wp-content\/uploads\/2025\/01\/Pacific-Coast-Highway-usa-edited-768x432.png 768w\" sizes=\"(max-width: 831px) 100vw, 831px\" \/><\/figure>\n\n<h2 class=\"wp-block-heading\">Warum sollten Sie den Pacific Coast Highway besuchen?<\/h2>\n\n<p>Der Pacific Coast Highway ist eine wahre Ode an die Vielfalt und die nat\u00fcrliche Sch\u00f6nheit <a href=\"https:\/\/www.ca.gov\/\">Kaliforniens<\/a>. Wenn Sie dieser ikonischen Stra\u00dfe folgen, durchqueren Sie abwechslungsreiche Landschaften, die Sie von goldenen Str\u00e4nden zu steilen Klippen, von \u00fcppigen W\u00e4ldern zu lebhaften St\u00e4dten f\u00fchren. Es ist eine Reise, bei der jeder Augenblick eine neue Entdeckung bietet, ob es sich nun um Panoramablicke auf den Pazifischen Ozean oder um charmante D\u00f6rfer an der K\u00fcste handelt.  <\/p>\n\n<p>Einer der attraktivsten Aspekte des FCH ist sein Tempo. Im Gegensatz zu den modernen Autobahnen l\u00e4dt diese Route dazu ein, langsamer zu fahren und jeden Kilometer zu genie\u00dfen. H\u00e4ufige Stopps sind nicht nur eine Option, sondern eine Notwendigkeit, da sich entlang der Strecke spektakul\u00e4re Aussichten und einzigartige Attraktionen aneinanderreihen. Dieser Roadtrip ist ideal f\u00fcr diejenigen, die sich wieder mit der Natur verbinden wollen, Momente der Ruhe genie\u00dfen oder einfach ein St\u00fcck Paradies in ihrem eigenen Tempo erkunden m\u00f6chten.   <\/p>\n\n<h2 class=\"wp-block-heading\">Die wichtigsten Sehensw\u00fcrdigkeiten auf dem Weg<\/h2>\n\n<h3 class=\"wp-block-heading\">Mythische Landschaften<\/h3>\n\n<p>Der Pacific Coast Highway ist weltbekannt f\u00fcr seine atemberaubenden Landschaften. In Big Sur sorgen die spektakul\u00e4ren Klippen, die sich in den Ozean st\u00fcrzen, f\u00fcr eine einzigartige Atmosph\u00e4re, in der sich hinter jeder Biegung ein neues Postkartenpanorama auftut. Point Lobos State Natural Reserve ist ein Paradies f\u00fcr Tier- und Pflanzenliebhaber, mit K\u00fcstenpfaden und Blicken auf Seel\u00f6wen und Delfine.  <\/p>\n\n<p>Der 17-Mile Drive ist ein weiterer H\u00f6hepunkt der Strecke. Dieser private Abschnitt ist ges\u00e4umt von ber\u00fchmten Sehensw\u00fcrdigkeiten wie der Lone Cypress und luxuri\u00f6sen Golfpl\u00e4tzen. Dieser Ort bietet eine einzigartige Atmosph\u00e4re, die Luxus und wilde Sch\u00f6nheit miteinander verbindet. Hearst Castle ist ein absolutes Muss. Dieses extravagante Herrenhaus, das von dem Zeitungsmagnaten William Randolph Hearst erbaut wurde, \u00fcberblickt den Ozean und bietet einen faszinierenden Besuch zwischen Geschichte und Opulenz.    <\/p>\n\n<h4 class=\"wp-block-heading\">Die Liste der &#8222;Must-Sees&#8220; :<\/h4>\n\n<ul class=\"wp-block-list\">\n<li>Big Sur und seine majest\u00e4tischen Klippen<\/li>\n\n\n\n<li>Point Lobos f\u00fcr Naturliebhaber<\/li>\n\n\n\n<li><a href=\"https:\/\/hearstcastle.org\/\">Hearst Castle<\/a>, ein architektonisches Meisterwerk<\/li>\n\n\n\n<li>Die Nationalparks<\/li>\n<\/ul>\n\n<p>Die Nationalparks entlang der Stra\u00dfe verdienen ebenfalls besondere Aufmerksamkeit. Der <a href=\"https:\/\/www.nps.gov\/chis\/index.htm\">Channel Islands National Park<\/a>, der von Ventura aus zug\u00e4nglich ist, ist eine Oase der Ruhe f\u00fcr Kajakfahrer, Schnorchler und Wanderer. Der <a href=\"https:\/\/www.nps.gov\/redw\/index.htm\">Redwood National<\/a> und State Park weiter n\u00f6rdlich beherbergt die ber\u00fchmten Riesenmammutb\u00e4ume, die zu den h\u00f6chsten B\u00e4umen der Welt geh\u00f6ren. Diese Parks sind eine perfekte Gelegenheit, um in einzigartige \u00d6kosysteme einzutauchen und eine Pause von der Natur zu machen, w\u00e4hrend Sie Ihre Reise fortsetzen.   <\/p>\n\n<h2 class=\"wp-block-heading\">Wo kann man entlang des FCH schlafen?<\/h2>\n\n<h3 class=\"wp-block-heading\">Hotels und Gasth\u00e4user<\/h3>\n\n<p>Die Wahl der Unterkunft kann Ihre Reise zu einem noch unvergesslicheren Erlebnis machen. Carmel-by-the-Sea zum Beispiel ist eine charmante Stadt, in der Sie in gem\u00fctlichen Gasth\u00e4usern oder Boutique-Hotels \u00fcbernachten k\u00f6nnen. Die gepflasterten Stra\u00dfen und die Kunstgalerien dieser kleinen Stadt machen sie zu einem perfekten Ort f\u00fcr eine erholsame Nacht. Santa Barbara liegt weiter s\u00fcdlich und bietet Hotels am Meer, die Komfort und Eleganz vereinen.   <\/p>\n\n<h3 class=\"wp-block-heading\">Campingpl\u00e4tze f\u00fcr ein totales Eintauchen<\/h3>\n\n<p>F\u00fcr Outdoor-Fans ist das Campen entlang des Pacific Coast Highway eine unglaubliche Option. Campingpl\u00e4tze wie der Kirk Creek Campground in Big Sur bieten einen direkten Blick auf den Ozean, so dass Sie mit dem Rauschen der Wellen einschlafen k\u00f6nnen. Diese Orte sind ideal f\u00fcr diejenigen, die die kalifornische Natur in vollen Z\u00fcgen genie\u00dfen und gleichzeitig bei der Unterkunft sparen m\u00f6chten.  <\/p>\n\n<h4 class=\"wp-block-heading\">Empfohlene Unterk\u00fcnfte :<\/h4>\n\n<figure class=\"wp-block-table\"><table class=\"has-fixed-layout\"><tbody><tr><td><strong>Stadt<\/strong><\/td><td><strong>Art der Unterkunft<\/strong><\/td><td><strong>Empfohlener Name<\/strong><\/td><\/tr><tr><td>Carmel-by-the-Sea<\/td><td>Boutique-Hotel<\/td><td>Carmel Inn<\/td><\/tr><tr><td>Big Sur<\/td><td>Campingplatz Kirk<\/td><td>Creek Campground<\/td><\/tr><tr><td>Santa Barbara<\/td><td>Hotel am Meer<\/td><td>Santa Barbara Inn<\/td><\/tr><\/tbody><\/table><\/figure>\n\n<h2 class=\"wp-block-heading\"><br\/>Die ideale Route<\/h2>\n\n<h3 class=\"wp-block-heading\">Etappe 1: San Francisco nach Monterey<\/h3>\n\n<p>Beginnen Sie Ihre Reise in <a href=\"https:\/\/www.sftravel.com\/\">San Francisco<\/a> mit der \u00dcberquerung der legend\u00e4ren <a href=\"https:\/\/www.goldengate.org\/bridge\/visiting-the-bridge\/\">Golden Gate Bridge<\/a>. Nehmen Sie sich Zeit, um die ber\u00fchmten Viertel der Stadt wie <a href=\"https:\/\/www.fishermanswharf.org\/\">Fisherman&#8217;s Wharf<\/a> oder Chinatown zu besuchen, bevor Sie nach <a href=\"https:\/\/monterey.gov\/\">Monterey<\/a> weiterfahren. Auf dem Weg halten Sie an der Half Moon Bay, einem ruhigen Strand, der ideal f\u00fcr ein Picknick ist. In Monterey sollten Sie sich das ber\u00fchmte Aquarium und die <a href=\"https:\/\/canneryrow.com\/experience-cannery-row\/\">Cannery Row<\/a>, eine historische Stra\u00dfe mit vielen Gesch\u00e4ften und Restaurants, nicht entgehen lassen.   <\/p>\n\n<h3 class=\"wp-block-heading\">Etappe 2: Monterey nach Big Sur<\/h3>\n\n<p>Dieser Abschnitt ist einer der spektakul\u00e4rsten der Route. Auf dem Weg halten Sie am Point <a href=\"https:\/\/www.pointlobos.org\/info\/\">Lobos State Reserve<\/a> f\u00fcr eine K\u00fcstenwanderung. Weiter geht es nach <g id=\"gid_1\">Big Sur<\/g>, wo die Bixby Creek Bridge ein ikonisches Panorama bietet. Besuchen Sie auch die McWay Falls, einen einzigartigen Wasserfall, der direkt in den Ozean flie\u00dft.   <\/p>\n\n<h3 class=\"wp-block-heading\">Etappe 3: Big Sur nach Santa Barbara<\/h3>\n\n<p>Fahren Sie durch <a href=\"https:\/\/www.slocity.org\/\">San Luis Obispo<\/a> und halten Sie am Hearst Castle f\u00fcr einen faszinierenden Besuch. Weiter s\u00fcdlich k\u00f6nnen Sie die ruhigen Str\u00e4nde von Santa Barbara genie\u00dfen und das lebhafte Stadtzentrum erkunden, bevor Ihre Reise zu Ende geht. <\/p>\n\n<h2 class=\"wp-block-heading\">Vorherige Verwaltungsformalit\u00e4ten<\/h2>\n\n<p>Um den Pacific Coast Highway befahren zu k\u00f6nnen, m\u00fcssen Sie Ihre Reiseformalit\u00e4ten im Voraus erledigen:<\/p>\n\n<ul class=\"wp-block-list\">\n<li>\u00dcberpr\u00fcfen Sie die G\u00fcltigkeit Ihres <a href=\"https:\/\/usa-b2.com\/de\/reisepass-fur-die-usa\/\">Reisepasses f\u00fcr die USA<\/a>.<\/li>\n\n\n\n<li>F\u00fcllen Sie das <a href=\"https:\/\/usa-b2.com\/de\/esta-online-formular\/\">ESTA-Formular online<\/a> aus. Wenn Ihr Land nicht am <a href=\"https:\/\/usa-b2.com\/de\/programm-befreiung-visumpflicht\/\">US-Visumbefreiungsprogramm<\/a> teilnimmt, m\u00fcssen Sie ein <a href=\"https:\/\/usa-b2.com\/de\/us-visum-b1-b2\/\">B1-B2-Visum<\/a> beantragen. <\/li>\n<\/ul>\n\n<div style=\"height:10px\" aria-hidden=\"true\" class=\"wp-block-spacer\"><\/div>\n\n<h2 class=\"wp-block-heading\">Unumg\u00e4ngliche Fotospots<\/h2>\n\n<p>Auf dem Pacific Coast Highway gibt es viele Orte, an denen Sie Ihre Erinnerungen festhalten k\u00f6nnen. In <a href=\"https:\/\/mcwayfalls.com\/\">McWay Falls<\/a> bietet der Wasserfall, der in den Ozean st\u00fcrzt, einen einzigartigen Anblick, w\u00e4hrend die Bixby Bridge ein oft fotografiertes Wahrzeichen ist. F\u00fcr kunstvollere Fotos besuchen Sie den Pfeiffer Beach, der f\u00fcr seinen violetten Sand bekannt ist, oder den Santa Monica Pier, wo der Sonnenuntergang ein magisches Licht erzeugt. Diese Orte sind ideal, um Ihre Reise festzuhalten und unvergessliche Bilder in den sozialen Netzwerken zu teilen.   <\/p>\n\n<h2 class=\"wp-block-heading\">Aktivit\u00e4ten, die Sie nach Ihrem Profil durchf\u00fchren k\u00f6nnen<\/h2>\n\n<h3 class=\"wp-block-heading\">Als Paar<\/h3>\n\n<p>F\u00fcr Paare bietet der FCH auf jeder Etappe romantische M\u00f6glichkeiten. In <a href=\"https:\/\/icilosangeles.fr\/decouvrir-los-angeles\/quartiers\/malibu-beach\/\">Malibu<\/a> k\u00f6nnen Sie ein Abendessen zu zweit in einem Restaurant mit Blick auf den Ozean buchen. In Santa Barbara k\u00f6nnen Sie sich f\u00fcr einen Ausritt entlang der Str\u00e4nde entscheiden. Diese intimen Momente verst\u00e4rken die Magie Ihres Roadtrips.   <\/p>\n\n<h3 class=\"wp-block-heading\">In der Familie<\/h3>\n\n<p>Eine Reise mit der Familie entlang des Pacific Coast Highway ist eine bereichernde Erfahrung. Kinder werden den Zoo in Santa Barbara oder Kajakausfl\u00fcge in Monterey genie\u00dfen. Auch die Str\u00e4nde, wie die von Morro Bay, bieten Erholung und Spa\u00df f\u00fcr Gro\u00df und Klein.  <\/p>\n\n<p>Der Pacific Coast Highway ist eine Traumroute, die erhabene Landschaften, vielf\u00e4ltige Aktivit\u00e4ten und unvergessliche Stopps miteinander verbindet. Ob Sie zu zweit oder mit der Familie reisen, diese Route bietet ein unvergessliches Erlebnis, bei dem jeder Schritt eine Entdeckung ist. Planen Sie Ihre Reise sorgf\u00e4ltig und lassen Sie sich von einer der sch\u00f6nsten Stra\u00dfen der Welt verzaubern.  <\/p>\n","protected":false},"excerpt":{"rendered":"<p>Wie organisieren Sie Ihren Roadtrip auf dem Pacific Coast Highway? Der Pacific Coast Highway (PCH), offiziell bekannt als California State Route 1, ist viel mehr als nur eine Stra\u00dfe. Dieses Asphaltband entlang der kalifornischen K\u00fcste bietet ein vollst\u00e4ndiges Eintauchen in atemberaubende Landschaften, malerische St\u00e4dte und unvergessliche Erlebnisse hinter jeder Kurve. Ob Sie nun auf der [&hellip;]<\/p>\n","protected":false},"author":1,"featured_media":0,"parent":0,"menu_order":0,"comment_status":"closed","ping_status":"closed","template":"","meta":{"footnotes":""},"class_list":["post-6144","page","type-page","status-publish","hentry"],"yoast_head":"<!-- This site is optimized with the Yoast SEO plugin v27.4 - https:\/\/yoast.com\/product\/yoast-seo-wordpress\/ -->\n<title>Fahren Sie den Pacific Coast Highway in Vereinigte Staaten von Amerika - USA B2<\/title>\n<meta name=\"description\" content=\"Entdecken Sie die perfekte Route, die wichtigsten Haltestellen, \u00dcbernachtungsm\u00f6glichkeiten und Aktivit\u00e4ten, die Sie unternehmen k\u00f6nnen, um den Pacific Coast Highway zu erkunden.\" \/>\n<meta name=\"robots\" content=\"index, follow, max-snippet:-1, max-image-preview:large, max-video-preview:-1\" \/>\n<link rel=\"canonical\" href=\"https:\/\/usa-b2.com\/de\/pacific-coast-highway\/\" \/>\n<meta property=\"og:locale\" content=\"de_DE\" \/>\n<meta property=\"og:type\" content=\"article\" \/>\n<meta property=\"og:title\" content=\"Fahren Sie den Pacific Coast Highway in Vereinigte Staaten von Amerika - USA B2\" \/>\n<meta property=\"og:description\" content=\"Entdecken Sie die perfekte Route, die wichtigsten Haltestellen, \u00dcbernachtungsm\u00f6glichkeiten und Aktivit\u00e4ten, die Sie unternehmen k\u00f6nnen, um den Pacific Coast Highway zu erkunden.\" \/>\n<meta property=\"og:url\" content=\"https:\/\/usa-b2.com\/de\/pacific-coast-highway\/\" \/>\n<meta property=\"og:site_name\" content=\"USA B2\" \/>\n<meta property=\"article:modified_time\" content=\"2025-10-16T09:49:11+00:00\" \/>\n<meta property=\"og:image\" content=\"https:\/\/usa-b2.com\/wp-content\/uploads\/2025\/01\/Pacific-Coast-Highway-usa-edited.png\" \/>\n\t<meta property=\"og:image:width\" content=\"831\" \/>\n\t<meta property=\"og:image:height\" content=\"467\" \/>\n\t<meta property=\"og:image:type\" content=\"image\/png\" \/>\n<meta name=\"twitter:card\" content=\"summary_large_image\" \/>\n<meta name=\"twitter:label1\" content=\"Gesch\u00e4tzte Lesezeit\" \/>\n\t<meta name=\"twitter:data1\" content=\"6\u00a0Minuten\" \/>\n<script type=\"application\/ld+json\" class=\"yoast-schema-graph\">{\"@context\":\"https:\\\/\\\/schema.org\",\"@graph\":[{\"@type\":\"WebPage\",\"@id\":\"https:\\\/\\\/usa-b2.com\\\/de\\\/pacific-coast-highway\\\/\",\"url\":\"https:\\\/\\\/usa-b2.com\\\/de\\\/pacific-coast-highway\\\/\",\"name\":\"Fahren Sie den Pacific Coast Highway in Vereinigte Staaten von Amerika - USA B2\",\"isPartOf\":{\"@id\":\"https:\\\/\\\/usa-b2.com\\\/de\\\/#website\"},\"primaryImageOfPage\":{\"@id\":\"https:\\\/\\\/usa-b2.com\\\/de\\\/pacific-coast-highway\\\/#primaryimage\"},\"image\":{\"@id\":\"https:\\\/\\\/usa-b2.com\\\/de\\\/pacific-coast-highway\\\/#primaryimage\"},\"thumbnailUrl\":\"https:\\\/\\\/usa-b2.com\\\/wp-content\\\/uploads\\\/2025\\\/01\\\/Pacific-Coast-Highway-usa-edited.png\",\"datePublished\":\"2025-01-15T09:01:21+00:00\",\"dateModified\":\"2025-10-16T09:49:11+00:00\",\"description\":\"Entdecken Sie die perfekte Route, die wichtigsten Haltestellen, \u00dcbernachtungsm\u00f6glichkeiten und Aktivit\u00e4ten, die Sie unternehmen k\u00f6nnen, um den Pacific Coast Highway zu erkunden.\",\"breadcrumb\":{\"@id\":\"https:\\\/\\\/usa-b2.com\\\/de\\\/pacific-coast-highway\\\/#breadcrumb\"},\"inLanguage\":\"de\",\"potentialAction\":[{\"@type\":\"ReadAction\",\"target\":[\"https:\\\/\\\/usa-b2.com\\\/de\\\/pacific-coast-highway\\\/\"]}]},{\"@type\":\"ImageObject\",\"inLanguage\":\"de\",\"@id\":\"https:\\\/\\\/usa-b2.com\\\/de\\\/pacific-coast-highway\\\/#primaryimage\",\"url\":\"https:\\\/\\\/usa-b2.com\\\/wp-content\\\/uploads\\\/2025\\\/01\\\/Pacific-Coast-Highway-usa-edited.png\",\"contentUrl\":\"https:\\\/\\\/usa-b2.com\\\/wp-content\\\/uploads\\\/2025\\\/01\\\/Pacific-Coast-Highway-usa-edited.png\"},{\"@type\":\"BreadcrumbList\",\"@id\":\"https:\\\/\\\/usa-b2.com\\\/de\\\/pacific-coast-highway\\\/#breadcrumb\",\"itemListElement\":[{\"@type\":\"ListItem\",\"position\":1,\"name\":\"Accueil\",\"item\":\"https:\\\/\\\/usa-b2.com\\\/de\\\/usa\\\/\"},{\"@type\":\"ListItem\",\"position\":2,\"name\":\"Fahren Sie den Pacific Coast Highway in Vereinigte Staaten von Amerika\"}]},{\"@type\":\"WebSite\",\"@id\":\"https:\\\/\\\/usa-b2.com\\\/de\\\/#website\",\"url\":\"https:\\\/\\\/usa-b2.com\\\/de\\\/\",\"name\":\"USA B2 VISA\",\"description\":\"\",\"potentialAction\":[{\"@type\":\"SearchAction\",\"target\":{\"@type\":\"EntryPoint\",\"urlTemplate\":\"https:\\\/\\\/usa-b2.com\\\/de\\\/?s={search_term_string}\"},\"query-input\":{\"@type\":\"PropertyValueSpecification\",\"valueRequired\":true,\"valueName\":\"search_term_string\"}}],\"inLanguage\":\"de\"}]}<\/script>\n<!-- \/ Yoast SEO plugin. -->","yoast_head_json":{"title":"Fahren Sie den Pacific Coast Highway in Vereinigte Staaten von Amerika - USA B2","description":"Entdecken Sie die perfekte Route, die wichtigsten Haltestellen, \u00dcbernachtungsm\u00f6glichkeiten und Aktivit\u00e4ten, die Sie unternehmen k\u00f6nnen, um den Pacific Coast Highway zu erkunden.","robots":{"index":"index","follow":"follow","max-snippet":"max-snippet:-1","max-image-preview":"max-image-preview:large","max-video-preview":"max-video-preview:-1"},"canonical":"https:\/\/usa-b2.com\/de\/pacific-coast-highway\/","og_locale":"de_DE","og_type":"article","og_title":"Fahren Sie den Pacific Coast Highway in Vereinigte Staaten von Amerika - USA B2","og_description":"Entdecken Sie die perfekte Route, die wichtigsten Haltestellen, \u00dcbernachtungsm\u00f6glichkeiten und Aktivit\u00e4ten, die Sie unternehmen k\u00f6nnen, um den Pacific Coast Highway zu erkunden.","og_url":"https:\/\/usa-b2.com\/de\/pacific-coast-highway\/","og_site_name":"USA B2","article_modified_time":"2025-10-16T09:49:11+00:00","og_image":[{"width":831,"height":467,"url":"https:\/\/usa-b2.com\/wp-content\/uploads\/2025\/01\/Pacific-Coast-Highway-usa-edited.png","type":"image\/png"}],"twitter_card":"summary_large_image","twitter_misc":{"Gesch\u00e4tzte Lesezeit":"6\u00a0Minuten"},"schema":{"@context":"https:\/\/schema.org","@graph":[{"@type":"WebPage","@id":"https:\/\/usa-b2.com\/de\/pacific-coast-highway\/","url":"https:\/\/usa-b2.com\/de\/pacific-coast-highway\/","name":"Fahren Sie den Pacific Coast Highway in Vereinigte Staaten von Amerika - USA B2","isPartOf":{"@id":"https:\/\/usa-b2.com\/de\/#website"},"primaryImageOfPage":{"@id":"https:\/\/usa-b2.com\/de\/pacific-coast-highway\/#primaryimage"},"image":{"@id":"https:\/\/usa-b2.com\/de\/pacific-coast-highway\/#primaryimage"},"thumbnailUrl":"https:\/\/usa-b2.com\/wp-content\/uploads\/2025\/01\/Pacific-Coast-Highway-usa-edited.png","datePublished":"2025-01-15T09:01:21+00:00","dateModified":"2025-10-16T09:49:11+00:00","description":"Entdecken Sie die perfekte Route, die wichtigsten Haltestellen, \u00dcbernachtungsm\u00f6glichkeiten und Aktivit\u00e4ten, die Sie unternehmen k\u00f6nnen, um den Pacific Coast Highway zu erkunden.","breadcrumb":{"@id":"https:\/\/usa-b2.com\/de\/pacific-coast-highway\/#breadcrumb"},"inLanguage":"de","potentialAction":[{"@type":"ReadAction","target":["https:\/\/usa-b2.com\/de\/pacific-coast-highway\/"]}]},{"@type":"ImageObject","inLanguage":"de","@id":"https:\/\/usa-b2.com\/de\/pacific-coast-highway\/#primaryimage","url":"https:\/\/usa-b2.com\/wp-content\/uploads\/2025\/01\/Pacific-Coast-Highway-usa-edited.png","contentUrl":"https:\/\/usa-b2.com\/wp-content\/uploads\/2025\/01\/Pacific-Coast-Highway-usa-edited.png"},{"@type":"BreadcrumbList","@id":"https:\/\/usa-b2.com\/de\/pacific-coast-highway\/#breadcrumb","itemListElement":[{"@type":"ListItem","position":1,"name":"Accueil","item":"https:\/\/usa-b2.com\/de\/usa\/"},{"@type":"ListItem","position":2,"name":"Fahren Sie den Pacific Coast Highway in Vereinigte Staaten von Amerika"}]},{"@type":"WebSite","@id":"https:\/\/usa-b2.com\/de\/#website","url":"https:\/\/usa-b2.com\/de\/","name":"USA B2 VISA","description":"","potentialAction":[{"@type":"SearchAction","target":{"@type":"EntryPoint","urlTemplate":"https:\/\/usa-b2.com\/de\/?s={search_term_string}"},"query-input":{"@type":"PropertyValueSpecification","valueRequired":true,"valueName":"search_term_string"}}],"inLanguage":"de"}]}},"_links":{"self":[{"href":"https:\/\/usa-b2.com\/de\/wp-json\/wp\/v2\/pages\/6144","targetHints":{"allow":["GET"]}}],"collection":[{"href":"https:\/\/usa-b2.com\/de\/wp-json\/wp\/v2\/pages"}],"about":[{"href":"https:\/\/usa-b2.com\/de\/wp-json\/wp\/v2\/types\/page"}],"author":[{"embeddable":true,"href":"https:\/\/usa-b2.com\/de\/wp-json\/wp\/v2\/users\/1"}],"replies":[{"embeddable":true,"href":"https:\/\/usa-b2.com\/de\/wp-json\/wp\/v2\/comments?post=6144"}],"version-history":[{"count":2,"href":"https:\/\/usa-b2.com\/de\/wp-json\/wp\/v2\/pages\/6144\/revisions"}],"predecessor-version":[{"id":10632,"href":"https:\/\/usa-b2.com\/de\/wp-json\/wp\/v2\/pages\/6144\/revisions\/10632"}],"wp:attachment":[{"href":"https:\/\/usa-b2.com\/de\/wp-json\/wp\/v2\/media?parent=6144"}],"curies":[{"name":"wp","href":"https:\/\/api.w.org\/{rel}","templated":true}]}}