{"id":4508,"date":"2024-11-18T12:44:50","date_gmt":"2024-11-18T12:44:50","guid":{"rendered":"https:\/\/usa-b2.com\/ds-160\/"},"modified":"2026-04-17T07:15:36","modified_gmt":"2026-04-17T07:15:36","slug":"ds-160","status":"publish","type":"page","link":"https:\/\/usa-b2.com\/de\/ds-160\/","title":{"rendered":"DS 160 Online-Formular"},"content":{"rendered":"\n<h1 class=\"wp-block-heading\">DS 160-Formular f\u00fcr einen Antrag auf ein US-Visum<\/h1>\n\n<p>Das Formular DS-160 ist ein wichtiges Dokument f\u00fcr alle, die ein Visum f\u00fcr die Vereinigten Staaten beantragen m\u00f6chten. Dieses Formular ist f\u00fcr die Beantragung eines Visums erforderlich und wird ausschlie\u00dflich online auf der offiziellen Website des US-Au\u00dfenministeriums ausgef\u00fcllt. Hier ist alles, was Sie wissen m\u00fcssen, um dieses Formular erfolgreich auszuf\u00fcllen.  <\/p>\n\n<h2 class=\"wp-block-heading\">Was ist das Formular DS 160?<\/h2>\n\n<p>Das Formular DS 160 ist ein Online-Fragebogen, der detaillierte Informationen \u00fcber den Visumantragsteller, seine Reiseabsichten und seinen pers\u00f6nlichen Hintergrund sammelt. Dieses Formular ist der erste Schritt im <a href=\"https:\/\/usa-b2.com\/de\/verfahren-beantragung-b2-visum\/\">Verfahren zur Beantragung eines US-Visums<\/a>. Die Angaben erm\u00f6glichen es den Konsularbeh\u00f6rden, Ihre Berechtigung f\u00fcr die beantragte Art von Visum zu bestimmen.  <\/p>\n\n<p>Dieses Formular ist f\u00fcr mehrere Kategorien von Nicht-Immigranten-Visa erforderlich, einschlie\u00dflich :<\/p>\n\n<ul class=\"wp-block-list\">\n<li><a href=\"https:\/\/usa-b2.com\/de\/b1-visum-usa\/\">Touristenvisum B1<\/a>: f\u00fcr Gesch\u00e4ftsreisen ;<\/li>\n\n\n\n<li><a href=\"https:\/\/usa-b2.com\/de\/b2-visum\/\">Touristenvisum B2<\/a>: f\u00fcr touristische Reisen oder Familienbesuche ;<\/li>\n\n\n\n<li>F1 Studentenvisum: f\u00fcr ein Studium in den USA ;<\/li>\n\n\n\n<li><a href=\"https:\/\/usa-b2.com\/de\/transit-visum-usa\/\">Transitvisum C<\/a>: f\u00fcr eine vor\u00fcbergehende Durchreise durch die USA ;<\/li>\n\n\n\n<li>Befristetes Arbeitsvisum (H, L, O): f\u00fcr Arbeitseins\u00e4tze.<\/li>\n<\/ul>\n\n<div style=\"height:10px\" aria-hidden=\"true\" class=\"wp-block-spacer\"><\/div>\n\n<h2 class=\"wp-block-heading\">Wie wird das Formular DS 160 ausgef\u00fcllt?<\/h2>\n\n<h3 class=\"wp-block-heading\">1. Besuchen Sie die offizielle Website<\/h3>\n\n<p>Um das Formular DS 160 auszuf\u00fcllen, besuchen Sie die <a href=\"https:\/\/ceac.state.gov\/genniv\/\">offizielle Website des US-Au\u00dfenministeriums<\/a>. Stellen Sie sicher, dass Sie eine sichere Verbindung verwenden, um Ihre pers\u00f6nlichen Daten zu sch\u00fctzen. <\/p>\n\n<h3 class=\"wp-block-heading\">2. Sammeln Sie Ihre Informationen<\/h3>\n\n<p>Bevor Sie beginnen, sollten Sie alle notwendigen Dokumente vorbereiten, einschlie\u00dflich :<\/p>\n\n<ul class=\"wp-block-list\">\n<li>Ihr <a href=\"https:\/\/usa-b2.com\/de\/reisepass-fur-die-usa\/\">g\u00fcltiger Reisepass f\u00fcr die USA<\/a><\/li>\n\n\n\n<li>Ihre Reisedetails (Daten, Zielorte, Adressen)<\/li>\n\n\n\n<li>Ihre pers\u00f6nlichen Informationen (Adresse, Besch\u00e4ftigung, Familienstand)<\/li>\n\n\n\n<li>Belege, die je nach Art des Visums erforderlich sind (Einladungsschreiben, Bankausz\u00fcge usw.).<\/li>\n<\/ul>\n\n<h3 class=\"wp-block-heading\">3. F\u00fcllen Sie das Formular auf Englisch aus<\/h3>\n\n<p>Alle Antworten m\u00fcssen auf Englisch eingegeben werden. Achten Sie auf eine genaue Beantwortung, da Fehler zu einer Ablehnung oder Verz\u00f6gerung bei der Bearbeitung Ihres Antrags f\u00fchren k\u00f6nnen. <\/p>\n\n<h3 class=\"wp-block-heading\">4. Laden Sie ein konformes Foto hoch<\/h3>\n\n<p>W\u00e4hrend des Verfahrens muss ein aktuelles Digitalfoto hochgeladen werden. Dieses Foto muss die festgelegten Standards erf\u00fcllen (wei\u00dfer Hintergrund, bestimmte Abmessungen, keine Brille). <\/p>\n\n<h3 class=\"wp-block-heading\">5. Geben Sie die Best\u00e4tigungsnummer ein und speichern Sie sie.<\/h3>\n\n<p>Wenn Sie das Formular ausgef\u00fcllt haben, senden Sie es online ab und laden Sie die Best\u00e4tigungsseite mit dem Barcode herunter. Dieses Dokument ist f\u00fcr Ihr <a href=\"https:\/\/usa-b2.com\/de\/visumstermin-us-botschaft\/\">Interview mit der US-Botschaft<\/a> erforderlich. <\/p>\n\n<h2 class=\"wp-block-heading\">Was tun Sie, nachdem Sie DS 160 eingereicht haben?<\/h2>\n\n<p>Sobald das Formular eingereicht wurde, wird der Prozess mit den folgenden Schritten fortgesetzt:<\/p>\n\n<ol class=\"wp-block-list\">\n<li><strong>Bezahlen Sie die Visageb\u00fchren<\/strong>: Die <a href=\"https:\/\/usa-b2.com\/de\/gebuhren-b2-visum\/\">Visageb\u00fchren<\/a> h\u00e4ngen von der Art des beantragten Visums ab. Stellen Sie sicher, dass Sie den Zahlungsbeleg aufbewahren. <\/li>\n\n\n\n<li><strong>Vereinbaren Sie einen Termin f\u00fcr ein Vorstellungsgespr\u00e4ch<\/strong>: Melden Sie sich auf der offiziellen Website des US-Konsulats oder der US-Botschaft Ihres Landes an, um einen Termin zu vereinbaren.<\/li>\n\n\n\n<li><strong>Kommen Sie zum konsularischen Interview<\/strong>: Bringen Sie am Tag des Interviews Ihren Reisepass, die Best\u00e4tigungsseite DS-160, Ihr Foto und alle erforderlichen Nachweise mit.<\/li>\n<\/ol>\n\n<div style=\"height:10px\" aria-hidden=\"true\" class=\"wp-block-spacer\"><\/div>\n\n<p>Weitere Informationen finden Sie auf unserer Seite \u00fcber das <a href=\"https:\/\/usa-b2.com\/de\/verfahren-beantragung-b2-visum\/\">Antragsverfahren f\u00fcr ein US-Visum<\/a>.<\/p>\n\n<h2 class=\"wp-block-heading\">Tipps f\u00fcr eine erfolgreiche Antragstellung mit dem DS 160<\/h2>\n\n<ul class=\"wp-block-list\">\n<li><strong>Seien Sie ehrlich und genau<\/strong>: Jede falsche Angabe kann zur sofortigen Ablehnung des Visums f\u00fchren.<\/li>\n\n\n\n<li><strong>\u00dcberpr\u00fcfen Sie Ihre Antworten mehrmals<\/strong>, bevor Sie das Formular abschicken.<\/li>\n\n\n\n<li><strong>Bewahren Sie einen Ausdruck<\/strong> Ihres DS-160 f\u00fcr Ihre pers\u00f6nlichen Unterlagen auf.<\/li>\n\n\n\n<li><strong>Halten Sie sich an die Fristen<\/strong>: F\u00fcllen Sie das Formular mindestens zwei Wochen vor Ihrem geplanten Gespr\u00e4chstermin aus, um Verz\u00f6gerungen zu vermeiden.<\/li>\n<\/ul>\n\n<h2 class=\"wp-block-heading\">FAQ zum DS 160-Formular<\/h2>\n\n<h3 class=\"wp-block-heading\">Wie lange dauert es, das DS-160 auszuf\u00fcllen?<\/h3>\n\n<p>Die durchschnittliche Dauer betr\u00e4gt etwa 60 Minuten. Sie k\u00f6nnen Ihren Fortschritt speichern und sp\u00e4ter fortsetzen, wenn Sie m\u00f6chten. <\/p>\n\n<h3 class=\"wp-block-heading\">Kann ich das Formular \u00e4ndern, nachdem ich es eingereicht habe?<\/h3>\n\n<p>Nein, nach der Einreichung kann das DS-160 nicht mehr ge\u00e4ndert werden. Wenn ein Fehler festgestellt wird, m\u00fcssen Sie ein neues Formular ausf\u00fcllen. <\/p>\n\n<h3 class=\"wp-block-heading\">Ist das DS-160 eine Garantie f\u00fcr ein Visum?<\/h3>\n\n<p>Nein, die Einreichung des DS-160 ist keine Garantie f\u00fcr die Genehmigung Ihres Visums. Es ist ein obligatorischer Schritt, aber das Visum h\u00e4ngt von den Ergebnissen Ihres konsularischen Interviews ab. <\/p>\n","protected":false},"excerpt":{"rendered":"<p>DS 160-Formular f\u00fcr einen Antrag auf ein US-Visum Das Formular DS-160 ist ein wichtiges Dokument f\u00fcr alle, die ein Visum f\u00fcr die Vereinigten Staaten beantragen m\u00f6chten. Dieses Formular ist f\u00fcr die Beantragung eines Visums erforderlich und wird ausschlie\u00dflich online auf der offiziellen Website des US-Au\u00dfenministeriums ausgef\u00fcllt. Hier ist alles, was Sie wissen m\u00fcssen, um dieses [&hellip;]<\/p>\n","protected":false},"author":1,"featured_media":0,"parent":0,"menu_order":0,"comment_status":"closed","ping_status":"closed","template":"","meta":{"footnotes":""},"class_list":["post-4508","page","type-page","status-publish","hentry"],"yoast_head":"<!-- This site is optimized with the Yoast SEO plugin v27.4 - https:\/\/yoast.com\/product\/yoast-seo-wordpress\/ -->\n<title>DS 160 Online-Formular - USA B2<\/title>\n<meta name=\"description\" content=\"Alles, was Sie wissen m\u00fcssen, um das Formular DS 160 f\u00fcr einen Online-Antrag auf ein US-Visum ausf\u00fcllen zu k\u00f6nnen.\" \/>\n<meta name=\"robots\" content=\"index, follow, max-snippet:-1, max-image-preview:large, max-video-preview:-1\" \/>\n<link rel=\"canonical\" href=\"https:\/\/usa-b2.com\/de\/ds-160\/\" \/>\n<meta property=\"og:locale\" content=\"de_DE\" \/>\n<meta property=\"og:type\" content=\"article\" \/>\n<meta property=\"og:title\" content=\"DS 160 Online-Formular - USA B2\" \/>\n<meta property=\"og:description\" content=\"Alles, was Sie wissen m\u00fcssen, um das Formular DS 160 f\u00fcr einen Online-Antrag auf ein US-Visum ausf\u00fcllen zu k\u00f6nnen.\" \/>\n<meta property=\"og:url\" content=\"https:\/\/usa-b2.com\/de\/ds-160\/\" \/>\n<meta property=\"og:site_name\" content=\"USA B2\" \/>\n<meta property=\"article:modified_time\" content=\"2026-04-17T07:15:36+00:00\" \/>\n<meta name=\"twitter:card\" content=\"summary_large_image\" \/>\n<meta name=\"twitter:label1\" content=\"Gesch\u00e4tzte Lesezeit\" \/>\n\t<meta name=\"twitter:data1\" content=\"3\u00a0Minuten\" \/>\n<script type=\"application\/ld+json\" class=\"yoast-schema-graph\">{\"@context\":\"https:\\\/\\\/schema.org\",\"@graph\":[{\"@type\":\"WebPage\",\"@id\":\"https:\\\/\\\/usa-b2.com\\\/de\\\/ds-160\\\/\",\"url\":\"https:\\\/\\\/usa-b2.com\\\/de\\\/ds-160\\\/\",\"name\":\"DS 160 Online-Formular - USA B2\",\"isPartOf\":{\"@id\":\"https:\\\/\\\/usa-b2.com\\\/de\\\/#website\"},\"datePublished\":\"2024-11-18T12:44:50+00:00\",\"dateModified\":\"2026-04-17T07:15:36+00:00\",\"description\":\"Alles, was Sie wissen m\u00fcssen, um das Formular DS 160 f\u00fcr einen Online-Antrag auf ein US-Visum ausf\u00fcllen zu k\u00f6nnen.\",\"breadcrumb\":{\"@id\":\"https:\\\/\\\/usa-b2.com\\\/de\\\/ds-160\\\/#breadcrumb\"},\"inLanguage\":\"de\",\"potentialAction\":[{\"@type\":\"ReadAction\",\"target\":[\"https:\\\/\\\/usa-b2.com\\\/de\\\/ds-160\\\/\"]}]},{\"@type\":\"BreadcrumbList\",\"@id\":\"https:\\\/\\\/usa-b2.com\\\/de\\\/ds-160\\\/#breadcrumb\",\"itemListElement\":[{\"@type\":\"ListItem\",\"position\":1,\"name\":\"Accueil\",\"item\":\"https:\\\/\\\/usa-b2.com\\\/de\\\/usa\\\/\"},{\"@type\":\"ListItem\",\"position\":2,\"name\":\"DS 160 Online-Formular\"}]},{\"@type\":\"WebSite\",\"@id\":\"https:\\\/\\\/usa-b2.com\\\/de\\\/#website\",\"url\":\"https:\\\/\\\/usa-b2.com\\\/de\\\/\",\"name\":\"USA B2 VISA\",\"description\":\"\",\"potentialAction\":[{\"@type\":\"SearchAction\",\"target\":{\"@type\":\"EntryPoint\",\"urlTemplate\":\"https:\\\/\\\/usa-b2.com\\\/de\\\/?s={search_term_string}\"},\"query-input\":{\"@type\":\"PropertyValueSpecification\",\"valueRequired\":true,\"valueName\":\"search_term_string\"}}],\"inLanguage\":\"de\"}]}<\/script>\n<!-- \/ Yoast SEO plugin. -->","yoast_head_json":{"title":"DS 160 Online-Formular - USA B2","description":"Alles, was Sie wissen m\u00fcssen, um das Formular DS 160 f\u00fcr einen Online-Antrag auf ein US-Visum ausf\u00fcllen zu k\u00f6nnen.","robots":{"index":"index","follow":"follow","max-snippet":"max-snippet:-1","max-image-preview":"max-image-preview:large","max-video-preview":"max-video-preview:-1"},"canonical":"https:\/\/usa-b2.com\/de\/ds-160\/","og_locale":"de_DE","og_type":"article","og_title":"DS 160 Online-Formular - USA B2","og_description":"Alles, was Sie wissen m\u00fcssen, um das Formular DS 160 f\u00fcr einen Online-Antrag auf ein US-Visum ausf\u00fcllen zu k\u00f6nnen.","og_url":"https:\/\/usa-b2.com\/de\/ds-160\/","og_site_name":"USA B2","article_modified_time":"2026-04-17T07:15:36+00:00","twitter_card":"summary_large_image","twitter_misc":{"Gesch\u00e4tzte Lesezeit":"3\u00a0Minuten"},"schema":{"@context":"https:\/\/schema.org","@graph":[{"@type":"WebPage","@id":"https:\/\/usa-b2.com\/de\/ds-160\/","url":"https:\/\/usa-b2.com\/de\/ds-160\/","name":"DS 160 Online-Formular - USA B2","isPartOf":{"@id":"https:\/\/usa-b2.com\/de\/#website"},"datePublished":"2024-11-18T12:44:50+00:00","dateModified":"2026-04-17T07:15:36+00:00","description":"Alles, was Sie wissen m\u00fcssen, um das Formular DS 160 f\u00fcr einen Online-Antrag auf ein US-Visum ausf\u00fcllen zu k\u00f6nnen.","breadcrumb":{"@id":"https:\/\/usa-b2.com\/de\/ds-160\/#breadcrumb"},"inLanguage":"de","potentialAction":[{"@type":"ReadAction","target":["https:\/\/usa-b2.com\/de\/ds-160\/"]}]},{"@type":"BreadcrumbList","@id":"https:\/\/usa-b2.com\/de\/ds-160\/#breadcrumb","itemListElement":[{"@type":"ListItem","position":1,"name":"Accueil","item":"https:\/\/usa-b2.com\/de\/usa\/"},{"@type":"ListItem","position":2,"name":"DS 160 Online-Formular"}]},{"@type":"WebSite","@id":"https:\/\/usa-b2.com\/de\/#website","url":"https:\/\/usa-b2.com\/de\/","name":"USA B2 VISA","description":"","potentialAction":[{"@type":"SearchAction","target":{"@type":"EntryPoint","urlTemplate":"https:\/\/usa-b2.com\/de\/?s={search_term_string}"},"query-input":{"@type":"PropertyValueSpecification","valueRequired":true,"valueName":"search_term_string"}}],"inLanguage":"de"}]}},"_links":{"self":[{"href":"https:\/\/usa-b2.com\/de\/wp-json\/wp\/v2\/pages\/4508","targetHints":{"allow":["GET"]}}],"collection":[{"href":"https:\/\/usa-b2.com\/de\/wp-json\/wp\/v2\/pages"}],"about":[{"href":"https:\/\/usa-b2.com\/de\/wp-json\/wp\/v2\/types\/page"}],"author":[{"embeddable":true,"href":"https:\/\/usa-b2.com\/de\/wp-json\/wp\/v2\/users\/1"}],"replies":[{"embeddable":true,"href":"https:\/\/usa-b2.com\/de\/wp-json\/wp\/v2\/comments?post=4508"}],"version-history":[{"count":5,"href":"https:\/\/usa-b2.com\/de\/wp-json\/wp\/v2\/pages\/4508\/revisions"}],"predecessor-version":[{"id":11329,"href":"https:\/\/usa-b2.com\/de\/wp-json\/wp\/v2\/pages\/4508\/revisions\/11329"}],"wp:attachment":[{"href":"https:\/\/usa-b2.com\/de\/wp-json\/wp\/v2\/media?parent=4508"}],"curies":[{"name":"wp","href":"https:\/\/api.w.org\/{rel}","templated":true}]}}