{"id":4494,"date":"2024-11-18T12:39:44","date_gmt":"2024-11-18T12:39:44","guid":{"rendered":"https:\/\/usa-b2.com\/reisepass-fur-die-usa\/"},"modified":"2025-10-28T20:25:39","modified_gmt":"2025-10-28T20:25:39","slug":"reisepass-fur-die-usa","status":"publish","type":"page","link":"https:\/\/usa-b2.com\/de\/reisepass-fur-die-usa\/","title":{"rendered":"Welcher Reisepass f\u00fcr Reisen in die Vereinigten Staaten"},"content":{"rendered":"\n<h1 class=\"wp-block-heading\">Welche Arten von Reisep\u00e4ssen sind f\u00fcr die Einreise in die USA zul\u00e4ssig?<\/h1>\n\n<p>F\u00fcr Reisen in die USA gelten bestimmte Anforderungen f\u00fcr die Art des Reisepasses. Die folgenden Kriterien gelten f\u00fcr ausl\u00e4ndische Reisende, die in die USA einreisen m\u00f6chten:<\/p>\n\n<ul class=\"wp-block-list\">\n<li>Der Reisepass des Reisenden muss biometrisch oder elektronisch sein.<\/li>\n\n\n\n<li>Der Reisepass muss noch mindestens 6 Monate \u00fcber das Datum der geplanten Ausreise aus den USA hinaus g\u00fcltig sein.<\/li>\n<\/ul>\n\n<div style=\"height:10px\" aria-hidden=\"true\" class=\"wp-block-spacer\"><\/div>\n\n<p><strong>Bitte beachten Sie:<\/strong> Die G\u00fcltigkeit des Reisepasses beeinflusst auch die G\u00fcltigkeit der zugeh\u00f6rigen Reisegenehmigung. Wenn Ihr Reisepass abl\u00e4uft, wird das im Reisepass enthaltene Visum automatisch ung\u00fcltig. Es ist notwendig, das Visum bei einer <a href=\"https:\/\/usa-b2.com\/de\/usa-botschaft\/\">US-Botschaft<\/a> zu erneuern, wenn der neue Pass ausgestellt wird.  <\/p>\n\n<h2 class=\"wp-block-heading\">Was ist ein biometrischer Reisepass?<\/h2>\n\n<p>Der biometrische Reisepass stellt einen bedeutenden Fortschritt bei der Sicherheit von Reisedokumenten f\u00fcr die USA dar. Diese Art von Pass ist mit einem Mikrochip ausgestattet, der die wesentlichen biometrischen Daten des Passinhabers speichert. Diese Informationen umfassen :<\/p>\n\n<ul class=\"wp-block-list\">\n<li>Pers\u00f6nliche Daten wie Name, Geburtsdatum und Adresse.<\/li>\n\n\n\n<li>Biometrische Daten wie Gesichtsfotos und Fingerabdr\u00fccke.<\/li>\n<\/ul>\n\n<div style=\"height:10px\" aria-hidden=\"true\" class=\"wp-block-spacer\"><\/div>\n\n<p>Das Hauptziel des biometrischen Passes ist es, die Sicherheit zu erh\u00f6hen und das Risiko von Betrug oder F\u00e4lschung zu verringern. Die Art des Reisepasses wird bei der <a href=\"https:\/\/usa-b2.com\/de\/verfahren-beantragung-b2-visum\/\">Beantragung des Visums<\/a> \u00fcberpr\u00fcft. <\/p>\n\n<h2 class=\"wp-block-heading\">Was ist der Unterschied zwischen einem biometrischen und einem elektronischen Reisepass?<\/h2>\n\n<p>Ein elektronischer Pass ist ein Reisedokument, das einen Mikrochip zur Speicherung von Identifikationsinformationen enth\u00e4lt. Alle biometrischen P\u00e4sse sind elektronische P\u00e4sse, aber einige L\u00e4nder unterscheiden zwischen diesen beiden Begriffen. Ein biometrischer Pass enth\u00e4lt spezifische Daten wie Fingerabdr\u00fccke oder Gesichtsscans, was nicht bei allen elektronischen P\u00e4ssen der Fall ist.<\/p>\n\n<h2 class=\"wp-block-heading\">Wie erkenne ich einen biometrischen oder elektronischen Reisepass?<\/h2>\n\n<p>Um zu erkennen, ob Ihr Pass biometrisch oder elektronisch ist, achten Sie auf das goldene Symbol unter dem Wort &#8222;Pass&#8220; auf dem Einband. Dieses Piktogramm, das einen Kreis zwischen zwei dicken Linien darstellt, ist ein deutlicher Hinweis darauf, dass der Pass einen eingebauten Mikrochip hat. <\/p>\n","protected":false},"excerpt":{"rendered":"<p>Welche Arten von Reisep\u00e4ssen sind f\u00fcr die Einreise in die USA zul\u00e4ssig? F\u00fcr Reisen in die USA gelten bestimmte Anforderungen f\u00fcr die Art des Reisepasses. Die folgenden Kriterien gelten f\u00fcr ausl\u00e4ndische Reisende, die in die USA einreisen m\u00f6chten: Bitte beachten Sie: Die G\u00fcltigkeit des Reisepasses beeinflusst auch die G\u00fcltigkeit der zugeh\u00f6rigen Reisegenehmigung. Wenn Ihr Reisepass [&hellip;]<\/p>\n","protected":false},"author":1,"featured_media":0,"parent":0,"menu_order":0,"comment_status":"closed","ping_status":"closed","template":"","meta":{"footnotes":""},"class_list":["post-4494","page","type-page","status-publish","hentry"],"yoast_head":"<!-- This site is optimized with the Yoast SEO plugin v27.4 - https:\/\/yoast.com\/product\/yoast-seo-wordpress\/ -->\n<title>Welcher Reisepass f\u00fcr Reisen in die Vereinigten Staaten - USA B2<\/title>\n<meta name=\"description\" content=\"Die Vereinigten Staaten stellen bestimmte Anforderungen an die Art des Reisepasses f\u00fcr Reisende, die in die Vereinigten Staaten reisen m\u00f6chten.\" \/>\n<meta name=\"robots\" content=\"index, follow, max-snippet:-1, max-image-preview:large, max-video-preview:-1\" \/>\n<link rel=\"canonical\" href=\"https:\/\/usa-b2.com\/de\/reisepass-fur-die-usa\/\" \/>\n<meta property=\"og:locale\" content=\"de_DE\" \/>\n<meta property=\"og:type\" content=\"article\" \/>\n<meta property=\"og:title\" content=\"Welcher Reisepass f\u00fcr Reisen in die Vereinigten Staaten - USA B2\" \/>\n<meta property=\"og:description\" content=\"Die Vereinigten Staaten stellen bestimmte Anforderungen an die Art des Reisepasses f\u00fcr Reisende, die in die Vereinigten Staaten reisen m\u00f6chten.\" \/>\n<meta property=\"og:url\" content=\"https:\/\/usa-b2.com\/de\/reisepass-fur-die-usa\/\" \/>\n<meta property=\"og:site_name\" content=\"USA B2\" \/>\n<meta property=\"article:modified_time\" content=\"2025-10-28T20:25:39+00:00\" \/>\n<meta name=\"twitter:card\" content=\"summary_large_image\" \/>\n<meta name=\"twitter:label1\" content=\"Gesch\u00e4tzte Lesezeit\" \/>\n\t<meta name=\"twitter:data1\" content=\"2\u00a0Minuten\" \/>\n<script type=\"application\/ld+json\" class=\"yoast-schema-graph\">{\"@context\":\"https:\\\/\\\/schema.org\",\"@graph\":[{\"@type\":\"WebPage\",\"@id\":\"https:\\\/\\\/usa-b2.com\\\/de\\\/reisepass-fur-die-usa\\\/\",\"url\":\"https:\\\/\\\/usa-b2.com\\\/de\\\/reisepass-fur-die-usa\\\/\",\"name\":\"Welcher Reisepass f\u00fcr Reisen in die Vereinigten Staaten - USA B2\",\"isPartOf\":{\"@id\":\"https:\\\/\\\/usa-b2.com\\\/de\\\/#website\"},\"datePublished\":\"2024-11-18T12:39:44+00:00\",\"dateModified\":\"2025-10-28T20:25:39+00:00\",\"description\":\"Die Vereinigten Staaten stellen bestimmte Anforderungen an die Art des Reisepasses f\u00fcr Reisende, die in die Vereinigten Staaten reisen m\u00f6chten.\",\"breadcrumb\":{\"@id\":\"https:\\\/\\\/usa-b2.com\\\/de\\\/reisepass-fur-die-usa\\\/#breadcrumb\"},\"inLanguage\":\"de\",\"potentialAction\":[{\"@type\":\"ReadAction\",\"target\":[\"https:\\\/\\\/usa-b2.com\\\/de\\\/reisepass-fur-die-usa\\\/\"]}]},{\"@type\":\"BreadcrumbList\",\"@id\":\"https:\\\/\\\/usa-b2.com\\\/de\\\/reisepass-fur-die-usa\\\/#breadcrumb\",\"itemListElement\":[{\"@type\":\"ListItem\",\"position\":1,\"name\":\"Accueil\",\"item\":\"https:\\\/\\\/usa-b2.com\\\/de\\\/usa\\\/\"},{\"@type\":\"ListItem\",\"position\":2,\"name\":\"Welcher Reisepass f\u00fcr Reisen in die Vereinigten Staaten\"}]},{\"@type\":\"WebSite\",\"@id\":\"https:\\\/\\\/usa-b2.com\\\/de\\\/#website\",\"url\":\"https:\\\/\\\/usa-b2.com\\\/de\\\/\",\"name\":\"USA B2 VISA\",\"description\":\"\",\"potentialAction\":[{\"@type\":\"SearchAction\",\"target\":{\"@type\":\"EntryPoint\",\"urlTemplate\":\"https:\\\/\\\/usa-b2.com\\\/de\\\/?s={search_term_string}\"},\"query-input\":{\"@type\":\"PropertyValueSpecification\",\"valueRequired\":true,\"valueName\":\"search_term_string\"}}],\"inLanguage\":\"de\"}]}<\/script>\n<!-- \/ Yoast SEO plugin. -->","yoast_head_json":{"title":"Welcher Reisepass f\u00fcr Reisen in die Vereinigten Staaten - USA B2","description":"Die Vereinigten Staaten stellen bestimmte Anforderungen an die Art des Reisepasses f\u00fcr Reisende, die in die Vereinigten Staaten reisen m\u00f6chten.","robots":{"index":"index","follow":"follow","max-snippet":"max-snippet:-1","max-image-preview":"max-image-preview:large","max-video-preview":"max-video-preview:-1"},"canonical":"https:\/\/usa-b2.com\/de\/reisepass-fur-die-usa\/","og_locale":"de_DE","og_type":"article","og_title":"Welcher Reisepass f\u00fcr Reisen in die Vereinigten Staaten - USA B2","og_description":"Die Vereinigten Staaten stellen bestimmte Anforderungen an die Art des Reisepasses f\u00fcr Reisende, die in die Vereinigten Staaten reisen m\u00f6chten.","og_url":"https:\/\/usa-b2.com\/de\/reisepass-fur-die-usa\/","og_site_name":"USA B2","article_modified_time":"2025-10-28T20:25:39+00:00","twitter_card":"summary_large_image","twitter_misc":{"Gesch\u00e4tzte Lesezeit":"2\u00a0Minuten"},"schema":{"@context":"https:\/\/schema.org","@graph":[{"@type":"WebPage","@id":"https:\/\/usa-b2.com\/de\/reisepass-fur-die-usa\/","url":"https:\/\/usa-b2.com\/de\/reisepass-fur-die-usa\/","name":"Welcher Reisepass f\u00fcr Reisen in die Vereinigten Staaten - USA B2","isPartOf":{"@id":"https:\/\/usa-b2.com\/de\/#website"},"datePublished":"2024-11-18T12:39:44+00:00","dateModified":"2025-10-28T20:25:39+00:00","description":"Die Vereinigten Staaten stellen bestimmte Anforderungen an die Art des Reisepasses f\u00fcr Reisende, die in die Vereinigten Staaten reisen m\u00f6chten.","breadcrumb":{"@id":"https:\/\/usa-b2.com\/de\/reisepass-fur-die-usa\/#breadcrumb"},"inLanguage":"de","potentialAction":[{"@type":"ReadAction","target":["https:\/\/usa-b2.com\/de\/reisepass-fur-die-usa\/"]}]},{"@type":"BreadcrumbList","@id":"https:\/\/usa-b2.com\/de\/reisepass-fur-die-usa\/#breadcrumb","itemListElement":[{"@type":"ListItem","position":1,"name":"Accueil","item":"https:\/\/usa-b2.com\/de\/usa\/"},{"@type":"ListItem","position":2,"name":"Welcher Reisepass f\u00fcr Reisen in die Vereinigten Staaten"}]},{"@type":"WebSite","@id":"https:\/\/usa-b2.com\/de\/#website","url":"https:\/\/usa-b2.com\/de\/","name":"USA B2 VISA","description":"","potentialAction":[{"@type":"SearchAction","target":{"@type":"EntryPoint","urlTemplate":"https:\/\/usa-b2.com\/de\/?s={search_term_string}"},"query-input":{"@type":"PropertyValueSpecification","valueRequired":true,"valueName":"search_term_string"}}],"inLanguage":"de"}]}},"_links":{"self":[{"href":"https:\/\/usa-b2.com\/de\/wp-json\/wp\/v2\/pages\/4494","targetHints":{"allow":["GET"]}}],"collection":[{"href":"https:\/\/usa-b2.com\/de\/wp-json\/wp\/v2\/pages"}],"about":[{"href":"https:\/\/usa-b2.com\/de\/wp-json\/wp\/v2\/types\/page"}],"author":[{"embeddable":true,"href":"https:\/\/usa-b2.com\/de\/wp-json\/wp\/v2\/users\/1"}],"replies":[{"embeddable":true,"href":"https:\/\/usa-b2.com\/de\/wp-json\/wp\/v2\/comments?post=4494"}],"version-history":[{"count":2,"href":"https:\/\/usa-b2.com\/de\/wp-json\/wp\/v2\/pages\/4494\/revisions"}],"predecessor-version":[{"id":10708,"href":"https:\/\/usa-b2.com\/de\/wp-json\/wp\/v2\/pages\/4494\/revisions\/10708"}],"wp:attachment":[{"href":"https:\/\/usa-b2.com\/de\/wp-json\/wp\/v2\/media?parent=4494"}],"curies":[{"name":"wp","href":"https:\/\/api.w.org\/{rel}","templated":true}]}}