{"id":440,"date":"2024-02-10T17:10:38","date_gmt":"2024-02-10T17:10:38","guid":{"rendered":"https:\/\/usa-b2.com\/besuchervisum-usa\/"},"modified":"2025-10-13T14:07:44","modified_gmt":"2025-10-13T14:07:44","slug":"besucher-visum-vereinigte-staaten","status":"publish","type":"page","link":"https:\/\/usa-b2.com\/de\/besucher-visum-vereinigte-staaten\/","title":{"rendered":"Das Besuchervisum f\u00fcr Reisen in die USA"},"content":{"rendered":"\n<h1 class=\"wp-block-heading\">Besuchervisum f\u00fcr die USA<\/h1>\n\n<h2 class=\"wp-block-heading\">Was ist ein Besuchervisum f\u00fcr die Vereinigten Staaten?<\/h2>\n\n<p>Ein US-Besuchervisum erlaubt einem Ausl\u00e4nder, sich f\u00fcr eine begrenzte Zeit in den USA aufzuhalten: Die erste Aufenthaltsdauer ist auf 6 Monate begrenzt. Das Besuchervisum kann mehrmals verl\u00e4ngert werden.   <\/p>\n\n<p>Es gibt zwei Arten von Besuchervisa, die sich nach dem Grund des Aufenthalts richten:<\/p>\n\n<ul class=\"wp-block-list\">\n<li>Das <a href=\"https:\/\/usa-b2.com\/fr\/visa-b1-usa\/\">B1-Visum<\/a> ist ein Visum, um in den USA gesch\u00e4ftlich t\u00e4tig zu werden.<\/li>\n\n\n\n<li>Das <a href=\"https:\/\/usa-b2.com\/de\/b2-visum\/\">B2-Visum<\/a> ist ein Touristenvisum, mit dem du die USA besuchen und Freunde oder Familie vor Ort besuchen kannst.<\/li>\n<\/ul>\n\n<div style=\"height:10px\" aria-hidden=\"true\" class=\"wp-block-spacer\"><\/div>\n\n<h2 class=\"wp-block-heading\">Welche Unterschiede bestehen zwischen einem B1- und einem B2-Visum?<\/h2>\n\n<p>Der Hauptunterschied zwischen den beiden Visa ist der Grund f\u00fcr den Aufenthalt: Das B1-Visum wird f\u00fcr berufliche Zwecke ausgestellt, w\u00e4hrend das B2-Visum f\u00fcr Touristen- und Familienaufenthalte in den USA gedacht ist.  <\/p>\n\n<p>Ansonsten sind die beiden Visa der Kategorie B recht \u00e4hnlich. Sie werden f\u00fcr sechs Monate ausgestellt, mit der M\u00f6glichkeit, sie auf ein Jahr zu verl\u00e4ngern. Es gibt keine Begrenzung f\u00fcr die Anzahl der Verl\u00e4ngerungen von Visa.  <\/p>\n\n<h2 class=\"wp-block-heading\">Welche Aktivit\u00e4ten sind mit einem B1\/B2-Visum verboten?<\/h2>\n\n<p>Der Inhaber eines B1\/B2-Visums kann in die USA reisen, aber bestimmte Aktivit\u00e4ten sind verboten. Dies sind die wichtigsten Aktivit\u00e4ten, die einem Inhaber eines B1\/B2-Visums untersagt sind:<\/p>\n\n<ul class=\"wp-block-list\">\n<li>Er darf nicht in den USA arbeiten;<\/li>\n\n\n\n<li>Er kann nicht Student werden ;<\/li>\n\n\n\n<li>Er darf nicht als Besatzungsmitglied an Bord eines Flugzeugs oder Schiffes gehen ;<\/li>\n\n\n\n<li>Er darf nicht versuchen, einen dauerhaften Wohnsitz in den Vereinigten Staaten zu erlangen.<\/li>\n<\/ul>\n\n<div style=\"height:10px\" aria-hidden=\"true\" class=\"wp-block-spacer\"><\/div>\n\n<h2 class=\"wp-block-heading\">Wie beantrage ich ein B1\/B2-Visum?<\/h2>\n\n<p>Das <a href=\"https:\/\/usa-b2.com\/fr\/procedure-demande-visa-b2\/\">Verfahren zur Beantragung eines Visums<\/a> wird haupts\u00e4chlich online abgewickelt. Der Prozess umfasst die f\u00fcnf Schritte in der folgenden Reihenfolge:<\/p>\n\n<ol class=\"wp-block-list\">\n<li>F\u00fcllen Sie das <a href=\"https:\/\/usa-b2.com\/fr\/ds-160\/\">Formular DS-160<\/a> online aus, um das Verfahren einzuleiten.<\/li>\n\n\n\n<li>Bezahlen Sie die <a href=\"https:\/\/usa-b2.com\/fr\/frais-visa-b2-usa\/\">Visageb\u00fchren<\/a>, um den Visumantrag zu best\u00e4tigen.<\/li>\n\n\n\n<li>Einen Termin f\u00fcr ein <a href=\"https:\/\/usa-b2.com\/de\/visumstermin-us-botschaft\/\">Visainterview in der Botschaft<\/a> vereinbaren<\/li>\n\n\n\n<li>Alle Belege f\u00fcr den Visumantrag zusammenstellen<\/li>\n\n\n\n<li>Teilnahme am Interview f\u00fcr den Erhalt des Visums im <a href=\"https:\/\/usa-b2.com\/fr\/passeport-pour-voyager-aux-usa\/\">Reisepass f\u00fcr Reisen in die USA<\/a>.<\/li>\n<\/ol>\n\n<div style=\"height:10px\" aria-hidden=\"true\" class=\"wp-block-spacer\"><\/div>\n\n<h2 class=\"wp-block-heading\">Dauer und G\u00fcltigkeit des B1\/B2-Visums<\/h2>\n\n<p>Das B1\/B2-Visum kann f\u00fcr einen Zeitraum von bis zu <strong>10 Jahren<\/strong> g\u00fcltig sein, wobei die einzelnen Aufenthalte in der Regel auf maximal <strong>6 Monate<\/strong> pro Einreise beschr\u00e4nkt sind. Die genaue Dauer wird von der Einwanderungsbeh\u00f6rde bei Ihrer Ankunft in den USA festgelegt. <\/p>\n\n<h2 class=\"wp-block-heading\">H\u00e4ufig gestellte Fragen zum B1\/B2-Visum<\/h2>\n\n<h3 class=\"wp-block-heading\">Wie lange dauert es, ein B1\/B2-Visum zu erhalten?<\/h3>\n\n<p>Die Bearbeitungszeit variiert, aber in der Regel dauert es 2 bis 8 Wochen nach dem Gespr\u00e4ch.<\/p>\n\n<h3 class=\"wp-block-heading\">Kann ich mit einem B1\/B2-Visum in den USA arbeiten?<\/h3>\n\n<p>Nein Das B1\/B2-Visum berechtigt nicht zur Arbeit in den USA. Sie m\u00fcssen ein Arbeitsvisum beantragen, wenn Sie eine bezahlte Besch\u00e4ftigung aus\u00fcben m\u00f6chten. <\/p>\n\n<h3 class=\"wp-block-heading\">Was ist zu tun, wenn der Antrag abgelehnt wird?<\/h3>\n\n<p>Wenn Ihr Antrag abgelehnt wird, erhalten Sie einen Brief, in dem die Gr\u00fcnde erl\u00e4utert werden. Sie k\u00f6nnen die Schwachstellen in Ihrem Antrag korrigieren und einen neuen Antrag einreichen. <\/p>\n\n<h3 class=\"wp-block-heading\">Kann ich meinen Aufenthalt mit einem B1\/B2-Visum verl\u00e4ngern?<\/h3>\n\n<p>Ja, Sie k\u00f6nnen eine Aufenthaltsverl\u00e4ngerung beantragen, wenn Sie bereits in den Vereinigten Staaten sind. Der Antrag muss bei <g id=\"gid_0\">USCIS (United States Citizenship and Immigration Services)<\/g> eingereicht werden, bevor Ihr genehmigter Zeitraum abl\u00e4uft. Sie m\u00fcssen stichhaltige Nachweise erbringen, wie z. B. triftige Gr\u00fcnde f\u00fcr einen l\u00e4ngeren Aufenthalt und Nachweise \u00fcber Ihre finanziellen Mittel.  <\/p>\n\n<h3 class=\"wp-block-heading\">Ist das B1\/B2-Visum eine Garantie f\u00fcr meine Einreise in die USA?<\/h3>\n\n<p>Nein Mit einem B1\/B2-Visum k\u00f6nnen Sie <strong>in die USA reisen<\/strong>, aber die Einreise wird vom Einwanderungsbeamten am Grenz\u00fcbergang bestimmt. Der Beamte kann Ihnen die Einreise verweigern, wenn Zweifel an Ihren Absichten aufkommen oder wenn Ihre Dokumente nicht den Anforderungen entsprechen. <\/p>\n\n<h3 class=\"wp-block-heading\">Kann ich meine Familie mit einem B1\/B2-Visum mitnehmen?<\/h3>\n\n<p>Ja, aber jedes Mitglied Ihrer Familie, einschlie\u00dflich der Kinder, muss sein eigenes B1\/B2-Visum beantragen und erhalten.<\/p>\n","protected":false},"excerpt":{"rendered":"<p>Besuchervisum f\u00fcr die USA Was ist ein Besuchervisum f\u00fcr die Vereinigten Staaten? Ein US-Besuchervisum erlaubt einem Ausl\u00e4nder, sich f\u00fcr eine begrenzte Zeit in den USA aufzuhalten: Die erste Aufenthaltsdauer ist auf 6 Monate begrenzt. Das Besuchervisum kann mehrmals verl\u00e4ngert werden. Es gibt zwei Arten von Besuchervisa, die sich nach dem Grund des Aufenthalts richten: Welche [&hellip;]<\/p>\n","protected":false},"author":1,"featured_media":0,"parent":0,"menu_order":0,"comment_status":"closed","ping_status":"closed","template":"","meta":{"footnotes":""},"class_list":["post-440","page","type-page","status-publish","hentry"],"yoast_head":"<!-- This site is optimized with the Yoast SEO plugin v27.4 - https:\/\/yoast.com\/product\/yoast-seo-wordpress\/ -->\n<title>Das Besuchervisum f\u00fcr Reisen in die USA - USA B2<\/title>\n<meta name=\"description\" content=\"Wie man sein US-Besuchervisum online beantragt, um sich mehrere Monate vor Ort in den USA aufzuhalten\" \/>\n<meta name=\"robots\" content=\"index, follow, max-snippet:-1, max-image-preview:large, max-video-preview:-1\" \/>\n<link rel=\"canonical\" href=\"https:\/\/usa-b2.com\/de\/besucher-visum-vereinigte-staaten\/\" \/>\n<meta property=\"og:locale\" content=\"de_DE\" \/>\n<meta property=\"og:type\" content=\"article\" \/>\n<meta property=\"og:title\" content=\"Das Besuchervisum f\u00fcr Reisen in die USA - USA B2\" \/>\n<meta property=\"og:description\" content=\"Wie man sein US-Besuchervisum online beantragt, um sich mehrere Monate vor Ort in den USA aufzuhalten\" \/>\n<meta property=\"og:url\" content=\"https:\/\/usa-b2.com\/de\/besucher-visum-vereinigte-staaten\/\" \/>\n<meta property=\"og:site_name\" content=\"USA B2\" \/>\n<meta property=\"article:modified_time\" content=\"2025-10-13T14:07:44+00:00\" \/>\n<meta name=\"twitter:card\" content=\"summary_large_image\" \/>\n<meta name=\"twitter:label1\" content=\"Gesch\u00e4tzte Lesezeit\" \/>\n\t<meta name=\"twitter:data1\" content=\"3\u00a0Minuten\" \/>\n<script type=\"application\/ld+json\" class=\"yoast-schema-graph\">{\"@context\":\"https:\\\/\\\/schema.org\",\"@graph\":[{\"@type\":\"WebPage\",\"@id\":\"https:\\\/\\\/usa-b2.com\\\/de\\\/besucher-visum-vereinigte-staaten\\\/\",\"url\":\"https:\\\/\\\/usa-b2.com\\\/de\\\/besucher-visum-vereinigte-staaten\\\/\",\"name\":\"Das Besuchervisum f\u00fcr Reisen in die USA - USA B2\",\"isPartOf\":{\"@id\":\"https:\\\/\\\/usa-b2.com\\\/de\\\/#website\"},\"datePublished\":\"2024-02-10T17:10:38+00:00\",\"dateModified\":\"2025-10-13T14:07:44+00:00\",\"description\":\"Wie man sein US-Besuchervisum online beantragt, um sich mehrere Monate vor Ort in den USA aufzuhalten\",\"breadcrumb\":{\"@id\":\"https:\\\/\\\/usa-b2.com\\\/de\\\/besucher-visum-vereinigte-staaten\\\/#breadcrumb\"},\"inLanguage\":\"de\",\"potentialAction\":[{\"@type\":\"ReadAction\",\"target\":[\"https:\\\/\\\/usa-b2.com\\\/de\\\/besucher-visum-vereinigte-staaten\\\/\"]}]},{\"@type\":\"BreadcrumbList\",\"@id\":\"https:\\\/\\\/usa-b2.com\\\/de\\\/besucher-visum-vereinigte-staaten\\\/#breadcrumb\",\"itemListElement\":[{\"@type\":\"ListItem\",\"position\":1,\"name\":\"Accueil\",\"item\":\"https:\\\/\\\/usa-b2.com\\\/de\\\/usa\\\/\"},{\"@type\":\"ListItem\",\"position\":2,\"name\":\"Das Besuchervisum f\u00fcr Reisen in die USA\"}]},{\"@type\":\"WebSite\",\"@id\":\"https:\\\/\\\/usa-b2.com\\\/de\\\/#website\",\"url\":\"https:\\\/\\\/usa-b2.com\\\/de\\\/\",\"name\":\"USA B2 VISA\",\"description\":\"\",\"potentialAction\":[{\"@type\":\"SearchAction\",\"target\":{\"@type\":\"EntryPoint\",\"urlTemplate\":\"https:\\\/\\\/usa-b2.com\\\/de\\\/?s={search_term_string}\"},\"query-input\":{\"@type\":\"PropertyValueSpecification\",\"valueRequired\":true,\"valueName\":\"search_term_string\"}}],\"inLanguage\":\"de\"}]}<\/script>\n<!-- \/ Yoast SEO plugin. -->","yoast_head_json":{"title":"Das Besuchervisum f\u00fcr Reisen in die USA - USA B2","description":"Wie man sein US-Besuchervisum online beantragt, um sich mehrere Monate vor Ort in den USA aufzuhalten","robots":{"index":"index","follow":"follow","max-snippet":"max-snippet:-1","max-image-preview":"max-image-preview:large","max-video-preview":"max-video-preview:-1"},"canonical":"https:\/\/usa-b2.com\/de\/besucher-visum-vereinigte-staaten\/","og_locale":"de_DE","og_type":"article","og_title":"Das Besuchervisum f\u00fcr Reisen in die USA - USA B2","og_description":"Wie man sein US-Besuchervisum online beantragt, um sich mehrere Monate vor Ort in den USA aufzuhalten","og_url":"https:\/\/usa-b2.com\/de\/besucher-visum-vereinigte-staaten\/","og_site_name":"USA B2","article_modified_time":"2025-10-13T14:07:44+00:00","twitter_card":"summary_large_image","twitter_misc":{"Gesch\u00e4tzte Lesezeit":"3\u00a0Minuten"},"schema":{"@context":"https:\/\/schema.org","@graph":[{"@type":"WebPage","@id":"https:\/\/usa-b2.com\/de\/besucher-visum-vereinigte-staaten\/","url":"https:\/\/usa-b2.com\/de\/besucher-visum-vereinigte-staaten\/","name":"Das Besuchervisum f\u00fcr Reisen in die USA - USA B2","isPartOf":{"@id":"https:\/\/usa-b2.com\/de\/#website"},"datePublished":"2024-02-10T17:10:38+00:00","dateModified":"2025-10-13T14:07:44+00:00","description":"Wie man sein US-Besuchervisum online beantragt, um sich mehrere Monate vor Ort in den USA aufzuhalten","breadcrumb":{"@id":"https:\/\/usa-b2.com\/de\/besucher-visum-vereinigte-staaten\/#breadcrumb"},"inLanguage":"de","potentialAction":[{"@type":"ReadAction","target":["https:\/\/usa-b2.com\/de\/besucher-visum-vereinigte-staaten\/"]}]},{"@type":"BreadcrumbList","@id":"https:\/\/usa-b2.com\/de\/besucher-visum-vereinigte-staaten\/#breadcrumb","itemListElement":[{"@type":"ListItem","position":1,"name":"Accueil","item":"https:\/\/usa-b2.com\/de\/usa\/"},{"@type":"ListItem","position":2,"name":"Das Besuchervisum f\u00fcr Reisen in die USA"}]},{"@type":"WebSite","@id":"https:\/\/usa-b2.com\/de\/#website","url":"https:\/\/usa-b2.com\/de\/","name":"USA B2 VISA","description":"","potentialAction":[{"@type":"SearchAction","target":{"@type":"EntryPoint","urlTemplate":"https:\/\/usa-b2.com\/de\/?s={search_term_string}"},"query-input":{"@type":"PropertyValueSpecification","valueRequired":true,"valueName":"search_term_string"}}],"inLanguage":"de"}]}},"_links":{"self":[{"href":"https:\/\/usa-b2.com\/de\/wp-json\/wp\/v2\/pages\/440","targetHints":{"allow":["GET"]}}],"collection":[{"href":"https:\/\/usa-b2.com\/de\/wp-json\/wp\/v2\/pages"}],"about":[{"href":"https:\/\/usa-b2.com\/de\/wp-json\/wp\/v2\/types\/page"}],"author":[{"embeddable":true,"href":"https:\/\/usa-b2.com\/de\/wp-json\/wp\/v2\/users\/1"}],"replies":[{"embeddable":true,"href":"https:\/\/usa-b2.com\/de\/wp-json\/wp\/v2\/comments?post=440"}],"version-history":[{"count":2,"href":"https:\/\/usa-b2.com\/de\/wp-json\/wp\/v2\/pages\/440\/revisions"}],"predecessor-version":[{"id":10177,"href":"https:\/\/usa-b2.com\/de\/wp-json\/wp\/v2\/pages\/440\/revisions\/10177"}],"wp:attachment":[{"href":"https:\/\/usa-b2.com\/de\/wp-json\/wp\/v2\/media?parent=440"}],"curies":[{"name":"wp","href":"https:\/\/api.w.org\/{rel}","templated":true}]}}