{"id":416,"date":"2024-02-10T17:15:31","date_gmt":"2024-02-10T17:15:31","guid":{"rendered":"https:\/\/usa-b2.com\/visumstermin-us-botschaft\/"},"modified":"2026-04-17T15:00:05","modified_gmt":"2026-04-17T15:00:05","slug":"visumstermin-us-botschaft","status":"publish","type":"page","link":"https:\/\/usa-b2.com\/de\/visumstermin-us-botschaft\/","title":{"rendered":"Interview f\u00fcr das Visum bei der US-Botschaft"},"content":{"rendered":"\n<h1 class=\"wp-block-heading\">Interview Visum bei der US-Botschaft<\/h1>\n\n<p>Bei einem <a href=\"https:\/\/usa-b2.com\/de\/b2-visumformular-online\/\">Antrag auf ein B2-Visum<\/a> muss der Antragsteller an einem Interview mit einem Konsularbeamten der Vereinigten Staaten teilnehmen. Dieses Gespr\u00e4ch dient dazu, ihren Visumantrag zu best\u00e4tigen. Dieses Interview findet in der Botschaft oder dem Konsulat der Vereinigten Staaten im Heimatland des Antragstellers des <a href=\"https:\/\/usa-b2.com\/de\/b2-visum\/\">B2-Visums<\/a> statt.  <\/p>\n\n<p><strong>F\u00fcr einen touristischen Aufenthalt von weniger als 90 Tagen <\/strong>: Es ist nicht notwendig, einen Termin bei der Botschaft zu vereinbaren, um ein B2-Visum zu beantragen. Du kannst ganz einfach und schnell einen <a href=\"https:\/\/usa-b2.com\/de\/esta-online-formular\/\">ESTA-Antrag online<\/a> stellen.<\/p>\n\n<div style=\"height:10px\" aria-hidden=\"true\" class=\"wp-block-spacer\"><\/div>\n\n<h2 class=\"wp-block-heading\" id=\"h-comment-obtenir-un-rendez-vous-a-l-ambassade-des-etats-unis\">Wie kann ich einen Termin bei der US-Botschaft vereinbaren?<\/h2>\n\n<p>Um einen Termin f\u00fcr die Pr\u00fcfung des Visumantrags zu vereinbaren, muss sich der Antragsteller auf der <a href=\"https:\/\/www.uscis.gov\/\">USCIS-Website<\/a> anmelden. Er w\u00e4hlt online das Datum und die Uhrzeit des Termins aus. Meistens finden die Gespr\u00e4che montags bis freitags von 8:30 bis 9:30 Uhr statt. <\/p>\n\n<h2 class=\"wp-block-heading\">Wie bereite ich mich auf das Visuminterview vor?<\/h2>\n\n<p>Sobald die Nationale Visumstelle der USA den Termin f\u00fcr das Vorstellungsgespr\u00e4ch festgelegt hat, muss sich der Bewerber auf das Gespr\u00e4ch vorbereiten. Hier sind die wichtigsten Schritte zur Vorbereitung auf ein erfolgreiches Bewerbungsgespr\u00e4ch, damit Sie Ihr B2-Visum erhalten: <\/p>\n\n<h3 class=\"wp-block-heading\">F\u00fchren Sie eine medizinische Untersuchung durch<\/h3>\n\n<p>Jeder Antragsteller muss sich einer medizinischen Untersuchung durch einen Arzt unterziehen, der von einer <a href=\"https:\/\/usa-b2.com\/de\/usa-botschaft\/\">US-Botschaft<\/a> im Herkunftsland des Antragstellers zugelassen ist. Eine Liste mit l\u00e4nderspezifischen Anweisungen ist bei der US-Botschaft erh\u00e4ltlich. Eine medizinische Untersuchung, die von einem nicht zugelassenen Arzt durchgef\u00fchrt wurde, ist f\u00fcr einen Visumantrag nicht zul\u00e4ssig.  <\/p>\n\n<p>Die Ergebnisse der medizinischen Untersuchung werden direkt an die Botschaft weitergeleitet. In einigen L\u00e4ndern ist es \u00fcblich, dass die Ergebnisse dem Bewerber in einem versiegelten Umschlag ausgeh\u00e4ndigt werden, den er am Tag des Vorstellungsgespr\u00e4chs unge\u00f6ffnet abgeben muss. <\/p>\n\n<h3 class=\"wp-block-heading\">Sammeln Sie die Belege, die Sie beim Vorstellungsgespr\u00e4ch vorlegen m\u00fcssen<\/h3>\n\n<p>F\u00fcr jeden Visumantrag sind Belege erforderlich. Alle im Visumantrag genannten Dokumente m\u00fcssen im Original oder in Form einer beglaubigten Kopie mitgebracht werden. Dies ist der administrativste Teil des <a href=\"https:\/\/usa-b2.com\/de\/verfahren-beantragung-b2-visum\/\">B2-Visumantrags<\/a>.  <\/p>\n\n<p>Der Antrag auf ein B2-Visum kann nicht abgeschlossen werden, wenn bestimmte Dokumente fehlen. Der Bewerber muss erneut einen Termin bei der Botschaft vereinbaren, um die fehlenden Dokumente vorzulegen und das Visum zu erhalten. <\/p>\n\n<h2 class=\"wp-block-heading\" id=\"h-comment-se-passe-le-rendez-vous-a-l-ambassade-des-etats-unis\">Wie l\u00e4uft das Interview f\u00fcr das Visum ab?<\/h2>\n\n<p>Die Bewerberin\/der Bewerber muss mit der ausgedruckten Best\u00e4tigung des Visumantrags zum Termin erscheinen. Sie m\u00fcssen 15 Minuten mehr Zeit einplanen, um die Sicherheitskontrollen der Botschaft vor dem Termin passieren zu k\u00f6nnen. Sobald Sie die Sicherheitskontrollen passiert haben, werden die Fingerabdr\u00fccke der Bewerberin\/des Bewerbers registriert und sie\/er erh\u00e4lt Zugang zum Sitzungssaal.  <\/p>\n\n<p>Der Termin in der Botschaft dauert durchschnittlich 15 Minuten und wird auf Englisch abgehalten. Manchmal kann das Gespr\u00e4ch auch in der Landessprache gef\u00fchrt werden, wenn die Konsularbeamtin oder der Konsularbeamte diese Sprache beherrscht. Hier sind die wichtigsten Punkte, die w\u00e4hrend des Interviews f\u00fcr das B2-Visum besprochen werden:  <\/p>\n\n<ul class=\"wp-block-list\">\n<li>Was ist der Grund f\u00fcr den Aufenthalt in den Vereinigten Staaten?<\/li>\n\n\n\n<li>Welche Route, Unterk\u00fcnfte und Reservierungen sind geplant?  <\/li>\n\n\n\n<li>Wie wird der Aufenthalt finanziert?<\/li>\n<\/ul>\n\n<p>Zum Abschluss des Gespr\u00e4chs teilt der Konsularbeamte mit, ob das Visum erteilt wird. Der abgestempelte Reisepass mit dem B2-Visum wird Ihnen nach dem Gespr\u00e4ch per Post zugeschickt. <\/p>\n\n<h2 class=\"wp-block-heading\">Welche Unterlagen m\u00fcssen Sie zum Vorstellungsgespr\u00e4ch mitbringen<\/h2>\n\n<p>Der Antragsteller muss alle Original- oder beglaubigten Dokumente mitbringen, die f\u00fcr die Bearbeitung des Visumantrags erforderlich sind. Hier ist eine Liste der Mindestunterlagen, die Sie einreichen m\u00fcssen: <\/p>\n\n<ul class=\"wp-block-list\">\n<li>Brief mit der Einladung zum Rendezvous<\/li>\n\n\n\n<li><a href=\"https:\/\/usa-b2.com\/de\/reisepass-fur-die-usa\/\">G\u00fcltiger Reisepass f\u00fcr die USA<\/a>, der noch mindestens 6 Monate \u00fcber das Datum der geplanten Ankunft in den USA hinaus g\u00fcltig ist.<\/li>\n\n\n\n<li>2 farbige Passfotos, die den Anforderungen f\u00fcr Visafotos entsprechen<\/li>\n\n\n\n<li>Die Originaldokumente oder beglaubigte Dokumente der Dokumente, die bei der Beantragung des Visums hochgeladen wurden.<\/li>\n\n\n\n<li>Der Zahlungsbeleg f\u00fcr die <a href=\"https:\/\/usa-b2.com\/de\/gebuhren-b2-visum\/\">Visageb\u00fchren<\/a> wird in der Akte des Bewerbers aufbewahrt.<\/li>\n<\/ul>\n\n<div style=\"height:10px\" aria-hidden=\"true\" class=\"wp-block-spacer\"><\/div>\n\n<h2 class=\"wp-block-heading\">Was passiert, wenn der Bewerber nicht an dem Vorstellungsgespr\u00e4ch teilnimmt?<\/h2>\n\n<p>Wenn die Bewerberin oder der Bewerber nicht zum vereinbarten Termin erscheint, wird der Fall zu den Akten gelegt und der Visumantrag annulliert. Bezahlte Geb\u00fchren werden nicht zur\u00fcckerstattet. <\/p>\n","protected":false},"excerpt":{"rendered":"<p>Interview Visum bei der US-Botschaft Bei einem Antrag auf ein B2-Visum muss der Antragsteller an einem Interview mit einem Konsularbeamten der Vereinigten Staaten teilnehmen. Dieses Gespr\u00e4ch dient dazu, ihren Visumantrag zu best\u00e4tigen. Dieses Interview findet in der Botschaft oder dem Konsulat der Vereinigten Staaten im Heimatland des Antragstellers des B2-Visums statt. F\u00fcr einen touristischen Aufenthalt [&hellip;]<\/p>\n","protected":false},"author":1,"featured_media":0,"parent":0,"menu_order":0,"comment_status":"closed","ping_status":"closed","template":"","meta":{"footnotes":""},"class_list":["post-416","page","type-page","status-publish","hentry"],"yoast_head":"<!-- This site is optimized with the Yoast SEO plugin v27.4 - https:\/\/yoast.com\/product\/yoast-seo-wordpress\/ -->\n<title>Interview f\u00fcr das Visum bei der US-Botschaft - USA B2<\/title>\n<meta name=\"description\" content=\"Das Antragsverfahren f\u00fcr ein B2-Visum sieht ein Interview zwischen dem Antragsteller und einem US-Konsularbeamten vor, hier die Einzelheiten.\" \/>\n<meta name=\"robots\" content=\"index, follow, max-snippet:-1, max-image-preview:large, max-video-preview:-1\" \/>\n<link rel=\"canonical\" href=\"https:\/\/usa-b2.com\/de\/visumstermin-us-botschaft\/\" \/>\n<meta property=\"og:locale\" content=\"de_DE\" \/>\n<meta property=\"og:type\" content=\"article\" \/>\n<meta property=\"og:title\" content=\"Interview f\u00fcr das Visum bei der US-Botschaft - USA B2\" \/>\n<meta property=\"og:description\" content=\"Das Antragsverfahren f\u00fcr ein B2-Visum sieht ein Interview zwischen dem Antragsteller und einem US-Konsularbeamten vor, hier die Einzelheiten.\" \/>\n<meta property=\"og:url\" content=\"https:\/\/usa-b2.com\/de\/visumstermin-us-botschaft\/\" \/>\n<meta property=\"og:site_name\" content=\"USA B2\" \/>\n<meta property=\"article:modified_time\" content=\"2026-04-17T15:00:05+00:00\" \/>\n<meta name=\"twitter:card\" content=\"summary_large_image\" \/>\n<meta name=\"twitter:label1\" content=\"Gesch\u00e4tzte Lesezeit\" \/>\n\t<meta name=\"twitter:data1\" content=\"3\u00a0Minuten\" \/>\n<script type=\"application\/ld+json\" class=\"yoast-schema-graph\">{\"@context\":\"https:\\\/\\\/schema.org\",\"@graph\":[{\"@type\":\"WebPage\",\"@id\":\"https:\\\/\\\/usa-b2.com\\\/de\\\/visumstermin-us-botschaft\\\/\",\"url\":\"https:\\\/\\\/usa-b2.com\\\/de\\\/visumstermin-us-botschaft\\\/\",\"name\":\"Interview f\u00fcr das Visum bei der US-Botschaft - USA B2\",\"isPartOf\":{\"@id\":\"https:\\\/\\\/usa-b2.com\\\/de\\\/#website\"},\"datePublished\":\"2024-02-10T17:15:31+00:00\",\"dateModified\":\"2026-04-17T15:00:05+00:00\",\"description\":\"Das Antragsverfahren f\u00fcr ein B2-Visum sieht ein Interview zwischen dem Antragsteller und einem US-Konsularbeamten vor, hier die Einzelheiten.\",\"breadcrumb\":{\"@id\":\"https:\\\/\\\/usa-b2.com\\\/de\\\/visumstermin-us-botschaft\\\/#breadcrumb\"},\"inLanguage\":\"de\",\"potentialAction\":[{\"@type\":\"ReadAction\",\"target\":[\"https:\\\/\\\/usa-b2.com\\\/de\\\/visumstermin-us-botschaft\\\/\"]}]},{\"@type\":\"BreadcrumbList\",\"@id\":\"https:\\\/\\\/usa-b2.com\\\/de\\\/visumstermin-us-botschaft\\\/#breadcrumb\",\"itemListElement\":[{\"@type\":\"ListItem\",\"position\":1,\"name\":\"Accueil\",\"item\":\"https:\\\/\\\/usa-b2.com\\\/de\\\/usa\\\/\"},{\"@type\":\"ListItem\",\"position\":2,\"name\":\"Interview f\u00fcr das Visum bei der US-Botschaft\"}]},{\"@type\":\"WebSite\",\"@id\":\"https:\\\/\\\/usa-b2.com\\\/de\\\/#website\",\"url\":\"https:\\\/\\\/usa-b2.com\\\/de\\\/\",\"name\":\"USA B2 VISA\",\"description\":\"\",\"potentialAction\":[{\"@type\":\"SearchAction\",\"target\":{\"@type\":\"EntryPoint\",\"urlTemplate\":\"https:\\\/\\\/usa-b2.com\\\/de\\\/?s={search_term_string}\"},\"query-input\":{\"@type\":\"PropertyValueSpecification\",\"valueRequired\":true,\"valueName\":\"search_term_string\"}}],\"inLanguage\":\"de\"}]}<\/script>\n<!-- \/ Yoast SEO plugin. -->","yoast_head_json":{"title":"Interview f\u00fcr das Visum bei der US-Botschaft - USA B2","description":"Das Antragsverfahren f\u00fcr ein B2-Visum sieht ein Interview zwischen dem Antragsteller und einem US-Konsularbeamten vor, hier die Einzelheiten.","robots":{"index":"index","follow":"follow","max-snippet":"max-snippet:-1","max-image-preview":"max-image-preview:large","max-video-preview":"max-video-preview:-1"},"canonical":"https:\/\/usa-b2.com\/de\/visumstermin-us-botschaft\/","og_locale":"de_DE","og_type":"article","og_title":"Interview f\u00fcr das Visum bei der US-Botschaft - USA B2","og_description":"Das Antragsverfahren f\u00fcr ein B2-Visum sieht ein Interview zwischen dem Antragsteller und einem US-Konsularbeamten vor, hier die Einzelheiten.","og_url":"https:\/\/usa-b2.com\/de\/visumstermin-us-botschaft\/","og_site_name":"USA B2","article_modified_time":"2026-04-17T15:00:05+00:00","twitter_card":"summary_large_image","twitter_misc":{"Gesch\u00e4tzte Lesezeit":"3\u00a0Minuten"},"schema":{"@context":"https:\/\/schema.org","@graph":[{"@type":"WebPage","@id":"https:\/\/usa-b2.com\/de\/visumstermin-us-botschaft\/","url":"https:\/\/usa-b2.com\/de\/visumstermin-us-botschaft\/","name":"Interview f\u00fcr das Visum bei der US-Botschaft - USA B2","isPartOf":{"@id":"https:\/\/usa-b2.com\/de\/#website"},"datePublished":"2024-02-10T17:15:31+00:00","dateModified":"2026-04-17T15:00:05+00:00","description":"Das Antragsverfahren f\u00fcr ein B2-Visum sieht ein Interview zwischen dem Antragsteller und einem US-Konsularbeamten vor, hier die Einzelheiten.","breadcrumb":{"@id":"https:\/\/usa-b2.com\/de\/visumstermin-us-botschaft\/#breadcrumb"},"inLanguage":"de","potentialAction":[{"@type":"ReadAction","target":["https:\/\/usa-b2.com\/de\/visumstermin-us-botschaft\/"]}]},{"@type":"BreadcrumbList","@id":"https:\/\/usa-b2.com\/de\/visumstermin-us-botschaft\/#breadcrumb","itemListElement":[{"@type":"ListItem","position":1,"name":"Accueil","item":"https:\/\/usa-b2.com\/de\/usa\/"},{"@type":"ListItem","position":2,"name":"Interview f\u00fcr das Visum bei der US-Botschaft"}]},{"@type":"WebSite","@id":"https:\/\/usa-b2.com\/de\/#website","url":"https:\/\/usa-b2.com\/de\/","name":"USA B2 VISA","description":"","potentialAction":[{"@type":"SearchAction","target":{"@type":"EntryPoint","urlTemplate":"https:\/\/usa-b2.com\/de\/?s={search_term_string}"},"query-input":{"@type":"PropertyValueSpecification","valueRequired":true,"valueName":"search_term_string"}}],"inLanguage":"de"}]}},"_links":{"self":[{"href":"https:\/\/usa-b2.com\/de\/wp-json\/wp\/v2\/pages\/416","targetHints":{"allow":["GET"]}}],"collection":[{"href":"https:\/\/usa-b2.com\/de\/wp-json\/wp\/v2\/pages"}],"about":[{"href":"https:\/\/usa-b2.com\/de\/wp-json\/wp\/v2\/types\/page"}],"author":[{"embeddable":true,"href":"https:\/\/usa-b2.com\/de\/wp-json\/wp\/v2\/users\/1"}],"replies":[{"embeddable":true,"href":"https:\/\/usa-b2.com\/de\/wp-json\/wp\/v2\/comments?post=416"}],"version-history":[{"count":5,"href":"https:\/\/usa-b2.com\/de\/wp-json\/wp\/v2\/pages\/416\/revisions"}],"predecessor-version":[{"id":11416,"href":"https:\/\/usa-b2.com\/de\/wp-json\/wp\/v2\/pages\/416\/revisions\/11416"}],"wp:attachment":[{"href":"https:\/\/usa-b2.com\/de\/wp-json\/wp\/v2\/media?parent=416"}],"curies":[{"name":"wp","href":"https:\/\/api.w.org\/{rel}","templated":true}]}}