{"id":3326,"date":"2024-07-17T10:04:38","date_gmt":"2024-07-17T10:04:38","guid":{"rendered":"https:\/\/usa-b2.com\/was-ist-esta\/"},"modified":"2025-12-17T16:48:32","modified_gmt":"2025-12-17T16:48:32","slug":"was-ist-esta","status":"publish","type":"page","link":"https:\/\/usa-b2.com\/de\/was-ist-esta\/","title":{"rendered":"Was ist eine ESTA-Genehmigung?"},"content":{"rendered":"\n<h1 class=\"wp-block-heading\">Was ist ESTA?<\/h1>\n\n<p>ESTA steht f\u00fcr Electronic System for Travel Authorization (Elektronisches System zur Reisegenehmigung). Es handelt sich um ein elektronisches System, das von den USA eingef\u00fchrt wurde, um Reisende vor der Einreise in die USA vorab auszuw\u00e4hlen. Dieses System wurde im Rahmen des US-Programms f\u00fcr visumfreies Reisen (Visa Waiver Program) eingef\u00fchrt. Dieses Programm erm\u00f6glicht es B\u00fcrgern aus 41 L\u00e4ndern, ohne Visum f\u00fcr einen Aufenthalt von bis zu 90 Tagen in die USA einzureisen.     <\/p>\n\n<p><strong>Um innerhalb weniger Minuten eine Reisegenehmigung<\/strong> zu erhalten, f\u00fcllen Sie einfach das <a href=\"https:\/\/usa-b2.com\/de\/esta-online-formular\/\">ESTA-Formular online<\/a> aus.<\/p>\n\n<div style=\"height:10px\" aria-hidden=\"true\" class=\"wp-block-spacer\"><\/div>\n\n<h2 class=\"wp-block-heading\">Wie funktioniert ESTA?<\/h2>\n\n<p>Das ESTA wurde entwickelt, um Reisen in die USA zu vereinfachen und sicherer zu machen. So funktioniert es : <\/p>\n\n<ol class=\"wp-block-list\">\n<li><strong>Online-Antragstellung<\/strong>: Reisende m\u00fcssen das <a href=\"https:\/\/usa-b2.com\/de\/esta-online-formular\/\">ESTA-Formular<\/a> online auf der offiziellen ESTA-Website ausf\u00fcllen. Das Formular verlangt pers\u00f6nliche Informationen, Details zur Reise und Antworten auf Sicherheitsfragen.<\/li>\n\n\n\n<li><strong>Zahlung der ESTA-Geb\u00fchr<\/strong>: Nach dem Ausf\u00fcllen des Formulars muss der Antragsteller online per Kreditkarte eine Geb\u00fchr von 40 USD zahlen, um den ESTA-Antrag abzuschlie\u00dfen.<\/li>\n\n\n\n<li><strong>Antragsbearbeitung<\/strong>: Die Bearbeitungszeiten f\u00fcr ESTA-Antr\u00e4ge sind sehr kurz. Die meisten Antr\u00e4ge werden innerhalb weniger Minuten bearbeitet, aber es wird empfohlen, den Antrag mindestens 72 Stunden vor der Abreise einzureichen. <\/li>\n\n\n\n<li><strong>Erhalt der ESTA-Genehmigung<\/strong>: Wenn der Antrag genehmigt wird, ist eine <a href=\"https:\/\/usa-b2.com\/de\/gultigkeitsdauer-esta\/\">ESTA-Genehmigung<\/a> f\u00fcr zwei Jahre oder bis zum Ablauf der G\u00fcltigkeit des Reisepasses g\u00fcltig. Die <a href=\"https:\/\/usa-b2.com\/de\/ausdrucken-esta\/\">ESTA-Bescheinigung kann ausgedruckt<\/a> werden und berechtigt zu mehreren Aufenthalten von bis zu 90 Tagen.<\/li>\n<\/ol>\n\n<h3 class=\"wp-block-heading\">VWP-berechtigte L\u00e4nder<\/h3>\n\n<p>ESTA ist f\u00fcr B\u00fcrger der L\u00e4nder verf\u00fcgbar, die am <a href=\"https:\/\/usa-b2.com\/de\/programm-befreiung-visumpflicht\/\">Visa Waiver Program<\/a> teilnehmen. Die Liste der 41 f\u00f6rderf\u00e4higen L\u00e4nder umfasst die meisten europ\u00e4ischen L\u00e4nder, Japan, S\u00fcdkorea, Australien und mehrere andere L\u00e4nder, darunter Israel.  <\/p>\n\n<h3 class=\"wp-block-heading\">ESTA-Anspruchsvoraussetzungen<\/h3>\n\n<p>Um sich f\u00fcr ESTA zu qualifizieren, m\u00fcssen Reisende :<\/p>\n\n<ul class=\"wp-block-list\">\n<li>Staatsb\u00fcrger eines Landes sein, das am Programm f\u00fcr visumfreies Reisen teilnimmt;<\/li>\n\n\n\n<li>Kein g\u00fcltiges <a href=\"https:\/\/usa-b2.com\/de\/b2-visum\/\">B2 Touristenvisum<\/a> oder <a href=\"https:\/\/usa-b2.com\/de\/transit-visum-usa\/\">Transitvisum<\/a> f\u00fcr die USA;<\/li>\n\n\n\n<li>Planen Sie einen Aufenthalt von 90 Tagen oder weniger f\u00fcr Gesch\u00e4fts-, Tourismus- oder Transitreisen;<\/li>\n\n\n\n<li>Einen <a href=\"https:\/\/usa-b2.com\/de\/reisepass-fur-die-usa\/\">g\u00fcltigen elektronischen Reisepass<\/a> besitzen.<\/li>\n<\/ul>\n\n<h3 class=\"wp-block-heading\">Vorteile von ESTA<\/h3>\n\n<ul class=\"wp-block-list\">\n<li><strong>Schnell und bequem<\/strong>: Das Online-Verfahren ist schnell und einfach, so dass Sie eine Reisegenehmigung erhalten k\u00f6nnen, ohne eine Botschaft oder ein Konsulat aufsuchen zu m\u00fcssen.<\/li>\n\n\n\n<li><strong>Zweij\u00e4hrige G\u00fcltigkeit<\/strong>: Einmal genehmigt, ist <a href=\"https:\/\/usa-b2.com\/de\/gultigkeitsdauer-esta\/\">die ESTA-Genehmigung zwei Jahre lang g\u00fcltig<\/a>, so dass mehrere Einreisen in die USA m\u00f6glich sind, ohne dass bei jeder Reise ein neuer Antrag gestellt werden muss.<\/li>\n\n\n\n<li><strong>Erh\u00f6hte Sicherheit<\/strong>: ESTA erm\u00f6glicht es den US-Beh\u00f6rden, Reisende auszuw\u00e4hlen und die Sicherheit an den Grenzen zu erh\u00f6hen.<\/li>\n<\/ul>\n\n<div style=\"height:10px\" aria-hidden=\"true\" class=\"wp-block-spacer\"><\/div>\n","protected":false},"excerpt":{"rendered":"<p>Was ist ESTA? ESTA steht f\u00fcr Electronic System for Travel Authorization (Elektronisches System zur Reisegenehmigung). Es handelt sich um ein elektronisches System, das von den USA eingef\u00fchrt wurde, um Reisende vor der Einreise in die USA vorab auszuw\u00e4hlen. Dieses System wurde im Rahmen des US-Programms f\u00fcr visumfreies Reisen (Visa Waiver Program) eingef\u00fchrt. Dieses Programm erm\u00f6glicht [&hellip;]<\/p>\n","protected":false},"author":1,"featured_media":0,"parent":0,"menu_order":0,"comment_status":"closed","ping_status":"closed","template":"","meta":{"footnotes":""},"class_list":["post-3326","page","type-page","status-publish","hentry"],"yoast_head":"<!-- This site is optimized with the Yoast SEO plugin v27.4 - https:\/\/yoast.com\/product\/yoast-seo-wordpress\/ -->\n<title>Was ist eine ESTA-Genehmigung? - USA B2<\/title>\n<meta name=\"description\" content=\"Wir erkl\u00e4ren Ihnen im Detail, was eine elektronische Reisegenehmigung (ESTA) f\u00fcr einen Aufenthalt in den Vereinigten Staaten ist.\" \/>\n<meta name=\"robots\" content=\"index, follow, max-snippet:-1, max-image-preview:large, max-video-preview:-1\" \/>\n<link rel=\"canonical\" href=\"https:\/\/usa-b2.com\/de\/was-ist-esta\/\" \/>\n<meta property=\"og:locale\" content=\"de_DE\" \/>\n<meta property=\"og:type\" content=\"article\" \/>\n<meta property=\"og:title\" content=\"Was ist eine ESTA-Genehmigung? - USA B2\" \/>\n<meta property=\"og:description\" content=\"Wir erkl\u00e4ren Ihnen im Detail, was eine elektronische Reisegenehmigung (ESTA) f\u00fcr einen Aufenthalt in den Vereinigten Staaten ist.\" \/>\n<meta property=\"og:url\" content=\"https:\/\/usa-b2.com\/de\/was-ist-esta\/\" \/>\n<meta property=\"og:site_name\" content=\"USA B2\" \/>\n<meta property=\"article:modified_time\" content=\"2025-12-17T16:48:32+00:00\" \/>\n<meta name=\"twitter:card\" content=\"summary_large_image\" \/>\n<meta name=\"twitter:label1\" content=\"Gesch\u00e4tzte Lesezeit\" \/>\n\t<meta name=\"twitter:data1\" content=\"2\u00a0Minuten\" \/>\n<script type=\"application\/ld+json\" class=\"yoast-schema-graph\">{\"@context\":\"https:\\\/\\\/schema.org\",\"@graph\":[{\"@type\":\"WebPage\",\"@id\":\"https:\\\/\\\/usa-b2.com\\\/de\\\/was-ist-esta\\\/\",\"url\":\"https:\\\/\\\/usa-b2.com\\\/de\\\/was-ist-esta\\\/\",\"name\":\"Was ist eine ESTA-Genehmigung? - USA B2\",\"isPartOf\":{\"@id\":\"https:\\\/\\\/usa-b2.com\\\/de\\\/#website\"},\"datePublished\":\"2024-07-17T10:04:38+00:00\",\"dateModified\":\"2025-12-17T16:48:32+00:00\",\"description\":\"Wir erkl\u00e4ren Ihnen im Detail, was eine elektronische Reisegenehmigung (ESTA) f\u00fcr einen Aufenthalt in den Vereinigten Staaten ist.\",\"breadcrumb\":{\"@id\":\"https:\\\/\\\/usa-b2.com\\\/de\\\/was-ist-esta\\\/#breadcrumb\"},\"inLanguage\":\"de\",\"potentialAction\":[{\"@type\":\"ReadAction\",\"target\":[\"https:\\\/\\\/usa-b2.com\\\/de\\\/was-ist-esta\\\/\"]}]},{\"@type\":\"BreadcrumbList\",\"@id\":\"https:\\\/\\\/usa-b2.com\\\/de\\\/was-ist-esta\\\/#breadcrumb\",\"itemListElement\":[{\"@type\":\"ListItem\",\"position\":1,\"name\":\"Accueil\",\"item\":\"https:\\\/\\\/usa-b2.com\\\/de\\\/usa\\\/\"},{\"@type\":\"ListItem\",\"position\":2,\"name\":\"Was ist eine ESTA-Genehmigung?\"}]},{\"@type\":\"WebSite\",\"@id\":\"https:\\\/\\\/usa-b2.com\\\/de\\\/#website\",\"url\":\"https:\\\/\\\/usa-b2.com\\\/de\\\/\",\"name\":\"USA B2 VISA\",\"description\":\"\",\"potentialAction\":[{\"@type\":\"SearchAction\",\"target\":{\"@type\":\"EntryPoint\",\"urlTemplate\":\"https:\\\/\\\/usa-b2.com\\\/de\\\/?s={search_term_string}\"},\"query-input\":{\"@type\":\"PropertyValueSpecification\",\"valueRequired\":true,\"valueName\":\"search_term_string\"}}],\"inLanguage\":\"de\"}]}<\/script>\n<!-- \/ Yoast SEO plugin. -->","yoast_head_json":{"title":"Was ist eine ESTA-Genehmigung? - USA B2","description":"Wir erkl\u00e4ren Ihnen im Detail, was eine elektronische Reisegenehmigung (ESTA) f\u00fcr einen Aufenthalt in den Vereinigten Staaten ist.","robots":{"index":"index","follow":"follow","max-snippet":"max-snippet:-1","max-image-preview":"max-image-preview:large","max-video-preview":"max-video-preview:-1"},"canonical":"https:\/\/usa-b2.com\/de\/was-ist-esta\/","og_locale":"de_DE","og_type":"article","og_title":"Was ist eine ESTA-Genehmigung? - USA B2","og_description":"Wir erkl\u00e4ren Ihnen im Detail, was eine elektronische Reisegenehmigung (ESTA) f\u00fcr einen Aufenthalt in den Vereinigten Staaten ist.","og_url":"https:\/\/usa-b2.com\/de\/was-ist-esta\/","og_site_name":"USA B2","article_modified_time":"2025-12-17T16:48:32+00:00","twitter_card":"summary_large_image","twitter_misc":{"Gesch\u00e4tzte Lesezeit":"2\u00a0Minuten"},"schema":{"@context":"https:\/\/schema.org","@graph":[{"@type":"WebPage","@id":"https:\/\/usa-b2.com\/de\/was-ist-esta\/","url":"https:\/\/usa-b2.com\/de\/was-ist-esta\/","name":"Was ist eine ESTA-Genehmigung? - USA B2","isPartOf":{"@id":"https:\/\/usa-b2.com\/de\/#website"},"datePublished":"2024-07-17T10:04:38+00:00","dateModified":"2025-12-17T16:48:32+00:00","description":"Wir erkl\u00e4ren Ihnen im Detail, was eine elektronische Reisegenehmigung (ESTA) f\u00fcr einen Aufenthalt in den Vereinigten Staaten ist.","breadcrumb":{"@id":"https:\/\/usa-b2.com\/de\/was-ist-esta\/#breadcrumb"},"inLanguage":"de","potentialAction":[{"@type":"ReadAction","target":["https:\/\/usa-b2.com\/de\/was-ist-esta\/"]}]},{"@type":"BreadcrumbList","@id":"https:\/\/usa-b2.com\/de\/was-ist-esta\/#breadcrumb","itemListElement":[{"@type":"ListItem","position":1,"name":"Accueil","item":"https:\/\/usa-b2.com\/de\/usa\/"},{"@type":"ListItem","position":2,"name":"Was ist eine ESTA-Genehmigung?"}]},{"@type":"WebSite","@id":"https:\/\/usa-b2.com\/de\/#website","url":"https:\/\/usa-b2.com\/de\/","name":"USA B2 VISA","description":"","potentialAction":[{"@type":"SearchAction","target":{"@type":"EntryPoint","urlTemplate":"https:\/\/usa-b2.com\/de\/?s={search_term_string}"},"query-input":{"@type":"PropertyValueSpecification","valueRequired":true,"valueName":"search_term_string"}}],"inLanguage":"de"}]}},"_links":{"self":[{"href":"https:\/\/usa-b2.com\/de\/wp-json\/wp\/v2\/pages\/3326","targetHints":{"allow":["GET"]}}],"collection":[{"href":"https:\/\/usa-b2.com\/de\/wp-json\/wp\/v2\/pages"}],"about":[{"href":"https:\/\/usa-b2.com\/de\/wp-json\/wp\/v2\/types\/page"}],"author":[{"embeddable":true,"href":"https:\/\/usa-b2.com\/de\/wp-json\/wp\/v2\/users\/1"}],"replies":[{"embeddable":true,"href":"https:\/\/usa-b2.com\/de\/wp-json\/wp\/v2\/comments?post=3326"}],"version-history":[{"count":4,"href":"https:\/\/usa-b2.com\/de\/wp-json\/wp\/v2\/pages\/3326\/revisions"}],"predecessor-version":[{"id":10929,"href":"https:\/\/usa-b2.com\/de\/wp-json\/wp\/v2\/pages\/3326\/revisions\/10929"}],"wp:attachment":[{"href":"https:\/\/usa-b2.com\/de\/wp-json\/wp\/v2\/media?parent=3326"}],"curies":[{"name":"wp","href":"https:\/\/api.w.org\/{rel}","templated":true}]}}