{"id":2843,"date":"2024-06-25T15:44:50","date_gmt":"2024-06-25T15:44:50","guid":{"rendered":"https:\/\/usa-b2.com\/ausdrucken-esta\/"},"modified":"2025-10-13T12:43:03","modified_gmt":"2025-10-13T12:43:03","slug":"ausdrucken-esta","status":"publish","type":"page","link":"https:\/\/usa-b2.com\/de\/ausdrucken-esta\/","title":{"rendered":"Ist es notwendig, einen ESTA auszudrucken?"},"content":{"rendered":"\n<h1 class=\"wp-block-heading\">ESTA f\u00fcr Reisen in die USA ausdrucken<\/h1>\n\n<p>Die ESTA-Genehmigung ist eine elektronische Reisebescheinigung. Das bedeutet, dass sie nur online \u00fcber das Internet beantragt werden kann und dass die Best\u00e4tigung des Antrags per E-Mail \u00fcbermittelt wird. Reisende fragen sich daher, ob es notwendig ist, die ESTA-Genehmigung vor der Reise in die Vereinigten Staaten auszudrucken.  <\/p>\n\n<p><strong>Um eine Reisegenehmigung in wenigen Minuten<\/strong> zu erhalten, klicken Sie einfach auf <a href=\"https:\/\/usa-b2.com\/de\/esta-online-formular\/\">ESTA-Online-Formular<\/a>.<\/p>\n\n<div style=\"height:10px\" aria-hidden=\"true\" class=\"wp-block-spacer\"><\/div>\n\n<h2 class=\"wp-block-heading\">Muss ich mein ESTA auf Papier ausdrucken?<\/h2>\n\n<p><strong>Es ist nicht notwendig, eine ESTA-Genehmigung auf Papier zu haben<\/strong>, wenn Sie in die Vereinigten Staaten einreisen. Die Grenzschutzbeamten rufen den Status der ESTA-Genehmigung im Computersystem ab. Trotzdem ist es manchmal beruhigend, ein Exemplar der genehmigten ESTA-Bescheinigung auszudrucken und mit den Reisedokumenten mitzunehmen.  <\/p>\n\n<p>Ein <a href=\"https:\/\/usa-b2.com\/fr\/difference-entre-visa-et-esta\/\">ESTA ist kein Visum f\u00fcr die USA<\/a>. Im Falle des <a href=\"https:\/\/usa-b2.com\/de\/b2-visum\/\">B2-Visums<\/a> erh\u00e4lt der Reisende ein gedrucktes Visum, das in den <a href=\"https:\/\/usa-b2.com\/fr\/passeport-pour-voyager-aux-usa\/\">Reisepass<\/a> eingeklebt werden muss, um in die USA reisen zu k\u00f6nnen. Weitere Informationen finden Sie auf unserer <a href=\"https:\/\/usa-b2.com\/fr\/c-est-quoi-une-esta\/\">ESTA-Erkl\u00e4rungsseite<\/a>.<\/p>\n\n<h2 class=\"wp-block-heading\">Wie drucke ich mein ESTA aus?<\/h2>\n\n<p>Wenn der Antrag von der offiziellen ESTA-Website genehmigt wurde, kann er \u00fcber die erhaltene Best\u00e4tigungs-E-Mail ausgedruckt werden. Der Reisende erh\u00e4lt auch eine elektronische Quittung \u00fcber die Zahlung des ESTA-Antrags. <\/p>\n\n<p><\/p>\n","protected":false},"excerpt":{"rendered":"<p>ESTA f\u00fcr Reisen in die USA ausdrucken Die ESTA-Genehmigung ist eine elektronische Reisebescheinigung. Das bedeutet, dass sie nur online \u00fcber das Internet beantragt werden kann und dass die Best\u00e4tigung des Antrags per E-Mail \u00fcbermittelt wird. Reisende fragen sich daher, ob es notwendig ist, die ESTA-Genehmigung vor der Reise in die Vereinigten Staaten auszudrucken. Um eine [&hellip;]<\/p>\n","protected":false},"author":1,"featured_media":0,"parent":0,"menu_order":0,"comment_status":"closed","ping_status":"closed","template":"","meta":{"footnotes":""},"class_list":["post-2843","page","type-page","status-publish","hentry"],"yoast_head":"<!-- This site is optimized with the Yoast SEO plugin v27.4 - https:\/\/yoast.com\/product\/yoast-seo-wordpress\/ -->\n<title>Ist es notwendig, einen ESTA auszudrucken? - USA B2<\/title>\n<meta name=\"description\" content=\"Ist es notwendig, die elektronische Reisebescheinigung ESTA f\u00fcr Reisen in die Vereinigten Staaten auszudrucken?\" \/>\n<meta name=\"robots\" content=\"index, follow, max-snippet:-1, max-image-preview:large, max-video-preview:-1\" \/>\n<link rel=\"canonical\" href=\"https:\/\/usa-b2.com\/de\/ausdrucken-esta\/\" \/>\n<meta property=\"og:locale\" content=\"de_DE\" \/>\n<meta property=\"og:type\" content=\"article\" \/>\n<meta property=\"og:title\" content=\"Ist es notwendig, einen ESTA auszudrucken? - USA B2\" \/>\n<meta property=\"og:description\" content=\"Ist es notwendig, die elektronische Reisebescheinigung ESTA f\u00fcr Reisen in die Vereinigten Staaten auszudrucken?\" \/>\n<meta property=\"og:url\" content=\"https:\/\/usa-b2.com\/de\/ausdrucken-esta\/\" \/>\n<meta property=\"og:site_name\" content=\"USA B2\" \/>\n<meta property=\"article:modified_time\" content=\"2025-10-13T12:43:03+00:00\" \/>\n<meta name=\"twitter:card\" content=\"summary_large_image\" \/>\n<meta name=\"twitter:label1\" content=\"Gesch\u00e4tzte Lesezeit\" \/>\n\t<meta name=\"twitter:data1\" content=\"1\u00a0Minute\" \/>\n<script type=\"application\/ld+json\" class=\"yoast-schema-graph\">{\"@context\":\"https:\\\/\\\/schema.org\",\"@graph\":[{\"@type\":\"WebPage\",\"@id\":\"https:\\\/\\\/usa-b2.com\\\/de\\\/ausdrucken-esta\\\/\",\"url\":\"https:\\\/\\\/usa-b2.com\\\/de\\\/ausdrucken-esta\\\/\",\"name\":\"Ist es notwendig, einen ESTA auszudrucken? - USA B2\",\"isPartOf\":{\"@id\":\"https:\\\/\\\/usa-b2.com\\\/de\\\/#website\"},\"datePublished\":\"2024-06-25T15:44:50+00:00\",\"dateModified\":\"2025-10-13T12:43:03+00:00\",\"description\":\"Ist es notwendig, die elektronische Reisebescheinigung ESTA f\u00fcr Reisen in die Vereinigten Staaten auszudrucken?\",\"breadcrumb\":{\"@id\":\"https:\\\/\\\/usa-b2.com\\\/de\\\/ausdrucken-esta\\\/#breadcrumb\"},\"inLanguage\":\"de\",\"potentialAction\":[{\"@type\":\"ReadAction\",\"target\":[\"https:\\\/\\\/usa-b2.com\\\/de\\\/ausdrucken-esta\\\/\"]}]},{\"@type\":\"BreadcrumbList\",\"@id\":\"https:\\\/\\\/usa-b2.com\\\/de\\\/ausdrucken-esta\\\/#breadcrumb\",\"itemListElement\":[{\"@type\":\"ListItem\",\"position\":1,\"name\":\"Accueil\",\"item\":\"https:\\\/\\\/usa-b2.com\\\/de\\\/usa\\\/\"},{\"@type\":\"ListItem\",\"position\":2,\"name\":\"Ist es notwendig, einen ESTA auszudrucken?\"}]},{\"@type\":\"WebSite\",\"@id\":\"https:\\\/\\\/usa-b2.com\\\/de\\\/#website\",\"url\":\"https:\\\/\\\/usa-b2.com\\\/de\\\/\",\"name\":\"USA B2 VISA\",\"description\":\"\",\"potentialAction\":[{\"@type\":\"SearchAction\",\"target\":{\"@type\":\"EntryPoint\",\"urlTemplate\":\"https:\\\/\\\/usa-b2.com\\\/de\\\/?s={search_term_string}\"},\"query-input\":{\"@type\":\"PropertyValueSpecification\",\"valueRequired\":true,\"valueName\":\"search_term_string\"}}],\"inLanguage\":\"de\"}]}<\/script>\n<!-- \/ Yoast SEO plugin. -->","yoast_head_json":{"title":"Ist es notwendig, einen ESTA auszudrucken? - USA B2","description":"Ist es notwendig, die elektronische Reisebescheinigung ESTA f\u00fcr Reisen in die Vereinigten Staaten auszudrucken?","robots":{"index":"index","follow":"follow","max-snippet":"max-snippet:-1","max-image-preview":"max-image-preview:large","max-video-preview":"max-video-preview:-1"},"canonical":"https:\/\/usa-b2.com\/de\/ausdrucken-esta\/","og_locale":"de_DE","og_type":"article","og_title":"Ist es notwendig, einen ESTA auszudrucken? - USA B2","og_description":"Ist es notwendig, die elektronische Reisebescheinigung ESTA f\u00fcr Reisen in die Vereinigten Staaten auszudrucken?","og_url":"https:\/\/usa-b2.com\/de\/ausdrucken-esta\/","og_site_name":"USA B2","article_modified_time":"2025-10-13T12:43:03+00:00","twitter_card":"summary_large_image","twitter_misc":{"Gesch\u00e4tzte Lesezeit":"1\u00a0Minute"},"schema":{"@context":"https:\/\/schema.org","@graph":[{"@type":"WebPage","@id":"https:\/\/usa-b2.com\/de\/ausdrucken-esta\/","url":"https:\/\/usa-b2.com\/de\/ausdrucken-esta\/","name":"Ist es notwendig, einen ESTA auszudrucken? - USA B2","isPartOf":{"@id":"https:\/\/usa-b2.com\/de\/#website"},"datePublished":"2024-06-25T15:44:50+00:00","dateModified":"2025-10-13T12:43:03+00:00","description":"Ist es notwendig, die elektronische Reisebescheinigung ESTA f\u00fcr Reisen in die Vereinigten Staaten auszudrucken?","breadcrumb":{"@id":"https:\/\/usa-b2.com\/de\/ausdrucken-esta\/#breadcrumb"},"inLanguage":"de","potentialAction":[{"@type":"ReadAction","target":["https:\/\/usa-b2.com\/de\/ausdrucken-esta\/"]}]},{"@type":"BreadcrumbList","@id":"https:\/\/usa-b2.com\/de\/ausdrucken-esta\/#breadcrumb","itemListElement":[{"@type":"ListItem","position":1,"name":"Accueil","item":"https:\/\/usa-b2.com\/de\/usa\/"},{"@type":"ListItem","position":2,"name":"Ist es notwendig, einen ESTA auszudrucken?"}]},{"@type":"WebSite","@id":"https:\/\/usa-b2.com\/de\/#website","url":"https:\/\/usa-b2.com\/de\/","name":"USA B2 VISA","description":"","potentialAction":[{"@type":"SearchAction","target":{"@type":"EntryPoint","urlTemplate":"https:\/\/usa-b2.com\/de\/?s={search_term_string}"},"query-input":{"@type":"PropertyValueSpecification","valueRequired":true,"valueName":"search_term_string"}}],"inLanguage":"de"}]}},"_links":{"self":[{"href":"https:\/\/usa-b2.com\/de\/wp-json\/wp\/v2\/pages\/2843","targetHints":{"allow":["GET"]}}],"collection":[{"href":"https:\/\/usa-b2.com\/de\/wp-json\/wp\/v2\/pages"}],"about":[{"href":"https:\/\/usa-b2.com\/de\/wp-json\/wp\/v2\/types\/page"}],"author":[{"embeddable":true,"href":"https:\/\/usa-b2.com\/de\/wp-json\/wp\/v2\/users\/1"}],"replies":[{"embeddable":true,"href":"https:\/\/usa-b2.com\/de\/wp-json\/wp\/v2\/comments?post=2843"}],"version-history":[{"count":2,"href":"https:\/\/usa-b2.com\/de\/wp-json\/wp\/v2\/pages\/2843\/revisions"}],"predecessor-version":[{"id":9965,"href":"https:\/\/usa-b2.com\/de\/wp-json\/wp\/v2\/pages\/2843\/revisions\/9965"}],"wp:attachment":[{"href":"https:\/\/usa-b2.com\/de\/wp-json\/wp\/v2\/media?parent=2843"}],"curies":[{"name":"wp","href":"https:\/\/api.w.org\/{rel}","templated":true}]}}