{"id":2765,"date":"2024-06-25T10:10:23","date_gmt":"2024-06-25T10:10:23","guid":{"rendered":"https:\/\/usa-b2.com\/gultigkeitsdauer-esta\/"},"modified":"2025-10-13T13:11:38","modified_gmt":"2025-10-13T13:11:38","slug":"gultigkeitsdauer-esta","status":"publish","type":"page","link":"https:\/\/usa-b2.com\/de\/gultigkeitsdauer-esta\/","title":{"rendered":"Das ESTA ist zeitlich begrenzt."},"content":{"rendered":"\n<h1 class=\"wp-block-heading\">Die G\u00fcltigkeitsdauer einer ESTA-Genehmigung<\/h1>\n\n<p>Eine ESTA-Reisegenehmigung ist zeitlich begrenzt g\u00fcltig. Um eine ESTA-Genehmigung f\u00fcr die USA zu verl\u00e4ngern, f\u00fcllen Sie einfach das <a href=\"https:\/\/usa-b2.com\/de\/esta-online-formular\/\">ESTA-Formular online<\/a> aus. <\/p>\n\n<div style=\"height:10px\" aria-hidden=\"true\" class=\"wp-block-spacer\"><\/div>\n\n<h2 class=\"wp-block-heading\">Wie lange ist ein ESTA g\u00fcltig?<\/h2>\n\n<p>Die ESTA-Genehmigung hat eine anf\u00e4ngliche G\u00fcltigkeitsdauer von 2 Jahren. Innerhalb dieses Zeitraums k\u00f6nnen Reisende mehrere Aufenthalte in den USA absolvieren, ohne einen neuen Antrag stellen zu m\u00fcssen. Jeder Aufenthalt darf 90 Tage in den USA nicht \u00fcberschreiten.  <\/p>\n\n<h2 class=\"wp-block-heading\">Wann wird die G\u00fcltigkeitsdauer verk\u00fcrzt?<\/h2>\n\n<p>Die G\u00fcltigkeitsdauer des ESTA kann in bestimmten Situationen verk\u00fcrzt werden. Die drei Hauptgr\u00fcnde f\u00fcr eine vorzeitige Beendigung der G\u00fcltigkeit des ESTA sind: <\/p>\n\n<ol class=\"wp-block-list\">\n<li><strong>Wenn bestimmte pers\u00f6nliche Informationen, die f\u00fcr den ESTA-Antrag angegeben wurden, nicht mehr g\u00fcltig sind<\/strong>. Wenn der ESTA-Inhaber seinen Namen, sein Geschlecht oder seine Nationalit\u00e4t \u00e4ndert, wird der ESTA ung\u00fcltig und es ist erforderlich, einen neuen ESTA-Antrag mit den aktuellen pers\u00f6nlichen Informationen zu stellen. <\/li>\n\n\n\n<li><strong>Wenn der Reisepass, mit dem das ESTA beantragt wurde, abgelaufen ist<\/strong>. Der ESTA wird an den Reisepass gekoppelt, der f\u00fcr den urspr\u00fcnglichen Antrag verwendet wurde. Wenn dieser Pass abl\u00e4uft, ist das ESTA automatisch nicht mehr g\u00fcltig. Der Reisende muss einen neuen ESTA-Antrag mit dem neuen <a href=\"https:\/\/usa-b2.com\/fr\/passeport-pour-voyager-aux-usa\/\">g\u00fcltigen Reisepass f\u00fcr die USA<\/a> stellen.   <\/li>\n\n\n\n<li><strong>Wenn die Antworten auf die Sicherheitsfragen im ESTA-Antrag nicht mehr g\u00fcltig sind<\/strong>. Wenn die Antworten auf die pers\u00f6nlichen Fragen im ESTA-Formular nicht mehr aktuell sind, ist das ESTA nicht mehr g\u00fcltig. Sie m\u00fcssen die Reisegenehmigung auf der offiziellen ESTA-Website neu beantragen, indem Sie die Antworten auf die Gesundheits- und Sicherheitsfragen im ESTA-Formular aktualisieren.  <\/li>\n<\/ol>\n\n<div style=\"height:10px\" aria-hidden=\"true\" class=\"wp-block-spacer\"><\/div>\n\n<h2 class=\"wp-block-heading\">Ablauf der ESTA-Genehmigung w\u00e4hrend eines Aufenthalts in den USA<\/h2>\n\n<p>Wenn eine ESTA-Genehmigung w\u00e4hrend eines Aufenthalts in den USA abl\u00e4uft, wird dem Reisenden von der US-Regierung gestattet, seinen Aufenthalt in den USA innerhalb der 90-Tage-Frist vor Ort zu beenden. Die Ausreise aus den USA mit einem abgelaufenen ESTA ist in der Regel problemlos m\u00f6glich.<\/p>\n\n<p>Wenn Ihr geplanter Aufenthalt in den USA jedoch 90 Tage \u00fcberschreitet, sollten Sie unbedingt ein <a href=\"https:\/\/usa-b2.com\/de\/b2-visum\/\">B2-Touristenvisum<\/a> f\u00fcr die Reise bevorzugen. Die \u00dcberschreitung der zul\u00e4ssigen Aufenthaltsdauer von 90 Tagen wird von den US-Beh\u00f6rden sehr schlecht akzeptiert.<\/p>\n","protected":false},"excerpt":{"rendered":"<p>Die G\u00fcltigkeitsdauer einer ESTA-Genehmigung Eine ESTA-Reisegenehmigung ist zeitlich begrenzt g\u00fcltig. Um eine ESTA-Genehmigung f\u00fcr die USA zu verl\u00e4ngern, f\u00fcllen Sie einfach das ESTA-Formular online aus. Wie lange ist ein ESTA g\u00fcltig? Die ESTA-Genehmigung hat eine anf\u00e4ngliche G\u00fcltigkeitsdauer von 2 Jahren. Innerhalb dieses Zeitraums k\u00f6nnen Reisende mehrere Aufenthalte in den USA absolvieren, ohne einen neuen Antrag [&hellip;]<\/p>\n","protected":false},"author":1,"featured_media":0,"parent":0,"menu_order":0,"comment_status":"closed","ping_status":"closed","template":"","meta":{"footnotes":""},"class_list":["post-2765","page","type-page","status-publish","hentry"],"yoast_head":"<!-- This site is optimized with the Yoast SEO plugin v27.4 - https:\/\/yoast.com\/product\/yoast-seo-wordpress\/ -->\n<title>Das ESTA ist zeitlich begrenzt. - USA B2<\/title>\n<meta name=\"description\" content=\"Die ESTA-Genehmigung ist zeitlich begrenzt g\u00fcltig, daher ist es wichtig, ihre G\u00fcltigkeit vor der Reise zu \u00fcberpr\u00fcfen.\" \/>\n<meta name=\"robots\" content=\"index, follow, max-snippet:-1, max-image-preview:large, max-video-preview:-1\" \/>\n<link rel=\"canonical\" href=\"https:\/\/usa-b2.com\/de\/gultigkeitsdauer-esta\/\" \/>\n<meta property=\"og:locale\" content=\"de_DE\" \/>\n<meta property=\"og:type\" content=\"article\" \/>\n<meta property=\"og:title\" content=\"Das ESTA ist zeitlich begrenzt. - USA B2\" \/>\n<meta property=\"og:description\" content=\"Die ESTA-Genehmigung ist zeitlich begrenzt g\u00fcltig, daher ist es wichtig, ihre G\u00fcltigkeit vor der Reise zu \u00fcberpr\u00fcfen.\" \/>\n<meta property=\"og:url\" content=\"https:\/\/usa-b2.com\/de\/gultigkeitsdauer-esta\/\" \/>\n<meta property=\"og:site_name\" content=\"USA B2\" \/>\n<meta property=\"article:modified_time\" content=\"2025-10-13T13:11:38+00:00\" \/>\n<meta name=\"twitter:card\" content=\"summary_large_image\" \/>\n<meta name=\"twitter:label1\" content=\"Gesch\u00e4tzte Lesezeit\" \/>\n\t<meta name=\"twitter:data1\" content=\"2\u00a0Minuten\" \/>\n<script type=\"application\/ld+json\" class=\"yoast-schema-graph\">{\"@context\":\"https:\\\/\\\/schema.org\",\"@graph\":[{\"@type\":\"WebPage\",\"@id\":\"https:\\\/\\\/usa-b2.com\\\/de\\\/gultigkeitsdauer-esta\\\/\",\"url\":\"https:\\\/\\\/usa-b2.com\\\/de\\\/gultigkeitsdauer-esta\\\/\",\"name\":\"Das ESTA ist zeitlich begrenzt. - USA B2\",\"isPartOf\":{\"@id\":\"https:\\\/\\\/usa-b2.com\\\/de\\\/#website\"},\"datePublished\":\"2024-06-25T10:10:23+00:00\",\"dateModified\":\"2025-10-13T13:11:38+00:00\",\"description\":\"Die ESTA-Genehmigung ist zeitlich begrenzt g\u00fcltig, daher ist es wichtig, ihre G\u00fcltigkeit vor der Reise zu \u00fcberpr\u00fcfen.\",\"breadcrumb\":{\"@id\":\"https:\\\/\\\/usa-b2.com\\\/de\\\/gultigkeitsdauer-esta\\\/#breadcrumb\"},\"inLanguage\":\"de\",\"potentialAction\":[{\"@type\":\"ReadAction\",\"target\":[\"https:\\\/\\\/usa-b2.com\\\/de\\\/gultigkeitsdauer-esta\\\/\"]}]},{\"@type\":\"BreadcrumbList\",\"@id\":\"https:\\\/\\\/usa-b2.com\\\/de\\\/gultigkeitsdauer-esta\\\/#breadcrumb\",\"itemListElement\":[{\"@type\":\"ListItem\",\"position\":1,\"name\":\"Accueil\",\"item\":\"https:\\\/\\\/usa-b2.com\\\/de\\\/usa\\\/\"},{\"@type\":\"ListItem\",\"position\":2,\"name\":\"Das ESTA ist zeitlich begrenzt.\"}]},{\"@type\":\"WebSite\",\"@id\":\"https:\\\/\\\/usa-b2.com\\\/de\\\/#website\",\"url\":\"https:\\\/\\\/usa-b2.com\\\/de\\\/\",\"name\":\"USA B2 VISA\",\"description\":\"\",\"potentialAction\":[{\"@type\":\"SearchAction\",\"target\":{\"@type\":\"EntryPoint\",\"urlTemplate\":\"https:\\\/\\\/usa-b2.com\\\/de\\\/?s={search_term_string}\"},\"query-input\":{\"@type\":\"PropertyValueSpecification\",\"valueRequired\":true,\"valueName\":\"search_term_string\"}}],\"inLanguage\":\"de\"}]}<\/script>\n<!-- \/ Yoast SEO plugin. -->","yoast_head_json":{"title":"Das ESTA ist zeitlich begrenzt. - USA B2","description":"Die ESTA-Genehmigung ist zeitlich begrenzt g\u00fcltig, daher ist es wichtig, ihre G\u00fcltigkeit vor der Reise zu \u00fcberpr\u00fcfen.","robots":{"index":"index","follow":"follow","max-snippet":"max-snippet:-1","max-image-preview":"max-image-preview:large","max-video-preview":"max-video-preview:-1"},"canonical":"https:\/\/usa-b2.com\/de\/gultigkeitsdauer-esta\/","og_locale":"de_DE","og_type":"article","og_title":"Das ESTA ist zeitlich begrenzt. - USA B2","og_description":"Die ESTA-Genehmigung ist zeitlich begrenzt g\u00fcltig, daher ist es wichtig, ihre G\u00fcltigkeit vor der Reise zu \u00fcberpr\u00fcfen.","og_url":"https:\/\/usa-b2.com\/de\/gultigkeitsdauer-esta\/","og_site_name":"USA B2","article_modified_time":"2025-10-13T13:11:38+00:00","twitter_card":"summary_large_image","twitter_misc":{"Gesch\u00e4tzte Lesezeit":"2\u00a0Minuten"},"schema":{"@context":"https:\/\/schema.org","@graph":[{"@type":"WebPage","@id":"https:\/\/usa-b2.com\/de\/gultigkeitsdauer-esta\/","url":"https:\/\/usa-b2.com\/de\/gultigkeitsdauer-esta\/","name":"Das ESTA ist zeitlich begrenzt. - USA B2","isPartOf":{"@id":"https:\/\/usa-b2.com\/de\/#website"},"datePublished":"2024-06-25T10:10:23+00:00","dateModified":"2025-10-13T13:11:38+00:00","description":"Die ESTA-Genehmigung ist zeitlich begrenzt g\u00fcltig, daher ist es wichtig, ihre G\u00fcltigkeit vor der Reise zu \u00fcberpr\u00fcfen.","breadcrumb":{"@id":"https:\/\/usa-b2.com\/de\/gultigkeitsdauer-esta\/#breadcrumb"},"inLanguage":"de","potentialAction":[{"@type":"ReadAction","target":["https:\/\/usa-b2.com\/de\/gultigkeitsdauer-esta\/"]}]},{"@type":"BreadcrumbList","@id":"https:\/\/usa-b2.com\/de\/gultigkeitsdauer-esta\/#breadcrumb","itemListElement":[{"@type":"ListItem","position":1,"name":"Accueil","item":"https:\/\/usa-b2.com\/de\/usa\/"},{"@type":"ListItem","position":2,"name":"Das ESTA ist zeitlich begrenzt."}]},{"@type":"WebSite","@id":"https:\/\/usa-b2.com\/de\/#website","url":"https:\/\/usa-b2.com\/de\/","name":"USA B2 VISA","description":"","potentialAction":[{"@type":"SearchAction","target":{"@type":"EntryPoint","urlTemplate":"https:\/\/usa-b2.com\/de\/?s={search_term_string}"},"query-input":{"@type":"PropertyValueSpecification","valueRequired":true,"valueName":"search_term_string"}}],"inLanguage":"de"}]}},"_links":{"self":[{"href":"https:\/\/usa-b2.com\/de\/wp-json\/wp\/v2\/pages\/2765","targetHints":{"allow":["GET"]}}],"collection":[{"href":"https:\/\/usa-b2.com\/de\/wp-json\/wp\/v2\/pages"}],"about":[{"href":"https:\/\/usa-b2.com\/de\/wp-json\/wp\/v2\/types\/page"}],"author":[{"embeddable":true,"href":"https:\/\/usa-b2.com\/de\/wp-json\/wp\/v2\/users\/1"}],"replies":[{"embeddable":true,"href":"https:\/\/usa-b2.com\/de\/wp-json\/wp\/v2\/comments?post=2765"}],"version-history":[{"count":2,"href":"https:\/\/usa-b2.com\/de\/wp-json\/wp\/v2\/pages\/2765\/revisions"}],"predecessor-version":[{"id":10068,"href":"https:\/\/usa-b2.com\/de\/wp-json\/wp\/v2\/pages\/2765\/revisions\/10068"}],"wp:attachment":[{"href":"https:\/\/usa-b2.com\/de\/wp-json\/wp\/v2\/media?parent=2765"}],"curies":[{"name":"wp","href":"https:\/\/api.w.org\/{rel}","templated":true}]}}