{"id":273,"date":"2024-02-10T17:21:47","date_gmt":"2024-02-10T17:21:47","guid":{"rendered":"https:\/\/usa-b2.com\/b1-visum-usa\/"},"modified":"2026-04-17T15:16:23","modified_gmt":"2026-04-17T15:16:23","slug":"b1-visum-usa","status":"publish","type":"page","link":"https:\/\/usa-b2.com\/de\/b1-visum-usa\/","title":{"rendered":"Das B1-Visum f\u00fcr Reisen in die USA"},"content":{"rendered":"\n<h1 class=\"wp-block-heading\">Ein B1-Visum f\u00fcr Gesch\u00e4fte in den USA beantragen<\/h1>\n\n<p>Das B1-Visum ist ein US-amerikanisches Visum f\u00fcr Nicht-Immigranten. Es betrifft ausl\u00e4ndische Staatsangeh\u00f6rige, die zu gesch\u00e4ftlichen Zwecken in die USA reisen m\u00f6chten. Das B1-Visum erlaubt ausl\u00e4ndischen Staatsangeh\u00f6rigen die folgenden Aktivit\u00e4ten:  <\/p>\n\n<ul class=\"wp-block-list\">\n<li>Investitionen in den USA t\u00e4tigen <\/li>\n\n\n\n<li>Verhandeln, um einen Arbeitsvertrag zu erhalten<\/li>\n\n\n\n<li>Treffen mit Partnerunternehmen in den USA<\/li>\n\n\n\n<li>An beruflichen Veranstaltungen teilnehmen.<\/li>\n<\/ul>\n\n<div style=\"height:10px\" aria-hidden=\"true\" class=\"wp-block-spacer\"><\/div>\n\n<p><strong>F\u00fcr einen Aufenthalt von weniger als 90 Tagen in den USA<\/strong>: Es ist kein B1-Visum erforderlich. Sie m\u00fcssen nur eine elektronische Reisegenehmigung ESTA beantragen, indem Sie auf das <a href=\"https:\/\/usa-b2.com\/de\/esta-online-formular\/\">Online-Formular<\/a> klicken. <\/p>\n\n<div style=\"height:10px\" aria-hidden=\"true\" class=\"wp-block-spacer\"><\/div>\n\n<h2 class=\"wp-block-heading\">Welche Kriterien gelten f\u00fcr das B1-Visum?<\/h2>\n\n<p>Die Zulassungskriterien, um ein B1-Gesch\u00e4ftsvisum beantragen zu k\u00f6nnen, sind folgende:<\/p>\n\n<ul class=\"wp-block-list\">\n<li>Der Grund f\u00fcr den Aufenthalt muss darin bestehen, in den USA Gesch\u00e4fte zu machen.<\/li>\n\n\n\n<li>Der Bewerber muss in der Lage sein, alle Kosten f\u00fcr den Aufenthalt zu finanzieren.<\/li>\n\n\n\n<li>Die Bewerberin\/der Bewerber muss au\u00dferdem nachweisen, dass sie\/er plant, nach dem Aufenthalt in ihr\/sein Heimatland zur\u00fcckzukehren. Er darf auf keinen Fall planen, in den USA zu bleiben. <\/li>\n<\/ul>\n\n<div style=\"height:10px\" aria-hidden=\"true\" class=\"wp-block-spacer\"><\/div>\n\n<p>Im Rahmen des Visumantrags muss der Antragsteller durch Belege nachweisen, dass sein Aufenthalt den aufgef\u00fchrten Kriterien entspricht.<\/p>\n\n<h2 class=\"wp-block-heading\">Wie beantrage ich ein B1-Visum?<\/h2>\n\n<p>Um ein B1-Visum online zu beantragen, m\u00fcssen Sie das folgende Verfahren in wenigen Schritten durchlaufen:<\/p>\n\n<ol class=\"wp-block-list\">\n<li>F\u00fcllen Sie das <a href=\"https:\/\/usa-b2.com\/de\/ds-160\/\">Formular DS 160<\/a> f\u00fcr den Antrag auf ein B1-Visum online aus.<\/li>\n\n\n\n<li>Bezahlen Sie die <a href=\"https:\/\/usa-b2.com\/de\/gebuhren-b2-visum\/\">Visageb\u00fchren<\/a> online, um Ihren Antrag zu best\u00e4tigen.<\/li>\n\n\n\n<li>Planen Sie ein <a href=\"https:\/\/usa-b2.com\/de\/visumstermin-us-botschaft\/\">Visumgespr\u00e4ch in der Botschaft<\/a><\/li>\n\n\n\n<li>Bereiten Sie alle Belege f\u00fcr den Visumantrag vor.<\/li>\n\n\n\n<li>Nehmen Sie an dem Gespr\u00e4ch teil, um das Visum zu erhalten.<\/li>\n<\/ol>\n\n<div style=\"height:10px\" aria-hidden=\"true\" class=\"wp-block-spacer\"><\/div>\n\n<p>Das erhaltene Visum wird in den <a href=\"https:\/\/usa-b2.com\/de\/reisepass-fur-die-usa\/\">Reisepass<\/a> eingeklebt, der f\u00fcr Reisen in die USA verwendet wird.<\/p>\n\n<h2 class=\"wp-block-heading\">Dauer und Bedingungen des B1-Visums<\/h2>\n\n<h3 class=\"wp-block-heading\">G\u00fcltigkeit<\/h3>\n\n<p>Das B1-Visum ist in der Regel f\u00fcr mehrere Jahre g\u00fcltig und erm\u00f6glicht mehrere Einreisen. Jeder Aufenthalt ist jedoch auf einen Zeitraum von <strong>1 bis maximal 6 Monaten<\/strong> beschr\u00e4nkt. <\/p>\n\n<h3 class=\"wp-block-heading\">Bedingungen<\/h3>\n\n<ul class=\"wp-block-list\">\n<li>Das B1-Visum berechtigt nicht zur Arbeit oder zum Erhalt eines Gehalts von einem US-Unternehmen.<\/li>\n\n\n\n<li>Der Reisende muss die Vereinigten Staaten vor Ablauf des vom Einwanderungsbeamten genehmigten Zeitraums verlassen.<\/li>\n<\/ul>\n\n<div style=\"height:10px\" aria-hidden=\"true\" class=\"wp-block-spacer\"><\/div>\n\n<h2 class=\"wp-block-heading\">Vorteile des B1-Visums<\/h2>\n\n<ul class=\"wp-block-list\">\n<li><strong>Flexibilit\u00e4t<\/strong>: Das B1-Visum erlaubt wiederholte Aufenthalte w\u00e4hrend seiner G\u00fcltigkeitsdauer.<\/li>\n\n\n\n<li><strong>Zugang<\/strong> f\u00fcr Gesch\u00e4ftsleute: Ideal f\u00fcr den Aufbau von Gesch\u00e4ftsbeziehungen, die Teilnahme an Konferenzen oder die Erkundung von Gesch\u00e4ftsm\u00f6glichkeiten.<\/li>\n\n\n\n<li><strong>Nicht restriktiv<\/strong>: Es ist nicht an einen bestimmten Arbeitgeber gebunden, wie dies bei einem Arbeitsvisum der Fall ist.<\/li>\n<\/ul>\n\n<div style=\"height:10px\" aria-hidden=\"true\" class=\"wp-block-spacer\"><\/div>\n\n<h2 class=\"wp-block-heading\">FAQs zum B1-Visum<\/h2>\n\n<h3 class=\"wp-block-heading\">Kann man mit einem B1-Visum in den USA arbeiten?<\/h3>\n\n<p>Nein Das B1-Visum berechtigt Sie nicht, in den USA zu arbeiten oder ein Gehalt zu beziehen. Es erlaubt nur die Teilnahme an zeitlich begrenzten beruflichen Aktivit\u00e4ten. <\/p>\n\n<h3 class=\"wp-block-heading\">Kann ich meinen Aufenthalt mit einem B1-Visum verl\u00e4ngern?<\/h3>\n\n<p>Ja, Sie k\u00f6nnen vor Ablauf Ihres genehmigten Zeitraums eine Verl\u00e4ngerung bei der <strong>USCIS<\/strong> beantragen. Sie m\u00fcssen einen triftigen Grund und Nachweise vorlegen. <\/p>\n\n<h3 class=\"wp-block-heading\">Wie lange dauert es, ein B1-Visum zu erhalten?<\/h3>\n\n<p>Die Behandlung kann einige Tage bis mehrere Wochen dauern, abh\u00e4ngig von der Verf\u00fcgbarkeit von Terminen in Ihrer <a href=\"https:\/\/usa-b2.com\/de\/usa-botschaft\/\">US-Botschaft<\/a>.<\/p>\n\n<h3 class=\"wp-block-heading\">Kann das B1-Visum f\u00fcr touristische Zwecke verwendet werden?<\/h3>\n\n<p>Nein, das B1-Visum ist ausschlie\u00dflich f\u00fcr gesch\u00e4ftliche Aktivit\u00e4ten bestimmt. Wenn Sie Gesch\u00e4ftliches mit Tourismus kombinieren m\u00f6chten, m\u00fcssen Sie <a href=\"https:\/\/usa-b2.com\/de\/b2-visumformular-online\/\">online ein B2-Visum beantragen<\/a>. <\/p>\n\n<h3 class=\"wp-block-heading\">Was tun, wenn das B1-Visum abgelehnt wird?<\/h3>\n\n<p>Im Falle einer Ablehnung erh\u00e4lt der Antragsteller einen Brief, in dem die Gr\u00fcnde erl\u00e4utert werden. Es ist m\u00f6glich, einen neuen Antrag einzureichen und die festgestellten Schwachstellen zu beheben. <\/p>\n","protected":false},"excerpt":{"rendered":"<p>Ein B1-Visum f\u00fcr Gesch\u00e4fte in den USA beantragen Das B1-Visum ist ein US-amerikanisches Visum f\u00fcr Nicht-Immigranten. Es betrifft ausl\u00e4ndische Staatsangeh\u00f6rige, die zu gesch\u00e4ftlichen Zwecken in die USA reisen m\u00f6chten. Das B1-Visum erlaubt ausl\u00e4ndischen Staatsangeh\u00f6rigen die folgenden Aktivit\u00e4ten: F\u00fcr einen Aufenthalt von weniger als 90 Tagen in den USA: Es ist kein B1-Visum erforderlich. Sie m\u00fcssen [&hellip;]<\/p>\n","protected":false},"author":1,"featured_media":0,"parent":0,"menu_order":0,"comment_status":"closed","ping_status":"closed","template":"","meta":{"footnotes":""},"class_list":["post-273","page","type-page","status-publish","hentry"],"yoast_head":"<!-- This site is optimized with the Yoast SEO plugin v27.4 - https:\/\/yoast.com\/product\/yoast-seo-wordpress\/ -->\n<title>Das B1-Visum f\u00fcr Reisen in die USA - USA B2<\/title>\n<meta name=\"description\" content=\"Verfahren zur Beantragung eines amerikanischen B1-Gesch\u00e4ftsvisums f\u00fcr den Aufenthalt in den Vereinigten Staaten zu gesch\u00e4ftlichen Zwecken\" \/>\n<meta name=\"robots\" content=\"index, follow, max-snippet:-1, max-image-preview:large, max-video-preview:-1\" \/>\n<link rel=\"canonical\" href=\"https:\/\/usa-b2.com\/de\/b1-visum-usa\/\" \/>\n<meta property=\"og:locale\" content=\"de_DE\" \/>\n<meta property=\"og:type\" content=\"article\" \/>\n<meta property=\"og:title\" content=\"Das B1-Visum f\u00fcr Reisen in die USA - USA B2\" \/>\n<meta property=\"og:description\" content=\"Verfahren zur Beantragung eines amerikanischen B1-Gesch\u00e4ftsvisums f\u00fcr den Aufenthalt in den Vereinigten Staaten zu gesch\u00e4ftlichen Zwecken\" \/>\n<meta property=\"og:url\" content=\"https:\/\/usa-b2.com\/de\/b1-visum-usa\/\" \/>\n<meta property=\"og:site_name\" content=\"USA B2\" \/>\n<meta property=\"article:modified_time\" content=\"2026-04-17T15:16:23+00:00\" \/>\n<meta name=\"twitter:card\" content=\"summary_large_image\" \/>\n<meta name=\"twitter:label1\" content=\"Gesch\u00e4tzte Lesezeit\" \/>\n\t<meta name=\"twitter:data1\" content=\"3\u00a0Minuten\" \/>\n<script type=\"application\/ld+json\" class=\"yoast-schema-graph\">{\"@context\":\"https:\\\/\\\/schema.org\",\"@graph\":[{\"@type\":\"WebPage\",\"@id\":\"https:\\\/\\\/usa-b2.com\\\/de\\\/b1-visum-usa\\\/\",\"url\":\"https:\\\/\\\/usa-b2.com\\\/de\\\/b1-visum-usa\\\/\",\"name\":\"Das B1-Visum f\u00fcr Reisen in die USA - USA B2\",\"isPartOf\":{\"@id\":\"https:\\\/\\\/usa-b2.com\\\/de\\\/#website\"},\"datePublished\":\"2024-02-10T17:21:47+00:00\",\"dateModified\":\"2026-04-17T15:16:23+00:00\",\"description\":\"Verfahren zur Beantragung eines amerikanischen B1-Gesch\u00e4ftsvisums f\u00fcr den Aufenthalt in den Vereinigten Staaten zu gesch\u00e4ftlichen Zwecken\",\"breadcrumb\":{\"@id\":\"https:\\\/\\\/usa-b2.com\\\/de\\\/b1-visum-usa\\\/#breadcrumb\"},\"inLanguage\":\"de\",\"potentialAction\":[{\"@type\":\"ReadAction\",\"target\":[\"https:\\\/\\\/usa-b2.com\\\/de\\\/b1-visum-usa\\\/\"]}]},{\"@type\":\"BreadcrumbList\",\"@id\":\"https:\\\/\\\/usa-b2.com\\\/de\\\/b1-visum-usa\\\/#breadcrumb\",\"itemListElement\":[{\"@type\":\"ListItem\",\"position\":1,\"name\":\"Accueil\",\"item\":\"https:\\\/\\\/usa-b2.com\\\/de\\\/usa\\\/\"},{\"@type\":\"ListItem\",\"position\":2,\"name\":\"Das B1-Visum f\u00fcr Reisen in die USA\"}]},{\"@type\":\"WebSite\",\"@id\":\"https:\\\/\\\/usa-b2.com\\\/de\\\/#website\",\"url\":\"https:\\\/\\\/usa-b2.com\\\/de\\\/\",\"name\":\"USA B2 VISA\",\"description\":\"\",\"potentialAction\":[{\"@type\":\"SearchAction\",\"target\":{\"@type\":\"EntryPoint\",\"urlTemplate\":\"https:\\\/\\\/usa-b2.com\\\/de\\\/?s={search_term_string}\"},\"query-input\":{\"@type\":\"PropertyValueSpecification\",\"valueRequired\":true,\"valueName\":\"search_term_string\"}}],\"inLanguage\":\"de\"}]}<\/script>\n<!-- \/ Yoast SEO plugin. -->","yoast_head_json":{"title":"Das B1-Visum f\u00fcr Reisen in die USA - USA B2","description":"Verfahren zur Beantragung eines amerikanischen B1-Gesch\u00e4ftsvisums f\u00fcr den Aufenthalt in den Vereinigten Staaten zu gesch\u00e4ftlichen Zwecken","robots":{"index":"index","follow":"follow","max-snippet":"max-snippet:-1","max-image-preview":"max-image-preview:large","max-video-preview":"max-video-preview:-1"},"canonical":"https:\/\/usa-b2.com\/de\/b1-visum-usa\/","og_locale":"de_DE","og_type":"article","og_title":"Das B1-Visum f\u00fcr Reisen in die USA - USA B2","og_description":"Verfahren zur Beantragung eines amerikanischen B1-Gesch\u00e4ftsvisums f\u00fcr den Aufenthalt in den Vereinigten Staaten zu gesch\u00e4ftlichen Zwecken","og_url":"https:\/\/usa-b2.com\/de\/b1-visum-usa\/","og_site_name":"USA B2","article_modified_time":"2026-04-17T15:16:23+00:00","twitter_card":"summary_large_image","twitter_misc":{"Gesch\u00e4tzte Lesezeit":"3\u00a0Minuten"},"schema":{"@context":"https:\/\/schema.org","@graph":[{"@type":"WebPage","@id":"https:\/\/usa-b2.com\/de\/b1-visum-usa\/","url":"https:\/\/usa-b2.com\/de\/b1-visum-usa\/","name":"Das B1-Visum f\u00fcr Reisen in die USA - USA B2","isPartOf":{"@id":"https:\/\/usa-b2.com\/de\/#website"},"datePublished":"2024-02-10T17:21:47+00:00","dateModified":"2026-04-17T15:16:23+00:00","description":"Verfahren zur Beantragung eines amerikanischen B1-Gesch\u00e4ftsvisums f\u00fcr den Aufenthalt in den Vereinigten Staaten zu gesch\u00e4ftlichen Zwecken","breadcrumb":{"@id":"https:\/\/usa-b2.com\/de\/b1-visum-usa\/#breadcrumb"},"inLanguage":"de","potentialAction":[{"@type":"ReadAction","target":["https:\/\/usa-b2.com\/de\/b1-visum-usa\/"]}]},{"@type":"BreadcrumbList","@id":"https:\/\/usa-b2.com\/de\/b1-visum-usa\/#breadcrumb","itemListElement":[{"@type":"ListItem","position":1,"name":"Accueil","item":"https:\/\/usa-b2.com\/de\/usa\/"},{"@type":"ListItem","position":2,"name":"Das B1-Visum f\u00fcr Reisen in die USA"}]},{"@type":"WebSite","@id":"https:\/\/usa-b2.com\/de\/#website","url":"https:\/\/usa-b2.com\/de\/","name":"USA B2 VISA","description":"","potentialAction":[{"@type":"SearchAction","target":{"@type":"EntryPoint","urlTemplate":"https:\/\/usa-b2.com\/de\/?s={search_term_string}"},"query-input":{"@type":"PropertyValueSpecification","valueRequired":true,"valueName":"search_term_string"}}],"inLanguage":"de"}]}},"_links":{"self":[{"href":"https:\/\/usa-b2.com\/de\/wp-json\/wp\/v2\/pages\/273","targetHints":{"allow":["GET"]}}],"collection":[{"href":"https:\/\/usa-b2.com\/de\/wp-json\/wp\/v2\/pages"}],"about":[{"href":"https:\/\/usa-b2.com\/de\/wp-json\/wp\/v2\/types\/page"}],"author":[{"embeddable":true,"href":"https:\/\/usa-b2.com\/de\/wp-json\/wp\/v2\/users\/1"}],"replies":[{"embeddable":true,"href":"https:\/\/usa-b2.com\/de\/wp-json\/wp\/v2\/comments?post=273"}],"version-history":[{"count":5,"href":"https:\/\/usa-b2.com\/de\/wp-json\/wp\/v2\/pages\/273\/revisions"}],"predecessor-version":[{"id":11472,"href":"https:\/\/usa-b2.com\/de\/wp-json\/wp\/v2\/pages\/273\/revisions\/11472"}],"wp:attachment":[{"href":"https:\/\/usa-b2.com\/de\/wp-json\/wp\/v2\/media?parent=273"}],"curies":[{"name":"wp","href":"https:\/\/api.w.org\/{rel}","templated":true}]}}