{"id":258,"date":"2024-02-10T17:12:20","date_gmt":"2024-02-10T17:12:20","guid":{"rendered":"https:\/\/usa-b2.com\/visa-waiver-program\/"},"modified":"2025-06-09T18:32:48","modified_gmt":"2025-06-09T18:32:48","slug":"programm-befreiung-visumpflicht","status":"publish","type":"page","link":"https:\/\/usa-b2.com\/de\/programm-befreiung-visumpflicht\/","title":{"rendered":"Das US-Programm f\u00fcr visumfreies Reisen"},"content":{"rendered":"\n<h1 class=\"wp-block-heading\">Das amerikanische Visa Waiver Program<\/h1>\n\n<h2 class=\"wp-block-heading\">Was ist das Visa Waiver Program?<\/h2>\n\n<p>Das Visa Waiver Program (VWP) erm\u00f6glicht es Staatsangeh\u00f6rigen bestimmter L\u00e4nder, als Touristen oder Gesch\u00e4ftsreisende f\u00fcr bis zu 90 Tage in die USA zu reisen, ohne ein Visum zu beantragen. Um diese Visumbefreiung in Anspruch nehmen zu k\u00f6nnen, m\u00fcssen Staatsangeh\u00f6rige der Partnerl\u00e4nder eine elektronische Reisegenehmigung <a href=\"https:\/\/usa-b2.com\/de\/esta-online-formular\/\">ESTA Online<\/a> beantragen. <\/p>\n\n<h2 class=\"wp-block-heading\">Liste der Mitgliedsl\u00e4nder des VWP<\/h2>\n\n<p>Israel ist das letzte Land, das im Oktober 2023 in den VWP aufgenommen wurde. Damit steigt die Zahl der L\u00e4nder, die vom US-Programm f\u00fcr visumfreies Reisen f\u00fcr ihre B\u00fcrger profitieren, auf 41. <\/p>\n\n<figure class=\"wp-block-table\"><table><tbody><tr><td><a href=\"https:\/\/usa-b2.com\/de\/b2-visum-fur-deutsche\/\">Deutschland<\/a><\/td><td>Spanien<\/td><td>Liechtenstein<\/td><td>Vereinigtes K\u00f6nigreich<\/td><\/tr><tr><td>Andorra<\/td><td>Finnland<\/td><td>Litauen<\/td><td>San Marino<\/td><\/tr><tr><td>Australien<\/td><td><a href=\"https:\/\/usa-b2.com\/de\/visum-b2-fur-franzosen\/\">Frankreich<\/a><\/td><td>Luxemburg<\/td><td>Singapur<\/td><\/tr><tr><td>\u00d6sterreich<\/td><td>Griechenland<\/td><td>Malta<\/td><td>Slowakei<\/td><\/tr><tr><td>Belgien<\/td><td>Ungarn<\/td><td>Monaco<\/td><td>Slowenien<\/td><\/tr><tr><td>Brunei<\/td><td>Irland<\/td><td>Norwegen<\/td><td>Schweden<\/td><\/tr><tr><td>Chile<\/td><td>Island<\/td><td>Neuseeland<\/td><td>schweizerisch<\/td><\/tr><tr><td>Kroatien<\/td><td>Israel<\/td><td>Niederlande<\/td><td>Taiwan<\/td><\/tr><tr><td>S\u00fcdkorea<\/td><td><a href=\"https:\/\/usa-b2.com\/de\/b2-visum-fur-italiener\/\">Italien<\/a><\/td><td>Polen<\/td><td><\/td><\/tr><tr><td>D\u00e4nemark<\/td><td>Japan<\/td><td>Portugal<\/td><td><\/td><\/tr><tr><td>Estland<\/td><td>Lettland<\/td><td>Tschechische Republik<\/td><td><\/td><\/tr><\/tbody><\/table><figcaption class=\"wp-element-caption\">Liste der Mitgliedsl\u00e4nder des US-amerikanischen Visa Waiver Program<\/figcaption><\/figure>\n\n<h2 class=\"wp-block-heading\" id=\"h-gt-comment-un-pays-adhere-t-il-au-programme-de-dispense-de-visa\">Wie kann ich dem Programm zur Befreiung von der Visumspflicht beitreten?<\/h2>\n\n<p>L\u00e4nder, die Mitglied des US-Programms f\u00fcr visumfreies Reisen (Visa Waiver Program) werden wollen, m\u00fcssen bestimmte Bedingungen f\u00fcr die Verwaltung ihrer Grenzen erf\u00fcllen. Die wichtigsten vom US-Au\u00dfenministerium erlassenen Bedingungen sind: <\/p>\n\n<ul class=\"wp-block-list\">\n<li>Elektronische Reisep\u00e4sse f\u00fcr seine Staatsangeh\u00f6rigen ausstellen<\/li>\n\n\n\n<li>Teilnahme am Austausch von Sicherheitsdaten mit den USA<\/li>\n\n\n\n<li>die USA laufend \u00fcber gestohlene oder verlorene P\u00e4sse informieren<\/li>\n\n\n\n<li>Eine Ablehnungsquote von weniger als 3% bei der Vergabe von Besucherp\u00e4ssen des Typs B an eigene Staatsangeh\u00f6rige haben<\/li>\n\n\n\n<li>Aktive Bek\u00e4mpfung des Terrorismus bei Grenzkontrollen.<\/li>\n<\/ul>\n\n<div style=\"height:10px\" aria-hidden=\"true\" class=\"wp-block-spacer\"><\/div>\n\n<h2 class=\"wp-block-heading\">Was Sie tun k\u00f6nnen, wenn Ihr Land nicht Mitglied des VWP ist<\/h2>\n\n<p>Wenn Ihr Heimatland nicht zu den Mitgliedsl\u00e4ndern des VWP geh\u00f6rt, k\u00f6nnen Sie keine elektronische Reisegenehmigung ESTA beantragen.\nUm sich in den USA aufhalten zu k\u00f6nnen, musst du <a href=\"https:\/\/usa-b2.com\/de\/b2-visumformular-online\/\">online ein B2-Visum<\/a> beantragen. <\/p>\n","protected":false},"excerpt":{"rendered":"<p>Das amerikanische Visa Waiver Program Was ist das Visa Waiver Program? Das Visa Waiver Program (VWP) erm\u00f6glicht es Staatsangeh\u00f6rigen bestimmter L\u00e4nder, als Touristen oder Gesch\u00e4ftsreisende f\u00fcr bis zu 90 Tage in die USA zu reisen, ohne ein Visum zu beantragen. Um diese Visumbefreiung in Anspruch nehmen zu k\u00f6nnen, m\u00fcssen Staatsangeh\u00f6rige der Partnerl\u00e4nder eine elektronische Reisegenehmigung [&hellip;]<\/p>\n","protected":false},"author":1,"featured_media":0,"parent":0,"menu_order":0,"comment_status":"closed","ping_status":"closed","template":"","meta":{"footnotes":""},"class_list":["post-258","page","type-page","status-publish","hentry"],"yoast_head":"<!-- This site is optimized with the Yoast SEO plugin v27.0 - https:\/\/yoast.com\/product\/yoast-seo-wordpress\/ -->\n<title>Das US-Programm f\u00fcr visumfreies Reisen - USA B2<\/title>\n<meta name=\"description\" content=\"Erfahren Sie, was das amerikanische Visa Waiver Program ist, das es ausl\u00e4ndischen Staatsangeh\u00f6rigen erm\u00f6glicht, ohne Visum in die USA zu reisen.\" \/>\n<meta name=\"robots\" content=\"index, follow, max-snippet:-1, max-image-preview:large, max-video-preview:-1\" \/>\n<link rel=\"canonical\" href=\"https:\/\/usa-b2.com\/de\/programm-befreiung-visumpflicht\/\" \/>\n<meta property=\"og:locale\" content=\"de_DE\" \/>\n<meta property=\"og:type\" content=\"article\" \/>\n<meta property=\"og:title\" content=\"Das US-Programm f\u00fcr visumfreies Reisen - USA B2\" \/>\n<meta property=\"og:description\" content=\"Erfahren Sie, was das amerikanische Visa Waiver Program ist, das es ausl\u00e4ndischen Staatsangeh\u00f6rigen erm\u00f6glicht, ohne Visum in die USA zu reisen.\" \/>\n<meta property=\"og:url\" content=\"https:\/\/usa-b2.com\/de\/programm-befreiung-visumpflicht\/\" \/>\n<meta property=\"og:site_name\" content=\"USA B2\" \/>\n<meta property=\"article:modified_time\" content=\"2025-06-09T18:32:48+00:00\" \/>\n<meta name=\"twitter:card\" content=\"summary_large_image\" \/>\n<meta name=\"twitter:label1\" content=\"Gesch\u00e4tzte Lesezeit\" \/>\n\t<meta name=\"twitter:data1\" content=\"1\u00a0Minute\" \/>\n<script type=\"application\/ld+json\" class=\"yoast-schema-graph\">{\"@context\":\"https:\/\/schema.org\",\"@graph\":[{\"@type\":\"WebPage\",\"@id\":\"https:\/\/usa-b2.com\/de\/programm-befreiung-visumpflicht\/\",\"url\":\"https:\/\/usa-b2.com\/de\/programm-befreiung-visumpflicht\/\",\"name\":\"Das US-Programm f\u00fcr visumfreies Reisen - USA B2\",\"isPartOf\":{\"@id\":\"https:\/\/usa-b2.com\/de\/#website\"},\"datePublished\":\"2024-02-10T17:12:20+00:00\",\"dateModified\":\"2025-06-09T18:32:48+00:00\",\"description\":\"Erfahren Sie, was das amerikanische Visa Waiver Program ist, das es ausl\u00e4ndischen Staatsangeh\u00f6rigen erm\u00f6glicht, ohne Visum in die USA zu reisen.\",\"breadcrumb\":{\"@id\":\"https:\/\/usa-b2.com\/de\/programm-befreiung-visumpflicht\/#breadcrumb\"},\"inLanguage\":\"de\",\"potentialAction\":[{\"@type\":\"ReadAction\",\"target\":[\"https:\/\/usa-b2.com\/de\/programm-befreiung-visumpflicht\/\"]}]},{\"@type\":\"BreadcrumbList\",\"@id\":\"https:\/\/usa-b2.com\/de\/programm-befreiung-visumpflicht\/#breadcrumb\",\"itemListElement\":[{\"@type\":\"ListItem\",\"position\":1,\"name\":\"Accueil\",\"item\":\"https:\/\/usa-b2.com\/de\/usa-roadtrips\/\"},{\"@type\":\"ListItem\",\"position\":2,\"name\":\"Das US-Programm f\u00fcr visumfreies Reisen\"}]},{\"@type\":\"WebSite\",\"@id\":\"https:\/\/usa-b2.com\/de\/#website\",\"url\":\"https:\/\/usa-b2.com\/de\/\",\"name\":\"USA B2 VISA\",\"description\":\"\",\"potentialAction\":[{\"@type\":\"SearchAction\",\"target\":{\"@type\":\"EntryPoint\",\"urlTemplate\":\"https:\/\/usa-b2.com\/de\/?s={search_term_string}\"},\"query-input\":{\"@type\":\"PropertyValueSpecification\",\"valueRequired\":true,\"valueName\":\"search_term_string\"}}],\"inLanguage\":\"de\"}]}<\/script>\n<!-- \/ Yoast SEO plugin. -->","yoast_head_json":{"title":"Das US-Programm f\u00fcr visumfreies Reisen - USA B2","description":"Erfahren Sie, was das amerikanische Visa Waiver Program ist, das es ausl\u00e4ndischen Staatsangeh\u00f6rigen erm\u00f6glicht, ohne Visum in die USA zu reisen.","robots":{"index":"index","follow":"follow","max-snippet":"max-snippet:-1","max-image-preview":"max-image-preview:large","max-video-preview":"max-video-preview:-1"},"canonical":"https:\/\/usa-b2.com\/de\/programm-befreiung-visumpflicht\/","og_locale":"de_DE","og_type":"article","og_title":"Das US-Programm f\u00fcr visumfreies Reisen - USA B2","og_description":"Erfahren Sie, was das amerikanische Visa Waiver Program ist, das es ausl\u00e4ndischen Staatsangeh\u00f6rigen erm\u00f6glicht, ohne Visum in die USA zu reisen.","og_url":"https:\/\/usa-b2.com\/de\/programm-befreiung-visumpflicht\/","og_site_name":"USA B2","article_modified_time":"2025-06-09T18:32:48+00:00","twitter_card":"summary_large_image","twitter_misc":{"Gesch\u00e4tzte Lesezeit":"1\u00a0Minute"},"schema":{"@context":"https:\/\/schema.org","@graph":[{"@type":"WebPage","@id":"https:\/\/usa-b2.com\/de\/programm-befreiung-visumpflicht\/","url":"https:\/\/usa-b2.com\/de\/programm-befreiung-visumpflicht\/","name":"Das US-Programm f\u00fcr visumfreies Reisen - USA B2","isPartOf":{"@id":"https:\/\/usa-b2.com\/de\/#website"},"datePublished":"2024-02-10T17:12:20+00:00","dateModified":"2025-06-09T18:32:48+00:00","description":"Erfahren Sie, was das amerikanische Visa Waiver Program ist, das es ausl\u00e4ndischen Staatsangeh\u00f6rigen erm\u00f6glicht, ohne Visum in die USA zu reisen.","breadcrumb":{"@id":"https:\/\/usa-b2.com\/de\/programm-befreiung-visumpflicht\/#breadcrumb"},"inLanguage":"de","potentialAction":[{"@type":"ReadAction","target":["https:\/\/usa-b2.com\/de\/programm-befreiung-visumpflicht\/"]}]},{"@type":"BreadcrumbList","@id":"https:\/\/usa-b2.com\/de\/programm-befreiung-visumpflicht\/#breadcrumb","itemListElement":[{"@type":"ListItem","position":1,"name":"Accueil","item":"https:\/\/usa-b2.com\/de\/usa-roadtrips\/"},{"@type":"ListItem","position":2,"name":"Das US-Programm f\u00fcr visumfreies Reisen"}]},{"@type":"WebSite","@id":"https:\/\/usa-b2.com\/de\/#website","url":"https:\/\/usa-b2.com\/de\/","name":"USA B2 VISA","description":"","potentialAction":[{"@type":"SearchAction","target":{"@type":"EntryPoint","urlTemplate":"https:\/\/usa-b2.com\/de\/?s={search_term_string}"},"query-input":{"@type":"PropertyValueSpecification","valueRequired":true,"valueName":"search_term_string"}}],"inLanguage":"de"}]}},"_links":{"self":[{"href":"https:\/\/usa-b2.com\/de\/wp-json\/wp\/v2\/pages\/258","targetHints":{"allow":["GET"]}}],"collection":[{"href":"https:\/\/usa-b2.com\/de\/wp-json\/wp\/v2\/pages"}],"about":[{"href":"https:\/\/usa-b2.com\/de\/wp-json\/wp\/v2\/types\/page"}],"author":[{"embeddable":true,"href":"https:\/\/usa-b2.com\/de\/wp-json\/wp\/v2\/users\/1"}],"replies":[{"embeddable":true,"href":"https:\/\/usa-b2.com\/de\/wp-json\/wp\/v2\/comments?post=258"}],"version-history":[{"count":2,"href":"https:\/\/usa-b2.com\/de\/wp-json\/wp\/v2\/pages\/258\/revisions"}],"predecessor-version":[{"id":9422,"href":"https:\/\/usa-b2.com\/de\/wp-json\/wp\/v2\/pages\/258\/revisions\/9422"}],"wp:attachment":[{"href":"https:\/\/usa-b2.com\/de\/wp-json\/wp\/v2\/media?parent=258"}],"curies":[{"name":"wp","href":"https:\/\/api.w.org\/{rel}","templated":true}]}}