{"id":198,"date":"2024-02-10T16:58:41","date_gmt":"2024-02-10T16:58:41","guid":{"rendered":"https:\/\/usa-b2.com\/esta-formular-online\/"},"modified":"2026-04-17T08:31:17","modified_gmt":"2026-04-17T08:31:17","slug":"esta-online-formular","status":"publish","type":"page","link":"https:\/\/usa-b2.com\/de\/esta-online-formular\/","title":{"rendered":"Das ESTA-Formular online ausf\u00fcllen"},"content":{"rendered":"\t\t<div data-elementor-type=\"wp-page\" data-elementor-id=\"198\" class=\"elementor elementor-198 elementor-61\" data-elementor-post-type=\"page\">\n\t\t\t\t<div class=\"elementor-element elementor-element-56419ff8 e-flex e-con-boxed e-con e-parent\" data-id=\"56419ff8\" data-element_type=\"container\" data-e-type=\"container\">\n\t\t\t\t\t<div class=\"e-con-inner\">\n\t\t\t\t<div class=\"elementor-element elementor-element-2867cae2 elementor-widget elementor-widget-text-editor\" data-id=\"2867cae2\" data-element_type=\"widget\" data-e-type=\"widget\" data-widget_type=\"text-editor.default\">\n\t\t\t\t<div class=\"elementor-widget-container\">\n\t\t\t\t\t\t\t\t\t<h1>Online-Formular f\u00fcr ein ESTA<\/h1>\n<p>Die Einreiseformalit\u00e4ten f\u00fcr einen Aufenthalt von weniger als 90 Tagen in den USA k\u00f6nnen direkt online erledigt werden. Sie brauchen keinen Termin bei der US-Botschaft oder dem US-Konsulat, um eine ESTA-Reisegenehmigung zu erhalten. <\/p>\t\t\t\t\t\t\t\t<\/div>\n\t\t\t\t<\/div>\n\t\t\t\t\t<\/div>\n\t\t\t\t<\/div>\n\t\t<div class=\"elementor-element elementor-element-2b6b869 e-flex e-con-boxed e-con e-parent\" data-id=\"2b6b869\" data-element_type=\"container\" data-e-type=\"container\">\n\t\t\t\t\t<div class=\"e-con-inner\">\n\t\t\t\t<div class=\"elementor-element elementor-element-ce061ad elementor-widget elementor-widget-button\" data-id=\"ce061ad\" data-element_type=\"widget\" data-e-type=\"widget\" data-widget_type=\"button.default\">\n\t\t\t\t<div class=\"elementor-widget-container\">\n\t\t\t\t\t\t\t\t\t<div class=\"elementor-button-wrapper\">\n\t\t\t\t\t<a class=\"elementor-button elementor-button-link elementor-size-sm\" href=\"https:\/\/usa-b2.com\/fr\/recommends\/fr-esta\/\">\n\t\t\t\t\t\t<span class=\"elementor-button-content-wrapper\">\n\t\t\t\t\t\t\t\t\t<span class=\"elementor-button-text\">F\u00fcllen Sie das Online-Formular aus<\/span>\n\t\t\t\t\t<\/span>\n\t\t\t\t\t<\/a>\n\t\t\t\t<\/div>\n\t\t\t\t\t\t\t\t<\/div>\n\t\t\t\t<\/div>\n\t\t\t\t\t<\/div>\n\t\t\t\t<\/div>\n\t\t<div class=\"elementor-element elementor-element-b8872fc e-flex e-con-boxed e-con e-parent\" data-id=\"b8872fc\" data-element_type=\"container\" data-e-type=\"container\">\n\t\t\t\t\t<div class=\"e-con-inner\">\n\t\t\t\t<div class=\"elementor-element elementor-element-30e6387 elementor-widget elementor-widget-spacer\" data-id=\"30e6387\" data-element_type=\"widget\" data-e-type=\"widget\" data-widget_type=\"spacer.default\">\n\t\t\t\t<div class=\"elementor-widget-container\">\n\t\t\t\t\t\t\t<div class=\"elementor-spacer\">\n\t\t\t<div class=\"elementor-spacer-inner\"><\/div>\n\t\t<\/div>\n\t\t\t\t\t\t<\/div>\n\t\t\t\t<\/div>\n\t\t\t\t\t<\/div>\n\t\t\t\t<\/div>\n\t\t<div class=\"elementor-element elementor-element-9542cde e-flex e-con-boxed e-con e-parent\" data-id=\"9542cde\" data-element_type=\"container\" data-e-type=\"container\">\n\t\t\t\t\t<div class=\"e-con-inner\">\n\t\t\t\t<div class=\"elementor-element elementor-element-ff08436 elementor-widget elementor-widget-text-editor\" data-id=\"ff08436\" data-element_type=\"widget\" data-e-type=\"widget\" data-widget_type=\"text-editor.default\">\n\t\t\t\t<div class=\"elementor-widget-container\">\n\t\t\t\t\t\t\t\t\t<p>Das Online-Formular kann in wenigen Minuten ausgef\u00fcllt werden, wenn der Antragsteller im Besitz seiner Reisedokumente ist.<\/p><p>ESTA ist Teil des <a href=\"https:\/\/usa-b2.com\/de\/programm-befreiung-visumpflicht\/\">Visa Waiver Program<\/a>. Dieses US-amerikanische Programm f\u00fcr visumfreies Reisen erm\u00f6glicht es den Staatsangeh\u00f6rigen der Mitgliedsl\u00e4nder, ohne Visum als Touristen, Gesch\u00e4ftsreisende oder Transitreisende in die USA zu reisen.<\/p>\t\t\t\t\t\t\t\t<\/div>\n\t\t\t\t<\/div>\n\t\t\t\t\t<\/div>\n\t\t\t\t<\/div>\n\t\t<div class=\"elementor-element elementor-element-47b375d e-flex e-con-boxed e-con e-parent\" data-id=\"47b375d\" data-element_type=\"container\" data-e-type=\"container\">\n\t\t\t\t\t<div class=\"e-con-inner\">\n\t\t\t\t<div class=\"elementor-element elementor-element-6e123f9 elementor-widget elementor-widget-text-editor\" data-id=\"6e123f9\" data-element_type=\"widget\" data-e-type=\"widget\" data-widget_type=\"text-editor.default\">\n\t\t\t\t<div class=\"elementor-widget-container\">\n\t\t\t\t\t\t\t\t\t<h2>Wie lange dauert die Bearbeitung eines ESTA-Antrags?<\/h2><p>Sobald das ESTA online bezahlt wurde, wird der ESTA-Antrag validiert und in die Bearbeitung \u00fcberf\u00fchrt. Die Bearbeitung des Antrags ist computergest\u00fctzt und dauert nur wenige Minuten.  So kommt es vor, dass der Antragsteller innerhalb weniger Minuten per E-Mail die Annahme seiner ESTA-Genehmigung erh\u00e4lt.<\/p><p>Manchmal erreicht die Antwort den Bewerber nicht innerhalb weniger Minuten. Tats\u00e4chlich kann es vorkommen, dass eine menschliche Bearbeitung erforderlich ist, um den Antrag zu best\u00e4tigen. Die offizielle ESTA-Website verpflichtet sich, die Antwort innerhalb von maximal 72 Stunden zu geben. Weitere Informationen finden Sie auf unserer Seite mit <a href=\"https:\/\/usa-b2.com\/de\/was-ist-esta\/\">Erl\u00e4uterungen zu ESTA<\/a>.   <\/p>\t\t\t\t\t\t\t\t<\/div>\n\t\t\t\t<\/div>\n\t\t\t\t\t<\/div>\n\t\t\t\t<\/div>\n\t\t<div class=\"elementor-element elementor-element-dad46bc e-flex e-con-boxed e-con e-parent\" data-id=\"dad46bc\" data-element_type=\"container\" data-e-type=\"container\">\n\t\t\t\t\t<div class=\"e-con-inner\">\n\t\t\t\t<div class=\"elementor-element elementor-element-6d0d0c4 elementor-widget elementor-widget-text-editor\" data-id=\"6d0d0c4\" data-element_type=\"widget\" data-e-type=\"widget\" data-widget_type=\"text-editor.default\">\n\t\t\t\t<div class=\"elementor-widget-container\">\n\t\t\t\t\t\t\t\t\t<h2>Wie lange ist eine ESTA-Genehmigung g\u00fcltig?<\/h2><p>Die <a href=\"https:\/\/usa-b2.com\/de\/gultigkeitsdauer-esta\/\">G\u00fcltigkeitsdauer des ESTA<\/a> ist zeitlich begrenzt. Die anf\u00e4ngliche G\u00fcltigkeitsdauer betr\u00e4gt in der Regel 2 Jahre. Unter bestimmten Bedingungen wird die G\u00fcltigkeitsdauer verk\u00fcrzt: Wenn z.B. der <a href=\"https:\/\/usa-b2.com\/de\/reisepass-fur-die-usa\/\">Reisepass f\u00fcr die USA<\/a>, mit dem das ESTA beantragt wurde, nicht mehr g\u00fcltig ist, ist auch das ESTA nicht mehr g\u00fcltig.<\/p>\t\t\t\t\t\t\t\t<\/div>\n\t\t\t\t<\/div>\n\t\t\t\t\t<\/div>\n\t\t\t\t<\/div>\n\t\t<div class=\"elementor-element elementor-element-ee7de17 e-flex e-con-boxed e-con e-parent\" data-id=\"ee7de17\" data-element_type=\"container\" data-e-type=\"container\">\n\t\t\t\t\t<div class=\"e-con-inner\">\n\t\t\t\t<div class=\"elementor-element elementor-element-b0556fc elementor-widget elementor-widget-text-editor\" data-id=\"b0556fc\" data-element_type=\"widget\" data-e-type=\"widget\" data-widget_type=\"text-editor.default\">\n\t\t\t\t<div class=\"elementor-widget-container\">\n\t\t\t\t\t\t\t\t\t<h2>Muss man seine ESTA-Genehmigung ausdrucken?<\/h2><p>Der ESTA-Prozess wird zu 100% online abgewickelt. Die Antwort auf den ESTA-Antrag wird ausschlie\u00dflich per E-Mail an den Antragsteller gesendet. Es ist jedoch nicht notwendig, Ihr <a href=\"https:\/\/usa-b2.com\/de\/ausdrucken-esta\/\">ESTA auszudrucken<\/a>, bevor Sie zum Flughafen fahren.<\/p><p>Das Computersystem, das die Reisegenehmigung validiert hat, wird von den US-Zollbeamten konsultiert, wenn der Reisende an der US-Grenze ankommt.<\/p>\t\t\t\t\t\t\t\t<\/div>\n\t\t\t\t<\/div>\n\t\t\t\t\t<\/div>\n\t\t\t\t<\/div>\n\t\t\t\t<\/div>\n\t\t","protected":false},"excerpt":{"rendered":"<p>Online-Formular f\u00fcr ein ESTA Die Einreiseformalit\u00e4ten f\u00fcr einen Aufenthalt von weniger als 90 Tagen in den USA k\u00f6nnen direkt online erledigt werden. Sie brauchen keinen Termin bei der US-Botschaft oder dem US-Konsulat, um eine ESTA-Reisegenehmigung zu erhalten. F\u00fcllen Sie das Online-Formular aus Das Online-Formular kann in wenigen Minuten ausgef\u00fcllt werden, wenn der Antragsteller im Besitz [&hellip;]<\/p>\n","protected":false},"author":1,"featured_media":0,"parent":0,"menu_order":0,"comment_status":"closed","ping_status":"closed","template":"","meta":{"footnotes":""},"class_list":["post-198","page","type-page","status-publish","hentry"],"yoast_head":"<!-- This site is optimized with the Yoast SEO plugin v27.4 - https:\/\/yoast.com\/product\/yoast-seo-wordpress\/ -->\n<title>Das ESTA-Formular online ausf\u00fcllen - USA B2<\/title>\n<meta name=\"description\" content=\"F\u00fcllen Sie das ESTA-Formular online aus, um in wenigen Minuten eine Reisebescheinigung f\u00fcr die USA zu erhalten.\" \/>\n<meta name=\"robots\" content=\"index, follow, max-snippet:-1, max-image-preview:large, max-video-preview:-1\" \/>\n<link rel=\"canonical\" href=\"https:\/\/usa-b2.com\/de\/esta-online-formular\/\" \/>\n<meta property=\"og:locale\" content=\"de_DE\" \/>\n<meta property=\"og:type\" content=\"article\" \/>\n<meta property=\"og:title\" content=\"Das ESTA-Formular online ausf\u00fcllen - USA B2\" \/>\n<meta property=\"og:description\" content=\"F\u00fcllen Sie das ESTA-Formular online aus, um in wenigen Minuten eine Reisebescheinigung f\u00fcr die USA zu erhalten.\" \/>\n<meta property=\"og:url\" content=\"https:\/\/usa-b2.com\/de\/esta-online-formular\/\" \/>\n<meta property=\"og:site_name\" content=\"USA B2\" \/>\n<meta property=\"article:modified_time\" content=\"2026-04-17T08:31:17+00:00\" \/>\n<meta name=\"twitter:card\" content=\"summary_large_image\" \/>\n<meta name=\"twitter:label1\" content=\"Gesch\u00e4tzte Lesezeit\" \/>\n\t<meta name=\"twitter:data1\" content=\"2\u00a0Minuten\" \/>\n<script type=\"application\/ld+json\" class=\"yoast-schema-graph\">{\"@context\":\"https:\\\/\\\/schema.org\",\"@graph\":[{\"@type\":\"WebPage\",\"@id\":\"https:\\\/\\\/usa-b2.com\\\/de\\\/esta-online-formular\\\/\",\"url\":\"https:\\\/\\\/usa-b2.com\\\/de\\\/esta-online-formular\\\/\",\"name\":\"Das ESTA-Formular online ausf\u00fcllen - USA B2\",\"isPartOf\":{\"@id\":\"https:\\\/\\\/usa-b2.com\\\/de\\\/#website\"},\"datePublished\":\"2024-02-10T16:58:41+00:00\",\"dateModified\":\"2026-04-17T08:31:17+00:00\",\"description\":\"F\u00fcllen Sie das ESTA-Formular online aus, um in wenigen Minuten eine Reisebescheinigung f\u00fcr die USA zu erhalten.\",\"breadcrumb\":{\"@id\":\"https:\\\/\\\/usa-b2.com\\\/de\\\/esta-online-formular\\\/#breadcrumb\"},\"inLanguage\":\"de\",\"potentialAction\":[{\"@type\":\"ReadAction\",\"target\":[\"https:\\\/\\\/usa-b2.com\\\/de\\\/esta-online-formular\\\/\"]}]},{\"@type\":\"BreadcrumbList\",\"@id\":\"https:\\\/\\\/usa-b2.com\\\/de\\\/esta-online-formular\\\/#breadcrumb\",\"itemListElement\":[{\"@type\":\"ListItem\",\"position\":1,\"name\":\"Accueil\",\"item\":\"https:\\\/\\\/usa-b2.com\\\/de\\\/usa\\\/\"},{\"@type\":\"ListItem\",\"position\":2,\"name\":\"Das ESTA-Formular online ausf\u00fcllen\"}]},{\"@type\":\"WebSite\",\"@id\":\"https:\\\/\\\/usa-b2.com\\\/de\\\/#website\",\"url\":\"https:\\\/\\\/usa-b2.com\\\/de\\\/\",\"name\":\"USA B2 VISA\",\"description\":\"\",\"potentialAction\":[{\"@type\":\"SearchAction\",\"target\":{\"@type\":\"EntryPoint\",\"urlTemplate\":\"https:\\\/\\\/usa-b2.com\\\/de\\\/?s={search_term_string}\"},\"query-input\":{\"@type\":\"PropertyValueSpecification\",\"valueRequired\":true,\"valueName\":\"search_term_string\"}}],\"inLanguage\":\"de\"}]}<\/script>\n<!-- \/ Yoast SEO plugin. -->","yoast_head_json":{"title":"Das ESTA-Formular online ausf\u00fcllen - USA B2","description":"F\u00fcllen Sie das ESTA-Formular online aus, um in wenigen Minuten eine Reisebescheinigung f\u00fcr die USA zu erhalten.","robots":{"index":"index","follow":"follow","max-snippet":"max-snippet:-1","max-image-preview":"max-image-preview:large","max-video-preview":"max-video-preview:-1"},"canonical":"https:\/\/usa-b2.com\/de\/esta-online-formular\/","og_locale":"de_DE","og_type":"article","og_title":"Das ESTA-Formular online ausf\u00fcllen - USA B2","og_description":"F\u00fcllen Sie das ESTA-Formular online aus, um in wenigen Minuten eine Reisebescheinigung f\u00fcr die USA zu erhalten.","og_url":"https:\/\/usa-b2.com\/de\/esta-online-formular\/","og_site_name":"USA B2","article_modified_time":"2026-04-17T08:31:17+00:00","twitter_card":"summary_large_image","twitter_misc":{"Gesch\u00e4tzte Lesezeit":"2\u00a0Minuten"},"schema":{"@context":"https:\/\/schema.org","@graph":[{"@type":"WebPage","@id":"https:\/\/usa-b2.com\/de\/esta-online-formular\/","url":"https:\/\/usa-b2.com\/de\/esta-online-formular\/","name":"Das ESTA-Formular online ausf\u00fcllen - USA B2","isPartOf":{"@id":"https:\/\/usa-b2.com\/de\/#website"},"datePublished":"2024-02-10T16:58:41+00:00","dateModified":"2026-04-17T08:31:17+00:00","description":"F\u00fcllen Sie das ESTA-Formular online aus, um in wenigen Minuten eine Reisebescheinigung f\u00fcr die USA zu erhalten.","breadcrumb":{"@id":"https:\/\/usa-b2.com\/de\/esta-online-formular\/#breadcrumb"},"inLanguage":"de","potentialAction":[{"@type":"ReadAction","target":["https:\/\/usa-b2.com\/de\/esta-online-formular\/"]}]},{"@type":"BreadcrumbList","@id":"https:\/\/usa-b2.com\/de\/esta-online-formular\/#breadcrumb","itemListElement":[{"@type":"ListItem","position":1,"name":"Accueil","item":"https:\/\/usa-b2.com\/de\/usa\/"},{"@type":"ListItem","position":2,"name":"Das ESTA-Formular online ausf\u00fcllen"}]},{"@type":"WebSite","@id":"https:\/\/usa-b2.com\/de\/#website","url":"https:\/\/usa-b2.com\/de\/","name":"USA B2 VISA","description":"","potentialAction":[{"@type":"SearchAction","target":{"@type":"EntryPoint","urlTemplate":"https:\/\/usa-b2.com\/de\/?s={search_term_string}"},"query-input":{"@type":"PropertyValueSpecification","valueRequired":true,"valueName":"search_term_string"}}],"inLanguage":"de"}]}},"_links":{"self":[{"href":"https:\/\/usa-b2.com\/de\/wp-json\/wp\/v2\/pages\/198","targetHints":{"allow":["GET"]}}],"collection":[{"href":"https:\/\/usa-b2.com\/de\/wp-json\/wp\/v2\/pages"}],"about":[{"href":"https:\/\/usa-b2.com\/de\/wp-json\/wp\/v2\/types\/page"}],"author":[{"embeddable":true,"href":"https:\/\/usa-b2.com\/de\/wp-json\/wp\/v2\/users\/1"}],"replies":[{"embeddable":true,"href":"https:\/\/usa-b2.com\/de\/wp-json\/wp\/v2\/comments?post=198"}],"version-history":[{"count":3,"href":"https:\/\/usa-b2.com\/de\/wp-json\/wp\/v2\/pages\/198\/revisions"}],"predecessor-version":[{"id":11339,"href":"https:\/\/usa-b2.com\/de\/wp-json\/wp\/v2\/pages\/198\/revisions\/11339"}],"wp:attachment":[{"href":"https:\/\/usa-b2.com\/de\/wp-json\/wp\/v2\/media?parent=198"}],"curies":[{"name":"wp","href":"https:\/\/api.w.org\/{rel}","templated":true}]}}