{"id":1931,"date":"2024-02-10T17:09:57","date_gmt":"2024-02-10T17:09:57","guid":{"rendered":"https:\/\/usa-b2.com\/unterschied-zwischen-visum-und-esta\/"},"modified":"2025-10-28T20:29:43","modified_gmt":"2025-10-28T20:29:43","slug":"unterschied-zwischen-visum-und-esta","status":"publish","type":"page","link":"https:\/\/usa-b2.com\/de\/unterschied-zwischen-visum-und-esta\/","title":{"rendered":"Was ist der Unterschied zwischen einem Visum und ESTA?"},"content":{"rendered":"\n<h1 class=\"wp-block-heading\">Was sind die Hauptunterschiede zwischen Visum und ESTA?<\/h1>\n\n<p>Sowohl eine ESTA-Genehmigung als auch ein Visum sind Dokumente, die f\u00fcr die Einreise in die USA ben\u00f6tigt werden. Sie unterscheiden sich jedoch in ihren Beschaffungsverfahren, ihrer G\u00fcltigkeitsdauer und ihren Nutzungsbedingungen. Die drei grundlegenden Unterschiede zwischen einem Visum und einer ESTA-Genehmigung sind :  <\/p>\n\n<ol class=\"wp-block-list\">\n<li>Das Visum wird von einer <a href=\"https:\/\/usa-b2.com\/de\/usa-botschaft\/\">US-Botschaft<\/a> oder dem Konsulat des Landes ausgestellt, in dem der Reisende seinen Wohnsitz hat, w\u00e4hrend das ESTA eine elektronische Genehmigung ist, die online eingeholt wird.<\/li>\n\n\n\n<li>F\u00fcr jedes Visum gelten bestimmte Bedingungen und eine bestimmte G\u00fcltigkeitsdauer, w\u00e4hrend das ESTA f\u00fcr Kurzaufenthalte von weniger als 90 Tagen im Rahmen des Programms f\u00fcr visumfreies Reisen (Visa Waiver Program) gilt. Die <a href=\"https:\/\/usa-b2.com\/de\/gultigkeitsdauer-esta\/\">G\u00fcltigkeitsdauer des ESTA<\/a> betr\u00e4gt maximal 2 Jahre. <\/li>\n\n\n\n<li>Die <a href=\"https:\/\/usa-b2.com\/de\/verfahren-beantragung-b2-visum\/\">Verfahren f\u00fcr ein Visum<\/a> beinhalten oft ein <a href=\"https:\/\/usa-b2.com\/de\/visumstermin-us-botschaft\/\">konsularisches Interview<\/a> und zus\u00e4tzliche Dokumente, w\u00e4hrend ESTA lediglich das Ausf\u00fcllen eines <a href=\"https:\/\/usa-b2.com\/de\/esta-online-formular\/\">Online-Formulars<\/a> erfordert und Sie die Geb\u00fchren direkt bezahlen m\u00fcssen.<\/li>\n<\/ol>\n\n<h2 class=\"wp-block-heading\">Ist ein ESTA ein US-amerikanisches Visum?<\/h2>\n\n<p>Nein, eine genehmigte ESTA-Genehmigung ist kein Visum. Eine <a href=\"https:\/\/usa-b2.com\/de\/was-ist-esta\/\">ESTA-Genehmigung<\/a> kann nach US-Recht nicht als US-Visum gelten. Das ESTA besitzt nicht die gesetzlichen und regulatorischen Kriterien eines <a href=\"https:\/\/usa-b2.com\/de\/besucher-visum-vereinigte-staaten\/\">US-Visums<\/a>.  <\/p>\n\n<h2 class=\"wp-block-heading\">Kann man mit einem ESTA reisen, wenn man ein Visum f\u00fcr die USA hat?<\/h2>\n\n<p>Nein, eine Person, die ein g\u00fcltiges US-Visum besitzt, muss mit diesem Visum in die USA reisen. Der Aufenthalt muss dem Zweck entsprechen, f\u00fcr den er das Visum erhalten hat. Der Reisende muss keinen <a href=\"https:\/\/usa-b2.com\/de\/esta-online-formular\/\">ESTA-Antrag online<\/a> stellen, um zu reisen.    <\/p>\n\n<h2 class=\"wp-block-heading\">K\u00f6nnen B\u00fcrger der Europ\u00e4ischen Union ohne Visum in die USA reisen?<\/h2>\n\n<p>EU-B\u00fcrger k\u00f6nnen unter bestimmten Bedingungen mit einer einfachen ESTA-Genehmigung ohne Visum in die USA reisen:<\/p>\n\n<ul class=\"wp-block-list\">\n<li>Der Aufenthalt muss weniger als 90 Tage vor Ort dauern.<\/li>\n\n\n\n<li>Sie m\u00fcssen einen <a href=\"https:\/\/usa-b2.com\/de\/reisepass-fur-die-usa\/\">biometrischen oder elektronischen Reisepass<\/a> besitzen.<\/li>\n\n\n\n<li>Sie m\u00fcssen \u00fcber eine vom <a href=\"https:\/\/usa-b2.com\/de\/programm-befreiung-visumpflicht\/\">Visa Waiver Program<\/a> zugelassene Fluggesellschaft reisen.<\/li>\n\n\n\n<li>Der Reisende muss ein R\u00fcckflugticket besitzen.<\/li>\n<\/ul>\n\n<p><strong>Ausnahme<\/strong>: Einige europ\u00e4ische L\u00e4nder geh\u00f6ren noch immer nicht zu den Mitgliedsl\u00e4ndern des <a href=\"https:\/\/usa-b2.com\/de\/programm-befreiung-visumpflicht\/\">Visa Waiver Program<\/a>. Ihre Staatsangeh\u00f6rigen k\u00f6nnen keine ESTA-Genehmigung erhalten, sie m\u00fcssen online ein <a href=\"https:\/\/usa-b2.com\/de\/verfahren-beantragung-b2-visum\/\">B2-Visum beantragen<\/a>, um in die USA zu reisen. Dabei handelt es sich haupts\u00e4chlich um die folgenden europ\u00e4ischen L\u00e4nder: Bulgarien, Rum\u00e4nien und Zypern.<\/p>\n","protected":false},"excerpt":{"rendered":"<p>Was sind die Hauptunterschiede zwischen Visum und ESTA? Sowohl eine ESTA-Genehmigung als auch ein Visum sind Dokumente, die f\u00fcr die Einreise in die USA ben\u00f6tigt werden. Sie unterscheiden sich jedoch in ihren Beschaffungsverfahren, ihrer G\u00fcltigkeitsdauer und ihren Nutzungsbedingungen. Die drei grundlegenden Unterschiede zwischen einem Visum und einer ESTA-Genehmigung sind : Ist ein ESTA ein US-amerikanisches [&hellip;]<\/p>\n","protected":false},"author":1,"featured_media":0,"parent":0,"menu_order":0,"comment_status":"closed","ping_status":"closed","template":"","meta":{"footnotes":""},"class_list":["post-1931","page","type-page","status-publish","hentry"],"yoast_head":"<!-- This site is optimized with the Yoast SEO plugin v27.4 - https:\/\/yoast.com\/product\/yoast-seo-wordpress\/ -->\n<title>Was ist der Unterschied zwischen einem Visum und ESTA? - USA B2<\/title>\n<meta name=\"description\" content=\"Den Unterschied zwischen einem US-Visum und einer ESTA-Reisegenehmigung f\u00fcr Reisen in die Vereinigten Staaten im Detail verstehen\" \/>\n<meta name=\"robots\" content=\"index, follow, max-snippet:-1, max-image-preview:large, max-video-preview:-1\" \/>\n<link rel=\"canonical\" href=\"https:\/\/usa-b2.com\/de\/unterschied-zwischen-visum-und-esta\/\" \/>\n<meta property=\"og:locale\" content=\"de_DE\" \/>\n<meta property=\"og:type\" content=\"article\" \/>\n<meta property=\"og:title\" content=\"Was ist der Unterschied zwischen einem Visum und ESTA? - USA B2\" \/>\n<meta property=\"og:description\" content=\"Den Unterschied zwischen einem US-Visum und einer ESTA-Reisegenehmigung f\u00fcr Reisen in die Vereinigten Staaten im Detail verstehen\" \/>\n<meta property=\"og:url\" content=\"https:\/\/usa-b2.com\/de\/unterschied-zwischen-visum-und-esta\/\" \/>\n<meta property=\"og:site_name\" content=\"USA B2\" \/>\n<meta property=\"article:modified_time\" content=\"2025-10-28T20:29:43+00:00\" \/>\n<meta name=\"twitter:card\" content=\"summary_large_image\" \/>\n<meta name=\"twitter:label1\" content=\"Gesch\u00e4tzte Lesezeit\" \/>\n\t<meta name=\"twitter:data1\" content=\"2\u00a0Minuten\" \/>\n<script type=\"application\/ld+json\" class=\"yoast-schema-graph\">{\"@context\":\"https:\\\/\\\/schema.org\",\"@graph\":[{\"@type\":\"WebPage\",\"@id\":\"https:\\\/\\\/usa-b2.com\\\/de\\\/unterschied-zwischen-visum-und-esta\\\/\",\"url\":\"https:\\\/\\\/usa-b2.com\\\/de\\\/unterschied-zwischen-visum-und-esta\\\/\",\"name\":\"Was ist der Unterschied zwischen einem Visum und ESTA? - USA B2\",\"isPartOf\":{\"@id\":\"https:\\\/\\\/usa-b2.com\\\/de\\\/#website\"},\"datePublished\":\"2024-02-10T17:09:57+00:00\",\"dateModified\":\"2025-10-28T20:29:43+00:00\",\"description\":\"Den Unterschied zwischen einem US-Visum und einer ESTA-Reisegenehmigung f\u00fcr Reisen in die Vereinigten Staaten im Detail verstehen\",\"breadcrumb\":{\"@id\":\"https:\\\/\\\/usa-b2.com\\\/de\\\/unterschied-zwischen-visum-und-esta\\\/#breadcrumb\"},\"inLanguage\":\"de\",\"potentialAction\":[{\"@type\":\"ReadAction\",\"target\":[\"https:\\\/\\\/usa-b2.com\\\/de\\\/unterschied-zwischen-visum-und-esta\\\/\"]}]},{\"@type\":\"BreadcrumbList\",\"@id\":\"https:\\\/\\\/usa-b2.com\\\/de\\\/unterschied-zwischen-visum-und-esta\\\/#breadcrumb\",\"itemListElement\":[{\"@type\":\"ListItem\",\"position\":1,\"name\":\"Accueil\",\"item\":\"https:\\\/\\\/usa-b2.com\\\/de\\\/usa\\\/\"},{\"@type\":\"ListItem\",\"position\":2,\"name\":\"Was ist der Unterschied zwischen einem Visum und ESTA?\"}]},{\"@type\":\"WebSite\",\"@id\":\"https:\\\/\\\/usa-b2.com\\\/de\\\/#website\",\"url\":\"https:\\\/\\\/usa-b2.com\\\/de\\\/\",\"name\":\"USA B2 VISA\",\"description\":\"\",\"potentialAction\":[{\"@type\":\"SearchAction\",\"target\":{\"@type\":\"EntryPoint\",\"urlTemplate\":\"https:\\\/\\\/usa-b2.com\\\/de\\\/?s={search_term_string}\"},\"query-input\":{\"@type\":\"PropertyValueSpecification\",\"valueRequired\":true,\"valueName\":\"search_term_string\"}}],\"inLanguage\":\"de\"}]}<\/script>\n<!-- \/ Yoast SEO plugin. -->","yoast_head_json":{"title":"Was ist der Unterschied zwischen einem Visum und ESTA? - USA B2","description":"Den Unterschied zwischen einem US-Visum und einer ESTA-Reisegenehmigung f\u00fcr Reisen in die Vereinigten Staaten im Detail verstehen","robots":{"index":"index","follow":"follow","max-snippet":"max-snippet:-1","max-image-preview":"max-image-preview:large","max-video-preview":"max-video-preview:-1"},"canonical":"https:\/\/usa-b2.com\/de\/unterschied-zwischen-visum-und-esta\/","og_locale":"de_DE","og_type":"article","og_title":"Was ist der Unterschied zwischen einem Visum und ESTA? - USA B2","og_description":"Den Unterschied zwischen einem US-Visum und einer ESTA-Reisegenehmigung f\u00fcr Reisen in die Vereinigten Staaten im Detail verstehen","og_url":"https:\/\/usa-b2.com\/de\/unterschied-zwischen-visum-und-esta\/","og_site_name":"USA B2","article_modified_time":"2025-10-28T20:29:43+00:00","twitter_card":"summary_large_image","twitter_misc":{"Gesch\u00e4tzte Lesezeit":"2\u00a0Minuten"},"schema":{"@context":"https:\/\/schema.org","@graph":[{"@type":"WebPage","@id":"https:\/\/usa-b2.com\/de\/unterschied-zwischen-visum-und-esta\/","url":"https:\/\/usa-b2.com\/de\/unterschied-zwischen-visum-und-esta\/","name":"Was ist der Unterschied zwischen einem Visum und ESTA? - USA B2","isPartOf":{"@id":"https:\/\/usa-b2.com\/de\/#website"},"datePublished":"2024-02-10T17:09:57+00:00","dateModified":"2025-10-28T20:29:43+00:00","description":"Den Unterschied zwischen einem US-Visum und einer ESTA-Reisegenehmigung f\u00fcr Reisen in die Vereinigten Staaten im Detail verstehen","breadcrumb":{"@id":"https:\/\/usa-b2.com\/de\/unterschied-zwischen-visum-und-esta\/#breadcrumb"},"inLanguage":"de","potentialAction":[{"@type":"ReadAction","target":["https:\/\/usa-b2.com\/de\/unterschied-zwischen-visum-und-esta\/"]}]},{"@type":"BreadcrumbList","@id":"https:\/\/usa-b2.com\/de\/unterschied-zwischen-visum-und-esta\/#breadcrumb","itemListElement":[{"@type":"ListItem","position":1,"name":"Accueil","item":"https:\/\/usa-b2.com\/de\/usa\/"},{"@type":"ListItem","position":2,"name":"Was ist der Unterschied zwischen einem Visum und ESTA?"}]},{"@type":"WebSite","@id":"https:\/\/usa-b2.com\/de\/#website","url":"https:\/\/usa-b2.com\/de\/","name":"USA B2 VISA","description":"","potentialAction":[{"@type":"SearchAction","target":{"@type":"EntryPoint","urlTemplate":"https:\/\/usa-b2.com\/de\/?s={search_term_string}"},"query-input":{"@type":"PropertyValueSpecification","valueRequired":true,"valueName":"search_term_string"}}],"inLanguage":"de"}]}},"_links":{"self":[{"href":"https:\/\/usa-b2.com\/de\/wp-json\/wp\/v2\/pages\/1931","targetHints":{"allow":["GET"]}}],"collection":[{"href":"https:\/\/usa-b2.com\/de\/wp-json\/wp\/v2\/pages"}],"about":[{"href":"https:\/\/usa-b2.com\/de\/wp-json\/wp\/v2\/types\/page"}],"author":[{"embeddable":true,"href":"https:\/\/usa-b2.com\/de\/wp-json\/wp\/v2\/users\/1"}],"replies":[{"embeddable":true,"href":"https:\/\/usa-b2.com\/de\/wp-json\/wp\/v2\/comments?post=1931"}],"version-history":[{"count":2,"href":"https:\/\/usa-b2.com\/de\/wp-json\/wp\/v2\/pages\/1931\/revisions"}],"predecessor-version":[{"id":10724,"href":"https:\/\/usa-b2.com\/de\/wp-json\/wp\/v2\/pages\/1931\/revisions\/10724"}],"wp:attachment":[{"href":"https:\/\/usa-b2.com\/de\/wp-json\/wp\/v2\/media?parent=1931"}],"curies":[{"name":"wp","href":"https:\/\/api.w.org\/{rel}","templated":true}]}}