{"id":1295,"date":"2024-02-27T10:27:31","date_gmt":"2024-02-27T10:27:31","guid":{"rendered":"https:\/\/usa-b2.com\/transitvisum-usa\/"},"modified":"2026-04-17T07:14:15","modified_gmt":"2026-04-17T07:14:15","slug":"transit-visum-usa","status":"publish","type":"page","link":"https:\/\/usa-b2.com\/de\/transit-visum-usa\/","title":{"rendered":"Transitvisum f\u00fcr die USA"},"content":{"rendered":"\n<h1 class=\"wp-block-heading\">Ein Visum f\u00fcr die Durchreise durch die USA beantragen<\/h1>\n\n<p>Bei einem Zwischenstopp in den USA ben\u00f6tigt ein ausl\u00e4ndischer Reisender eine Genehmigung zur Durchreise durch das US-amerikanische Hoheitsgebiet. Ein Transitvisum erm\u00f6glicht die Durchreise durch die USA als Teil einer Reise zu einem Endziel.<\/p>\n\n<p><strong>F\u00fcr einen Zwischenstopp in den USA<\/strong>: Es ist nicht notwendig, ein Transitvisum zu beantragen. Sie k\u00f6nnen einfach einen Antrag auf eine ESTA-Reisegenehmigung stellen, indem Sie auf <a href=\"https:\/\/usa-b2.com\/de\/esta-online-formular\/\">ESTA-Formular online<\/a> klicken. <\/p>\n\n<div style=\"height:10px\" aria-hidden=\"true\" class=\"wp-block-spacer\"><\/div>\n\n<h2 class=\"wp-block-heading\">Was ist ein Transitvisum?<\/h2>\n\n<p>Ein US-Transitvisum ist eine Genehmigung zur Einreise in die USA. Es erm\u00f6glicht einen Aufenthalt in den USA f\u00fcr einen Zwischenstopp. Der Visuminhaber muss seine Reise fortsetzen und die USA wie geplant verlassen.<\/p>\n\n<h2 class=\"wp-block-heading\">Wer kann ein Transitvisum beantragen?<\/h2>\n\n<p>Alle ausl\u00e4ndischen Reisenden, die einen Zwischenstopp in den Vereinigten Staaten einlegen, k\u00f6nnen ein US-Transitvisum beantragen. Ihr Endziel darf nicht in den USA liegen, da sie sonst ein <a href=\"https:\/\/usa-b2.com\/de\/besucher-visum-vereinigte-staaten\/\">B1\/B2-Besuchervisum<\/a> oder eine andere Art von US-Visum ben\u00f6tigen.   <\/p>\n\n<p>Es gibt einige weitere Sonderf\u00e4lle, wie z. B. :  <\/p>\n\n<ul class=\"wp-block-list\">\n<li>Ausl\u00e4ndische Staatsangeh\u00f6rige oder UN-Beamte k\u00f6nnen auch ein Transitvisum im Zusammenhang mit einem Einsatz bei den Vereinten Nationen in New York erhalten ;<\/li>\n\n\n\n<li>Ausl\u00e4ndische Regierungsbeamte, die im Rahmen von Regierungst\u00e4tigkeiten reisen, k\u00f6nnen ein Transitvisum f\u00fcr einen Zwischenstopp in den USA erhalten.<\/li>\n<\/ul>\n\n<h2 class=\"wp-block-heading\">Welche verschiedenen Transitvisa gibt es?<\/h2>\n\n<p>Transitvisa werden in drei Hauptkategorien unterteilt, die auf verschiedene Reisesituationen zugeschnitten sind:<\/p>\n\n<ol class=\"wp-block-list\">\n<li><strong>C1-Visum: f\u00fcr traditionelle Transitreisende<\/strong><br\/>Diese Art von Visum ist f\u00fcr Passagiere gedacht, die einen vor\u00fcbergehenden Zwischenstopp in einem Land einlegen, bevor sie ihre Reise zu einem Endziel fortsetzen. Wenn Sie beispielsweise in ein anderes Land mit einem Anschlussflug reisen, der eine Einreise erfordert, erlaubt Ihnen das C1-Visum, sich legal in der Transitzone aufzuhalten oder sich dort kurzzeitig zu bewegen. Dieses Visum wird h\u00e4ufig von Touristen oder Gesch\u00e4ftsleuten verwendet, die internationale Reisen unternehmen.<\/li>\n\n\n\n<li><strong>C2-Visum: f\u00fcr Transitreisende zum UN-Hauptquartier<\/strong><br\/>Das C2-Visum ist ausschlie\u00dflich f\u00fcr Personen bestimmt, die sich im Rahmen offizieller Missionen oder Veranstaltungen der Vereinten Nationen zum Hauptquartier der Vereinten Nationen in New York begeben. Es gilt strikt f\u00fcr den Transit und beschr\u00e4nkt die Reisen im Allgemeinen auf den speziellen Bereich der Vereinten Nationen. Dieses Visum entspricht den Bed\u00fcrfnissen von Delegierten, Angestellten oder Vertretern, die an internationalen Konferenzen oder Treffen teilnehmen.<\/li>\n\n\n\n<li><strong>C3-Visum: f\u00fcr Mitglieder ausl\u00e4ndischer Reg<\/strong>ierungen<br\/>Dieses Visum richtet sich an Mitglieder ausl\u00e4ndischer Regierungen sowie deren Familien oder Begleitpersonen, die im Rahmen offizieller Missionen durch ein Gebiet reisen. Es spiegelt ihren diplomatischen Status wider und erm\u00f6glicht ihnen, ein Land unter Einhaltung der internationalen Protokolle kurz zu durchqueren.<\/li>\n<\/ol>\n\n<p>Je nach dem Profil des Reisenden ist es wichtig, die richtige Visumskategorie zu w\u00e4hlen.<\/p>\n\n<h2 class=\"wp-block-heading\">Wie erhalte ich ein Transitvisum?<\/h2>\n\n<p>Um ein Transitvisum f\u00fcr die USA zu erhalten, m\u00fcssen Sie mehrere Schritte einhalten:<\/p>\n\n<ul class=\"wp-block-list\">\n<li>Bestimmen Sie, welche Art von Visum erforderlich ist, je nach Situation ein C1-, C2- oder C3-Visum;<\/li>\n\n\n\n<li>F\u00fcllen Sie das <a href=\"https:\/\/usa-b2.com\/de\/ds-160\/\">Formular DS-160<\/a> online aus und achten Sie darauf, dass Sie genaue und vollst\u00e4ndige Angaben machen.<\/li>\n\n\n\n<li>Sobald Sie das Formular eingereicht haben, zahlen Sie die <a href=\"https:\/\/usa-b2.com\/de\/gebuhren-b2-visum\/\">Visumantragsgeb\u00fchr<\/a>, die nicht zur\u00fcckerstattet werden kann.<\/li>\n\n\n\n<li>Planen Sie dann ein <a href=\"https:\/\/usa-b2.com\/de\/visumstermin-us-botschaft\/\">Interview in der US-Botschaft<\/a> des Landes, in dem Sie Ihren Wohnsitz haben. Bei diesem Gespr\u00e4ch m\u00fcssen Sie die erforderlichen Dokumente vorlegen, einschlie\u00dflich : \n<ul class=\"wp-block-list\">\n<li><a href=\"https:\/\/usa-b2.com\/de\/reisepass-fur-die-usa\/\">G\u00fcltiger Reisepass f\u00fcr Reisen in die USA<\/a><\/li>\n\n\n\n<li>Das Foto entspricht den Anforderungen<\/li>\n\n\n\n<li>Die Best\u00e4tigung des <a href=\"https:\/\/usa-b2.com\/de\/ds-160\/\">Formulars DS-160<\/a><\/li>\n\n\n\n<li>Beweise f\u00fcr die Reiseroute, z.B. Flugtickets<\/li>\n\n\n\n<li>Alle Dokumente, die den offiziellen Status im Rahmen eines C2- oder C3-Visums belegen.<\/li>\n<\/ul>\n<\/li>\n<\/ul>\n\n<div style=\"height:10px\" aria-hidden=\"true\" class=\"wp-block-spacer\"><\/div>\n\n<p>Es ist wichtig zu zeigen, dass der Transit in die USA keine Gelegenheit zum Verbleib in den USA ist. Nach der Genehmigung wird das Visum in den Reisepass gestempelt, um legal durch die USA zu reisen.<\/p>\n","protected":false},"excerpt":{"rendered":"<p>Ein Visum f\u00fcr die Durchreise durch die USA beantragen Bei einem Zwischenstopp in den USA ben\u00f6tigt ein ausl\u00e4ndischer Reisender eine Genehmigung zur Durchreise durch das US-amerikanische Hoheitsgebiet. Ein Transitvisum erm\u00f6glicht die Durchreise durch die USA als Teil einer Reise zu einem Endziel. F\u00fcr einen Zwischenstopp in den USA: Es ist nicht notwendig, ein Transitvisum zu [&hellip;]<\/p>\n","protected":false},"author":1,"featured_media":0,"parent":0,"menu_order":0,"comment_status":"closed","ping_status":"closed","template":"","meta":{"footnotes":""},"class_list":["post-1295","page","type-page","status-publish","hentry"],"yoast_head":"<!-- This site is optimized with the Yoast SEO plugin v27.4 - https:\/\/yoast.com\/product\/yoast-seo-wordpress\/ -->\n<title>Transitvisum f\u00fcr die USA - USA B2<\/title>\n<meta name=\"description\" content=\"F\u00fcr einen Zwischenstopp in den USA ist es notwendig, ein g\u00fcltiges Visum oder eine ESTA-Genehmigung zu besitzen.\" \/>\n<meta name=\"robots\" content=\"index, follow, max-snippet:-1, max-image-preview:large, max-video-preview:-1\" \/>\n<link rel=\"canonical\" href=\"https:\/\/usa-b2.com\/de\/transit-visum-usa\/\" \/>\n<meta property=\"og:locale\" content=\"de_DE\" \/>\n<meta property=\"og:type\" content=\"article\" \/>\n<meta property=\"og:title\" content=\"Transitvisum f\u00fcr die USA - USA B2\" \/>\n<meta property=\"og:description\" content=\"F\u00fcr einen Zwischenstopp in den USA ist es notwendig, ein g\u00fcltiges Visum oder eine ESTA-Genehmigung zu besitzen.\" \/>\n<meta property=\"og:url\" content=\"https:\/\/usa-b2.com\/de\/transit-visum-usa\/\" \/>\n<meta property=\"og:site_name\" content=\"USA B2\" \/>\n<meta property=\"article:modified_time\" content=\"2026-04-17T07:14:15+00:00\" \/>\n<meta name=\"twitter:card\" content=\"summary_large_image\" \/>\n<meta name=\"twitter:label1\" content=\"Gesch\u00e4tzte Lesezeit\" \/>\n\t<meta name=\"twitter:data1\" content=\"3\u00a0Minuten\" \/>\n<script type=\"application\/ld+json\" class=\"yoast-schema-graph\">{\"@context\":\"https:\\\/\\\/schema.org\",\"@graph\":[{\"@type\":\"WebPage\",\"@id\":\"https:\\\/\\\/usa-b2.com\\\/de\\\/transit-visum-usa\\\/\",\"url\":\"https:\\\/\\\/usa-b2.com\\\/de\\\/transit-visum-usa\\\/\",\"name\":\"Transitvisum f\u00fcr die USA - USA B2\",\"isPartOf\":{\"@id\":\"https:\\\/\\\/usa-b2.com\\\/de\\\/#website\"},\"datePublished\":\"2024-02-27T10:27:31+00:00\",\"dateModified\":\"2026-04-17T07:14:15+00:00\",\"description\":\"F\u00fcr einen Zwischenstopp in den USA ist es notwendig, ein g\u00fcltiges Visum oder eine ESTA-Genehmigung zu besitzen.\",\"breadcrumb\":{\"@id\":\"https:\\\/\\\/usa-b2.com\\\/de\\\/transit-visum-usa\\\/#breadcrumb\"},\"inLanguage\":\"de\",\"potentialAction\":[{\"@type\":\"ReadAction\",\"target\":[\"https:\\\/\\\/usa-b2.com\\\/de\\\/transit-visum-usa\\\/\"]}]},{\"@type\":\"BreadcrumbList\",\"@id\":\"https:\\\/\\\/usa-b2.com\\\/de\\\/transit-visum-usa\\\/#breadcrumb\",\"itemListElement\":[{\"@type\":\"ListItem\",\"position\":1,\"name\":\"Accueil\",\"item\":\"https:\\\/\\\/usa-b2.com\\\/de\\\/usa\\\/\"},{\"@type\":\"ListItem\",\"position\":2,\"name\":\"Transitvisum f\u00fcr die USA\"}]},{\"@type\":\"WebSite\",\"@id\":\"https:\\\/\\\/usa-b2.com\\\/de\\\/#website\",\"url\":\"https:\\\/\\\/usa-b2.com\\\/de\\\/\",\"name\":\"USA B2 VISA\",\"description\":\"\",\"potentialAction\":[{\"@type\":\"SearchAction\",\"target\":{\"@type\":\"EntryPoint\",\"urlTemplate\":\"https:\\\/\\\/usa-b2.com\\\/de\\\/?s={search_term_string}\"},\"query-input\":{\"@type\":\"PropertyValueSpecification\",\"valueRequired\":true,\"valueName\":\"search_term_string\"}}],\"inLanguage\":\"de\"}]}<\/script>\n<!-- \/ Yoast SEO plugin. -->","yoast_head_json":{"title":"Transitvisum f\u00fcr die USA - USA B2","description":"F\u00fcr einen Zwischenstopp in den USA ist es notwendig, ein g\u00fcltiges Visum oder eine ESTA-Genehmigung zu besitzen.","robots":{"index":"index","follow":"follow","max-snippet":"max-snippet:-1","max-image-preview":"max-image-preview:large","max-video-preview":"max-video-preview:-1"},"canonical":"https:\/\/usa-b2.com\/de\/transit-visum-usa\/","og_locale":"de_DE","og_type":"article","og_title":"Transitvisum f\u00fcr die USA - USA B2","og_description":"F\u00fcr einen Zwischenstopp in den USA ist es notwendig, ein g\u00fcltiges Visum oder eine ESTA-Genehmigung zu besitzen.","og_url":"https:\/\/usa-b2.com\/de\/transit-visum-usa\/","og_site_name":"USA B2","article_modified_time":"2026-04-17T07:14:15+00:00","twitter_card":"summary_large_image","twitter_misc":{"Gesch\u00e4tzte Lesezeit":"3\u00a0Minuten"},"schema":{"@context":"https:\/\/schema.org","@graph":[{"@type":"WebPage","@id":"https:\/\/usa-b2.com\/de\/transit-visum-usa\/","url":"https:\/\/usa-b2.com\/de\/transit-visum-usa\/","name":"Transitvisum f\u00fcr die USA - USA B2","isPartOf":{"@id":"https:\/\/usa-b2.com\/de\/#website"},"datePublished":"2024-02-27T10:27:31+00:00","dateModified":"2026-04-17T07:14:15+00:00","description":"F\u00fcr einen Zwischenstopp in den USA ist es notwendig, ein g\u00fcltiges Visum oder eine ESTA-Genehmigung zu besitzen.","breadcrumb":{"@id":"https:\/\/usa-b2.com\/de\/transit-visum-usa\/#breadcrumb"},"inLanguage":"de","potentialAction":[{"@type":"ReadAction","target":["https:\/\/usa-b2.com\/de\/transit-visum-usa\/"]}]},{"@type":"BreadcrumbList","@id":"https:\/\/usa-b2.com\/de\/transit-visum-usa\/#breadcrumb","itemListElement":[{"@type":"ListItem","position":1,"name":"Accueil","item":"https:\/\/usa-b2.com\/de\/usa\/"},{"@type":"ListItem","position":2,"name":"Transitvisum f\u00fcr die USA"}]},{"@type":"WebSite","@id":"https:\/\/usa-b2.com\/de\/#website","url":"https:\/\/usa-b2.com\/de\/","name":"USA B2 VISA","description":"","potentialAction":[{"@type":"SearchAction","target":{"@type":"EntryPoint","urlTemplate":"https:\/\/usa-b2.com\/de\/?s={search_term_string}"},"query-input":{"@type":"PropertyValueSpecification","valueRequired":true,"valueName":"search_term_string"}}],"inLanguage":"de"}]}},"_links":{"self":[{"href":"https:\/\/usa-b2.com\/de\/wp-json\/wp\/v2\/pages\/1295","targetHints":{"allow":["GET"]}}],"collection":[{"href":"https:\/\/usa-b2.com\/de\/wp-json\/wp\/v2\/pages"}],"about":[{"href":"https:\/\/usa-b2.com\/de\/wp-json\/wp\/v2\/types\/page"}],"author":[{"embeddable":true,"href":"https:\/\/usa-b2.com\/de\/wp-json\/wp\/v2\/users\/1"}],"replies":[{"embeddable":true,"href":"https:\/\/usa-b2.com\/de\/wp-json\/wp\/v2\/comments?post=1295"}],"version-history":[{"count":5,"href":"https:\/\/usa-b2.com\/de\/wp-json\/wp\/v2\/pages\/1295\/revisions"}],"predecessor-version":[{"id":11325,"href":"https:\/\/usa-b2.com\/de\/wp-json\/wp\/v2\/pages\/1295\/revisions\/11325"}],"wp:attachment":[{"href":"https:\/\/usa-b2.com\/de\/wp-json\/wp\/v2\/media?parent=1295"}],"curies":[{"name":"wp","href":"https:\/\/api.w.org\/{rel}","templated":true}]}}