{"id":1245,"date":"2024-02-10T17:18:33","date_gmt":"2024-02-10T17:18:33","guid":{"rendered":"https:\/\/usa-b2.com\/visum-fur-new-york\/"},"modified":"2025-10-28T20:27:56","modified_gmt":"2025-10-28T20:27:56","slug":"visum-fur-new-york","status":"publish","type":"page","link":"https:\/\/usa-b2.com\/de\/visum-fur-new-york\/","title":{"rendered":"Ein Visum f\u00fcr New York in den USA beantragen"},"content":{"rendered":"\n<h1 class=\"wp-block-heading\" id=\"h-visa-chicago-pour-les-usa\">Visum \u00fcber New York f\u00fcr Reisen in die USA<\/h1>\n\n<p>Ausl\u00e4ndische Reisende, die planen, in New York anzukommen, um in die Vereinigten Staaten zu reisen, m\u00fcssen im Besitz einer g\u00fcltigen Reisegenehmigung sein. Es gibt verschiedene Arten von Reisegenehmigungen, die vom Grund und der Dauer des Aufenthalts in den USA abh\u00e4ngen. <\/p>\n\n<h2 class=\"wp-block-heading\" id=\"h-faut-il-un-visa-pour-chicago\">Ben\u00f6tigt man f\u00fcr New York ein Visum?<\/h2>\n\n<p>New York ist die touristischste Stadt im Norden der Vereinigten Staaten. F\u00fcr einen touristischen Aufenthalt von mehr als drei Monaten in den USA mit Landung in New York m\u00fcssen ausl\u00e4ndische Reisende ein <a href=\"https:\/\/usa-b2.com\/de\/b2-visum\/\">B2-Visum<\/a> besitzen. <\/p>\n\n<p><strong>Bei einem Aufenthalt von weniger als 90 Tagen<\/strong>: Es ist nicht notwendig, ein b2-Visum f\u00fcr New York zu beantragen. Sie m\u00fcssen lediglich eine Reisegenehmigung beantragen, indem Sie auf <a href=\"https:\/\/usa-b2.com\/de\/esta-online-formular\/\">ESTA-Online-Formular<\/a> klicken. <\/p>\n\n<div style=\"height:10px\" aria-hidden=\"true\" class=\"wp-block-spacer\"><\/div>\n\n<h2 class=\"wp-block-heading\">Was ist ein Touristenvisum f\u00fcr New York?<\/h2>\n\n<p>Ein B2-Touristenvisum f\u00fcr New York erm\u00f6glicht es Reisenden, f\u00fcr einen Aufenthalt in den USA in New York zu landen. Mit einem B2-Visum k\u00f6nnen Reisende Touristen sein oder ihre in den USA lebenden Verwandten besuchen. Das Visum ist zun\u00e4chst sechs Monate lang g\u00fcltig.  <\/p>\n\n<h2 class=\"wp-block-heading\">Ben\u00f6tigt man f\u00fcr einen Zwischenstopp in New York ein Visum?<\/h2>\n\n<p>Um in New York einen Zwischenstopp einzulegen, m\u00fcssen Reisende eine g\u00fcltige Reisegenehmigung besitzen. Es gibt verschiedene m\u00f6gliche Reisegenehmigungen.  <\/p>\n\n<p>Wenn der Reisende Staatsangeh\u00f6riger eines Landes ist, das am <a href=\"https:\/\/usa-b2.com\/de\/programm-befreiung-visumpflicht\/\">Visa Waiver Program<\/a> teilnimmt, ist kein <a href=\"https:\/\/usa-b2.com\/de\/transit-visum-usa\/\">Transitvisum<\/a> erforderlich. Reisende k\u00f6nnen mit einer einfachen ESTA-Genehmigung durch New York durchreisen.<\/p>\n\n<p>Wenn der Reisende kein B\u00fcrger eines Landes ist, das von der Visumspflicht befreit ist, muss er ein <a href=\"https:\/\/usa-b2.com\/de\/b2-visumformular-online\/\">B2-Visum beantragen<\/a>, bevor er eine Reise mit einem Zwischenstopp in New York plant.<\/p>\n\n<h2 class=\"wp-block-heading\" id=\"h-quel-est-le-prix-du-visa-pour-chicago\">Wie hoch sind die Geb\u00fchren f\u00fcr ein Visum f\u00fcr New York?<\/h2>\n\n<p>Die <a href=\"https:\/\/usa-b2.com\/de\/gebuhren-b2-visum\/\">Geb\u00fchren f\u00fcr ein B2-Visum<\/a> f\u00fcr New York betragen seit dem Jahr 2023 mindestens 185 US$. Die Geb\u00fchren sind bei der Beantragung des Visums zu entrichten, um den Antrag online zu best\u00e4tigen. Die Quittung \u00fcber die Zahlung der Geb\u00fchr muss den Belegen im Rahmen des <a href=\"https:\/\/usa-b2.com\/de\/verfahren-beantragung-b2-visum\/\">B2-Visa-Antragsverfahrens<\/a> beigef\u00fcgt werden.<\/p>\n\n<h2 class=\"wp-block-heading\" id=\"h-comment-obtenir-un-visa-pour-chicago\">Wie bekomme ich ein Visum f\u00fcr New York?<\/h2>\n\n<p>Um ein B2-Visum f\u00fcr Reisen nach New York zu erhalten, m\u00fcssen Sie den <a href=\"https:\/\/usa-b2.com\/de\/verfahren-beantragung-b2-visum\/\">Online-Visumantragsvorgang<\/a> von <a href=\"https:\/\/www.uscis.gov\/\">USCIS<\/a> durchf\u00fchren lassen. Die endg\u00fcltige Entscheidung \u00fcber die Erteilung eines Visums wird nach einem <a href=\"https:\/\/usa-b2.com\/de\/visumstermin-us-botschaft\/\">Visainterview in der US-Botschaft<\/a> getroffen.<\/p>\n\n<h2 class=\"wp-block-heading\" id=\"h-faut-il-un-visa-esta-pour-chicago\">Wer kann ein ESTA f\u00fcr New York beantragen?<\/h2>\n\n<p>Ein B\u00fcrger eines Landes, das Mitglied des US-Programms f\u00fcr visumfreies Reisen (Visa Waiver Program) ist, kann online einen <a href=\"https:\/\/usa-b2.com\/de\/esta-online-formular\/\">ESTA-Antrag<\/a> f\u00fcr New York stellen. Die Fristen f\u00fcr die Erteilung einer ESTA-Genehmigung sind viel k\u00fcrzer als f\u00fcr ein B2-Visum bei einer <a href=\"https:\/\/usa-b2.com\/de\/usa-botschaft\/\">US-Botschaft<\/a>. <\/p>\n\n<p>Eine ESTA-Genehmigung f\u00fcr New York hat eine G\u00fcltigkeitsdauer von zwei Jahren. Die Genehmigung kann fr\u00fcher ablaufen, wenn der <a href=\"https:\/\/usa-b2.com\/de\/reisepass-fur-die-usa\/\">Reisepass f\u00fcr die USA<\/a> innerhalb von zwei Jahren abl\u00e4uft. Die Genehmigung ist an den Reisepass gebunden, mit dem sie ausgestellt wurde. <\/p>\n\n<p>Ein ESTA erlaubt einen Aufenthalt von bis zu 90 Tagen in den USA. Innerhalb der zweij\u00e4hrigen <a href=\"https:\/\/usa-b2.com\/de\/gultigkeitsdauer-esta\/\">G\u00fcltigkeitsdauer des ESTA<\/a> k\u00f6nnen mehrere Aufenthalte von 90 Tagen erfolgen.  <\/p>\n","protected":false},"excerpt":{"rendered":"<p>Visum \u00fcber New York f\u00fcr Reisen in die USA Ausl\u00e4ndische Reisende, die planen, in New York anzukommen, um in die Vereinigten Staaten zu reisen, m\u00fcssen im Besitz einer g\u00fcltigen Reisegenehmigung sein. Es gibt verschiedene Arten von Reisegenehmigungen, die vom Grund und der Dauer des Aufenthalts in den USA abh\u00e4ngen. Ben\u00f6tigt man f\u00fcr New York ein [&hellip;]<\/p>\n","protected":false},"author":1,"featured_media":0,"parent":0,"menu_order":0,"comment_status":"closed","ping_status":"closed","template":"","meta":{"footnotes":""},"class_list":["post-1245","page","type-page","status-publish","hentry"],"yoast_head":"<!-- This site is optimized with the Yoast SEO plugin v27.4 - https:\/\/yoast.com\/product\/yoast-seo-wordpress\/ -->\n<title>Ein Visum f\u00fcr New York in den USA beantragen - USA B2<\/title>\n<meta name=\"description\" content=\"Wie man ein Visum f\u00fcr eine Reise in die USA erh\u00e4lt, wenn man in New York landet. Es gibt verschiedene L\u00f6sungen f\u00fcr die Genehmigung einer Reise.\" \/>\n<meta name=\"robots\" content=\"index, follow, max-snippet:-1, max-image-preview:large, max-video-preview:-1\" \/>\n<link rel=\"canonical\" href=\"https:\/\/usa-b2.com\/de\/visum-fur-new-york\/\" \/>\n<meta property=\"og:locale\" content=\"de_DE\" \/>\n<meta property=\"og:type\" content=\"article\" \/>\n<meta property=\"og:title\" content=\"Ein Visum f\u00fcr New York in den USA beantragen - USA B2\" \/>\n<meta property=\"og:description\" content=\"Wie man ein Visum f\u00fcr eine Reise in die USA erh\u00e4lt, wenn man in New York landet. Es gibt verschiedene L\u00f6sungen f\u00fcr die Genehmigung einer Reise.\" \/>\n<meta property=\"og:url\" content=\"https:\/\/usa-b2.com\/de\/visum-fur-new-york\/\" \/>\n<meta property=\"og:site_name\" content=\"USA B2\" \/>\n<meta property=\"article:modified_time\" content=\"2025-10-28T20:27:56+00:00\" \/>\n<meta name=\"twitter:card\" content=\"summary_large_image\" \/>\n<meta name=\"twitter:label1\" content=\"Gesch\u00e4tzte Lesezeit\" \/>\n\t<meta name=\"twitter:data1\" content=\"3\u00a0Minuten\" \/>\n<script type=\"application\/ld+json\" class=\"yoast-schema-graph\">{\"@context\":\"https:\\\/\\\/schema.org\",\"@graph\":[{\"@type\":\"WebPage\",\"@id\":\"https:\\\/\\\/usa-b2.com\\\/de\\\/visum-fur-new-york\\\/\",\"url\":\"https:\\\/\\\/usa-b2.com\\\/de\\\/visum-fur-new-york\\\/\",\"name\":\"Ein Visum f\u00fcr New York in den USA beantragen - USA B2\",\"isPartOf\":{\"@id\":\"https:\\\/\\\/usa-b2.com\\\/de\\\/#website\"},\"datePublished\":\"2024-02-10T17:18:33+00:00\",\"dateModified\":\"2025-10-28T20:27:56+00:00\",\"description\":\"Wie man ein Visum f\u00fcr eine Reise in die USA erh\u00e4lt, wenn man in New York landet. Es gibt verschiedene L\u00f6sungen f\u00fcr die Genehmigung einer Reise.\",\"breadcrumb\":{\"@id\":\"https:\\\/\\\/usa-b2.com\\\/de\\\/visum-fur-new-york\\\/#breadcrumb\"},\"inLanguage\":\"de\",\"potentialAction\":[{\"@type\":\"ReadAction\",\"target\":[\"https:\\\/\\\/usa-b2.com\\\/de\\\/visum-fur-new-york\\\/\"]}]},{\"@type\":\"BreadcrumbList\",\"@id\":\"https:\\\/\\\/usa-b2.com\\\/de\\\/visum-fur-new-york\\\/#breadcrumb\",\"itemListElement\":[{\"@type\":\"ListItem\",\"position\":1,\"name\":\"Accueil\",\"item\":\"https:\\\/\\\/usa-b2.com\\\/de\\\/usa\\\/\"},{\"@type\":\"ListItem\",\"position\":2,\"name\":\"Ein Visum f\u00fcr New York in den USA beantragen\"}]},{\"@type\":\"WebSite\",\"@id\":\"https:\\\/\\\/usa-b2.com\\\/de\\\/#website\",\"url\":\"https:\\\/\\\/usa-b2.com\\\/de\\\/\",\"name\":\"USA B2 VISA\",\"description\":\"\",\"potentialAction\":[{\"@type\":\"SearchAction\",\"target\":{\"@type\":\"EntryPoint\",\"urlTemplate\":\"https:\\\/\\\/usa-b2.com\\\/de\\\/?s={search_term_string}\"},\"query-input\":{\"@type\":\"PropertyValueSpecification\",\"valueRequired\":true,\"valueName\":\"search_term_string\"}}],\"inLanguage\":\"de\"}]}<\/script>\n<!-- \/ Yoast SEO plugin. -->","yoast_head_json":{"title":"Ein Visum f\u00fcr New York in den USA beantragen - USA B2","description":"Wie man ein Visum f\u00fcr eine Reise in die USA erh\u00e4lt, wenn man in New York landet. Es gibt verschiedene L\u00f6sungen f\u00fcr die Genehmigung einer Reise.","robots":{"index":"index","follow":"follow","max-snippet":"max-snippet:-1","max-image-preview":"max-image-preview:large","max-video-preview":"max-video-preview:-1"},"canonical":"https:\/\/usa-b2.com\/de\/visum-fur-new-york\/","og_locale":"de_DE","og_type":"article","og_title":"Ein Visum f\u00fcr New York in den USA beantragen - USA B2","og_description":"Wie man ein Visum f\u00fcr eine Reise in die USA erh\u00e4lt, wenn man in New York landet. Es gibt verschiedene L\u00f6sungen f\u00fcr die Genehmigung einer Reise.","og_url":"https:\/\/usa-b2.com\/de\/visum-fur-new-york\/","og_site_name":"USA B2","article_modified_time":"2025-10-28T20:27:56+00:00","twitter_card":"summary_large_image","twitter_misc":{"Gesch\u00e4tzte Lesezeit":"3\u00a0Minuten"},"schema":{"@context":"https:\/\/schema.org","@graph":[{"@type":"WebPage","@id":"https:\/\/usa-b2.com\/de\/visum-fur-new-york\/","url":"https:\/\/usa-b2.com\/de\/visum-fur-new-york\/","name":"Ein Visum f\u00fcr New York in den USA beantragen - USA B2","isPartOf":{"@id":"https:\/\/usa-b2.com\/de\/#website"},"datePublished":"2024-02-10T17:18:33+00:00","dateModified":"2025-10-28T20:27:56+00:00","description":"Wie man ein Visum f\u00fcr eine Reise in die USA erh\u00e4lt, wenn man in New York landet. Es gibt verschiedene L\u00f6sungen f\u00fcr die Genehmigung einer Reise.","breadcrumb":{"@id":"https:\/\/usa-b2.com\/de\/visum-fur-new-york\/#breadcrumb"},"inLanguage":"de","potentialAction":[{"@type":"ReadAction","target":["https:\/\/usa-b2.com\/de\/visum-fur-new-york\/"]}]},{"@type":"BreadcrumbList","@id":"https:\/\/usa-b2.com\/de\/visum-fur-new-york\/#breadcrumb","itemListElement":[{"@type":"ListItem","position":1,"name":"Accueil","item":"https:\/\/usa-b2.com\/de\/usa\/"},{"@type":"ListItem","position":2,"name":"Ein Visum f\u00fcr New York in den USA beantragen"}]},{"@type":"WebSite","@id":"https:\/\/usa-b2.com\/de\/#website","url":"https:\/\/usa-b2.com\/de\/","name":"USA B2 VISA","description":"","potentialAction":[{"@type":"SearchAction","target":{"@type":"EntryPoint","urlTemplate":"https:\/\/usa-b2.com\/de\/?s={search_term_string}"},"query-input":{"@type":"PropertyValueSpecification","valueRequired":true,"valueName":"search_term_string"}}],"inLanguage":"de"}]}},"_links":{"self":[{"href":"https:\/\/usa-b2.com\/de\/wp-json\/wp\/v2\/pages\/1245","targetHints":{"allow":["GET"]}}],"collection":[{"href":"https:\/\/usa-b2.com\/de\/wp-json\/wp\/v2\/pages"}],"about":[{"href":"https:\/\/usa-b2.com\/de\/wp-json\/wp\/v2\/types\/page"}],"author":[{"embeddable":true,"href":"https:\/\/usa-b2.com\/de\/wp-json\/wp\/v2\/users\/1"}],"replies":[{"embeddable":true,"href":"https:\/\/usa-b2.com\/de\/wp-json\/wp\/v2\/comments?post=1245"}],"version-history":[{"count":3,"href":"https:\/\/usa-b2.com\/de\/wp-json\/wp\/v2\/pages\/1245\/revisions"}],"predecessor-version":[{"id":10713,"href":"https:\/\/usa-b2.com\/de\/wp-json\/wp\/v2\/pages\/1245\/revisions\/10713"}],"wp:attachment":[{"href":"https:\/\/usa-b2.com\/de\/wp-json\/wp\/v2\/media?parent=1245"}],"curies":[{"name":"wp","href":"https:\/\/api.w.org\/{rel}","templated":true}]}}