{"id":1016,"date":"2024-02-19T17:16:58","date_gmt":"2024-02-19T17:16:58","guid":{"rendered":"https:\/\/usa-b2.com\/datenschutz-bestimmungen\/"},"modified":"2025-02-06T10:09:37","modified_gmt":"2025-02-06T10:09:37","slug":"datenschutz-bestimmungen","status":"publish","type":"page","link":"https:\/\/usa-b2.com\/de\/datenschutz-bestimmungen\/","title":{"rendered":"Datenschutzrichtlinie"},"content":{"rendered":"\n<h1 class=\"wp-block-heading\">Unsere Datenschutzrichtlinien<\/h1>\n\n<p>usa-b2.com ist eine Informationsseite \u00fcber m\u00f6gliche Road-Trips in den Vereinigten Staaten. Die Seite bietet keine Online-Dienste an. Das einzige Formular auf der Website ist das <a href=\"https:\/\/usa-b2.com\/de\/contact\/\">Kontaktformular<\/a>.<\/p>\n\n<h2 class=\"wp-block-heading\">Das Sammeln von Informationen auf der Seite<\/h2>\n\n<p>Hier ist eine Liste der pers\u00f6nlichen Informationen, die auf unserer Seite gesammelt werden k\u00f6nnen:<\/p>\n\n<ul class=\"wp-block-list\">\n<li>Informationen von Ihrem Computer, also Ihre IP-Adresse, Ihren Standort, Ihren Browser, Ihr Betriebssystem ;<\/li>\n\n\n\n<li>Kontaktinformationen, wenn Sie eine E-Mail an unser Support-Team schicken, wie z. B. Vorname, Nachname, E-Mail. Informationen, die in den E-Mails enthalten sind, die Sie an uns senden.<\/li>\n<\/ul>\n\n<h2 class=\"wp-block-heading\">Verwendung der gesammelten Daten<\/h2>\n\n<p>Wir geben Ihre pers\u00f6nlichen Informationen unter keinen Umst\u00e4nden an Dritte weiter. Wir verwenden die gesammelten Daten nicht f\u00fcr Direktmarketing oder kommerzielle Zwecke.<\/p>\n\n<h2 class=\"wp-block-heading\">Dauer der Speicherung von Daten<\/h2>\n\n<p>Die gesammelten Daten werden regelm\u00e4\u00dfig gel\u00f6scht, das bedeutet, dass wir keine Inhalte von E-Mails, die uns \u00fcbermittelt wurden, l\u00e4nger als einen Monat aufbewahren. Wir verwenden die Browserdaten nicht zu Marketingzwecken.<\/p>\n\n<h2 class=\"wp-block-heading\">Ihre Rechte in Bezug auf personenbezogene Daten<\/h2>\n\n<p>Sie haben das Recht, uns aufzufordern, Ihnen alle pers\u00f6nlichen Daten, die wir \u00fcber Sie haben, zu \u00fcbermitteln; diese \u00dcbermittlung kann gegen Vorlage eines Identit\u00e4tsnachweises (beglaubigte Passkopie + Rechnung, auf der Ihre Privatadresse angegeben ist) erfolgen.<\/p>\n\n<h2 class=\"wp-block-heading\">Aktualisierung dieser Datenschutzrichtlinie<\/h2>\n\n<p>Regelm\u00e4\u00dfig aktualisieren wir diese Richtlinie. Es ist notwendig, diese Seite bei der Nutzung der Website zu \u00fcberpr\u00fcfen, um \u00c4nderungen in Bezug auf den Schutz pers\u00f6nlicher Daten zu erfahren.<\/p>\n\n<h2 class=\"wp-block-heading\">Kontext-Links zu Webseiten Dritter<\/h2>\n\n<p>Unsere Website enth\u00e4lt Hyperlinks, die zu Websites Dritter f\u00fchren. Wir haben keine Kontrolle \u00fcber diese Websites und sind nicht f\u00fcr ihre Datenschutzrichtlinien oder ihre Gesch\u00e4fts- oder Marketingpraktiken verantwortlich.<\/p>\n\n<p><\/p>\n","protected":false},"excerpt":{"rendered":"<p>Unsere Datenschutzrichtlinien usa-b2.com ist eine Informationsseite \u00fcber m\u00f6gliche Road-Trips in den Vereinigten Staaten. Die Seite bietet keine Online-Dienste an. Das einzige Formular auf der Website ist das Kontaktformular. Das Sammeln von Informationen auf der Seite Hier ist eine Liste der pers\u00f6nlichen Informationen, die auf unserer Seite gesammelt werden k\u00f6nnen: Verwendung der gesammelten Daten Wir geben [&hellip;]<\/p>\n","protected":false},"author":1,"featured_media":0,"parent":0,"menu_order":0,"comment_status":"closed","ping_status":"closed","template":"","meta":{"footnotes":""},"class_list":["post-1016","page","type-page","status-publish","hentry"],"yoast_head":"<!-- This site is optimized with the Yoast SEO plugin v27.4 - https:\/\/yoast.com\/product\/yoast-seo-wordpress\/ -->\n<title>Datenschutzrichtlinie - USA B2<\/title>\n<meta name=\"description\" content=\"Datenschutzrichtlinie f\u00fcr usa-b2.com\" \/>\n<meta name=\"robots\" content=\"noindex, nofollow\" \/>\n<meta property=\"og:locale\" content=\"de_DE\" \/>\n<meta property=\"og:type\" content=\"article\" \/>\n<meta property=\"og:title\" content=\"Datenschutzrichtlinie - USA B2\" \/>\n<meta property=\"og:description\" content=\"Datenschutzrichtlinie f\u00fcr usa-b2.com\" \/>\n<meta property=\"og:url\" content=\"https:\/\/usa-b2.com\/de\/datenschutz-bestimmungen\/\" \/>\n<meta property=\"og:site_name\" content=\"USA B2\" \/>\n<meta property=\"article:modified_time\" content=\"2025-02-06T10:09:37+00:00\" \/>\n<meta name=\"twitter:card\" content=\"summary_large_image\" \/>\n<meta name=\"twitter:label1\" content=\"Gesch\u00e4tzte Lesezeit\" \/>\n\t<meta name=\"twitter:data1\" content=\"1\u00a0Minute\" \/>\n<script type=\"application\/ld+json\" class=\"yoast-schema-graph\">{\"@context\":\"https:\\\/\\\/schema.org\",\"@graph\":[{\"@type\":\"WebPage\",\"@id\":\"https:\\\/\\\/usa-b2.com\\\/de\\\/datenschutz-bestimmungen\\\/\",\"url\":\"https:\\\/\\\/usa-b2.com\\\/de\\\/datenschutz-bestimmungen\\\/\",\"name\":\"Datenschutzrichtlinie - USA B2\",\"isPartOf\":{\"@id\":\"https:\\\/\\\/usa-b2.com\\\/de\\\/#website\"},\"datePublished\":\"2024-02-19T17:16:58+00:00\",\"dateModified\":\"2025-02-06T10:09:37+00:00\",\"description\":\"Datenschutzrichtlinie f\u00fcr usa-b2.com\",\"breadcrumb\":{\"@id\":\"https:\\\/\\\/usa-b2.com\\\/de\\\/datenschutz-bestimmungen\\\/#breadcrumb\"},\"inLanguage\":\"de\",\"potentialAction\":[{\"@type\":\"ReadAction\",\"target\":[\"https:\\\/\\\/usa-b2.com\\\/de\\\/datenschutz-bestimmungen\\\/\"]}]},{\"@type\":\"BreadcrumbList\",\"@id\":\"https:\\\/\\\/usa-b2.com\\\/de\\\/datenschutz-bestimmungen\\\/#breadcrumb\",\"itemListElement\":[{\"@type\":\"ListItem\",\"position\":1,\"name\":\"Accueil\",\"item\":\"https:\\\/\\\/usa-b2.com\\\/de\\\/usa\\\/\"},{\"@type\":\"ListItem\",\"position\":2,\"name\":\"Datenschutzrichtlinie\"}]},{\"@type\":\"WebSite\",\"@id\":\"https:\\\/\\\/usa-b2.com\\\/de\\\/#website\",\"url\":\"https:\\\/\\\/usa-b2.com\\\/de\\\/\",\"name\":\"USA B2 VISA\",\"description\":\"\",\"potentialAction\":[{\"@type\":\"SearchAction\",\"target\":{\"@type\":\"EntryPoint\",\"urlTemplate\":\"https:\\\/\\\/usa-b2.com\\\/de\\\/?s={search_term_string}\"},\"query-input\":{\"@type\":\"PropertyValueSpecification\",\"valueRequired\":true,\"valueName\":\"search_term_string\"}}],\"inLanguage\":\"de\"}]}<\/script>\n<!-- \/ Yoast SEO plugin. -->","yoast_head_json":{"title":"Datenschutzrichtlinie - USA B2","description":"Datenschutzrichtlinie f\u00fcr usa-b2.com","robots":{"index":"noindex","follow":"nofollow"},"og_locale":"de_DE","og_type":"article","og_title":"Datenschutzrichtlinie - USA B2","og_description":"Datenschutzrichtlinie f\u00fcr usa-b2.com","og_url":"https:\/\/usa-b2.com\/de\/datenschutz-bestimmungen\/","og_site_name":"USA B2","article_modified_time":"2025-02-06T10:09:37+00:00","twitter_card":"summary_large_image","twitter_misc":{"Gesch\u00e4tzte Lesezeit":"1\u00a0Minute"},"schema":{"@context":"https:\/\/schema.org","@graph":[{"@type":"WebPage","@id":"https:\/\/usa-b2.com\/de\/datenschutz-bestimmungen\/","url":"https:\/\/usa-b2.com\/de\/datenschutz-bestimmungen\/","name":"Datenschutzrichtlinie - USA B2","isPartOf":{"@id":"https:\/\/usa-b2.com\/de\/#website"},"datePublished":"2024-02-19T17:16:58+00:00","dateModified":"2025-02-06T10:09:37+00:00","description":"Datenschutzrichtlinie f\u00fcr usa-b2.com","breadcrumb":{"@id":"https:\/\/usa-b2.com\/de\/datenschutz-bestimmungen\/#breadcrumb"},"inLanguage":"de","potentialAction":[{"@type":"ReadAction","target":["https:\/\/usa-b2.com\/de\/datenschutz-bestimmungen\/"]}]},{"@type":"BreadcrumbList","@id":"https:\/\/usa-b2.com\/de\/datenschutz-bestimmungen\/#breadcrumb","itemListElement":[{"@type":"ListItem","position":1,"name":"Accueil","item":"https:\/\/usa-b2.com\/de\/usa\/"},{"@type":"ListItem","position":2,"name":"Datenschutzrichtlinie"}]},{"@type":"WebSite","@id":"https:\/\/usa-b2.com\/de\/#website","url":"https:\/\/usa-b2.com\/de\/","name":"USA B2 VISA","description":"","potentialAction":[{"@type":"SearchAction","target":{"@type":"EntryPoint","urlTemplate":"https:\/\/usa-b2.com\/de\/?s={search_term_string}"},"query-input":{"@type":"PropertyValueSpecification","valueRequired":true,"valueName":"search_term_string"}}],"inLanguage":"de"}]}},"_links":{"self":[{"href":"https:\/\/usa-b2.com\/de\/wp-json\/wp\/v2\/pages\/1016","targetHints":{"allow":["GET"]}}],"collection":[{"href":"https:\/\/usa-b2.com\/de\/wp-json\/wp\/v2\/pages"}],"about":[{"href":"https:\/\/usa-b2.com\/de\/wp-json\/wp\/v2\/types\/page"}],"author":[{"embeddable":true,"href":"https:\/\/usa-b2.com\/de\/wp-json\/wp\/v2\/users\/1"}],"replies":[{"embeddable":true,"href":"https:\/\/usa-b2.com\/de\/wp-json\/wp\/v2\/comments?post=1016"}],"version-history":[{"count":0,"href":"https:\/\/usa-b2.com\/de\/wp-json\/wp\/v2\/pages\/1016\/revisions"}],"wp:attachment":[{"href":"https:\/\/usa-b2.com\/de\/wp-json\/wp\/v2\/media?parent=1016"}],"curies":[{"name":"wp","href":"https:\/\/api.w.org\/{rel}","templated":true}]}}