{"id":9698,"date":"2025-08-28T16:20:16","date_gmt":"2025-08-28T16:20:16","guid":{"rendered":"https:\/\/usa-b2.com\/b1-b2-visa-for-brazilian\/"},"modified":"2025-09-13T07:21:37","modified_gmt":"2025-09-13T07:21:37","slug":"b1-b2-visa-for-brazilian","status":"publish","type":"page","link":"https:\/\/usa-b2.com\/da\/b1-b2-visa-for-brazilian\/","title":{"rendered":"B1\/B2-visum til brasilianske rejsende"},"content":{"rendered":"\n<h1 class=\"wp-block-heading\">B1\/B2-visum til brasilianere, der rejser til USA<\/h1>\n\n<p>B1\/B2-visummet til brasilianere er et af de mest popul\u00e6re visa for rejsende til USA i forbindelse med turisme, forretnings- eller familiebes\u00f8g. I mods\u00e6tning til statsborgere <a href=\"https:\/\/usa-b2.com\/da\/visum-fritagelse-program\/\">fra visse lande, som er fritaget for visumkravet<\/a> takket v\u00e6re ESTA-programmet, er brasilianske statsborgere forpligtet til at gennemg\u00e5 denne procedure. <\/p>\n\n<h2 class=\"wp-block-heading\">Hvad er et B1\/B2-visum?<\/h2>\n\n<p><a href=\"https:\/\/usa-b2.com\/da\/us-b1-b2-visum\/\">B1\/B2-visummet<\/a> er det dokument, der oftest udstedes til brasilianske statsborgere, der \u00f8nsker at rejse til USA. Det kombinerer to forskellige anvendelser i en enkelt tilladelse:   <\/p>\n\n<ul class=\"wp-block-list\">\n<li><a href=\"https:\/\/usa-b2.com\/da\/b1-visum-usa\/\">B1-visummet<\/a> er til forretningsrejser. Det giver dig mulighed for at deltage i en konference, m\u00f8de partnere eller forhandle en kontrakt. <\/li>\n\n\n\n<li><a href=\"https:\/\/usa-b2.com\/da\/b2-visum\/\">B2-visummet<\/a> er beregnet til turisme, ferie eller familiebes\u00f8g. For mange brasilianere er dette visum porten til USA, hvad enten det er for at opdage landet, udvikle et professionelt projekt eller blot bes\u00f8ge sl\u00e6gtninge. <\/li>\n<\/ul>\n\n<div style=\"height:10px\" aria-hidden=\"true\" class=\"wp-block-spacer\"><\/div>\n\n<h2 class=\"wp-block-heading\">Trin i forbindelse med ans\u00f8gning om et B1\/B2-visum i Brasilien<\/h2>\n\n<p>Her er de vigtigste trin i at ans\u00f8ge om et B1\/B2-visum i Brasilien:<\/p>\n\n<ol class=\"wp-block-list\">\n<li>Udfyld <a href=\"https:\/\/usa-b2.com\/da\/ds-160\/\">formular DS-160<\/a> online.<\/li>\n\n\n\n<li>Betal <a href=\"https:\/\/usa-b2.com\/da\/gebyrer-b2-visum\/\">visumgebyret<\/a> (ca. 185 USD i 2025).<\/li>\n\n\n\n<li>Opret en profil p\u00e5 det <a href=\"https:\/\/www.state.gov\/\">amerikanske udenrigsministeriums officielle hjemmeside.<\/a><\/li>\n\n\n\n<li>Lav en aftale p\u00e5 <a href=\"https:\/\/ais.usvisa-info.com\/pt-br\/niv\/information\/asc\">CASV<\/a> (Centro de Atendimento ao Solicitante de Visto).<\/li>\n\n\n\n<li>Deltag i et <a href=\"https:\/\/usa-b2.com\/da\/visumaftale-amerikanske-ambassade\/\">interview p\u00e5 den amerikanske ambassade<\/a> (S\u00e3o Paulo, Rio de Janeiro, Bras\u00edlia, Recife). Det er ved denne samtale, at konsulatet vil vurdere, om ans\u00f8geren har garantier for at kunne vende tilbage til Brasilien, f.eks. stabil besk\u00e6ftigelse, solide familieb\u00e5nd eller bevis for \u00f8konomisk solvens. <\/li>\n\n\n\n<li>Modtag visummet, og s\u00e6t det i dit <a href=\"https:\/\/usa-b2.com\/da\/pas-rejse-usa\/\">pas, s\u00e5 du kan rejse til USA.<\/a><\/li>\n<\/ol>\n\n<div style=\"height:10px\" aria-hidden=\"true\" class=\"wp-block-spacer\"><\/div>\n\n<h2 class=\"wp-block-heading\">Dokumenter, der kr\u00e6ves for at ans\u00f8ge om et B1\/B2-visum<\/h2>\n\n<ul class=\"wp-block-list\">\n<li>Gyldigt brasiliansk pas.<\/li>\n\n\n\n<li>DS-160 bekr\u00e6ftelsesside.<\/li>\n\n\n\n<li>Bekr\u00e6ftelse af aftale.<\/li>\n\n\n\n<li>Fotoet overholder de amerikanske krav.<\/li>\n\n\n\n<li>Finansielle dokumenter (kontoudtog, l\u00f8nsedler).<\/li>\n\n\n\n<li>Bevis for st\u00e6rk tilknytning til Brasilien (ans\u00e6ttelseskontrakt, ejendom, familie).<\/li>\n<\/ul>\n\n<div style=\"height:10px\" aria-hidden=\"true\" class=\"wp-block-spacer\"><\/div>\n\n<h2 class=\"wp-block-heading\">Gyldighed og varighed af B1\/B2-visum for brasilianere<\/h2>\n\n<p>N\u00e5r man har f\u00e5et et <a href=\"https:\/\/usa-b2.com\/da\/us-b1-b2-visum\/\">B1\/B2-visum<\/a>, er det generelt gyldigt i ti \u00e5r, hvilket g\u00f8r det til et meget praktisk dokument for hyppigt rejsende. Hver indrejse i USA giver dig mulighed for at blive i op til seks m\u00e5neder, men den n\u00f8jagtige varighed afg\u00f8res af immigrationsmedarbejderen ved ankomsten. Det er derfor vigtigt at forberede sig p\u00e5 sin rejse og v\u00e6re i stand til klart at forklare \u00e5rsagen til sit ophold, og hvor l\u00e6nge man har t\u00e6nkt sig at blive.  <\/p>\n\n<h2 class=\"wp-block-heading\">FAQ &#8211; B1\/B2 visum til brasilianere<\/h2>\n\n<div class=\"schema-faq wp-block-yoast-faq-block\"><div class=\"schema-faq-section\" id=\"faq-question-1757684919058\"><strong class=\"schema-faq-question\">Kan jeg arbejde p\u00e5 et B1\/B2-visum?<\/strong> <p class=\"schema-faq-answer\">Nej, dette visum er kun gyldigt for turisme og ubetalte forretninger.<\/p> <\/div> <div class=\"schema-faq-section\" id=\"faq-question-1757684934633\"><strong class=\"schema-faq-question\">Skal jeg tale engelsk til samtalen?<\/strong> <p class=\"schema-faq-answer\">Nej, interviewene foreg\u00e5r p\u00e5 portugisisk.<\/p> <\/div> <div class=\"schema-faq-section\" id=\"faq-question-1757684946100\"><strong class=\"schema-faq-question\">Hvor lang tid tager det at f\u00e5 et visum?<\/strong> <p class=\"schema-faq-answer\">Den gennemsnitlige ekspeditionstid varierer mellem 2 og 6 uger, afh\u00e6ngigt af tilg\u00e6ngeligheden af aftaler.<\/p> <\/div> <\/div>\n","protected":false},"excerpt":{"rendered":"<p>B1\/B2-visum til brasilianere, der rejser til USA B1\/B2-visummet til brasilianere er et af de mest popul\u00e6re visa for rejsende til USA i forbindelse med turisme, forretnings- eller familiebes\u00f8g. I mods\u00e6tning til statsborgere fra visse lande, som er fritaget for visumkravet takket v\u00e6re ESTA-programmet, er brasilianske statsborgere forpligtet til at gennemg\u00e5 denne procedure. Hvad er et [&hellip;]<\/p>\n","protected":false},"author":1,"featured_media":0,"parent":0,"menu_order":0,"comment_status":"closed","ping_status":"closed","template":"","meta":{"footnotes":""},"class_list":["post-9698","page","type-page","status-publish","hentry"],"yoast_head":"<!-- This site is optimized with the Yoast SEO plugin v27.4 - https:\/\/yoast.com\/product\/yoast-seo-wordpress\/ -->\n<title>B1\/B2-visum til brasilianske rejsende - USA B2<\/title>\n<meta name=\"description\" content=\"Alt, hvad du beh\u00f8ver at vide om B1\/B2-visum til brasilianske rejsende: procedurer, interview, dokumenter og praktiske r\u00e5d.\" \/>\n<meta name=\"robots\" content=\"index, follow, max-snippet:-1, max-image-preview:large, max-video-preview:-1\" \/>\n<link rel=\"canonical\" href=\"https:\/\/usa-b2.com\/da\/b1-b2-visa-for-brazilian\/\" \/>\n<meta property=\"og:locale\" content=\"da_DK\" \/>\n<meta property=\"og:type\" content=\"article\" \/>\n<meta property=\"og:title\" content=\"B1\/B2-visum til brasilianske rejsende - USA B2\" \/>\n<meta property=\"og:description\" content=\"Alt, hvad du beh\u00f8ver at vide om B1\/B2-visum til brasilianske rejsende: procedurer, interview, dokumenter og praktiske r\u00e5d.\" \/>\n<meta property=\"og:url\" content=\"https:\/\/usa-b2.com\/da\/b1-b2-visa-for-brazilian\/\" \/>\n<meta property=\"og:site_name\" content=\"USA B2\" \/>\n<meta property=\"article:modified_time\" content=\"2025-09-13T07:21:37+00:00\" \/>\n<meta name=\"twitter:card\" content=\"summary_large_image\" \/>\n<meta name=\"twitter:label1\" content=\"Estimeret l\u00e6setid\" \/>\n\t<meta name=\"twitter:data1\" content=\"2 minutter\" \/>\n<script type=\"application\/ld+json\" class=\"yoast-schema-graph\">{\"@context\":\"https:\\\/\\\/schema.org\",\"@graph\":[{\"@type\":[\"WebPage\",\"FAQPage\"],\"@id\":\"https:\\\/\\\/usa-b2.com\\\/da\\\/b1-b2-visa-for-brazilian\\\/\",\"url\":\"https:\\\/\\\/usa-b2.com\\\/da\\\/b1-b2-visa-for-brazilian\\\/\",\"name\":\"B1\\\/B2-visum til brasilianske rejsende - USA B2\",\"isPartOf\":{\"@id\":\"https:\\\/\\\/usa-b2.com\\\/da\\\/#website\"},\"datePublished\":\"2025-08-28T16:20:16+00:00\",\"dateModified\":\"2025-09-13T07:21:37+00:00\",\"description\":\"Alt, hvad du beh\u00f8ver at vide om B1\\\/B2-visum til brasilianske rejsende: procedurer, interview, dokumenter og praktiske r\u00e5d.\",\"breadcrumb\":{\"@id\":\"https:\\\/\\\/usa-b2.com\\\/da\\\/b1-b2-visa-for-brazilian\\\/#breadcrumb\"},\"mainEntity\":[{\"@id\":\"https:\\\/\\\/usa-b2.com\\\/da\\\/b1-b2-visa-for-brazilian\\\/#faq-question-1757684919058\"},{\"@id\":\"https:\\\/\\\/usa-b2.com\\\/da\\\/b1-b2-visa-for-brazilian\\\/#faq-question-1757684934633\"},{\"@id\":\"https:\\\/\\\/usa-b2.com\\\/da\\\/b1-b2-visa-for-brazilian\\\/#faq-question-1757684946100\"}],\"inLanguage\":\"da-DK\",\"potentialAction\":[{\"@type\":\"ReadAction\",\"target\":[\"https:\\\/\\\/usa-b2.com\\\/da\\\/b1-b2-visa-for-brazilian\\\/\"]}]},{\"@type\":\"BreadcrumbList\",\"@id\":\"https:\\\/\\\/usa-b2.com\\\/da\\\/b1-b2-visa-for-brazilian\\\/#breadcrumb\",\"itemListElement\":[{\"@type\":\"ListItem\",\"position\":1,\"name\":\"Accueil\",\"item\":\"https:\\\/\\\/usa-b2.com\\\/da\\\/usa\\\/\"},{\"@type\":\"ListItem\",\"position\":2,\"name\":\"B1\\\/B2-visum til brasilianske rejsende\"}]},{\"@type\":\"WebSite\",\"@id\":\"https:\\\/\\\/usa-b2.com\\\/da\\\/#website\",\"url\":\"https:\\\/\\\/usa-b2.com\\\/da\\\/\",\"name\":\"USA B2 VISA\",\"description\":\"\",\"potentialAction\":[{\"@type\":\"SearchAction\",\"target\":{\"@type\":\"EntryPoint\",\"urlTemplate\":\"https:\\\/\\\/usa-b2.com\\\/da\\\/?s={search_term_string}\"},\"query-input\":{\"@type\":\"PropertyValueSpecification\",\"valueRequired\":true,\"valueName\":\"search_term_string\"}}],\"inLanguage\":\"da-DK\"},{\"@type\":\"Question\",\"@id\":\"https:\\\/\\\/usa-b2.com\\\/da\\\/b1-b2-visa-for-brazilian\\\/#faq-question-1757684919058\",\"position\":1,\"url\":\"https:\\\/\\\/usa-b2.com\\\/da\\\/b1-b2-visa-for-brazilian\\\/#faq-question-1757684919058\",\"name\":\"Kan jeg arbejde p\u00e5 et B1\\\/B2-visum?\",\"answerCount\":1,\"acceptedAnswer\":{\"@type\":\"Answer\",\"text\":\"Nej, dette visum er kun gyldigt for turisme og ubetalte forretninger.\",\"inLanguage\":\"da-DK\"},\"inLanguage\":\"da-DK\"},{\"@type\":\"Question\",\"@id\":\"https:\\\/\\\/usa-b2.com\\\/da\\\/b1-b2-visa-for-brazilian\\\/#faq-question-1757684934633\",\"position\":2,\"url\":\"https:\\\/\\\/usa-b2.com\\\/da\\\/b1-b2-visa-for-brazilian\\\/#faq-question-1757684934633\",\"name\":\"Skal jeg tale engelsk til samtalen?\",\"answerCount\":1,\"acceptedAnswer\":{\"@type\":\"Answer\",\"text\":\"Nej, interviewene foreg\u00e5r p\u00e5 portugisisk.\",\"inLanguage\":\"da-DK\"},\"inLanguage\":\"da-DK\"},{\"@type\":\"Question\",\"@id\":\"https:\\\/\\\/usa-b2.com\\\/da\\\/b1-b2-visa-for-brazilian\\\/#faq-question-1757684946100\",\"position\":3,\"url\":\"https:\\\/\\\/usa-b2.com\\\/da\\\/b1-b2-visa-for-brazilian\\\/#faq-question-1757684946100\",\"name\":\"Hvor lang tid tager det at f\u00e5 et visum?\",\"answerCount\":1,\"acceptedAnswer\":{\"@type\":\"Answer\",\"text\":\"Den gennemsnitlige ekspeditionstid varierer mellem 2 og 6 uger, afh\u00e6ngigt af tilg\u00e6ngeligheden af aftaler.\",\"inLanguage\":\"da-DK\"},\"inLanguage\":\"da-DK\"}]}<\/script>\n<!-- \/ Yoast SEO plugin. -->","yoast_head_json":{"title":"B1\/B2-visum til brasilianske rejsende - USA B2","description":"Alt, hvad du beh\u00f8ver at vide om B1\/B2-visum til brasilianske rejsende: procedurer, interview, dokumenter og praktiske r\u00e5d.","robots":{"index":"index","follow":"follow","max-snippet":"max-snippet:-1","max-image-preview":"max-image-preview:large","max-video-preview":"max-video-preview:-1"},"canonical":"https:\/\/usa-b2.com\/da\/b1-b2-visa-for-brazilian\/","og_locale":"da_DK","og_type":"article","og_title":"B1\/B2-visum til brasilianske rejsende - USA B2","og_description":"Alt, hvad du beh\u00f8ver at vide om B1\/B2-visum til brasilianske rejsende: procedurer, interview, dokumenter og praktiske r\u00e5d.","og_url":"https:\/\/usa-b2.com\/da\/b1-b2-visa-for-brazilian\/","og_site_name":"USA B2","article_modified_time":"2025-09-13T07:21:37+00:00","twitter_card":"summary_large_image","twitter_misc":{"Estimeret l\u00e6setid":"2 minutter"},"schema":{"@context":"https:\/\/schema.org","@graph":[{"@type":["WebPage","FAQPage"],"@id":"https:\/\/usa-b2.com\/da\/b1-b2-visa-for-brazilian\/","url":"https:\/\/usa-b2.com\/da\/b1-b2-visa-for-brazilian\/","name":"B1\/B2-visum til brasilianske rejsende - USA B2","isPartOf":{"@id":"https:\/\/usa-b2.com\/da\/#website"},"datePublished":"2025-08-28T16:20:16+00:00","dateModified":"2025-09-13T07:21:37+00:00","description":"Alt, hvad du beh\u00f8ver at vide om B1\/B2-visum til brasilianske rejsende: procedurer, interview, dokumenter og praktiske r\u00e5d.","breadcrumb":{"@id":"https:\/\/usa-b2.com\/da\/b1-b2-visa-for-brazilian\/#breadcrumb"},"mainEntity":[{"@id":"https:\/\/usa-b2.com\/da\/b1-b2-visa-for-brazilian\/#faq-question-1757684919058"},{"@id":"https:\/\/usa-b2.com\/da\/b1-b2-visa-for-brazilian\/#faq-question-1757684934633"},{"@id":"https:\/\/usa-b2.com\/da\/b1-b2-visa-for-brazilian\/#faq-question-1757684946100"}],"inLanguage":"da-DK","potentialAction":[{"@type":"ReadAction","target":["https:\/\/usa-b2.com\/da\/b1-b2-visa-for-brazilian\/"]}]},{"@type":"BreadcrumbList","@id":"https:\/\/usa-b2.com\/da\/b1-b2-visa-for-brazilian\/#breadcrumb","itemListElement":[{"@type":"ListItem","position":1,"name":"Accueil","item":"https:\/\/usa-b2.com\/da\/usa\/"},{"@type":"ListItem","position":2,"name":"B1\/B2-visum til brasilianske rejsende"}]},{"@type":"WebSite","@id":"https:\/\/usa-b2.com\/da\/#website","url":"https:\/\/usa-b2.com\/da\/","name":"USA B2 VISA","description":"","potentialAction":[{"@type":"SearchAction","target":{"@type":"EntryPoint","urlTemplate":"https:\/\/usa-b2.com\/da\/?s={search_term_string}"},"query-input":{"@type":"PropertyValueSpecification","valueRequired":true,"valueName":"search_term_string"}}],"inLanguage":"da-DK"},{"@type":"Question","@id":"https:\/\/usa-b2.com\/da\/b1-b2-visa-for-brazilian\/#faq-question-1757684919058","position":1,"url":"https:\/\/usa-b2.com\/da\/b1-b2-visa-for-brazilian\/#faq-question-1757684919058","name":"Kan jeg arbejde p\u00e5 et B1\/B2-visum?","answerCount":1,"acceptedAnswer":{"@type":"Answer","text":"Nej, dette visum er kun gyldigt for turisme og ubetalte forretninger.","inLanguage":"da-DK"},"inLanguage":"da-DK"},{"@type":"Question","@id":"https:\/\/usa-b2.com\/da\/b1-b2-visa-for-brazilian\/#faq-question-1757684934633","position":2,"url":"https:\/\/usa-b2.com\/da\/b1-b2-visa-for-brazilian\/#faq-question-1757684934633","name":"Skal jeg tale engelsk til samtalen?","answerCount":1,"acceptedAnswer":{"@type":"Answer","text":"Nej, interviewene foreg\u00e5r p\u00e5 portugisisk.","inLanguage":"da-DK"},"inLanguage":"da-DK"},{"@type":"Question","@id":"https:\/\/usa-b2.com\/da\/b1-b2-visa-for-brazilian\/#faq-question-1757684946100","position":3,"url":"https:\/\/usa-b2.com\/da\/b1-b2-visa-for-brazilian\/#faq-question-1757684946100","name":"Hvor lang tid tager det at f\u00e5 et visum?","answerCount":1,"acceptedAnswer":{"@type":"Answer","text":"Den gennemsnitlige ekspeditionstid varierer mellem 2 og 6 uger, afh\u00e6ngigt af tilg\u00e6ngeligheden af aftaler.","inLanguage":"da-DK"},"inLanguage":"da-DK"}]}},"_links":{"self":[{"href":"https:\/\/usa-b2.com\/da\/wp-json\/wp\/v2\/pages\/9698","targetHints":{"allow":["GET"]}}],"collection":[{"href":"https:\/\/usa-b2.com\/da\/wp-json\/wp\/v2\/pages"}],"about":[{"href":"https:\/\/usa-b2.com\/da\/wp-json\/wp\/v2\/types\/page"}],"author":[{"embeddable":true,"href":"https:\/\/usa-b2.com\/da\/wp-json\/wp\/v2\/users\/1"}],"replies":[{"embeddable":true,"href":"https:\/\/usa-b2.com\/da\/wp-json\/wp\/v2\/comments?post=9698"}],"version-history":[{"count":1,"href":"https:\/\/usa-b2.com\/da\/wp-json\/wp\/v2\/pages\/9698\/revisions"}],"predecessor-version":[{"id":9699,"href":"https:\/\/usa-b2.com\/da\/wp-json\/wp\/v2\/pages\/9698\/revisions\/9699"}],"wp:attachment":[{"href":"https:\/\/usa-b2.com\/da\/wp-json\/wp\/v2\/media?parent=9698"}],"curies":[{"name":"wp","href":"https:\/\/api.w.org\/{rel}","templated":true}]}}