{"id":9331,"date":"2025-06-06T07:37:34","date_gmt":"2025-06-06T07:37:34","guid":{"rendered":"https:\/\/usa-b2.com\/b2-visum-til-tyskere\/"},"modified":"2025-10-28T15:25:08","modified_gmt":"2025-10-28T15:25:08","slug":"b2-visum-til-tyskere","status":"publish","type":"page","link":"https:\/\/usa-b2.com\/da\/b2-visum-til-tyskere\/","title":{"rendered":"At f\u00e5 et B2-visum til en tysker"},"content":{"rendered":"\n<h1 class=\"wp-block-heading\">Ans\u00f8gning om et amerikansk B2-visum fra Tyskland<\/h1>\n\n<p>Er du <strong>tysk statsborger<\/strong> og planl\u00e6gger en ferie i USA? Hvis du skal af sted i mere end 90 dage, eller hvis du ikke kan bruge ESTA, er <strong>B2 USA-visum til tyskere<\/strong> den ideelle l\u00f8sning. <\/p>\n\n<h3 class=\"wp-block-heading\">Hvad er et B2-visum?<\/h3>\n\n<p><strong>B2-visummet<\/strong> er et ikke-immigrant <a href=\"https:\/\/usa-b2.com\/da\/besogs-visum-usa\/\">bes\u00f8gsvisum<\/a> til USA, der er beregnet til midlertidige ophold i :<\/p>\n\n<ul class=\"wp-block-list\">\n<li><strong>Turisme<\/strong> eller ferie<\/li>\n\n\n\n<li><strong>Familie- eller venskabsbes\u00f8g<\/strong><\/li>\n\n\n\n<li><strong>Medicinsk behandling i USA<\/strong><\/li>\n<\/ul>\n\n<div style=\"height:10px\" aria-hidden=\"true\" class=\"wp-block-spacer\"><\/div>\n\n<h3 class=\"wp-block-heading\">Skal tyske statsborgere have et B2-visum?<\/h3>\n\n<p>Nej, <strong>ikke n\u00f8dvendigvis<\/strong>.<br\/>Tyskere kan udfylde <a href=\"https:\/\/usa-b2.com\/da\/esta-formular-online\/\">ESTA-formularen online<\/a> for ophold p\u00e5 <strong>mindre end 90 dage<\/strong>. Tyskland er medlem af <a href=\"https:\/\/usa-b2.com\/da\/visum-fritagelse-program\/\">Visa Waiver-programmet<\/a>. <\/p>\n\n<p>Men i f\u00f8lgende tilf\u00e6lde er det <strong>amerikanske B2-visum<\/strong> anbefalet eller endda obligatorisk for en tysker:<\/p>\n\n<ul class=\"wp-block-list\">\n<li>Du har tidligere <strong>overskredet den tilladte opholdsl\u00e6ngde<\/strong> <\/li>\n\n\n\n<li>Du har f\u00e5et <strong>afslag p\u00e5 ESTA<\/strong><\/li>\n\n\n\n<li>Du \u00f8nsker at blive i <strong>mere end 90 dage<\/strong><\/li>\n\n\n\n<li>Du har en straffeattest eller s\u00e6rlige omst\u00e6ndigheder<\/li>\n<\/ul>\n\n<div style=\"height:10px\" aria-hidden=\"true\" class=\"wp-block-spacer\"><\/div>\n\n<h3 class=\"wp-block-heading\">Skridt til at f\u00e5 et B2-visum fra Tyskland<\/h3>\n\n<ol class=\"wp-block-list\">\n<li>Udfyldelse af <a href=\"https:\/\/usa-b2.com\/da\/ds-160\/\">formular DS-160<\/a><\/li>\n\n\n\n<li>Betal <a href=\"https:\/\/usa-b2.com\/fr\/frais-visa-b2-usa\/\">B2-visumgebyret<\/a><\/li>\n\n\n\n<li>Lav en <a href=\"https:\/\/usa-b2.com\/da\/visumaftale-amerikanske-ambassade\/\">aftale p\u00e5 ambassaden<\/a> i Tyskland<\/li>\n\n\n\n<li>Fremvis dine dokumenter (pas, bilag, bevis for hjemkomst)<\/li>\n\n\n\n<li>Best\u00e5 det konsul\u00e6re interview<\/li>\n<\/ol>\n\n<div style=\"height:10px\" aria-hidden=\"true\" class=\"wp-block-spacer\"><\/div>\n\n<h3 class=\"wp-block-heading\">Hvor kan jeg komme til samtale i Tyskland?<\/h3>\n\n<ul class=\"wp-block-list\">\n<li><a href=\"https:\/\/usa-b2.com\/da\/den-amerikanske-ambassade\/\">USA &#8216;s ambassade<\/a> i Berlin<\/li>\n\n\n\n<li>Konsulat i Frankfurt eller M\u00fcnchen<\/li>\n<\/ul>\n\n<h3 class=\"wp-block-heading\">Varighed og gyldighed<\/h3>\n\n<ul class=\"wp-block-list\">\n<li>B2-visummet kan v\u00e6re <strong>gyldigt i op til 10 \u00e5r.<\/strong><\/li>\n\n\n\n<li>Hver indrejse giver tilladelse til et ophold p\u00e5 <strong>h\u00f8jst 6 m\u00e5neder<\/strong><\/li>\n<\/ul>\n\n<h2 class=\"wp-block-heading\">OFTE STILLEDE SP\u00d8RGSM\u00c5L<\/h2>\n\n<div class=\"schema-faq wp-block-yoast-faq-block\"><div class=\"schema-faq-section\" id=\"faq-question-1749195650019\"><strong class=\"schema-faq-question\"><strong>Erstatter B2-visummet ESTA?<\/strong><\/strong> <p class=\"schema-faq-answer\">Nej. Dette er et mere omfattende alternativ, som er nyttigt i tilf\u00e6lde <strong>af afslag eller lange ophold.<\/strong> <\/p> <\/div> <div class=\"schema-faq-section\" id=\"faq-question-1749195662823\"><strong class=\"schema-faq-question\"><strong>Kan jeg rejse med min familie?<\/strong><\/strong> <p class=\"schema-faq-answer\">Ja, hvert medlem skal lave sin egen ans\u00f8gning.<\/p> <\/div> <\/div>\n","protected":false},"excerpt":{"rendered":"<p>Ans\u00f8gning om et amerikansk B2-visum fra Tyskland Er du tysk statsborger og planl\u00e6gger en ferie i USA? Hvis du skal af sted i mere end 90 dage, eller hvis du ikke kan bruge ESTA, er B2 USA-visum til tyskere den ideelle l\u00f8sning. Hvad er et B2-visum? B2-visummet er et ikke-immigrant bes\u00f8gsvisum til USA, der er [&hellip;]<\/p>\n","protected":false},"author":1,"featured_media":0,"parent":0,"menu_order":0,"comment_status":"closed","ping_status":"closed","template":"","meta":{"footnotes":""},"class_list":["post-9331","page","type-page","status-publish","hentry"],"yoast_head":"<!-- This site is optimized with the Yoast SEO plugin v27.4 - https:\/\/yoast.com\/product\/yoast-seo-wordpress\/ -->\n<title>At f\u00e5 et B2-visum til en tysker - USA B2<\/title>\n<meta name=\"description\" content=\"Tyske statsborgere kan ans\u00f8ge om et B2-visum til USA til et turistophold p\u00e5 mere end 90 dage.\" \/>\n<meta name=\"robots\" content=\"index, follow, max-snippet:-1, max-image-preview:large, max-video-preview:-1\" \/>\n<link rel=\"canonical\" href=\"https:\/\/usa-b2.com\/da\/b2-visum-til-tyskere\/\" \/>\n<meta property=\"og:locale\" content=\"da_DK\" \/>\n<meta property=\"og:type\" content=\"article\" \/>\n<meta property=\"og:title\" content=\"At f\u00e5 et B2-visum til en tysker - USA B2\" \/>\n<meta property=\"og:description\" content=\"Tyske statsborgere kan ans\u00f8ge om et B2-visum til USA til et turistophold p\u00e5 mere end 90 dage.\" \/>\n<meta property=\"og:url\" content=\"https:\/\/usa-b2.com\/da\/b2-visum-til-tyskere\/\" \/>\n<meta property=\"og:site_name\" content=\"USA B2\" \/>\n<meta property=\"article:modified_time\" content=\"2025-10-28T15:25:08+00:00\" \/>\n<meta name=\"twitter:card\" content=\"summary_large_image\" \/>\n<meta name=\"twitter:label1\" content=\"Estimeret l\u00e6setid\" \/>\n\t<meta name=\"twitter:data1\" content=\"1 minut\" \/>\n<script type=\"application\/ld+json\" class=\"yoast-schema-graph\">{\"@context\":\"https:\\\/\\\/schema.org\",\"@graph\":[{\"@type\":[\"WebPage\",\"FAQPage\"],\"@id\":\"https:\\\/\\\/usa-b2.com\\\/da\\\/b2-visum-til-tyskere\\\/\",\"url\":\"https:\\\/\\\/usa-b2.com\\\/da\\\/b2-visum-til-tyskere\\\/\",\"name\":\"At f\u00e5 et B2-visum til en tysker - USA B2\",\"isPartOf\":{\"@id\":\"https:\\\/\\\/usa-b2.com\\\/da\\\/#website\"},\"datePublished\":\"2025-06-06T07:37:34+00:00\",\"dateModified\":\"2025-10-28T15:25:08+00:00\",\"description\":\"Tyske statsborgere kan ans\u00f8ge om et B2-visum til USA til et turistophold p\u00e5 mere end 90 dage.\",\"breadcrumb\":{\"@id\":\"https:\\\/\\\/usa-b2.com\\\/da\\\/b2-visum-til-tyskere\\\/#breadcrumb\"},\"mainEntity\":[{\"@id\":\"https:\\\/\\\/usa-b2.com\\\/da\\\/b2-visum-til-tyskere\\\/#faq-question-1749195650019\"},{\"@id\":\"https:\\\/\\\/usa-b2.com\\\/da\\\/b2-visum-til-tyskere\\\/#faq-question-1749195662823\"}],\"inLanguage\":\"da-DK\",\"potentialAction\":[{\"@type\":\"ReadAction\",\"target\":[\"https:\\\/\\\/usa-b2.com\\\/da\\\/b2-visum-til-tyskere\\\/\"]}]},{\"@type\":\"BreadcrumbList\",\"@id\":\"https:\\\/\\\/usa-b2.com\\\/da\\\/b2-visum-til-tyskere\\\/#breadcrumb\",\"itemListElement\":[{\"@type\":\"ListItem\",\"position\":1,\"name\":\"Accueil\",\"item\":\"https:\\\/\\\/usa-b2.com\\\/da\\\/usa\\\/\"},{\"@type\":\"ListItem\",\"position\":2,\"name\":\"At f\u00e5 et B2-visum til en tysker\"}]},{\"@type\":\"WebSite\",\"@id\":\"https:\\\/\\\/usa-b2.com\\\/da\\\/#website\",\"url\":\"https:\\\/\\\/usa-b2.com\\\/da\\\/\",\"name\":\"USA B2 VISA\",\"description\":\"\",\"potentialAction\":[{\"@type\":\"SearchAction\",\"target\":{\"@type\":\"EntryPoint\",\"urlTemplate\":\"https:\\\/\\\/usa-b2.com\\\/da\\\/?s={search_term_string}\"},\"query-input\":{\"@type\":\"PropertyValueSpecification\",\"valueRequired\":true,\"valueName\":\"search_term_string\"}}],\"inLanguage\":\"da-DK\"},{\"@type\":\"Question\",\"@id\":\"https:\\\/\\\/usa-b2.com\\\/da\\\/b2-visum-til-tyskere\\\/#faq-question-1749195650019\",\"position\":1,\"url\":\"https:\\\/\\\/usa-b2.com\\\/da\\\/b2-visum-til-tyskere\\\/#faq-question-1749195650019\",\"name\":\"Erstatter B2-visummet ESTA?\",\"answerCount\":1,\"acceptedAnswer\":{\"@type\":\"Answer\",\"text\":\"Nej. Dette er et mere omfattende alternativ, som er nyttigt i tilf\u00e6lde <strong>af afslag eller lange ophold.<\\\/strong> \",\"inLanguage\":\"da-DK\"},\"inLanguage\":\"da-DK\"},{\"@type\":\"Question\",\"@id\":\"https:\\\/\\\/usa-b2.com\\\/da\\\/b2-visum-til-tyskere\\\/#faq-question-1749195662823\",\"position\":2,\"url\":\"https:\\\/\\\/usa-b2.com\\\/da\\\/b2-visum-til-tyskere\\\/#faq-question-1749195662823\",\"name\":\"Kan jeg rejse med min familie?\",\"answerCount\":1,\"acceptedAnswer\":{\"@type\":\"Answer\",\"text\":\"Ja, hvert medlem skal lave sin egen ans\u00f8gning.\",\"inLanguage\":\"da-DK\"},\"inLanguage\":\"da-DK\"}]}<\/script>\n<!-- \/ Yoast SEO plugin. -->","yoast_head_json":{"title":"At f\u00e5 et B2-visum til en tysker - USA B2","description":"Tyske statsborgere kan ans\u00f8ge om et B2-visum til USA til et turistophold p\u00e5 mere end 90 dage.","robots":{"index":"index","follow":"follow","max-snippet":"max-snippet:-1","max-image-preview":"max-image-preview:large","max-video-preview":"max-video-preview:-1"},"canonical":"https:\/\/usa-b2.com\/da\/b2-visum-til-tyskere\/","og_locale":"da_DK","og_type":"article","og_title":"At f\u00e5 et B2-visum til en tysker - USA B2","og_description":"Tyske statsborgere kan ans\u00f8ge om et B2-visum til USA til et turistophold p\u00e5 mere end 90 dage.","og_url":"https:\/\/usa-b2.com\/da\/b2-visum-til-tyskere\/","og_site_name":"USA B2","article_modified_time":"2025-10-28T15:25:08+00:00","twitter_card":"summary_large_image","twitter_misc":{"Estimeret l\u00e6setid":"1 minut"},"schema":{"@context":"https:\/\/schema.org","@graph":[{"@type":["WebPage","FAQPage"],"@id":"https:\/\/usa-b2.com\/da\/b2-visum-til-tyskere\/","url":"https:\/\/usa-b2.com\/da\/b2-visum-til-tyskere\/","name":"At f\u00e5 et B2-visum til en tysker - USA B2","isPartOf":{"@id":"https:\/\/usa-b2.com\/da\/#website"},"datePublished":"2025-06-06T07:37:34+00:00","dateModified":"2025-10-28T15:25:08+00:00","description":"Tyske statsborgere kan ans\u00f8ge om et B2-visum til USA til et turistophold p\u00e5 mere end 90 dage.","breadcrumb":{"@id":"https:\/\/usa-b2.com\/da\/b2-visum-til-tyskere\/#breadcrumb"},"mainEntity":[{"@id":"https:\/\/usa-b2.com\/da\/b2-visum-til-tyskere\/#faq-question-1749195650019"},{"@id":"https:\/\/usa-b2.com\/da\/b2-visum-til-tyskere\/#faq-question-1749195662823"}],"inLanguage":"da-DK","potentialAction":[{"@type":"ReadAction","target":["https:\/\/usa-b2.com\/da\/b2-visum-til-tyskere\/"]}]},{"@type":"BreadcrumbList","@id":"https:\/\/usa-b2.com\/da\/b2-visum-til-tyskere\/#breadcrumb","itemListElement":[{"@type":"ListItem","position":1,"name":"Accueil","item":"https:\/\/usa-b2.com\/da\/usa\/"},{"@type":"ListItem","position":2,"name":"At f\u00e5 et B2-visum til en tysker"}]},{"@type":"WebSite","@id":"https:\/\/usa-b2.com\/da\/#website","url":"https:\/\/usa-b2.com\/da\/","name":"USA B2 VISA","description":"","potentialAction":[{"@type":"SearchAction","target":{"@type":"EntryPoint","urlTemplate":"https:\/\/usa-b2.com\/da\/?s={search_term_string}"},"query-input":{"@type":"PropertyValueSpecification","valueRequired":true,"valueName":"search_term_string"}}],"inLanguage":"da-DK"},{"@type":"Question","@id":"https:\/\/usa-b2.com\/da\/b2-visum-til-tyskere\/#faq-question-1749195650019","position":1,"url":"https:\/\/usa-b2.com\/da\/b2-visum-til-tyskere\/#faq-question-1749195650019","name":"Erstatter B2-visummet ESTA?","answerCount":1,"acceptedAnswer":{"@type":"Answer","text":"Nej. Dette er et mere omfattende alternativ, som er nyttigt i tilf\u00e6lde <strong>af afslag eller lange ophold.<\/strong> ","inLanguage":"da-DK"},"inLanguage":"da-DK"},{"@type":"Question","@id":"https:\/\/usa-b2.com\/da\/b2-visum-til-tyskere\/#faq-question-1749195662823","position":2,"url":"https:\/\/usa-b2.com\/da\/b2-visum-til-tyskere\/#faq-question-1749195662823","name":"Kan jeg rejse med min familie?","answerCount":1,"acceptedAnswer":{"@type":"Answer","text":"Ja, hvert medlem skal lave sin egen ans\u00f8gning.","inLanguage":"da-DK"},"inLanguage":"da-DK"}]}},"_links":{"self":[{"href":"https:\/\/usa-b2.com\/da\/wp-json\/wp\/v2\/pages\/9331","targetHints":{"allow":["GET"]}}],"collection":[{"href":"https:\/\/usa-b2.com\/da\/wp-json\/wp\/v2\/pages"}],"about":[{"href":"https:\/\/usa-b2.com\/da\/wp-json\/wp\/v2\/types\/page"}],"author":[{"embeddable":true,"href":"https:\/\/usa-b2.com\/da\/wp-json\/wp\/v2\/users\/1"}],"replies":[{"embeddable":true,"href":"https:\/\/usa-b2.com\/da\/wp-json\/wp\/v2\/comments?post=9331"}],"version-history":[{"count":5,"href":"https:\/\/usa-b2.com\/da\/wp-json\/wp\/v2\/pages\/9331\/revisions"}],"predecessor-version":[{"id":10660,"href":"https:\/\/usa-b2.com\/da\/wp-json\/wp\/v2\/pages\/9331\/revisions\/10660"}],"wp:attachment":[{"href":"https:\/\/usa-b2.com\/da\/wp-json\/wp\/v2\/media?parent=9331"}],"curies":[{"name":"wp","href":"https:\/\/api.w.org\/{rel}","templated":true}]}}