{"id":9124,"date":"2025-05-23T09:31:31","date_gmt":"2025-05-23T09:31:31","guid":{"rendered":"https:\/\/usa-b2.com\/b2-visum-til-italiener\/"},"modified":"2025-10-13T13:53:03","modified_gmt":"2025-10-13T13:53:03","slug":"b2-visum-til-italiener","status":"publish","type":"page","link":"https:\/\/usa-b2.com\/da\/b2-visum-til-italiener\/","title":{"rendered":"At f\u00e5 et B2-visum til en italiener, der rejser til USA"},"content":{"rendered":"\n<h1 class=\"wp-block-heading\">B2-visum til italienere, der rejser til USA<\/h1>\n\n<p>Hvis du er italiensk statsborger og skal rejse til USA p\u00e5 grund af turisme, for at bes\u00f8ge en sl\u00e6gtning eller for at g\u00e5 til l\u00e6gen: B2-visummet er det <a href=\"https:\/\/usa-b2.com\/fr\/visa-visiteur-usa\/\">amerikanske bes\u00f8gsvisum<\/a>, du har brug for. I denne omfattende guide finder du ud af, hvordan du f\u00e5r et <strong>B2-visum til USA for italienere<\/strong>, betingelserne, fristerne og de kr\u00e6vede dokumenter. <\/p>\n\n<h2 class=\"wp-block-heading\">Hvad er et B2-visum?<\/h2>\n\n<p>Det <a href=\"https:\/\/usa-b2.com\/da\/b2-visum\/\">amerikanske B2-visum<\/a> er et ikke-immigrantvisum, der er beregnet til personer, der \u00f8nsker at opholde sig midlertidigt i USA for : Turisme, ferie, medicinsk behandling eller bes\u00f8g hos sl\u00e6gtninge.<\/p>\n\n<h2 class=\"wp-block-heading\">Skal italienere have et B2-visum?<\/h2>\n\n<p>Hvis du er <strong>italiensk statsborger<\/strong> og rejser til USA i mindre end 90 dage, kan du i princippet bruge en <a href=\"https:\/\/usa-b2.com\/fr\/c-est-quoi-une-esta\/\">elektronisk ESTA-rejsetilladelse<\/a>.<\/p>\n\n<p>Men hvis du allerede har f\u00e5et afslag p\u00e5 et ESTA, hvis du skal rejse i l\u00e6ngere tid, eller hvis du har en h\u00f8jrisikoprofil, er det at foretr\u00e6kke at <a href=\"https:\/\/usa-b2.com\/fr\/procedure-demande-visa-b2\/\">ans\u00f8ge om et B2 USA-visum<\/a>.<\/p>\n\n<h2 class=\"wp-block-heading\">Hvordan ans\u00f8ger jeg om et B2-visum fra Italien?<\/h2>\n\n<h3 class=\"wp-block-heading\">1. Udfyld formular DS-160 online<\/h3>\n\n<p><a href=\"https:\/\/usa-b2.com\/fr\/ds-160\/\">Form DS-160<\/a> er obligatorisk for alle ans\u00f8gninger om turistvisum.<\/p>\n\n<h3 class=\"wp-block-heading\">2. Betal ans\u00f8gningsgebyret<\/h3>\n\n<p><a href=\"https:\/\/usa-b2.com\/fr\/frais-visa-b2-usa\/\">Prisen for et B2-visum<\/a> er <strong>185 USD<\/strong>, som skal betales online.<\/p>\n\n<h3 class=\"wp-block-heading\">3. Lav en aftale p\u00e5 den amerikanske ambassade i Italien<\/h3>\n\n<p>Alle ans\u00f8gere skal gennemg\u00e5 et <a href=\"https:\/\/usa-b2.com\/da\/visumaftale-amerikanske-ambassade\/\">interview p\u00e5 den amerikanske ambassade<\/a>.<\/p>\n\n<h3 class=\"wp-block-heading\">4. Forbered de n\u00f8dvendige dokumenter<\/h3>\n\n<ul class=\"wp-block-list\">\n<li><a href=\"https:\/\/usa-b2.com\/fr\/passeport-pour-voyager-aux-usa\/\">Gyldigt pas til rejser til USA<\/a><\/li>\n\n\n\n<li>Pasfoto<\/li>\n\n\n\n<li>Regnskaber<\/li>\n\n\n\n<li>Bevis for din tilknytning til Italien (job, familie, bolig osv.)<\/li>\n<\/ul>\n\n<h3 class=\"wp-block-heading\">5. G\u00e5 til samtalen og vent p\u00e5 afg\u00f8relsen<\/h3>\n\n<p>Efter interviewet udstedes visummet normalt inden for <strong>7 til 15 arbejdsdage<\/strong>.<\/p>\n\n<h2 class=\"wp-block-heading\">Hvor kan jeg tage hen til et interview i Italien?<\/h2>\n\n<p><strong>USA<\/strong>&#8216;<strong>s ambassade i Rom<\/strong><br\/>Via Vittorio Veneto, 121, 00187 Roma.<br\/>Officiel hjemmeside: <a href=\"https:\/\/it.usembassy.gov\/\">it.usembassy.gov<\/a><\/p>\n\n<h2 class=\"wp-block-heading\">FAQ om B2-visum til italienere<\/h2>\n\n<div class=\"schema-faq wp-block-yoast-faq-block\"><div class=\"schema-faq-section\" id=\"faq-question-1747998967682\"><strong class=\"schema-faq-question\"><strong>Hvor l\u00e6nge er et B2-visum gyldigt?<\/strong><\/strong> <p class=\"schema-faq-answer\">Visummet er gyldigt <strong>i op til 10 \u00e5r<\/strong>, men hvert ophold <strong>er begr\u00e6nset til maksimalt 6 m\u00e5neder.<\/strong><\/p> <\/div> <div class=\"schema-faq-section\" id=\"faq-question-1747998984062\"><strong class=\"schema-faq-question\"><strong>Kan jeg forl\u00e6nge mit B2-visum i USA?<\/strong><\/strong> <p class=\"schema-faq-answer\">Ja, det er muligt at <strong>anmode om forl\u00e6ngelse<\/strong> fra USA, men det skal begrundes.<\/p> <\/div> <div class=\"schema-faq-section\" id=\"faq-question-1747998994557\"><strong class=\"schema-faq-question\"><strong>Er det sikrere at ans\u00f8ge om et B2-visum i stedet for ESTA?<\/strong><\/strong> <p class=\"schema-faq-answer\">Ja, is\u00e6r hvis du har f\u00e5et afslag, eller hvis du \u00f8nsker at <strong>undg\u00e5 enhver risiko for afslag<\/strong>.<\/p> <\/div> <\/div>\n","protected":false},"excerpt":{"rendered":"<p>B2-visum til italienere, der rejser til USA Hvis du er italiensk statsborger og skal rejse til USA p\u00e5 grund af turisme, for at bes\u00f8ge en sl\u00e6gtning eller for at g\u00e5 til l\u00e6gen: B2-visummet er det amerikanske bes\u00f8gsvisum, du har brug for. I denne omfattende guide finder du ud af, hvordan du f\u00e5r et B2-visum til [&hellip;]<\/p>\n","protected":false},"author":1,"featured_media":0,"parent":0,"menu_order":0,"comment_status":"closed","ping_status":"closed","template":"","meta":{"footnotes":""},"class_list":["post-9124","page","type-page","status-publish","hentry"],"yoast_head":"<!-- This site is optimized with the Yoast SEO plugin v27.4 - https:\/\/yoast.com\/product\/yoast-seo-wordpress\/ -->\n<title>At f\u00e5 et B2-visum til en italiener, der rejser til USA - USA B2<\/title>\n<meta name=\"description\" content=\"Hvis du er italiener og gerne vil rejse til USA, kan du f\u00e5 et B2-visum til turist- eller forretningsrejser.\" \/>\n<meta name=\"robots\" content=\"index, follow, max-snippet:-1, max-image-preview:large, max-video-preview:-1\" \/>\n<link rel=\"canonical\" href=\"https:\/\/usa-b2.com\/da\/b2-visum-til-italiener\/\" \/>\n<meta property=\"og:locale\" content=\"da_DK\" \/>\n<meta property=\"og:type\" content=\"article\" \/>\n<meta property=\"og:title\" content=\"At f\u00e5 et B2-visum til en italiener, der rejser til USA - USA B2\" \/>\n<meta property=\"og:description\" content=\"Hvis du er italiener og gerne vil rejse til USA, kan du f\u00e5 et B2-visum til turist- eller forretningsrejser.\" \/>\n<meta property=\"og:url\" content=\"https:\/\/usa-b2.com\/da\/b2-visum-til-italiener\/\" \/>\n<meta property=\"og:site_name\" content=\"USA B2\" \/>\n<meta property=\"article:modified_time\" content=\"2025-10-13T13:53:03+00:00\" \/>\n<meta name=\"twitter:card\" content=\"summary_large_image\" \/>\n<meta name=\"twitter:label1\" content=\"Estimeret l\u00e6setid\" \/>\n\t<meta name=\"twitter:data1\" content=\"2 minutter\" \/>\n<script type=\"application\/ld+json\" class=\"yoast-schema-graph\">{\"@context\":\"https:\\\/\\\/schema.org\",\"@graph\":[{\"@type\":[\"WebPage\",\"FAQPage\"],\"@id\":\"https:\\\/\\\/usa-b2.com\\\/da\\\/b2-visum-til-italiener\\\/\",\"url\":\"https:\\\/\\\/usa-b2.com\\\/da\\\/b2-visum-til-italiener\\\/\",\"name\":\"At f\u00e5 et B2-visum til en italiener, der rejser til USA - USA B2\",\"isPartOf\":{\"@id\":\"https:\\\/\\\/usa-b2.com\\\/da\\\/#website\"},\"datePublished\":\"2025-05-23T09:31:31+00:00\",\"dateModified\":\"2025-10-13T13:53:03+00:00\",\"description\":\"Hvis du er italiener og gerne vil rejse til USA, kan du f\u00e5 et B2-visum til turist- eller forretningsrejser.\",\"breadcrumb\":{\"@id\":\"https:\\\/\\\/usa-b2.com\\\/da\\\/b2-visum-til-italiener\\\/#breadcrumb\"},\"mainEntity\":[{\"@id\":\"https:\\\/\\\/usa-b2.com\\\/da\\\/b2-visum-til-italiener\\\/#faq-question-1747998967682\"},{\"@id\":\"https:\\\/\\\/usa-b2.com\\\/da\\\/b2-visum-til-italiener\\\/#faq-question-1747998984062\"},{\"@id\":\"https:\\\/\\\/usa-b2.com\\\/da\\\/b2-visum-til-italiener\\\/#faq-question-1747998994557\"}],\"inLanguage\":\"da-DK\",\"potentialAction\":[{\"@type\":\"ReadAction\",\"target\":[\"https:\\\/\\\/usa-b2.com\\\/da\\\/b2-visum-til-italiener\\\/\"]}]},{\"@type\":\"BreadcrumbList\",\"@id\":\"https:\\\/\\\/usa-b2.com\\\/da\\\/b2-visum-til-italiener\\\/#breadcrumb\",\"itemListElement\":[{\"@type\":\"ListItem\",\"position\":1,\"name\":\"Accueil\",\"item\":\"https:\\\/\\\/usa-b2.com\\\/da\\\/usa\\\/\"},{\"@type\":\"ListItem\",\"position\":2,\"name\":\"At f\u00e5 et B2-visum til en italiener, der rejser til USA\"}]},{\"@type\":\"WebSite\",\"@id\":\"https:\\\/\\\/usa-b2.com\\\/da\\\/#website\",\"url\":\"https:\\\/\\\/usa-b2.com\\\/da\\\/\",\"name\":\"USA B2 VISA\",\"description\":\"\",\"potentialAction\":[{\"@type\":\"SearchAction\",\"target\":{\"@type\":\"EntryPoint\",\"urlTemplate\":\"https:\\\/\\\/usa-b2.com\\\/da\\\/?s={search_term_string}\"},\"query-input\":{\"@type\":\"PropertyValueSpecification\",\"valueRequired\":true,\"valueName\":\"search_term_string\"}}],\"inLanguage\":\"da-DK\"},{\"@type\":\"Question\",\"@id\":\"https:\\\/\\\/usa-b2.com\\\/da\\\/b2-visum-til-italiener\\\/#faq-question-1747998967682\",\"position\":1,\"url\":\"https:\\\/\\\/usa-b2.com\\\/da\\\/b2-visum-til-italiener\\\/#faq-question-1747998967682\",\"name\":\"Hvor l\u00e6nge er et B2-visum gyldigt?\",\"answerCount\":1,\"acceptedAnswer\":{\"@type\":\"Answer\",\"text\":\"Visummet er gyldigt <strong>i op til 10 \u00e5r<\\\/strong>, men hvert ophold <strong>er begr\u00e6nset til maksimalt 6 m\u00e5neder.<\\\/strong>\",\"inLanguage\":\"da-DK\"},\"inLanguage\":\"da-DK\"},{\"@type\":\"Question\",\"@id\":\"https:\\\/\\\/usa-b2.com\\\/da\\\/b2-visum-til-italiener\\\/#faq-question-1747998984062\",\"position\":2,\"url\":\"https:\\\/\\\/usa-b2.com\\\/da\\\/b2-visum-til-italiener\\\/#faq-question-1747998984062\",\"name\":\"Kan jeg forl\u00e6nge mit B2-visum i USA?\",\"answerCount\":1,\"acceptedAnswer\":{\"@type\":\"Answer\",\"text\":\"Ja, det er muligt at <strong>anmode om forl\u00e6ngelse<\\\/strong> fra USA, men det skal begrundes.\",\"inLanguage\":\"da-DK\"},\"inLanguage\":\"da-DK\"},{\"@type\":\"Question\",\"@id\":\"https:\\\/\\\/usa-b2.com\\\/da\\\/b2-visum-til-italiener\\\/#faq-question-1747998994557\",\"position\":3,\"url\":\"https:\\\/\\\/usa-b2.com\\\/da\\\/b2-visum-til-italiener\\\/#faq-question-1747998994557\",\"name\":\"Er det sikrere at ans\u00f8ge om et B2-visum i stedet for ESTA?\",\"answerCount\":1,\"acceptedAnswer\":{\"@type\":\"Answer\",\"text\":\"Ja, is\u00e6r hvis du har f\u00e5et afslag, eller hvis du \u00f8nsker at <strong>undg\u00e5 enhver risiko for afslag<\\\/strong>.\",\"inLanguage\":\"da-DK\"},\"inLanguage\":\"da-DK\"}]}<\/script>\n<!-- \/ Yoast SEO plugin. -->","yoast_head_json":{"title":"At f\u00e5 et B2-visum til en italiener, der rejser til USA - USA B2","description":"Hvis du er italiener og gerne vil rejse til USA, kan du f\u00e5 et B2-visum til turist- eller forretningsrejser.","robots":{"index":"index","follow":"follow","max-snippet":"max-snippet:-1","max-image-preview":"max-image-preview:large","max-video-preview":"max-video-preview:-1"},"canonical":"https:\/\/usa-b2.com\/da\/b2-visum-til-italiener\/","og_locale":"da_DK","og_type":"article","og_title":"At f\u00e5 et B2-visum til en italiener, der rejser til USA - USA B2","og_description":"Hvis du er italiener og gerne vil rejse til USA, kan du f\u00e5 et B2-visum til turist- eller forretningsrejser.","og_url":"https:\/\/usa-b2.com\/da\/b2-visum-til-italiener\/","og_site_name":"USA B2","article_modified_time":"2025-10-13T13:53:03+00:00","twitter_card":"summary_large_image","twitter_misc":{"Estimeret l\u00e6setid":"2 minutter"},"schema":{"@context":"https:\/\/schema.org","@graph":[{"@type":["WebPage","FAQPage"],"@id":"https:\/\/usa-b2.com\/da\/b2-visum-til-italiener\/","url":"https:\/\/usa-b2.com\/da\/b2-visum-til-italiener\/","name":"At f\u00e5 et B2-visum til en italiener, der rejser til USA - USA B2","isPartOf":{"@id":"https:\/\/usa-b2.com\/da\/#website"},"datePublished":"2025-05-23T09:31:31+00:00","dateModified":"2025-10-13T13:53:03+00:00","description":"Hvis du er italiener og gerne vil rejse til USA, kan du f\u00e5 et B2-visum til turist- eller forretningsrejser.","breadcrumb":{"@id":"https:\/\/usa-b2.com\/da\/b2-visum-til-italiener\/#breadcrumb"},"mainEntity":[{"@id":"https:\/\/usa-b2.com\/da\/b2-visum-til-italiener\/#faq-question-1747998967682"},{"@id":"https:\/\/usa-b2.com\/da\/b2-visum-til-italiener\/#faq-question-1747998984062"},{"@id":"https:\/\/usa-b2.com\/da\/b2-visum-til-italiener\/#faq-question-1747998994557"}],"inLanguage":"da-DK","potentialAction":[{"@type":"ReadAction","target":["https:\/\/usa-b2.com\/da\/b2-visum-til-italiener\/"]}]},{"@type":"BreadcrumbList","@id":"https:\/\/usa-b2.com\/da\/b2-visum-til-italiener\/#breadcrumb","itemListElement":[{"@type":"ListItem","position":1,"name":"Accueil","item":"https:\/\/usa-b2.com\/da\/usa\/"},{"@type":"ListItem","position":2,"name":"At f\u00e5 et B2-visum til en italiener, der rejser til USA"}]},{"@type":"WebSite","@id":"https:\/\/usa-b2.com\/da\/#website","url":"https:\/\/usa-b2.com\/da\/","name":"USA B2 VISA","description":"","potentialAction":[{"@type":"SearchAction","target":{"@type":"EntryPoint","urlTemplate":"https:\/\/usa-b2.com\/da\/?s={search_term_string}"},"query-input":{"@type":"PropertyValueSpecification","valueRequired":true,"valueName":"search_term_string"}}],"inLanguage":"da-DK"},{"@type":"Question","@id":"https:\/\/usa-b2.com\/da\/b2-visum-til-italiener\/#faq-question-1747998967682","position":1,"url":"https:\/\/usa-b2.com\/da\/b2-visum-til-italiener\/#faq-question-1747998967682","name":"Hvor l\u00e6nge er et B2-visum gyldigt?","answerCount":1,"acceptedAnswer":{"@type":"Answer","text":"Visummet er gyldigt <strong>i op til 10 \u00e5r<\/strong>, men hvert ophold <strong>er begr\u00e6nset til maksimalt 6 m\u00e5neder.<\/strong>","inLanguage":"da-DK"},"inLanguage":"da-DK"},{"@type":"Question","@id":"https:\/\/usa-b2.com\/da\/b2-visum-til-italiener\/#faq-question-1747998984062","position":2,"url":"https:\/\/usa-b2.com\/da\/b2-visum-til-italiener\/#faq-question-1747998984062","name":"Kan jeg forl\u00e6nge mit B2-visum i USA?","answerCount":1,"acceptedAnswer":{"@type":"Answer","text":"Ja, det er muligt at <strong>anmode om forl\u00e6ngelse<\/strong> fra USA, men det skal begrundes.","inLanguage":"da-DK"},"inLanguage":"da-DK"},{"@type":"Question","@id":"https:\/\/usa-b2.com\/da\/b2-visum-til-italiener\/#faq-question-1747998994557","position":3,"url":"https:\/\/usa-b2.com\/da\/b2-visum-til-italiener\/#faq-question-1747998994557","name":"Er det sikrere at ans\u00f8ge om et B2-visum i stedet for ESTA?","answerCount":1,"acceptedAnswer":{"@type":"Answer","text":"Ja, is\u00e6r hvis du har f\u00e5et afslag, eller hvis du \u00f8nsker at <strong>undg\u00e5 enhver risiko for afslag<\/strong>.","inLanguage":"da-DK"},"inLanguage":"da-DK"}]}},"_links":{"self":[{"href":"https:\/\/usa-b2.com\/da\/wp-json\/wp\/v2\/pages\/9124","targetHints":{"allow":["GET"]}}],"collection":[{"href":"https:\/\/usa-b2.com\/da\/wp-json\/wp\/v2\/pages"}],"about":[{"href":"https:\/\/usa-b2.com\/da\/wp-json\/wp\/v2\/types\/page"}],"author":[{"embeddable":true,"href":"https:\/\/usa-b2.com\/da\/wp-json\/wp\/v2\/users\/1"}],"replies":[{"embeddable":true,"href":"https:\/\/usa-b2.com\/da\/wp-json\/wp\/v2\/comments?post=9124"}],"version-history":[{"count":2,"href":"https:\/\/usa-b2.com\/da\/wp-json\/wp\/v2\/pages\/9124\/revisions"}],"predecessor-version":[{"id":10164,"href":"https:\/\/usa-b2.com\/da\/wp-json\/wp\/v2\/pages\/9124\/revisions\/10164"}],"wp:attachment":[{"href":"https:\/\/usa-b2.com\/da\/wp-json\/wp\/v2\/media?parent=9124"}],"curies":[{"name":"wp","href":"https:\/\/api.w.org\/{rel}","templated":true}]}}